{"id":5660,"date":"2023-12-15T01:15:32","date_gmt":"2023-12-14T23:15:32","guid":{"rendered":"https:\/\/snow-alligator-195314.hostingersite.com\/?post_type=product&#038;p=5660"},"modified":"2025-06-14T01:24:43","modified_gmt":"2025-06-13T23:24:43","slug":"magic-ball","status":"publish","type":"product","link":"https:\/\/buying-fever.com\/sv\/produkt\/magisk-boll\/","title":{"rendered":"Magisk boll"},"content":{"rendered":"<div data-elementor-type=\"product-post\" data-elementor-id=\"5660\" class=\"elementor elementor-5660\" data-elementor-post-type=\"product\">\n\t\t\t\t<div class=\"elementor-element elementor-element-31944fca e-flex e-con-boxed e-con e-parent\" data-id=\"31944fca\" data-element_type=\"container\" data-e-type=\"container\">\n\t\t\t\t\t<div class=\"e-con-inner\">\n\t\t\t\t<div class=\"elementor-element elementor-element-74362f6d elementor-widget elementor-widget-heading\" data-id=\"74362f6d\" data-element_type=\"widget\" data-e-type=\"widget\" data-widget_type=\"heading.default\">\n\t\t\t\t<div class=\"elementor-widget-container\">\n\t\t\t\t\t<h2 class=\"elementor-heading-title elementor-size-default\">Den enda kulan som kommer tillbaka till dig!<\/h2>\t\t\t\t<\/div>\n\t\t\t\t<\/div>\n\t\t\t\t<div class=\"elementor-element elementor-element-f65ac91 elementor-widget elementor-widget-text-editor\" data-id=\"f65ac91\" data-element_type=\"widget\" data-e-type=\"widget\" data-widget_type=\"text-editor.default\">\n\t\t\t\t<div class=\"elementor-widget-container\">\n\t\t\t\t\t\t\t\t\t<p>The Magic Ball revolutionerar underh\u00e5llningsv\u00e4rlden med sin unika f\u00f6rm\u00e5ga att flyga som en dr\u00f6nare samtidigt som den p\u00e5 magiskt s\u00e4tt \u00e5terv\u00e4nder till sin avs\u00e4ndare.<\/p><p>Dot\u00e9e d&rsquo;h\u00e9lices discr\u00e8tes, cette balle volante offre des heures de plaisir interactif, que vous jouiez seul ou en groupe.<\/p>\t\t\t\t\t\t\t\t<\/div>\n\t\t\t\t<\/div>\n\t\t\t\t<div class=\"elementor-element elementor-element-52b1d67c elementor-widget elementor-widget-image\" data-id=\"52b1d67c\" data-element_type=\"widget\" data-e-type=\"widget\" data-widget_type=\"image.default\">\n\t\t\t\t<div class=\"elementor-widget-container\">\n\t\t\t\t\t\t\t\t\t\t\t\t\t\t\t<img fetchpriority=\"high\" decoding=\"async\" width=\"540\" height=\"360\" src=\"https:\/\/buying-fever.com\/wp-content\/uploads\/2023\/12\/sans-titre.gif\" class=\"attachment-full size-full wp-image-5669\" alt=\"magisk boll\" \/>\t\t\t\t\t\t\t\t\t\t\t\t\t\t\t<\/div>\n\t\t\t\t<\/div>\n\t\t\t\t<div class=\"elementor-element elementor-element-1c92abb0 elementor-widget elementor-widget-heading\" data-id=\"1c92abb0\" data-element_type=\"widget\" data-e-type=\"widget\" data-widget_type=\"heading.default\">\n\t\t\t\t<div class=\"elementor-widget-container\">\n\t\t\t\t\t<h3 class=\"elementor-heading-title elementor-size-default\">Timmar av kul ensam eller tillsammans med andra!<\/h3>\t\t\t\t<\/div>\n\t\t\t\t<\/div>\n\t\t\t\t\t<\/div>\n\t\t\t\t<\/div>\n\t\t<div class=\"elementor-element elementor-element-7fd871a3 e-flex e-con-boxed e-con e-parent\" data-id=\"7fd871a3\" data-element_type=\"container\" data-e-type=\"container\">\n\t\t\t\t\t<div class=\"e-con-inner\">\n\t\t<div class=\"elementor-element elementor-element-7960381a e-con-full e-flex e-con e-child\" data-id=\"7960381a\" data-element_type=\"container\" data-e-type=\"container\">\n\t\t\t\t<div class=\"elementor-element elementor-element-6f32f5f9 elementor-hidden-desktop elementor-hidden-tablet elementor-widget elementor-widget-image\" data-id=\"6f32f5f9\" data-element_type=\"widget\" data-e-type=\"widget\" data-widget_type=\"image.default\">\n\t\t\t\t<div class=\"elementor-widget-container\">\n\t\t\t\t\t\t\t\t\t\t\t\t\t\t\t<img decoding=\"async\" width=\"540\" height=\"960\" src=\"https:\/\/buying-fever.com\/wp-content\/uploads\/2023\/12\/sans-titre-2.gif\" class=\"attachment-full size-full wp-image-5670\" alt=\"magisk boll\" \/>\t\t\t\t\t\t\t\t\t\t\t\t\t\t\t<\/div>\n\t\t\t\t<\/div>\n\t\t\t\t<div class=\"elementor-element elementor-element-73d7d0e2 elementor-widget elementor-widget-heading\" data-id=\"73d7d0e2\" data-element_type=\"widget\" data-e-type=\"widget\" data-widget_type=\"heading.default\">\n\t\t\t\t<div class=\"elementor-widget-container\">\n\t\t\t\t\t<h2 class=\"elementor-heading-title elementor-size-default\">Intelligent flygteknik<\/h2>\t\t\t\t<\/div>\n\t\t\t\t<\/div>\n\t\t\t\t<div class=\"elementor-element elementor-element-74304cee elementor-widget elementor-widget-text-editor\" data-id=\"74304cee\" data-element_type=\"widget\" data-e-type=\"widget\" data-widget_type=\"text-editor.default\">\n\t\t\t\t<div class=\"elementor-widget-container\">\n\t\t\t\t\t\t\t\t\t<p>Magic Ball anv\u00e4nder avancerad stabiliserad flygteknik f\u00f6r mjuka, exakta r\u00f6relser<\/p>\t\t\t\t\t\t\t\t<\/div>\n\t\t\t\t<\/div>\n\t\t\t\t<div class=\"elementor-element elementor-element-51954d6 elementor-widget elementor-widget-heading\" data-id=\"51954d6\" data-element_type=\"widget\" data-e-type=\"widget\" data-widget_type=\"heading.default\">\n\t\t\t\t<div class=\"elementor-widget-container\">\n\t\t\t\t\t<h2 class=\"elementor-heading-title elementor-size-default\">Automatisk retur<\/h2>\t\t\t\t<\/div>\n\t\t\t\t<\/div>\n\t\t\t\t<div class=\"elementor-element elementor-element-870d021 elementor-widget elementor-widget-text-editor\" data-id=\"870d021\" data-element_type=\"widget\" data-e-type=\"widget\" data-widget_type=\"text-editor.default\">\n\t\t\t\t<div class=\"elementor-widget-container\">\n\t\t\t\t\t\t\t\t\t<p>Kasta den och se den \u00e5terv\u00e4nda till dig p\u00e5 ett magiskt s\u00e4tt, vilket ger en touch av magi till varje spel<\/p>\t\t\t\t\t\t\t\t<\/div>\n\t\t\t\t<\/div>\n\t\t\t\t<div class=\"elementor-element elementor-element-648e42f elementor-widget elementor-widget-heading\" data-id=\"648e42f\" data-element_type=\"widget\" data-e-type=\"widget\" data-widget_type=\"heading.default\">\n\t\t\t\t<div class=\"elementor-widget-container\">\n\t\t\t\t\t<h2 class=\"elementor-heading-title elementor-size-default\">Kul att anv\u00e4nda<\/h2>\t\t\t\t<\/div>\n\t\t\t\t<\/div>\n\t\t\t\t<div class=\"elementor-element elementor-element-f7c966b elementor-widget elementor-widget-text-editor\" data-id=\"f7c966b\" data-element_type=\"widget\" data-e-type=\"widget\" data-widget_type=\"text-editor.default\">\n\t\t\t\t<div class=\"elementor-widget-container\">\n\t\t\t\t\t\t\t\t\t<p>Idealisk f\u00f6r spel inomhus eller utomhus <strong>Magisk boll<\/strong> garanterar stunder av skratt och underh\u00e5llning.<\/p>\t\t\t\t\t\t\t\t<\/div>\n\t\t\t\t<\/div>\n\t\t\t\t<div class=\"elementor-element elementor-element-cb58286 elementor-widget elementor-widget-heading\" data-id=\"cb58286\" data-element_type=\"widget\" data-e-type=\"widget\" data-widget_type=\"heading.default\">\n\t\t\t\t<div class=\"elementor-widget-container\">\n\t\t\t\t\t<h2 class=\"elementor-heading-title elementor-size-default\">F\u00f6reslagna anv\u00e4ndningsomr\u00e5den:<\/h2>\t\t\t\t<\/div>\n\t\t\t\t<\/div>\n\t\t\t\t<div class=\"elementor-element elementor-element-42926e2 elementor-widget elementor-widget-text-editor\" data-id=\"42926e2\" data-element_type=\"widget\" data-e-type=\"widget\" data-widget_type=\"text-editor.default\">\n\t\t\t\t<div class=\"elementor-widget-container\">\n\t\t\t\t\t\t\t\t\t<ul><li><strong>Solospel:<\/strong> Testa dina f\u00e4rdigheter genom att kontrollera den magiska bollen i olika utrymmen.<\/li><li><strong>Gruppspel:<\/strong> Organisera v\u00e4nskapliga t\u00e4vlingar genom att kasta den magiska bollen mellan v\u00e4nner eller familj.<\/li><li><strong>Originalpresent:<\/strong> Ge den magiska bollen som en unik och rolig present f\u00f6r alla tillf\u00e4llen.<\/li><\/ul>\t\t\t\t\t\t\t\t<\/div>\n\t\t\t\t<\/div>\n\t\t\t\t<\/div>\n\t\t<div class=\"elementor-element elementor-element-7de759b3 e-con-full e-flex e-con e-child\" data-id=\"7de759b3\" data-element_type=\"container\" data-e-type=\"container\">\n\t\t\t\t<div class=\"elementor-element elementor-element-24b496e9 elementor-hidden-mobile elementor-widget elementor-widget-image\" data-id=\"24b496e9\" data-element_type=\"widget\" data-e-type=\"widget\" data-widget_type=\"image.default\">\n\t\t\t\t<div class=\"elementor-widget-container\">\n\t\t\t\t\t\t\t\t\t\t\t\t\t\t\t<img decoding=\"async\" width=\"540\" height=\"960\" src=\"https:\/\/buying-fever.com\/wp-content\/uploads\/2023\/12\/sans-titre-2.gif\" class=\"attachment-full size-full wp-image-5670\" alt=\"magisk boll\" \/>\t\t\t\t\t\t\t\t\t\t\t\t\t\t\t<\/div>\n\t\t\t\t<\/div>\n\t\t\t\t<\/div>\n\t\t\t\t\t<\/div>\n\t\t\t\t<\/div>\n\t\t<div class=\"elementor-element elementor-element-41ab5a3a e-flex e-con-boxed e-con e-parent\" data-id=\"41ab5a3a\" data-element_type=\"container\" data-e-type=\"container\">\n\t\t\t\t\t<div class=\"e-con-inner\">\n\t\t\t\t<div class=\"elementor-element elementor-element-6dc5c4bb elementor-widget elementor-widget-text-editor\" data-id=\"6dc5c4bb\" data-element_type=\"widget\" data-e-type=\"widget\" data-widget_type=\"text-editor.default\">\n\t\t\t\t<div class=\"elementor-widget-container\">\n\t\t\t\t\t\t\t\t\t<p><span style=\"text-decoration: underline;\"><strong>Funktioner :<\/strong><\/span><\/p><ul><li>Material: Plast \/ Metall<\/li><li><span style=\"font-size: 16px;\">Certifiering: CE<\/span><\/li><\/ul><div class=\"detailmodule_html\"><div class=\"detail-desc-decorate-richtext\">\u00a0<\/div><\/div>\t\t\t\t\t\t\t\t<\/div>\n\t\t\t\t<\/div>\n\t\t\t\t\t<\/div>\n\t\t\t\t<\/div>\n\t\t<div class=\"elementor-element elementor-element-420afa8e e-flex e-con-boxed e-con e-parent\" data-id=\"420afa8e\" data-element_type=\"container\" data-e-type=\"container\">\n\t\t\t\t\t<div class=\"e-con-inner\">\n\t\t<div class=\"elementor-element elementor-element-71f41e99 e-con-full e-flex e-con e-child\" data-id=\"71f41e99\" data-element_type=\"container\" data-e-type=\"container\">\n\t\t\t\t<div class=\"elementor-element elementor-element-60fff376 elementor-view-default elementor-widget elementor-widget-icon\" data-id=\"60fff376\" data-element_type=\"widget\" data-e-type=\"widget\" data-widget_type=\"icon.default\">\n\t\t\t\t<div class=\"elementor-widget-container\">\n\t\t\t\t\t\t\t<div class=\"elementor-icon-wrapper\">\n\t\t\t<div class=\"elementor-icon\">\n\t\t\t<i aria-hidden=\"true\" class=\"fas fa-truck\"><\/i>\t\t\t<\/div>\n\t\t<\/div>\n\t\t\t\t\t\t<\/div>\n\t\t\t\t<\/div>\n\t\t\t\t<div class=\"elementor-element elementor-element-5ee0a137 elementor-widget elementor-widget-text-editor\" data-id=\"5ee0a137\" data-element_type=\"widget\" data-e-type=\"widget\" data-widget_type=\"text-editor.default\">\n\t\t\t\t<div class=\"elementor-widget-container\">\n\t\t\t\t\t\t\t\t\t<p style=\"text-align: center;\">Gratis leverans \u00f6ver hela v\u00e4rlden<\/p>\t\t\t\t\t\t\t\t<\/div>\n\t\t\t\t<\/div>\n\t\t\t\t<\/div>\n\t\t<div class=\"elementor-element elementor-element-6ec2bda7 e-con-full e-flex e-con e-child\" data-id=\"6ec2bda7\" data-element_type=\"container\" data-e-type=\"container\">\n\t\t\t\t<div class=\"elementor-element elementor-element-32b97882 elementor-view-default elementor-widget elementor-widget-icon\" data-id=\"32b97882\" data-element_type=\"widget\" data-e-type=\"widget\" data-widget_type=\"icon.default\">\n\t\t\t\t<div class=\"elementor-widget-container\">\n\t\t\t\t\t\t\t<div class=\"elementor-icon-wrapper\">\n\t\t\t<div class=\"elementor-icon\">\n\t\t\t<i aria-hidden=\"true\" class=\"fas fa-user-check\"><\/i>\t\t\t<\/div>\n\t\t<\/div>\n\t\t\t\t\t\t<\/div>\n\t\t\t\t<\/div>\n\t\t\t\t<div class=\"elementor-element elementor-element-259e72ae elementor-widget elementor-widget-text-editor\" data-id=\"259e72ae\" data-element_type=\"widget\" data-e-type=\"widget\" data-widget_type=\"text-editor.default\">\n\t\t\t\t<div class=\"elementor-widget-container\">\n\t\t\t\t\t\t\t\t\t<p style=\"text-align: center;\">30 dagars pengarna tillbaka-garanti<\/p>\t\t\t\t\t\t\t\t<\/div>\n\t\t\t\t<\/div>\n\t\t\t\t<\/div>\n\t\t<div class=\"elementor-element elementor-element-4e87ab1b e-con-full e-flex e-con e-child\" data-id=\"4e87ab1b\" data-element_type=\"container\" data-e-type=\"container\">\n\t\t\t\t<div class=\"elementor-element elementor-element-626f5a54 elementor-view-default elementor-widget elementor-widget-icon\" data-id=\"626f5a54\" data-element_type=\"widget\" data-e-type=\"widget\" data-widget_type=\"icon.default\">\n\t\t\t\t<div class=\"elementor-widget-container\">\n\t\t\t\t\t\t\t<div class=\"elementor-icon-wrapper\">\n\t\t\t<div class=\"elementor-icon\">\n\t\t\t<i aria-hidden=\"true\" class=\"fas fa-lock\"><\/i>\t\t\t<\/div>\n\t\t<\/div>\n\t\t\t\t\t\t<\/div>\n\t\t\t\t<\/div>\n\t\t\t\t<div class=\"elementor-element elementor-element-21aa1aed elementor-widget elementor-widget-text-editor\" data-id=\"21aa1aed\" data-element_type=\"widget\" data-e-type=\"widget\" data-widget_type=\"text-editor.default\">\n\t\t\t\t<div class=\"elementor-widget-container\">\n\t\t\t\t\t\t\t\t\t<p style=\"text-align: center;\">S\u00e4kra betalningar via SSL<\/p>\t\t\t\t\t\t\t\t<\/div>\n\t\t\t\t<\/div>\n\t\t\t\t<\/div>\n\t\t\t\t\t<\/div>\n\t\t\t\t<\/div>\n\t\t\t\t<\/div>","protected":false},"excerpt":{"rendered":"<p>La seule balle qui revient vers vous ! La Magic Ball r\u00e9volutionne le monde du divertissement avec sa capacit\u00e9 unique \u00e0 voler comme un drone tout en revenant de mani\u00e8re magique vers son envoyeur. Dot\u00e9e d&rsquo;h\u00e9lices discr\u00e8tes, cette balle volante offre des heures de plaisir interactif, que vous jouiez seul ou en groupe. Des heures [&hellip;]<\/p>\n","protected":false},"featured_media":5652,"comment_status":"closed","ping_status":"closed","template":"","meta":{"_seopress_robots_primary_cat":"none","_seopress_titles_title":"","_seopress_titles_desc":"","_seopress_robots_index":"","site-sidebar-layout":"default","site-content-layout":"","ast-site-content-layout":"default","site-content-style":"default","site-sidebar-style":"default","ast-global-header-display":"","ast-banner-title-visibility":"","ast-main-header-display":"","ast-hfb-above-header-display":"","ast-hfb-below-header-display":"","ast-hfb-mobile-header-display":"","site-post-title":"","ast-breadcrumbs-content":"","ast-featured-img":"","footer-sml-layout":"","ast-disable-related-posts":"","theme-transparent-header-meta":"default","adv-header-id-meta":"","stick-header-meta":"default","header-above-stick-meta":"","header-main-stick-meta":"","header-below-stick-meta":"","astra-migrate-meta-layouts":"set","ast-page-background-enabled":"default","ast-page-background-meta":{"desktop":{"background-color":"","background-image":"","background-repeat":"repeat","background-position":"center center","background-size":"auto","background-attachment":"scroll","background-type":"","background-media":"","overlay-type":"","overlay-color":"","overlay-opacity":"","overlay-gradient":""},"tablet":{"background-color":"","background-image":"","background-repeat":"repeat","background-position":"center center","background-size":"auto","background-attachment":"scroll","background-type":"","background-media":"","overlay-type":"","overlay-color":"","overlay-opacity":"","overlay-gradient":""},"mobile":{"background-color":"","background-image":"","background-repeat":"repeat","background-position":"center center","background-size":"auto","background-attachment":"scroll","background-type":"","background-media":"","overlay-type":"","overlay-color":"","overlay-opacity":"","overlay-gradient":""}},"ast-content-background-meta":{"desktop":{"background-color":"var(--ast-global-color-5)","background-image":"","background-repeat":"repeat","background-position":"center center","background-size":"auto","background-attachment":"scroll","background-type":"","background-media":"","overlay-type":"","overlay-color":"","overlay-opacity":"","overlay-gradient":""},"tablet":{"background-color":"var(--ast-global-color-5)","background-image":"","background-repeat":"repeat","background-position":"center center","background-size":"auto","background-attachment":"scroll","background-type":"","background-media":"","overlay-type":"","overlay-color":"","overlay-opacity":"","overlay-gradient":""},"mobile":{"background-color":"var(--ast-global-color-5)","background-image":"","background-repeat":"repeat","background-position":"center center","background-size":"auto","background-attachment":"scroll","background-type":"","background-media":"","overlay-type":"","overlay-color":"","overlay-opacity":"","overlay-gradient":""}}},"product_brand":[],"product_cat":[42,81],"product_tag":[],"class_list":{"0":"post-5660","1":"product","2":"type-product","3":"status-publish","4":"has-post-thumbnail","6":"product_cat-cadeau","7":"product_cat-jouet","8":"desktop-align-center","9":"tablet-align-center","10":"mobile-align-center","11":"ast-product-gallery-layout-horizontal","12":"ast-magnify-disabled","13":"ast-product-single-variable","14":"ast-product-tabs-layout-horizontal","15":"ast-qv-on-image","17":"first","18":"instock","19":"shipping-taxable","20":"purchasable","21":"product-type-variable"},"bundled_by":[],"bundle_stock_status":"instock","bundle_stock_quantity":null,"bundle_virtual":false,"bundle_layout":"","bundle_add_to_cart_form_location":"","bundle_editable_in_cart":false,"bundle_sold_individually_context":"","bundle_item_grouping":"","bundle_min_size":"","bundle_max_size":"","bundle_price":[],"bundled_items":[],"bundle_sell_ids":[3061,1284],"_links":{"self":[{"href":"https:\/\/buying-fever.com\/sv\/wp-json\/wp\/v2\/product\/5660","targetHints":{"allow":["GET"]}}],"collection":[{"href":"https:\/\/buying-fever.com\/sv\/wp-json\/wp\/v2\/product"}],"about":[{"href":"https:\/\/buying-fever.com\/sv\/wp-json\/wp\/v2\/types\/product"}],"replies":[{"embeddable":true,"href":"https:\/\/buying-fever.com\/sv\/wp-json\/wp\/v2\/comments?post=5660"}],"version-history":[{"count":0,"href":"https:\/\/buying-fever.com\/sv\/wp-json\/wp\/v2\/product\/5660\/revisions"}],"wp:featuredmedia":[{"embeddable":true,"href":"https:\/\/buying-fever.com\/sv\/wp-json\/wp\/v2\/media\/5652"}],"wp:attachment":[{"href":"https:\/\/buying-fever.com\/sv\/wp-json\/wp\/v2\/media?parent=5660"}],"wp:term":[{"taxonomy":"product_brand","embeddable":true,"href":"https:\/\/buying-fever.com\/sv\/wp-json\/wp\/v2\/product_brand?post=5660"},{"taxonomy":"product_cat","embeddable":true,"href":"https:\/\/buying-fever.com\/sv\/wp-json\/wp\/v2\/product_cat?post=5660"},{"taxonomy":"product_tag","embeddable":true,"href":"https:\/\/buying-fever.com\/sv\/wp-json\/wp\/v2\/product_tag?post=5660"}],"curies":[{"name":"wp","href":"https:\/\/api.w.org\/{rel}","templated":true}]}}