{"id":1488,"date":"2023-09-05T11:01:10","date_gmt":"2023-09-05T11:01:10","guid":{"rendered":"https:\/\/snow-alligator-195314.hostingersite.com\/?post_type=product&#038;p=1488"},"modified":"2025-06-14T00:52:38","modified_gmt":"2025-06-13T22:52:38","slug":"masseur-xtreme","status":"publish","type":"product","link":"https:\/\/buying-fever.com\/sv\/produkt\/xtreme-massager\/","title":{"rendered":"Xtreme Massager \u2013 Huvud och kropp"},"content":{"rendered":"<p style=\"text-align: center;\"><strong>Uppt\u00e4ck den elektriska multifunktionsmassageapparaten f\u00f6r huvud och kropp: Din oas av daglig avkoppling!<\/strong><\/p>\n<p>&nbsp;<\/p>\n<p>K\u00e4nner du dig st\u00e4ndigt tr\u00f6tt? \u00c4r din nacke sp\u00e4nd och dina axlar tunga som om du b\u00e4r v\u00e4rldens tyngd?<\/p>\n<p>F\u00f6rest\u00e4ll dig f\u00f6r ett \u00f6gonblick att kunna <strong>sl\u00e4pp all den sp\u00e4nningen<\/strong> inom n\u00e5gra minuter, <strong>var du \u00e4n \u00e4r och n\u00e4r du vill<\/strong>. Det \u00e4r ingen dr\u00f6m, det \u00e4r verkligheten som v\u00e5r Xtreme Masseur erbjuder dig!<\/p>\n<p>&nbsp;<\/p>\n<h2><img decoding=\"async\" class=\"detail-desc-decorate-image aligncenter\" src=\"https:\/\/ae01.alicdn.com\/kf\/S14eb127e1de1471ba69b882eb72416dai.jpg\" \/><\/h2>\n<h2><\/h2>\n<h2><strong>Nyckelord<\/strong><\/h2>\n<p>&nbsp;<\/p>\n<p>\ud83d\udc4c <strong>Multifunktionell som du vill:<\/strong> Det \u00e4r inte begr\u00e4nsat till din h\u00e5rbotten! Du kan ocks\u00e5 anv\u00e4nda den f\u00f6r att massera dina axlar, nacke, rygg, armar, ben och till och med din midja. \u00c5h, och l\u00e5t oss inte gl\u00f6mma din katt!<\/p>\n<p>\ud83e\udd16 <strong>Avancerad simuleringsteknik:<\/strong> Tack vare den h\u00f6gfrekventa vibrationen och den subtila variationen av intensitet, slappna av, gl\u00f6m tr\u00f6tthet och s\u00e4g hej till en b\u00e4ttre s\u00f6mnkvalitet.<\/p>\n<p>\ud83d\udd04 <strong>6 tekniker och 3 massagel\u00e4gen:<\/strong> V\u00e4lj mellan l\u00e5g hastighet h\u00e5ll och kn\u00e5da, medium hastighet massage eller h\u00f6g hastighet h\u00e5ll och kn\u00e5da. En l\u00f6sning f\u00f6r alla!<\/p>\n<p>\ud83d\udca6 <strong>IPX7 vattent\u00e4t:<\/strong> Ta ett avkopplande bad medan du njuter av en exceptionell huvudmassage.<\/p>\n<p>\ud83c\udf40 <strong>Hudv\u00e4nliga material:<\/strong> Tillverkad av h\u00f6gkvalitativt silikon, denna massageapparat tar hand om dig utan att irritera din hud.<\/p>\n<p>\ud83d\udd0b <strong>Ut\u00f6kad autonomi:<\/strong> En enda laddning ger dig upp till 24 dagars 10 minuters daglig anv\u00e4ndning.<\/p>\n<p>\ud83d\udc5c <strong>Kompakt format:<\/strong> L\u00e4tt att b\u00e4ra, det \u00e4r din idealiska f\u00f6ljeslagare p\u00e5 jobbet, p\u00e5 aff\u00e4rsresor eller p\u00e5 semestern.<\/p>\n<p>&nbsp;<\/p>\n<p><img fetchpriority=\"high\" decoding=\"async\" class=\"wp-image-2215 size-full aligncenter\" src=\"https:\/\/buying-fever.com\/wp-content\/uploads\/2023\/09\/masseur-chat.gif\" alt=\"xtreme massageapparat f\u00f6r huvud och kropp\" width=\"440\" height=\"580\" \/><\/p>\n<h2 style=\"text-align: center;\"><strong>Varf\u00f6r kan du inte l\u00e4ngre klara dig utan Xtreme Massager?<\/strong><\/h2>\n<p>&nbsp;<\/p>\n<p>N\u00e4r vi pratar om v\u00e4lm\u00e5ende menar vi allvar. <strong>F\u00f6rvandla varje \u00f6gonblick till en of\u00f6rgl\u00f6mlig avslappningssession<\/strong>. Det \u00e4r mer \u00e4n bara en massageapparat, det \u00e4r en <strong>\u00e4kta h\u00e4lso- och h\u00e4lsoupplevelse till hands<\/strong>.<\/p>\n<p>&nbsp;<\/p>\n<p><img decoding=\"async\" class=\"detail-desc-decorate-image aligncenter\" src=\"https:\/\/ae01.alicdn.com\/kf\/S613367f448474eceb14db54410d8ff7fL.jpg\" width=\"750\" height=\"750\" \/><\/p>\n<p><span style=\"font-family: OpenSans; font-size: 20px; font-weight: 900;\">Funktioner :<\/span><\/p>\n<div class=\"detailmodule_html\">\n<div class=\"detail-desc-decorate-richtext\">\n<div class=\"detailmodule_text\">\n<p>Material: ABS+PC<br \/>\nvit f\u00e4rg<br \/>\nStorlek: 10<em>7<\/em>9 cm<br \/>\nBatterikapacitet: 1100mAh<br \/>\nProdukteffekt: 5W<br \/>\nLaddsp\u00e4nning: 5V<br \/>\nLaddstr\u00f6m: 1A<\/p>\n<hr \/>\n<p>Lista \u00f6ver f\u00f6rem\u00e5l som ing\u00e5r:<\/p>\n<p>1* Xtreme massageapparat<br \/>\n1* USB-laddningskabel<br \/>\n1* Anv\u00e4ndarmanual<\/p>\n<\/div>\n<div class=\"detailmodule_image\"><\/div>\n<\/div>\n<\/div>","protected":false},"excerpt":{"rendered":"<p>D\u00e9couvrez le Masseur Multifonction \u00c9lectrique pour T\u00eate et Corps : Votre Oasis de Relaxation Quotidienne ! &nbsp; Vous sentez-vous constamment fatigu\u00e9 ? Votre nuque est-elle tendue et vos \u00e9paules sont-elles lourdes comme si vous portiez le poids du monde ? Imaginez un instant pouvoir rel\u00e2cher toute cette tension en quelques minutes, o\u00f9 que vous soyez [&hellip;]<\/p>\n","protected":false},"featured_media":1482,"comment_status":"open","ping_status":"closed","template":"","meta":{"_seopress_robots_primary_cat":"none","_seopress_titles_title":"","_seopress_titles_desc":"","_seopress_robots_index":"","site-sidebar-layout":"default","site-content-layout":"","ast-site-content-layout":"default","site-content-style":"default","site-sidebar-style":"default","ast-global-header-display":"","ast-banner-title-visibility":"","ast-main-header-display":"","ast-hfb-above-header-display":"","ast-hfb-below-header-display":"","ast-hfb-mobile-header-display":"","site-post-title":"","ast-breadcrumbs-content":"","ast-featured-img":"","footer-sml-layout":"","ast-disable-related-posts":"","theme-transparent-header-meta":"default","adv-header-id-meta":"","stick-header-meta":"default","header-above-stick-meta":"","header-main-stick-meta":"","header-below-stick-meta":"","astra-migrate-meta-layouts":"set","ast-page-background-enabled":"default","ast-page-background-meta":{"desktop":{"background-color":"","background-image":"","background-repeat":"repeat","background-position":"center center","background-size":"auto","background-attachment":"scroll","background-type":"","background-media":"","overlay-type":"","overlay-color":"","overlay-opacity":"","overlay-gradient":""},"tablet":{"background-color":"","background-image":"","background-repeat":"repeat","background-position":"center center","background-size":"auto","background-attachment":"scroll","background-type":"","background-media":"","overlay-type":"","overlay-color":"","overlay-opacity":"","overlay-gradient":""},"mobile":{"background-color":"","background-image":"","background-repeat":"repeat","background-position":"center center","background-size":"auto","background-attachment":"scroll","background-type":"","background-media":"","overlay-type":"","overlay-color":"","overlay-opacity":"","overlay-gradient":""}},"ast-content-background-meta":{"desktop":{"background-color":"var(--ast-global-color-5)","background-image":"","background-repeat":"repeat","background-position":"center center","background-size":"auto","background-attachment":"scroll","background-type":"","background-media":"","overlay-type":"","overlay-color":"","overlay-opacity":"","overlay-gradient":""},"tablet":{"background-color":"var(--ast-global-color-5)","background-image":"","background-repeat":"repeat","background-position":"center center","background-size":"auto","background-attachment":"scroll","background-type":"","background-media":"","overlay-type":"","overlay-color":"","overlay-opacity":"","overlay-gradient":""},"mobile":{"background-color":"var(--ast-global-color-5)","background-image":"","background-repeat":"repeat","background-position":"center center","background-size":"auto","background-attachment":"scroll","background-type":"","background-media":"","overlay-type":"","overlay-color":"","overlay-opacity":"","overlay-gradient":""}}},"product_brand":[],"product_cat":[83,82],"product_tag":[],"class_list":{"0":"post-1488","1":"product","2":"type-product","3":"status-publish","4":"has-post-thumbnail","6":"product_cat-animaux","7":"product_cat-electronique","8":"desktop-align-center","9":"tablet-align-center","10":"mobile-align-center","11":"ast-product-gallery-layout-horizontal","12":"ast-magnify-disabled","13":"ast-product-tabs-layout-horizontal","14":"ast-qv-on-image","16":"first","17":"instock","18":"shipping-taxable","19":"purchasable","20":"product-type-simple"},"bundled_by":[],"bundle_stock_status":"instock","bundle_stock_quantity":null,"bundle_virtual":false,"bundle_layout":"","bundle_add_to_cart_form_location":"","bundle_editable_in_cart":false,"bundle_sold_individually_context":"","bundle_item_grouping":"","bundle_min_size":"","bundle_max_size":"","bundle_price":[],"bundled_items":[],"bundle_sell_ids":[],"_links":{"self":[{"href":"https:\/\/buying-fever.com\/sv\/wp-json\/wp\/v2\/product\/1488","targetHints":{"allow":["GET"]}}],"collection":[{"href":"https:\/\/buying-fever.com\/sv\/wp-json\/wp\/v2\/product"}],"about":[{"href":"https:\/\/buying-fever.com\/sv\/wp-json\/wp\/v2\/types\/product"}],"replies":[{"embeddable":true,"href":"https:\/\/buying-fever.com\/sv\/wp-json\/wp\/v2\/comments?post=1488"}],"version-history":[{"count":0,"href":"https:\/\/buying-fever.com\/sv\/wp-json\/wp\/v2\/product\/1488\/revisions"}],"wp:featuredmedia":[{"embeddable":true,"href":"https:\/\/buying-fever.com\/sv\/wp-json\/wp\/v2\/media\/1482"}],"wp:attachment":[{"href":"https:\/\/buying-fever.com\/sv\/wp-json\/wp\/v2\/media?parent=1488"}],"wp:term":[{"taxonomy":"product_brand","embeddable":true,"href":"https:\/\/buying-fever.com\/sv\/wp-json\/wp\/v2\/product_brand?post=1488"},{"taxonomy":"product_cat","embeddable":true,"href":"https:\/\/buying-fever.com\/sv\/wp-json\/wp\/v2\/product_cat?post=1488"},{"taxonomy":"product_tag","embeddable":true,"href":"https:\/\/buying-fever.com\/sv\/wp-json\/wp\/v2\/product_tag?post=1488"}],"curies":[{"name":"wp","href":"https:\/\/api.w.org\/{rel}","templated":true}]}}