{"id":1284,"date":"2023-08-20T21:19:44","date_gmt":"2023-08-20T21:19:44","guid":{"rendered":"https:\/\/snow-alligator-195314.hostingersite.com\/?post_type=product&#038;p=1284"},"modified":"2025-06-14T00:52:39","modified_gmt":"2025-06-13T22:52:39","slug":"boutons-de-communication-pour-chien","status":"publish","type":"product","link":"https:\/\/buying-fever.com\/sv\/produkt\/kommunikationsknappar-for-hundar\/","title":{"rendered":"Hund kommunikationsknappar"},"content":{"rendered":"<h2 style=\"text-align: center;\">Uttryck dig, vovve!<\/h2>\n<h2 style=\"text-align: center;\">L\u00e5t din hund ber\u00e4tta vad den vill.<\/h2>\n<p>&nbsp;<\/p>\n<p>Ge din b\u00e4sta v\u00e4n en r\u00f6st med v\u00e5ra hundkommunikationsknappar. Speciellt utformade f\u00f6r att m\u00f6jligg\u00f6ra mer intuitiv interaktion mellan dig och ditt husdjur, dessa knappar \u00e4r idealiska f\u00f6r ett harmoniskt samliv.<\/p>\n<p>&nbsp;<\/p>\n<ul>\n<li><strong>Enkel r\u00f6stinspelning<\/strong> : Tack vare en inbyggd mikrofon kan du spela in ett ord eller en fras f\u00f6r varje knapp.<\/li>\n<li><strong>Uppladdningsbar<\/strong> : Vi \u00e4r de enda p\u00e5 marknaden som erbjuder en helt uppladdningsbar modell. S\u00e4g adj\u00f6 till batterier och hej till ekologi!<\/li>\n<li><strong>Robust &amp; h\u00e5llbar<\/strong> : Designad f\u00f6r att t\u00e5la ot\u00e5liga tassar och upprepade tryck. V\u00e5ra knappar \u00e4r byggda f\u00f6r att h\u00e5lla.<\/li>\n<li><strong>Ergonomisk design<\/strong> : L\u00e4mplig f\u00f6r tassar i alla storlekar, fr\u00e5n chihuahua till sch\u00e4fer.<\/li>\n<li><strong>Enkel anv\u00e4ndning<\/strong> : Associera en \u00e5tg\u00e4rd med varje inspelad knapp och se din hund uttrycka sig som aldrig f\u00f6rr!<\/li>\n<\/ul>\n<h3><\/h3>\n<h3><strong>F\u00f6rdelar:<\/strong><\/h3>\n<p>&nbsp;<\/p>\n<ol>\n<li><strong>Ekologisk<\/strong> : Minska ditt koldioxidavtryck genom att v\u00e4lja en uppladdningsbar modell.<\/li>\n<li><strong>Ekonomisk<\/strong> : Inga fler upprepade k\u00f6p av batterier. Spara pengar p\u00e5 l\u00e5ng sikt!<\/li>\n<li><strong>F\u00f6rst\u00e4rkt interaktivitet<\/strong> : St\u00e4rk ditt band med ditt husdjur genom att f\u00f6rst\u00e5 dem b\u00e4ttre och svara p\u00e5 deras behov snabbare.<\/li>\n<\/ol>\n<blockquote><p>&nbsp;<\/p>\n<p style=\"text-align: center;\"><em>&quot;Jag trodde aldrig att Max kunde &quot;prata&quot; med mig. Det \u00e4r fascinerande att se hur <\/em><\/p>\n<p style=\"text-align: center;\"><em>han f\u00f6rstod snabbt hur knapparna fungerade. Nu &quot;ber\u00e4ttar&quot; han n\u00e4r han \u00e4r hungrig, n\u00e4r han <\/em><\/p>\n<p style=\"text-align: center;\"><em>vill g\u00e5 ut eller bara n\u00e4r han vill spela \u00bb<\/em><\/p>\n<p style=\"text-align: center;\"><strong>Stephanie<\/strong><\/p>\n<p>&nbsp;<\/p>\n<p style=\"text-align: center;\"><em>&quot;Sedan jag anv\u00e4nde dessa knappar med min hund har v\u00e5r kommunikation gjort det <\/em><\/p>\n<p style=\"text-align: center;\"><em>n\u00e5tt en helt ny niv\u00e5. Hon &quot;ropar&quot; mig f\u00f6r hennes promenader och till och med f\u00f6r hennes gos. <\/em><\/p>\n<p style=\"text-align: center;\"><em>Det \u00e4r r\u00f6rande att se hur villig hon \u00e4r att uttrycka sig och <\/em><\/p>\n<p style=\"text-align: center;\"><em>hur mycket dessa knappar har berikat v\u00e5ra dagliga liv tillsammans&quot;<\/em><\/p>\n<p style=\"text-align: center;\"><strong>Isabelle<\/strong><\/p>\n<\/blockquote>\n<h3 style=\"text-align: center;\"><strong>Best\u00e4ll idag<\/strong> och erbjuda en ny<\/h3>\n<h3 style=\"text-align: center;\">dimension till din relation med din trogna f\u00f6ljeslagare!<\/h3>","protected":false},"excerpt":{"rendered":"<p>Exprimez-vous, toutou ! Permettez \u00e0 votre chien de vous dire ce qu&rsquo;il souhaite. &nbsp; Offrez une voix \u00e0 votre meilleur ami avec nos boutons de communication pour chien. Con\u00e7us sp\u00e9cialement pour permettre une interaction plus intuitive entre vous et votre animal de compagnie, ces boutons sont id\u00e9aux pour une cohabitation harmonieuse. &nbsp; Enregistrement Vocal Facile [&hellip;]<\/p>\n","protected":false},"featured_media":1287,"comment_status":"open","ping_status":"closed","template":"","meta":{"_seopress_robots_primary_cat":"none","_seopress_titles_title":"","_seopress_titles_desc":"","_seopress_robots_index":"","site-sidebar-layout":"default","site-content-layout":"default","ast-site-content-layout":"default","site-content-style":"default","site-sidebar-style":"default","ast-global-header-display":"","ast-banner-title-visibility":"","ast-main-header-display":"","ast-hfb-above-header-display":"","ast-hfb-below-header-display":"","ast-hfb-mobile-header-display":"","site-post-title":"","ast-breadcrumbs-content":"","ast-featured-img":"","footer-sml-layout":"","ast-disable-related-posts":"","theme-transparent-header-meta":"default","adv-header-id-meta":"","stick-header-meta":"default","header-above-stick-meta":"","header-main-stick-meta":"","header-below-stick-meta":"","astra-migrate-meta-layouts":"set","ast-page-background-enabled":"default","ast-page-background-meta":{"desktop":{"background-color":"","background-image":"","background-repeat":"repeat","background-position":"center center","background-size":"auto","background-attachment":"scroll","background-type":"","background-media":"","overlay-type":"","overlay-color":"","overlay-opacity":"","overlay-gradient":""},"tablet":{"background-color":"","background-image":"","background-repeat":"repeat","background-position":"center center","background-size":"auto","background-attachment":"scroll","background-type":"","background-media":"","overlay-type":"","overlay-color":"","overlay-opacity":"","overlay-gradient":""},"mobile":{"background-color":"","background-image":"","background-repeat":"repeat","background-position":"center center","background-size":"auto","background-attachment":"scroll","background-type":"","background-media":"","overlay-type":"","overlay-color":"","overlay-opacity":"","overlay-gradient":""}},"ast-content-background-meta":{"desktop":{"background-color":"var(--ast-global-color-5)","background-image":"","background-repeat":"repeat","background-position":"center center","background-size":"auto","background-attachment":"scroll","background-type":"","background-media":"","overlay-type":"","overlay-color":"","overlay-opacity":"","overlay-gradient":""},"tablet":{"background-color":"var(--ast-global-color-5)","background-image":"","background-repeat":"repeat","background-position":"center center","background-size":"auto","background-attachment":"scroll","background-type":"","background-media":"","overlay-type":"","overlay-color":"","overlay-opacity":"","overlay-gradient":""},"mobile":{"background-color":"var(--ast-global-color-5)","background-image":"","background-repeat":"repeat","background-position":"center center","background-size":"auto","background-attachment":"scroll","background-type":"","background-media":"","overlay-type":"","overlay-color":"","overlay-opacity":"","overlay-gradient":""}}},"product_brand":[],"product_cat":[83],"product_tag":[],"class_list":{"0":"post-1284","1":"product","2":"type-product","3":"status-publish","4":"has-post-thumbnail","6":"product_cat-animaux","7":"desktop-align-center","8":"tablet-align-center","9":"mobile-align-center","10":"ast-product-gallery-layout-horizontal","11":"ast-magnify-disabled","12":"ast-product-tabs-layout-horizontal","13":"ast-qv-on-image","15":"first","16":"outofstock","17":"shipping-taxable","18":"purchasable","19":"product-type-simple"},"bundled_by":[],"bundle_stock_status":"outofstock","bundle_stock_quantity":null,"bundle_virtual":false,"bundle_layout":"","bundle_add_to_cart_form_location":"","bundle_editable_in_cart":false,"bundle_sold_individually_context":"","bundle_item_grouping":"","bundle_min_size":"","bundle_max_size":"","bundle_price":[],"bundled_items":[],"bundle_sell_ids":[],"_links":{"self":[{"href":"https:\/\/buying-fever.com\/sv\/wp-json\/wp\/v2\/product\/1284","targetHints":{"allow":["GET"]}}],"collection":[{"href":"https:\/\/buying-fever.com\/sv\/wp-json\/wp\/v2\/product"}],"about":[{"href":"https:\/\/buying-fever.com\/sv\/wp-json\/wp\/v2\/types\/product"}],"replies":[{"embeddable":true,"href":"https:\/\/buying-fever.com\/sv\/wp-json\/wp\/v2\/comments?post=1284"}],"version-history":[{"count":0,"href":"https:\/\/buying-fever.com\/sv\/wp-json\/wp\/v2\/product\/1284\/revisions"}],"wp:featuredmedia":[{"embeddable":true,"href":"https:\/\/buying-fever.com\/sv\/wp-json\/wp\/v2\/media\/1287"}],"wp:attachment":[{"href":"https:\/\/buying-fever.com\/sv\/wp-json\/wp\/v2\/media?parent=1284"}],"wp:term":[{"taxonomy":"product_brand","embeddable":true,"href":"https:\/\/buying-fever.com\/sv\/wp-json\/wp\/v2\/product_brand?post=1284"},{"taxonomy":"product_cat","embeddable":true,"href":"https:\/\/buying-fever.com\/sv\/wp-json\/wp\/v2\/product_cat?post=1284"},{"taxonomy":"product_tag","embeddable":true,"href":"https:\/\/buying-fever.com\/sv\/wp-json\/wp\/v2\/product_tag?post=1284"}],"curies":[{"name":"wp","href":"https:\/\/api.w.org\/{rel}","templated":true}]}}