{"id":4812,"date":"2023-10-20T13:31:56","date_gmt":"2023-10-20T11:31:56","guid":{"rendered":"https:\/\/snow-alligator-195314.hostingersite.com\/?page_id=4812"},"modified":"2023-10-20T13:36:44","modified_gmt":"2023-10-20T11:36:44","slug":"politique-de-retour","status":"publish","type":"page","link":"https:\/\/buying-fever.com\/sv\/returpolicy\/","title":{"rendered":"Returpolicy"},"content":{"rendered":"<div data-elementor-type=\"wp-page\" data-elementor-id=\"4812\" class=\"elementor elementor-4812\" data-elementor-post-type=\"page\">\n\t\t\t\t<div class=\"elementor-element elementor-element-6eabfd8e e-flex e-con-boxed e-con e-parent\" data-id=\"6eabfd8e\" data-element_type=\"container\" data-e-type=\"container\">\n\t\t\t\t\t<div class=\"e-con-inner\">\n\t\t\t\t<div class=\"elementor-element elementor-element-26a25f70 elementor-widget elementor-widget-heading\" data-id=\"26a25f70\" data-element_type=\"widget\" data-e-type=\"widget\" data-widget_type=\"heading.default\">\n\t\t\t\t<div class=\"elementor-widget-container\">\n\t\t\t\t\t<h1 class=\"elementor-heading-title elementor-size-default\">Returpolicy<\/h1>\t\t\t\t<\/div>\n\t\t\t\t<\/div>\n\t\t\t\t<div class=\"elementor-element elementor-element-f8df31c elementor-widget elementor-widget-heading\" data-id=\"f8df31c\" data-element_type=\"widget\" data-e-type=\"widget\" data-widget_type=\"heading.default\">\n\t\t\t\t<div class=\"elementor-widget-container\">\n\t\t\t\t\t<h2 class=\"elementor-heading-title elementor-size-default\">Inledning <\/h2>\t\t\t\t<\/div>\n\t\t\t\t<\/div>\n\t\t\t\t<div class=\"elementor-element elementor-element-7490e662 elementor-widget elementor-widget-heading\" data-id=\"7490e662\" data-element_type=\"widget\" data-e-type=\"widget\" data-widget_type=\"heading.default\">\n\t\t\t\t<div class=\"elementor-widget-container\">\n\t\t\t\t\t<h2 class=\"elementor-heading-title elementor-size-default\">Artikel 1 - Retur av o\u00f6ppnade f\u00f6rem\u00e5l:<\/h2>\t\t\t\t<\/div>\n\t\t\t\t<\/div>\n\t\t\t\t<div class=\"elementor-element elementor-element-156095ea elementor-widget elementor-widget-text-editor\" data-id=\"156095ea\" data-element_type=\"widget\" data-e-type=\"widget\" data-widget_type=\"text-editor.default\">\n\t\t\t\t<div class=\"elementor-widget-container\">\n\t\t\t\t\t\t\t\t\t<p>Vi accepterar endast returer p\u00e5 varor som returneras inom 14 dagar efter leverans enligt den ursprungliga sp\u00e5rningsinformationen.<\/p>\t\t\t\t\t\t\t\t<\/div>\n\t\t\t\t<\/div>\n\t\t\t\t<div class=\"elementor-element elementor-element-7ac15c9c elementor-widget elementor-widget-text-editor\" data-id=\"7ac15c9c\" data-element_type=\"widget\" data-e-type=\"widget\" data-widget_type=\"text-editor.default\">\n\t\t\t\t<div class=\"elementor-widget-container\">\n\t\t\t\t\t\t\t\t\t<p>Du kommer att st\u00e5 f\u00f6r fraktkostnaderna f\u00f6r att returnera din vara. Vi ansvarar inte f\u00f6r f\u00f6rlust eller skada som uppst\u00e5r under transporten. Du m\u00e5ste ocks\u00e5, f\u00f6r alla returer, f\u00f6rskottsbetala frakt- och f\u00f6rs\u00e4kringsavgifter (om till\u00e4mpligt).<\/p><p>Om din retur \u00e4r ber\u00e4ttigad till \u00e5terbetalning kommer \u00e5terbetalningen inte att inkludera n\u00e5gra frakt- och hanteringskostnader som kan visas p\u00e5 f\u00f6ljesedeln eller fakturan. N\u00e4r vi tar emot den returnerade produkten kommer vi att unders\u00f6ka den och meddela dig via e-post. e-post, inom en rimlig tid, om du har r\u00e4tt till \u00e5terbetalning eller utbyte.<\/p><p>Om du \u00e4r ber\u00e4ttigad till ett utbyte eller \u00e5terbetalning kommer vi att ers\u00e4tta produkten eller \u00e5terbetala k\u00f6peskillingen (beroende p\u00e5 vilken metod du ursprungligen betalade).<\/p><p>Kontaktuppgifter :<br \/>V\u00e5r webbplatsl\u00e4nk: https:\/\/snow-alligator-195314.hostingersite.com<\/p><p>Telefonnummer: +187722956001<\/p><p>E-postadress: contact@snow-alligator-195314.hostingersite.com<\/p>\t\t\t\t\t\t\t\t<\/div>\n\t\t\t\t<\/div>\n\t\t\t\t<div class=\"elementor-element elementor-element-3699e09a elementor-widget elementor-widget-heading\" data-id=\"3699e09a\" data-element_type=\"widget\" data-e-type=\"widget\" data-widget_type=\"heading.default\">\n\t\t\t\t<div class=\"elementor-widget-container\">\n\t\t\t\t\t<h2 class=\"elementor-heading-title elementor-size-default\">Artikel 2 - Utbyten<\/h2>\t\t\t\t<\/div>\n\t\t\t\t<\/div>\n\t\t\t\t<div class=\"elementor-element elementor-element-fa08263 elementor-widget elementor-widget-text-editor\" data-id=\"fa08263\" data-element_type=\"widget\" data-e-type=\"widget\" data-widget_type=\"text-editor.default\">\n\t\t\t\t<div class=\"elementor-widget-container\">\n\t\t\t\t\t\t\t\t\tVi byter endast felaktiga eller skadade varor. N\u00e4r du anser att en produkt \u00e4r defekt, v\u00e4nligen kontakta oss, inom 14 dagar efter ditt k\u00f6p, p\u00e5 telefonnummer eller e-postadress nedan och ange detaljer om produkten och defekten.\u00a0<\/span><\/span><\/p>\n<p align=\"JUSTIFY\"><span style=\"color: #000000;\"><span style=\"font-family: Times New Roman, serif;\">\u00a0<\/span><\/span><\/p>\nVi ber\u00e4ttar sedan hur du returnerar produkten.<\/span><\/span><\/p>\t\t\t\t\t\t\t\t<\/div>\n\t\t\t\t<\/div>\n\t\t\t\t<div class=\"elementor-element elementor-element-1d611294 elementor-widget elementor-widget-heading\" data-id=\"1d611294\" data-element_type=\"widget\" data-e-type=\"widget\" data-widget_type=\"heading.default\">\n\t\t\t\t<div class=\"elementor-widget-container\">\n\t\t\t\t\t<h2 class=\"elementor-heading-title elementor-size-default\">Artikel 3 - Frakt<\/h2>\t\t\t\t<\/div>\n\t\t\t\t<\/div>\n\t\t\t\t<div class=\"elementor-element elementor-element-1d7c6615 elementor-widget elementor-widget-text-editor\" data-id=\"1d7c6615\" data-element_type=\"widget\" data-e-type=\"widget\" data-widget_type=\"text-editor.default\">\n\t\t\t\t<div class=\"elementor-widget-container\">\n\t\t\t\t\t\t\t\t\t<p>I den situation d\u00e5 kunden av n\u00e5gon anledning vill returnera den produkt som k\u00f6pts p\u00e5 sajten till s\u00e4ljaren, m\u00e5ste kunden informera s\u00e4ljaren i f\u00f6rv\u00e4g, s\u00e5 att denne kan kommunicera instruktionerna som r\u00f6r produktreturen.\u00a0<\/p><p>\u00a0<\/p><p>Om kunden returnerar produkten till s\u00e4ljaren p\u00e5 eget initiativ kan s\u00e4ljaren neka paketet och inte ge n\u00e5gon \u00e5terbetalning.<\/p><p><br \/>Vi ansvarar inte f\u00f6r f\u00f6rlust eller skada som uppst\u00e5r under transporten. Om din retur \u00e4r ber\u00e4ttigad till \u00e5terbetalning, kommer din \u00e5terbetalning inte att inkludera n\u00e5gra frakt- och hanteringskostnader som kan visas p\u00e5 f\u00f6ljesedeln eller fakturan.<\/p><p>\u00a0<\/p><p>F\u00f6r att returnera eller byta varan du k\u00f6pte, v\u00e4nligen posta den, tillsammans med en kopia av ditt kvitto och all annan information om ditt k\u00f6p, till adressen som anges nedan: Omfattande byggnad (framf\u00f6r byggnad 109), Honghua Community, Yiwu City, Jinhua City, Zhejiang-provinsen \u2013 postnummer: 322000 Mottagare: zeng li hua \u2013 Nummer: 13566961583 \u2013 Kina<\/p><p>\u00a0<\/p>\t\t\t\t\t\t\t\t<\/div>\n\t\t\t\t<\/div>\n\t\t\t\t<div class=\"elementor-element elementor-element-316d9186 elementor-widget elementor-widget-heading\" data-id=\"316d9186\" data-element_type=\"widget\" data-e-type=\"widget\" data-widget_type=\"heading.default\">\n\t\t\t\t<div class=\"elementor-widget-container\">\n\t\t\t\t\t<h2 class=\"elementor-heading-title elementor-size-default\">Artikel 4 - Process<\/h2>\t\t\t\t<\/div>\n\t\t\t\t<\/div>\n\t\t\t\t<div class=\"elementor-element elementor-element-44c38b3f elementor-widget elementor-widget-text-editor\" data-id=\"44c38b3f\" data-element_type=\"widget\" data-e-type=\"widget\" data-widget_type=\"text-editor.default\">\n\t\t\t\t<div class=\"elementor-widget-container\">\n\t\t\t\t\t\t\t\t\t<p>N\u00e4r vi tar emot din vara kommer vi att unders\u00f6ka den och meddela dig via e-post, inom rimlig tid, om du \u00e4r ber\u00e4ttigad till \u00e5terbetalning eller byte.<\/p><p>\u00a0<\/p><p>Om du \u00e4r ber\u00e4ttigad till \u00e5terbetalning kommer vi att \u00e5terbetala k\u00f6peskillingen och en kredit kommer att till\u00e4mpas p\u00e5 den ursprungliga betalningsmetoden. Frakt- och hanteringsavgifter som du redan har betalat \u00e4r ej \u00e5terbetalningsbara och \u00e5terbetalda belopp inkluderar inte fraktkostnaden.<\/p><p>\u00a0<\/p><p>En period p\u00e5 h\u00f6gst 14 arbetsdagar efter mottagandet av v\u00e5rt e-postmeddelande kan f\u00f6rflyta innan \u00e5terbetalningen har mottagits.<br \/>Om du \u00e4r ber\u00e4ttigad till ett byte skickar vi en ny vara till den ursprungliga leveransadressen.<\/p>\t\t\t\t\t\t\t\t<\/div>\n\t\t\t\t<\/div>\n\t\t\t\t<div class=\"elementor-element elementor-element-2127627a elementor-widget elementor-widget-heading\" data-id=\"2127627a\" data-element_type=\"widget\" data-e-type=\"widget\" data-widget_type=\"heading.default\">\n\t\t\t\t<div class=\"elementor-widget-container\">\n\t\t\t\t\t<h2 class=\"elementor-heading-title elementor-size-default\">Artikel 5 - G\u00e5vor<\/h2>\t\t\t\t<\/div>\n\t\t\t\t<\/div>\n\t\t\t\t<div class=\"elementor-element elementor-element-507f68b5 elementor-widget elementor-widget-text-editor\" data-id=\"507f68b5\" data-element_type=\"widget\" data-e-type=\"widget\" data-widget_type=\"text-editor.default\">\n\t\t\t\t<div class=\"elementor-widget-container\">\n\t\t\t\t\t\t\t\t\t<p>Om den returnerade varan markerades som en g\u00e5va vid k\u00f6pet och skickades direkt till dig, kommer du att f\u00e5 en presentkredit motsvarande v\u00e4rdet av din retur.\u00a0<\/p><p>\u00a0<\/p><p>Om varan inte var m\u00e4rkt som en g\u00e5va vid k\u00f6pet, eller om g\u00e5vogivaren f\u00f6redrog att ta emot varan f\u00f6rst och ge den till dig senare, skickar vi en \u00e5terbetalning till g\u00e5vogivaren och han kommer att veta att du returnerade varan.<\/p>\t\t\t\t\t\t\t\t<\/div>\n\t\t\t\t<\/div>\n\t\t\t\t<div class=\"elementor-element elementor-element-148b27cf elementor-widget elementor-widget-heading\" data-id=\"148b27cf\" data-element_type=\"widget\" data-e-type=\"widget\" data-widget_type=\"heading.default\">\n\t\t\t\t<div class=\"elementor-widget-container\">\n\t\t\t\t\t<h2 class=\"elementor-heading-title elementor-size-default\">Artikel 6 - Undantag fr\u00e5n \u00e5ngerr\u00e4tten och \u00e5terbetalningen<\/h2>\t\t\t\t<\/div>\n\t\t\t\t<\/div>\n\t\t\t\t<div class=\"elementor-element elementor-element-2dac8d71 elementor-widget elementor-widget-text-editor\" data-id=\"2dac8d71\" data-element_type=\"widget\" data-e-type=\"widget\" data-widget_type=\"text-editor.default\">\n\t\t\t\t<div class=\"elementor-widget-container\">\n\t\t\t\t\t\t\t\t\t<p>Alla personliga f\u00f6rem\u00e5l gjorda p\u00e5 beg\u00e4ran i v\u00e5r produktkatalog \u00e4r inte ber\u00e4ttigade till retur och \u00e5terbetalning. Dessa f\u00f6rem\u00e5l anses inte vara \u00e5terbetalningsbara eller en del av en slutlig f\u00f6rs\u00e4ljning.\u00a0<\/p><p>\u00a0<\/p><p>Personanpassade produkter \u00e5tnjuter dock r\u00e4tten till \u00f6verensst\u00e4mmelse som definieras i v\u00e5ra allm\u00e4nna f\u00f6rs\u00e4ljningsvillkor F\u00f6retaget \u00e4r inte skyldigt att ers\u00e4tta extra kostnader om konsumenten uttryckligen har valt ett dyrare leveranss\u00e4tt \u00e4n standardleveranss\u00e4ttet som f\u00f6reslagits av yrkesmannen.<\/p>\t\t\t\t\t\t\t\t<\/div>\n\t\t\t\t<\/div>\n\t\t\t\t\t<\/div>\n\t\t\t\t<\/div>\n\t\t\t\t<\/div>","protected":false},"excerpt":{"rendered":"<p>Politique de Retour Pr\u00e9ambule Article 1 &#8211; Retour d\u2019articles non ouverts : Nous acceptons uniquement le retour des articles retourn\u00e9s dans les 14 jours suivant la livraison, tel qu&rsquo;indiqu\u00e9 par les informations de suivi d&rsquo;origine. Vous devrez assumer les frais d\u2019exp\u00e9dition li\u00e9s au retour de votre article. Nous ne sommes pas responsables des pertes ou [&hellip;]<\/p>\n","protected":false},"author":1,"featured_media":0,"parent":0,"menu_order":0,"comment_status":"closed","ping_status":"closed","template":"","meta":{"_seopress_robots_primary_cat":"","_seopress_titles_title":"","_seopress_titles_desc":"","_seopress_robots_index":"","site-sidebar-layout":"no-sidebar","site-content-layout":"page-builder","ast-site-content-layout":"full-width-container","site-content-style":"default","site-sidebar-style":"default","ast-global-header-display":"","ast-banner-title-visibility":"","ast-main-header-display":"","ast-hfb-above-header-display":"","ast-hfb-below-header-display":"","ast-hfb-mobile-header-display":"","site-post-title":"disabled","ast-breadcrumbs-content":"","ast-featured-img":"disabled","footer-sml-layout":"","ast-disable-related-posts":"","theme-transparent-header-meta":"","adv-header-id-meta":"","stick-header-meta":"","header-above-stick-meta":"","header-main-stick-meta":"","header-below-stick-meta":"","astra-migrate-meta-layouts":"set","ast-page-background-enabled":"default","ast-page-background-meta":{"desktop":{"background-color":"","background-image":"","background-repeat":"repeat","background-position":"center center","background-size":"auto","background-attachment":"scroll","background-type":"","background-media":"","overlay-type":"","overlay-color":"","overlay-opacity":"","overlay-gradient":""},"tablet":{"background-color":"","background-image":"","background-repeat":"repeat","background-position":"center center","background-size":"auto","background-attachment":"scroll","background-type":"","background-media":"","overlay-type":"","overlay-color":"","overlay-opacity":"","overlay-gradient":""},"mobile":{"background-color":"","background-image":"","background-repeat":"repeat","background-position":"center center","background-size":"auto","background-attachment":"scroll","background-type":"","background-media":"","overlay-type":"","overlay-color":"","overlay-opacity":"","overlay-gradient":""}},"ast-content-background-meta":{"desktop":{"background-color":"var(--ast-global-color-5)","background-image":"","background-repeat":"repeat","background-position":"center center","background-size":"auto","background-attachment":"scroll","background-type":"","background-media":"","overlay-type":"","overlay-color":"","overlay-opacity":"","overlay-gradient":""},"tablet":{"background-color":"var(--ast-global-color-5)","background-image":"","background-repeat":"repeat","background-position":"center center","background-size":"auto","background-attachment":"scroll","background-type":"","background-media":"","overlay-type":"","overlay-color":"","overlay-opacity":"","overlay-gradient":""},"mobile":{"background-color":"var(--ast-global-color-5)","background-image":"","background-repeat":"repeat","background-position":"center center","background-size":"auto","background-attachment":"scroll","background-type":"","background-media":"","overlay-type":"","overlay-color":"","overlay-opacity":"","overlay-gradient":""}},"footnotes":""},"class_list":["post-4812","page","type-page","status-publish","hentry"],"_links":{"self":[{"href":"https:\/\/buying-fever.com\/sv\/wp-json\/wp\/v2\/pages\/4812","targetHints":{"allow":["GET"]}}],"collection":[{"href":"https:\/\/buying-fever.com\/sv\/wp-json\/wp\/v2\/pages"}],"about":[{"href":"https:\/\/buying-fever.com\/sv\/wp-json\/wp\/v2\/types\/page"}],"author":[{"embeddable":true,"href":"https:\/\/buying-fever.com\/sv\/wp-json\/wp\/v2\/users\/1"}],"replies":[{"embeddable":true,"href":"https:\/\/buying-fever.com\/sv\/wp-json\/wp\/v2\/comments?post=4812"}],"version-history":[{"count":0,"href":"https:\/\/buying-fever.com\/sv\/wp-json\/wp\/v2\/pages\/4812\/revisions"}],"wp:attachment":[{"href":"https:\/\/buying-fever.com\/sv\/wp-json\/wp\/v2\/media?parent=4812"}],"curies":[{"name":"wp","href":"https:\/\/api.w.org\/{rel}","templated":true}]}}