{"id":1218,"date":"2023-08-13T14:07:16","date_gmt":"2023-08-13T14:07:16","guid":{"rendered":"https:\/\/snow-alligator-195314.hostingersite.com\/?page_id=1218"},"modified":"2025-04-14T00:01:06","modified_gmt":"2025-04-13T22:01:06","slug":"politique-de-confidentialite","status":"publish","type":"page","link":"https:\/\/buying-fever.com\/sv\/integritetspolicy\/","title":{"rendered":"Integritetspolicy"},"content":{"rendered":"<div data-elementor-type=\"wp-page\" data-elementor-id=\"1218\" class=\"elementor elementor-1218\" data-elementor-post-type=\"page\">\n\t\t\t\t<div class=\"elementor-element elementor-element-34f2b41 e-flex e-con-boxed e-con e-parent\" data-id=\"34f2b41\" data-element_type=\"container\" data-e-type=\"container\">\n\t\t\t\t\t<div class=\"e-con-inner\">\n\t\t\t\t<div class=\"elementor-element elementor-element-7d48753 elementor-widget elementor-widget-heading\" data-id=\"7d48753\" data-element_type=\"widget\" data-e-type=\"widget\" data-widget_type=\"heading.default\">\n\t\t\t\t<div class=\"elementor-widget-container\">\n\t\t\t\t\t<h1 class=\"elementor-heading-title elementor-size-default\">Integritetspolicy <\/h1>\t\t\t\t<\/div>\n\t\t\t\t<\/div>\n\t\t\t\t<div class=\"elementor-element elementor-element-fd0adc1 elementor-widget elementor-widget-text-editor\" data-id=\"fd0adc1\" data-element_type=\"widget\" data-e-type=\"widget\" data-widget_type=\"text-editor.default\">\n\t\t\t\t<div class=\"elementor-widget-container\">\n\t\t\t\t\t\t\t\t\t<h2 style=\"caret-color: #000000; font-style: normal; text-transform: none; font-size: 2.235294rem; font-weight: 400; line-height: 1.3em;\">Vilka \u00e4r vi ?<\/h2><p style=\"font-style: normal; font-size: 17px; margin-bottom: 0.5em; caret-color: #000000; color: #000000;\">V\u00e5r webbadress \u00e4r: https:\/\/snow-alligator-195314.hostingersite.com<\/p><p style=\"font-style: normal; font-size: 17px; margin-bottom: 0.5em; caret-color: #000000; color: #000000;\">Du kan kontakta oss p\u00e5 f\u00f6ljande e-postadress: contact@snow-alligator-195314.hostingersite.com<\/p><h2 style=\"caret-color: #000000; font-style: normal; text-transform: none; font-size: 2.235294rem; font-weight: 400; line-height: 1.3em;\">Anv\u00e4ndning av insamlade personuppgifter<\/h2><p style=\"font-style: normal; font-size: 17px; margin-bottom: 0.5em; caret-color: #000000; color: #000000;\">F\u00f6r varje best\u00e4llning eller skapande av konton samtycker du till att ta emot erbjudanden och kampanjer via e-post och\/eller telefon.<\/p><h2 style=\"caret-color: #000000; font-style: normal; text-transform: none; font-size: 2.235294rem; font-weight: 400; line-height: 1.3em;\">Kommentarer<\/h2><p style=\"font-style: normal; font-size: 17px; margin-bottom: 0.5em; caret-color: #000000; color: #000000;\">N\u00e4r du l\u00e4mnar en kommentar p\u00e5 v\u00e5r webbplats samlas uppgifterna som anges i kommentarsformul\u00e4ret, men \u00e4ven din IP-adress och anv\u00e4ndaragenten f\u00f6r din webbl\u00e4sare in f\u00f6r att hj\u00e4lpa oss att uppt\u00e4cka o\u00f6nskade kommentarer.<\/p><p style=\"font-style: normal; font-size: 17px; margin-bottom: 0.5em; caret-color: #000000; color: #000000;\">En anonymiserad str\u00e4ng skapad fr\u00e5n din e-postadress (\u00e4ven kallad en hash) kan skickas till Gravatar-tj\u00e4nsten f\u00f6r att kontrollera om du anv\u00e4nder den. Sekretessbest\u00e4mmelserna f\u00f6r Gravatar-tj\u00e4nsten finns tillg\u00e4ngliga h\u00e4r: https:\/\/automattic.com\/privacy\/. Efter validering av din kommentar kommer din profilbild att vara offentligt synlig bredvid din kommentar.<\/p><h2 style=\"caret-color: #000000; font-style: normal; text-transform: none; font-size: 2.235294rem; font-weight: 400; line-height: 1.3em;\">Media<\/h2><p style=\"font-style: normal; font-size: 17px; margin-bottom: 0.5em; caret-color: #000000; color: #000000;\">Om du \u00e4r en registrerad anv\u00e4ndare och laddar upp bilder till webbplatsen, r\u00e5der vi dig att undvika att ladda upp bilder som inneh\u00e5ller EXIF-GPS-koordinatdata. Bes\u00f6kare p\u00e5 din webbplats kan ladda ner och extrahera platsdata fr\u00e5n dessa bilder.<\/p><h2 style=\"caret-color: #000000; font-style: normal; text-transform: none; font-size: 2.235294rem; font-weight: 400; line-height: 1.3em;\">Kontaktformul\u00e4r<\/h2><p style=\"font-style: normal; font-size: 17px; margin-bottom: 0.5em; caret-color: #000000; color: #000000;\">F\u00f6r att kontakta oss, v\u00e4nligen skriv till oss p\u00e5 contact@snow-alligator-195314.hostingersite.com<\/p><h2 style=\"caret-color: #000000; font-style: normal; text-transform: none; font-size: 2.235294rem; font-weight: 400; line-height: 1.3em;\">Sm\u00e5kakor<\/h2><p style=\"font-style: normal; font-size: 17px; margin-bottom: 0.5em; caret-color: #000000; color: #000000;\">Om du l\u00e4mnar en kommentar p\u00e5 v\u00e5r sida kan du spara ditt namn, din e-postadress och din webbplats i cookies. Detta \u00e4r endast f\u00f6r din bekv\u00e4mlighet s\u00e5 att du inte beh\u00f6ver fylla i denna information om du l\u00e4mnar en annan kommentar senare. Dessa cookies upph\u00f6r att g\u00e4lla efter ett \u00e5r.<\/p><p style=\"font-style: normal; font-size: 17px; margin-bottom: 0.5em; caret-color: #000000; color: #000000;\">Om du g\u00e5r till inloggningssidan kommer en tillf\u00e4llig cookie att skapas f\u00f6r att avg\u00f6ra om din webbl\u00e4sare accepterar cookies. Den inneh\u00e5ller inga personuppgifter och kommer att raderas automatiskt n\u00e4r du st\u00e4nger din webbl\u00e4sare.<\/p><p style=\"font-style: normal; font-size: 17px; margin-bottom: 0.5em; caret-color: #000000; color: #000000;\">N\u00e4r du loggar in kommer vi att s\u00e4tta ett antal cookies f\u00f6r att spara din inloggningsinformation och sk\u00e4rminst\u00e4llningar. Livsl\u00e4ngden f\u00f6r en anslutningscookie \u00e4r tv\u00e5 dagar, den f\u00f6r en sk\u00e4rmalternativscookie \u00e4r ett \u00e5r. Om du markerar &quot;Kom ih\u00e5g mig&quot;, kommer din inloggningscookie att sparas i tv\u00e5 veckor. Om du loggar ut fr\u00e5n ditt konto kommer inloggningscookien att raderas.<\/p><p style=\"font-style: normal; font-size: 17px; margin-bottom: 0.5em; caret-color: #000000; color: #000000;\">Genom att redigera eller publicera ett inl\u00e4gg kommer ytterligare en cookie att lagras i din webbl\u00e4sare. Denna cookie inneh\u00e5ller inga personuppgifter. Det visar helt enkelt ID:t f\u00f6r inl\u00e4gget du just redigerade. Den g\u00e5r ut efter en dag.<\/p><h2 style=\"caret-color: #000000; font-style: normal; text-transform: none; font-size: 2.235294rem; font-weight: 400; line-height: 1.3em;\">Inneh\u00e5ll inb\u00e4ddat fr\u00e5n andra webbplatser<\/h2><p style=\"font-style: normal; font-size: 17px; margin-bottom: 0.5em; caret-color: #000000; color: #000000;\">Artiklar p\u00e5 denna webbplats kan inneh\u00e5lla inb\u00e4ddat inneh\u00e5ll (t.ex. videor, bilder, artiklar, etc.). Inneh\u00e5ll som \u00e4r inb\u00e4ddat fr\u00e5n andra webbplatser beter sig p\u00e5 samma s\u00e4tt som om bes\u00f6karen gick till den andra webbplatsen.<\/p><p style=\"font-style: normal; font-size: 17px; margin-bottom: 0.5em; caret-color: #000000; color: #000000;\">Dessa webbplatser kan samla in data om dig, anv\u00e4nda cookies, b\u00e4dda in sp\u00e5rningsverktyg fr\u00e5n tredje part, sp\u00e5ra dina interaktioner med detta inb\u00e4ddade inneh\u00e5ll om du har ett konto kopplat till deras webbplats.<\/p><h2 style=\"caret-color: #000000; font-style: normal; text-transform: none; font-size: 2.235294rem; font-weight: 400; line-height: 1.3em;\">Publikstatistik och m\u00e4tningar<\/h2><p style=\"font-style: normal; font-size: 17px; margin-bottom: 0.5em; caret-color: #000000; color: #000000;\">Vi anv\u00e4nder teknik, s\u00e5som cookies, f\u00f6r att anpassa inneh\u00e5ll och reklam, tillhandah\u00e5lla funktioner f\u00f6r sociala medier och analysera webbplatstrafik. Vi delar information om din anv\u00e4ndning av webbplatsen med v\u00e5ra betrodda sociala medier, reklam- och analyspartners.<\/p><p style=\"font-style: normal; font-size: 17px; margin-bottom: 0.5em; caret-color: #000000; color: #000000;\">F\u00f6r att m\u00e4ta viss statistik kopplad till olika kundresor anv\u00e4nder vi Google Analytics, du kan l\u00e4sa deras integritetspolicy p\u00e5 f\u00f6ljande adress:\u00a0<a style=\"color: #f94b71;\" href=\"https:\/\/policies.google.com\/privacy?hl=fr\">https:\/\/policies.google.com\/privacy?hl=fr<\/a>\u00a0.<\/p><p style=\"font-style: normal; font-size: 17px; margin-bottom: 0.5em; caret-color: #000000; color: #000000;\">Vi anv\u00e4nder ocks\u00e5 Facebook-pixeln, du kan l\u00e4sa deras sekretesspolicy p\u00e5 f\u00f6ljande adress:\u00a0<a style=\"color: #f94b71;\" href=\"https:\/\/www.facebook.com\/payments_terms\/privacy\">https:\/\/www.facebook.com\/payments_terms\/privacy\u00a0<\/a><\/p><h2 style=\"caret-color: #000000; font-style: normal; text-transform: none; font-size: 2.235294rem; font-weight: 400; line-height: 1.3em;\">Lagringstider f\u00f6r din data<\/h2><p style=\"font-style: normal; font-size: 17px; margin-bottom: 0.5em; caret-color: #000000; color: #000000;\">Om du l\u00e4mnar en kommentar bevaras kommentaren och dess metadata p\u00e5 obest\u00e4md tid. Detta g\u00f6r att efterf\u00f6ljande kommentarer automatiskt kan k\u00e4nnas igen och godk\u00e4nnas ist\u00e4llet f\u00f6r att l\u00e4mna dem i modereringsk\u00f6n.<\/p><p style=\"font-style: normal; font-size: 17px; margin-bottom: 0.5em; caret-color: #000000; color: #000000;\">F\u00f6r anv\u00e4ndare som registrerar sig p\u00e5 v\u00e5r webbplats (om m\u00f6jligt), lagrar vi \u00e4ven de personuppgifter som anges i deras profil. Alla anv\u00e4ndare kan se, \u00e4ndra eller radera sin personliga information n\u00e4r som helst (f\u00f6rutom deras anv\u00e4ndarnamn). Webbplatsansvariga kan ocks\u00e5 se och \u00e4ndra denna information.<\/p><h2 style=\"caret-color: #000000; font-style: normal; text-transform: none; font-size: 2.235294rem; font-weight: 400; line-height: 1.3em;\">De r\u00e4ttigheter du har \u00f6ver dina uppgifter<\/h2><p style=\"font-style: normal; font-size: 17px; margin-bottom: 0.5em; caret-color: #000000; color: #000000;\">Om du har ett konto eller har l\u00e4mnat kommentarer p\u00e5 sidan kan du beg\u00e4ra att f\u00e5 en fil som inneh\u00e5ller alla personuppgifter vi har om dig, inklusive de som du har l\u00e4mnat till oss. Du kan ocks\u00e5 beg\u00e4ra radering av personuppgifter som r\u00f6r dig. Detta tar inte h\u00e4nsyn till data som lagras f\u00f6r administrativa, juridiska eller s\u00e4kerhets\u00e4ndam\u00e5l.<\/p><h2 style=\"caret-color: #000000; font-style: normal; text-transform: none; font-size: 2.235294rem; font-weight: 400; line-height: 1.3em;\">\u00d6verf\u00f6ring av dina personuppgifter<\/h2><p style=\"font-style: normal; font-size: 17px; margin-bottom: 0.5em; caret-color: #000000; color: #000000;\">Bes\u00f6kares kommentarer kan kontrolleras med hj\u00e4lp av en automatisk tj\u00e4nst f\u00f6r att uppt\u00e4cka skr\u00e4ppostkommentarer.<\/p><h2 style=\"caret-color: #000000; font-style: normal; text-transform: none; font-size: 2.235294rem; font-weight: 400; line-height: 1.3em;\">Vad vi samlar in och lagrar<\/h2><p style=\"font-style: normal; font-size: 17px; margin-bottom: 0.5em; caret-color: #000000; color: #000000;\">Under ditt bes\u00f6k p\u00e5 webbplatsen sp\u00e5rar vi:<\/p><ul style=\"font-style: normal; font-size: 17px; list-style-position: outside; list-style-type: disc; caret-color: #000000; color: #000000;\"><li style=\"font-size: 17px;\">Produkter du har tittat p\u00e5: Vi anv\u00e4nder dem f\u00f6r att till exempel visa produkter du nyligen har sett<\/li><li style=\"font-size: 17px;\">Plats, IP-adress och webbl\u00e4sartyp: vi anv\u00e4nder dem f\u00f6r att uppskatta skatter och leveranskostnader<\/li><li style=\"font-size: 17px;\">Leveransadress: vi kommer att be dig ange den f\u00f6r att uppskatta leveranskostnaderna innan du l\u00e4gger best\u00e4llningen och f\u00f6r att skicka best\u00e4llningen till dig!<\/li><\/ul><p style=\"font-style: normal; font-size: 17px; margin-bottom: 0.5em; caret-color: #000000; color: #000000;\">Vi anv\u00e4nder cookies f\u00f6r att sp\u00e5ra kundvagnens inneh\u00e5ll n\u00e4r du navigerar p\u00e5 v\u00e5r webbplats.<\/p><p style=\"font-style: normal; font-size: 17px; margin-bottom: 0.5em; caret-color: #000000; color: #000000;\">N\u00e4r du k\u00f6per fr\u00e5n v\u00e5r webbplats kommer vi att be dig tillhandah\u00e5lla information inklusive ditt namn, faktureringsadress, leveransadress, e-postadress, telefonnummer, betalnings-\/kreditkortsuppgifter och eventuellt kontouppgifter som anv\u00e4ndarnamn och l\u00f6senord. Denna information kommer att anv\u00e4ndas f\u00f6r att:<\/p><ul style=\"font-style: normal; font-size: 17px; list-style-position: outside; list-style-type: disc; caret-color: #000000; color: #000000;\"><li style=\"font-size: 17px;\">Skickar information om ditt konto och best\u00e4llning<\/li><li style=\"font-size: 17px;\">Svara p\u00e5 f\u00f6rfr\u00e5gningar, inklusive \u00e5terbetalningar och klagom\u00e5l<\/li><li style=\"font-size: 17px;\">Betalningshantering och bedr\u00e4gerif\u00f6rebyggande<\/li><li style=\"font-size: 17px;\">Skapa ditt konto f\u00f6r v\u00e5r butik<\/li><li style=\"font-size: 17px;\">F\u00f6lj alla juridiska skyldigheter, som att ber\u00e4kna skatter<\/li><li style=\"font-size: 17px;\">F\u00f6rb\u00e4ttra v\u00e5ra butikserbjudanden<\/li><li style=\"font-size: 17px;\">Skicka marknadsf\u00f6ringsmeddelanden till dig om du v\u00e4ljer att ta emot dem<\/li><\/ul><p style=\"font-style: normal; font-size: 17px; margin-bottom: 0.5em; caret-color: #000000; color: #000000;\">Om du skapar ett konto lagrar vi ditt namn, adress, e-post och telefonnummer, som kommer att anv\u00e4ndas f\u00f6r att f\u00f6rifylla ordervalidering f\u00f6r framtida best\u00e4llningar.<\/p><p style=\"font-style: normal; font-size: 17px; margin-bottom: 0.5em; caret-color: #000000; color: #000000;\">Nous stockons g\u00e9n\u00e9ralement vos informations aussi longtemps que nous en avons besoin pour l\u2019usage pour lequel nous les collectons et utilisons, et nous ne sommes pas oblig\u00e9s l\u00e9galement de conitnuer \u00e0 les conserver. Par exemple, nous stockons les informations de commande pour 2 ann\u00e9es pour les taxes et la comptabilit\u00e9. Ceci inclut votre nom, adresse de messagerie et adresses de facturation et livraison.<\/p><p style=\"font-style: normal; font-size: 17px; margin-bottom: 0.5em; caret-color: #000000; color: #000000;\">Vi lagrar \u00e4ven kommentarer eller recensioner, om du v\u00e4ljer att skicka dem.<\/p><h2 style=\"caret-color: #000000; font-style: normal; text-transform: none; font-size: 2.235294rem; font-weight: 400; line-height: 1.3em;\">Vem i v\u00e5rt team har tillg\u00e5ng till data<\/h2><p style=\"font-style: normal; font-size: 17px; margin-bottom: 0.5em; caret-color: #000000; color: #000000;\">V\u00e5ra teammedlemmar har tillg\u00e5ng till den information du l\u00e4mnar till oss. Butiksadministrat\u00f6rer och chefer har till exempel tillg\u00e5ng till:<\/p><ul style=\"font-style: normal; font-size: 17px; list-style-position: outside; list-style-type: disc; caret-color: #000000; color: #000000;\"><li style=\"font-size: 17px;\">Best\u00e4llningsinformation som vad som k\u00f6pts, n\u00e4r och vart det ska skickas samt<\/li><li style=\"font-size: 17px;\">Kundinformation som ditt namn, e-postadress och fakturerings- och leveransinformation.<\/li><\/ul><p style=\"font-style: normal; font-size: 17px; margin-bottom: 0.5em; caret-color: #000000; color: #000000;\">V\u00e5rt team har tillg\u00e5ng till denna information f\u00f6r att behandla best\u00e4llningar, utf\u00e4rda \u00e5terbetalningar och st\u00f6dja dig.<\/p><h2 style=\"caret-color: #000000; font-style: normal; text-transform: none; font-size: 2.235294rem; font-weight: 400; line-height: 1.3em;\">Vad vi delar med andra<\/h2><p style=\"font-style: normal; font-size: 17px; margin-bottom: 0.5em; caret-color: #000000; color: #000000;\">Vi delar data med tredje part som hj\u00e4lper oss att hantera v\u00e5ra best\u00e4llningar och butikstj\u00e4nster; Stripe som \u00e4r en kreditkortsbetalningstj\u00e4nst och PayPal som \u00e4r en betalningsgateway.<\/p><h3 style=\"caret-color: #000000; font-style: normal; font-size: 1.764706rem; font-weight: 400; line-height: 1.3em;\">Betalningar<\/h3><p style=\"font-style: normal; font-size: 17px; margin-bottom: 0.5em; caret-color: #000000; color: #000000;\">Vi accepterar betalningar med PayPal och Stripe. Vid bearbetning av betalningar kommer vissa uppgifter att \u00f6verf\u00f6ras till PayPal eller Stripe, inklusive information som kr\u00e4vs f\u00f6r att slutf\u00f6ra betalningen, s\u00e5som det totala beloppet eller faktureringsinformation.<\/p><p style=\"font-style: normal; font-size: 17px; margin-bottom: 0.5em; caret-color: #000000; color: #000000;\">V\u00e4nligen l\u00e4s\u00a0<a style=\"color: #f94b71;\" href=\"https:\/\/www.paypal.com\/us\/webapps\/mpp\/ua\/privacy-full\">PayPals sekretesspolicy<\/a>\u00a0f\u00f6r mer detaljer.<\/p><p style=\"font-style: normal; font-size: 17px; margin-bottom: 0.5em; caret-color: #000000; color: #000000;\">V\u00e4nligen l\u00e4s\u00a0<a style=\"color: #f94b71;\" href=\"https:\/\/stripe.com\/fr\/privacy\">Stripes integritetspolicy<\/a>\u00a0f\u00f6r mer detaljer.<\/p>\t\t\t\t\t\t\t\t<\/div>\n\t\t\t\t<\/div>\n\t\t\t\t\t<\/div>\n\t\t\t\t<\/div>\n\t\t\t\t<\/div>","protected":false},"excerpt":{"rendered":"<p>Politique de Confidentialit\u00e9 Qui sommes-nous\u00a0? L\u2019adresse de notre site Web est : https:\/\/snow-alligator-195314.hostingersite.com Vous pouvez nous contacter \u00e0 l\u2019adresse email suivante : contact@snow-alligator-195314.hostingersite.com Utilisation des donn\u00e9es personnelles collect\u00e9es Pour toute commande effectu\u00e9e ou toute cr\u00e9ation de compte, vous acceptez de recevoir des offres et promotions par email et\/ou par t\u00e9l\u00e9phone. Commentaires Quand vous laissez un [&hellip;]<\/p>\n","protected":false},"author":1,"featured_media":0,"parent":0,"menu_order":0,"comment_status":"closed","ping_status":"closed","template":"","meta":{"_seopress_robots_primary_cat":"","_seopress_titles_title":"","_seopress_titles_desc":"","_seopress_robots_index":"","site-sidebar-layout":"no-sidebar","site-content-layout":"page-builder","ast-site-content-layout":"default","site-content-style":"default","site-sidebar-style":"default","ast-global-header-display":"","ast-banner-title-visibility":"","ast-main-header-display":"","ast-hfb-above-header-display":"","ast-hfb-below-header-display":"","ast-hfb-mobile-header-display":"","site-post-title":"disabled","ast-breadcrumbs-content":"","ast-featured-img":"disabled","footer-sml-layout":"","ast-disable-related-posts":"","theme-transparent-header-meta":"","adv-header-id-meta":"","stick-header-meta":"","header-above-stick-meta":"","header-main-stick-meta":"","header-below-stick-meta":"","astra-migrate-meta-layouts":"default","ast-page-background-enabled":"default","ast-page-background-meta":{"desktop":{"background-color":"","background-image":"","background-repeat":"repeat","background-position":"center center","background-size":"auto","background-attachment":"scroll","background-type":"","background-media":"","overlay-type":"","overlay-color":"","overlay-opacity":"","overlay-gradient":""},"tablet":{"background-color":"","background-image":"","background-repeat":"repeat","background-position":"center center","background-size":"auto","background-attachment":"scroll","background-type":"","background-media":"","overlay-type":"","overlay-color":"","overlay-opacity":"","overlay-gradient":""},"mobile":{"background-color":"","background-image":"","background-repeat":"repeat","background-position":"center center","background-size":"auto","background-attachment":"scroll","background-type":"","background-media":"","overlay-type":"","overlay-color":"","overlay-opacity":"","overlay-gradient":""}},"ast-content-background-meta":{"desktop":{"background-color":"var(--ast-global-color-5)","background-image":"","background-repeat":"repeat","background-position":"center center","background-size":"auto","background-attachment":"scroll","background-type":"","background-media":"","overlay-type":"","overlay-color":"","overlay-opacity":"","overlay-gradient":""},"tablet":{"background-color":"var(--ast-global-color-5)","background-image":"","background-repeat":"repeat","background-position":"center center","background-size":"auto","background-attachment":"scroll","background-type":"","background-media":"","overlay-type":"","overlay-color":"","overlay-opacity":"","overlay-gradient":""},"mobile":{"background-color":"var(--ast-global-color-5)","background-image":"","background-repeat":"repeat","background-position":"center center","background-size":"auto","background-attachment":"scroll","background-type":"","background-media":"","overlay-type":"","overlay-color":"","overlay-opacity":"","overlay-gradient":""}},"footnotes":""},"class_list":["post-1218","page","type-page","status-publish","hentry"],"_links":{"self":[{"href":"https:\/\/buying-fever.com\/sv\/wp-json\/wp\/v2\/pages\/1218","targetHints":{"allow":["GET"]}}],"collection":[{"href":"https:\/\/buying-fever.com\/sv\/wp-json\/wp\/v2\/pages"}],"about":[{"href":"https:\/\/buying-fever.com\/sv\/wp-json\/wp\/v2\/types\/page"}],"author":[{"embeddable":true,"href":"https:\/\/buying-fever.com\/sv\/wp-json\/wp\/v2\/users\/1"}],"replies":[{"embeddable":true,"href":"https:\/\/buying-fever.com\/sv\/wp-json\/wp\/v2\/comments?post=1218"}],"version-history":[{"count":0,"href":"https:\/\/buying-fever.com\/sv\/wp-json\/wp\/v2\/pages\/1218\/revisions"}],"wp:attachment":[{"href":"https:\/\/buying-fever.com\/sv\/wp-json\/wp\/v2\/media?parent=1218"}],"curies":[{"name":"wp","href":"https:\/\/api.w.org\/{rel}","templated":true}]}}