{"id":1215,"date":"2023-08-13T14:06:55","date_gmt":"2023-08-13T14:06:55","guid":{"rendered":"https:\/\/snow-alligator-195314.hostingersite.com\/?page_id=1215"},"modified":"2025-04-13T23:59:30","modified_gmt":"2025-04-13T21:59:30","slug":"mentions-legales","status":"publish","type":"page","link":"https:\/\/buying-fever.com\/sv\/rattsligt-meddelande\/","title":{"rendered":"R\u00e4ttsligt meddelande"},"content":{"rendered":"<div data-elementor-type=\"wp-page\" data-elementor-id=\"1215\" class=\"elementor elementor-1215\" data-elementor-post-type=\"page\">\n\t\t\t\t<div class=\"elementor-element elementor-element-1059819 e-flex e-con-boxed e-con e-parent\" data-id=\"1059819\" data-element_type=\"container\" data-e-type=\"container\">\n\t\t\t\t\t<div class=\"e-con-inner\">\n\t\t\t\t<div class=\"elementor-element elementor-element-15e19df elementor-widget elementor-widget-heading\" data-id=\"15e19df\" data-element_type=\"widget\" data-e-type=\"widget\" data-widget_type=\"heading.default\">\n\t\t\t\t<div class=\"elementor-widget-container\">\n\t\t\t\t\t<h1 class=\"elementor-heading-title elementor-size-default\">R\u00e4ttsligt meddelande<\/h1>\t\t\t\t<\/div>\n\t\t\t\t<\/div>\n\t\t\t\t<div class=\"elementor-element elementor-element-7e740d0 elementor-widget elementor-widget-text-editor\" data-id=\"7e740d0\" data-element_type=\"widget\" data-e-type=\"widget\" data-widget_type=\"text-editor.default\">\n\t\t\t\t<div class=\"elementor-widget-container\">\n\t\t\t\t\t\t\t\t\t<h2 style=\"font-style: normal; text-transform: none; font-size: 2rem; margin-bottom: 0px; color: #005ca2; line-height: 1.25em; caret-color: #7a7a7a;\"><span style=\"color: #333333;\">1. Presentation av sajten.<\/span><\/h2><div style=\"caret-color: #7a7a7a; color: #7a7a7a; font-size: 15px;\"><p style=\"font-size: 15px; margin-bottom: 1.75em;\">Enligt artikel 6 i lag nr 2004-575 av den 21 juni 2004 f\u00f6r f\u00f6rtroende f\u00f6r den digitala ekonomin, informeras anv\u00e4ndare av sajten buying-fever.com om identiteten p\u00e5 de olika deltagarna inom ramen f\u00f6r dess implementering och \u00f6vervakning:<\/p><p style=\"font-size: 15px; margin-bottom: 1.75em;\"><strong>\u00c4gare<\/strong> : Brand Success \u2013 78, Avenue des Champs-\u00c9lys\u00e9es, Bureau 562, 75008 Paris \u2013 France. Siret : 83353766500022<\/p><p style=\"font-size: 15px; margin-bottom: 1.75em;\"><span style=\"font-style: inherit; color: var( --e-global-color-text ); font-family: var( --e-global-typography-text-font-family ), Sans-serif;\">Publikationsansvarig \u00e4r en fysisk person eller en juridisk person.<\/span><\/p><p style=\"font-size: 15px; margin-bottom: 1.75em;\"><strong>V\u00e4rd<\/strong>\u00a0:\u00a0<em>OVH<\/em>\u00a0SAS: 2 rue Kellermann \u2013 BP 80157 59053 ROUBAIX CEDEX 1<\/p><h3 style=\"font-size: 1.666667rem; margin-bottom: 0px; color: #005ca2; line-height: 1.2em;\"><span style=\"color: #333333;\">2. Allm\u00e4nna villkor f\u00f6r anv\u00e4ndning av webbplatsen och de tj\u00e4nster som erbjuds.<\/span><\/h3><p style=\"font-size: 15px; margin-bottom: 1.75em;\">Anv\u00e4ndning av sajten buying-fever.com f\u00f6ruts\u00e4tter fullst\u00e4ndigt godk\u00e4nnande av de allm\u00e4nna anv\u00e4ndarvillkoren som beskrivs nedan. Dessa anv\u00e4ndningsvillkor kan \u00e4ndras eller kompletteras n\u00e4r som helst, anv\u00e4ndare av sajten buying-fever.com uppmanas d\u00e4rf\u00f6r att konsultera dem regelbundet.<\/p><p style=\"font-size: 15px; margin-bottom: 1.75em;\">Ce site est normalement accessible \u00e0 tout moment aux utilisateurs. Une interruption pour raison de maintenance technique peut \u00eatre toutefois d\u00e9cid\u00e9e par Brand Success, qui s\u2019efforcera alors de communiquer pr\u00e9alablement aux utilisateurs les dates et heures de l\u2019intervention.<\/p><p style=\"font-size: 15px; margin-bottom: 1.75em;\">Webbplatsen buying-fever.com<a style=\"color: #547dd3;\" href=\"https:\/\/rocket-marketing.eu\/\">\u00a0<\/a>est mis \u00e0 jour r\u00e9guli\u00e8rement par Brand Success. De la m\u00eame fa\u00e7on, les mentions l\u00e9gales peuvent \u00eatre modifi\u00e9es \u00e0 tout moment : elles s\u2019imposent n\u00e9anmoins \u00e0 l\u2019utilisateur qui est invit\u00e9 \u00e0 s\u2019y r\u00e9f\u00e9rer le plus souvent possible afin d\u2019en prendre connaissance.<\/p><h3 style=\"font-size: 1.666667rem; margin-bottom: 0px; color: #005ca2; line-height: 1.2em;\"><span style=\"color: #333333;\">3. Beskrivning av tillhandah\u00e5llna tj\u00e4nster.<\/span><\/h3><p style=\"font-size: 15px; margin-bottom: 1.75em;\">Syftet med sajten buying-fever.com \u00e4r att ge information om f\u00f6retagets alla aktiviteter.<\/p><p style=\"font-size: 15px; margin-bottom: 1.75em;\">Brand Success s\u2019efforce de fournir sur le site buying-fever.com des informations aussi pr\u00e9cises que possible. Toutefois, il ne pourra \u00eatre tenue responsable des omissions, des inexactitudes et des carences dans la mise \u00e0 jour, qu\u2019elles soient de son fait ou du fait des tiers partenaires qui lui fournissent ces informations.<\/p><p style=\"font-size: 15px; margin-bottom: 1.75em;\">All information som anges p\u00e5 sajten buying-fever.com ges endast i informationssyfte och kan komma att \u00e4ndras. Dessutom \u00e4r informationen p\u00e5 sajten buying-fever.com inte utt\u00f6mmande. De ges med f\u00f6rbeh\u00e5ll f\u00f6r att \u00e4ndringar har gjorts sedan de lades ut online.<\/p><h3 style=\"font-size: 1.666667rem; margin-bottom: 0px; color: #005ca2; line-height: 1.2em;\"><span style=\"color: #333333;\">4. Avtalsbegr\u00e4nsningar f\u00f6r tekniska data.<\/span><\/h3><p style=\"font-size: 15px; margin-bottom: 1.75em;\">Webbplatsen anv\u00e4nder JavaScript-teknik.<\/p><p style=\"font-size: 15px; margin-bottom: 1.75em;\">Webbplatsen kan inte h\u00e5llas ansvarig f\u00f6r materiella skador kopplade till anv\u00e4ndningen av webbplatsen. Dessutom f\u00f6rbinder sig anv\u00e4ndaren av webbplatsen att komma \u00e5t webbplatsen med hj\u00e4lp av nyare utrustning, som inte inneh\u00e5ller virus och med en uppdaterad senaste generationens webbl\u00e4sare.<\/p><h3 style=\"font-size: 1.666667rem; margin-bottom: 0px; color: #005ca2; line-height: 1.2em;\"><span style=\"color: #333333;\">5. Immateriella r\u00e4ttigheter och varum\u00e4rkesf\u00f6rfalskning.<\/span><\/h3><p style=\"font-size: 15px; margin-bottom: 1.75em;\">Brand Success est propri\u00e9taire des droits de propri\u00e9t\u00e9 intellectuelle ou d\u00e9tient les droits d\u2019usage sur tous les \u00e9l\u00e9ments accessibles sur le site, notamment les textes, images, graphismes, logo, ic\u00f4nes, sons, logiciels.<\/p><p style=\"font-size: 15px; margin-bottom: 1.75em;\">Toute reproduction, repr\u00e9sentation, modification, publication, adaptation de tout ou partie des \u00e9l\u00e9ments du site, quel que soit le moyen ou le proc\u00e9d\u00e9 utilis\u00e9, est interdite, sauf autorisation \u00e9crite pr\u00e9alable de la soci\u00e9t\u00e9 Brand Success.<\/p><p style=\"font-size: 15px; margin-bottom: 1.75em;\">All otill\u00e5ten anv\u00e4ndning av webbplatsen eller n\u00e5gon av de delar den inneh\u00e5ller kommer att anses utg\u00f6ra en intr\u00e5ng och \u00e5talas i enlighet med best\u00e4mmelserna i artiklarna L.335-2 och f\u00f6ljande i Immaterialr\u00e4ttslagen.<\/p><h3 style=\"font-size: 1.666667rem; margin-bottom: 0px; color: #005ca2; line-height: 1.2em;\"><span style=\"color: #333333;\">6. Ansvarsbegr\u00e4nsningar.<\/span><\/h3><p style=\"font-size: 15px; margin-bottom: 1.75em;\">Brand Success ne pourra \u00eatre tenue responsable des dommages directs et indirects caus\u00e9s au mat\u00e9riel de l\u2019utilisateur, lors de l\u2019acc\u00e8s au site buying-fever.com, et r\u00e9sultant soit de l\u2019utilisation d\u2019un mat\u00e9riel ne r\u00e9pondant pas aux sp\u00e9cifications indiqu\u00e9es au point 4, soit de l\u2019apparition d\u2019un bug ou d\u2019une incompatibilit\u00e9.<\/p><p style=\"font-size: 15px; margin-bottom: 1.75em;\">Brand Success ne pourra \u00e9galement \u00eatre tenue responsable des dommages indirects (tels par exemple qu\u2019une perte de march\u00e9 ou perte d\u2019une chance) cons\u00e9cutifs \u00e0 l\u2019utilisation du site buying-fever.com<\/p><p style=\"font-size: 15px; margin-bottom: 1.75em;\">Des espaces interactifs (possibilit\u00e9 de poser des questions dans l\u2019espace contact) sont \u00e0 la disposition des utilisateurs. Brand Success se r\u00e9serve le droit de supprimer, sans mise en demeure pr\u00e9alable, tout contenu d\u00e9pos\u00e9 dans cet espace qui contreviendrait \u00e0 la l\u00e9gislation applicable en France, en particulier aux dispositions relatives \u00e0 la protection des donn\u00e9es. Le cas \u00e9ch\u00e9ant, Brand Success se r\u00e9serve \u00e9galement la possibilit\u00e9 de mettre en cause la responsabilit\u00e9 civile et\/ou p\u00e9nale de l\u2019utilisateur, notamment en cas de message \u00e0 caract\u00e8re raciste, injurieux, diffamant, ou pornographique, quel que soit le support utilis\u00e9 (texte, photographie\u2026).<\/p><h3 style=\"font-size: 1.666667rem; margin-bottom: 0px; color: #005ca2; line-height: 1.2em;\"><span style=\"color: #333333;\">7. Hantering av personuppgifter.<\/span><\/h3><p style=\"font-size: 15px; margin-bottom: 1.75em;\">I Frankrike \u00e4r personuppgifter s\u00e4rskilt skyddade av lag nr 78-87 av den 6 januari 1978, lag nr 2004-801 av den 6 augusti 2004, artikel L. 226-13 i strafflagen och det europeiska direktivet av den 24 oktober , 1995.<\/p><p style=\"font-size: 15px; margin-bottom: 1.75em;\">N\u00e4r du anv\u00e4nder sajten buying-fever.com kan f\u00f6ljande samlas in: URL:en till l\u00e4nkarna genom vilka anv\u00e4ndaren gick in p\u00e5 sajten buying-fever.com anv\u00e4ndarens \u00e5tkomstleverant\u00f6r, anv\u00e4ndarens IP-adress (Internet Protocol).<\/p><p style=\"font-size: 15px; margin-bottom: 1.75em;\">En tout \u00e9tat de cause Brand Success ne collecte des informations personnelles relatives \u00e0 l\u2019utilisateur que pour le besoin de certains services propos\u00e9s par le site buying-fever.com. L\u2019utilisateur fournit ces informations en toute connaissance de cause, notamment lorsqu\u2019il proc\u00e8de par lui-m\u00eame \u00e0 leur saisie. Il est alors pr\u00e9cis\u00e9 \u00e0 l\u2019utilisateur du site buying-fever.com a l\u2019obligation ou non de fournir ces informations.<\/p><p style=\"font-size: 15px; margin-bottom: 1.75em;\">I enlighet med best\u00e4mmelserna i artiklarna 38 och f\u00f6ljande i lag 78-17 av den 6 januari 1978 om databehandling, filer och friheter har varje anv\u00e4ndare r\u00e4tt till tillg\u00e5ng, r\u00e4ttelse och inv\u00e4ndning mot personuppgifter som r\u00f6r honom, genom att g\u00f6ra sin skriftliga och undertecknad beg\u00e4ran, \u00e5tf\u00f6ljd av en kopia av identitetshandlingen med underskrift av innehavaren av handlingen, med angivande av adressen till vilken svaret ska skickas.<\/p><p style=\"font-size: 15px; margin-bottom: 1.75em;\">Aucune information personnelle de l\u2019utilisateur du site buying-fever.com n\u2019est publi\u00e9e \u00e0 l\u2019insu de l\u2019utilisateur, \u00e9chang\u00e9e, transf\u00e9r\u00e9e, c\u00e9d\u00e9e ou vendue sur un support quelconque \u00e0 des tiers. Seule l\u2019hypoth\u00e8se du rachat de Brand Success et de ses droits permettrait la transmission des dites informations \u00e0 l\u2019\u00e9ventuel acqu\u00e9reur qui serait \u00e0 son tour tenu de la m\u00eame obligation de conservation et de modification des donn\u00e9es vis \u00e0 vis de l\u2019utilisateur du site buying-fever.com<\/p><p style=\"font-size: 15px; margin-bottom: 1.75em;\">Databaserna skyddas av best\u00e4mmelserna i lagen av den 1 juli 1998 om inf\u00f6rlivande av direktiv 96\/9 av den 11 mars 1996 om r\u00e4ttsligt skydd f\u00f6r databaser.<\/p><h3 style=\"font-size: 1.666667rem; margin-bottom: 0px; color: #005ca2; line-height: 1.2em;\"><span style=\"color: #333333;\">8. Hypertextl\u00e4nkar och cookies.<\/span><\/h3><p style=\"font-size: 15px; margin-bottom: 1.75em;\">Le site buying-fever.com contient un certain nombre de liens hypertextes vers d\u2019autres sites, mis en place avec l\u2019autorisation de Brand Success. Cependant, Brand Success n\u2019a pas la possibilit\u00e9 de v\u00e9rifier le contenu des sites ainsi visit\u00e9s, et n\u2019assumera en cons\u00e9quence aucune responsabilit\u00e9 de ce fait.<\/p><p style=\"font-size: 15px; margin-bottom: 1.75em;\">Att surfa p\u00e5 sajten buying-fever.com kan orsaka installation av kakor p\u00e5 anv\u00e4ndarens dator. En cookie \u00e4r en liten fil som inte till\u00e5ter identifiering av anv\u00e4ndaren, men som registrerar information om navigering av en dator p\u00e5 en webbplats. De data som s\u00e5lunda erh\u00e5lls syftar till att underl\u00e4tta efterf\u00f6ljande navigering p\u00e5 sajten, och \u00e4r \u00e4ven avsedd att m\u00f6jligg\u00f6ra olika trafikm\u00e4tningar.<\/p><p style=\"font-size: 15px; margin-bottom: 1.75em;\">Att v\u00e4gra att installera en cookie kan leda till att det blir om\u00f6jligt att komma \u00e5t vissa tj\u00e4nster. Anv\u00e4ndaren kan dock konfigurera sin dator p\u00e5 f\u00f6ljande s\u00e4tt f\u00f6r att neka installation av cookies:<\/p><p style=\"font-size: 15px; margin-bottom: 1.75em;\">Under Internet Explorer: verktygsflik (kuggformat piktogram uppe till h\u00f6ger) \/ internetalternativ. Klicka p\u00e5 Sekretess och v\u00e4lj Blockera alla cookies. Bekr\u00e4fta p\u00e5 Ok.<\/p><p style=\"font-size: 15px; margin-bottom: 1.75em;\">Under Firefox: h\u00f6gst upp i webbl\u00e4sarf\u00f6nstret, klicka p\u00e5 Firefox-knappen och g\u00e5 sedan till fliken Alternativ. Klicka p\u00e5 fliken Sekretess. St\u00e4ll in lagringsregler till: Anv\u00e4nd anpassade inst\u00e4llningar f\u00f6r historik. Avmarkera slutligen f\u00f6r att inaktivera cookies.<\/p><p style=\"font-size: 15px; margin-bottom: 1.75em;\">Under Safari: Klicka l\u00e4ngst upp till h\u00f6ger i webbl\u00e4saren p\u00e5 menypiktogrammet (symboliserat med en kugg). V\u00e4lj Inst\u00e4llningar. Klicka p\u00e5 Visa avancerade inst\u00e4llningar. Klicka p\u00e5 Inneh\u00e5llsinst\u00e4llningar i avsnittet &quot;Sekretess&quot;. I avsnittet &quot;Cookies&quot; kan du blockera cookies.<\/p><p style=\"font-size: 15px; margin-bottom: 1.75em;\">Under Chrome: Klicka l\u00e4ngst upp till h\u00f6ger i webbl\u00e4saren p\u00e5 menypiktogrammet (symboliserat med tre horisontella linjer). V\u00e4lj Inst\u00e4llningar. Klicka p\u00e5 Visa avancerade inst\u00e4llningar. Klicka p\u00e5 Inst\u00e4llningar i avsnittet &quot;Sekretess&quot;. P\u00e5 fliken &quot;Sekretess&quot; kan du blockera cookies.<\/p><h3 style=\"font-size: 1.666667rem; margin-bottom: 0px; color: #005ca2; line-height: 1.2em;\"><span style=\"color: #333333;\">9. Till\u00e4mplig lag och tilldelning av jurisdiktion.<\/span><\/h3><p style=\"font-size: 15px; margin-bottom: 1.75em;\">Alla tvister som r\u00f6r anv\u00e4ndningen av sajten buying-fever.com \u00e4r f\u00f6rem\u00e5l f\u00f6r fransk lag. Exklusiv jurisdiktion ges till de beh\u00f6riga domstolarna i Paris.<\/p><h3 style=\"font-size: 1.666667rem; margin-bottom: 0px; color: #005ca2; line-height: 1.2em;\"><span style=\"color: #333333;\">10. De huvudsakliga ber\u00f6rda lagarna.<\/span><\/h3><p style=\"font-size: 15px; margin-bottom: 1.75em;\">Lag nr 78-17 av den 6 januari 1978, s\u00e4rskilt \u00e4ndrad genom lag nr 2004-801 av den 6 augusti 2004 om databehandling, filer och friheter.<\/p><p style=\"font-size: 15px; margin-bottom: 1.75em;\">Lag nr 2004-575 av den 21 juni 2004 om f\u00f6rtroende f\u00f6r den digitala ekonomin.<\/p><h3 style=\"font-size: 1.666667rem; margin-bottom: 0px; color: #005ca2; line-height: 1.2em;\"><span style=\"color: #333333;\">11. Ordlista.<\/span><\/h3><p style=\"font-size: 15px; margin-bottom: 1.75em;\">Anv\u00e4ndare: Internetanv\u00e4ndare ansluter, med hj\u00e4lp av ovan n\u00e4mnda webbplats.<\/p><p style=\"font-size: 15px; margin-bottom: 1.75em;\">Personuppgifter: \u201dinformation som m\u00f6jligg\u00f6r, i vilken form som helst, direkt eller indirekt, identifiering av de fysiska personer som den g\u00e4ller\u201d (artikel 4 i lag nr 78-17 den 6 januari 1978).<\/p><\/div>\t\t\t\t\t\t\t\t<\/div>\n\t\t\t\t<\/div>\n\t\t\t\t\t<\/div>\n\t\t\t\t<\/div>\n\t\t\t\t<\/div>","protected":false},"excerpt":{"rendered":"<p>Mentions L\u00e9gales 1. Pr\u00e9sentation du site. En vertu de l\u2019article 6 de la loi n\u00b0 2004-575 du 21 juin 2004 pour la confiance dans l\u2019\u00e9conomie num\u00e9rique, il est pr\u00e9cis\u00e9 aux utilisateurs du site buying-fever.com l\u2019identit\u00e9 des diff\u00e9rents intervenants dans le cadre de sa r\u00e9alisation et de son suivi : Propri\u00e9taire : Brand Success \u2013 78, [&hellip;]<\/p>\n","protected":false},"author":1,"featured_media":0,"parent":0,"menu_order":0,"comment_status":"closed","ping_status":"closed","template":"","meta":{"_seopress_robots_primary_cat":"","_seopress_titles_title":"","_seopress_titles_desc":"","_seopress_robots_index":"","site-sidebar-layout":"no-sidebar","site-content-layout":"page-builder","ast-site-content-layout":"default","site-content-style":"default","site-sidebar-style":"default","ast-global-header-display":"","ast-banner-title-visibility":"","ast-main-header-display":"","ast-hfb-above-header-display":"","ast-hfb-below-header-display":"","ast-hfb-mobile-header-display":"","site-post-title":"disabled","ast-breadcrumbs-content":"","ast-featured-img":"disabled","footer-sml-layout":"","ast-disable-related-posts":"","theme-transparent-header-meta":"","adv-header-id-meta":"","stick-header-meta":"","header-above-stick-meta":"","header-main-stick-meta":"","header-below-stick-meta":"","astra-migrate-meta-layouts":"default","ast-page-background-enabled":"default","ast-page-background-meta":{"desktop":{"background-color":"","background-image":"","background-repeat":"repeat","background-position":"center center","background-size":"auto","background-attachment":"scroll","background-type":"","background-media":"","overlay-type":"","overlay-color":"","overlay-opacity":"","overlay-gradient":""},"tablet":{"background-color":"","background-image":"","background-repeat":"repeat","background-position":"center center","background-size":"auto","background-attachment":"scroll","background-type":"","background-media":"","overlay-type":"","overlay-color":"","overlay-opacity":"","overlay-gradient":""},"mobile":{"background-color":"","background-image":"","background-repeat":"repeat","background-position":"center center","background-size":"auto","background-attachment":"scroll","background-type":"","background-media":"","overlay-type":"","overlay-color":"","overlay-opacity":"","overlay-gradient":""}},"ast-content-background-meta":{"desktop":{"background-color":"var(--ast-global-color-5)","background-image":"","background-repeat":"repeat","background-position":"center center","background-size":"auto","background-attachment":"scroll","background-type":"","background-media":"","overlay-type":"","overlay-color":"","overlay-opacity":"","overlay-gradient":""},"tablet":{"background-color":"var(--ast-global-color-5)","background-image":"","background-repeat":"repeat","background-position":"center center","background-size":"auto","background-attachment":"scroll","background-type":"","background-media":"","overlay-type":"","overlay-color":"","overlay-opacity":"","overlay-gradient":""},"mobile":{"background-color":"var(--ast-global-color-5)","background-image":"","background-repeat":"repeat","background-position":"center center","background-size":"auto","background-attachment":"scroll","background-type":"","background-media":"","overlay-type":"","overlay-color":"","overlay-opacity":"","overlay-gradient":""}},"footnotes":""},"class_list":["post-1215","page","type-page","status-publish","hentry"],"_links":{"self":[{"href":"https:\/\/buying-fever.com\/sv\/wp-json\/wp\/v2\/pages\/1215","targetHints":{"allow":["GET"]}}],"collection":[{"href":"https:\/\/buying-fever.com\/sv\/wp-json\/wp\/v2\/pages"}],"about":[{"href":"https:\/\/buying-fever.com\/sv\/wp-json\/wp\/v2\/types\/page"}],"author":[{"embeddable":true,"href":"https:\/\/buying-fever.com\/sv\/wp-json\/wp\/v2\/users\/1"}],"replies":[{"embeddable":true,"href":"https:\/\/buying-fever.com\/sv\/wp-json\/wp\/v2\/comments?post=1215"}],"version-history":[{"count":0,"href":"https:\/\/buying-fever.com\/sv\/wp-json\/wp\/v2\/pages\/1215\/revisions"}],"wp:attachment":[{"href":"https:\/\/buying-fever.com\/sv\/wp-json\/wp\/v2\/media?parent=1215"}],"curies":[{"name":"wp","href":"https:\/\/api.w.org\/{rel}","templated":true}]}}