{"id":1521,"date":"2023-09-06T16:58:55","date_gmt":"2023-09-06T16:58:55","guid":{"rendered":"https:\/\/snow-alligator-195314.hostingersite.com\/?post_type=product&#038;p=1521"},"modified":"2025-06-14T00:53:00","modified_gmt":"2025-06-13T22:53:00","slug":"la-lampe-sunset","status":"publish","type":"product","link":"https:\/\/buying-fever.com\/sl\/izdelek\/svetilka-za-soncni-zahod\/","title":{"rendered":"Svetilka za son\u010dni zahod"},"content":{"rendered":"<div style=\"text-align: center;\"><\/div>\n<div style=\"text-align: center;\">\n<h2 style=\"text-align: left;\"><strong>PREOBRAZITE SVOJ PROSTOR<\/strong><\/h2>\n<p style=\"text-align: left;\">Ste naveli\u010dani svoje dolgo\u010dasne spalnice ali dnevne sobe? ne skrbi, <strong>Svetilka za son\u010dni zahod<\/strong> je narejeno za vas. Samo priklju\u010dite ga in opazujte, kako bo v trenutku izbolj\u0161al va\u0161o sobo!<\/p>\n<p><img fetchpriority=\"high\" decoding=\"async\" class=\"wp-image-1812\" src=\"https:\/\/live-stream-pro.com\/wp-content\/uploads\/2023\/09\/S475be52e73ae4dc5a99547bf99fa3f17z.jpg\" alt=\"svetilka za son\u010dni zahod\" width=\"707\" height=\"707\" \/><\/p>\n<\/div>\n<div style=\"text-align: center;\"><\/div>\n<p><img decoding=\"async\" class=\"wp-image-1814 aligncenter\" src=\"https:\/\/live-stream-pro.com\/wp-content\/uploads\/2023\/09\/H880de7d7029c435fb42bcb911490bc538.jpg\" alt=\"svetilka za son\u010dni zahod\" width=\"705\" height=\"705\" \/><\/p>\n<h2><\/h2>\n<h2><strong>MOBILNA APLIKACIJA<\/strong><\/h2>\n<p>Z milijoni barv in \u0161tevilnimi na\u010dini osvetlitve vam na\u0161a pametna aplikacija omogo\u010da popoln nadzor nad svojim prostorom, ne da bi se premaknili s sede\u017ea!<\/p>\n<p><img decoding=\"async\" class=\"wp-image-1800 aligncenter\" src=\"https:\/\/live-stream-pro.com\/wp-content\/uploads\/2023\/09\/DSCF0899_600x.jpg.webp\" alt=\"son\u010dna svetilka\u2122\" width=\"614\" height=\"614\" \/><\/p>\n<p><img loading=\"lazy\" decoding=\"async\" class=\"wp-image-1815 aligncenter\" src=\"https:\/\/live-stream-pro.com\/wp-content\/uploads\/2023\/09\/lampe-sunset-tiktok.jpg\" alt=\"svetilka za son\u010dni zahod\" width=\"616\" height=\"512\" \/><\/p>\n<h3><\/h3>\n<h3><strong>LAJ\u0160ANJE STRESA<\/strong><\/h3>\n<p>Tople, prijetne vibracije son\u010dnega zahoda so popoln na\u010din za sprostitev po stresnem dnevu pri pouku, v slu\u017ebi ali v \u017eivljenju na splo\u0161no. Samo vklopite ga in videli boste, kako hitro spremeni razpolo\u017eenje in pomiri vzdu\u0161je v prostoru.<\/p>\n<p><img loading=\"lazy\" decoding=\"async\" class=\"wp-image-1817 aligncenter\" src=\"https:\/\/live-stream-pro.com\/wp-content\/uploads\/2023\/09\/H880de7d7029c435fb42bcb911490bc538-1.jpg\" alt=\"svetilka za son\u010dni zahod\" width=\"624\" height=\"624\" \/><\/p>\n<p><img loading=\"lazy\" decoding=\"async\" class=\"wp-image-1818 aligncenter\" src=\"https:\/\/live-stream-pro.com\/wp-content\/uploads\/2023\/09\/Hfaf3ee65ad98456ba9bcd72d4d1357fav-300x300.jpg\" alt=\"svetilka za son\u010dni zahod\" width=\"618\" height=\"618\" \/><\/p>\n<h3><\/h3>\n<h3><strong>SINHRONIZACIJA GLASBE\u00a0<\/strong><\/h3>\n<p>Zahvaljujo\u010d funkciji sinhronizacije glasbe svetilka vibrira v ritmu va\u0161ih najljub\u0161ih pesmi. Vklju\u010dite to mo\u017enost in pustite, da ambient za\u017eivi.<\/p>","protected":false},"excerpt":{"rendered":"<p>Svetilka Sunset je idealen dodatek za ustvarjanje toplega ali intimnega vzdu\u0161ja v vsakem prostoru. Upravljate ga prek mobilne aplikacije in vam omogo\u010da, da u\u017eivate v tiso\u010dih razli\u010dnih barvah in razpolo\u017eenjih, vse na dosegu roke<\/p>","protected":false},"featured_media":2064,"comment_status":"open","ping_status":"closed","template":"","meta":{"_seopress_robots_primary_cat":"none","_seopress_titles_title":"","_seopress_titles_desc":"","_seopress_robots_index":"","site-sidebar-layout":"default","site-content-layout":"","ast-site-content-layout":"default","site-content-style":"default","site-sidebar-style":"default","ast-global-header-display":"","ast-banner-title-visibility":"","ast-main-header-display":"","ast-hfb-above-header-display":"","ast-hfb-below-header-display":"","ast-hfb-mobile-header-display":"","site-post-title":"","ast-breadcrumbs-content":"","ast-featured-img":"","footer-sml-layout":"","ast-disable-related-posts":"","theme-transparent-header-meta":"default","adv-header-id-meta":"","stick-header-meta":"","header-above-stick-meta":"","header-main-stick-meta":"","header-below-stick-meta":"","astra-migrate-meta-layouts":"set","ast-page-background-enabled":"default","ast-page-background-meta":{"desktop":{"background-color":"","background-image":"","background-repeat":"repeat","background-position":"center center","background-size":"auto","background-attachment":"scroll","background-type":"","background-media":"","overlay-type":"","overlay-color":"","overlay-opacity":"","overlay-gradient":""},"tablet":{"background-color":"","background-image":"","background-repeat":"repeat","background-position":"center center","background-size":"auto","background-attachment":"scroll","background-type":"","background-media":"","overlay-type":"","overlay-color":"","overlay-opacity":"","overlay-gradient":""},"mobile":{"background-color":"","background-image":"","background-repeat":"repeat","background-position":"center center","background-size":"auto","background-attachment":"scroll","background-type":"","background-media":"","overlay-type":"","overlay-color":"","overlay-opacity":"","overlay-gradient":""}},"ast-content-background-meta":{"desktop":{"background-color":"var(--ast-global-color-5)","background-image":"","background-repeat":"repeat","background-position":"center center","background-size":"auto","background-attachment":"scroll","background-type":"","background-media":"","overlay-type":"","overlay-color":"","overlay-opacity":"","overlay-gradient":""},"tablet":{"background-color":"var(--ast-global-color-5)","background-image":"","background-repeat":"repeat","background-position":"center center","background-size":"auto","background-attachment":"scroll","background-type":"","background-media":"","overlay-type":"","overlay-color":"","overlay-opacity":"","overlay-gradient":""},"mobile":{"background-color":"var(--ast-global-color-5)","background-image":"","background-repeat":"repeat","background-position":"center center","background-size":"auto","background-attachment":"scroll","background-type":"","background-media":"","overlay-type":"","overlay-color":"","overlay-opacity":"","overlay-gradient":""}}},"product_brand":[],"product_cat":[42,82],"product_tag":[],"class_list":{"0":"post-1521","1":"product","2":"type-product","3":"status-publish","4":"has-post-thumbnail","6":"product_cat-cadeau","7":"product_cat-electronique","8":"desktop-align-center","9":"tablet-align-center","10":"mobile-align-center","11":"ast-product-gallery-layout-horizontal","12":"ast-magnify-disabled","13":"ast-product-single-variable","14":"ast-product-tabs-layout-horizontal","15":"ast-qv-on-image","17":"first","18":"instock","19":"shipping-taxable","20":"purchasable","21":"product-type-variable"},"bundled_by":[],"bundle_stock_status":"instock","bundle_stock_quantity":null,"bundle_virtual":false,"bundle_layout":"","bundle_add_to_cart_form_location":"","bundle_editable_in_cart":false,"bundle_sold_individually_context":"","bundle_item_grouping":"","bundle_min_size":"","bundle_max_size":"","bundle_price":[],"bundled_items":[],"bundle_sell_ids":[],"_links":{"self":[{"href":"https:\/\/buying-fever.com\/sl\/wp-json\/wp\/v2\/product\/1521","targetHints":{"allow":["GET"]}}],"collection":[{"href":"https:\/\/buying-fever.com\/sl\/wp-json\/wp\/v2\/product"}],"about":[{"href":"https:\/\/buying-fever.com\/sl\/wp-json\/wp\/v2\/types\/product"}],"replies":[{"embeddable":true,"href":"https:\/\/buying-fever.com\/sl\/wp-json\/wp\/v2\/comments?post=1521"}],"version-history":[{"count":0,"href":"https:\/\/buying-fever.com\/sl\/wp-json\/wp\/v2\/product\/1521\/revisions"}],"wp:featuredmedia":[{"embeddable":true,"href":"https:\/\/buying-fever.com\/sl\/wp-json\/wp\/v2\/media\/2064"}],"wp:attachment":[{"href":"https:\/\/buying-fever.com\/sl\/wp-json\/wp\/v2\/media?parent=1521"}],"wp:term":[{"taxonomy":"product_brand","embeddable":true,"href":"https:\/\/buying-fever.com\/sl\/wp-json\/wp\/v2\/product_brand?post=1521"},{"taxonomy":"product_cat","embeddable":true,"href":"https:\/\/buying-fever.com\/sl\/wp-json\/wp\/v2\/product_cat?post=1521"},{"taxonomy":"product_tag","embeddable":true,"href":"https:\/\/buying-fever.com\/sl\/wp-json\/wp\/v2\/product_tag?post=1521"}],"curies":[{"name":"wp","href":"https:\/\/api.w.org\/{rel}","templated":true}]}}