{"id":1284,"date":"2023-08-20T21:19:44","date_gmt":"2023-08-20T21:19:44","guid":{"rendered":"https:\/\/snow-alligator-195314.hostingersite.com\/?post_type=product&#038;p=1284"},"modified":"2025-06-14T00:52:39","modified_gmt":"2025-06-13T22:52:39","slug":"boutons-de-communication-pour-chien","status":"publish","type":"product","link":"https:\/\/buying-fever.com\/sl\/izdelek\/komunikacijski-gumbi-za-pse\/","title":{"rendered":"Gumbi za komunikacijo s psom"},"content":{"rendered":"<h2 style=\"text-align: center;\">Izrazi se, ku\u017ea!<\/h2>\n<h2 style=\"text-align: center;\">Dovolite svojemu psu, da vam pove, kaj ho\u010de.<\/h2>\n<p>&nbsp;<\/p>\n<p>Dajte svojemu najbolj\u0161emu prijatelju glas z na\u0161imi pasjimi gumbi za komunikacijo. Posebej zasnovani za bolj intuitivno interakcijo med vami in va\u0161im hi\u0161nim ljubljen\u010dkom so ti gumbi idealni za harmoni\u010dno sobivanje.<\/p>\n<p>&nbsp;<\/p>\n<ul>\n<li><strong>Enostavno snemanje glasu<\/strong> : Zahvaljujo\u010d vgrajenemu mikrofonu posnemite besedo ali frazo po va\u0161i izbiri za vsak gumb.<\/li>\n<li><strong>Polnilna<\/strong> : Smo edini na trgu, ki ponujamo model za polno polnjenje. Recite adijo baterijam in zdravo ekologiji!<\/li>\n<li><strong>Robusten in vzdr\u017eljiv<\/strong> : Zasnovan tako, da prenese nestrpne \u0161ape in ponavljajo\u010de se pritiske. Na\u0161i gumbi so narejeni tako, da trajajo.<\/li>\n<li><strong>Ergonomsko oblikovanje<\/strong> : Primerno za tace vseh velikosti, od \u010divave do nem\u0161kega ov\u010darja.<\/li>\n<li><strong>Enostavnost uporabe<\/strong> : Pove\u017eite dejanje z vsakim posnetim gumbom in opazujte, kako se va\u0161 pes izra\u017ea kot \u0161e nikoli prej!<\/li>\n<\/ul>\n<h3><\/h3>\n<h3><strong>Prednosti:<\/strong><\/h3>\n<p>&nbsp;<\/p>\n<ol>\n<li><strong>Ekolo\u0161ki<\/strong> : Zmanj\u0161ajte svoj oglji\u010dni odtis z izbiro modela za ponovno polnjenje.<\/li>\n<li><strong>Gospodarsko<\/strong> : Ni\u010d ve\u010d ponavljajo\u010dih se nakupov baterij. Prihranite denar na dolgi rok!<\/li>\n<li><strong>Okrepljena interaktivnost<\/strong> : Okrepite svojo vez s hi\u0161nim ljubljen\u010dkom tako, da ga bolje razumete in se hitreje odzovete na njegove potrebe.<\/li>\n<\/ol>\n<blockquote><p>&nbsp;<\/p>\n<p style=\"text-align: center;\"><em>\u00bbNikoli si nisem mislil, da se Max lahko \u00bbpogovarja\u00ab z menoj. Fascinantno je videti, kako <\/em><\/p>\n<p style=\"text-align: center;\"><em>hitro je razumel, kako gumbi delujejo. Sedaj mi \u201cpove\u201d kdaj je la\u010den, ko <\/em><\/p>\n<p style=\"text-align: center;\"><em>\u017eeli iti ven ali preprosto ko se \u017eeli igrati \u00bb<\/em><\/p>\n<p style=\"text-align: center;\"><strong>Stephanie<\/strong><\/p>\n<p>&nbsp;<\/p>\n<p style=\"text-align: center;\"><em>\u00bbOdkar uporabljam te gumbe z mojim psom, se je na\u0161a komunikacija spremenila <\/em><\/p>\n<p style=\"text-align: center;\"><em>dosegel povsem novo raven. &quot;Kli\u010de&quot; me na sprehode in celo na crkljanje. <\/em><\/p>\n<p style=\"text-align: center;\"><em>Ganljivo je videti, kako pripravljena je izra\u017eati sebe in <\/em><\/p>\n<p style=\"text-align: center;\"><em>koliko so ti gumbi obogatili na\u0161e skupno vsakdanje \u017eivljenje\u00ab<\/em><\/p>\n<p style=\"text-align: center;\"><strong>Isabelle<\/strong><\/p>\n<\/blockquote>\n<h3 style=\"text-align: center;\"><strong>Naro\u010dite \u0161e danes<\/strong> in ponudi novo<\/h3>\n<h3 style=\"text-align: center;\">razse\u017enost va\u0161ega odnosa z zvestim spremljevalcem!<\/h3>","protected":false},"excerpt":{"rendered":"<p>Exprimez-vous, toutou ! Permettez \u00e0 votre chien de vous dire ce qu&rsquo;il souhaite. &nbsp; Offrez une voix \u00e0 votre meilleur ami avec nos boutons de communication pour chien. Con\u00e7us sp\u00e9cialement pour permettre une interaction plus intuitive entre vous et votre animal de compagnie, ces boutons sont id\u00e9aux pour une cohabitation harmonieuse. &nbsp; Enregistrement Vocal Facile [&hellip;]<\/p>\n","protected":false},"featured_media":1287,"comment_status":"open","ping_status":"closed","template":"","meta":{"_seopress_robots_primary_cat":"none","_seopress_titles_title":"","_seopress_titles_desc":"","_seopress_robots_index":"","site-sidebar-layout":"default","site-content-layout":"default","ast-site-content-layout":"default","site-content-style":"default","site-sidebar-style":"default","ast-global-header-display":"","ast-banner-title-visibility":"","ast-main-header-display":"","ast-hfb-above-header-display":"","ast-hfb-below-header-display":"","ast-hfb-mobile-header-display":"","site-post-title":"","ast-breadcrumbs-content":"","ast-featured-img":"","footer-sml-layout":"","ast-disable-related-posts":"","theme-transparent-header-meta":"default","adv-header-id-meta":"","stick-header-meta":"default","header-above-stick-meta":"","header-main-stick-meta":"","header-below-stick-meta":"","astra-migrate-meta-layouts":"set","ast-page-background-enabled":"default","ast-page-background-meta":{"desktop":{"background-color":"","background-image":"","background-repeat":"repeat","background-position":"center center","background-size":"auto","background-attachment":"scroll","background-type":"","background-media":"","overlay-type":"","overlay-color":"","overlay-opacity":"","overlay-gradient":""},"tablet":{"background-color":"","background-image":"","background-repeat":"repeat","background-position":"center center","background-size":"auto","background-attachment":"scroll","background-type":"","background-media":"","overlay-type":"","overlay-color":"","overlay-opacity":"","overlay-gradient":""},"mobile":{"background-color":"","background-image":"","background-repeat":"repeat","background-position":"center center","background-size":"auto","background-attachment":"scroll","background-type":"","background-media":"","overlay-type":"","overlay-color":"","overlay-opacity":"","overlay-gradient":""}},"ast-content-background-meta":{"desktop":{"background-color":"var(--ast-global-color-5)","background-image":"","background-repeat":"repeat","background-position":"center center","background-size":"auto","background-attachment":"scroll","background-type":"","background-media":"","overlay-type":"","overlay-color":"","overlay-opacity":"","overlay-gradient":""},"tablet":{"background-color":"var(--ast-global-color-5)","background-image":"","background-repeat":"repeat","background-position":"center center","background-size":"auto","background-attachment":"scroll","background-type":"","background-media":"","overlay-type":"","overlay-color":"","overlay-opacity":"","overlay-gradient":""},"mobile":{"background-color":"var(--ast-global-color-5)","background-image":"","background-repeat":"repeat","background-position":"center center","background-size":"auto","background-attachment":"scroll","background-type":"","background-media":"","overlay-type":"","overlay-color":"","overlay-opacity":"","overlay-gradient":""}}},"product_brand":[],"product_cat":[83],"product_tag":[],"class_list":{"0":"post-1284","1":"product","2":"type-product","3":"status-publish","4":"has-post-thumbnail","6":"product_cat-animaux","7":"desktop-align-center","8":"tablet-align-center","9":"mobile-align-center","10":"ast-product-gallery-layout-horizontal","11":"ast-magnify-disabled","12":"ast-product-tabs-layout-horizontal","13":"ast-qv-on-image","15":"first","16":"outofstock","17":"shipping-taxable","18":"purchasable","19":"product-type-simple"},"bundled_by":[],"bundle_stock_status":"outofstock","bundle_stock_quantity":null,"bundle_virtual":false,"bundle_layout":"","bundle_add_to_cart_form_location":"","bundle_editable_in_cart":false,"bundle_sold_individually_context":"","bundle_item_grouping":"","bundle_min_size":"","bundle_max_size":"","bundle_price":[],"bundled_items":[],"bundle_sell_ids":[],"_links":{"self":[{"href":"https:\/\/buying-fever.com\/sl\/wp-json\/wp\/v2\/product\/1284","targetHints":{"allow":["GET"]}}],"collection":[{"href":"https:\/\/buying-fever.com\/sl\/wp-json\/wp\/v2\/product"}],"about":[{"href":"https:\/\/buying-fever.com\/sl\/wp-json\/wp\/v2\/types\/product"}],"replies":[{"embeddable":true,"href":"https:\/\/buying-fever.com\/sl\/wp-json\/wp\/v2\/comments?post=1284"}],"version-history":[{"count":0,"href":"https:\/\/buying-fever.com\/sl\/wp-json\/wp\/v2\/product\/1284\/revisions"}],"wp:featuredmedia":[{"embeddable":true,"href":"https:\/\/buying-fever.com\/sl\/wp-json\/wp\/v2\/media\/1287"}],"wp:attachment":[{"href":"https:\/\/buying-fever.com\/sl\/wp-json\/wp\/v2\/media?parent=1284"}],"wp:term":[{"taxonomy":"product_brand","embeddable":true,"href":"https:\/\/buying-fever.com\/sl\/wp-json\/wp\/v2\/product_brand?post=1284"},{"taxonomy":"product_cat","embeddable":true,"href":"https:\/\/buying-fever.com\/sl\/wp-json\/wp\/v2\/product_cat?post=1284"},{"taxonomy":"product_tag","embeddable":true,"href":"https:\/\/buying-fever.com\/sl\/wp-json\/wp\/v2\/product_tag?post=1284"}],"curies":[{"name":"wp","href":"https:\/\/api.w.org\/{rel}","templated":true}]}}