{"id":4812,"date":"2023-10-20T13:31:56","date_gmt":"2023-10-20T11:31:56","guid":{"rendered":"https:\/\/snow-alligator-195314.hostingersite.com\/?page_id=4812"},"modified":"2023-10-20T13:36:44","modified_gmt":"2023-10-20T11:36:44","slug":"politique-de-retour","status":"publish","type":"page","link":"https:\/\/buying-fever.com\/sl\/vracilo-blaga\/","title":{"rendered":"Vra\u010dilo blaga"},"content":{"rendered":"<div data-elementor-type=\"wp-page\" data-elementor-id=\"4812\" class=\"elementor elementor-4812\" data-elementor-post-type=\"page\">\n\t\t\t\t<div class=\"elementor-element elementor-element-6eabfd8e e-flex e-con-boxed e-con e-parent\" data-id=\"6eabfd8e\" data-element_type=\"container\" data-e-type=\"container\">\n\t\t\t\t\t<div class=\"e-con-inner\">\n\t\t\t\t<div class=\"elementor-element elementor-element-26a25f70 elementor-widget elementor-widget-heading\" data-id=\"26a25f70\" data-element_type=\"widget\" data-e-type=\"widget\" data-widget_type=\"heading.default\">\n\t\t\t\t<div class=\"elementor-widget-container\">\n\t\t\t\t\t<h1 class=\"elementor-heading-title elementor-size-default\">Vra\u010dilo blaga<\/h1>\t\t\t\t<\/div>\n\t\t\t\t<\/div>\n\t\t\t\t<div class=\"elementor-element elementor-element-f8df31c elementor-widget elementor-widget-heading\" data-id=\"f8df31c\" data-element_type=\"widget\" data-e-type=\"widget\" data-widget_type=\"heading.default\">\n\t\t\t\t<div class=\"elementor-widget-container\">\n\t\t\t\t\t<h2 class=\"elementor-heading-title elementor-size-default\">Preambula <\/h2>\t\t\t\t<\/div>\n\t\t\t\t<\/div>\n\t\t\t\t<div class=\"elementor-element elementor-element-7490e662 elementor-widget elementor-widget-heading\" data-id=\"7490e662\" data-element_type=\"widget\" data-e-type=\"widget\" data-widget_type=\"heading.default\">\n\t\t\t\t<div class=\"elementor-widget-container\">\n\t\t\t\t\t<h2 class=\"elementor-heading-title elementor-size-default\">1. \u010dlen \u2013 Vra\u010dilo neodprtih artiklov:<\/h2>\t\t\t\t<\/div>\n\t\t\t\t<\/div>\n\t\t\t\t<div class=\"elementor-element elementor-element-156095ea elementor-widget elementor-widget-text-editor\" data-id=\"156095ea\" data-element_type=\"widget\" data-e-type=\"widget\" data-widget_type=\"text-editor.default\">\n\t\t\t\t<div class=\"elementor-widget-container\">\n\t\t\t\t\t\t\t\t\t<p>Sprejemamo le vra\u010dila izdelkov, vrnjenih v 14 dneh od dostave, kot je navedeno v izvirnih podatkih o sledenju.<\/p>\t\t\t\t\t\t\t\t<\/div>\n\t\t\t\t<\/div>\n\t\t\t\t<div class=\"elementor-element elementor-element-7ac15c9c elementor-widget elementor-widget-text-editor\" data-id=\"7ac15c9c\" data-element_type=\"widget\" data-e-type=\"widget\" data-widget_type=\"text-editor.default\">\n\t\t\t\t<div class=\"elementor-widget-container\">\n\t\t\t\t\t\t\t\t\t<p>Vi boste odgovorni za stro\u0161ke po\u0161iljanja, povezane z vra\u010dilom va\u0161ega predmeta. Ne odgovarjamo za kakr\u0161no koli izgubo ali \u0161kodo, ki nastane med transportom. Prav tako morate za vsa vra\u010dila vnaprej pla\u010dati stro\u0161ke po\u0161iljanja in zavarovanja (\u010de je na voljo).<\/p><p>\u010ce je va\u0161e vra\u010dilo upravi\u010deno do vra\u010dila, vra\u010dilo ne bo vklju\u010devalo nobenih stro\u0161kov po\u0161iljanja in manipuliranja, ki so lahko navedeni na odpremnici ali ra\u010dunu. Ko bomo prejeli vrnjeni izdelek, ga bomo pregledali in vas obvestili po e-po\u0161ti. razumnem \u010dasu, \u010de ste upravi\u010deni do vra\u010dila ali zamenjave.<\/p><p>\u010ce ste upravi\u010deni do zamenjave ali vra\u010dila kupnine, vam bomo zamenjali izdelek ali povrnili kupnino (ne glede na na\u010din, ki ste ga prvotno pla\u010dali).<\/p><p>Kontaktni podatki :<br \/>Povezava do na\u0161e spletne strani: https:\/\/snow-alligator-195314.hostingersite.com<\/p><p>Telefonska \u0161tevilka: +187722956001<\/p><p>Elektronski naslov: contact@snow-alligator-195314.hostingersite.com<\/p>\t\t\t\t\t\t\t\t<\/div>\n\t\t\t\t<\/div>\n\t\t\t\t<div class=\"elementor-element elementor-element-3699e09a elementor-widget elementor-widget-heading\" data-id=\"3699e09a\" data-element_type=\"widget\" data-e-type=\"widget\" data-widget_type=\"heading.default\">\n\t\t\t\t<div class=\"elementor-widget-container\">\n\t\t\t\t\t<h2 class=\"elementor-heading-title elementor-size-default\">2. \u010dlen \u2013 Izmenjave<\/h2>\t\t\t\t<\/div>\n\t\t\t\t<\/div>\n\t\t\t\t<div class=\"elementor-element elementor-element-fa08263 elementor-widget elementor-widget-text-editor\" data-id=\"fa08263\" data-element_type=\"widget\" data-e-type=\"widget\" data-widget_type=\"text-editor.default\">\n\t\t\t\t<div class=\"elementor-widget-container\">\n\t\t\t\t\t\t\t\t\tZamenjamo samo pokvarjeno ali pokvarjeno blago. \u010ce menite, da je izdelek pokvarjen, nas kontaktirajte v 14 dneh po nakupu na spodnjo telefonsko \u0161tevilko ali e-po\u0161tni naslov in navedite podrobnosti o izdelku in napaki.\u00a0<\/span><\/span><\/p>\n<p align=\"JUSTIFY\"><span style=\"color: #000000;\"><span style=\"font-family: Times New Roman, serif;\">\u00a0<\/span><\/span><\/p>\nNato vam bomo povedali, kako vrniti izdelek.<\/span><\/span><\/p>\t\t\t\t\t\t\t\t<\/div>\n\t\t\t\t<\/div>\n\t\t\t\t<div class=\"elementor-element elementor-element-1d611294 elementor-widget elementor-widget-heading\" data-id=\"1d611294\" data-element_type=\"widget\" data-e-type=\"widget\" data-widget_type=\"heading.default\">\n\t\t\t\t<div class=\"elementor-widget-container\">\n\t\t\t\t\t<h2 class=\"elementor-heading-title elementor-size-default\">3. \u010dlen \u2013 Po\u0161iljanje<\/h2>\t\t\t\t<\/div>\n\t\t\t\t<\/div>\n\t\t\t\t<div class=\"elementor-element elementor-element-1d7c6615 elementor-widget elementor-widget-text-editor\" data-id=\"1d7c6615\" data-element_type=\"widget\" data-e-type=\"widget\" data-widget_type=\"text-editor.default\">\n\t\t\t\t<div class=\"elementor-widget-container\">\n\t\t\t\t\t\t\t\t\t<p>V primeru, da \u017eeli kupec iz kakr\u0161negakoli razloga vrniti izdelek kupljen na spletnem mestu prodajalcu, mora kupec o tem predhodno obvestiti prodajalca, da mu le-ta sporo\u010di navodila v zvezi z vra\u010dilom izdelka.\u00a0<\/p><p>\u00a0<\/p><p>\u010ce kupec samoiniciativno vrne izdelek prodajalcu, lahko prodajalec zavrne paket in ne vrne kupnine.<\/p><p><br \/>Ne odgovarjamo za kakr\u0161no koli izgubo ali \u0161kodo, ki nastane med transportom. \u010ce je va\u0161e vra\u010dilo upravi\u010deno do vra\u010dila, va\u0161e vra\u010dilo ne bo vklju\u010devalo nobenih stro\u0161kov po\u0161iljanja in manipuliranja, ki so lahko navedeni na odpremnici ali ra\u010dunu.<\/p><p>\u00a0<\/p><p>\u010ce \u017eelite izdelek, ki ste ga kupili, vrniti ali zamenjati, ga po\u0161ljite po po\u0161ti, skupaj s kopijo ra\u010duna in vsemi drugimi informacijami o nakupu, na spodaj naveden naslov: Comprehensive building (pred stavbo 109), Honghua Community, Yiwu City, Mesto Jinhua, provinca Zhejiang \u2013 po\u0161tna \u0161tevilka: 322000 Prejemnik: zeng li hua \u2013 \u0161tevilka: 13566961583 \u2013 Kitajska<\/p><p>\u00a0<\/p>\t\t\t\t\t\t\t\t<\/div>\n\t\t\t\t<\/div>\n\t\t\t\t<div class=\"elementor-element elementor-element-316d9186 elementor-widget elementor-widget-heading\" data-id=\"316d9186\" data-element_type=\"widget\" data-e-type=\"widget\" data-widget_type=\"heading.default\">\n\t\t\t\t<div class=\"elementor-widget-container\">\n\t\t\t\t\t<h2 class=\"elementor-heading-title elementor-size-default\">4. \u010dlen \u2013 Postopek<\/h2>\t\t\t\t<\/div>\n\t\t\t\t<\/div>\n\t\t\t\t<div class=\"elementor-element elementor-element-44c38b3f elementor-widget elementor-widget-text-editor\" data-id=\"44c38b3f\" data-element_type=\"widget\" data-e-type=\"widget\" data-widget_type=\"text-editor.default\">\n\t\t\t\t<div class=\"elementor-widget-container\">\n\t\t\t\t\t\t\t\t\t<p>Ko prejmemo va\u0161 artikel, ga bomo pregledali in vas v razumnem \u010dasu po e-po\u0161ti obvestili, ali ste upravi\u010deni do vra\u010dila ali zamenjave.<\/p><p>\u00a0<\/p><p>\u010ce ste upravi\u010deni do vra\u010dila, vam bomo povrnili kupnino in dobropis bo pripisan prvotnemu na\u010dinu pla\u010dila. Stro\u0161ki po\u0161iljanja in obdelave, ki ste jih \u017ee pla\u010dali, niso vra\u010dljivi in vrnjeni zneski ne vklju\u010dujejo stro\u0161kov po\u0161iljanja.<\/p><p>\u00a0<\/p><p>Pred prejemom vra\u010dila lahko prete\u010de najve\u010d 14 delovnih dni po prejemu na\u0161ega e-po\u0161tnega sporo\u010dila.<br \/>\u010ce ste upravi\u010deni do zamenjave, vam bomo poslali nov artikel na prvotni naslov za dostavo.<\/p>\t\t\t\t\t\t\t\t<\/div>\n\t\t\t\t<\/div>\n\t\t\t\t<div class=\"elementor-element elementor-element-2127627a elementor-widget elementor-widget-heading\" data-id=\"2127627a\" data-element_type=\"widget\" data-e-type=\"widget\" data-widget_type=\"heading.default\">\n\t\t\t\t<div class=\"elementor-widget-container\">\n\t\t\t\t\t<h2 class=\"elementor-heading-title elementor-size-default\">5. \u010dlen \u2013 Darila<\/h2>\t\t\t\t<\/div>\n\t\t\t\t<\/div>\n\t\t\t\t<div class=\"elementor-element elementor-element-507f68b5 elementor-widget elementor-widget-text-editor\" data-id=\"507f68b5\" data-element_type=\"widget\" data-e-type=\"widget\" data-widget_type=\"text-editor.default\">\n\t\t\t\t<div class=\"elementor-widget-container\">\n\t\t\t\t\t\t\t\t\t<p>\u010ce je bil vrnjeni izdelek ob nakupu ozna\u010den kot darilo in je bil poslan neposredno vam, boste prejeli darilni dobropis v vrednosti va\u0161ega vra\u010dila.\u00a0<\/p><p>\u00a0<\/p><p>\u010ce artikel ob nakupu ni bil ozna\u010den kot darilo ali \u010de je obdarovalec raje najprej prejel artikel in ga kasneje izro\u010dil vam, bomo obdarovancu vrnili denar in vedel bo, da ste artikel vrnili.<\/p>\t\t\t\t\t\t\t\t<\/div>\n\t\t\t\t<\/div>\n\t\t\t\t<div class=\"elementor-element elementor-element-148b27cf elementor-widget elementor-widget-heading\" data-id=\"148b27cf\" data-element_type=\"widget\" data-e-type=\"widget\" data-widget_type=\"heading.default\">\n\t\t\t\t<div class=\"elementor-widget-container\">\n\t\t\t\t\t<h2 class=\"elementor-heading-title elementor-size-default\">6. \u010dlen \u2013 Izjema od pravice do odstopa od pogodbe in vra\u010dila<\/h2>\t\t\t\t<\/div>\n\t\t\t\t<\/div>\n\t\t\t\t<div class=\"elementor-element elementor-element-2dac8d71 elementor-widget elementor-widget-text-editor\" data-id=\"2dac8d71\" data-element_type=\"widget\" data-e-type=\"widget\" data-widget_type=\"text-editor.default\">\n\t\t\t\t<div class=\"elementor-widget-container\">\n\t\t\t\t\t\t\t\t\t<p>Vsi personalizirani izdelki, izdelani na zahtevo v na\u0161em katalogu izdelkov, niso upravi\u010deni do vra\u010dila in vra\u010dila. \u0160teje se, da so ti izdelki nepovratni ali so del kon\u010dne prodaje.\u00a0<\/p><p>\u00a0<\/p><p>Vendar pa imajo personalizirani izdelki pravico do skladnosti, kot je opredeljeno v na\u0161ih splo\u0161nih prodajnih pogojih. Podjetje ni dol\u017eno povrniti dodatnih stro\u0161kov, \u010de je potro\u0161nik izrecno izbral dra\u017eji na\u010din dostave od standardnega na\u010dina dostave, ki ga predlaga strokovnjak.<\/p>\t\t\t\t\t\t\t\t<\/div>\n\t\t\t\t<\/div>\n\t\t\t\t\t<\/div>\n\t\t\t\t<\/div>\n\t\t\t\t<\/div>","protected":false},"excerpt":{"rendered":"<p>Politique de Retour Pr\u00e9ambule Article 1 &#8211; Retour d\u2019articles non ouverts : Nous acceptons uniquement le retour des articles retourn\u00e9s dans les 14 jours suivant la livraison, tel qu&rsquo;indiqu\u00e9 par les informations de suivi d&rsquo;origine. Vous devrez assumer les frais d\u2019exp\u00e9dition li\u00e9s au retour de votre article. Nous ne sommes pas responsables des pertes ou [&hellip;]<\/p>\n","protected":false},"author":1,"featured_media":0,"parent":0,"menu_order":0,"comment_status":"closed","ping_status":"closed","template":"","meta":{"_seopress_robots_primary_cat":"","_seopress_titles_title":"","_seopress_titles_desc":"","_seopress_robots_index":"","site-sidebar-layout":"no-sidebar","site-content-layout":"page-builder","ast-site-content-layout":"full-width-container","site-content-style":"default","site-sidebar-style":"default","ast-global-header-display":"","ast-banner-title-visibility":"","ast-main-header-display":"","ast-hfb-above-header-display":"","ast-hfb-below-header-display":"","ast-hfb-mobile-header-display":"","site-post-title":"disabled","ast-breadcrumbs-content":"","ast-featured-img":"disabled","footer-sml-layout":"","ast-disable-related-posts":"","theme-transparent-header-meta":"","adv-header-id-meta":"","stick-header-meta":"","header-above-stick-meta":"","header-main-stick-meta":"","header-below-stick-meta":"","astra-migrate-meta-layouts":"set","ast-page-background-enabled":"default","ast-page-background-meta":{"desktop":{"background-color":"","background-image":"","background-repeat":"repeat","background-position":"center center","background-size":"auto","background-attachment":"scroll","background-type":"","background-media":"","overlay-type":"","overlay-color":"","overlay-opacity":"","overlay-gradient":""},"tablet":{"background-color":"","background-image":"","background-repeat":"repeat","background-position":"center center","background-size":"auto","background-attachment":"scroll","background-type":"","background-media":"","overlay-type":"","overlay-color":"","overlay-opacity":"","overlay-gradient":""},"mobile":{"background-color":"","background-image":"","background-repeat":"repeat","background-position":"center center","background-size":"auto","background-attachment":"scroll","background-type":"","background-media":"","overlay-type":"","overlay-color":"","overlay-opacity":"","overlay-gradient":""}},"ast-content-background-meta":{"desktop":{"background-color":"var(--ast-global-color-5)","background-image":"","background-repeat":"repeat","background-position":"center center","background-size":"auto","background-attachment":"scroll","background-type":"","background-media":"","overlay-type":"","overlay-color":"","overlay-opacity":"","overlay-gradient":""},"tablet":{"background-color":"var(--ast-global-color-5)","background-image":"","background-repeat":"repeat","background-position":"center center","background-size":"auto","background-attachment":"scroll","background-type":"","background-media":"","overlay-type":"","overlay-color":"","overlay-opacity":"","overlay-gradient":""},"mobile":{"background-color":"var(--ast-global-color-5)","background-image":"","background-repeat":"repeat","background-position":"center center","background-size":"auto","background-attachment":"scroll","background-type":"","background-media":"","overlay-type":"","overlay-color":"","overlay-opacity":"","overlay-gradient":""}},"footnotes":""},"class_list":["post-4812","page","type-page","status-publish","hentry"],"_links":{"self":[{"href":"https:\/\/buying-fever.com\/sl\/wp-json\/wp\/v2\/pages\/4812","targetHints":{"allow":["GET"]}}],"collection":[{"href":"https:\/\/buying-fever.com\/sl\/wp-json\/wp\/v2\/pages"}],"about":[{"href":"https:\/\/buying-fever.com\/sl\/wp-json\/wp\/v2\/types\/page"}],"author":[{"embeddable":true,"href":"https:\/\/buying-fever.com\/sl\/wp-json\/wp\/v2\/users\/1"}],"replies":[{"embeddable":true,"href":"https:\/\/buying-fever.com\/sl\/wp-json\/wp\/v2\/comments?post=4812"}],"version-history":[{"count":0,"href":"https:\/\/buying-fever.com\/sl\/wp-json\/wp\/v2\/pages\/4812\/revisions"}],"wp:attachment":[{"href":"https:\/\/buying-fever.com\/sl\/wp-json\/wp\/v2\/media?parent=4812"}],"curies":[{"name":"wp","href":"https:\/\/api.w.org\/{rel}","templated":true}]}}