{"id":1218,"date":"2023-08-13T14:07:16","date_gmt":"2023-08-13T14:07:16","guid":{"rendered":"https:\/\/snow-alligator-195314.hostingersite.com\/?page_id=1218"},"modified":"2025-04-14T00:01:06","modified_gmt":"2025-04-13T22:01:06","slug":"politique-de-confidentialite","status":"publish","type":"page","link":"https:\/\/buying-fever.com\/sl\/politika-zasebnosti\/","title":{"rendered":"Politika zasebnosti"},"content":{"rendered":"<div data-elementor-type=\"wp-page\" data-elementor-id=\"1218\" class=\"elementor elementor-1218\" data-elementor-post-type=\"page\">\n\t\t\t\t<div class=\"elementor-element elementor-element-34f2b41 e-flex e-con-boxed e-con e-parent\" data-id=\"34f2b41\" data-element_type=\"container\" data-e-type=\"container\">\n\t\t\t\t\t<div class=\"e-con-inner\">\n\t\t\t\t<div class=\"elementor-element elementor-element-7d48753 elementor-widget elementor-widget-heading\" data-id=\"7d48753\" data-element_type=\"widget\" data-e-type=\"widget\" data-widget_type=\"heading.default\">\n\t\t\t\t<div class=\"elementor-widget-container\">\n\t\t\t\t\t<h1 class=\"elementor-heading-title elementor-size-default\">Politika zasebnosti <\/h1>\t\t\t\t<\/div>\n\t\t\t\t<\/div>\n\t\t\t\t<div class=\"elementor-element elementor-element-fd0adc1 elementor-widget elementor-widget-text-editor\" data-id=\"fd0adc1\" data-element_type=\"widget\" data-e-type=\"widget\" data-widget_type=\"text-editor.default\">\n\t\t\t\t<div class=\"elementor-widget-container\">\n\t\t\t\t\t\t\t\t\t<h2 style=\"caret-color: #000000; font-style: normal; text-transform: none; font-size: 2.235294rem; font-weight: 400; line-height: 1.3em;\">Kdo smo mi ?<\/h2><p style=\"font-style: normal; font-size: 17px; margin-bottom: 0.5em; caret-color: #000000; color: #000000;\">Na\u0161 spletni naslov je: https:\/\/snow-alligator-195314.hostingersite.com<\/p><p style=\"font-style: normal; font-size: 17px; margin-bottom: 0.5em; caret-color: #000000; color: #000000;\">Kontaktirate nas lahko na naslednji elektronski naslov: contact@snow-alligator-195314.hostingersite.com<\/p><h2 style=\"caret-color: #000000; font-style: normal; text-transform: none; font-size: 2.235294rem; font-weight: 400; line-height: 1.3em;\">Uporaba zbranih osebnih podatkov<\/h2><p style=\"font-style: normal; font-size: 17px; margin-bottom: 0.5em; caret-color: #000000; color: #000000;\">Za vsako oddano naro\u010dilo ali ustvarjanje ra\u010duna se strinjate s prejemanjem ponudb in promocij po e-po\u0161ti in\/ali telefonu.<\/p><h2 style=\"caret-color: #000000; font-style: normal; text-transform: none; font-size: 2.235294rem; font-weight: 400; line-height: 1.3em;\">Komentarji<\/h2><p style=\"font-style: normal; font-size: 17px; margin-bottom: 0.5em; caret-color: #000000; color: #000000;\">Ko na na\u0161i spletni strani pustite komentar, se zbirajo podatki, vneseni v obrazec za komentarje, pa tudi va\u0161 naslov IP in uporabni\u0161ki agent va\u0161ega brskalnika, ki nam pomagajo odkriti ne\u017eelene komentarje.<\/p><p style=\"font-style: normal; font-size: 17px; margin-bottom: 0.5em; caret-color: #000000; color: #000000;\">Anonimiziran niz, ustvarjen iz va\u0161ega e-po\u0161tnega naslova (imenovan tudi zgo\u0161\u010dena vrednost), se lahko po\u0161lje storitvi Gravatar, da preveri, ali ga uporabljate. Dolo\u010dbe o zaupnosti storitve Gravatar so na voljo tukaj: https:\/\/automattic.com\/privacy\/. Po potrditvi va\u0161ega komentarja bo va\u0161a fotografija profila javno vidna poleg va\u0161ega komentarja.<\/p><h2 style=\"caret-color: #000000; font-style: normal; text-transform: none; font-size: 2.235294rem; font-weight: 400; line-height: 1.3em;\">Mediji<\/h2><p style=\"font-style: normal; font-size: 17px; margin-bottom: 0.5em; caret-color: #000000; color: #000000;\">\u010ce ste registrirani uporabnik in na spletno mesto nalagate slike, vam svetujemo, da se izogibate nalaganju slik, ki vsebujejo podatke o koordinatah EXIF GPS. Obiskovalci va\u0161ega spletnega mesta lahko prenesejo in iz teh slik izvle\u010dejo podatke o lokaciji.<\/p><h2 style=\"caret-color: #000000; font-style: normal; text-transform: none; font-size: 2.235294rem; font-weight: 400; line-height: 1.3em;\">Kontaktni obrazci<\/h2><p style=\"font-style: normal; font-size: 17px; margin-bottom: 0.5em; caret-color: #000000; color: #000000;\">\u010ce \u017eelite stopiti v stik z nami, nam pi\u0161ite na contact@snow-alligator-195314.hostingersite.com<\/p><h2 style=\"caret-color: #000000; font-style: normal; text-transform: none; font-size: 2.235294rem; font-weight: 400; line-height: 1.3em;\">Pi\u0161kotki<\/h2><p style=\"font-style: normal; font-size: 17px; margin-bottom: 0.5em; caret-color: #000000; color: #000000;\">\u010ce pustite komentar na na\u0161em spletnem mestu, lahko svoje ime, e-po\u0161tni naslov in spletno mesto shranite v pi\u0161kotke. To je samo za va\u0161e udobje, tako da vam teh podatkov ni treba izpolnjevati, \u010de boste pozneje pustili \u0161e en komentar. Ti pi\u0161kotki pote\u010dejo po enem letu.<\/p><p style=\"font-style: normal; font-size: 17px; margin-bottom: 0.5em; caret-color: #000000; color: #000000;\">\u010ce odprete stran za prijavo, bo ustvarjen za\u010dasni pi\u0161kotek, ki bo ugotovil, ali va\u0161 brskalnik sprejema pi\u0161kotke. Ne vsebuje osebnih podatkov in se samodejno izbri\u0161e, ko zaprete brskalnik.<\/p><p style=\"font-style: normal; font-size: 17px; margin-bottom: 0.5em; caret-color: #000000; color: #000000;\">Ko se prijavite, bomo nastavili \u0161tevilne pi\u0161kotke, da shranimo va\u0161e prijavne podatke in nastavitve zaslona. \u017divljenjska doba povezovalnega pi\u0161kotka je dva dni, pi\u0161kotka mo\u017enosti zaslona pa eno leto. \u010ce ozna\u010dite \u00bbZapomni si me\u00ab, bo va\u0161 prijavni pi\u0161kotek shranjen dva tedna. \u010ce se odjavite iz svojega ra\u010duna, bo prijavni pi\u0161kotek izbrisan.<\/p><p style=\"font-style: normal; font-size: 17px; margin-bottom: 0.5em; caret-color: #000000; color: #000000;\">Z urejanjem ali objavo objave se v va\u0161 brskalnik shrani dodaten pi\u0161kotek. Ta pi\u0161kotek ne vklju\u010duje nobenih osebnih podatkov. Prikazuje le ID objave, ki ste jo pravkar uredili. Pote\u010de po enem dnevu.<\/p><h2 style=\"caret-color: #000000; font-style: normal; text-transform: none; font-size: 2.235294rem; font-weight: 400; line-height: 1.3em;\">Vsebina, vdelana z drugih spletnih mest<\/h2><p style=\"font-style: normal; font-size: 17px; margin-bottom: 0.5em; caret-color: #000000; color: #000000;\">\u010clanki na tem spletnem mestu lahko vklju\u010dujejo vdelano vsebino (npr. videe, slike, \u010dlanke itd.). Vsebina, vdelana z drugih spletnih mest, se obna\u0161a enako, kot \u010de bi obiskovalec obiskal to drugo spletno mesto.<\/p><p style=\"font-style: normal; font-size: 17px; margin-bottom: 0.5em; caret-color: #000000; color: #000000;\">Ta spletna mesta bi lahko zbirala podatke o vas, uporabljala pi\u0161kotke, vdelala orodja za sledenje tretjih oseb, sledila va\u0161im interakcijam s to vdelano vsebino, \u010de imate ra\u010dun, povezan z njihovim spletnim mestom.<\/p><h2 style=\"caret-color: #000000; font-style: normal; text-transform: none; font-size: 2.235294rem; font-weight: 400; line-height: 1.3em;\">Statistika in meritve ob\u010dinstva<\/h2><p style=\"font-style: normal; font-size: 17px; margin-bottom: 0.5em; caret-color: #000000; color: #000000;\">Uporabljamo tehnologije, kot so pi\u0161kotki, za prilagajanje vsebine in ogla\u0161evanja, zagotavljanje funkcij dru\u017ebenih medijev in analizo prometa na spletnem mestu. Podatke o va\u0161i uporabi spletnega mesta delimo z na\u0161imi zaupanja vrednimi dru\u017ebenimi mediji, ogla\u0161evalskimi in analiti\u010dnimi partnerji.<\/p><p style=\"font-style: normal; font-size: 17px; margin-bottom: 0.5em; caret-color: #000000; color: #000000;\">Za merjenje dolo\u010denih statisti\u010dnih podatkov, povezanih z razli\u010dnimi potmi strank, uporabljamo Google Analytics, njihov pravilnik o zasebnosti si lahko ogledate na naslednjem naslovu:\u00a0<a style=\"color: #f94b71;\" href=\"https:\/\/policies.google.com\/privacy?hl=fr\">https:\/\/policies.google.com\/privacy?hl=fr<\/a>\u00a0.<\/p><p style=\"font-style: normal; font-size: 17px; margin-bottom: 0.5em; caret-color: #000000; color: #000000;\">Uporabljamo tudi Facebook pixel, njihovo politiko zasebnosti si lahko ogledate na naslednjem naslovu:\u00a0<a style=\"color: #f94b71;\" href=\"https:\/\/www.facebook.com\/payments_terms\/privacy\">https:\/\/www.facebook.com\/payments_terms\/privacy\u00a0<\/a><\/p><h2 style=\"caret-color: #000000; font-style: normal; text-transform: none; font-size: 2.235294rem; font-weight: 400; line-height: 1.3em;\">\u010casi shranjevanja va\u0161ih podatkov<\/h2><p style=\"font-style: normal; font-size: 17px; margin-bottom: 0.5em; caret-color: #000000; color: #000000;\">\u010ce pustite komentar, se komentar in njegovi metapodatki hranijo za nedolo\u010den \u010das. To omogo\u010da samodejno prepoznavanje in odobritev naslednjih komentarjev, namesto da bi jih pustili v \u010dakalni vrsti za moderiranje.<\/p><p style=\"font-style: normal; font-size: 17px; margin-bottom: 0.5em; caret-color: #000000; color: #000000;\">Za uporabnike, ki se registrirajo na na\u0161i strani (\u010de je to mogo\u010de), hranimo tudi osebne podatke, navedene v njihovem profilu. Vsi uporabniki si lahko kadar koli ogledajo, spremenijo ali izbri\u0161ejo svoje osebne podatke (razen uporabni\u0161kega imena). Te informacije si lahko ogledajo in spremenijo tudi upravitelji spletnih mest.<\/p><h2 style=\"caret-color: #000000; font-style: normal; text-transform: none; font-size: 2.235294rem; font-weight: 400; line-height: 1.3em;\">Pravice, ki jih imate do svojih podatkov<\/h2><p style=\"font-style: normal; font-size: 17px; margin-bottom: 0.5em; caret-color: #000000; color: #000000;\">\u010ce imate ra\u010dun ali ste na spletnem mestu pustili komentarje, lahko zahtevate, da prejmete datoteko z vsemi osebnimi podatki, ki jih imamo o vas, vklju\u010dno s tistimi, ki ste nam jih posredovali. Prav tako lahko zahtevate izbris osebnih podatkov, ki se nana\u0161ajo na vas. To ne upo\u0161teva podatkov, shranjenih v administrativne, pravne ali varnostne namene.<\/p><h2 style=\"caret-color: #000000; font-style: normal; text-transform: none; font-size: 2.235294rem; font-weight: 400; line-height: 1.3em;\">Posredovanje va\u0161ih osebnih podatkov<\/h2><p style=\"font-style: normal; font-size: 17px; margin-bottom: 0.5em; caret-color: #000000; color: #000000;\">Komentarji obiskovalcev se lahko preverijo z avtomatsko storitvijo za zaznavanje ne\u017eelenih komentarjev.<\/p><h2 style=\"caret-color: #000000; font-style: normal; text-transform: none; font-size: 2.235294rem; font-weight: 400; line-height: 1.3em;\">Kaj zbiramo in hranimo<\/h2><p style=\"font-style: normal; font-size: 17px; margin-bottom: 0.5em; caret-color: #000000; color: #000000;\">Med va\u0161im obiskom spletnega mesta spremljamo:<\/p><ul style=\"font-style: normal; font-size: 17px; list-style-position: outside; list-style-type: disc; caret-color: #000000; color: #000000;\"><li style=\"font-size: 17px;\">Izdelki, ki ste si jih ogledali: uporabljamo jih na primer za prikaz izdelkov, ki ste si jih nedavno ogledali<\/li><li style=\"font-size: 17px;\">Lokacija, naslov IP in vrsta brskalnika: uporabljamo jih za oceno davkov in stro\u0161kov dostave<\/li><li style=\"font-size: 17px;\">Naslov za dostavo: pred oddajo naro\u010dila vas bomo prosili, da ga vnesete, da ocenimo stro\u0161ke dostave in vam po\u0161ljemo naro\u010dilo!<\/li><\/ul><p style=\"font-style: normal; font-size: 17px; margin-bottom: 0.5em; caret-color: #000000; color: #000000;\">Pi\u0161kotke uporabljamo za spremljanje vsebine nakupovalnega vozi\u010dka med brskanjem po na\u0161i strani.<\/p><p style=\"font-style: normal; font-size: 17px; margin-bottom: 0.5em; caret-color: #000000; color: #000000;\">Ko kupujete na na\u0161i spletni strani, vas bomo prosili, da posredujete podatke, vklju\u010dno z va\u0161im imenom, naslovom za izstavitev ra\u010duna, naslovom za dostavo, e-po\u0161tnim naslovom, telefonsko \u0161tevilko, podatki o pla\u010dilni\/kreditni kartici in po mo\u017enosti podrobnosti o ra\u010dunu, kot sta uporabni\u0161ko ime in geslo. Ti podatki bodo uporabljeni za:<\/p><ul style=\"font-style: normal; font-size: 17px; list-style-position: outside; list-style-type: disc; caret-color: #000000; color: #000000;\"><li style=\"font-size: 17px;\">Po\u0161iljanje podatkov o va\u0161em ra\u010dunu in naro\u010dilu<\/li><li style=\"font-size: 17px;\">Odgovorite na zahteve, vklju\u010dno z vra\u010dili in prito\u017ebami<\/li><li style=\"font-size: 17px;\">Obdelava pla\u010dil in prepre\u010devanje goljufij<\/li><li style=\"font-size: 17px;\">Nastavite svoj ra\u010dun za na\u0161o trgovino<\/li><li style=\"font-size: 17px;\">Upo\u0161tevajte vse zakonske obveznosti, kot je izra\u010dun davkov<\/li><li style=\"font-size: 17px;\">Izbolj\u0161ajte ponudbo na\u0161e trgovine<\/li><li style=\"font-size: 17px;\">Po\u0161iljanje marketin\u0161kih sporo\u010dil, \u010de se odlo\u010dite za njihovo prejemanje<\/li><\/ul><p style=\"font-style: normal; font-size: 17px; margin-bottom: 0.5em; caret-color: #000000; color: #000000;\">\u010ce ustvarite ra\u010dun, shranimo va\u0161e ime, naslov, e-po\u0161to in telefonsko \u0161tevilko, ki bodo uporabljeni za vnaprej\u0161njo izpolnitev potrditve naro\u010dila za prihodnja naro\u010dila.<\/p><p style=\"font-style: normal; font-size: 17px; margin-bottom: 0.5em; caret-color: #000000; color: #000000;\">Nous stockons g\u00e9n\u00e9ralement vos informations aussi longtemps que nous en avons besoin pour l\u2019usage pour lequel nous les collectons et utilisons, et nous ne sommes pas oblig\u00e9s l\u00e9galement de conitnuer \u00e0 les conserver. Par exemple, nous stockons les informations de commande pour 2 ann\u00e9es pour les taxes et la comptabilit\u00e9. Ceci inclut votre nom, adresse de messagerie et adresses de facturation et livraison.<\/p><p style=\"font-style: normal; font-size: 17px; margin-bottom: 0.5em; caret-color: #000000; color: #000000;\">Shranjujemo tudi komentarje ali ocene, \u010de se odlo\u010dite, da jih po\u0161ljete.<\/p><h2 style=\"caret-color: #000000; font-style: normal; text-transform: none; font-size: 2.235294rem; font-weight: 400; line-height: 1.3em;\">Kdo v na\u0161i ekipi ima dostop do podatkov<\/h2><p style=\"font-style: normal; font-size: 17px; margin-bottom: 0.5em; caret-color: #000000; color: #000000;\">\u010clani na\u0161e ekipe imajo dostop do informacij, ki nam jih posredujete. Skrbniki in upravitelji trgovin imajo na primer dostop do:<\/p><ul style=\"font-style: normal; font-size: 17px; list-style-position: outside; list-style-type: disc; caret-color: #000000; color: #000000;\"><li style=\"font-size: 17px;\">Informacije o naro\u010dilu, na primer, kaj je bilo kupljeno, kdaj in kam naj se po\u0161lje ter<\/li><li style=\"font-size: 17px;\">Podatki o stranki, kot so va\u0161e ime, e-po\u0161tni naslov ter podatki za obra\u010dun in po\u0161iljanje.<\/li><\/ul><p style=\"font-style: normal; font-size: 17px; margin-bottom: 0.5em; caret-color: #000000; color: #000000;\">Na\u0161a ekipa ima dostop do teh informacij za obdelavo naro\u010dil, izdajanje vra\u010dil in podporo.<\/p><h2 style=\"caret-color: #000000; font-style: normal; text-transform: none; font-size: 2.235294rem; font-weight: 400; line-height: 1.3em;\">Kaj delimo z drugimi<\/h2><p style=\"font-style: normal; font-size: 17px; margin-bottom: 0.5em; caret-color: #000000; color: #000000;\">Podatke delimo s tretjimi osebami, ki nam pomagajo upravljati na\u0161a naro\u010dila in storitve trgovine; Stripe, ki je pla\u010dilna storitev s kreditno kartico, in PayPal, ki je pla\u010dilni prehod.<\/p><h3 style=\"caret-color: #000000; font-style: normal; font-size: 1.764706rem; font-weight: 400; line-height: 1.3em;\">Pla\u010dila<\/h3><p style=\"font-style: normal; font-size: 17px; margin-bottom: 0.5em; caret-color: #000000; color: #000000;\">Sprejemamo pla\u010dila preko PayPal in Stripe. Pri obdelavi pla\u010dil se dolo\u010deni podatki prenesejo v PayPal ali Stripe, vklju\u010dno s podatki, ki so potrebni za dokon\u010danje pla\u010dila, kot je skupni znesek ali informacije za obra\u010dun.<\/p><p style=\"font-style: normal; font-size: 17px; margin-bottom: 0.5em; caret-color: #000000; color: #000000;\">Prosimo, preberite\u00a0<a style=\"color: #f94b71;\" href=\"https:\/\/www.paypal.com\/us\/webapps\/mpp\/ua\/privacy-full\">Politika zasebnosti PayPal<\/a>\u00a0za ve\u010d podrobnosti.<\/p><p style=\"font-style: normal; font-size: 17px; margin-bottom: 0.5em; caret-color: #000000; color: #000000;\">Prosimo, preberite\u00a0<a style=\"color: #f94b71;\" href=\"https:\/\/stripe.com\/fr\/privacy\">Politika zasebnosti Stripe<\/a>\u00a0za ve\u010d podrobnosti.<\/p>\t\t\t\t\t\t\t\t<\/div>\n\t\t\t\t<\/div>\n\t\t\t\t\t<\/div>\n\t\t\t\t<\/div>\n\t\t\t\t<\/div>","protected":false},"excerpt":{"rendered":"<p>Politique de Confidentialit\u00e9 Qui sommes-nous\u00a0? L\u2019adresse de notre site Web est : https:\/\/snow-alligator-195314.hostingersite.com Vous pouvez nous contacter \u00e0 l\u2019adresse email suivante : contact@snow-alligator-195314.hostingersite.com Utilisation des donn\u00e9es personnelles collect\u00e9es Pour toute commande effectu\u00e9e ou toute cr\u00e9ation de compte, vous acceptez de recevoir des offres et promotions par email et\/ou par t\u00e9l\u00e9phone. Commentaires Quand vous laissez un [&hellip;]<\/p>\n","protected":false},"author":1,"featured_media":0,"parent":0,"menu_order":0,"comment_status":"closed","ping_status":"closed","template":"","meta":{"_seopress_robots_primary_cat":"","_seopress_titles_title":"","_seopress_titles_desc":"","_seopress_robots_index":"","site-sidebar-layout":"no-sidebar","site-content-layout":"page-builder","ast-site-content-layout":"default","site-content-style":"default","site-sidebar-style":"default","ast-global-header-display":"","ast-banner-title-visibility":"","ast-main-header-display":"","ast-hfb-above-header-display":"","ast-hfb-below-header-display":"","ast-hfb-mobile-header-display":"","site-post-title":"disabled","ast-breadcrumbs-content":"","ast-featured-img":"disabled","footer-sml-layout":"","ast-disable-related-posts":"","theme-transparent-header-meta":"","adv-header-id-meta":"","stick-header-meta":"","header-above-stick-meta":"","header-main-stick-meta":"","header-below-stick-meta":"","astra-migrate-meta-layouts":"default","ast-page-background-enabled":"default","ast-page-background-meta":{"desktop":{"background-color":"","background-image":"","background-repeat":"repeat","background-position":"center center","background-size":"auto","background-attachment":"scroll","background-type":"","background-media":"","overlay-type":"","overlay-color":"","overlay-opacity":"","overlay-gradient":""},"tablet":{"background-color":"","background-image":"","background-repeat":"repeat","background-position":"center center","background-size":"auto","background-attachment":"scroll","background-type":"","background-media":"","overlay-type":"","overlay-color":"","overlay-opacity":"","overlay-gradient":""},"mobile":{"background-color":"","background-image":"","background-repeat":"repeat","background-position":"center center","background-size":"auto","background-attachment":"scroll","background-type":"","background-media":"","overlay-type":"","overlay-color":"","overlay-opacity":"","overlay-gradient":""}},"ast-content-background-meta":{"desktop":{"background-color":"var(--ast-global-color-5)","background-image":"","background-repeat":"repeat","background-position":"center center","background-size":"auto","background-attachment":"scroll","background-type":"","background-media":"","overlay-type":"","overlay-color":"","overlay-opacity":"","overlay-gradient":""},"tablet":{"background-color":"var(--ast-global-color-5)","background-image":"","background-repeat":"repeat","background-position":"center center","background-size":"auto","background-attachment":"scroll","background-type":"","background-media":"","overlay-type":"","overlay-color":"","overlay-opacity":"","overlay-gradient":""},"mobile":{"background-color":"var(--ast-global-color-5)","background-image":"","background-repeat":"repeat","background-position":"center center","background-size":"auto","background-attachment":"scroll","background-type":"","background-media":"","overlay-type":"","overlay-color":"","overlay-opacity":"","overlay-gradient":""}},"footnotes":""},"class_list":["post-1218","page","type-page","status-publish","hentry"],"_links":{"self":[{"href":"https:\/\/buying-fever.com\/sl\/wp-json\/wp\/v2\/pages\/1218","targetHints":{"allow":["GET"]}}],"collection":[{"href":"https:\/\/buying-fever.com\/sl\/wp-json\/wp\/v2\/pages"}],"about":[{"href":"https:\/\/buying-fever.com\/sl\/wp-json\/wp\/v2\/types\/page"}],"author":[{"embeddable":true,"href":"https:\/\/buying-fever.com\/sl\/wp-json\/wp\/v2\/users\/1"}],"replies":[{"embeddable":true,"href":"https:\/\/buying-fever.com\/sl\/wp-json\/wp\/v2\/comments?post=1218"}],"version-history":[{"count":0,"href":"https:\/\/buying-fever.com\/sl\/wp-json\/wp\/v2\/pages\/1218\/revisions"}],"wp:attachment":[{"href":"https:\/\/buying-fever.com\/sl\/wp-json\/wp\/v2\/media?parent=1218"}],"curies":[{"name":"wp","href":"https:\/\/api.w.org\/{rel}","templated":true}]}}