{"id":1215,"date":"2023-08-13T14:06:55","date_gmt":"2023-08-13T14:06:55","guid":{"rendered":"https:\/\/snow-alligator-195314.hostingersite.com\/?page_id=1215"},"modified":"2025-04-13T23:59:30","modified_gmt":"2025-04-13T21:59:30","slug":"mentions-legales","status":"publish","type":"page","link":"https:\/\/buying-fever.com\/sl\/pravno-obvestilo\/","title":{"rendered":"Pravno obvestilo"},"content":{"rendered":"<div data-elementor-type=\"wp-page\" data-elementor-id=\"1215\" class=\"elementor elementor-1215\" data-elementor-post-type=\"page\">\n\t\t\t\t<div class=\"elementor-element elementor-element-1059819 e-flex e-con-boxed e-con e-parent\" data-id=\"1059819\" data-element_type=\"container\" data-e-type=\"container\">\n\t\t\t\t\t<div class=\"e-con-inner\">\n\t\t\t\t<div class=\"elementor-element elementor-element-15e19df elementor-widget elementor-widget-heading\" data-id=\"15e19df\" data-element_type=\"widget\" data-e-type=\"widget\" data-widget_type=\"heading.default\">\n\t\t\t\t<div class=\"elementor-widget-container\">\n\t\t\t\t\t<h1 class=\"elementor-heading-title elementor-size-default\">Pravno obvestilo<\/h1>\t\t\t\t<\/div>\n\t\t\t\t<\/div>\n\t\t\t\t<div class=\"elementor-element elementor-element-7e740d0 elementor-widget elementor-widget-text-editor\" data-id=\"7e740d0\" data-element_type=\"widget\" data-e-type=\"widget\" data-widget_type=\"text-editor.default\">\n\t\t\t\t<div class=\"elementor-widget-container\">\n\t\t\t\t\t\t\t\t\t<h2 style=\"font-style: normal; text-transform: none; font-size: 2rem; margin-bottom: 0px; color: #005ca2; line-height: 1.25em; caret-color: #7a7a7a;\"><span style=\"color: #333333;\">1. Predstavitev mesta.<\/span><\/h2><div style=\"caret-color: #7a7a7a; color: #7a7a7a; font-size: 15px;\"><p style=\"font-size: 15px; margin-bottom: 1.75em;\">V skladu s 6. \u010dlenom zakona \u0161t. 2004-575 z dne 21. junija 2004 o zaupanju v digitalno gospodarstvo so uporabniki spletnega mesta buying-fever.com obve\u0161\u010deni o identiteti razli\u010dnih udele\u017eencev v okviru njegovega izvajanja in spremljanja:<\/p><p style=\"font-size: 15px; margin-bottom: 1.75em;\"><strong>Lastnik<\/strong> : Brand Success \u2013 78, Avenue des Champs-\u00c9lys\u00e9es, Bureau 562, 75008 Paris \u2013 France. Siret : 83353766500022<\/p><p style=\"font-size: 15px; margin-bottom: 1.75em;\"><span style=\"font-style: inherit; color: var( --e-global-color-text ); font-family: var( --e-global-typography-text-font-family ), Sans-serif;\">Upravitelj publikacije je fizi\u010dna ali pravna oseba.<\/span><\/p><p style=\"font-size: 15px; margin-bottom: 1.75em;\"><strong>Gostitelj<\/strong>\u00a0:\u00a0<em>OVH<\/em>\u00a0SAS: 2 rue Kellermann \u2013 BP 80157 59053 ROUBAIX CEDEX 1<\/p><h3 style=\"font-size: 1.666667rem; margin-bottom: 0px; color: #005ca2; line-height: 1.2em;\"><span style=\"color: #333333;\">2. Splo\u0161ni pogoji uporabe spletnega mesta in ponujenih storitev.<\/span><\/h3><p style=\"font-size: 15px; margin-bottom: 1.75em;\">Uporaba spletnega mesta buying-fever.com pomeni popolno sprejemanje spodaj opisanih splo\u0161nih pogojev uporabe. Ti pogoji uporabe se lahko kadarkoli spremenijo ali dopolnijo, zato uporabnike spletnega mesta buying-fever.com vabimo, da jih redno pregledujejo.<\/p><p style=\"font-size: 15px; margin-bottom: 1.75em;\">Ce site est normalement accessible \u00e0 tout moment aux utilisateurs. Une interruption pour raison de maintenance technique peut \u00eatre toutefois d\u00e9cid\u00e9e par Brand Success, qui s\u2019efforcera alors de communiquer pr\u00e9alablement aux utilisateurs les dates et heures de l\u2019intervention.<\/p><p style=\"font-size: 15px; margin-bottom: 1.75em;\">Spletno mesto buying-fever.com<a style=\"color: #547dd3;\" href=\"https:\/\/rocket-marketing.eu\/\">\u00a0<\/a>est mis \u00e0 jour r\u00e9guli\u00e8rement par Brand Success. De la m\u00eame fa\u00e7on, les mentions l\u00e9gales peuvent \u00eatre modifi\u00e9es \u00e0 tout moment : elles s\u2019imposent n\u00e9anmoins \u00e0 l\u2019utilisateur qui est invit\u00e9 \u00e0 s\u2019y r\u00e9f\u00e9rer le plus souvent possible afin d\u2019en prendre connaissance.<\/p><h3 style=\"font-size: 1.666667rem; margin-bottom: 0px; color: #005ca2; line-height: 1.2em;\"><span style=\"color: #333333;\">3. Opis opravljenih storitev.<\/span><\/h3><p style=\"font-size: 15px; margin-bottom: 1.75em;\">Namen spletnega mesta buying-fever.com je posredovanje informacij o vseh dejavnostih podjetja.<\/p><p style=\"font-size: 15px; margin-bottom: 1.75em;\">Brand Success s\u2019efforce de fournir sur le site buying-fever.com des informations aussi pr\u00e9cises que possible. Toutefois, il ne pourra \u00eatre tenue responsable des omissions, des inexactitudes et des carences dans la mise \u00e0 jour, qu\u2019elles soient de son fait ou du fait des tiers partenaires qui lui fournissent ces informations.<\/p><p style=\"font-size: 15px; margin-bottom: 1.75em;\">Vse informacije, navedene na spletnem mestu buying-fever.com, so zgolj informativne narave in se lahko spremenijo. Poleg tega informacije na spletnem mestu buying-fever.com niso iz\u010drpne. Podani so predmet sprememb, ki so bile narejene, odkar so bili objavljeni na spletu.<\/p><h3 style=\"font-size: 1.666667rem; margin-bottom: 0px; color: #005ca2; line-height: 1.2em;\"><span style=\"color: #333333;\">4. Pogodbene omejitve tehni\u010dnih podatkov.<\/span><\/h3><p style=\"font-size: 15px; margin-bottom: 1.75em;\">Spletno mesto uporablja tehnologijo JavaScript.<\/p><p style=\"font-size: 15px; margin-bottom: 1.75em;\">Spletno mesto ne more biti odgovorno za materialno \u0161kodo, povezano z uporabo spletnega mesta. Poleg tega se uporabnik spletnega mesta zavezuje, da bo do spletnega mesta dostopal z najnovej\u0161o opremo, ki ne vsebuje virusov, in s posodobljenim brskalnikom zadnje generacije.<\/p><h3 style=\"font-size: 1.666667rem; margin-bottom: 0px; color: #005ca2; line-height: 1.2em;\"><span style=\"color: #333333;\">5. Intelektualna lastnina in ponarejanje.<\/span><\/h3><p style=\"font-size: 15px; margin-bottom: 1.75em;\">Brand Success est propri\u00e9taire des droits de propri\u00e9t\u00e9 intellectuelle ou d\u00e9tient les droits d\u2019usage sur tous les \u00e9l\u00e9ments accessibles sur le site, notamment les textes, images, graphismes, logo, ic\u00f4nes, sons, logiciels.<\/p><p style=\"font-size: 15px; margin-bottom: 1.75em;\">Toute reproduction, repr\u00e9sentation, modification, publication, adaptation de tout ou partie des \u00e9l\u00e9ments du site, quel que soit le moyen ou le proc\u00e9d\u00e9 utilis\u00e9, est interdite, sauf autorisation \u00e9crite pr\u00e9alable de la soci\u00e9t\u00e9 Brand Success.<\/p><p style=\"font-size: 15px; margin-bottom: 1.75em;\">Vsaka nepoobla\u0161\u010dena uporaba spletnega mesta ali katerega koli elementa, ki ga vsebuje, bo obravnavana kot kr\u0161itev in preganjana v skladu z dolo\u010dbami \u010dlenov L.335-2 in naslednjih Zakonika o intelektualni lastnini.<\/p><h3 style=\"font-size: 1.666667rem; margin-bottom: 0px; color: #005ca2; line-height: 1.2em;\"><span style=\"color: #333333;\">6. Omejitve odgovornosti.<\/span><\/h3><p style=\"font-size: 15px; margin-bottom: 1.75em;\">Brand Success ne pourra \u00eatre tenue responsable des dommages directs et indirects caus\u00e9s au mat\u00e9riel de l\u2019utilisateur, lors de l\u2019acc\u00e8s au site buying-fever.com, et r\u00e9sultant soit de l\u2019utilisation d\u2019un mat\u00e9riel ne r\u00e9pondant pas aux sp\u00e9cifications indiqu\u00e9es au point 4, soit de l\u2019apparition d\u2019un bug ou d\u2019une incompatibilit\u00e9.<\/p><p style=\"font-size: 15px; margin-bottom: 1.75em;\">Brand Success ne pourra \u00e9galement \u00eatre tenue responsable des dommages indirects (tels par exemple qu\u2019une perte de march\u00e9 ou perte d\u2019une chance) cons\u00e9cutifs \u00e0 l\u2019utilisation du site buying-fever.com<\/p><p style=\"font-size: 15px; margin-bottom: 1.75em;\">Des espaces interactifs (possibilit\u00e9 de poser des questions dans l\u2019espace contact) sont \u00e0 la disposition des utilisateurs. Brand Success se r\u00e9serve le droit de supprimer, sans mise en demeure pr\u00e9alable, tout contenu d\u00e9pos\u00e9 dans cet espace qui contreviendrait \u00e0 la l\u00e9gislation applicable en France, en particulier aux dispositions relatives \u00e0 la protection des donn\u00e9es. Le cas \u00e9ch\u00e9ant, Brand Success se r\u00e9serve \u00e9galement la possibilit\u00e9 de mettre en cause la responsabilit\u00e9 civile et\/ou p\u00e9nale de l\u2019utilisateur, notamment en cas de message \u00e0 caract\u00e8re raciste, injurieux, diffamant, ou pornographique, quel que soit le support utilis\u00e9 (texte, photographie\u2026).<\/p><h3 style=\"font-size: 1.666667rem; margin-bottom: 0px; color: #005ca2; line-height: 1.2em;\"><span style=\"color: #333333;\">7. Upravljanje osebnih podatkov.<\/span><\/h3><p style=\"font-size: 15px; margin-bottom: 1.75em;\">V Franciji so osebni podatki posebej za\u0161\u010diteni z zakonom \u0161t. 78-87 z dne 6. januarja 1978, zakonom \u0161t. 2004-801 z dne 6. avgusta 2004, \u010dlenom L. 226-13 kazenskega zakonika in evropsko direktivo z dne 24. oktobra. , 1995.<\/p><p style=\"font-size: 15px; margin-bottom: 1.75em;\">Pri uporabi spletnega mesta buying-fever.com se lahko zbirajo: URL-ji povezav, prek katerih je uporabnik dostopal do spletnega mesta buying-fever.com, ponudnik uporabnikovega dostopa, naslov internetnega protokola (IP) uporabnika.<\/p><p style=\"font-size: 15px; margin-bottom: 1.75em;\">En tout \u00e9tat de cause Brand Success ne collecte des informations personnelles relatives \u00e0 l\u2019utilisateur que pour le besoin de certains services propos\u00e9s par le site buying-fever.com. L\u2019utilisateur fournit ces informations en toute connaissance de cause, notamment lorsqu\u2019il proc\u00e8de par lui-m\u00eame \u00e0 leur saisie. Il est alors pr\u00e9cis\u00e9 \u00e0 l\u2019utilisateur du site buying-fever.com a l\u2019obligation ou non de fournir ces informations.<\/p><p style=\"font-size: 15px; margin-bottom: 1.75em;\">V skladu z dolo\u010dbami 38. in naslednjih \u010dlenov zakona 78-17 z dne 6. januarja 1978 o obdelavi podatkov, datotekah in svobo\u0161\u010dinah ima vsak uporabnik pravico do dostopa, popravka in nasprotovanja osebnim podatkom, ki se nana\u0161ajo nanj, tako da pisno in podpisano zahtevo, ki ji je prilo\u017eena kopija osebnega dokumenta s podpisom imetnika dokumenta z navedbo naslova, na katerega se po\u0161lje odgovor.<\/p><p style=\"font-size: 15px; margin-bottom: 1.75em;\">Aucune information personnelle de l\u2019utilisateur du site buying-fever.com n\u2019est publi\u00e9e \u00e0 l\u2019insu de l\u2019utilisateur, \u00e9chang\u00e9e, transf\u00e9r\u00e9e, c\u00e9d\u00e9e ou vendue sur un support quelconque \u00e0 des tiers. Seule l\u2019hypoth\u00e8se du rachat de Brand Success et de ses droits permettrait la transmission des dites informations \u00e0 l\u2019\u00e9ventuel acqu\u00e9reur qui serait \u00e0 son tour tenu de la m\u00eame obligation de conservation et de modification des donn\u00e9es vis \u00e0 vis de l\u2019utilisateur du site buying-fever.com<\/p><p style=\"font-size: 15px; margin-bottom: 1.75em;\">Baze podatkov so za\u0161\u010ditene z dolo\u010dbami zakona z dne 1. julija 1998 o prenosu direktive 96\/9 z dne 11. marca 1996 o pravnem varstvu baz podatkov.<\/p><h3 style=\"font-size: 1.666667rem; margin-bottom: 0px; color: #005ca2; line-height: 1.2em;\"><span style=\"color: #333333;\">8. Hiperbesedilne povezave in pi\u0161kotki.<\/span><\/h3><p style=\"font-size: 15px; margin-bottom: 1.75em;\">Le site buying-fever.com contient un certain nombre de liens hypertextes vers d\u2019autres sites, mis en place avec l\u2019autorisation de Brand Success. Cependant, Brand Success n\u2019a pas la possibilit\u00e9 de v\u00e9rifier le contenu des sites ainsi visit\u00e9s, et n\u2019assumera en cons\u00e9quence aucune responsabilit\u00e9 de ce fait.<\/p><p style=\"font-size: 15px; margin-bottom: 1.75em;\">Brskanje po spletnem mestu buying-fever.com lahko povzro\u010di namestitev pi\u0161kotka(-ov) na uporabnikov ra\u010dunalnik. Pi\u0161kotek je majhna datoteka, ki ne omogo\u010da identifikacije uporabnika, vendar bele\u017ei informacije v zvezi z navigacijo ra\u010dunalnika na spletnem mestu. Tako pridobljeni podatki so namenjeni olaj\u0161anju kasnej\u0161e navigacije po spletnem mestu, namenjeni pa so tudi razli\u010dnim meritvam prometa.<\/p><p style=\"font-size: 15px; margin-bottom: 1.75em;\">Zavrnitev namestitve pi\u0161kotka lahko povzro\u010di nemogo\u010d dostop do dolo\u010denih storitev. Uporabnik pa lahko konfigurira svoj ra\u010dunalnik na naslednji na\u010din, da zavrne namestitev pi\u0161kotkov:<\/p><p style=\"font-size: 15px; margin-bottom: 1.75em;\">Pod Internet Explorerjem: zavihek orodij (piktogram v obliki zobnika zgoraj desno) \/ internetne mo\u017enosti. Kliknite Zasebnost in izberite Blokiraj vse pi\u0161kotke. Potrdi v redu.<\/p><p style=\"font-size: 15px; margin-bottom: 1.75em;\">Pod Firefoxom: na vrhu okna brskalnika kliknite gumb Firefox, nato pojdite na zavihek Mo\u017enosti. Kliknite zavihek Zasebnost. Nastavite pravila hrambe na: Uporabite nastavitve po meri za zgodovino. Na koncu po\u010distite polje, da onemogo\u010dite pi\u0161kotke.<\/p><p style=\"font-size: 15px; margin-bottom: 1.75em;\">V brskalniku Safari: Kliknite v zgornjem desnem kotu brskalnika na piktogram menija (simboliziran z zobnikom). Izberite Nastavitve. Kliknite Prika\u017ei napredne nastavitve. V razdelku \u00bbZasebnost\u00ab kliknite Nastavitve vsebine. V razdelku \u00bbPi\u0161kotki\u00ab lahko blokirate pi\u0161kotke.<\/p><p style=\"font-size: 15px; margin-bottom: 1.75em;\">Pod Chromom: Kliknite v zgornjem desnem kotu brskalnika na piktogram menija (simboliziran s tremi vodoravnimi \u010drtami). Izberite Nastavitve. Kliknite Prika\u017ei napredne nastavitve. V razdelku \u00bbZasebnost\u00ab kliknite Nastavitve. V zavihku \u00bbZasebnost\u00ab lahko blokirate pi\u0161kotke.<\/p><h3 style=\"font-size: 1.666667rem; margin-bottom: 0px; color: #005ca2; line-height: 1.2em;\"><span style=\"color: #333333;\">9. Veljavno pravo in dodelitev pristojnosti.<\/span><\/h3><p style=\"font-size: 15px; margin-bottom: 1.75em;\">Za vse spore v zvezi z uporabo spletnega mesta buying-fever.com velja francosko pravo. Izklju\u010dna pristojnost je podeljena pristojnim sodi\u0161\u010dem v Parizu.<\/p><h3 style=\"font-size: 1.666667rem; margin-bottom: 0px; color: #005ca2; line-height: 1.2em;\"><span style=\"color: #333333;\">10. Glavni zadevni zakoni.<\/span><\/h3><p style=\"font-size: 15px; margin-bottom: 1.75em;\">Zakon \u0161t. 78-17 z dne 6. januarja 1978, posebej spremenjen z zakonom \u0161t. 2004-801 z dne 6. avgusta 2004 v zvezi z ra\u010dunalni\u0161tvom, datotekami in svobo\u0161\u010dinami.<\/p><p style=\"font-size: 15px; margin-bottom: 1.75em;\">Zakon \u0161t. 2004-575 z dne 21. junija 2004 za zaupanje v digitalno gospodarstvo.<\/p><h3 style=\"font-size: 1.666667rem; margin-bottom: 0px; color: #005ca2; line-height: 1.2em;\"><span style=\"color: #333333;\">11. Glosar.<\/span><\/h3><p style=\"font-size: 15px; margin-bottom: 1.75em;\">Uporabnik: internetni uporabnik, ki se povezuje z zgoraj omenjeno stranjo.<\/p><p style=\"font-size: 15px; margin-bottom: 1.75em;\">Osebni podatki: \u00bbinformacije, ki omogo\u010dajo v kakr\u0161ni koli obliki, neposredno ali posredno, identifikacijo fizi\u010dnih oseb, na katere se nana\u0161ajo\u00ab (4. \u010dlen zakona \u0161t. 78-17 z dne 6. januarja 1978).<\/p><\/div>\t\t\t\t\t\t\t\t<\/div>\n\t\t\t\t<\/div>\n\t\t\t\t\t<\/div>\n\t\t\t\t<\/div>\n\t\t\t\t<\/div>","protected":false},"excerpt":{"rendered":"<p>Mentions L\u00e9gales 1. Pr\u00e9sentation du site. En vertu de l\u2019article 6 de la loi n\u00b0 2004-575 du 21 juin 2004 pour la confiance dans l\u2019\u00e9conomie num\u00e9rique, il est pr\u00e9cis\u00e9 aux utilisateurs du site buying-fever.com l\u2019identit\u00e9 des diff\u00e9rents intervenants dans le cadre de sa r\u00e9alisation et de son suivi : Propri\u00e9taire : Brand Success \u2013 78, [&hellip;]<\/p>\n","protected":false},"author":1,"featured_media":0,"parent":0,"menu_order":0,"comment_status":"closed","ping_status":"closed","template":"","meta":{"_seopress_robots_primary_cat":"","_seopress_titles_title":"","_seopress_titles_desc":"","_seopress_robots_index":"","site-sidebar-layout":"no-sidebar","site-content-layout":"page-builder","ast-site-content-layout":"default","site-content-style":"default","site-sidebar-style":"default","ast-global-header-display":"","ast-banner-title-visibility":"","ast-main-header-display":"","ast-hfb-above-header-display":"","ast-hfb-below-header-display":"","ast-hfb-mobile-header-display":"","site-post-title":"disabled","ast-breadcrumbs-content":"","ast-featured-img":"disabled","footer-sml-layout":"","ast-disable-related-posts":"","theme-transparent-header-meta":"","adv-header-id-meta":"","stick-header-meta":"","header-above-stick-meta":"","header-main-stick-meta":"","header-below-stick-meta":"","astra-migrate-meta-layouts":"default","ast-page-background-enabled":"default","ast-page-background-meta":{"desktop":{"background-color":"","background-image":"","background-repeat":"repeat","background-position":"center center","background-size":"auto","background-attachment":"scroll","background-type":"","background-media":"","overlay-type":"","overlay-color":"","overlay-opacity":"","overlay-gradient":""},"tablet":{"background-color":"","background-image":"","background-repeat":"repeat","background-position":"center center","background-size":"auto","background-attachment":"scroll","background-type":"","background-media":"","overlay-type":"","overlay-color":"","overlay-opacity":"","overlay-gradient":""},"mobile":{"background-color":"","background-image":"","background-repeat":"repeat","background-position":"center center","background-size":"auto","background-attachment":"scroll","background-type":"","background-media":"","overlay-type":"","overlay-color":"","overlay-opacity":"","overlay-gradient":""}},"ast-content-background-meta":{"desktop":{"background-color":"var(--ast-global-color-5)","background-image":"","background-repeat":"repeat","background-position":"center center","background-size":"auto","background-attachment":"scroll","background-type":"","background-media":"","overlay-type":"","overlay-color":"","overlay-opacity":"","overlay-gradient":""},"tablet":{"background-color":"var(--ast-global-color-5)","background-image":"","background-repeat":"repeat","background-position":"center center","background-size":"auto","background-attachment":"scroll","background-type":"","background-media":"","overlay-type":"","overlay-color":"","overlay-opacity":"","overlay-gradient":""},"mobile":{"background-color":"var(--ast-global-color-5)","background-image":"","background-repeat":"repeat","background-position":"center center","background-size":"auto","background-attachment":"scroll","background-type":"","background-media":"","overlay-type":"","overlay-color":"","overlay-opacity":"","overlay-gradient":""}},"footnotes":""},"class_list":["post-1215","page","type-page","status-publish","hentry"],"_links":{"self":[{"href":"https:\/\/buying-fever.com\/sl\/wp-json\/wp\/v2\/pages\/1215","targetHints":{"allow":["GET"]}}],"collection":[{"href":"https:\/\/buying-fever.com\/sl\/wp-json\/wp\/v2\/pages"}],"about":[{"href":"https:\/\/buying-fever.com\/sl\/wp-json\/wp\/v2\/types\/page"}],"author":[{"embeddable":true,"href":"https:\/\/buying-fever.com\/sl\/wp-json\/wp\/v2\/users\/1"}],"replies":[{"embeddable":true,"href":"https:\/\/buying-fever.com\/sl\/wp-json\/wp\/v2\/comments?post=1215"}],"version-history":[{"count":0,"href":"https:\/\/buying-fever.com\/sl\/wp-json\/wp\/v2\/pages\/1215\/revisions"}],"wp:attachment":[{"href":"https:\/\/buying-fever.com\/sl\/wp-json\/wp\/v2\/media?parent=1215"}],"curies":[{"name":"wp","href":"https:\/\/api.w.org\/{rel}","templated":true}]}}