{"id":5660,"date":"2023-12-15T01:15:32","date_gmt":"2023-12-14T23:15:32","guid":{"rendered":"https:\/\/snow-alligator-195314.hostingersite.com\/?post_type=product&#038;p=5660"},"modified":"2025-06-14T01:24:43","modified_gmt":"2025-06-13T23:24:43","slug":"magic-ball","status":"publish","type":"product","link":"https:\/\/buying-fever.com\/ru\/product\/\u0432\u043e\u043b\u0448\u0435\u0431\u043d\u044b\u0439-\u0448\u0430\u0440\/","title":{"rendered":"\u0412\u043e\u043b\u0448\u0435\u0431\u043d\u044b\u0439 \u0448\u0430\u0440"},"content":{"rendered":"<div data-elementor-type=\"product-post\" data-elementor-id=\"5660\" class=\"elementor elementor-5660\" data-elementor-post-type=\"product\">\n\t\t\t\t<div class=\"elementor-element elementor-element-31944fca e-flex e-con-boxed e-con e-parent\" data-id=\"31944fca\" data-element_type=\"container\" data-e-type=\"container\">\n\t\t\t\t\t<div class=\"e-con-inner\">\n\t\t\t\t<div class=\"elementor-element elementor-element-74362f6d elementor-widget elementor-widget-heading\" data-id=\"74362f6d\" data-element_type=\"widget\" data-e-type=\"widget\" data-widget_type=\"heading.default\">\n\t\t\t\t<div class=\"elementor-widget-container\">\n\t\t\t\t\t<h2 class=\"elementor-heading-title elementor-size-default\">\u0415\u0434\u0438\u043d\u0441\u0442\u0432\u0435\u043d\u043d\u0430\u044f \u043f\u0443\u043b\u044f, \u043a\u043e\u0442\u043e\u0440\u0430\u044f \u0432\u043e\u0437\u0432\u0440\u0430\u0449\u0430\u0435\u0442\u0441\u044f \u043a \u0442\u0435\u0431\u0435!<\/h2>\t\t\t\t<\/div>\n\t\t\t\t<\/div>\n\t\t\t\t<div class=\"elementor-element elementor-element-f65ac91 elementor-widget elementor-widget-text-editor\" data-id=\"f65ac91\" data-element_type=\"widget\" data-e-type=\"widget\" data-widget_type=\"text-editor.default\">\n\t\t\t\t<div class=\"elementor-widget-container\">\n\t\t\t\t\t\t\t\t\t<p>\u0412\u043e\u043b\u0448\u0435\u0431\u043d\u044b\u0439 \u0448\u0430\u0440 \u043f\u0440\u043e\u0438\u0437\u0432\u0435\u043b \u0440\u0435\u0432\u043e\u043b\u044e\u0446\u0438\u044e \u0432 \u043c\u0438\u0440\u0435 \u0440\u0430\u0437\u0432\u043b\u0435\u0447\u0435\u043d\u0438\u0439 \u0431\u043b\u0430\u0433\u043e\u0434\u0430\u0440\u044f \u0441\u0432\u043e\u0435\u0439 \u0443\u043d\u0438\u043a\u0430\u043b\u044c\u043d\u043e\u0439 \u0441\u043f\u043e\u0441\u043e\u0431\u043d\u043e\u0441\u0442\u0438 \u043b\u0435\u0442\u0430\u0442\u044c, \u043a\u0430\u043a \u0434\u0440\u043e\u043d, \u0438 \u0432\u043e\u043b\u0448\u0435\u0431\u043d\u044b\u043c \u043e\u0431\u0440\u0430\u0437\u043e\u043c \u0432\u043e\u0437\u0432\u0440\u0430\u0449\u0430\u0442\u044c\u0441\u044f \u043a \u043e\u0442\u043f\u0440\u0430\u0432\u0438\u0442\u0435\u043b\u044e.<\/p><p>Dot\u00e9e d&rsquo;h\u00e9lices discr\u00e8tes, cette balle volante offre des heures de plaisir interactif, que vous jouiez seul ou en groupe.<\/p>\t\t\t\t\t\t\t\t<\/div>\n\t\t\t\t<\/div>\n\t\t\t\t<div class=\"elementor-element elementor-element-52b1d67c elementor-widget elementor-widget-image\" data-id=\"52b1d67c\" data-element_type=\"widget\" data-e-type=\"widget\" data-widget_type=\"image.default\">\n\t\t\t\t<div class=\"elementor-widget-container\">\n\t\t\t\t\t\t\t\t\t\t\t\t\t\t\t<img fetchpriority=\"high\" decoding=\"async\" width=\"540\" height=\"360\" src=\"https:\/\/buying-fever.com\/wp-content\/uploads\/2023\/12\/sans-titre.gif\" class=\"attachment-full size-full wp-image-5669\" alt=\"\u0432\u043e\u043b\u0448\u0435\u0431\u043d\u044b\u0439 \u0448\u0430\u0440\" \/>\t\t\t\t\t\t\t\t\t\t\t\t\t\t\t<\/div>\n\t\t\t\t<\/div>\n\t\t\t\t<div class=\"elementor-element elementor-element-1c92abb0 elementor-widget elementor-widget-heading\" data-id=\"1c92abb0\" data-element_type=\"widget\" data-e-type=\"widget\" data-widget_type=\"heading.default\">\n\t\t\t\t<div class=\"elementor-widget-container\">\n\t\t\t\t\t<h3 class=\"elementor-heading-title elementor-size-default\">\u0427\u0430\u0441\u044b \u0432\u0435\u0441\u0435\u043b\u044c\u044f \u0432 \u043e\u0434\u0438\u043d\u043e\u0447\u043a\u0443 \u0438\u043b\u0438 \u0441 \u0434\u0440\u0443\u0433\u0438\u043c\u0438!<\/h3>\t\t\t\t<\/div>\n\t\t\t\t<\/div>\n\t\t\t\t\t<\/div>\n\t\t\t\t<\/div>\n\t\t<div class=\"elementor-element elementor-element-7fd871a3 e-flex e-con-boxed e-con e-parent\" data-id=\"7fd871a3\" data-element_type=\"container\" data-e-type=\"container\">\n\t\t\t\t\t<div class=\"e-con-inner\">\n\t\t<div class=\"elementor-element elementor-element-7960381a e-con-full e-flex e-con e-child\" data-id=\"7960381a\" data-element_type=\"container\" data-e-type=\"container\">\n\t\t\t\t<div class=\"elementor-element elementor-element-6f32f5f9 elementor-hidden-desktop elementor-hidden-tablet elementor-widget elementor-widget-image\" data-id=\"6f32f5f9\" data-element_type=\"widget\" data-e-type=\"widget\" data-widget_type=\"image.default\">\n\t\t\t\t<div class=\"elementor-widget-container\">\n\t\t\t\t\t\t\t\t\t\t\t\t\t\t\t<img decoding=\"async\" width=\"540\" height=\"960\" src=\"https:\/\/buying-fever.com\/wp-content\/uploads\/2023\/12\/sans-titre-2.gif\" class=\"attachment-full size-full wp-image-5670\" alt=\"\u0432\u043e\u043b\u0448\u0435\u0431\u043d\u044b\u0439 \u0448\u0430\u0440\" \/>\t\t\t\t\t\t\t\t\t\t\t\t\t\t\t<\/div>\n\t\t\t\t<\/div>\n\t\t\t\t<div class=\"elementor-element elementor-element-73d7d0e2 elementor-widget elementor-widget-heading\" data-id=\"73d7d0e2\" data-element_type=\"widget\" data-e-type=\"widget\" data-widget_type=\"heading.default\">\n\t\t\t\t<div class=\"elementor-widget-container\">\n\t\t\t\t\t<h2 class=\"elementor-heading-title elementor-size-default\">\u0418\u043d\u0442\u0435\u043b\u043b\u0435\u043a\u0442\u0443\u0430\u043b\u044c\u043d\u0430\u044f \u0442\u0435\u0445\u043d\u043e\u043b\u043e\u0433\u0438\u044f \u043f\u043e\u043b\u0435\u0442\u0430<\/h2>\t\t\t\t<\/div>\n\t\t\t\t<\/div>\n\t\t\t\t<div class=\"elementor-element elementor-element-74304cee elementor-widget elementor-widget-text-editor\" data-id=\"74304cee\" data-element_type=\"widget\" data-e-type=\"widget\" data-widget_type=\"text-editor.default\">\n\t\t\t\t<div class=\"elementor-widget-container\">\n\t\t\t\t\t\t\t\t\t<p>Magic Ball \u0438\u0441\u043f\u043e\u043b\u044c\u0437\u0443\u0435\u0442 \u043f\u0435\u0440\u0435\u0434\u043e\u0432\u0443\u044e \u0442\u0435\u0445\u043d\u043e\u043b\u043e\u0433\u0438\u044e \u0441\u0442\u0430\u0431\u0438\u043b\u0438\u0437\u0430\u0446\u0438\u0438 \u043f\u043e\u043b\u0435\u0442\u0430 \u0434\u043b\u044f \u043f\u043b\u0430\u0432\u043d\u044b\u0445 \u0438 \u0442\u043e\u0447\u043d\u044b\u0445 \u0434\u0432\u0438\u0436\u0435\u043d\u0438\u0439.<\/p>\t\t\t\t\t\t\t\t<\/div>\n\t\t\t\t<\/div>\n\t\t\t\t<div class=\"elementor-element elementor-element-51954d6 elementor-widget elementor-widget-heading\" data-id=\"51954d6\" data-element_type=\"widget\" data-e-type=\"widget\" data-widget_type=\"heading.default\">\n\t\t\t\t<div class=\"elementor-widget-container\">\n\t\t\t\t\t<h2 class=\"elementor-heading-title elementor-size-default\">\u0410\u0432\u0442\u043e\u043c\u0430\u0442\u0438\u0447\u0435\u0441\u043a\u0438\u0439 \u0432\u043e\u0437\u0432\u0440\u0430\u0442<\/h2>\t\t\t\t<\/div>\n\t\t\t\t<\/div>\n\t\t\t\t<div class=\"elementor-element elementor-element-870d021 elementor-widget elementor-widget-text-editor\" data-id=\"870d021\" data-element_type=\"widget\" data-e-type=\"widget\" data-widget_type=\"text-editor.default\">\n\t\t\t\t<div class=\"elementor-widget-container\">\n\t\t\t\t\t\t\t\t\t<p>\u0411\u0440\u043e\u0441\u0430\u0439\u0442\u0435 \u0435\u0433\u043e \u0438 \u043d\u0430\u0431\u043b\u044e\u0434\u0430\u0439\u0442\u0435, \u043a\u0430\u043a \u043e\u043d \u0432\u043e\u043b\u0448\u0435\u0431\u043d\u044b\u043c \u043e\u0431\u0440\u0430\u0437\u043e\u043c \u0432\u043e\u0437\u0432\u0440\u0430\u0449\u0430\u0435\u0442\u0441\u044f \u043a \u0432\u0430\u043c, \u0434\u043e\u0431\u0430\u0432\u043b\u044f\u044f \u043d\u043e\u0442\u043a\u0443 \u0432\u043e\u043b\u0448\u0435\u0431\u0441\u0442\u0432\u0430 \u0432 \u043a\u0430\u0436\u0434\u0443\u044e \u0438\u0433\u0440\u0443.<\/p>\t\t\t\t\t\t\t\t<\/div>\n\t\t\t\t<\/div>\n\t\t\t\t<div class=\"elementor-element elementor-element-648e42f elementor-widget elementor-widget-heading\" data-id=\"648e42f\" data-element_type=\"widget\" data-e-type=\"widget\" data-widget_type=\"heading.default\">\n\t\t\t\t<div class=\"elementor-widget-container\">\n\t\t\t\t\t<h2 class=\"elementor-heading-title elementor-size-default\">\u0418\u043d\u0442\u0435\u0440\u0435\u0441\u043d\u043e \u0438\u0441\u043f\u043e\u043b\u044c\u0437\u043e\u0432\u0430\u0442\u044c<\/h2>\t\t\t\t<\/div>\n\t\t\t\t<\/div>\n\t\t\t\t<div class=\"elementor-element elementor-element-f7c966b elementor-widget elementor-widget-text-editor\" data-id=\"f7c966b\" data-element_type=\"widget\" data-e-type=\"widget\" data-widget_type=\"text-editor.default\">\n\t\t\t\t<div class=\"elementor-widget-container\">\n\t\t\t\t\t\t\t\t\t<p>\u0418\u0434\u0435\u0430\u043b\u044c\u043d\u043e \u043f\u043e\u0434\u0445\u043e\u0434\u0438\u0442 \u0434\u043b\u044f \u0438\u0433\u0440 \u0432 \u043f\u043e\u043c\u0435\u0449\u0435\u043d\u0438\u0438 \u0438\u043b\u0438 \u043d\u0430 \u043e\u0442\u043a\u0440\u044b\u0442\u043e\u043c \u0432\u043e\u0437\u0434\u0443\u0445\u0435, <strong>\u0412\u043e\u043b\u0448\u0435\u0431\u043d\u044b\u0439 \u0448\u0430\u0440<\/strong> \u0433\u0430\u0440\u0430\u043d\u0442\u0438\u0440\u0443\u0435\u0442 \u043c\u043e\u043c\u0435\u043d\u0442\u044b \u0441\u043c\u0435\u0445\u0430 \u0438 \u0440\u0430\u0437\u0432\u043b\u0435\u0447\u0435\u043d\u0438\u0439.<\/p>\t\t\t\t\t\t\t\t<\/div>\n\t\t\t\t<\/div>\n\t\t\t\t<div class=\"elementor-element elementor-element-cb58286 elementor-widget elementor-widget-heading\" data-id=\"cb58286\" data-element_type=\"widget\" data-e-type=\"widget\" data-widget_type=\"heading.default\">\n\t\t\t\t<div class=\"elementor-widget-container\">\n\t\t\t\t\t<h2 class=\"elementor-heading-title elementor-size-default\">\u041f\u0440\u0435\u0434\u043b\u0430\u0433\u0430\u0435\u043c\u043e\u0435 \u0438\u0441\u043f\u043e\u043b\u044c\u0437\u043e\u0432\u0430\u043d\u0438\u0435:<\/h2>\t\t\t\t<\/div>\n\t\t\t\t<\/div>\n\t\t\t\t<div class=\"elementor-element elementor-element-42926e2 elementor-widget elementor-widget-text-editor\" data-id=\"42926e2\" data-element_type=\"widget\" data-e-type=\"widget\" data-widget_type=\"text-editor.default\">\n\t\t\t\t<div class=\"elementor-widget-container\">\n\t\t\t\t\t\t\t\t\t<ul><li><strong>\u041e\u0434\u0438\u043d\u043e\u0447\u043d\u044b\u0435 \u0438\u0433\u0440\u044b:<\/strong> \u041f\u0440\u043e\u0432\u0435\u0440\u044c\u0442\u0435 \u0441\u0432\u043e\u0438 \u043d\u0430\u0432\u044b\u043a\u0438, \u0443\u043f\u0440\u0430\u0432\u043b\u044f\u044f \u0412\u043e\u043b\u0448\u0435\u0431\u043d\u044b\u043c \u0448\u0430\u0440\u043e\u043c \u0432 \u0440\u0430\u0437\u043b\u0438\u0447\u043d\u044b\u0445 \u043f\u0440\u043e\u0441\u0442\u0440\u0430\u043d\u0441\u0442\u0432\u0430\u0445.<\/li><li><strong>\u0413\u0440\u0443\u043f\u043f\u043e\u0432\u044b\u0435 \u0438\u0433\u0440\u044b:<\/strong> \u041e\u0440\u0433\u0430\u043d\u0438\u0437\u0443\u0439\u0442\u0435 \u0434\u0440\u0443\u0436\u0435\u0441\u043a\u0438\u0435 \u0441\u043e\u0440\u0435\u0432\u043d\u043e\u0432\u0430\u043d\u0438\u044f \u043f\u043e \u043c\u0435\u0442\u0430\u043d\u0438\u044e \u0412\u043e\u043b\u0448\u0435\u0431\u043d\u043e\u0433\u043e \u0448\u0430\u0440\u0430 \u043c\u0435\u0436\u0434\u0443 \u0434\u0440\u0443\u0437\u044c\u044f\u043c\u0438 \u0438\u043b\u0438 \u0441\u0435\u043c\u044c\u0435\u0439.<\/li><li><strong>\u041e\u0440\u0438\u0433\u0438\u043d\u0430\u043b\u044c\u043d\u044b\u0439 \u043f\u043e\u0434\u0430\u0440\u043e\u043a:<\/strong> \u041f\u043e\u0434\u0430\u0440\u0438\u0442\u0435 \u0412\u043e\u043b\u0448\u0435\u0431\u043d\u044b\u0439 \u0448\u0430\u0440 \u0443\u043d\u0438\u043a\u0430\u043b\u044c\u043d\u044b\u043c \u0438 \u0432\u0435\u0441\u0435\u043b\u044b\u043c \u043f\u043e\u0434\u0430\u0440\u043a\u043e\u043c \u043d\u0430 \u043b\u044e\u0431\u043e\u0439 \u0441\u043b\u0443\u0447\u0430\u0439.<\/li><\/ul>\t\t\t\t\t\t\t\t<\/div>\n\t\t\t\t<\/div>\n\t\t\t\t<\/div>\n\t\t<div class=\"elementor-element elementor-element-7de759b3 e-con-full e-flex e-con e-child\" data-id=\"7de759b3\" data-element_type=\"container\" data-e-type=\"container\">\n\t\t\t\t<div class=\"elementor-element elementor-element-24b496e9 elementor-hidden-mobile elementor-widget elementor-widget-image\" data-id=\"24b496e9\" data-element_type=\"widget\" data-e-type=\"widget\" data-widget_type=\"image.default\">\n\t\t\t\t<div class=\"elementor-widget-container\">\n\t\t\t\t\t\t\t\t\t\t\t\t\t\t\t<img decoding=\"async\" width=\"540\" height=\"960\" src=\"https:\/\/buying-fever.com\/wp-content\/uploads\/2023\/12\/sans-titre-2.gif\" class=\"attachment-full size-full wp-image-5670\" alt=\"\u0432\u043e\u043b\u0448\u0435\u0431\u043d\u044b\u0439 \u0448\u0430\u0440\" \/>\t\t\t\t\t\t\t\t\t\t\t\t\t\t\t<\/div>\n\t\t\t\t<\/div>\n\t\t\t\t<\/div>\n\t\t\t\t\t<\/div>\n\t\t\t\t<\/div>\n\t\t<div class=\"elementor-element elementor-element-41ab5a3a e-flex e-con-boxed e-con e-parent\" data-id=\"41ab5a3a\" data-element_type=\"container\" data-e-type=\"container\">\n\t\t\t\t\t<div class=\"e-con-inner\">\n\t\t\t\t<div class=\"elementor-element elementor-element-6dc5c4bb elementor-widget elementor-widget-text-editor\" data-id=\"6dc5c4bb\" data-element_type=\"widget\" data-e-type=\"widget\" data-widget_type=\"text-editor.default\">\n\t\t\t\t<div class=\"elementor-widget-container\">\n\t\t\t\t\t\t\t\t\t<p><span style=\"text-decoration: underline;\"><strong>\u0424\u0443\u043d\u043a\u0446\u0438\u0438 :<\/strong><\/span><\/p><ul><li>\u041c\u0430\u0442\u0435\u0440\u0438\u0430\u043b\u044b: \u041f\u043b\u0430\u0441\u0442\u0438\u043a\/\u041c\u0435\u0442\u0430\u043b\u043b<\/li><li><span style=\"font-size: 16px;\">\u0421\u0435\u0440\u0442\u0438\u0444\u0438\u043a\u0430\u0446\u0438\u044f: CE<\/span><\/li><\/ul><div class=\"detailmodule_html\"><div class=\"detail-desc-decorate-richtext\">\u00a0<\/div><\/div>\t\t\t\t\t\t\t\t<\/div>\n\t\t\t\t<\/div>\n\t\t\t\t\t<\/div>\n\t\t\t\t<\/div>\n\t\t<div class=\"elementor-element elementor-element-420afa8e e-flex e-con-boxed e-con e-parent\" data-id=\"420afa8e\" data-element_type=\"container\" data-e-type=\"container\">\n\t\t\t\t\t<div class=\"e-con-inner\">\n\t\t<div class=\"elementor-element elementor-element-71f41e99 e-con-full e-flex e-con e-child\" data-id=\"71f41e99\" data-element_type=\"container\" data-e-type=\"container\">\n\t\t\t\t<div class=\"elementor-element elementor-element-60fff376 elementor-view-default elementor-widget elementor-widget-icon\" data-id=\"60fff376\" data-element_type=\"widget\" data-e-type=\"widget\" data-widget_type=\"icon.default\">\n\t\t\t\t<div class=\"elementor-widget-container\">\n\t\t\t\t\t\t\t<div class=\"elementor-icon-wrapper\">\n\t\t\t<div class=\"elementor-icon\">\n\t\t\t<i aria-hidden=\"true\" class=\"fas fa-truck\"><\/i>\t\t\t<\/div>\n\t\t<\/div>\n\t\t\t\t\t\t<\/div>\n\t\t\t\t<\/div>\n\t\t\t\t<div class=\"elementor-element elementor-element-5ee0a137 elementor-widget elementor-widget-text-editor\" data-id=\"5ee0a137\" data-element_type=\"widget\" data-e-type=\"widget\" data-widget_type=\"text-editor.default\">\n\t\t\t\t<div class=\"elementor-widget-container\">\n\t\t\t\t\t\t\t\t\t<p style=\"text-align: center;\">\u0411\u0435\u0441\u043f\u043b\u0430\u0442\u043d\u0430\u044f \u0434\u043e\u0441\u0442\u0430\u0432\u043a\u0430 \u043f\u043e \u0432\u0441\u0435\u043c\u0443 \u043c\u0438\u0440\u0443<\/p>\t\t\t\t\t\t\t\t<\/div>\n\t\t\t\t<\/div>\n\t\t\t\t<\/div>\n\t\t<div class=\"elementor-element elementor-element-6ec2bda7 e-con-full e-flex e-con e-child\" data-id=\"6ec2bda7\" data-element_type=\"container\" data-e-type=\"container\">\n\t\t\t\t<div class=\"elementor-element elementor-element-32b97882 elementor-view-default elementor-widget elementor-widget-icon\" data-id=\"32b97882\" data-element_type=\"widget\" data-e-type=\"widget\" data-widget_type=\"icon.default\">\n\t\t\t\t<div class=\"elementor-widget-container\">\n\t\t\t\t\t\t\t<div class=\"elementor-icon-wrapper\">\n\t\t\t<div class=\"elementor-icon\">\n\t\t\t<i aria-hidden=\"true\" class=\"fas fa-user-check\"><\/i>\t\t\t<\/div>\n\t\t<\/div>\n\t\t\t\t\t\t<\/div>\n\t\t\t\t<\/div>\n\t\t\t\t<div class=\"elementor-element elementor-element-259e72ae elementor-widget elementor-widget-text-editor\" data-id=\"259e72ae\" data-element_type=\"widget\" data-e-type=\"widget\" data-widget_type=\"text-editor.default\">\n\t\t\t\t<div class=\"elementor-widget-container\">\n\t\t\t\t\t\t\t\t\t<p style=\"text-align: center;\">30-\u0434\u043d\u0435\u0432\u043d\u0430\u044f \u0433\u0430\u0440\u0430\u043d\u0442\u0438\u044f \u0432\u043e\u0437\u0432\u0440\u0430\u0442\u0430 \u0434\u0435\u043d\u0435\u0433<\/p>\t\t\t\t\t\t\t\t<\/div>\n\t\t\t\t<\/div>\n\t\t\t\t<\/div>\n\t\t<div class=\"elementor-element elementor-element-4e87ab1b e-con-full e-flex e-con e-child\" data-id=\"4e87ab1b\" data-element_type=\"container\" data-e-type=\"container\">\n\t\t\t\t<div class=\"elementor-element elementor-element-626f5a54 elementor-view-default elementor-widget elementor-widget-icon\" data-id=\"626f5a54\" data-element_type=\"widget\" data-e-type=\"widget\" data-widget_type=\"icon.default\">\n\t\t\t\t<div class=\"elementor-widget-container\">\n\t\t\t\t\t\t\t<div class=\"elementor-icon-wrapper\">\n\t\t\t<div class=\"elementor-icon\">\n\t\t\t<i aria-hidden=\"true\" class=\"fas fa-lock\"><\/i>\t\t\t<\/div>\n\t\t<\/div>\n\t\t\t\t\t\t<\/div>\n\t\t\t\t<\/div>\n\t\t\t\t<div class=\"elementor-element elementor-element-21aa1aed elementor-widget elementor-widget-text-editor\" data-id=\"21aa1aed\" data-element_type=\"widget\" data-e-type=\"widget\" data-widget_type=\"text-editor.default\">\n\t\t\t\t<div class=\"elementor-widget-container\">\n\t\t\t\t\t\t\t\t\t<p style=\"text-align: center;\">\u0411\u0435\u0437\u043e\u043f\u0430\u0441\u043d\u044b\u0435 \u043f\u043b\u0430\u0442\u0435\u0436\u0438 \u0447\u0435\u0440\u0435\u0437 SSL<\/p>\t\t\t\t\t\t\t\t<\/div>\n\t\t\t\t<\/div>\n\t\t\t\t<\/div>\n\t\t\t\t\t<\/div>\n\t\t\t\t<\/div>\n\t\t\t\t<\/div>","protected":false},"excerpt":{"rendered":"<p>La seule balle qui revient vers vous ! La Magic Ball r\u00e9volutionne le monde du divertissement avec sa capacit\u00e9 unique \u00e0 voler comme un drone tout en revenant de mani\u00e8re magique vers son envoyeur. Dot\u00e9e d&rsquo;h\u00e9lices discr\u00e8tes, cette balle volante offre des heures de plaisir interactif, que vous jouiez seul ou en groupe. Des heures [&hellip;]<\/p>\n","protected":false},"featured_media":5652,"comment_status":"closed","ping_status":"closed","template":"","meta":{"_seopress_robots_primary_cat":"none","_seopress_titles_title":"","_seopress_titles_desc":"","_seopress_robots_index":"","site-sidebar-layout":"default","site-content-layout":"","ast-site-content-layout":"default","site-content-style":"default","site-sidebar-style":"default","ast-global-header-display":"","ast-banner-title-visibility":"","ast-main-header-display":"","ast-hfb-above-header-display":"","ast-hfb-below-header-display":"","ast-hfb-mobile-header-display":"","site-post-title":"","ast-breadcrumbs-content":"","ast-featured-img":"","footer-sml-layout":"","ast-disable-related-posts":"","theme-transparent-header-meta":"default","adv-header-id-meta":"","stick-header-meta":"default","header-above-stick-meta":"","header-main-stick-meta":"","header-below-stick-meta":"","astra-migrate-meta-layouts":"set","ast-page-background-enabled":"default","ast-page-background-meta":{"desktop":{"background-color":"","background-image":"","background-repeat":"repeat","background-position":"center center","background-size":"auto","background-attachment":"scroll","background-type":"","background-media":"","overlay-type":"","overlay-color":"","overlay-opacity":"","overlay-gradient":""},"tablet":{"background-color":"","background-image":"","background-repeat":"repeat","background-position":"center center","background-size":"auto","background-attachment":"scroll","background-type":"","background-media":"","overlay-type":"","overlay-color":"","overlay-opacity":"","overlay-gradient":""},"mobile":{"background-color":"","background-image":"","background-repeat":"repeat","background-position":"center center","background-size":"auto","background-attachment":"scroll","background-type":"","background-media":"","overlay-type":"","overlay-color":"","overlay-opacity":"","overlay-gradient":""}},"ast-content-background-meta":{"desktop":{"background-color":"var(--ast-global-color-5)","background-image":"","background-repeat":"repeat","background-position":"center center","background-size":"auto","background-attachment":"scroll","background-type":"","background-media":"","overlay-type":"","overlay-color":"","overlay-opacity":"","overlay-gradient":""},"tablet":{"background-color":"var(--ast-global-color-5)","background-image":"","background-repeat":"repeat","background-position":"center center","background-size":"auto","background-attachment":"scroll","background-type":"","background-media":"","overlay-type":"","overlay-color":"","overlay-opacity":"","overlay-gradient":""},"mobile":{"background-color":"var(--ast-global-color-5)","background-image":"","background-repeat":"repeat","background-position":"center center","background-size":"auto","background-attachment":"scroll","background-type":"","background-media":"","overlay-type":"","overlay-color":"","overlay-opacity":"","overlay-gradient":""}}},"product_brand":[],"product_cat":[42,81],"product_tag":[],"class_list":{"0":"post-5660","1":"product","2":"type-product","3":"status-publish","4":"has-post-thumbnail","6":"product_cat-cadeau","7":"product_cat-jouet","8":"desktop-align-center","9":"tablet-align-center","10":"mobile-align-center","11":"ast-product-gallery-layout-horizontal","12":"ast-magnify-disabled","13":"ast-product-single-variable","14":"ast-product-tabs-layout-horizontal","15":"ast-qv-on-image","17":"first","18":"instock","19":"shipping-taxable","20":"purchasable","21":"product-type-variable"},"bundled_by":[],"bundle_stock_status":"instock","bundle_stock_quantity":null,"bundle_virtual":false,"bundle_layout":"","bundle_add_to_cart_form_location":"","bundle_editable_in_cart":false,"bundle_sold_individually_context":"","bundle_item_grouping":"","bundle_min_size":"","bundle_max_size":"","bundle_price":[],"bundled_items":[],"bundle_sell_ids":[3061,1284],"_links":{"self":[{"href":"https:\/\/buying-fever.com\/ru\/wp-json\/wp\/v2\/product\/5660","targetHints":{"allow":["GET"]}}],"collection":[{"href":"https:\/\/buying-fever.com\/ru\/wp-json\/wp\/v2\/product"}],"about":[{"href":"https:\/\/buying-fever.com\/ru\/wp-json\/wp\/v2\/types\/product"}],"replies":[{"embeddable":true,"href":"https:\/\/buying-fever.com\/ru\/wp-json\/wp\/v2\/comments?post=5660"}],"version-history":[{"count":0,"href":"https:\/\/buying-fever.com\/ru\/wp-json\/wp\/v2\/product\/5660\/revisions"}],"wp:featuredmedia":[{"embeddable":true,"href":"https:\/\/buying-fever.com\/ru\/wp-json\/wp\/v2\/media\/5652"}],"wp:attachment":[{"href":"https:\/\/buying-fever.com\/ru\/wp-json\/wp\/v2\/media?parent=5660"}],"wp:term":[{"taxonomy":"product_brand","embeddable":true,"href":"https:\/\/buying-fever.com\/ru\/wp-json\/wp\/v2\/product_brand?post=5660"},{"taxonomy":"product_cat","embeddable":true,"href":"https:\/\/buying-fever.com\/ru\/wp-json\/wp\/v2\/product_cat?post=5660"},{"taxonomy":"product_tag","embeddable":true,"href":"https:\/\/buying-fever.com\/ru\/wp-json\/wp\/v2\/product_tag?post=5660"}],"curies":[{"name":"wp","href":"https:\/\/api.w.org\/{rel}","templated":true}]}}