{"id":2025,"date":"2023-09-06T17:02:23","date_gmt":"2023-09-06T17:02:23","guid":{"rendered":"https:\/\/snow-alligator-195314.hostingersite.com\/?post_type=product&#038;p=2025"},"modified":"2025-06-14T00:53:00","modified_gmt":"2025-06-13T22:53:00","slug":"bague-priere-musulmane","status":"publish","type":"product","link":"https:\/\/buying-fever.com\/ru\/product\/\u043c\u0443\u0441\u0443\u043b\u044c\u043c\u0430\u043d\u0441\u043a\u043e\u0435-\u043c\u043e\u043b\u0438\u0442\u0432\u0435\u043d\u043d\u043e\u0435-\u043a\u043e\u043b\u044c\u0446\u043e\/","title":{"rendered":"\u0417\u0418\u041a\u0420 \u2013 \u043c\u0443\u0441\u0443\u043b\u044c\u043c\u0430\u043d\u0441\u043a\u043e\u0435 \u043c\u043e\u043b\u0438\u0442\u0432\u0435\u043d\u043d\u043e\u0435 \u043a\u043e\u043b\u044c\u0446\u043e."},"content":{"rendered":"<div data-elementor-type=\"product-post\" data-elementor-id=\"2025\" class=\"elementor elementor-2025\" data-elementor-post-type=\"product\">\n\t\t\t\t<div class=\"elementor-element elementor-element-936129d e-con-full e-flex e-con e-parent\" data-id=\"936129d\" data-element_type=\"container\" data-e-type=\"container\">\n\t\t\t\t<div class=\"elementor-element elementor-element-22e7c36 elementor-widget elementor-widget-image\" data-id=\"22e7c36\" data-element_type=\"widget\" data-e-type=\"widget\" data-widget_type=\"image.default\">\n\t\t\t\t<div class=\"elementor-widget-container\">\n\t\t\t\t\t\t\t\t\t\t\t\t\t\t\t<img fetchpriority=\"high\" decoding=\"async\" width=\"695\" height=\"305\" src=\"https:\/\/buying-fever.com\/wp-content\/uploads\/2023\/09\/51pfenqxfl._ac_ux695_.jpg\" class=\"attachment-full size-full wp-image-2323\" alt=\"\u043c\u0443\u0441\u0443\u043b\u044c\u043c\u0430\u043d\u0441\u043a\u043e\u0435 \u043c\u043e\u043b\u0438\u0442\u0432\u0435\u043d\u043d\u043e\u0435 \u043a\u043e\u043b\u044c\u0446\u043e \u0437\u0438\u043a\u0440\" srcset=\"https:\/\/buying-fever.com\/wp-content\/uploads\/2023\/09\/51pfenqxfl._ac_ux695_.jpg 695w, https:\/\/buying-fever.com\/wp-content\/uploads\/2023\/09\/51pfenqxfl._ac_ux695_-300x132.jpg 300w, https:\/\/buying-fever.com\/wp-content\/uploads\/2023\/09\/51pfenqxfl._ac_ux695_-18x8.jpg 18w, https:\/\/buying-fever.com\/wp-content\/uploads\/2023\/09\/51pfenqxfl._ac_ux695_-600x263.jpg 600w\" sizes=\"(max-width: 695px) 100vw, 695px\" \/>\t\t\t\t\t\t\t\t\t\t\t\t\t\t\t<\/div>\n\t\t\t\t<\/div>\n\t\t\t\t<\/div>\n\t\t<div class=\"elementor-element elementor-element-b51457c e-con-full e-flex e-con e-parent\" data-id=\"b51457c\" data-element_type=\"container\" data-e-type=\"container\">\n\t\t\t\t<div class=\"elementor-element elementor-element-761cafa elementor-widget elementor-widget-text-editor\" data-id=\"761cafa\" data-element_type=\"widget\" data-e-type=\"widget\" data-widget_type=\"text-editor.default\">\n\t\t\t\t<div class=\"elementor-widget-container\">\n\t\t\t\t\t\t\t\t\t<ul class=\"a-unordered-list a-vertical a-spacing-mini\"><li class=\"a-spacing-mini\"><span class=\"a-list-item\"><strong>\u041f\u0440\u0438\u043b\u0430\u0432\u043e\u043a \u0422\u0430\u0441\u0431\u0438\u0445:<\/strong> \u041d\u0430\u0448\u0435 \u043a\u043e\u043b\u044c\u0446\u043e ZIKR \u043f\u043e\u0437\u0432\u043e\u043b\u044f\u0435\u0442 \u0432\u0430\u043c \u043b\u0435\u0433\u043a\u043e \u043f\u043e\u0441\u0447\u0438\u0442\u0430\u0442\u044c \u0441\u0432\u043e\u0439 \u0442\u0430\u0441\u0431\u0438\u0445: \u043e\u043d\u043e \u0432\u0438\u0431\u0440\u0438\u0440\u0443\u0435\u0442, \u043a\u043e\u0433\u0434\u0430 \u0432\u044b \u0434\u043e\u0441\u0442\u0438\u0433\u043d\u0435\u0442\u0435 33, 66, 99 \u0438\u043b\u0438 \u043b\u044e\u0431\u043e\u0433\u043e \u0447\u0438\u0441\u043b\u0430 \u0434\u043e 999. <\/span><\/li><li class=\"a-spacing-mini\"><span class=\"a-list-item\"><strong>\u041d\u0430\u043f\u043e\u043c\u0438\u043d\u0430\u043d\u0438\u0435 \u043e 5 \u043c\u043e\u043b\u0438\u0442\u0432\u0430\u0445:<\/strong> \u0412\u044b \u043c\u043e\u0436\u0435\u0442\u0435 \u043f\u043e\u043b\u0443\u0447\u0430\u0442\u044c \u0443\u0432\u0435\u0434\u043e\u043c\u043b\u0435\u043d\u0438\u044f \u043e \u0432\u0440\u0435\u043c\u0435\u043d\u0438 5 \u0435\u0436\u0435\u0434\u043d\u0435\u0432\u043d\u044b\u0445 \u043c\u043e\u043b\u0438\u0442\u0432. <\/span><\/li><li class=\"a-spacing-mini\"><span class=\"a-list-item\"><strong>\u041d\u0430\u043f\u0440\u0430\u0432\u043b\u0435\u043d\u0438\u0435 \u041a\u0438\u0431\u043b\u044b:<\/strong> \u041f\u043e\u0441\u043c\u043e\u0442\u0440\u0435\u0442\u044c \u043d\u0430\u043f\u0440\u0430\u0432\u043b\u0435\u043d\u0438\u0435 \u041c\u0435\u043a\u043a\u0438 \u043c\u043e\u0436\u043d\u043e \u0432 \u043c\u043e\u0431\u0438\u043b\u044c\u043d\u043e\u043c \u043f\u0440\u0438\u043b\u043e\u0436\u0435\u043d\u0438\u0438 iQIBLA. <\/span><\/li><li class=\"a-spacing-mini\"><span class=\"a-list-item\"><strong>\u041c\u043d\u043e\u0433\u043e\u044d\u043a\u0440\u0430\u043d\u043d\u044b\u0439 \u044d\u043a\u0440\u0430\u043d:<\/strong> \u041e\u043d \u0438\u043c\u0435\u0435\u0442 \u044d\u043a\u0440\u0430\u043d \u0432\u044b\u0441\u043e\u043a\u043e\u0439 \u0447\u0435\u0442\u043a\u043e\u0441\u0442\u0438, \u043a\u043e\u0442\u043e\u0440\u044b\u0439 \u043f\u043e\u0437\u0432\u043e\u043b\u044f\u0435\u0442 \u043e\u0442\u043e\u0431\u0440\u0430\u0436\u0430\u0442\u044c \u0432\u0440\u0435\u043c\u044f, \u043d\u043e\u043c\u0435\u0440 \u0437\u0438\u043a\u0440\u0430 \u0438 \u043c\u043d\u043e\u0433\u043e\u0435 \u0434\u0440\u0443\u0433\u043e\u0435.<\/span><\/li><\/ul>\t\t\t\t\t\t\t\t<\/div>\n\t\t\t\t<\/div>\n\t\t\t\t<\/div>\n\t\t<div class=\"elementor-element elementor-element-cb626e3 e-flex e-con-boxed e-con e-parent\" data-id=\"cb626e3\" data-element_type=\"container\" data-e-type=\"container\">\n\t\t\t\t\t<div class=\"e-con-inner\">\n\t\t\t\t<div class=\"elementor-element elementor-element-a5af52f elementor-widget elementor-widget-image\" data-id=\"a5af52f\" data-element_type=\"widget\" data-e-type=\"widget\" data-widget_type=\"image.default\">\n\t\t\t\t<div class=\"elementor-widget-container\">\n\t\t\t\t\t\t\t\t\t\t\t\t\t\t\t<img decoding=\"async\" width=\"679\" height=\"420\" src=\"https:\/\/buying-fever.com\/wp-content\/uploads\/2023\/09\/61thirbb3vl._ac_ux679_.jpg\" class=\"attachment-full size-full wp-image-2147\" alt=\"\u043c\u0443\u0441\u0443\u043b\u044c\u043c\u0430\u043d\u0441\u043a\u043e\u0435 \u043c\u043e\u043b\u0438\u0442\u0432\u0435\u043d\u043d\u043e\u0435 \u043a\u043e\u043b\u044c\u0446\u043e \u0437\u0438\u043a\u0440\" srcset=\"https:\/\/buying-fever.com\/wp-content\/uploads\/2023\/09\/61thirbb3vl._ac_ux679_.jpg 679w, https:\/\/buying-fever.com\/wp-content\/uploads\/2023\/09\/61thirbb3vl._ac_ux679_-300x186.jpg 300w, https:\/\/buying-fever.com\/wp-content\/uploads\/2023\/09\/61thirbb3vl._ac_ux679_-18x12.jpg 18w, https:\/\/buying-fever.com\/wp-content\/uploads\/2023\/09\/61thirbb3vl._ac_ux679_-600x371.jpg 600w\" sizes=\"(max-width: 679px) 100vw, 679px\" \/>\t\t\t\t\t\t\t\t\t\t\t\t\t\t\t<\/div>\n\t\t\t\t<\/div>\n\t\t\t\t<div class=\"elementor-element elementor-element-6c96605 elementor-widget elementor-widget-image\" data-id=\"6c96605\" data-element_type=\"widget\" data-e-type=\"widget\" data-widget_type=\"image.default\">\n\t\t\t\t<div class=\"elementor-widget-container\">\n\t\t\t\t\t\t\t\t\t\t\t\t\t\t\t<img decoding=\"async\" width=\"685\" height=\"320\" src=\"https:\/\/buying-fever.com\/wp-content\/uploads\/2023\/09\/taille-bague-muslim.jpg\" class=\"attachment-full size-full wp-image-2324\" alt=\"\u043c\u0443\u0441\u0443\u043b\u044c\u043c\u0430\u043d\u0441\u043a\u043e\u0435 \u043c\u043e\u043b\u0438\u0442\u0432\u0435\u043d\u043d\u043e\u0435 \u043a\u043e\u043b\u044c\u0446\u043e \u0437\u0438\u043a\u0440\" srcset=\"https:\/\/buying-fever.com\/wp-content\/uploads\/2023\/09\/taille-bague-muslim.jpg 685w, https:\/\/buying-fever.com\/wp-content\/uploads\/2023\/09\/taille-bague-muslim-300x140.jpg 300w, https:\/\/buying-fever.com\/wp-content\/uploads\/2023\/09\/taille-bague-muslim-18x8.jpg 18w, https:\/\/buying-fever.com\/wp-content\/uploads\/2023\/09\/taille-bague-muslim-600x280.jpg 600w\" sizes=\"(max-width: 685px) 100vw, 685px\" \/>\t\t\t\t\t\t\t\t\t\t\t\t\t\t\t<\/div>\n\t\t\t\t<\/div>\n\t\t\t\t\t<\/div>\n\t\t\t\t<\/div>\n\t\t<div class=\"elementor-element elementor-element-16e38729 e-con-full e-flex e-con e-parent\" data-id=\"16e38729\" data-element_type=\"container\" data-e-type=\"container\">\n\t\t\t\t<div class=\"elementor-element elementor-element-6b4a84e9 elementor-widget elementor-widget-text-editor\" data-id=\"6b4a84e9\" data-element_type=\"widget\" data-e-type=\"widget\" data-widget_type=\"text-editor.default\">\n\t\t\t\t<div class=\"elementor-widget-container\">\n\t\t\t\t\t\t\t\t\t<p>\u00a0<\/p><div class=\"detailmodule_image\"><img decoding=\"async\" class=\"detail-desc-decorate-image aligncenter\" src=\"https:\/\/ae01.alicdn.com\/kf\/S373059d7ee0640d2bda3da5bb3f8755c5.jpg\" \/><img decoding=\"async\" class=\"detail-desc-decorate-image aligncenter\" src=\"https:\/\/ae01.alicdn.com\/kf\/S4774119ca8f24ab788679d5c721ed6b5G.jpg\" \/><img decoding=\"async\" class=\"detail-desc-decorate-image aligncenter\" src=\"https:\/\/ae01.alicdn.com\/kf\/S0ff9ea217500420eb98650a1bac6bc264.jpg\" \/><img decoding=\"async\" class=\"detail-desc-decorate-image aligncenter\" src=\"https:\/\/ae01.alicdn.com\/kf\/S4caa4d6d5698488490e039146edfe1625.jpg\" \/><img decoding=\"async\" class=\"detail-desc-decorate-image aligncenter\" src=\"https:\/\/ae01.alicdn.com\/kf\/Sdcbb2a1102604168960e60f5db363a049.jpg\" \/><img decoding=\"async\" class=\"detail-desc-decorate-image aligncenter\" src=\"https:\/\/ae01.alicdn.com\/kf\/S664d767384794cbbb820037c04ec4a2aM.jpg\" \/><img decoding=\"async\" class=\"detail-desc-decorate-image aligncenter\" src=\"https:\/\/ae01.alicdn.com\/kf\/Sfa2985e6c56b479ba117c69684f08ce2O.jpg\" \/><\/div><div class=\"detailmodule_html\"><div class=\"detail-desc-decorate-richtext\"><p>\u00a0<\/p><\/div><\/div>\t\t\t\t\t\t\t\t<\/div>\n\t\t\t\t<\/div>\n\t\t\t\t<\/div>\n\t\t\t\t<\/div>","protected":false},"excerpt":{"rendered":"<p>Compteur de Tasbih : Notre bague ZIKR vous permet facilement de compter vos Tasbih, elle vibre quand vous atteignez 33, 66 , 99 ou n\u2019importe quel chiffre jusqu\u2019\u00e0 999. Rappel des 5 pri\u00e8res : Vous pouvez recevoir des notifications des horaires des 5 pri\u00e8res quotidiennes Direction de la Qibla : Vous pouvez voir la direction [&hellip;]<\/p>\n","protected":false},"featured_media":2010,"comment_status":"open","ping_status":"closed","template":"","meta":{"_seopress_robots_primary_cat":"none","_seopress_titles_title":"","_seopress_titles_desc":"%%post_excerpt%%","_seopress_robots_index":"","site-sidebar-layout":"default","site-content-layout":"","ast-site-content-layout":"default","site-content-style":"default","site-sidebar-style":"default","ast-global-header-display":"","ast-banner-title-visibility":"","ast-main-header-display":"","ast-hfb-above-header-display":"","ast-hfb-below-header-display":"","ast-hfb-mobile-header-display":"","site-post-title":"","ast-breadcrumbs-content":"","ast-featured-img":"","footer-sml-layout":"","ast-disable-related-posts":"","theme-transparent-header-meta":"default","adv-header-id-meta":"","stick-header-meta":"","header-above-stick-meta":"","header-main-stick-meta":"","header-below-stick-meta":"","astra-migrate-meta-layouts":"set","ast-page-background-enabled":"default","ast-page-background-meta":{"desktop":{"background-color":"","background-image":"","background-repeat":"repeat","background-position":"center center","background-size":"auto","background-attachment":"scroll","background-type":"","background-media":"","overlay-type":"","overlay-color":"","overlay-opacity":"","overlay-gradient":""},"tablet":{"background-color":"","background-image":"","background-repeat":"repeat","background-position":"center center","background-size":"auto","background-attachment":"scroll","background-type":"","background-media":"","overlay-type":"","overlay-color":"","overlay-opacity":"","overlay-gradient":""},"mobile":{"background-color":"","background-image":"","background-repeat":"repeat","background-position":"center center","background-size":"auto","background-attachment":"scroll","background-type":"","background-media":"","overlay-type":"","overlay-color":"","overlay-opacity":"","overlay-gradient":""}},"ast-content-background-meta":{"desktop":{"background-color":"var(--ast-global-color-5)","background-image":"","background-repeat":"repeat","background-position":"center center","background-size":"auto","background-attachment":"scroll","background-type":"","background-media":"","overlay-type":"","overlay-color":"","overlay-opacity":"","overlay-gradient":""},"tablet":{"background-color":"var(--ast-global-color-5)","background-image":"","background-repeat":"repeat","background-position":"center center","background-size":"auto","background-attachment":"scroll","background-type":"","background-media":"","overlay-type":"","overlay-color":"","overlay-opacity":"","overlay-gradient":""},"mobile":{"background-color":"var(--ast-global-color-5)","background-image":"","background-repeat":"repeat","background-position":"center center","background-size":"auto","background-attachment":"scroll","background-type":"","background-media":"","overlay-type":"","overlay-color":"","overlay-opacity":"","overlay-gradient":""}}},"product_brand":[],"product_cat":[42,82],"product_tag":[],"class_list":{"0":"post-2025","1":"product","2":"type-product","3":"status-publish","4":"has-post-thumbnail","6":"product_cat-cadeau","7":"product_cat-electronique","8":"desktop-align-center","9":"tablet-align-center","10":"mobile-align-center","11":"ast-product-gallery-layout-horizontal","12":"ast-magnify-disabled","13":"ast-product-single-variable","14":"ast-product-tabs-layout-horizontal","15":"ast-qv-on-image","17":"first","18":"instock","19":"shipping-taxable","20":"purchasable","21":"product-type-variable"},"bundled_by":[],"bundle_stock_status":"instock","bundle_stock_quantity":null,"bundle_virtual":false,"bundle_layout":"","bundle_add_to_cart_form_location":"","bundle_editable_in_cart":false,"bundle_sold_individually_context":"","bundle_item_grouping":"","bundle_min_size":"","bundle_max_size":"","bundle_price":[],"bundled_items":[],"bundle_sell_ids":[],"_links":{"self":[{"href":"https:\/\/buying-fever.com\/ru\/wp-json\/wp\/v2\/product\/2025","targetHints":{"allow":["GET"]}}],"collection":[{"href":"https:\/\/buying-fever.com\/ru\/wp-json\/wp\/v2\/product"}],"about":[{"href":"https:\/\/buying-fever.com\/ru\/wp-json\/wp\/v2\/types\/product"}],"replies":[{"embeddable":true,"href":"https:\/\/buying-fever.com\/ru\/wp-json\/wp\/v2\/comments?post=2025"}],"version-history":[{"count":0,"href":"https:\/\/buying-fever.com\/ru\/wp-json\/wp\/v2\/product\/2025\/revisions"}],"wp:featuredmedia":[{"embeddable":true,"href":"https:\/\/buying-fever.com\/ru\/wp-json\/wp\/v2\/media\/2010"}],"wp:attachment":[{"href":"https:\/\/buying-fever.com\/ru\/wp-json\/wp\/v2\/media?parent=2025"}],"wp:term":[{"taxonomy":"product_brand","embeddable":true,"href":"https:\/\/buying-fever.com\/ru\/wp-json\/wp\/v2\/product_brand?post=2025"},{"taxonomy":"product_cat","embeddable":true,"href":"https:\/\/buying-fever.com\/ru\/wp-json\/wp\/v2\/product_cat?post=2025"},{"taxonomy":"product_tag","embeddable":true,"href":"https:\/\/buying-fever.com\/ru\/wp-json\/wp\/v2\/product_tag?post=2025"}],"curies":[{"name":"wp","href":"https:\/\/api.w.org\/{rel}","templated":true}]}}