{"id":1488,"date":"2023-09-05T11:01:10","date_gmt":"2023-09-05T11:01:10","guid":{"rendered":"https:\/\/snow-alligator-195314.hostingersite.com\/?post_type=product&#038;p=1488"},"modified":"2025-06-14T00:52:38","modified_gmt":"2025-06-13T22:52:38","slug":"masseur-xtreme","status":"publish","type":"product","link":"https:\/\/buying-fever.com\/ru\/product\/\u044d\u043a\u0441\u0442\u0440\u0435\u043c\u0430\u043b\u044c\u043d\u044b\u0439-\u043c\u0430\u0441\u0441\u0430\u0436\u0435\u0440\/","title":{"rendered":"Xtreme Massager \u2013 \u0433\u043e\u043b\u043e\u0432\u0430 \u0438 \u0442\u0435\u043b\u043e"},"content":{"rendered":"<p style=\"text-align: center;\"><strong>\u041e\u0442\u043a\u0440\u043e\u0439\u0442\u0435 \u0434\u043b\u044f \u0441\u0435\u0431\u044f \u043c\u043d\u043e\u0433\u043e\u0444\u0443\u043d\u043a\u0446\u0438\u043e\u043d\u0430\u043b\u044c\u043d\u044b\u0439 \u044d\u043b\u0435\u043a\u0442\u0440\u0438\u0447\u0435\u0441\u043a\u0438\u0439 \u043c\u0430\u0441\u0441\u0430\u0436\u0435\u0440 \u0434\u043b\u044f \u0433\u043e\u043b\u043e\u0432\u044b \u0438 \u0442\u0435\u043b\u0430: \u0432\u0430\u0448 \u043e\u0430\u0437\u0438\u0441 \u0435\u0436\u0435\u0434\u043d\u0435\u0432\u043d\u043e\u0433\u043e \u0440\u0430\u0441\u0441\u043b\u0430\u0431\u043b\u0435\u043d\u0438\u044f!<\/strong><\/p>\n<p>&nbsp;<\/p>\n<p>\u0412\u044b \u043f\u043e\u0441\u0442\u043e\u044f\u043d\u043d\u043e \u0447\u0443\u0432\u0441\u0442\u0432\u0443\u0435\u0442\u0435 \u0443\u0441\u0442\u0430\u043b\u043e\u0441\u0442\u044c? \u0412\u0430\u0448\u0430 \u0448\u0435\u044f \u043d\u0430\u043f\u0440\u044f\u0436\u0435\u043d\u0430, \u0430 \u043f\u043b\u0435\u0447\u0438 \u0442\u044f\u0436\u0435\u043b\u044b, \u043a\u0430\u043a \u0431\u0443\u0434\u0442\u043e \u0432\u044b \u043d\u0435\u0441\u0435\u0442\u0435 \u043d\u0430 \u0441\u0435\u0431\u0435 \u0442\u044f\u0436\u0435\u0441\u0442\u044c \u043c\u0438\u0440\u0430?<\/p>\n<p>\u041f\u0440\u0435\u0434\u0441\u0442\u0430\u0432\u044c\u0442\u0435 \u0441\u0435\u0431\u0435 \u043d\u0430 \u043c\u0433\u043d\u043e\u0432\u0435\u043d\u0438\u0435, \u0447\u0442\u043e \u0432\u044b \u043c\u043e\u0436\u0435\u0442\u0435 <strong>\u0441\u043d\u044f\u0442\u044c \u0432\u0441\u0435 \u044d\u0442\u043e \u043d\u0430\u043f\u0440\u044f\u0436\u0435\u043d\u0438\u0435<\/strong> \u0437\u0430 \u043d\u0435\u0441\u043a\u043e\u043b\u044c\u043a\u043e \u043c\u0438\u043d\u0443\u0442, <strong>\u0433\u0434\u0435 \u0431\u044b \u0442\u044b \u043d\u0438 \u0431\u044b\u043b \u0438 \u043a\u043e\u0433\u0434\u0430 \u0437\u0430\u0445\u043e\u0447\u0435\u0448\u044c<\/strong>. \u042d\u0442\u043e \u043d\u0435 \u043c\u0435\u0447\u0442\u0430, \u044d\u0442\u043e \u0440\u0435\u0430\u043b\u044c\u043d\u043e\u0441\u0442\u044c, \u043a\u043e\u0442\u043e\u0440\u0443\u044e \u043f\u0440\u0435\u0434\u043b\u0430\u0433\u0430\u0435\u0442 \u0432\u0430\u043c \u043d\u0430\u0448 Xtreme Masseur!<\/p>\n<p>&nbsp;<\/p>\n<h2><img decoding=\"async\" class=\"detail-desc-decorate-image aligncenter\" src=\"https:\/\/ae01.alicdn.com\/kf\/S14eb127e1de1471ba69b882eb72416dai.jpg\" \/><\/h2>\n<h2><\/h2>\n<h2><strong>\u041a\u043b\u044e\u0447\u0435\u0432\u044b\u0435 \u043c\u043e\u043c\u0435\u043d\u0442\u044b<\/strong><\/h2>\n<p>&nbsp;<\/p>\n<p>\ud83d\udc4c <strong>\u041c\u043d\u043e\u0433\u043e\u0444\u0443\u043d\u043a\u0446\u0438\u043e\u043d\u0430\u043b\u044c\u043d\u043e\u0441\u0442\u044c \u043f\u043e \u0432\u0430\u0448\u0435\u043c\u0443 \u0436\u0435\u043b\u0430\u043d\u0438\u044e:<\/strong> \u042d\u0442\u043e \u043d\u0435 \u043e\u0433\u0440\u0430\u043d\u0438\u0447\u0438\u0432\u0430\u0435\u0442\u0441\u044f \u0432\u0430\u0448\u0435\u0439 \u043a\u043e\u0436\u0435\u0439 \u0433\u043e\u043b\u043e\u0432\u044b! \u0412\u044b \u0442\u0430\u043a\u0436\u0435 \u043c\u043e\u0436\u0435\u0442\u0435 \u0438\u0441\u043f\u043e\u043b\u044c\u0437\u043e\u0432\u0430\u0442\u044c \u0435\u0433\u043e \u0434\u043b\u044f \u043c\u0430\u0441\u0441\u0430\u0436\u0430 \u043f\u043b\u0435\u0447, \u0448\u0435\u0438, \u0441\u043f\u0438\u043d\u044b, \u0440\u0443\u043a, \u043d\u043e\u0433 \u0438 \u0434\u0430\u0436\u0435 \u0442\u0430\u043b\u0438\u0438. \u041e, \u0438 \u0434\u0430\u0432\u0430\u0439\u0442\u0435 \u043d\u0435 \u0431\u0443\u0434\u0435\u043c \u0437\u0430\u0431\u044b\u0432\u0430\u0442\u044c \u0432\u0430\u0448\u0435\u0433\u043e \u043a\u043e\u0442\u0430!<\/p>\n<p>\ud83e\udd16 <strong>\u041f\u0435\u0440\u0435\u0434\u043e\u0432\u0430\u044f \u0442\u0435\u0445\u043d\u043e\u043b\u043e\u0433\u0438\u044f \u043c\u043e\u0434\u0435\u043b\u0438\u0440\u043e\u0432\u0430\u043d\u0438\u044f:<\/strong> \u0411\u043b\u0430\u0433\u043e\u0434\u0430\u0440\u044f \u0432\u044b\u0441\u043e\u043a\u043e\u0447\u0430\u0441\u0442\u043e\u0442\u043d\u043e\u0439 \u0432\u0438\u0431\u0440\u0430\u0446\u0438\u0438 \u0438 \u043f\u043b\u0430\u0432\u043d\u043e\u043c\u0443 \u0438\u0437\u043c\u0435\u043d\u0435\u043d\u0438\u044e \u0438\u043d\u0442\u0435\u043d\u0441\u0438\u0432\u043d\u043e\u0441\u0442\u0438 \u0440\u0430\u0441\u0441\u043b\u0430\u0431\u044c\u0442\u0435\u0441\u044c, \u0437\u0430\u0431\u0443\u0434\u044c\u0442\u0435 \u043e\u0431 \u0443\u0441\u0442\u0430\u043b\u043e\u0441\u0442\u0438 \u0438 \u043f\u043e\u0437\u0434\u043e\u0440\u043e\u0432\u0430\u0439\u0442\u0435\u0441\u044c \u0441 \u043b\u0443\u0447\u0448\u0438\u043c \u043a\u0430\u0447\u0435\u0441\u0442\u0432\u043e\u043c \u0441\u043d\u0430.<\/p>\n<p>\ud83d\udd04 <strong>6 \u0442\u0435\u0445\u043d\u0438\u043a \u0438 3 \u0440\u0435\u0436\u0438\u043c\u0430 \u043c\u0430\u0441\u0441\u0430\u0436\u0430:<\/strong> \u0412\u044b\u0431\u0438\u0440\u0430\u0439\u0442\u0435 \u043c\u0435\u0436\u0434\u0443 \u0443\u0434\u0435\u0440\u0436\u0430\u043d\u0438\u0435\u043c \u0438 \u0440\u0430\u0437\u043c\u0438\u043d\u0430\u043d\u0438\u0435\u043c \u043d\u0430 \u043d\u0438\u0437\u043a\u043e\u0439 \u0441\u043a\u043e\u0440\u043e\u0441\u0442\u0438, \u043c\u0430\u0441\u0441\u0430\u0436\u0435\u043c \u043d\u0430 \u0441\u0440\u0435\u0434\u043d\u0435\u0439 \u0441\u043a\u043e\u0440\u043e\u0441\u0442\u0438 \u0438\u043b\u0438 \u0443\u0434\u0435\u0440\u0436\u0430\u043d\u0438\u0435\u043c \u0438 \u0440\u0430\u0437\u043c\u0438\u043d\u0430\u043d\u0438\u0435\u043c \u043d\u0430 \u0432\u044b\u0441\u043e\u043a\u043e\u0439 \u0441\u043a\u043e\u0440\u043e\u0441\u0442\u0438. \u0420\u0435\u0448\u0435\u043d\u0438\u0435 \u0434\u043b\u044f \u043a\u0430\u0436\u0434\u043e\u0433\u043e!<\/p>\n<p>\ud83d\udca6 <strong>IPX7 \u0412\u043e\u0434\u043e\u043d\u0435\u043f\u0440\u043e\u043d\u0438\u0446\u0430\u0435\u043c\u044b\u0439:<\/strong> \u041f\u0440\u0438\u043c\u0438\u0442\u0435 \u0440\u0430\u0441\u0441\u043b\u0430\u0431\u043b\u044f\u044e\u0449\u0443\u044e \u0432\u0430\u043d\u043d\u0443, \u043d\u0430\u0441\u043b\u0430\u0436\u0434\u0430\u044f\u0441\u044c \u0438\u0441\u043a\u043b\u044e\u0447\u0438\u0442\u0435\u043b\u044c\u043d\u044b\u043c \u043c\u0430\u0441\u0441\u0430\u0436\u0435\u043c \u0433\u043e\u043b\u043e\u0432\u044b.<\/p>\n<p>\ud83c\udf40 <strong>\u0411\u0435\u0437\u043e\u043f\u0430\u0441\u043d\u044b\u0435 \u0434\u043b\u044f \u043a\u043e\u0436\u0438 \u043c\u0430\u0442\u0435\u0440\u0438\u0430\u043b\u044b:<\/strong> \u0418\u0437\u0433\u043e\u0442\u043e\u0432\u043b\u0435\u043d\u043d\u044b\u0439 \u0438\u0437 \u0432\u044b\u0441\u043e\u043a\u043e\u043a\u0430\u0447\u0435\u0441\u0442\u0432\u0435\u043d\u043d\u043e\u0433\u043e \u0441\u0438\u043b\u0438\u043a\u043e\u043d\u0430, \u044d\u0442\u043e\u0442 \u043c\u0430\u0441\u0441\u0430\u0436\u0435\u0440 \u0437\u0430\u0431\u043e\u0442\u0438\u0442\u0441\u044f \u043e \u0432\u0430\u0441, \u043d\u0435 \u0440\u0430\u0437\u0434\u0440\u0430\u0436\u0430\u044f \u043a\u043e\u0436\u0443.<\/p>\n<p>\ud83d\udd0b <strong>\u0420\u0430\u0441\u0448\u0438\u0440\u0435\u043d\u043d\u0430\u044f \u0430\u0432\u0442\u043e\u043d\u043e\u043c\u043d\u043e\u0441\u0442\u044c:<\/strong> \u041e\u0434\u043d\u0430 \u0437\u0430\u0440\u044f\u0434\u043a\u0430 \u0434\u0430\u0435\u0442 \u0432\u0430\u043c \u0434\u043e 24 \u0434\u043d\u0435\u0439 10-\u043c\u0438\u043d\u0443\u0442\u043d\u043e\u0433\u043e \u0435\u0436\u0435\u0434\u043d\u0435\u0432\u043d\u043e\u0433\u043e \u0438\u0441\u043f\u043e\u043b\u044c\u0437\u043e\u0432\u0430\u043d\u0438\u044f.<\/p>\n<p>\ud83d\udc5c <strong>\u041a\u043e\u043c\u043f\u0430\u043a\u0442\u043d\u044b\u0439 \u0444\u043e\u0440\u043c\u0430\u0442:<\/strong> \u041b\u0435\u0433\u043a\u043e \u043d\u043e\u0441\u0438\u0442\u044c \u0441 \u0441\u043e\u0431\u043e\u0439, \u043e\u043d \u0441\u0442\u0430\u043d\u0435\u0442 \u0432\u0430\u0448\u0438\u043c \u0438\u0434\u0435\u0430\u043b\u044c\u043d\u044b\u043c \u0441\u043f\u0443\u0442\u043d\u0438\u043a\u043e\u043c \u043d\u0430 \u0440\u0430\u0431\u043e\u0442\u0435, \u0432 \u043a\u043e\u043c\u0430\u043d\u0434\u0438\u0440\u043e\u0432\u043a\u0435 \u0438\u043b\u0438 \u043d\u0430 \u043e\u0442\u0434\u044b\u0445\u0435.<\/p>\n<p>&nbsp;<\/p>\n<p><img fetchpriority=\"high\" decoding=\"async\" class=\"wp-image-2215 size-full aligncenter\" src=\"https:\/\/buying-fever.com\/wp-content\/uploads\/2023\/09\/masseur-chat.gif\" alt=\"\u044d\u043a\u0441\u0442\u0440\u0435\u043c\u0430\u043b\u044c\u043d\u044b\u0439 \u043c\u0430\u0441\u0441\u0430\u0436\u0435\u0440 \u0434\u043b\u044f \u0433\u043e\u043b\u043e\u0432\u044b \u0438 \u0442\u0435\u043b\u0430\" width=\"440\" height=\"580\" \/><\/p>\n<h2 style=\"text-align: center;\"><strong>\u041f\u043e\u0447\u0435\u043c\u0443 \u0432\u044b \u0431\u043e\u043b\u044c\u0448\u0435 \u043d\u0435 \u043c\u043e\u0436\u0435\u0442\u0435 \u043e\u0431\u043e\u0439\u0442\u0438\u0441\u044c \u0431\u0435\u0437 \u043c\u0430\u0441\u0441\u0430\u0436\u0435\u0440\u0430 Xtreme?<\/strong><\/h2>\n<p>&nbsp;<\/p>\n<p>\u041a\u043e\u0433\u0434\u0430 \u043c\u044b \u0433\u043e\u0432\u043e\u0440\u0438\u043c \u043e \u0431\u043b\u0430\u0433\u043e\u043f\u043e\u043b\u0443\u0447\u0438\u0438, \u043c\u044b \u0438\u043c\u0435\u0435\u043c \u0432 \u0432\u0438\u0434\u0443 \u0431\u0438\u0437\u043d\u0435\u0441. <strong>\u041f\u0440\u0435\u0432\u0440\u0430\u0442\u0438\u0442\u0435 \u043b\u044e\u0431\u043e\u0439 \u043c\u043e\u043c\u0435\u043d\u0442 \u0432 \u043d\u0435\u0437\u0430\u0431\u044b\u0432\u0430\u0435\u043c\u044b\u0439 \u0441\u0435\u0430\u043d\u0441 \u0440\u0435\u043b\u0430\u043a\u0441\u0430\u0446\u0438\u0438<\/strong>. \u042d\u0442\u043e \u0431\u043e\u043b\u044c\u0448\u0435, \u0447\u0435\u043c \u043f\u0440\u043e\u0441\u0442\u043e \u043c\u0430\u0441\u0441\u0430\u0436\u043d\u043e\u0435 \u0443\u0441\u0442\u0440\u043e\u0439\u0441\u0442\u0432\u043e, \u044d\u0442\u043e <strong>\u043d\u0430\u0441\u0442\u043e\u044f\u0449\u0438\u0439 \u043e\u043f\u044b\u0442 \u0437\u0434\u0440\u0430\u0432\u043e\u043e\u0445\u0440\u0430\u043d\u0435\u043d\u0438\u044f \u0438 \u0445\u043e\u0440\u043e\u0448\u0435\u0433\u043e \u0441\u0430\u043c\u043e\u0447\u0443\u0432\u0441\u0442\u0432\u0438\u044f \u0443 \u0432\u0430\u0441 \u043f\u043e\u0434 \u0440\u0443\u043a\u043e\u0439<\/strong>.<\/p>\n<p>&nbsp;<\/p>\n<p><img decoding=\"async\" class=\"detail-desc-decorate-image aligncenter\" src=\"https:\/\/ae01.alicdn.com\/kf\/S613367f448474eceb14db54410d8ff7fL.jpg\" width=\"750\" height=\"750\" \/><\/p>\n<p><span style=\"font-family: OpenSans; font-size: 20px; font-weight: 900;\">\u0424\u0443\u043d\u043a\u0446\u0438\u0438 :<\/span><\/p>\n<div class=\"detailmodule_html\">\n<div class=\"detail-desc-decorate-richtext\">\n<div class=\"detailmodule_text\">\n<p>\u041c\u0430\u0442\u0435\u0440\u0438\u0430\u043b: \u0410\u0411\u0421+\u041f\u041a<br \/>\n\u0431\u0435\u043b\u044b\u0439 \u0446\u0432\u0435\u0442<br \/>\n\u0420\u0430\u0437\u043c\u0435\u0440: 10<em>7<\/em>9 \u0421\u041c<br \/>\n\u0415\u043c\u043a\u043e\u0441\u0442\u044c \u0430\u043a\u043a\u0443\u043c\u0443\u043b\u044f\u0442\u043e\u0440\u0430: 1100 \u043c\u0410\u0447<br \/>\n\u041c\u043e\u0449\u043d\u043e\u0441\u0442\u044c \u043f\u0440\u043e\u0434\u0443\u043a\u0442\u0430: 5 \u0412\u0442<br \/>\n\u041d\u0430\u043f\u0440\u044f\u0436\u0435\u043d\u0438\u0435 \u0437\u0430\u0440\u044f\u0434\u043a\u0438: 5 \u0412<br \/>\n\u0417\u0430\u0440\u044f\u0434\u043d\u044b\u0439 \u0442\u043e\u043a: 1\u0410<\/p>\n<hr \/>\n<p>\u0421\u043f\u0438\u0441\u043e\u043a \u0432\u043a\u043b\u044e\u0447\u0435\u043d\u043d\u044b\u0445 \u043f\u0440\u0435\u0434\u043c\u0435\u0442\u043e\u0432:<\/p>\n<p>1 * \u044d\u043a\u0441\u0442\u0440\u0435\u043c\u0430\u043b\u044c\u043d\u044b\u0439 \u043c\u0430\u0441\u0441\u0430\u0436\u0435\u0440<br \/>\n1 * USB-\u043a\u0430\u0431\u0435\u043b\u044c \u0434\u043b\u044f \u0437\u0430\u0440\u044f\u0434\u043a\u0438<br \/>\n1 * \u0420\u0443\u043a\u043e\u0432\u043e\u0434\u0441\u0442\u0432\u043e \u043f\u043e\u043b\u044c\u0437\u043e\u0432\u0430\u0442\u0435\u043b\u044f<\/p>\n<\/div>\n<div class=\"detailmodule_image\"><\/div>\n<\/div>\n<\/div>","protected":false},"excerpt":{"rendered":"<p>D\u00e9couvrez le Masseur Multifonction \u00c9lectrique pour T\u00eate et Corps : Votre Oasis de Relaxation Quotidienne ! &nbsp; Vous sentez-vous constamment fatigu\u00e9 ? Votre nuque est-elle tendue et vos \u00e9paules sont-elles lourdes comme si vous portiez le poids du monde ? Imaginez un instant pouvoir rel\u00e2cher toute cette tension en quelques minutes, o\u00f9 que vous soyez [&hellip;]<\/p>\n","protected":false},"featured_media":1482,"comment_status":"open","ping_status":"closed","template":"","meta":{"_seopress_robots_primary_cat":"none","_seopress_titles_title":"","_seopress_titles_desc":"","_seopress_robots_index":"","site-sidebar-layout":"default","site-content-layout":"","ast-site-content-layout":"default","site-content-style":"default","site-sidebar-style":"default","ast-global-header-display":"","ast-banner-title-visibility":"","ast-main-header-display":"","ast-hfb-above-header-display":"","ast-hfb-below-header-display":"","ast-hfb-mobile-header-display":"","site-post-title":"","ast-breadcrumbs-content":"","ast-featured-img":"","footer-sml-layout":"","ast-disable-related-posts":"","theme-transparent-header-meta":"default","adv-header-id-meta":"","stick-header-meta":"default","header-above-stick-meta":"","header-main-stick-meta":"","header-below-stick-meta":"","astra-migrate-meta-layouts":"set","ast-page-background-enabled":"default","ast-page-background-meta":{"desktop":{"background-color":"","background-image":"","background-repeat":"repeat","background-position":"center center","background-size":"auto","background-attachment":"scroll","background-type":"","background-media":"","overlay-type":"","overlay-color":"","overlay-opacity":"","overlay-gradient":""},"tablet":{"background-color":"","background-image":"","background-repeat":"repeat","background-position":"center center","background-size":"auto","background-attachment":"scroll","background-type":"","background-media":"","overlay-type":"","overlay-color":"","overlay-opacity":"","overlay-gradient":""},"mobile":{"background-color":"","background-image":"","background-repeat":"repeat","background-position":"center center","background-size":"auto","background-attachment":"scroll","background-type":"","background-media":"","overlay-type":"","overlay-color":"","overlay-opacity":"","overlay-gradient":""}},"ast-content-background-meta":{"desktop":{"background-color":"var(--ast-global-color-5)","background-image":"","background-repeat":"repeat","background-position":"center center","background-size":"auto","background-attachment":"scroll","background-type":"","background-media":"","overlay-type":"","overlay-color":"","overlay-opacity":"","overlay-gradient":""},"tablet":{"background-color":"var(--ast-global-color-5)","background-image":"","background-repeat":"repeat","background-position":"center center","background-size":"auto","background-attachment":"scroll","background-type":"","background-media":"","overlay-type":"","overlay-color":"","overlay-opacity":"","overlay-gradient":""},"mobile":{"background-color":"var(--ast-global-color-5)","background-image":"","background-repeat":"repeat","background-position":"center center","background-size":"auto","background-attachment":"scroll","background-type":"","background-media":"","overlay-type":"","overlay-color":"","overlay-opacity":"","overlay-gradient":""}}},"product_brand":[],"product_cat":[83,82],"product_tag":[],"class_list":{"0":"post-1488","1":"product","2":"type-product","3":"status-publish","4":"has-post-thumbnail","6":"product_cat-animaux","7":"product_cat-electronique","8":"desktop-align-center","9":"tablet-align-center","10":"mobile-align-center","11":"ast-product-gallery-layout-horizontal","12":"ast-magnify-disabled","13":"ast-product-tabs-layout-horizontal","14":"ast-qv-on-image","16":"first","17":"instock","18":"shipping-taxable","19":"purchasable","20":"product-type-simple"},"bundled_by":[],"bundle_stock_status":"instock","bundle_stock_quantity":null,"bundle_virtual":false,"bundle_layout":"","bundle_add_to_cart_form_location":"","bundle_editable_in_cart":false,"bundle_sold_individually_context":"","bundle_item_grouping":"","bundle_min_size":"","bundle_max_size":"","bundle_price":[],"bundled_items":[],"bundle_sell_ids":[],"_links":{"self":[{"href":"https:\/\/buying-fever.com\/ru\/wp-json\/wp\/v2\/product\/1488","targetHints":{"allow":["GET"]}}],"collection":[{"href":"https:\/\/buying-fever.com\/ru\/wp-json\/wp\/v2\/product"}],"about":[{"href":"https:\/\/buying-fever.com\/ru\/wp-json\/wp\/v2\/types\/product"}],"replies":[{"embeddable":true,"href":"https:\/\/buying-fever.com\/ru\/wp-json\/wp\/v2\/comments?post=1488"}],"version-history":[{"count":0,"href":"https:\/\/buying-fever.com\/ru\/wp-json\/wp\/v2\/product\/1488\/revisions"}],"wp:featuredmedia":[{"embeddable":true,"href":"https:\/\/buying-fever.com\/ru\/wp-json\/wp\/v2\/media\/1482"}],"wp:attachment":[{"href":"https:\/\/buying-fever.com\/ru\/wp-json\/wp\/v2\/media?parent=1488"}],"wp:term":[{"taxonomy":"product_brand","embeddable":true,"href":"https:\/\/buying-fever.com\/ru\/wp-json\/wp\/v2\/product_brand?post=1488"},{"taxonomy":"product_cat","embeddable":true,"href":"https:\/\/buying-fever.com\/ru\/wp-json\/wp\/v2\/product_cat?post=1488"},{"taxonomy":"product_tag","embeddable":true,"href":"https:\/\/buying-fever.com\/ru\/wp-json\/wp\/v2\/product_tag?post=1488"}],"curies":[{"name":"wp","href":"https:\/\/api.w.org\/{rel}","templated":true}]}}