{"id":1417,"date":"2023-09-03T13:10:48","date_gmt":"2023-09-03T13:10:48","guid":{"rendered":"https:\/\/snow-alligator-195314.hostingersite.com\/?post_type=product&#038;p=1417"},"modified":"2025-06-14T00:52:29","modified_gmt":"2025-06-13T22:52:29","slug":"livre-creatif-princesse","status":"publish","type":"product","link":"https:\/\/buying-fever.com\/ru\/product\/\u0442\u0432\u043e\u0440\u0447\u0435\u0441\u043a\u0430\u044f-\u043a\u043d\u0438\u0433\u0430-\u043f\u0440\u0438\u043d\u0446\u0435\u0441\u0441\u044b\/","title":{"rendered":"\u0422\u0432\u043e\u0440\u0447\u0435\u0441\u043a\u0430\u044f \u043a\u043d\u0438\u0433\u0430 \u2013 \u041f\u0440\u0438\u043d\u0446\u0435\u0441\u0441\u0430"},"content":{"rendered":"<div data-elementor-type=\"product-post\" data-elementor-id=\"1417\" class=\"elementor elementor-1417\" data-elementor-post-type=\"product\">\n\t\t\t\t<div class=\"elementor-element elementor-element-43999e6 elementor-hidden-desktop elementor-hidden-mobile e-flex e-con-boxed e-con e-parent\" data-id=\"43999e6\" data-element_type=\"container\" data-e-type=\"container\">\n\t\t\t\t\t<div class=\"e-con-inner\">\n\t\t\t\t<div class=\"elementor-element elementor-element-f921f1e elementor-widget elementor-widget-heading\" data-id=\"f921f1e\" data-element_type=\"widget\" data-e-type=\"widget\" data-widget_type=\"heading.default\">\n\t\t\t\t<div class=\"elementor-widget-container\">\n\t\t\t\t\t<h2 class=\"elementor-heading-title elementor-size-default\">\u0420\u0430\u0437\u0431\u0443\u0434\u0438\u0442\u0435 \u0442\u0432\u043e\u0440\u0447\u0435\u0441\u043a\u0443\u044e \u0434\u0443\u0448\u0443 \u0432\u0430\u0448\u0435\u0433\u043e \u0440\u0435\u0431\u0435\u043d\u043a\u0430<\/h2>\t\t\t\t<\/div>\n\t\t\t\t<\/div>\n\t\t\t\t\t<\/div>\n\t\t\t\t<\/div>\n\t\t<div class=\"elementor-element elementor-element-3764389 e-con-full e-flex e-con e-parent\" data-id=\"3764389\" data-element_type=\"container\" data-e-type=\"container\">\n\t\t<div class=\"elementor-element elementor-element-8247578 e-con-full e-flex e-con e-parent\" data-id=\"8247578\" data-element_type=\"container\" data-e-type=\"container\">\n\t\t\t\t<div class=\"elementor-element elementor-element-cbe6c48 elementor-hidden-tablet elementor-widget elementor-widget-heading\" data-id=\"cbe6c48\" data-element_type=\"widget\" data-e-type=\"widget\" data-widget_type=\"heading.default\">\n\t\t\t\t<div class=\"elementor-widget-container\">\n\t\t\t\t\t<h2 class=\"elementor-heading-title elementor-size-default\">\u0420\u0430\u0437\u0431\u0443\u0434\u0438\u0442\u0435 \u0442\u0432\u043e\u0440\u0447\u0435\u0441\u043a\u0443\u044e \u0434\u0443\u0448\u0443 \u0432\u0430\u0448\u0435\u0433\u043e \u0440\u0435\u0431\u0435\u043d\u043a\u0430<\/h2>\t\t\t\t<\/div>\n\t\t\t\t<\/div>\n\t\t\t\t<div class=\"elementor-element elementor-element-ff7d251 elementor-widget elementor-widget-text-editor\" data-id=\"ff7d251\" data-element_type=\"widget\" data-e-type=\"widget\" data-widget_type=\"text-editor.default\">\n\t\t\t\t<div class=\"elementor-widget-container\">\n\t\t\t\t\t\t\t\t\t<p>\u042d\u0442\u0430 \u043a\u043d\u0438\u0433\u0430, \u043f\u0440\u0435\u0434\u043d\u0430\u0437\u043d\u0430\u0447\u0435\u043d\u043d\u0430\u044f \u0434\u043b\u044f \u043d\u0430\u0447\u0438\u043d\u0430\u044e\u0449\u0438\u0445 \u043c\u0430\u043b\u0435\u043d\u044c\u043a\u0438\u0445 \u0445\u0443\u0434\u043e\u0436\u043d\u0438\u043a\u043e\u0432, \u043d\u0435 \u044f\u0432\u043b\u044f\u0435\u0442\u0441\u044f \u043f\u0440\u043e\u0441\u0442\u043e\u0439 \u043a\u043d\u0438\u0436\u043a\u043e\u0439-\u0440\u0430\u0441\u043a\u0440\u0430\u0441\u043a\u043e\u0439 \u0438\u043b\u0438 \u0440\u0438\u0441\u043e\u0432\u0430\u043d\u0438\u0435\u043c.\u00a0<\/p><p><strong>\u041e\u043d \u043f\u0440\u0435\u0434\u043b\u0430\u0433\u0430\u0435\u0442 \u043f\u043e\u043b\u043d\u044b\u0439 \u0442\u0432\u043e\u0440\u0447\u0435\u0441\u043a\u0438\u0439 \u043e\u043f\u044b\u0442!<\/strong><\/p><p>\u041d\u0430\u043f\u043e\u043b\u043d\u0435\u043d\u043d\u0430\u044f \u0446\u0432\u0435\u0442\u0430\u043c\u0438, \u043d\u0430\u043a\u043b\u0435\u0439\u043a\u0430\u043c\u0438 \u0438 \u0434\u0430\u0436\u0435 3D-\u043c\u0430\u043d\u0435\u043a\u0435\u043d\u0430\u043c\u0438, \u0443 \u0432\u0430\u0448\u0435\u0439 \u043c\u0430\u043b\u0435\u043d\u044c\u043a\u043e\u0439 \u043f\u0440\u0438\u043d\u0446\u0435\u0441\u0441\u044b \u0431\u0443\u0434\u0435\u0442 \u0432\u0441\u0435, \u0447\u0442\u043e \u0435\u0439 \u043d\u0443\u0436\u043d\u043e, \u0447\u0442\u043e\u0431\u044b \u0434\u0430\u0442\u044c \u0432\u043e\u043b\u044e \u0441\u0432\u043e\u0435\u043c\u0443 \u0432\u043e\u043e\u0431\u0440\u0430\u0436\u0435\u043d\u0438\u044e.<\/p><p>\u0418\u0437\u044e\u043c\u0438\u043d\u043a\u0430 \u0448\u043e\u0443?<\/p><p>\u0412\u043e\u0437\u043c\u043e\u0436\u043d\u043e\u0441\u0442\u044c <strong>\u0441\u043e\u0437\u0434\u0430\u0439\u0442\u0435 \u043a\u0440\u0430\u0441\u0438\u0432\u044b\u0435 \u0432\u044b\u043f\u0443\u0441\u043a\u043d\u044b\u0435 \u043f\u043b\u0430\u0442\u044c\u044f \u0432 3D<\/strong> \u0432\u0441\u0442\u0430\u0432\u0438\u0432 \u043a\u0443\u0441\u043e\u0447\u043a\u0438 \u0431\u043b\u0435\u0441\u0442\u044f\u0449\u0435\u0439 \u0442\u043a\u0430\u043d\u0438 \u0438 \u0431\u0443\u043c\u0430\u0433\u0438.<\/p><p>\u042d\u0442\u043e \u0431\u043e\u043b\u044c\u0448\u0435, \u0447\u0435\u043c \u043a\u043d\u0438\u0433\u0430, \u044d\u0442\u043e \u0441\u043e\u043a\u0440\u043e\u0432\u0438\u0449\u0435 \u0442\u0432\u043e\u0440\u0447\u0435\u0441\u0442\u0432\u0430, \u043a\u043e\u0442\u043e\u0440\u043e\u0435 \u0437\u0430\u0441\u0442\u0430\u0432\u0438\u0442 \u0441\u0438\u044f\u0442\u044c \u0433\u043b\u0430\u0437\u0430 \u0432\u0430\u0448\u0435\u0433\u043e \u0440\u0435\u0431\u0435\u043d\u043a\u0430!<\/p>\t\t\t\t\t\t\t\t<\/div>\n\t\t\t\t<\/div>\n\t\t\t\t<\/div>\n\t\t<div class=\"elementor-element elementor-element-9b7f533 e-con-full e-flex e-con e-parent\" data-id=\"9b7f533\" data-element_type=\"container\" data-e-type=\"container\">\n\t\t\t\t<div class=\"elementor-element elementor-element-27b3b0b elementor-widget elementor-widget-video\" data-id=\"27b3b0b\" data-element_type=\"widget\" data-e-type=\"widget\" data-settings=\"{&quot;video_type&quot;:&quot;vimeo&quot;,&quot;autoplay&quot;:&quot;yes&quot;,&quot;play_on_mobile&quot;:&quot;yes&quot;,&quot;loop&quot;:&quot;yes&quot;}\" data-widget_type=\"video.default\">\n\t\t\t\t<div class=\"elementor-widget-container\">\n\t\t\t\t\t\t\t<div class=\"elementor-wrapper elementor-open-inline\">\n\t\t\t<iframe class=\"elementor-video-iframe\" allowfullscreen allow=\"autoplay\" title=\"vimeo video player\" src=\"https:\/\/player.vimeo.com\/video\/862198043?autoplay=1&amp;playsinline=1&amp;color&amp;autopause=0&amp;loop=1&amp;muted=0&amp;title=0&amp;portrait=0&amp;byline=0#t=\" data-no-translation-title=\"\"><\/iframe>\t\t<\/div>\n\t\t\t\t\t\t<\/div>\n\t\t\t\t<\/div>\n\t\t\t\t<\/div>\n\t\t\t\t<\/div>\n\t\t\t\t<section class=\"elementor-section elementor-top-section elementor-element elementor-element-51ef32c5 elementor-section-boxed elementor-section-height-default elementor-section-height-default\" data-id=\"51ef32c5\" data-element_type=\"section\" data-e-type=\"section\">\n\t\t\t\t\t\t<div class=\"elementor-container elementor-column-gap-default\">\n\t\t\t\t\t<div class=\"elementor-column elementor-col-100 elementor-top-column elementor-element elementor-element-183365ad\" data-id=\"183365ad\" data-element_type=\"column\" data-e-type=\"column\">\n\t\t\t<div class=\"elementor-widget-wrap elementor-element-populated\">\n\t\t\t\t\t\t<div class=\"elementor-element elementor-element-25240d5 elementor-widget elementor-widget-heading\" data-id=\"25240d5\" data-element_type=\"widget\" data-e-type=\"widget\" data-widget_type=\"heading.default\">\n\t\t\t\t<div class=\"elementor-widget-container\">\n\t\t\t\t\t<h2 class=\"elementor-heading-title elementor-size-default\">\u041f\u043e\u0433\u0440\u0443\u0437\u0438\u0442\u0435\u0441\u044c \u0432 \u0432\u043e\u043b\u0448\u0435\u0431\u043d\u044b\u0439 \u043c\u0438\u0440 \u0441 \u043d\u0430\u0448\u0435\u0439 \u0442\u0432\u043e\u0440\u0447\u0435\u0441\u043a\u043e\u0439 \u043a\u043d\u0438\u0433\u043e\u0439 \u00ab\u041e\u0447\u0430\u0440\u043e\u0432\u0430\u043d\u043d\u0430\u044f \u043f\u0440\u0438\u043d\u0446\u0435\u0441\u0441\u0430\u00bb.<\/h2>\t\t\t\t<\/div>\n\t\t\t\t<\/div>\n\t\t\t\t<div class=\"elementor-element elementor-element-7ab545b1 elementor-widget elementor-widget-text-editor\" data-id=\"7ab545b1\" data-element_type=\"widget\" data-e-type=\"widget\" data-widget_type=\"text-editor.default\">\n\t\t\t\t<div class=\"elementor-widget-container\">\n\t\t\t\t\t\t\t\t\t<p><img fetchpriority=\"high\" decoding=\"async\" class=\"aligncenter\" style=\"font-style: inherit;\" src=\"https:\/\/ammzonplcbkt.oss-cn-hongkong.aliyuncs.com\/Erp\/M271739D.jpg\" width=\"823\" height=\"823\" \/><\/p><div class=\"detailmodule_html\"><div class=\"detail-desc-decorate-richtext\"><div class=\"detailmodule_html\"><div class=\"detail-desc-decorate-richtext\"><p>\u00a0<\/p><p><img decoding=\"async\" class=\"aligncenter\" src=\"https:\/\/ammzonplcbkt.oss-cn-hongkong.aliyuncs.com\/Erp\/M271739F.jpg\" width=\"798\" height=\"798\" \/><\/p><p><img decoding=\"async\" class=\"aligncenter\" src=\"https:\/\/ammzonplcbkt.oss-cn-hongkong.aliyuncs.com\/Erp\/M271739G.jpg\" width=\"796\" height=\"796\" \/><\/p><p><img loading=\"lazy\" decoding=\"async\" class=\"aligncenter\" src=\"https:\/\/ammzonplcbkt.oss-cn-hongkong.aliyuncs.com\/Erp\/M271739I.jpg\" width=\"800\" height=\"800\" \/><\/p><\/div><\/div><\/div><\/div>\t\t\t\t\t\t\t\t<\/div>\n\t\t\t\t<\/div>\n\t\t\t\t\t<\/div>\n\t\t<\/div>\n\t\t\t\t\t<\/div>\n\t\t<\/section>\n\t\t\t\t<\/div>","protected":false},"excerpt":{"rendered":"<p>R\u00e9veillez l&rsquo;\u00e2me d&rsquo;artiste de votre enfant R\u00e9veillez l&rsquo;\u00e2me d&rsquo;artiste de votre enfant Destin\u00e9 aux petites artistes en herbe, ce livre n&rsquo;est pas un simple cahier de coloriage ou de peinture. Il offre une exp\u00e9rience cr\u00e9ative compl\u00e8te ! Rempli de couleurs, de stickers et m\u00eame de tableaux de mannequins en 3D, votre petite princesse aura tout [&hellip;]<\/p>\n","protected":false},"featured_media":1404,"comment_status":"open","ping_status":"closed","template":"","meta":{"_seopress_robots_primary_cat":"none","_seopress_titles_title":"","_seopress_titles_desc":"","_seopress_robots_index":"","site-sidebar-layout":"default","site-content-layout":"","ast-site-content-layout":"default","site-content-style":"default","site-sidebar-style":"default","ast-global-header-display":"","ast-banner-title-visibility":"","ast-main-header-display":"","ast-hfb-above-header-display":"","ast-hfb-below-header-display":"","ast-hfb-mobile-header-display":"","site-post-title":"","ast-breadcrumbs-content":"","ast-featured-img":"","footer-sml-layout":"","ast-disable-related-posts":"","theme-transparent-header-meta":"default","adv-header-id-meta":"","stick-header-meta":"","header-above-stick-meta":"","header-main-stick-meta":"","header-below-stick-meta":"","astra-migrate-meta-layouts":"set","ast-page-background-enabled":"default","ast-page-background-meta":{"desktop":{"background-color":"","background-image":"","background-repeat":"repeat","background-position":"center center","background-size":"auto","background-attachment":"scroll","background-type":"","background-media":"","overlay-type":"","overlay-color":"","overlay-opacity":"","overlay-gradient":""},"tablet":{"background-color":"","background-image":"","background-repeat":"repeat","background-position":"center center","background-size":"auto","background-attachment":"scroll","background-type":"","background-media":"","overlay-type":"","overlay-color":"","overlay-opacity":"","overlay-gradient":""},"mobile":{"background-color":"","background-image":"","background-repeat":"repeat","background-position":"center center","background-size":"auto","background-attachment":"scroll","background-type":"","background-media":"","overlay-type":"","overlay-color":"","overlay-opacity":"","overlay-gradient":""}},"ast-content-background-meta":{"desktop":{"background-color":"var(--ast-global-color-5)","background-image":"","background-repeat":"repeat","background-position":"center center","background-size":"auto","background-attachment":"scroll","background-type":"","background-media":"","overlay-type":"","overlay-color":"","overlay-opacity":"","overlay-gradient":""},"tablet":{"background-color":"var(--ast-global-color-5)","background-image":"","background-repeat":"repeat","background-position":"center center","background-size":"auto","background-attachment":"scroll","background-type":"","background-media":"","overlay-type":"","overlay-color":"","overlay-opacity":"","overlay-gradient":""},"mobile":{"background-color":"var(--ast-global-color-5)","background-image":"","background-repeat":"repeat","background-position":"center center","background-size":"auto","background-attachment":"scroll","background-type":"","background-media":"","overlay-type":"","overlay-color":"","overlay-opacity":"","overlay-gradient":""}}},"product_brand":[],"product_cat":[42,81],"product_tag":[],"class_list":{"0":"post-1417","1":"product","2":"type-product","3":"status-publish","4":"has-post-thumbnail","6":"product_cat-cadeau","7":"product_cat-jouet","8":"desktop-align-center","9":"tablet-align-center","10":"mobile-align-center","11":"ast-product-gallery-layout-horizontal","12":"ast-magnify-disabled","13":"ast-product-tabs-layout-horizontal","14":"ast-qv-on-image","16":"first","17":"instock","18":"shipping-taxable","19":"purchasable","20":"product-type-simple"},"bundled_by":["3061"],"bundle_stock_status":"instock","bundle_stock_quantity":7962,"bundle_virtual":false,"bundle_layout":"","bundle_add_to_cart_form_location":"","bundle_editable_in_cart":false,"bundle_sold_individually_context":"","bundle_item_grouping":"","bundle_min_size":"","bundle_max_size":"","bundle_price":[],"bundled_items":[],"bundle_sell_ids":[],"_links":{"self":[{"href":"https:\/\/buying-fever.com\/ru\/wp-json\/wp\/v2\/product\/1417","targetHints":{"allow":["GET"]}}],"collection":[{"href":"https:\/\/buying-fever.com\/ru\/wp-json\/wp\/v2\/product"}],"about":[{"href":"https:\/\/buying-fever.com\/ru\/wp-json\/wp\/v2\/types\/product"}],"replies":[{"embeddable":true,"href":"https:\/\/buying-fever.com\/ru\/wp-json\/wp\/v2\/comments?post=1417"}],"version-history":[{"count":0,"href":"https:\/\/buying-fever.com\/ru\/wp-json\/wp\/v2\/product\/1417\/revisions"}],"wp:featuredmedia":[{"embeddable":true,"href":"https:\/\/buying-fever.com\/ru\/wp-json\/wp\/v2\/media\/1404"}],"wp:attachment":[{"href":"https:\/\/buying-fever.com\/ru\/wp-json\/wp\/v2\/media?parent=1417"}],"wp:term":[{"taxonomy":"product_brand","embeddable":true,"href":"https:\/\/buying-fever.com\/ru\/wp-json\/wp\/v2\/product_brand?post=1417"},{"taxonomy":"product_cat","embeddable":true,"href":"https:\/\/buying-fever.com\/ru\/wp-json\/wp\/v2\/product_cat?post=1417"},{"taxonomy":"product_tag","embeddable":true,"href":"https:\/\/buying-fever.com\/ru\/wp-json\/wp\/v2\/product_tag?post=1417"}],"curies":[{"name":"wp","href":"https:\/\/api.w.org\/{rel}","templated":true}]}}