{"id":1285,"date":"2023-08-20T21:19:44","date_gmt":"2023-08-20T21:19:44","guid":{"rendered":"https:\/\/snow-alligator-195314.hostingersite.com\/?post_type=product&#038;p=1285"},"modified":"2025-06-14T00:52:39","modified_gmt":"2025-06-13T22:52:39","slug":"kit-dapprentissage-wc-pour-chat","status":"publish","type":"product","link":"https:\/\/buying-fever.com\/ru\/product\/\u043d\u0430\u0431\u043e\u0440-\u0434\u043b\u044f-\u043f\u0440\u0438\u0443\u0447\u0435\u043d\u0438\u044f-\u043a\u043e\u0448\u0435\u043a-\u043a-\u0442\u0443\u0430\u043b\u0435\u0442\u0443\/","title":{"rendered":"\u041d\u0430\u0431\u043e\u0440 \u0434\u043b\u044f \u043f\u0440\u0438\u0443\u0447\u0435\u043d\u0438\u044f \u043a\u043e\u0448\u0435\u043a \u043a \u0442\u0443\u0430\u043b\u0435\u0442\u0443"},"content":{"rendered":"<h2 style=\"text-align: center;\">\u0411\u043e\u043b\u044c\u0448\u0435 \u043d\u0438\u043a\u0430\u043a\u0438\u0445 \u0445\u043b\u043e\u043f\u043e\u0442 \u043f\u043e \u0442\u0443\u0430\u043b\u0435\u0442\u043d\u043e\u043c\u0443 \u043b\u043e\u0442\u043a\u0443 \u0438 \u043d\u0435\u043f\u0440\u0438\u044f\u0442\u043d\u044b\u0445 \u0437\u0430\u043f\u0430\u0445\u043e\u0432.<\/h2>\n<p>&nbsp;<\/p>\n<p>\u041d\u0430\u0443\u0447\u0438\u0442\u0435 \u043a\u043e\u0448\u043a\u0443 \u0441\u0430\u043c\u043e\u0441\u0442\u043e\u044f\u0442\u0435\u043b\u044c\u043d\u043e \u043f\u043e\u043b\u044c\u0437\u043e\u0432\u0430\u0442\u044c\u0441\u044f \u0442\u0443\u0430\u043b\u0435\u0442\u043e\u043c \u0432\u0441\u0435\u0433\u043e \u0437\u0430 10 \u0434\u043d\u0435\u0439!<\/p>\n<p>&nbsp;<\/p>\n<h3>\u0422\u043e\u043b\u044c\u043a\u043e \u043f\u043b\u044e\u0441\u044b:<\/h3>\n<ul>\n<li><strong>\u0411\u044b\u0441\u0442\u0440\u043e\u0435 \u043e\u0431\u0443\u0447\u0435\u043d\u0438\u0435<\/strong> : \u0432 \u0441\u0440\u0435\u0434\u043d\u0435\u043c 10 \u0434\u043d\u0435\u0439 (\u043c\u043e\u0436\u0435\u0442 \u0432\u0430\u0440\u044c\u0438\u0440\u043e\u0432\u0430\u0442\u044c\u0441\u044f \u0432 \u0437\u0430\u0432\u0438\u0441\u0438\u043c\u043e\u0441\u0442\u0438 \u043e\u0442 \u043f\u0440\u0438\u0432\u044b\u0447\u0435\u043a \u0438 \u0445\u0430\u0440\u0430\u043a\u0442\u0435\u0440\u0430 \u043a\u043e\u0448\u043a\u0438).<\/li>\n<li><strong>\u042d\u043a\u043e\u043d\u043e\u043c\u0438\u0447\u0435\u0441\u043a\u0438\u0439<\/strong> : \u0417\u043d\u0430\u0447\u0438\u0442\u0435\u043b\u044c\u043d\u043e \u0441\u043e\u043a\u0440\u0430\u0442\u0438\u0442\u0435 \u0440\u0430\u0441\u0445\u043e\u0434\u044b \u043d\u0430 \u043f\u043e\u0434\u0441\u0442\u0438\u043b\u043a\u0443.<\/li>\n<li><strong>\u0413\u0438\u0433\u0438\u0435\u043d\u0438\u0447\u0435\u0441\u043a\u0438\u0439<\/strong> : \u041f\u043e\u043f\u0440\u043e\u0449\u0430\u0439\u0442\u0435\u0441\u044c \u0441 \u043d\u0435\u043f\u0440\u0438\u044f\u0442\u043d\u044b\u043c\u0438 \u0437\u0430\u043f\u0430\u0445\u0430\u043c\u0438 \u0438 \u0433\u0440\u044f\u0437\u043d\u044b\u043c\u0438 \u0442\u0443\u0430\u043b\u0435\u0442\u043d\u044b\u043c\u0438 \u043b\u043e\u0442\u043a\u0430\u043c\u0438.<\/li>\n<li><strong>\u041f\u0440\u0430\u043a\u0442\u0438\u0447\u043d\u044b\u0439<\/strong> : \u041d\u0435\u0442 \u043d\u0435\u043e\u0431\u0445\u043e\u0434\u0438\u043c\u043e\u0441\u0442\u0438 \u0447\u0438\u0441\u0442\u0438\u0442\u044c \u044f\u0449\u0438\u043a \u043a\u0430\u0436\u0434\u044b\u0439 \u0434\u0435\u043d\u044c.<\/li>\n<li><strong>\u041e\u043f\u0442\u0438\u043c\u0438\u0437\u0438\u0440\u043e\u0432\u0430\u043d\u043d\u043e\u0435 \u043f\u0440\u043e\u0441\u0442\u0440\u0430\u043d\u0441\u0442\u0432\u043e<\/strong> : \u041e\u0441\u0432\u043e\u0431\u043e\u0434\u0438\u0442\u0435 \u043c\u0435\u0441\u0442\u043e, \u043e\u0431\u044b\u0447\u043d\u043e \u043e\u0442\u0432\u0435\u0434\u0435\u043d\u043d\u043e\u0435 \u0434\u043b\u044f \u0442\u0443\u0430\u043b\u0435\u0442\u043d\u043e\u0433\u043e \u043b\u043e\u0442\u043a\u0430.<\/li>\n<li><strong>\u042d\u043a\u043e\u043b\u043e\u0433\u0438\u0447\u0435\u0441\u043a\u0438\u0439<\/strong> : \u0423\u043c\u0435\u043d\u044c\u0448\u0438\u0442\u0435 \u0441\u0432\u043e\u0439 \u044d\u043a\u043e\u043b\u043e\u0433\u0438\u0447\u0435\u0441\u043a\u0438\u0439 \u0441\u043b\u0435\u0434 \u0437\u0430 \u0441\u0447\u0435\u0442 \u0441\u043e\u043a\u0440\u0430\u0449\u0435\u043d\u0438\u044f \u0438\u0441\u043f\u043e\u043b\u044c\u0437\u043e\u0432\u0430\u043d\u0438\u044f \u043c\u0443\u0441\u043e\u0440\u0430.<\/li>\n<\/ul>\n<h2><\/h2>\n<h2 style=\"text-align: center;\">\u042d\u0442\u0430\u043f\u044b \u043e\u0431\u0443\u0447\u0435\u043d\u0438\u044f \u0432\u0430\u0448\u0435\u0439 \u043a\u043e\u0448\u043a\u0438<\/h2>\n<p><img fetchpriority=\"high\" decoding=\"async\" class=\"wp-image-4823 size-full aligncenter\" src=\"https:\/\/buying-fever.com\/wp-content\/uploads\/2023\/10\/1.jpg\" alt=\"1\" width=\"801\" height=\"600\" srcset=\"https:\/\/buying-fever.com\/wp-content\/uploads\/2023\/10\/1.jpg 801w, https:\/\/buying-fever.com\/wp-content\/uploads\/2023\/10\/1-300x225.jpg 300w, https:\/\/buying-fever.com\/wp-content\/uploads\/2023\/10\/1-768x575.jpg 768w, https:\/\/buying-fever.com\/wp-content\/uploads\/2023\/10\/1-16x12.jpg 16w, https:\/\/buying-fever.com\/wp-content\/uploads\/2023\/10\/1-600x449.jpg 600w\" sizes=\"(max-width: 801px) 100vw, 801px\" \/><\/p>\n<p><img decoding=\"async\" class=\"wp-image-4824 size-full aligncenter\" src=\"https:\/\/buying-fever.com\/wp-content\/uploads\/2023\/10\/2.jpg\" alt=\"2\" width=\"801\" height=\"550\" srcset=\"https:\/\/buying-fever.com\/wp-content\/uploads\/2023\/10\/2.jpg 801w, https:\/\/buying-fever.com\/wp-content\/uploads\/2023\/10\/2-300x206.jpg 300w, https:\/\/buying-fever.com\/wp-content\/uploads\/2023\/10\/2-768x527.jpg 768w, https:\/\/buying-fever.com\/wp-content\/uploads\/2023\/10\/2-18x12.jpg 18w, https:\/\/buying-fever.com\/wp-content\/uploads\/2023\/10\/2-600x412.jpg 600w\" sizes=\"(max-width: 801px) 100vw, 801px\" \/><\/p>\n<p><img decoding=\"async\" class=\"wp-image-4825 size-full aligncenter\" src=\"https:\/\/buying-fever.com\/wp-content\/uploads\/2023\/10\/3.jpg\" alt=\"3\" width=\"801\" height=\"624\" srcset=\"https:\/\/buying-fever.com\/wp-content\/uploads\/2023\/10\/3.jpg 801w, https:\/\/buying-fever.com\/wp-content\/uploads\/2023\/10\/3-300x234.jpg 300w, https:\/\/buying-fever.com\/wp-content\/uploads\/2023\/10\/3-768x598.jpg 768w, https:\/\/buying-fever.com\/wp-content\/uploads\/2023\/10\/3-15x12.jpg 15w, https:\/\/buying-fever.com\/wp-content\/uploads\/2023\/10\/3-600x467.jpg 600w\" sizes=\"(max-width: 801px) 100vw, 801px\" \/><\/p>\n<p><img loading=\"lazy\" decoding=\"async\" class=\"wp-image-4826 size-full aligncenter\" src=\"https:\/\/buying-fever.com\/wp-content\/uploads\/2023\/10\/4.jpg\" alt=\"4\" width=\"801\" height=\"624\" srcset=\"https:\/\/buying-fever.com\/wp-content\/uploads\/2023\/10\/4.jpg 801w, https:\/\/buying-fever.com\/wp-content\/uploads\/2023\/10\/4-300x234.jpg 300w, https:\/\/buying-fever.com\/wp-content\/uploads\/2023\/10\/4-768x598.jpg 768w, https:\/\/buying-fever.com\/wp-content\/uploads\/2023\/10\/4-15x12.jpg 15w, https:\/\/buying-fever.com\/wp-content\/uploads\/2023\/10\/4-600x467.jpg 600w\" sizes=\"(max-width: 801px) 100vw, 801px\" \/><\/p>\n<p>&nbsp;<\/p>\n<blockquote>\n<p style=\"text-align: center;\"><em>\u041c\u0435\u043d\u0435\u0435 \u0447\u0435\u043c \u0437\u0430 \u0434\u0432\u0435 \u043d\u0435\u0434\u0435\u043b\u0438 \u043c\u043e\u044f \u043a\u043e\u0448\u043a\u0430 \u043f\u043e\u043b\u043d\u043e\u0441\u0442\u044c\u044e \u043f\u0440\u0438\u0432\u044b\u043a\u043b\u0430 \u043a \u0442\u0443\u0430\u043b\u0435\u0442\u0443. <\/em><\/p>\n<p style=\"text-align: center;\"><em>\u041f\u0440\u043e\u0449\u0430\u0439\u0442\u0435, \u043c\u0443\u0441\u043e\u0440 \u0438 \u043d\u0435\u043f\u0440\u0438\u044f\u0442\u043d\u044b\u0435 \u0437\u0430\u043f\u0430\u0445\u0438. \u0420\u0435\u043a\u043e\u043c\u0435\u043d\u0434\u0443\u044e \u0432\u0441\u0435\u043c \u0432\u043b\u0430\u0434\u0435\u043b\u044c\u0446\u0430\u043c \u043a\u043e\u0448\u0435\u043a. <\/em><\/p>\n<p style=\"text-align: center;\"><em>\u042d\u0442\u043e \u043d\u0435\u0431\u043e\u043b\u044c\u0448\u0430\u044f \u0438\u043d\u0432\u0435\u0441\u0442\u0438\u0446\u0438\u044f, \u043a\u043e\u0442\u043e\u0440\u0430\u044f \u043e\u0431\u043b\u0435\u0433\u0447\u0438\u0442 \u0432\u0430\u0448\u0443 \u0436\u0438\u0437\u043d\u044c!<\/em><\/p>\n<p style=\"text-align: center;\"><strong>\u042d\u0442\u044c\u0435\u043d<\/strong><\/p>\n<p>&nbsp;<\/p>\n<p style=\"text-align: center;\"><em>\u0423 \u043c\u0435\u043d\u044f \u0434\u0432\u0435 \u043a\u043e\u0448\u043a\u0438, \u0438 \u044f \u0434\u0443\u043c\u0430\u043b, \u0447\u0442\u043e \u044d\u0442\u043e \u0431\u0443\u0434\u0435\u0442 \u043d\u0435\u043f\u0440\u0435\u043e\u0434\u043e\u043b\u0438\u043c\u0430\u044f \u0437\u0430\u0434\u0430\u0447\u0430. <\/em><\/p>\n<p style=\"text-align: center;\"><em>\u0412\u0441\u0435\u0433\u043e \u0437\u0430 \u043d\u0435\u0434\u0435\u043b\u044e \u043e\u043d\u0438 \u043e\u0431\u0430 \u043e\u0432\u043b\u0430\u0434\u0435\u043b\u0438 \u0438\u0441\u043a\u0443\u0441\u0441\u0442\u0432\u043e\u043c \u043f\u043e\u043b\u044c\u0437\u043e\u0432\u0430\u043d\u0438\u044f \u0442\u0443\u0430\u043b\u0435\u0442\u043e\u043c. <\/em><\/p>\n<p style=\"text-align: center;\"><em>\u042d\u0442\u043e \u043d\u0435 \u0442\u043e\u043b\u044c\u043a\u043e \u044d\u043a\u043e\u043d\u043e\u043c\u0438\u0447\u043d\u043e, \u043d\u043e \u0438 \u043d\u0430\u043c\u043d\u043e\u0433\u043e \u0433\u0438\u0433\u0438\u0435\u043d\u0438\u0447\u043d\u0435\u0435. <\/em><\/p>\n<p style=\"text-align: center;\"><em>\u0411\u043e\u043b\u044c\u0448\u043e\u0435 \u0441\u043f\u0430\u0441\u0438\u0431\u043e \u044d\u0442\u043e\u043c\u0443 \u0443\u0447\u0435\u0431\u043d\u043e\u043c\u0443 \u043a\u043e\u043c\u043f\u043b\u0435\u043a\u0442\u0443, \u044d\u0442\u043e \u043d\u0430\u0441\u0442\u043e\u044f\u0449\u0430\u044f \u0438\u043d\u043d\u043e\u0432\u0430\u0446\u0438\u044f.<\/em><\/p>\n<p style=\"text-align: center;\"><strong>\u041b\u043e\u0440\u0430<\/strong><\/p>\n<\/blockquote>\n<p>\u0414\u0430\u0439\u0442\u0435 \u0432\u0430\u0448\u0435\u0439 \u043a\u043e\u0448\u043a\u0435 \u0443\u0434\u0438\u0432\u0438\u0442\u0435\u043b\u044c\u043d\u0443\u044e \u043d\u0435\u0437\u0430\u0432\u0438\u0441\u0438\u043c\u043e\u0441\u0442\u044c \u0438 \u0443\u043f\u0440\u043e\u0441\u0442\u0438\u0442\u0435 \u0441\u0432\u043e\u044e \u043f\u043e\u0432\u0441\u0435\u0434\u043d\u0435\u0432\u043d\u0443\u044e \u0436\u0438\u0437\u043d\u044c \u0441 \u043f\u043e\u043c\u043e\u0449\u044c\u044e \u043d\u0430\u0448\u0435\u0439 <strong>\u041d\u0430\u0431\u043e\u0440 \u0434\u043b\u044f \u043e\u0431\u0443\u0447\u0435\u043d\u0438\u044f \u043a\u043e\u0448\u0435\u043a<\/strong>.<\/p>\n<h3><\/h3>\n<h3 style=\"text-align: center;\">\u0417\u0430\u043a\u0430\u0436\u0438\u0442\u0435 \u0441\u0435\u0433\u043e\u0434\u043d\u044f \u0438 \u0438\u0441\u043f\u044b\u0442\u0430\u0439\u0442\u0435 \u044d\u0442\u043e<\/h3>\n<h3 style=\"text-align: center;\">\u0427\u0438\u0441\u0442\u044b\u0439 \u0434\u043e\u043c \u0431\u0435\u0437 \u0437\u0430\u043f\u0430\u0445\u0430.<\/h3>","protected":false},"excerpt":{"rendered":"<p>Fini les corv\u00e9es de liti\u00e8res et les mauvaises odeurs. &nbsp; Apprenez \u00e0 votre chat \u00e0 utiliser les toilettes de mani\u00e8re autonome en seulement 10 jours ! &nbsp; Que des avantages : Apprentissage rapide : 10 jours en moyenne (peut varier selon les habitudes et le caract\u00e8re du chat). Economique : R\u00e9duisez consid\u00e9rablement vos d\u00e9penses en [&hellip;]<\/p>\n","protected":false},"featured_media":1289,"comment_status":"open","ping_status":"closed","template":"","meta":{"_seopress_robots_primary_cat":"none","_seopress_titles_title":"","_seopress_titles_desc":"","_seopress_robots_index":"","site-sidebar-layout":"default","site-content-layout":"default","ast-site-content-layout":"default","site-content-style":"default","site-sidebar-style":"default","ast-global-header-display":"","ast-banner-title-visibility":"","ast-main-header-display":"","ast-hfb-above-header-display":"","ast-hfb-below-header-display":"","ast-hfb-mobile-header-display":"","site-post-title":"","ast-breadcrumbs-content":"","ast-featured-img":"","footer-sml-layout":"","ast-disable-related-posts":"","theme-transparent-header-meta":"default","adv-header-id-meta":"","stick-header-meta":"default","header-above-stick-meta":"","header-main-stick-meta":"","header-below-stick-meta":"","astra-migrate-meta-layouts":"set","ast-page-background-enabled":"default","ast-page-background-meta":{"desktop":{"background-color":"","background-image":"","background-repeat":"repeat","background-position":"center center","background-size":"auto","background-attachment":"scroll","background-type":"","background-media":"","overlay-type":"","overlay-color":"","overlay-opacity":"","overlay-gradient":""},"tablet":{"background-color":"","background-image":"","background-repeat":"repeat","background-position":"center center","background-size":"auto","background-attachment":"scroll","background-type":"","background-media":"","overlay-type":"","overlay-color":"","overlay-opacity":"","overlay-gradient":""},"mobile":{"background-color":"","background-image":"","background-repeat":"repeat","background-position":"center center","background-size":"auto","background-attachment":"scroll","background-type":"","background-media":"","overlay-type":"","overlay-color":"","overlay-opacity":"","overlay-gradient":""}},"ast-content-background-meta":{"desktop":{"background-color":"var(--ast-global-color-5)","background-image":"","background-repeat":"repeat","background-position":"center center","background-size":"auto","background-attachment":"scroll","background-type":"","background-media":"","overlay-type":"","overlay-color":"","overlay-opacity":"","overlay-gradient":""},"tablet":{"background-color":"var(--ast-global-color-5)","background-image":"","background-repeat":"repeat","background-position":"center center","background-size":"auto","background-attachment":"scroll","background-type":"","background-media":"","overlay-type":"","overlay-color":"","overlay-opacity":"","overlay-gradient":""},"mobile":{"background-color":"var(--ast-global-color-5)","background-image":"","background-repeat":"repeat","background-position":"center center","background-size":"auto","background-attachment":"scroll","background-type":"","background-media":"","overlay-type":"","overlay-color":"","overlay-opacity":"","overlay-gradient":""}}},"product_brand":[],"product_cat":[83],"product_tag":[],"class_list":{"0":"post-1285","1":"product","2":"type-product","3":"status-publish","4":"has-post-thumbnail","6":"product_cat-animaux","7":"desktop-align-center","8":"tablet-align-center","9":"mobile-align-center","10":"ast-product-gallery-layout-horizontal","11":"ast-magnify-disabled","12":"ast-product-tabs-layout-horizontal","13":"ast-qv-on-image","15":"first","16":"instock","17":"shipping-taxable","18":"purchasable","19":"product-type-simple"},"bundled_by":[],"bundle_stock_status":"instock","bundle_stock_quantity":null,"bundle_virtual":false,"bundle_layout":"","bundle_add_to_cart_form_location":"","bundle_editable_in_cart":false,"bundle_sold_individually_context":"","bundle_item_grouping":"","bundle_min_size":"","bundle_max_size":"","bundle_price":[],"bundled_items":[],"bundle_sell_ids":[],"_links":{"self":[{"href":"https:\/\/buying-fever.com\/ru\/wp-json\/wp\/v2\/product\/1285","targetHints":{"allow":["GET"]}}],"collection":[{"href":"https:\/\/buying-fever.com\/ru\/wp-json\/wp\/v2\/product"}],"about":[{"href":"https:\/\/buying-fever.com\/ru\/wp-json\/wp\/v2\/types\/product"}],"replies":[{"embeddable":true,"href":"https:\/\/buying-fever.com\/ru\/wp-json\/wp\/v2\/comments?post=1285"}],"version-history":[{"count":0,"href":"https:\/\/buying-fever.com\/ru\/wp-json\/wp\/v2\/product\/1285\/revisions"}],"wp:featuredmedia":[{"embeddable":true,"href":"https:\/\/buying-fever.com\/ru\/wp-json\/wp\/v2\/media\/1289"}],"wp:attachment":[{"href":"https:\/\/buying-fever.com\/ru\/wp-json\/wp\/v2\/media?parent=1285"}],"wp:term":[{"taxonomy":"product_brand","embeddable":true,"href":"https:\/\/buying-fever.com\/ru\/wp-json\/wp\/v2\/product_brand?post=1285"},{"taxonomy":"product_cat","embeddable":true,"href":"https:\/\/buying-fever.com\/ru\/wp-json\/wp\/v2\/product_cat?post=1285"},{"taxonomy":"product_tag","embeddable":true,"href":"https:\/\/buying-fever.com\/ru\/wp-json\/wp\/v2\/product_tag?post=1285"}],"curies":[{"name":"wp","href":"https:\/\/api.w.org\/{rel}","templated":true}]}}