{"id":1284,"date":"2023-08-20T21:19:44","date_gmt":"2023-08-20T21:19:44","guid":{"rendered":"https:\/\/snow-alligator-195314.hostingersite.com\/?post_type=product&#038;p=1284"},"modified":"2025-06-14T00:52:39","modified_gmt":"2025-06-13T22:52:39","slug":"boutons-de-communication-pour-chien","status":"publish","type":"product","link":"https:\/\/buying-fever.com\/ru\/product\/\u043a\u043d\u043e\u043f\u043a\u0438-\u0441\u0432\u044f\u0437\u0438-\u0434\u043b\u044f-\u0441\u043e\u0431\u0430\u043a\/","title":{"rendered":"\u041a\u043d\u043e\u043f\u043a\u0438 \u0434\u043b\u044f \u043e\u0431\u0449\u0435\u043d\u0438\u044f \u0441 \u0441\u043e\u0431\u0430\u043a\u0430\u043c\u0438"},"content":{"rendered":"<h2 style=\"text-align: center;\">\u0412\u044b\u0440\u0430\u0437\u0438 \u0441\u0435\u0431\u044f, \u0441\u043e\u0431\u0430\u0447\u043a\u0430!<\/h2>\n<h2 style=\"text-align: center;\">\u041f\u043e\u0437\u0432\u043e\u043b\u044c\u0442\u0435 \u0441\u043e\u0431\u0430\u043a\u0435 \u0441\u043a\u0430\u0437\u0430\u0442\u044c \u0432\u0430\u043c, \u0447\u0435\u0433\u043e \u043e\u043d\u0430 \u0445\u043e\u0447\u0435\u0442.<\/h2>\n<p>&nbsp;<\/p>\n<p>\u041f\u043e\u0434\u0430\u0440\u0438\u0442\u0435 \u0441\u0432\u043e\u0435\u043c\u0443 \u043b\u0443\u0447\u0448\u0435\u043c\u0443 \u0434\u0440\u0443\u0433\u0443 \u0433\u043e\u043b\u043e\u0441 \u0441 \u043f\u043e\u043c\u043e\u0449\u044c\u044e \u043d\u0430\u0448\u0438\u0445 \u043a\u043d\u043e\u043f\u043e\u043a \u0434\u043b\u044f \u043e\u0431\u0449\u0435\u043d\u0438\u044f \u0441 \u0441\u043e\u0431\u0430\u043a\u0430\u043c\u0438. \u042d\u0442\u0438 \u043a\u043d\u043e\u043f\u043a\u0438, \u0441\u043f\u0435\u0446\u0438\u0430\u043b\u044c\u043d\u043e \u0440\u0430\u0437\u0440\u0430\u0431\u043e\u0442\u0430\u043d\u043d\u044b\u0435 \u0434\u043b\u044f \u043e\u0431\u0435\u0441\u043f\u0435\u0447\u0435\u043d\u0438\u044f \u0431\u043e\u043b\u0435\u0435 \u0438\u043d\u0442\u0443\u0438\u0442\u0438\u0432\u043d\u043e\u0433\u043e \u0432\u0437\u0430\u0438\u043c\u043e\u0434\u0435\u0439\u0441\u0442\u0432\u0438\u044f \u043c\u0435\u0436\u0434\u0443 \u0432\u0430\u043c\u0438 \u0438 \u0432\u0430\u0448\u0438\u043c \u043f\u0438\u0442\u043e\u043c\u0446\u0435\u043c, \u0438\u0434\u0435\u0430\u043b\u044c\u043d\u043e \u043f\u043e\u0434\u0445\u043e\u0434\u044f\u0442 \u0434\u043b\u044f \u0433\u0430\u0440\u043c\u043e\u043d\u0438\u0447\u043d\u043e\u0433\u043e \u0441\u043e\u0432\u043c\u0435\u0441\u0442\u043d\u043e\u0433\u043e \u043f\u0440\u043e\u0436\u0438\u0432\u0430\u043d\u0438\u044f.<\/p>\n<p>&nbsp;<\/p>\n<ul>\n<li><strong>\u041f\u0440\u043e\u0441\u0442\u0430\u044f \u0437\u0430\u043f\u0438\u0441\u044c \u0433\u043e\u043b\u043e\u0441\u0430<\/strong> : \u0431\u043b\u0430\u0433\u043e\u0434\u0430\u0440\u044f \u0432\u0441\u0442\u0440\u043e\u0435\u043d\u043d\u043e\u043c\u0443 \u043c\u0438\u043a\u0440\u043e\u0444\u043e\u043d\u0443 \u0437\u0430\u043f\u0438\u0448\u0438\u0442\u0435 \u0432\u044b\u0431\u0440\u0430\u043d\u043d\u043e\u0435 \u0432\u0430\u043c\u0438 \u0441\u043b\u043e\u0432\u043e \u0438\u043b\u0438 \u0444\u0440\u0430\u0437\u0443 \u0434\u043b\u044f \u043a\u0430\u0436\u0434\u043e\u0439 \u043a\u043d\u043e\u043f\u043a\u0438.<\/li>\n<li><strong>\u041f\u0435\u0440\u0435\u0437\u0430\u0440\u044f\u0436\u0430\u0435\u043c\u044b\u0439<\/strong> : \u041c\u044b \u0435\u0434\u0438\u043d\u0441\u0442\u0432\u0435\u043d\u043d\u044b\u0435 \u043d\u0430 \u0440\u044b\u043d\u043a\u0435, \u043a\u0442\u043e \u043f\u0440\u0435\u0434\u043b\u0430\u0433\u0430\u0435\u0442 \u043f\u043e\u043b\u043d\u043e\u0441\u0442\u044c\u044e \u043f\u0435\u0440\u0435\u0437\u0430\u0440\u044f\u0436\u0430\u0435\u043c\u0443\u044e \u043c\u043e\u0434\u0435\u043b\u044c. \u041f\u043e\u043f\u0440\u043e\u0449\u0430\u0439\u0442\u0435\u0441\u044c \u0441 \u0430\u043a\u043a\u0443\u043c\u0443\u043b\u044f\u0442\u043e\u0440\u0430\u043c\u0438 \u0438 \u0437\u0434\u0440\u0430\u0432\u0441\u0442\u0432\u0443\u0439\u0442\u0435 \u044d\u043a\u043e\u043b\u043e\u0433\u0438\u0438!<\/li>\n<li><strong>\u041f\u0440\u043e\u0447\u043d\u044b\u0439 \u0438 \u0434\u043e\u043b\u0433\u043e\u0432\u0435\u0447\u043d\u044b\u0439<\/strong> : \u0420\u0430\u0437\u0440\u0430\u0431\u043e\u0442\u0430\u043d, \u0447\u0442\u043e\u0431\u044b \u0432\u044b\u0434\u0435\u0440\u0436\u0438\u0432\u0430\u0442\u044c \u043d\u0435\u0442\u0435\u0440\u043f\u0435\u043b\u0438\u0432\u044b\u0435 \u043b\u0430\u043f\u044b \u0438 \u043c\u043d\u043e\u0433\u043e\u043a\u0440\u0430\u0442\u043d\u043e\u0435 \u0434\u0430\u0432\u043b\u0435\u043d\u0438\u0435. \u041d\u0430\u0448\u0438 \u043a\u043d\u043e\u043f\u043a\u0438 \u0440\u0430\u0441\u0441\u0447\u0438\u0442\u0430\u043d\u044b \u043d\u0430 \u0434\u043b\u0438\u0442\u0435\u043b\u044c\u043d\u044b\u0439 \u0441\u0440\u043e\u043a \u0441\u043b\u0443\u0436\u0431\u044b.<\/li>\n<li><strong>\u042d\u0440\u0433\u043e\u043d\u043e\u043c\u0438\u0447\u043d\u044b\u0439 \u0434\u0438\u0437\u0430\u0439\u043d<\/strong> : \u041f\u043e\u0434\u0445\u043e\u0434\u0438\u0442 \u0434\u043b\u044f \u043b\u0430\u043f \u043b\u044e\u0431\u043e\u0433\u043e \u0440\u0430\u0437\u043c\u0435\u0440\u0430, \u043e\u0442 \u0447\u0438\u0445\u0443\u0430\u0445\u0443\u0430 \u0434\u043e \u043d\u0435\u043c\u0435\u0446\u043a\u043e\u0439 \u043e\u0432\u0447\u0430\u0440\u043a\u0438.<\/li>\n<li><strong>\u041f\u0440\u043e\u0441\u0442\u043e\u0442\u0430 \u0438\u0441\u043f\u043e\u043b\u044c\u0437\u043e\u0432\u0430\u043d\u0438\u044f<\/strong> : \u0421\u0432\u044f\u0436\u0438\u0442\u0435 \u0434\u0435\u0439\u0441\u0442\u0432\u0438\u0435 \u0441 \u043a\u0430\u0436\u0434\u043e\u0439 \u0437\u0430\u043f\u0438\u0441\u0430\u043d\u043d\u043e\u0439 \u043a\u043d\u043e\u043f\u043a\u043e\u0439 \u0438 \u043d\u0430\u0431\u043b\u044e\u0434\u0430\u0439\u0442\u0435, \u043a\u0430\u043a \u0432\u0430\u0448\u0430 \u0441\u043e\u0431\u0430\u043a\u0430 \u043f\u0440\u043e\u044f\u0432\u043b\u044f\u0435\u0442 \u0441\u0435\u0431\u044f \u043a\u0430\u043a \u043d\u0438\u043a\u043e\u0433\u0434\u0430 \u0440\u0430\u043d\u044c\u0448\u0435!<\/li>\n<\/ul>\n<h3><\/h3>\n<h3><strong>\u041f\u0440\u0435\u0438\u043c\u0443\u0449\u0435\u0441\u0442\u0432\u0430 :<\/strong><\/h3>\n<p>&nbsp;<\/p>\n<ol>\n<li><strong>\u042d\u043a\u043e\u043b\u043e\u0433\u0438\u0447\u0435\u0441\u043a\u0438\u0439<\/strong> : \u0441\u043e\u043a\u0440\u0430\u0442\u0438\u0442\u0435 \u0432\u044b\u0431\u0440\u043e\u0441\u044b \u0443\u0433\u043b\u0435\u043a\u0438\u0441\u043b\u043e\u0433\u043e \u0433\u0430\u0437\u0430, \u0432\u044b\u0431\u0440\u0430\u0432 \u043f\u0435\u0440\u0435\u0437\u0430\u0440\u044f\u0436\u0430\u0435\u043c\u0443\u044e \u043c\u043e\u0434\u0435\u043b\u044c.<\/li>\n<li><strong>\u042d\u043a\u043e\u043d\u043e\u043c\u0438\u0447\u0435\u0441\u043a\u0438\u0439<\/strong> : \u0411\u043e\u043b\u044c\u0448\u0435 \u043d\u0438\u043a\u0430\u043a\u0438\u0445 \u043f\u043e\u0432\u0442\u043e\u0440\u043d\u044b\u0445 \u043f\u043e\u043a\u0443\u043f\u043e\u043a \u0430\u043a\u043a\u0443\u043c\u0443\u043b\u044f\u0442\u043e\u0440\u043e\u0432. \u042d\u043a\u043e\u043d\u043e\u043c\u044c\u0442\u0435 \u0434\u0435\u043d\u044c\u0433\u0438 \u0432 \u0434\u043e\u043b\u0433\u043e\u0441\u0440\u043e\u0447\u043d\u043e\u0439 \u043f\u0435\u0440\u0441\u043f\u0435\u043a\u0442\u0438\u0432\u0435!<\/li>\n<li><strong>\u0423\u0441\u0438\u043b\u0435\u043d\u043d\u0430\u044f \u0438\u043d\u0442\u0435\u0440\u0430\u043a\u0442\u0438\u0432\u043d\u043e\u0441\u0442\u044c<\/strong> : \u0423\u043a\u0440\u0435\u043f\u0438\u0442\u0435 \u0441\u0432\u044f\u0437\u044c \u0441\u043e \u0441\u0432\u043e\u0438\u043c \u043f\u0438\u0442\u043e\u043c\u0446\u0435\u043c, \u043b\u0443\u0447\u0448\u0435 \u043f\u043e\u043d\u0438\u043c\u0430\u044f \u0435\u0433\u043e \u0438 \u0431\u044b\u0441\u0442\u0440\u0435\u0435 \u0440\u0435\u0430\u0433\u0438\u0440\u0443\u044f \u043d\u0430 \u0435\u0433\u043e \u043f\u043e\u0442\u0440\u0435\u0431\u043d\u043e\u0441\u0442\u0438.<\/li>\n<\/ol>\n<blockquote><p>&nbsp;<\/p>\n<p style=\"text-align: center;\"><em>\u00ab\u042f \u043d\u0438\u043a\u043e\u0433\u0434\u0430 \u043d\u0435 \u0434\u0443\u043c\u0430\u043b, \u0447\u0442\u043e \u041c\u0430\u043a\u0441 \u0441\u043c\u043e\u0436\u0435\u0442 \u00ab\u0440\u0430\u0437\u0433\u043e\u0432\u0430\u0440\u0438\u0432\u0430\u0442\u044c\u00bb \u0441\u043e \u043c\u043d\u043e\u0439. \u0418\u043d\u0442\u0435\u0440\u0435\u0441\u043d\u043e \u0432\u0438\u0434\u0435\u0442\u044c, \u043a\u0430\u043a <\/em><\/p>\n<p style=\"text-align: center;\"><em>\u043e\u043d \u0431\u044b\u0441\u0442\u0440\u043e \u043f\u043e\u043d\u044f\u043b, \u043a\u0430\u043a \u0440\u0430\u0431\u043e\u0442\u0430\u044e\u0442 \u043a\u043d\u043e\u043f\u043a\u0438. \u0422\u0435\u043f\u0435\u0440\u044c \u043e\u043d \u00ab\u0433\u043e\u0432\u043e\u0440\u0438\u0442\u00bb \u043c\u043d\u0435, \u043a\u043e\u0433\u0434\u0430 \u043e\u043d \u0433\u043e\u043b\u043e\u0434\u0435\u043d, \u043a\u043e\u0433\u0434\u0430 \u043e\u043d <\/em><\/p>\n<p style=\"text-align: center;\"><em>\u0445\u043e\u0447\u0435\u0442 \u0432\u044b\u0439\u0442\u0438 \u0438\u043b\u0438 \u043f\u0440\u043e\u0441\u0442\u043e \u043a\u043e\u0433\u0434\u0430 \u0445\u043e\u0447\u0435\u0442 \u043f\u043e\u0438\u0433\u0440\u0430\u0442\u044c \u00bb<\/em><\/p>\n<p style=\"text-align: center;\"><strong>\u0421\u0442\u0435\u0444\u0430\u043d\u0438<\/strong><\/p>\n<p>&nbsp;<\/p>\n<p style=\"text-align: center;\"><em>\u00ab\u0421 \u0442\u0435\u0445 \u043f\u043e\u0440, \u043a\u0430\u043a \u044f \u043d\u0430\u0447\u0430\u043b \u0438\u0441\u043f\u043e\u043b\u044c\u0437\u043e\u0432\u0430\u0442\u044c \u044d\u0442\u0438 \u043a\u043d\u043e\u043f\u043a\u0438 \u0441 \u043c\u043e\u0435\u0439 \u0441\u043e\u0431\u0430\u043a\u043e\u0439, \u043d\u0430\u0448\u0435 \u043e\u0431\u0449\u0435\u043d\u0438\u0435 \u0443\u043b\u0443\u0447\u0448\u0438\u043b\u043e\u0441\u044c. <\/em><\/p>\n<p style=\"text-align: center;\"><em>\u0432\u044b\u0448\u0435\u043b \u043d\u0430 \u0441\u043e\u0432\u0435\u0440\u0448\u0435\u043d\u043d\u043e \u043d\u043e\u0432\u044b\u0439 \u0443\u0440\u043e\u0432\u0435\u043d\u044c. \u041e\u043d\u0430 \u00ab\u0437\u043e\u0432\u0435\u0442\u00bb \u043c\u0435\u043d\u044f \u043d\u0430 \u043f\u0440\u043e\u0433\u0443\u043b\u043a\u0438 \u0438 \u0434\u0430\u0436\u0435 \u043d\u0430 \u043e\u0431\u043d\u0438\u043c\u0430\u0448\u043a\u0438. <\/em><\/p>\n<p style=\"text-align: center;\"><em>\u0422\u0440\u043e\u0433\u0430\u0442\u0435\u043b\u044c\u043d\u043e \u0432\u0438\u0434\u0435\u0442\u044c, \u043d\u0430\u0441\u043a\u043e\u043b\u044c\u043a\u043e \u043e\u043d\u0430 \u0436\u0435\u043b\u0430\u0435\u0442 \u0432\u044b\u0440\u0430\u0437\u0438\u0442\u044c \u0441\u0435\u0431\u044f \u0438 <\/em><\/p>\n<p style=\"text-align: center;\"><em>\u043d\u0430\u0441\u043a\u043e\u043b\u044c\u043a\u043e \u044d\u0442\u0438 \u043a\u043d\u043e\u043f\u043a\u0438 \u043e\u0431\u043e\u0433\u0430\u0442\u0438\u043b\u0438 \u043d\u0430\u0448\u0443 \u0441\u043e\u0432\u043c\u0435\u0441\u0442\u043d\u0443\u044e \u043f\u043e\u0432\u0441\u0435\u0434\u043d\u0435\u0432\u043d\u0443\u044e \u0436\u0438\u0437\u043d\u044c\u00bb<\/em><\/p>\n<p style=\"text-align: center;\"><strong>\u0418\u0437\u0430\u0431\u0435\u043b\u044c<\/strong><\/p>\n<\/blockquote>\n<h3 style=\"text-align: center;\"><strong>\u0417\u0430\u043a\u0430\u0436\u0438\u0442\u0435 \u0441\u0435\u0433\u043e\u0434\u043d\u044f<\/strong> \u0438 \u043f\u0440\u0435\u0434\u043b\u043e\u0436\u0438\u0442\u044c \u043d\u043e\u0432\u044b\u0439<\/h3>\n<h3 style=\"text-align: center;\">\u0438\u0437\u043c\u0435\u0440\u0435\u043d\u0438\u0435 \u0432\u0430\u0448\u0438\u0445 \u043e\u0442\u043d\u043e\u0448\u0435\u043d\u0438\u0439 \u0441 \u0432\u0430\u0448\u0438\u043c \u0432\u0435\u0440\u043d\u044b\u043c \u0441\u043f\u0443\u0442\u043d\u0438\u043a\u043e\u043c!<\/h3>","protected":false},"excerpt":{"rendered":"<p>Exprimez-vous, toutou ! Permettez \u00e0 votre chien de vous dire ce qu&rsquo;il souhaite. &nbsp; Offrez une voix \u00e0 votre meilleur ami avec nos boutons de communication pour chien. Con\u00e7us sp\u00e9cialement pour permettre une interaction plus intuitive entre vous et votre animal de compagnie, ces boutons sont id\u00e9aux pour une cohabitation harmonieuse. &nbsp; Enregistrement Vocal Facile [&hellip;]<\/p>\n","protected":false},"featured_media":1287,"comment_status":"open","ping_status":"closed","template":"","meta":{"_seopress_robots_primary_cat":"none","_seopress_titles_title":"","_seopress_titles_desc":"","_seopress_robots_index":"","site-sidebar-layout":"default","site-content-layout":"default","ast-site-content-layout":"default","site-content-style":"default","site-sidebar-style":"default","ast-global-header-display":"","ast-banner-title-visibility":"","ast-main-header-display":"","ast-hfb-above-header-display":"","ast-hfb-below-header-display":"","ast-hfb-mobile-header-display":"","site-post-title":"","ast-breadcrumbs-content":"","ast-featured-img":"","footer-sml-layout":"","ast-disable-related-posts":"","theme-transparent-header-meta":"default","adv-header-id-meta":"","stick-header-meta":"default","header-above-stick-meta":"","header-main-stick-meta":"","header-below-stick-meta":"","astra-migrate-meta-layouts":"set","ast-page-background-enabled":"default","ast-page-background-meta":{"desktop":{"background-color":"","background-image":"","background-repeat":"repeat","background-position":"center center","background-size":"auto","background-attachment":"scroll","background-type":"","background-media":"","overlay-type":"","overlay-color":"","overlay-opacity":"","overlay-gradient":""},"tablet":{"background-color":"","background-image":"","background-repeat":"repeat","background-position":"center center","background-size":"auto","background-attachment":"scroll","background-type":"","background-media":"","overlay-type":"","overlay-color":"","overlay-opacity":"","overlay-gradient":""},"mobile":{"background-color":"","background-image":"","background-repeat":"repeat","background-position":"center center","background-size":"auto","background-attachment":"scroll","background-type":"","background-media":"","overlay-type":"","overlay-color":"","overlay-opacity":"","overlay-gradient":""}},"ast-content-background-meta":{"desktop":{"background-color":"var(--ast-global-color-5)","background-image":"","background-repeat":"repeat","background-position":"center center","background-size":"auto","background-attachment":"scroll","background-type":"","background-media":"","overlay-type":"","overlay-color":"","overlay-opacity":"","overlay-gradient":""},"tablet":{"background-color":"var(--ast-global-color-5)","background-image":"","background-repeat":"repeat","background-position":"center center","background-size":"auto","background-attachment":"scroll","background-type":"","background-media":"","overlay-type":"","overlay-color":"","overlay-opacity":"","overlay-gradient":""},"mobile":{"background-color":"var(--ast-global-color-5)","background-image":"","background-repeat":"repeat","background-position":"center center","background-size":"auto","background-attachment":"scroll","background-type":"","background-media":"","overlay-type":"","overlay-color":"","overlay-opacity":"","overlay-gradient":""}}},"product_brand":[],"product_cat":[83],"product_tag":[],"class_list":{"0":"post-1284","1":"product","2":"type-product","3":"status-publish","4":"has-post-thumbnail","6":"product_cat-animaux","7":"desktop-align-center","8":"tablet-align-center","9":"mobile-align-center","10":"ast-product-gallery-layout-horizontal","11":"ast-magnify-disabled","12":"ast-product-tabs-layout-horizontal","13":"ast-qv-on-image","15":"first","16":"outofstock","17":"shipping-taxable","18":"purchasable","19":"product-type-simple"},"bundled_by":[],"bundle_stock_status":"outofstock","bundle_stock_quantity":null,"bundle_virtual":false,"bundle_layout":"","bundle_add_to_cart_form_location":"","bundle_editable_in_cart":false,"bundle_sold_individually_context":"","bundle_item_grouping":"","bundle_min_size":"","bundle_max_size":"","bundle_price":[],"bundled_items":[],"bundle_sell_ids":[],"_links":{"self":[{"href":"https:\/\/buying-fever.com\/ru\/wp-json\/wp\/v2\/product\/1284","targetHints":{"allow":["GET"]}}],"collection":[{"href":"https:\/\/buying-fever.com\/ru\/wp-json\/wp\/v2\/product"}],"about":[{"href":"https:\/\/buying-fever.com\/ru\/wp-json\/wp\/v2\/types\/product"}],"replies":[{"embeddable":true,"href":"https:\/\/buying-fever.com\/ru\/wp-json\/wp\/v2\/comments?post=1284"}],"version-history":[{"count":0,"href":"https:\/\/buying-fever.com\/ru\/wp-json\/wp\/v2\/product\/1284\/revisions"}],"wp:featuredmedia":[{"embeddable":true,"href":"https:\/\/buying-fever.com\/ru\/wp-json\/wp\/v2\/media\/1287"}],"wp:attachment":[{"href":"https:\/\/buying-fever.com\/ru\/wp-json\/wp\/v2\/media?parent=1284"}],"wp:term":[{"taxonomy":"product_brand","embeddable":true,"href":"https:\/\/buying-fever.com\/ru\/wp-json\/wp\/v2\/product_brand?post=1284"},{"taxonomy":"product_cat","embeddable":true,"href":"https:\/\/buying-fever.com\/ru\/wp-json\/wp\/v2\/product_cat?post=1284"},{"taxonomy":"product_tag","embeddable":true,"href":"https:\/\/buying-fever.com\/ru\/wp-json\/wp\/v2\/product_tag?post=1284"}],"curies":[{"name":"wp","href":"https:\/\/api.w.org\/{rel}","templated":true}]}}