{"id":1521,"date":"2023-09-06T16:58:55","date_gmt":"2023-09-06T16:58:55","guid":{"rendered":"https:\/\/snow-alligator-195314.hostingersite.com\/?post_type=product&#038;p=1521"},"modified":"2025-06-14T00:53:00","modified_gmt":"2025-06-13T22:53:00","slug":"la-lampe-sunset","status":"publish","type":"product","link":"https:\/\/buying-fever.com\/pt\/produto\/a-lampada-do-por-do-sol\/","title":{"rendered":"A l\u00e2mpada do p\u00f4r do sol"},"content":{"rendered":"<div style=\"text-align: center;\"><\/div>\n<div style=\"text-align: center;\">\n<h2 style=\"text-align: left;\"><strong>TRANSFORME SEU ESPA\u00c7O<\/strong><\/h2>\n<p style=\"text-align: left;\">Voc\u00ea est\u00e1 cansado do seu quarto ou sala chata? N\u00e3o se preocupe, <strong>L\u00e2mpada do p\u00f4r do sol<\/strong> \u00e9 feito para voc\u00ea. Basta conect\u00e1-lo e ver como ele melhorar\u00e1 seu ambiente em um instante!<\/p>\n<p><img fetchpriority=\"high\" decoding=\"async\" class=\"wp-image-1812\" src=\"https:\/\/live-stream-pro.com\/wp-content\/uploads\/2023\/09\/S475be52e73ae4dc5a99547bf99fa3f17z.jpg\" alt=\"a l\u00e2mpada do p\u00f4r do sol\" width=\"707\" height=\"707\" \/><\/p>\n<\/div>\n<div style=\"text-align: center;\"><\/div>\n<p><img decoding=\"async\" class=\"wp-image-1814 aligncenter\" src=\"https:\/\/live-stream-pro.com\/wp-content\/uploads\/2023\/09\/H880de7d7029c435fb42bcb911490bc538.jpg\" alt=\"a l\u00e2mpada do p\u00f4r do sol\" width=\"705\" height=\"705\" \/><\/p>\n<h2><\/h2>\n<h2><strong>APLICATIVO M\u00d3VEL<\/strong><\/h2>\n<p>Com milh\u00f5es de cores e v\u00e1rios modos de ilumina\u00e7\u00e3o, nosso aplicativo inteligente permite que voc\u00ea assuma o controle total do seu espa\u00e7o, sem sair da cadeira!<\/p>\n<p><img decoding=\"async\" class=\"wp-image-1800 aligncenter\" src=\"https:\/\/live-stream-pro.com\/wp-content\/uploads\/2023\/09\/DSCF0899_600x.jpg.webp\" alt=\"a l\u00e2mpada do p\u00f4r do sol\u2122\" width=\"614\" height=\"614\" \/><\/p>\n<p><img loading=\"lazy\" decoding=\"async\" class=\"wp-image-1815 aligncenter\" src=\"https:\/\/live-stream-pro.com\/wp-content\/uploads\/2023\/09\/lampe-sunset-tiktok.jpg\" alt=\"a l\u00e2mpada do p\u00f4r do sol\" width=\"616\" height=\"512\" \/><\/p>\n<h3><\/h3>\n<h3><strong>AL\u00cdVIO DE ESTRESSE<\/strong><\/h3>\n<p>As vibra\u00e7\u00f5es quentes e aconchegantes do p\u00f4r do sol s\u00e3o a maneira perfeita de relaxar ap\u00f3s um dia estressante na aula, no trabalho ou na vida em geral. Basta lig\u00e1-lo e ver com que rapidez ele muda o clima e acalma o ambiente do ambiente.<\/p>\n<p><img loading=\"lazy\" decoding=\"async\" class=\"wp-image-1817 aligncenter\" src=\"https:\/\/live-stream-pro.com\/wp-content\/uploads\/2023\/09\/H880de7d7029c435fb42bcb911490bc538-1.jpg\" alt=\"a l\u00e2mpada do p\u00f4r do sol\" width=\"624\" height=\"624\" \/><\/p>\n<p><img loading=\"lazy\" decoding=\"async\" class=\"wp-image-1818 aligncenter\" src=\"https:\/\/live-stream-pro.com\/wp-content\/uploads\/2023\/09\/Hfaf3ee65ad98456ba9bcd72d4d1357fav-300x300.jpg\" alt=\"a l\u00e2mpada do p\u00f4r do sol\" width=\"618\" height=\"618\" \/><\/p>\n<h3><\/h3>\n<h3><strong>SINCRONIZA\u00c7\u00c3O DE M\u00daSICA\u00a0<\/strong><\/h3>\n<p>Gra\u00e7as \u00e0 sua fun\u00e7\u00e3o de sincroniza\u00e7\u00e3o musical, a l\u00e2mpada vibra ao ritmo das suas m\u00fasicas favoritas. Ative esta op\u00e7\u00e3o e deixe o ambiente ganhar vida.<\/p>","protected":false},"excerpt":{"rendered":"<p>O candeeiro Sunset \u00e9 o acess\u00f3rio ideal para criar um ambiente acolhedor ou \u00edntimo em qualquer divis\u00e3o. Control\u00e1vel atrav\u00e9s de um aplicativo m\u00f3vel, permite que voc\u00ea desfrute de milhares de cores e ambientes diferentes, tudo ao seu alcance<\/p>","protected":false},"featured_media":2064,"comment_status":"open","ping_status":"closed","template":"","meta":{"_seopress_robots_primary_cat":"none","_seopress_titles_title":"","_seopress_titles_desc":"","_seopress_robots_index":"","site-sidebar-layout":"default","site-content-layout":"","ast-site-content-layout":"default","site-content-style":"default","site-sidebar-style":"default","ast-global-header-display":"","ast-banner-title-visibility":"","ast-main-header-display":"","ast-hfb-above-header-display":"","ast-hfb-below-header-display":"","ast-hfb-mobile-header-display":"","site-post-title":"","ast-breadcrumbs-content":"","ast-featured-img":"","footer-sml-layout":"","ast-disable-related-posts":"","theme-transparent-header-meta":"default","adv-header-id-meta":"","stick-header-meta":"","header-above-stick-meta":"","header-main-stick-meta":"","header-below-stick-meta":"","astra-migrate-meta-layouts":"set","ast-page-background-enabled":"default","ast-page-background-meta":{"desktop":{"background-color":"","background-image":"","background-repeat":"repeat","background-position":"center center","background-size":"auto","background-attachment":"scroll","background-type":"","background-media":"","overlay-type":"","overlay-color":"","overlay-opacity":"","overlay-gradient":""},"tablet":{"background-color":"","background-image":"","background-repeat":"repeat","background-position":"center center","background-size":"auto","background-attachment":"scroll","background-type":"","background-media":"","overlay-type":"","overlay-color":"","overlay-opacity":"","overlay-gradient":""},"mobile":{"background-color":"","background-image":"","background-repeat":"repeat","background-position":"center center","background-size":"auto","background-attachment":"scroll","background-type":"","background-media":"","overlay-type":"","overlay-color":"","overlay-opacity":"","overlay-gradient":""}},"ast-content-background-meta":{"desktop":{"background-color":"var(--ast-global-color-5)","background-image":"","background-repeat":"repeat","background-position":"center center","background-size":"auto","background-attachment":"scroll","background-type":"","background-media":"","overlay-type":"","overlay-color":"","overlay-opacity":"","overlay-gradient":""},"tablet":{"background-color":"var(--ast-global-color-5)","background-image":"","background-repeat":"repeat","background-position":"center center","background-size":"auto","background-attachment":"scroll","background-type":"","background-media":"","overlay-type":"","overlay-color":"","overlay-opacity":"","overlay-gradient":""},"mobile":{"background-color":"var(--ast-global-color-5)","background-image":"","background-repeat":"repeat","background-position":"center center","background-size":"auto","background-attachment":"scroll","background-type":"","background-media":"","overlay-type":"","overlay-color":"","overlay-opacity":"","overlay-gradient":""}}},"product_brand":[],"product_cat":[42,82],"product_tag":[],"class_list":{"0":"post-1521","1":"product","2":"type-product","3":"status-publish","4":"has-post-thumbnail","6":"product_cat-cadeau","7":"product_cat-electronique","8":"desktop-align-center","9":"tablet-align-center","10":"mobile-align-center","11":"ast-product-gallery-layout-horizontal","12":"ast-magnify-disabled","13":"ast-product-single-variable","14":"ast-product-tabs-layout-horizontal","15":"ast-qv-on-image","17":"first","18":"instock","19":"shipping-taxable","20":"purchasable","21":"product-type-variable"},"bundled_by":[],"bundle_stock_status":"instock","bundle_stock_quantity":null,"bundle_virtual":false,"bundle_layout":"","bundle_add_to_cart_form_location":"","bundle_editable_in_cart":false,"bundle_sold_individually_context":"","bundle_item_grouping":"","bundle_min_size":"","bundle_max_size":"","bundle_price":[],"bundled_items":[],"bundle_sell_ids":[],"_links":{"self":[{"href":"https:\/\/buying-fever.com\/pt\/wp-json\/wp\/v2\/product\/1521","targetHints":{"allow":["GET"]}}],"collection":[{"href":"https:\/\/buying-fever.com\/pt\/wp-json\/wp\/v2\/product"}],"about":[{"href":"https:\/\/buying-fever.com\/pt\/wp-json\/wp\/v2\/types\/product"}],"replies":[{"embeddable":true,"href":"https:\/\/buying-fever.com\/pt\/wp-json\/wp\/v2\/comments?post=1521"}],"version-history":[{"count":0,"href":"https:\/\/buying-fever.com\/pt\/wp-json\/wp\/v2\/product\/1521\/revisions"}],"wp:featuredmedia":[{"embeddable":true,"href":"https:\/\/buying-fever.com\/pt\/wp-json\/wp\/v2\/media\/2064"}],"wp:attachment":[{"href":"https:\/\/buying-fever.com\/pt\/wp-json\/wp\/v2\/media?parent=1521"}],"wp:term":[{"taxonomy":"product_brand","embeddable":true,"href":"https:\/\/buying-fever.com\/pt\/wp-json\/wp\/v2\/product_brand?post=1521"},{"taxonomy":"product_cat","embeddable":true,"href":"https:\/\/buying-fever.com\/pt\/wp-json\/wp\/v2\/product_cat?post=1521"},{"taxonomy":"product_tag","embeddable":true,"href":"https:\/\/buying-fever.com\/pt\/wp-json\/wp\/v2\/product_tag?post=1521"}],"curies":[{"name":"wp","href":"https:\/\/api.w.org\/{rel}","templated":true}]}}