{"id":1488,"date":"2023-09-05T11:01:10","date_gmt":"2023-09-05T11:01:10","guid":{"rendered":"https:\/\/snow-alligator-195314.hostingersite.com\/?post_type=product&#038;p=1488"},"modified":"2025-06-14T00:52:38","modified_gmt":"2025-06-13T22:52:38","slug":"masseur-xtreme","status":"publish","type":"product","link":"https:\/\/buying-fever.com\/pt\/produto\/massageador-extremo\/","title":{"rendered":"Massageador Xtreme \u2013 Cabe\u00e7a e Corpo"},"content":{"rendered":"<p style=\"text-align: center;\"><strong>Descubra o massageador el\u00e9trico multifuncional de cabe\u00e7a e corpo: seu o\u00e1sis de relaxamento di\u00e1rio!<\/strong><\/p>\n<p>&nbsp;<\/p>\n<p>Voc\u00ea se sente constantemente cansado? Seu pesco\u00e7o est\u00e1 tenso e seus ombros pesados, como se voc\u00ea estivesse carregando o peso do mundo?<\/p>\n<p>Imagine por um momento ser capaz de <strong>liberar toda essa tens\u00e3o<\/strong> em alguns minutos, <strong>onde voc\u00ea estiver e quando quiser<\/strong>. N\u00e3o \u00e9 um sonho, \u00e9 a realidade que o nosso Massagista Xtreme lhe oferece!<\/p>\n<p>&nbsp;<\/p>\n<h2><img decoding=\"async\" class=\"detail-desc-decorate-image aligncenter\" src=\"https:\/\/ae01.alicdn.com\/kf\/S14eb127e1de1471ba69b882eb72416dai.jpg\" \/><\/h2>\n<h2><\/h2>\n<h2><strong>Pontos chave<\/strong><\/h2>\n<p>&nbsp;<\/p>\n<p>\ud83d\udc4c <strong>Multifuncional como voc\u00ea deseja:<\/strong> N\u00e3o se limita ao seu couro cabeludo! Voc\u00ea tamb\u00e9m pode us\u00e1-lo para massagear ombros, pesco\u00e7o, costas, bra\u00e7os, pernas e at\u00e9 cintura. Ah, e n\u00e3o vamos esquecer do seu gato!<\/p>\n<p>\ud83e\udd16 <strong>Tecnologia de simula\u00e7\u00e3o avan\u00e7ada:<\/strong> Gra\u00e7as \u00e0 vibra\u00e7\u00e3o de alta frequ\u00eancia e \u00e0 varia\u00e7\u00e3o sutil de intensidade, relaxe, esque\u00e7a o cansa\u00e7o e diga ol\u00e1 para uma melhor qualidade de sono.<\/p>\n<p>\ud83d\udd04 <strong>6 t\u00e9cnicas e 3 modos de massagem:<\/strong> Escolha entre segurar e amassar em baixa velocidade, massagem em velocidade m\u00e9dia ou segurar e amassar em alta velocidade. Uma solu\u00e7\u00e3o para todos!<\/p>\n<p>\ud83d\udca6 <strong>IPX7 \u00e0 prova d&#039;\u00e1gua:<\/strong> Tome um banho relaxante enquanto desfruta de uma excepcional massagem na cabe\u00e7a.<\/p>\n<p>\ud83c\udf40 <strong>Materiais adequados para a pele:<\/strong> Feito de silicone de alta qualidade, este massageador cuida de voc\u00ea sem irritar a pele.<\/p>\n<p>\ud83d\udd0b <strong>Autonomia estendida:<\/strong> Uma \u00fanica carga oferece at\u00e9 24 dias de uso di\u00e1rio de 10 minutos.<\/p>\n<p>\ud83d\udc5c <strong>Formato compacto:<\/strong> F\u00e1cil de transportar, \u00e9 o seu companheiro ideal no trabalho, nas viagens de neg\u00f3cios ou nas f\u00e9rias.<\/p>\n<p>&nbsp;<\/p>\n<p><img fetchpriority=\"high\" decoding=\"async\" class=\"wp-image-2215 size-full aligncenter\" src=\"https:\/\/buying-fever.com\/wp-content\/uploads\/2023\/09\/masseur-chat.gif\" alt=\"massageador de cabe\u00e7a e corpo xtreme\" width=\"440\" height=\"580\" \/><\/p>\n<h2 style=\"text-align: center;\"><strong>Por que voc\u00ea n\u00e3o pode mais viver sem o massageador Xtreme?<\/strong><\/h2>\n<p>&nbsp;<\/p>\n<p>Quando falamos de bem-estar, estamos falando s\u00e9rio. <strong>Transforme qualquer momento em uma sess\u00e3o de relaxamento inesquec\u00edvel<\/strong>. \u00c9 mais do que apenas um dispositivo de massagem, \u00e9 um <strong>verdadeira experi\u00eancia de sa\u00fade e bem-estar ao seu alcance<\/strong>.<\/p>\n<p>&nbsp;<\/p>\n<p><img decoding=\"async\" class=\"detail-desc-decorate-image aligncenter\" src=\"https:\/\/ae01.alicdn.com\/kf\/S613367f448474eceb14db54410d8ff7fL.jpg\" width=\"750\" height=\"750\" \/><\/p>\n<p><span style=\"font-family: OpenSans; font-size: 20px; font-weight: 900;\">Caracter\u00edsticas :<\/span><\/p>\n<div class=\"detailmodule_html\">\n<div class=\"detail-desc-decorate-richtext\">\n<div class=\"detailmodule_text\">\n<p>Material: ABS + PC<br \/>\ncor branca<br \/>\nTamanho: 10<em>7<\/em>9CM<br \/>\nCapacidade da bateria: 1100mAh<br \/>\nPot\u00eancia do produto: 5W<br \/>\nTens\u00e3o de carregamento: 5V<br \/>\nCorrente de carregamento: 1A<\/p>\n<hr \/>\n<p>Lista de itens inclu\u00eddos:<\/p>\n<p>1 * massageador extremo<br \/>\n1 * cabo de carregamento USB<br \/>\n1 * Manual do usu\u00e1rio<\/p>\n<\/div>\n<div class=\"detailmodule_image\"><\/div>\n<\/div>\n<\/div>","protected":false},"excerpt":{"rendered":"<p>D\u00e9couvrez le Masseur Multifonction \u00c9lectrique pour T\u00eate et Corps : Votre Oasis de Relaxation Quotidienne ! &nbsp; Vous sentez-vous constamment fatigu\u00e9 ? Votre nuque est-elle tendue et vos \u00e9paules sont-elles lourdes comme si vous portiez le poids du monde ? Imaginez un instant pouvoir rel\u00e2cher toute cette tension en quelques minutes, o\u00f9 que vous soyez [&hellip;]<\/p>\n","protected":false},"featured_media":1482,"comment_status":"open","ping_status":"closed","template":"","meta":{"_seopress_robots_primary_cat":"none","_seopress_titles_title":"","_seopress_titles_desc":"","_seopress_robots_index":"","site-sidebar-layout":"default","site-content-layout":"","ast-site-content-layout":"default","site-content-style":"default","site-sidebar-style":"default","ast-global-header-display":"","ast-banner-title-visibility":"","ast-main-header-display":"","ast-hfb-above-header-display":"","ast-hfb-below-header-display":"","ast-hfb-mobile-header-display":"","site-post-title":"","ast-breadcrumbs-content":"","ast-featured-img":"","footer-sml-layout":"","ast-disable-related-posts":"","theme-transparent-header-meta":"default","adv-header-id-meta":"","stick-header-meta":"default","header-above-stick-meta":"","header-main-stick-meta":"","header-below-stick-meta":"","astra-migrate-meta-layouts":"set","ast-page-background-enabled":"default","ast-page-background-meta":{"desktop":{"background-color":"","background-image":"","background-repeat":"repeat","background-position":"center center","background-size":"auto","background-attachment":"scroll","background-type":"","background-media":"","overlay-type":"","overlay-color":"","overlay-opacity":"","overlay-gradient":""},"tablet":{"background-color":"","background-image":"","background-repeat":"repeat","background-position":"center center","background-size":"auto","background-attachment":"scroll","background-type":"","background-media":"","overlay-type":"","overlay-color":"","overlay-opacity":"","overlay-gradient":""},"mobile":{"background-color":"","background-image":"","background-repeat":"repeat","background-position":"center center","background-size":"auto","background-attachment":"scroll","background-type":"","background-media":"","overlay-type":"","overlay-color":"","overlay-opacity":"","overlay-gradient":""}},"ast-content-background-meta":{"desktop":{"background-color":"var(--ast-global-color-5)","background-image":"","background-repeat":"repeat","background-position":"center center","background-size":"auto","background-attachment":"scroll","background-type":"","background-media":"","overlay-type":"","overlay-color":"","overlay-opacity":"","overlay-gradient":""},"tablet":{"background-color":"var(--ast-global-color-5)","background-image":"","background-repeat":"repeat","background-position":"center center","background-size":"auto","background-attachment":"scroll","background-type":"","background-media":"","overlay-type":"","overlay-color":"","overlay-opacity":"","overlay-gradient":""},"mobile":{"background-color":"var(--ast-global-color-5)","background-image":"","background-repeat":"repeat","background-position":"center center","background-size":"auto","background-attachment":"scroll","background-type":"","background-media":"","overlay-type":"","overlay-color":"","overlay-opacity":"","overlay-gradient":""}}},"product_brand":[],"product_cat":[83,82],"product_tag":[],"class_list":{"0":"post-1488","1":"product","2":"type-product","3":"status-publish","4":"has-post-thumbnail","6":"product_cat-animaux","7":"product_cat-electronique","8":"desktop-align-center","9":"tablet-align-center","10":"mobile-align-center","11":"ast-product-gallery-layout-horizontal","12":"ast-magnify-disabled","13":"ast-product-tabs-layout-horizontal","14":"ast-qv-on-image","16":"first","17":"instock","18":"shipping-taxable","19":"purchasable","20":"product-type-simple"},"bundled_by":[],"bundle_stock_status":"instock","bundle_stock_quantity":null,"bundle_virtual":false,"bundle_layout":"","bundle_add_to_cart_form_location":"","bundle_editable_in_cart":false,"bundle_sold_individually_context":"","bundle_item_grouping":"","bundle_min_size":"","bundle_max_size":"","bundle_price":[],"bundled_items":[],"bundle_sell_ids":[],"_links":{"self":[{"href":"https:\/\/buying-fever.com\/pt\/wp-json\/wp\/v2\/product\/1488","targetHints":{"allow":["GET"]}}],"collection":[{"href":"https:\/\/buying-fever.com\/pt\/wp-json\/wp\/v2\/product"}],"about":[{"href":"https:\/\/buying-fever.com\/pt\/wp-json\/wp\/v2\/types\/product"}],"replies":[{"embeddable":true,"href":"https:\/\/buying-fever.com\/pt\/wp-json\/wp\/v2\/comments?post=1488"}],"version-history":[{"count":0,"href":"https:\/\/buying-fever.com\/pt\/wp-json\/wp\/v2\/product\/1488\/revisions"}],"wp:featuredmedia":[{"embeddable":true,"href":"https:\/\/buying-fever.com\/pt\/wp-json\/wp\/v2\/media\/1482"}],"wp:attachment":[{"href":"https:\/\/buying-fever.com\/pt\/wp-json\/wp\/v2\/media?parent=1488"}],"wp:term":[{"taxonomy":"product_brand","embeddable":true,"href":"https:\/\/buying-fever.com\/pt\/wp-json\/wp\/v2\/product_brand?post=1488"},{"taxonomy":"product_cat","embeddable":true,"href":"https:\/\/buying-fever.com\/pt\/wp-json\/wp\/v2\/product_cat?post=1488"},{"taxonomy":"product_tag","embeddable":true,"href":"https:\/\/buying-fever.com\/pt\/wp-json\/wp\/v2\/product_tag?post=1488"}],"curies":[{"name":"wp","href":"https:\/\/api.w.org\/{rel}","templated":true}]}}