{"id":1284,"date":"2023-08-20T21:19:44","date_gmt":"2023-08-20T21:19:44","guid":{"rendered":"https:\/\/snow-alligator-195314.hostingersite.com\/?post_type=product&#038;p=1284"},"modified":"2025-06-14T00:52:39","modified_gmt":"2025-06-13T22:52:39","slug":"boutons-de-communication-pour-chien","status":"publish","type":"product","link":"https:\/\/buying-fever.com\/pt\/produto\/botoes-de-comunicacao-para-caes\/","title":{"rendered":"Bot\u00f5es de comunica\u00e7\u00e3o para c\u00e3es"},"content":{"rendered":"<h2 style=\"text-align: center;\">Expresse-se, cachorrinho!<\/h2>\n<h2 style=\"text-align: center;\">Permita que seu cachorro lhe diga o que ele quer.<\/h2>\n<p>&nbsp;<\/p>\n<p>D\u00ea voz ao seu melhor amigo com nossos bot\u00f5es de comunica\u00e7\u00e3o para c\u00e3es. Especialmente desenhados para permitir uma intera\u00e7\u00e3o mais intuitiva entre voc\u00ea e seu animal de estima\u00e7\u00e3o, esses bot\u00f5es s\u00e3o ideais para uma conviv\u00eancia harmoniosa.<\/p>\n<p>&nbsp;<\/p>\n<ul>\n<li><strong>Grava\u00e7\u00e3o de voz f\u00e1cil<\/strong> : Gra\u00e7as a um microfone embutido, grave a palavra ou frase de sua escolha para cada bot\u00e3o.<\/li>\n<li><strong>Recarreg\u00e1vel<\/strong> : Somos os \u00fanicos no mercado que oferecem um modelo totalmente recarreg\u00e1vel. Diga adeus \u00e0s baterias e ol\u00e1 \u00e0 ecologia!<\/li>\n<li><strong>Robusto e dur\u00e1vel<\/strong> : Projetado para suportar patas impacientes e press\u00f5es repetidas. Nossos bot\u00f5es s\u00e3o feitos para durar.<\/li>\n<li><strong>Design ergon\u00f4mico<\/strong> : Adequado para patas de todos os tamanhos, desde Chihuahua at\u00e9 Pastor Alem\u00e3o.<\/li>\n<li><strong>F\u00e1cil de usar<\/strong> : Associe uma a\u00e7\u00e3o a cada bot\u00e3o gravado e observe seu c\u00e3o se expressar como nunca antes!<\/li>\n<\/ul>\n<h3><\/h3>\n<h3><strong>Benef\u00edcios:<\/strong><\/h3>\n<p>&nbsp;<\/p>\n<ol>\n<li><strong>Ecol\u00f3gico<\/strong> : Reduza sua pegada de carbono escolhendo um modelo recarreg\u00e1vel.<\/li>\n<li><strong>Econ\u00f4mico<\/strong> : Chega de compras repetidas de baterias. Economize dinheiro a longo prazo!<\/li>\n<li><strong>Interatividade Refor\u00e7ada<\/strong> : Fortale\u00e7a seu v\u00ednculo com seu animal de estima\u00e7\u00e3o, compreendendo-o melhor e respondendo mais rapidamente \u00e0s suas necessidades.<\/li>\n<\/ol>\n<blockquote><p>&nbsp;<\/p>\n<p style=\"text-align: center;\"><em>\u201cNunca pensei que Max pudesse \u201cfalar\u201d comigo. \u00c9 fascinante ver como <\/em><\/p>\n<p style=\"text-align: center;\"><em>ele rapidamente entendeu como os bot\u00f5es funcionavam. Agora ele me \u201cdiz\u201d quando est\u00e1 com fome, quando <\/em><\/p>\n<p style=\"text-align: center;\"><em>quer sair ou simplesmente quando quer brincar \u00bb<\/em><\/p>\n<p style=\"text-align: center;\"><strong>St\u00e9phanie<\/strong><\/p>\n<p>&nbsp;<\/p>\n<p style=\"text-align: center;\"><em>\u201cDesde que usei esses bot\u00f5es com meu cachorro, nossa comunica\u00e7\u00e3o melhorou. <\/em><\/p>\n<p style=\"text-align: center;\"><em>atingiu um n\u00edvel totalmente novo. Ela me \u201cchama\u201d para seus passeios e at\u00e9 para seus abra\u00e7os. <\/em><\/p>\n<p style=\"text-align: center;\"><em>\u00c9 comovente ver como ela est\u00e1 disposta a se expressar e <\/em><\/p>\n<p style=\"text-align: center;\"><em>o quanto esses bot\u00f5es enriqueceram nosso dia a dia juntos\u201d<\/em><\/p>\n<p style=\"text-align: center;\"><strong>Isabelle<\/strong><\/p>\n<\/blockquote>\n<h3 style=\"text-align: center;\"><strong>Encomende hoje<\/strong> e oferecer um novo<\/h3>\n<h3 style=\"text-align: center;\">dimens\u00e3o ao seu relacionamento com seu fiel companheiro!<\/h3>","protected":false},"excerpt":{"rendered":"<p>Exprimez-vous, toutou ! Permettez \u00e0 votre chien de vous dire ce qu&rsquo;il souhaite. &nbsp; Offrez une voix \u00e0 votre meilleur ami avec nos boutons de communication pour chien. Con\u00e7us sp\u00e9cialement pour permettre une interaction plus intuitive entre vous et votre animal de compagnie, ces boutons sont id\u00e9aux pour une cohabitation harmonieuse. &nbsp; Enregistrement Vocal Facile [&hellip;]<\/p>\n","protected":false},"featured_media":1287,"comment_status":"open","ping_status":"closed","template":"","meta":{"_seopress_robots_primary_cat":"none","_seopress_titles_title":"","_seopress_titles_desc":"","_seopress_robots_index":"","site-sidebar-layout":"default","site-content-layout":"default","ast-site-content-layout":"default","site-content-style":"default","site-sidebar-style":"default","ast-global-header-display":"","ast-banner-title-visibility":"","ast-main-header-display":"","ast-hfb-above-header-display":"","ast-hfb-below-header-display":"","ast-hfb-mobile-header-display":"","site-post-title":"","ast-breadcrumbs-content":"","ast-featured-img":"","footer-sml-layout":"","ast-disable-related-posts":"","theme-transparent-header-meta":"default","adv-header-id-meta":"","stick-header-meta":"default","header-above-stick-meta":"","header-main-stick-meta":"","header-below-stick-meta":"","astra-migrate-meta-layouts":"set","ast-page-background-enabled":"default","ast-page-background-meta":{"desktop":{"background-color":"","background-image":"","background-repeat":"repeat","background-position":"center center","background-size":"auto","background-attachment":"scroll","background-type":"","background-media":"","overlay-type":"","overlay-color":"","overlay-opacity":"","overlay-gradient":""},"tablet":{"background-color":"","background-image":"","background-repeat":"repeat","background-position":"center center","background-size":"auto","background-attachment":"scroll","background-type":"","background-media":"","overlay-type":"","overlay-color":"","overlay-opacity":"","overlay-gradient":""},"mobile":{"background-color":"","background-image":"","background-repeat":"repeat","background-position":"center center","background-size":"auto","background-attachment":"scroll","background-type":"","background-media":"","overlay-type":"","overlay-color":"","overlay-opacity":"","overlay-gradient":""}},"ast-content-background-meta":{"desktop":{"background-color":"var(--ast-global-color-5)","background-image":"","background-repeat":"repeat","background-position":"center center","background-size":"auto","background-attachment":"scroll","background-type":"","background-media":"","overlay-type":"","overlay-color":"","overlay-opacity":"","overlay-gradient":""},"tablet":{"background-color":"var(--ast-global-color-5)","background-image":"","background-repeat":"repeat","background-position":"center center","background-size":"auto","background-attachment":"scroll","background-type":"","background-media":"","overlay-type":"","overlay-color":"","overlay-opacity":"","overlay-gradient":""},"mobile":{"background-color":"var(--ast-global-color-5)","background-image":"","background-repeat":"repeat","background-position":"center center","background-size":"auto","background-attachment":"scroll","background-type":"","background-media":"","overlay-type":"","overlay-color":"","overlay-opacity":"","overlay-gradient":""}}},"product_brand":[],"product_cat":[83],"product_tag":[],"class_list":{"0":"post-1284","1":"product","2":"type-product","3":"status-publish","4":"has-post-thumbnail","6":"product_cat-animaux","7":"desktop-align-center","8":"tablet-align-center","9":"mobile-align-center","10":"ast-product-gallery-layout-horizontal","11":"ast-magnify-disabled","12":"ast-product-tabs-layout-horizontal","13":"ast-qv-on-image","15":"first","16":"outofstock","17":"shipping-taxable","18":"purchasable","19":"product-type-simple"},"bundled_by":[],"bundle_stock_status":"outofstock","bundle_stock_quantity":null,"bundle_virtual":false,"bundle_layout":"","bundle_add_to_cart_form_location":"","bundle_editable_in_cart":false,"bundle_sold_individually_context":"","bundle_item_grouping":"","bundle_min_size":"","bundle_max_size":"","bundle_price":[],"bundled_items":[],"bundle_sell_ids":[],"_links":{"self":[{"href":"https:\/\/buying-fever.com\/pt\/wp-json\/wp\/v2\/product\/1284","targetHints":{"allow":["GET"]}}],"collection":[{"href":"https:\/\/buying-fever.com\/pt\/wp-json\/wp\/v2\/product"}],"about":[{"href":"https:\/\/buying-fever.com\/pt\/wp-json\/wp\/v2\/types\/product"}],"replies":[{"embeddable":true,"href":"https:\/\/buying-fever.com\/pt\/wp-json\/wp\/v2\/comments?post=1284"}],"version-history":[{"count":0,"href":"https:\/\/buying-fever.com\/pt\/wp-json\/wp\/v2\/product\/1284\/revisions"}],"wp:featuredmedia":[{"embeddable":true,"href":"https:\/\/buying-fever.com\/pt\/wp-json\/wp\/v2\/media\/1287"}],"wp:attachment":[{"href":"https:\/\/buying-fever.com\/pt\/wp-json\/wp\/v2\/media?parent=1284"}],"wp:term":[{"taxonomy":"product_brand","embeddable":true,"href":"https:\/\/buying-fever.com\/pt\/wp-json\/wp\/v2\/product_brand?post=1284"},{"taxonomy":"product_cat","embeddable":true,"href":"https:\/\/buying-fever.com\/pt\/wp-json\/wp\/v2\/product_cat?post=1284"},{"taxonomy":"product_tag","embeddable":true,"href":"https:\/\/buying-fever.com\/pt\/wp-json\/wp\/v2\/product_tag?post=1284"}],"curies":[{"name":"wp","href":"https:\/\/api.w.org\/{rel}","templated":true}]}}