{"id":4812,"date":"2023-10-20T13:31:56","date_gmt":"2023-10-20T11:31:56","guid":{"rendered":"https:\/\/snow-alligator-195314.hostingersite.com\/?page_id=4812"},"modified":"2023-10-20T13:36:44","modified_gmt":"2023-10-20T11:36:44","slug":"politique-de-retour","status":"publish","type":"page","link":"https:\/\/buying-fever.com\/pt\/politica-de-devolucao\/","title":{"rendered":"Pol\u00edtica de devolu\u00e7\u00e3o"},"content":{"rendered":"<div data-elementor-type=\"wp-page\" data-elementor-id=\"4812\" class=\"elementor elementor-4812\" data-elementor-post-type=\"page\">\n\t\t\t\t<div class=\"elementor-element elementor-element-6eabfd8e e-flex e-con-boxed e-con e-parent\" data-id=\"6eabfd8e\" data-element_type=\"container\" data-e-type=\"container\">\n\t\t\t\t\t<div class=\"e-con-inner\">\n\t\t\t\t<div class=\"elementor-element elementor-element-26a25f70 elementor-widget elementor-widget-heading\" data-id=\"26a25f70\" data-element_type=\"widget\" data-e-type=\"widget\" data-widget_type=\"heading.default\">\n\t\t\t\t<div class=\"elementor-widget-container\">\n\t\t\t\t\t<h1 class=\"elementor-heading-title elementor-size-default\">Pol\u00edtica de devolu\u00e7\u00e3o<\/h1>\t\t\t\t<\/div>\n\t\t\t\t<\/div>\n\t\t\t\t<div class=\"elementor-element elementor-element-f8df31c elementor-widget elementor-widget-heading\" data-id=\"f8df31c\" data-element_type=\"widget\" data-e-type=\"widget\" data-widget_type=\"heading.default\">\n\t\t\t\t<div class=\"elementor-widget-container\">\n\t\t\t\t\t<h2 class=\"elementor-heading-title elementor-size-default\">Pre\u00e2mbulo <\/h2>\t\t\t\t<\/div>\n\t\t\t\t<\/div>\n\t\t\t\t<div class=\"elementor-element elementor-element-7490e662 elementor-widget elementor-widget-heading\" data-id=\"7490e662\" data-element_type=\"widget\" data-e-type=\"widget\" data-widget_type=\"heading.default\">\n\t\t\t\t<div class=\"elementor-widget-container\">\n\t\t\t\t\t<h2 class=\"elementor-heading-title elementor-size-default\">Artigo 1\u00ba - Devolu\u00e7\u00e3o de itens n\u00e3o abertos:<\/h2>\t\t\t\t<\/div>\n\t\t\t\t<\/div>\n\t\t\t\t<div class=\"elementor-element elementor-element-156095ea elementor-widget elementor-widget-text-editor\" data-id=\"156095ea\" data-element_type=\"widget\" data-e-type=\"widget\" data-widget_type=\"text-editor.default\">\n\t\t\t\t<div class=\"elementor-widget-container\">\n\t\t\t\t\t\t\t\t\t<p>Aceitamos devolu\u00e7\u00f5es apenas de itens devolvidos no prazo de 14 dias ap\u00f3s a entrega, conforme indicado pelas informa\u00e7\u00f5es de rastreamento originais.<\/p>\t\t\t\t\t\t\t\t<\/div>\n\t\t\t\t<\/div>\n\t\t\t\t<div class=\"elementor-element elementor-element-7ac15c9c elementor-widget elementor-widget-text-editor\" data-id=\"7ac15c9c\" data-element_type=\"widget\" data-e-type=\"widget\" data-widget_type=\"text-editor.default\">\n\t\t\t\t<div class=\"elementor-widget-container\">\n\t\t\t\t\t\t\t\t\t<p>Voc\u00ea ser\u00e1 respons\u00e1vel pelos custos de envio associados \u00e0 devolu\u00e7\u00e3o do seu item. N\u00e3o nos responsabilizamos por qualquer perda ou dano que ocorra durante o transporte. Voc\u00ea tamb\u00e9m deve, para todas as devolu\u00e7\u00f5es, pagar antecipadamente as despesas de envio e seguro (se aplic\u00e1vel).<\/p><p>Se a sua devolu\u00e7\u00e3o for eleg\u00edvel para reembolso, o reembolso n\u00e3o incluir\u00e1 quaisquer despesas de envio e manuseio que possam aparecer na guia de remessa ou na fatura. Quando recebermos o produto devolvido, iremos examin\u00e1-lo e notific\u00e1-lo por e-mail. prazo razo\u00e1vel, se voc\u00ea tiver direito a um reembolso ou troca.<\/p><p>Se voc\u00ea for eleg\u00edvel para troca ou reembolso, substituiremos o produto ou reembolsaremos o pre\u00e7o de compra (qualquer m\u00e9todo que voc\u00ea pagou originalmente).<\/p><p>Detalhes do contato :<br \/>Link do nosso site: https:\/\/snow-alligator-195314.hostingersite.com<\/p><p>N\u00famero de telefone: +187722956001<\/p><p>Endere\u00e7o de e-mail: contact@snow-alligator-195314.hostingersite.com<\/p>\t\t\t\t\t\t\t\t<\/div>\n\t\t\t\t<\/div>\n\t\t\t\t<div class=\"elementor-element elementor-element-3699e09a elementor-widget elementor-widget-heading\" data-id=\"3699e09a\" data-element_type=\"widget\" data-e-type=\"widget\" data-widget_type=\"heading.default\">\n\t\t\t\t<div class=\"elementor-widget-container\">\n\t\t\t\t\t<h2 class=\"elementor-heading-title elementor-size-default\">Artigo 2\u00ba - Trocas<\/h2>\t\t\t\t<\/div>\n\t\t\t\t<\/div>\n\t\t\t\t<div class=\"elementor-element elementor-element-fa08263 elementor-widget elementor-widget-text-editor\" data-id=\"fa08263\" data-element_type=\"widget\" data-e-type=\"widget\" data-widget_type=\"text-editor.default\">\n\t\t\t\t<div class=\"elementor-widget-container\">\n\t\t\t\t\t\t\t\t\tTrocamos apenas produtos defeituosos ou danificados. Quando voc\u00ea acreditar que um produto est\u00e1 com defeito, entre em contato conosco, no prazo de 14 dias ap\u00f3s a compra, pelo n\u00famero de telefone ou endere\u00e7o de e-mail abaixo e forne\u00e7a detalhes do produto e do defeito.\u00a0<\/span><\/span><\/p>\n<p align=\"JUSTIFY\"><span style=\"color: #000000;\"><span style=\"font-family: Times New Roman, serif;\">\u00a0<\/span><\/span><\/p>\nEm seguida, informaremos como devolver o produto.<\/span><\/span><\/p>\t\t\t\t\t\t\t\t<\/div>\n\t\t\t\t<\/div>\n\t\t\t\t<div class=\"elementor-element elementor-element-1d611294 elementor-widget elementor-widget-heading\" data-id=\"1d611294\" data-element_type=\"widget\" data-e-type=\"widget\" data-widget_type=\"heading.default\">\n\t\t\t\t<div class=\"elementor-widget-container\">\n\t\t\t\t\t<h2 class=\"elementor-heading-title elementor-size-default\">Artigo 3\u00ba - Envio<\/h2>\t\t\t\t<\/div>\n\t\t\t\t<\/div>\n\t\t\t\t<div class=\"elementor-element elementor-element-1d7c6615 elementor-widget elementor-widget-text-editor\" data-id=\"1d7c6615\" data-element_type=\"widget\" data-e-type=\"widget\" data-widget_type=\"text-editor.default\">\n\t\t\t\t<div class=\"elementor-widget-container\">\n\t\t\t\t\t\t\t\t\t<p>Na situa\u00e7\u00e3o em que o cliente pretenda devolver o produto adquirido no site ao vendedor por qualquer motivo, o cliente dever\u00e1 informar previamente o vendedor, para que este lhe comunique as instru\u00e7\u00f5es relativas \u00e0 devolu\u00e7\u00e3o do produto.\u00a0<\/p><p>\u00a0<\/p><p>Se o cliente devolver o produto ao vendedor por sua pr\u00f3pria iniciativa, o vendedor poder\u00e1 recusar a embalagem e n\u00e3o emitir o reembolso.<\/p><p><br \/>N\u00e3o nos responsabilizamos por qualquer perda ou dano que ocorra durante o transporte. Se a sua devolu\u00e7\u00e3o for eleg\u00edvel para reembolso, o reembolso n\u00e3o incluir\u00e1 quaisquer despesas de envio e manuseio que possam aparecer na guia de remessa ou na fatura.<\/p><p>\u00a0<\/p><p>Para devolver ou trocar o item que voc\u00ea comprou, envie-o pelo correio, juntamente com uma c\u00f3pia do seu recibo e quaisquer outras informa\u00e7\u00f5es sobre sua compra, para o endere\u00e7o listado abaixo: Comprehensive building (em frente ao Building 109), Honghua Community, Yiwu City, Cidade de Jinhua, prov\u00edncia de Zhejiang \u2013 CEP: 322000 Destinat\u00e1rio: zeng li hua \u2013 N\u00famero: 13566961583 \u2013 China<\/p><p>\u00a0<\/p>\t\t\t\t\t\t\t\t<\/div>\n\t\t\t\t<\/div>\n\t\t\t\t<div class=\"elementor-element elementor-element-316d9186 elementor-widget elementor-widget-heading\" data-id=\"316d9186\" data-element_type=\"widget\" data-e-type=\"widget\" data-widget_type=\"heading.default\">\n\t\t\t\t<div class=\"elementor-widget-container\">\n\t\t\t\t\t<h2 class=\"elementor-heading-title elementor-size-default\">Artigo 4\u00ba - Processo<\/h2>\t\t\t\t<\/div>\n\t\t\t\t<\/div>\n\t\t\t\t<div class=\"elementor-element elementor-element-44c38b3f elementor-widget elementor-widget-text-editor\" data-id=\"44c38b3f\" data-element_type=\"widget\" data-e-type=\"widget\" data-widget_type=\"text-editor.default\">\n\t\t\t\t<div class=\"elementor-widget-container\">\n\t\t\t\t\t\t\t\t\t<p>Quando recebermos o seu item, iremos examin\u00e1-lo e notific\u00e1-lo por e-mail, dentro de um prazo razo\u00e1vel, se voc\u00ea \u00e9 eleg\u00edvel para reembolso ou troca.<\/p><p>\u00a0<\/p><p>Se voc\u00ea for eleg\u00edvel para um reembolso, reembolsaremos o pre\u00e7o de compra e um cr\u00e9dito ser\u00e1 aplicado ao m\u00e9todo de pagamento original. As despesas de envio e manuseio que voc\u00ea j\u00e1 pagou n\u00e3o s\u00e3o reembols\u00e1veis e os valores reembolsados n\u00e3o incluem o custo de envio.<\/p><p>\u00a0<\/p><p>Pode decorrer um per\u00edodo m\u00e1ximo de 14 dias \u00fateis ap\u00f3s a recep\u00e7\u00e3o do nosso e-mail antes de o reembolso ser recebido.<br \/>Se voc\u00ea for eleg\u00edvel para uma troca, enviaremos um novo item para o endere\u00e7o de entrega original.<\/p>\t\t\t\t\t\t\t\t<\/div>\n\t\t\t\t<\/div>\n\t\t\t\t<div class=\"elementor-element elementor-element-2127627a elementor-widget elementor-widget-heading\" data-id=\"2127627a\" data-element_type=\"widget\" data-e-type=\"widget\" data-widget_type=\"heading.default\">\n\t\t\t\t<div class=\"elementor-widget-container\">\n\t\t\t\t\t<h2 class=\"elementor-heading-title elementor-size-default\">Artigo 5\u00ba - Presentes<\/h2>\t\t\t\t<\/div>\n\t\t\t\t<\/div>\n\t\t\t\t<div class=\"elementor-element elementor-element-507f68b5 elementor-widget elementor-widget-text-editor\" data-id=\"507f68b5\" data-element_type=\"widget\" data-e-type=\"widget\" data-widget_type=\"text-editor.default\">\n\t\t\t\t<div class=\"elementor-widget-container\">\n\t\t\t\t\t\t\t\t\t<p>Se o item devolvido foi marcado como presente no momento da compra e foi enviado diretamente para voc\u00ea, voc\u00ea receber\u00e1 um cr\u00e9dito de presente igual ao valor da sua devolu\u00e7\u00e3o.\u00a0<\/p><p>\u00a0<\/p><p>Se o item n\u00e3o foi marcado como presente no momento da compra, ou se o presenteador preferiu receber o item primeiro e entreg\u00e1-lo depois, enviaremos um reembolso ao presenteador e ele saber\u00e1 que voc\u00ea devolveu o item.<\/p>\t\t\t\t\t\t\t\t<\/div>\n\t\t\t\t<\/div>\n\t\t\t\t<div class=\"elementor-element elementor-element-148b27cf elementor-widget elementor-widget-heading\" data-id=\"148b27cf\" data-element_type=\"widget\" data-e-type=\"widget\" data-widget_type=\"heading.default\">\n\t\t\t\t<div class=\"elementor-widget-container\">\n\t\t\t\t\t<h2 class=\"elementor-heading-title elementor-size-default\">Artigo 6 \u2013 Exce\u00e7\u00e3o ao direito de rescis\u00e3o e reembolso<\/h2>\t\t\t\t<\/div>\n\t\t\t\t<\/div>\n\t\t\t\t<div class=\"elementor-element elementor-element-2dac8d71 elementor-widget elementor-widget-text-editor\" data-id=\"2dac8d71\" data-element_type=\"widget\" data-e-type=\"widget\" data-widget_type=\"text-editor.default\">\n\t\t\t\t<div class=\"elementor-widget-container\">\n\t\t\t\t\t\t\t\t\t<p>Todos os itens personalizados feitos mediante solicita\u00e7\u00e3o em nosso cat\u00e1logo de produtos n\u00e3o s\u00e3o eleg\u00edveis para devolu\u00e7\u00e3o e reembolso. Esses itens s\u00e3o considerados n\u00e3o reembols\u00e1veis ou parte de uma venda final.\u00a0<\/p><p>\u00a0<\/p><p>No entanto, os produtos personalizados beneficiam do direito de conformidade definido nas nossas condi\u00e7\u00f5es gerais de venda, n\u00e3o sendo a empresa obrigada a reembolsar custos adicionais se o consumidor tiver escolhido expressamente um m\u00e9todo de entrega mais caro do que o m\u00e9todo de entrega padr\u00e3o proposto pelo profissional.<\/p>\t\t\t\t\t\t\t\t<\/div>\n\t\t\t\t<\/div>\n\t\t\t\t\t<\/div>\n\t\t\t\t<\/div>\n\t\t\t\t<\/div>","protected":false},"excerpt":{"rendered":"<p>Politique de Retour Pr\u00e9ambule Article 1 &#8211; Retour d\u2019articles non ouverts : Nous acceptons uniquement le retour des articles retourn\u00e9s dans les 14 jours suivant la livraison, tel qu&rsquo;indiqu\u00e9 par les informations de suivi d&rsquo;origine. Vous devrez assumer les frais d\u2019exp\u00e9dition li\u00e9s au retour de votre article. Nous ne sommes pas responsables des pertes ou [&hellip;]<\/p>\n","protected":false},"author":1,"featured_media":0,"parent":0,"menu_order":0,"comment_status":"closed","ping_status":"closed","template":"","meta":{"_seopress_robots_primary_cat":"","_seopress_titles_title":"","_seopress_titles_desc":"","_seopress_robots_index":"","site-sidebar-layout":"no-sidebar","site-content-layout":"page-builder","ast-site-content-layout":"full-width-container","site-content-style":"default","site-sidebar-style":"default","ast-global-header-display":"","ast-banner-title-visibility":"","ast-main-header-display":"","ast-hfb-above-header-display":"","ast-hfb-below-header-display":"","ast-hfb-mobile-header-display":"","site-post-title":"disabled","ast-breadcrumbs-content":"","ast-featured-img":"disabled","footer-sml-layout":"","ast-disable-related-posts":"","theme-transparent-header-meta":"","adv-header-id-meta":"","stick-header-meta":"","header-above-stick-meta":"","header-main-stick-meta":"","header-below-stick-meta":"","astra-migrate-meta-layouts":"set","ast-page-background-enabled":"default","ast-page-background-meta":{"desktop":{"background-color":"","background-image":"","background-repeat":"repeat","background-position":"center center","background-size":"auto","background-attachment":"scroll","background-type":"","background-media":"","overlay-type":"","overlay-color":"","overlay-opacity":"","overlay-gradient":""},"tablet":{"background-color":"","background-image":"","background-repeat":"repeat","background-position":"center center","background-size":"auto","background-attachment":"scroll","background-type":"","background-media":"","overlay-type":"","overlay-color":"","overlay-opacity":"","overlay-gradient":""},"mobile":{"background-color":"","background-image":"","background-repeat":"repeat","background-position":"center center","background-size":"auto","background-attachment":"scroll","background-type":"","background-media":"","overlay-type":"","overlay-color":"","overlay-opacity":"","overlay-gradient":""}},"ast-content-background-meta":{"desktop":{"background-color":"var(--ast-global-color-5)","background-image":"","background-repeat":"repeat","background-position":"center center","background-size":"auto","background-attachment":"scroll","background-type":"","background-media":"","overlay-type":"","overlay-color":"","overlay-opacity":"","overlay-gradient":""},"tablet":{"background-color":"var(--ast-global-color-5)","background-image":"","background-repeat":"repeat","background-position":"center center","background-size":"auto","background-attachment":"scroll","background-type":"","background-media":"","overlay-type":"","overlay-color":"","overlay-opacity":"","overlay-gradient":""},"mobile":{"background-color":"var(--ast-global-color-5)","background-image":"","background-repeat":"repeat","background-position":"center center","background-size":"auto","background-attachment":"scroll","background-type":"","background-media":"","overlay-type":"","overlay-color":"","overlay-opacity":"","overlay-gradient":""}},"footnotes":""},"class_list":["post-4812","page","type-page","status-publish","hentry"],"_links":{"self":[{"href":"https:\/\/buying-fever.com\/pt\/wp-json\/wp\/v2\/pages\/4812","targetHints":{"allow":["GET"]}}],"collection":[{"href":"https:\/\/buying-fever.com\/pt\/wp-json\/wp\/v2\/pages"}],"about":[{"href":"https:\/\/buying-fever.com\/pt\/wp-json\/wp\/v2\/types\/page"}],"author":[{"embeddable":true,"href":"https:\/\/buying-fever.com\/pt\/wp-json\/wp\/v2\/users\/1"}],"replies":[{"embeddable":true,"href":"https:\/\/buying-fever.com\/pt\/wp-json\/wp\/v2\/comments?post=4812"}],"version-history":[{"count":0,"href":"https:\/\/buying-fever.com\/pt\/wp-json\/wp\/v2\/pages\/4812\/revisions"}],"wp:attachment":[{"href":"https:\/\/buying-fever.com\/pt\/wp-json\/wp\/v2\/media?parent=4812"}],"curies":[{"name":"wp","href":"https:\/\/api.w.org\/{rel}","templated":true}]}}