{"id":1284,"date":"2023-08-20T21:19:44","date_gmt":"2023-08-20T21:19:44","guid":{"rendered":"https:\/\/snow-alligator-195314.hostingersite.com\/?post_type=product&#038;p=1284"},"modified":"2025-06-14T00:52:39","modified_gmt":"2025-06-13T22:52:39","slug":"boutons-de-communication-pour-chien","status":"publish","type":"product","link":"https:\/\/buying-fever.com\/nl\/product\/communicatieknoppen-voor-hond\/","title":{"rendered":"Hondcommunicatieknoppen"},"content":{"rendered":"<h2 style=\"text-align: center;\">Druk jezelf uit, hondje!<\/h2>\n<h2 style=\"text-align: center;\">Laat uw hond u vertellen wat hij wil.<\/h2>\n<p>&nbsp;<\/p>\n<p>Geef je beste vriend een stem met onze hondencommunicatieknoppen. Deze knoppen zijn speciaal ontworpen om een meer intu\u00eftieve interactie tussen u en uw huisdier mogelijk te maken en zijn ideaal voor een harmonieus samenleven.<\/p>\n<p>&nbsp;<\/p>\n<ul>\n<li><strong>Gemakkelijke stemopname<\/strong> : Dankzij een ingebouwde microfoon kunt u voor elke knop het woord of de zin van uw keuze opnemen.<\/li>\n<li><strong>Oplaadbaar<\/strong> : Wij zijn de enige op de markt die een volledig oplaadbaar model aanbieden. Zeg vaarwel tegen batterijen en hallo tegen ecologie!<\/li>\n<li><strong>Robuust en duurzaam<\/strong> : Ontworpen om ongeduldige poten en herhaalde druk te weerstaan. Onze knoppen zijn gemaakt om lang mee te gaan.<\/li>\n<li><strong>Ergonomisch ontwerp<\/strong> : Geschikt voor poten van alle maten, van Chihuahua tot Duitse herder.<\/li>\n<li><strong>Makkelijk te gebruiken<\/strong> : Koppel een actie aan elke opgenomen knop en zie hoe uw hond zich uitdrukt als nooit tevoren!<\/li>\n<\/ul>\n<h3><\/h3>\n<h3><strong>Voordelen :<\/strong><\/h3>\n<p>&nbsp;<\/p>\n<ol>\n<li><strong>Ecologisch<\/strong> : Verklein uw ecologische voetafdruk door een oplaadbaar model te kiezen.<\/li>\n<li><strong>Economisch<\/strong> : Geen herhaalde aankopen van batterijen meer. Bespaar geld op de lange termijn!<\/li>\n<li><strong>Versterkte interactiviteit<\/strong> : Versterk uw band met uw huisdier door hem beter te begrijpen en sneller op zijn behoeften in te spelen.<\/li>\n<\/ol>\n<blockquote><p>&nbsp;<\/p>\n<p style=\"text-align: center;\"><em>\u201cIk had nooit gedacht dat Max met mij kon \u2018praten\u2019. Het is fascinerend om te zien hoe <\/em><\/p>\n<p style=\"text-align: center;\"><em>hij begreep snel hoe de knoppen werkten. Nu \u201cvertelt\u201d hij mij wanneer hij honger heeft, wanneer hij <\/em><\/p>\n<p style=\"text-align: center;\"><em>uit wil of gewoon wanneer hij wil spelen \u00bb<\/em><\/p>\n<p style=\"text-align: center;\"><strong>St\u00e9phanie<\/strong><\/p>\n<p>&nbsp;<\/p>\n<p style=\"text-align: center;\"><em>\u201cSinds ik deze knoppen met mijn hond gebruik, is onze communicatie veranderd <\/em><\/p>\n<p style=\"text-align: center;\"><em>een geheel nieuw niveau bereikt. Ze \u2018belt\u2019 me voor haar wandelingen en zelfs voor haar knuffels. <\/em><\/p>\n<p style=\"text-align: center;\"><em>Het is ontroerend om te zien hoe bereid ze is om zichzelf te uiten en <\/em><\/p>\n<p style=\"text-align: center;\"><em>hoeveel deze knoppen ons dagelijks leven samen hebben verrijkt\u201d<\/em><\/p>\n<p style=\"text-align: center;\"><strong>Isabelle<\/strong><\/p>\n<\/blockquote>\n<h3 style=\"text-align: center;\"><strong>Bestel vandaag nog<\/strong> en een nieuwe aanbieden<\/h3>\n<h3 style=\"text-align: center;\">dimensie aan uw relatie met uw trouwe metgezel!<\/h3>","protected":false},"excerpt":{"rendered":"<p>Exprimez-vous, toutou ! Permettez \u00e0 votre chien de vous dire ce qu&rsquo;il souhaite. &nbsp; Offrez une voix \u00e0 votre meilleur ami avec nos boutons de communication pour chien. Con\u00e7us sp\u00e9cialement pour permettre une interaction plus intuitive entre vous et votre animal de compagnie, ces boutons sont id\u00e9aux pour une cohabitation harmonieuse. &nbsp; Enregistrement Vocal Facile [&hellip;]<\/p>\n","protected":false},"featured_media":1287,"comment_status":"open","ping_status":"closed","template":"","meta":{"_seopress_robots_primary_cat":"none","_seopress_titles_title":"","_seopress_titles_desc":"","_seopress_robots_index":"","site-sidebar-layout":"default","site-content-layout":"default","ast-site-content-layout":"default","site-content-style":"default","site-sidebar-style":"default","ast-global-header-display":"","ast-banner-title-visibility":"","ast-main-header-display":"","ast-hfb-above-header-display":"","ast-hfb-below-header-display":"","ast-hfb-mobile-header-display":"","site-post-title":"","ast-breadcrumbs-content":"","ast-featured-img":"","footer-sml-layout":"","ast-disable-related-posts":"","theme-transparent-header-meta":"default","adv-header-id-meta":"","stick-header-meta":"default","header-above-stick-meta":"","header-main-stick-meta":"","header-below-stick-meta":"","astra-migrate-meta-layouts":"set","ast-page-background-enabled":"default","ast-page-background-meta":{"desktop":{"background-color":"","background-image":"","background-repeat":"repeat","background-position":"center center","background-size":"auto","background-attachment":"scroll","background-type":"","background-media":"","overlay-type":"","overlay-color":"","overlay-opacity":"","overlay-gradient":""},"tablet":{"background-color":"","background-image":"","background-repeat":"repeat","background-position":"center center","background-size":"auto","background-attachment":"scroll","background-type":"","background-media":"","overlay-type":"","overlay-color":"","overlay-opacity":"","overlay-gradient":""},"mobile":{"background-color":"","background-image":"","background-repeat":"repeat","background-position":"center center","background-size":"auto","background-attachment":"scroll","background-type":"","background-media":"","overlay-type":"","overlay-color":"","overlay-opacity":"","overlay-gradient":""}},"ast-content-background-meta":{"desktop":{"background-color":"var(--ast-global-color-5)","background-image":"","background-repeat":"repeat","background-position":"center center","background-size":"auto","background-attachment":"scroll","background-type":"","background-media":"","overlay-type":"","overlay-color":"","overlay-opacity":"","overlay-gradient":""},"tablet":{"background-color":"var(--ast-global-color-5)","background-image":"","background-repeat":"repeat","background-position":"center center","background-size":"auto","background-attachment":"scroll","background-type":"","background-media":"","overlay-type":"","overlay-color":"","overlay-opacity":"","overlay-gradient":""},"mobile":{"background-color":"var(--ast-global-color-5)","background-image":"","background-repeat":"repeat","background-position":"center center","background-size":"auto","background-attachment":"scroll","background-type":"","background-media":"","overlay-type":"","overlay-color":"","overlay-opacity":"","overlay-gradient":""}}},"product_brand":[],"product_cat":[83],"product_tag":[],"class_list":{"0":"post-1284","1":"product","2":"type-product","3":"status-publish","4":"has-post-thumbnail","6":"product_cat-animaux","7":"desktop-align-center","8":"tablet-align-center","9":"mobile-align-center","10":"ast-product-gallery-layout-horizontal","11":"ast-magnify-disabled","12":"ast-product-tabs-layout-horizontal","13":"ast-qv-on-image","15":"first","16":"outofstock","17":"shipping-taxable","18":"purchasable","19":"product-type-simple"},"bundled_by":[],"bundle_stock_status":"outofstock","bundle_stock_quantity":null,"bundle_virtual":false,"bundle_layout":"","bundle_add_to_cart_form_location":"","bundle_editable_in_cart":false,"bundle_sold_individually_context":"","bundle_item_grouping":"","bundle_min_size":"","bundle_max_size":"","bundle_price":[],"bundled_items":[],"bundle_sell_ids":[],"_links":{"self":[{"href":"https:\/\/buying-fever.com\/nl\/wp-json\/wp\/v2\/product\/1284","targetHints":{"allow":["GET"]}}],"collection":[{"href":"https:\/\/buying-fever.com\/nl\/wp-json\/wp\/v2\/product"}],"about":[{"href":"https:\/\/buying-fever.com\/nl\/wp-json\/wp\/v2\/types\/product"}],"replies":[{"embeddable":true,"href":"https:\/\/buying-fever.com\/nl\/wp-json\/wp\/v2\/comments?post=1284"}],"version-history":[{"count":0,"href":"https:\/\/buying-fever.com\/nl\/wp-json\/wp\/v2\/product\/1284\/revisions"}],"wp:featuredmedia":[{"embeddable":true,"href":"https:\/\/buying-fever.com\/nl\/wp-json\/wp\/v2\/media\/1287"}],"wp:attachment":[{"href":"https:\/\/buying-fever.com\/nl\/wp-json\/wp\/v2\/media?parent=1284"}],"wp:term":[{"taxonomy":"product_brand","embeddable":true,"href":"https:\/\/buying-fever.com\/nl\/wp-json\/wp\/v2\/product_brand?post=1284"},{"taxonomy":"product_cat","embeddable":true,"href":"https:\/\/buying-fever.com\/nl\/wp-json\/wp\/v2\/product_cat?post=1284"},{"taxonomy":"product_tag","embeddable":true,"href":"https:\/\/buying-fever.com\/nl\/wp-json\/wp\/v2\/product_tag?post=1284"}],"curies":[{"name":"wp","href":"https:\/\/api.w.org\/{rel}","templated":true}]}}