{"id":1215,"date":"2023-08-13T14:06:55","date_gmt":"2023-08-13T14:06:55","guid":{"rendered":"https:\/\/snow-alligator-195314.hostingersite.com\/?page_id=1215"},"modified":"2025-04-13T23:59:30","modified_gmt":"2025-04-13T21:59:30","slug":"mentions-legales","status":"publish","type":"page","link":"https:\/\/buying-fever.com\/nl\/juridische-kennisgeving\/","title":{"rendered":"Juridische kennisgeving"},"content":{"rendered":"<div data-elementor-type=\"wp-page\" data-elementor-id=\"1215\" class=\"elementor elementor-1215\" data-elementor-post-type=\"page\">\n\t\t\t\t<div class=\"elementor-element elementor-element-1059819 e-flex e-con-boxed e-con e-parent\" data-id=\"1059819\" data-element_type=\"container\" data-e-type=\"container\">\n\t\t\t\t\t<div class=\"e-con-inner\">\n\t\t\t\t<div class=\"elementor-element elementor-element-15e19df elementor-widget elementor-widget-heading\" data-id=\"15e19df\" data-element_type=\"widget\" data-e-type=\"widget\" data-widget_type=\"heading.default\">\n\t\t\t\t<div class=\"elementor-widget-container\">\n\t\t\t\t\t<h1 class=\"elementor-heading-title elementor-size-default\">Juridische kennisgeving<\/h1>\t\t\t\t<\/div>\n\t\t\t\t<\/div>\n\t\t\t\t<div class=\"elementor-element elementor-element-7e740d0 elementor-widget elementor-widget-text-editor\" data-id=\"7e740d0\" data-element_type=\"widget\" data-e-type=\"widget\" data-widget_type=\"text-editor.default\">\n\t\t\t\t<div class=\"elementor-widget-container\">\n\t\t\t\t\t\t\t\t\t<h2 style=\"font-style: normal; text-transform: none; font-size: 2rem; margin-bottom: 0px; color: #005ca2; line-height: 1.25em; caret-color: #7a7a7a;\"><span style=\"color: #333333;\">1. Presentatie van de site.<\/span><\/h2><div style=\"caret-color: #7a7a7a; color: #7a7a7a; font-size: 15px;\"><p style=\"font-size: 15px; margin-bottom: 1.75em;\">Op grond van artikel 6 van wet nr. 2004-575 van 21 juni 2004 voor het vertrouwen in de digitale economie worden gebruikers van de site buy-fever.com ge\u00efnformeerd over de identiteit van de verschillende deelnemers in het kader van de implementatie en monitoring ervan:<\/p><p style=\"font-size: 15px; margin-bottom: 1.75em;\"><strong>Eigenaar<\/strong> : Brand Success \u2013 78, Avenue des Champs-\u00c9lys\u00e9es, Bureau 562, 75008 Paris \u2013 France. Siret : 83353766500022<\/p><p style=\"font-size: 15px; margin-bottom: 1.75em;\"><span style=\"font-style: inherit; color: var( --e-global-color-text ); font-family: var( --e-global-typography-text-font-family ), Sans-serif;\">De publicatiebeheerder is een natuurlijk persoon of een rechtspersoon.<\/span><\/p><p style=\"font-size: 15px; margin-bottom: 1.75em;\"><strong>Gastheer<\/strong>\u00a0:\u00a0<em>OVH<\/em>\u00a0SAS: 2 rue Kellermann \u2013 BP 80157 59053 ROUBAIX CEDEX 1<\/p><h3 style=\"font-size: 1.666667rem; margin-bottom: 0px; color: #005ca2; line-height: 1.2em;\"><span style=\"color: #333333;\">2. Algemene gebruiksvoorwaarden van de site en de aangeboden diensten.<\/span><\/h3><p style=\"font-size: 15px; margin-bottom: 1.75em;\">Het gebruik van de site buy-fever.com impliceert de volledige aanvaarding van de hieronder beschreven algemene gebruiksvoorwaarden. Deze gebruiksvoorwaarden kunnen op ieder moment gewijzigd of aangevuld worden, gebruikers van de site buy-fever.com worden dan ook uitgenodigd om ze regelmatig te raadplegen.<\/p><p style=\"font-size: 15px; margin-bottom: 1.75em;\">Ce site est normalement accessible \u00e0 tout moment aux utilisateurs. Une interruption pour raison de maintenance technique peut \u00eatre toutefois d\u00e9cid\u00e9e par Brand Success, qui s\u2019efforcera alors de communiquer pr\u00e9alablement aux utilisateurs les dates et heures de l\u2019intervention.<\/p><p style=\"font-size: 15px; margin-bottom: 1.75em;\">De website buy-fever.com<a style=\"color: #547dd3;\" href=\"https:\/\/rocket-marketing.eu\/\">\u00a0<\/a>est mis \u00e0 jour r\u00e9guli\u00e8rement par Brand Success. De la m\u00eame fa\u00e7on, les mentions l\u00e9gales peuvent \u00eatre modifi\u00e9es \u00e0 tout moment : elles s\u2019imposent n\u00e9anmoins \u00e0 l\u2019utilisateur qui est invit\u00e9 \u00e0 s\u2019y r\u00e9f\u00e9rer le plus souvent possible afin d\u2019en prendre connaissance.<\/p><h3 style=\"font-size: 1.666667rem; margin-bottom: 0px; color: #005ca2; line-height: 1.2em;\"><span style=\"color: #333333;\">3. Beschrijving van de geleverde diensten.<\/span><\/h3><p style=\"font-size: 15px; margin-bottom: 1.75em;\">Het doel van de site buy-fever.com is om informatie te verstrekken over alle activiteiten van het bedrijf.<\/p><p style=\"font-size: 15px; margin-bottom: 1.75em;\">Brand Success s\u2019efforce de fournir sur le site buying-fever.com des informations aussi pr\u00e9cises que possible. Toutefois, il ne pourra \u00eatre tenue responsable des omissions, des inexactitudes et des carences dans la mise \u00e0 jour, qu\u2019elles soient de son fait ou du fait des tiers partenaires qui lui fournissent ces informations.<\/p><p style=\"font-size: 15px; margin-bottom: 1.75em;\">Alle informatie op de site buy-fever.com wordt uitsluitend ter informatie gegeven en kan worden gewijzigd. Bovendien is de informatie op de site buy-fever.com niet uitputtend. Ze worden verstrekt onder voorbehoud van wijzigingen die zijn aangebracht sinds ze online zijn gezet.<\/p><h3 style=\"font-size: 1.666667rem; margin-bottom: 0px; color: #005ca2; line-height: 1.2em;\"><span style=\"color: #333333;\">4. Contractuele beperkingen op technische gegevens.<\/span><\/h3><p style=\"font-size: 15px; margin-bottom: 1.75em;\">De site maakt gebruik van JavaScript-technologie.<\/p><p style=\"font-size: 15px; margin-bottom: 1.75em;\">De website kan niet aansprakelijk worden gesteld voor materi\u00eble schade die verband houdt met het gebruik van de site. Bovendien verbindt de gebruiker van de site zich ertoe de site te bezoeken met behulp van recente apparatuur, die geen virussen bevat en met een bijgewerkte browser van de nieuwste generatie.<\/p><h3 style=\"font-size: 1.666667rem; margin-bottom: 0px; color: #005ca2; line-height: 1.2em;\"><span style=\"color: #333333;\">5. Intellectuele eigendom en namaak.<\/span><\/h3><p style=\"font-size: 15px; margin-bottom: 1.75em;\">Brand Success est propri\u00e9taire des droits de propri\u00e9t\u00e9 intellectuelle ou d\u00e9tient les droits d\u2019usage sur tous les \u00e9l\u00e9ments accessibles sur le site, notamment les textes, images, graphismes, logo, ic\u00f4nes, sons, logiciels.<\/p><p style=\"font-size: 15px; margin-bottom: 1.75em;\">Toute reproduction, repr\u00e9sentation, modification, publication, adaptation de tout ou partie des \u00e9l\u00e9ments du site, quel que soit le moyen ou le proc\u00e9d\u00e9 utilis\u00e9, est interdite, sauf autorisation \u00e9crite pr\u00e9alable de la soci\u00e9t\u00e9 Brand Success.<\/p><p style=\"font-size: 15px; margin-bottom: 1.75em;\">Elk ongeoorloofd gebruik van de site of een van de elementen die deze bevat, zal worden beschouwd als een inbreuk en zal worden vervolgd in overeenstemming met de bepalingen van de artikelen L.335-2 en volgende van het Wetboek van Intellectuele Eigendom.<\/p><h3 style=\"font-size: 1.666667rem; margin-bottom: 0px; color: #005ca2; line-height: 1.2em;\"><span style=\"color: #333333;\">6. Beperkingen van aansprakelijkheid.<\/span><\/h3><p style=\"font-size: 15px; margin-bottom: 1.75em;\">Brand Success ne pourra \u00eatre tenue responsable des dommages directs et indirects caus\u00e9s au mat\u00e9riel de l\u2019utilisateur, lors de l\u2019acc\u00e8s au site buying-fever.com, et r\u00e9sultant soit de l\u2019utilisation d\u2019un mat\u00e9riel ne r\u00e9pondant pas aux sp\u00e9cifications indiqu\u00e9es au point 4, soit de l\u2019apparition d\u2019un bug ou d\u2019une incompatibilit\u00e9.<\/p><p style=\"font-size: 15px; margin-bottom: 1.75em;\">Brand Success ne pourra \u00e9galement \u00eatre tenue responsable des dommages indirects (tels par exemple qu\u2019une perte de march\u00e9 ou perte d\u2019une chance) cons\u00e9cutifs \u00e0 l\u2019utilisation du site buying-fever.com<\/p><p style=\"font-size: 15px; margin-bottom: 1.75em;\">Des espaces interactifs (possibilit\u00e9 de poser des questions dans l\u2019espace contact) sont \u00e0 la disposition des utilisateurs. Brand Success se r\u00e9serve le droit de supprimer, sans mise en demeure pr\u00e9alable, tout contenu d\u00e9pos\u00e9 dans cet espace qui contreviendrait \u00e0 la l\u00e9gislation applicable en France, en particulier aux dispositions relatives \u00e0 la protection des donn\u00e9es. Le cas \u00e9ch\u00e9ant, Brand Success se r\u00e9serve \u00e9galement la possibilit\u00e9 de mettre en cause la responsabilit\u00e9 civile et\/ou p\u00e9nale de l\u2019utilisateur, notamment en cas de message \u00e0 caract\u00e8re raciste, injurieux, diffamant, ou pornographique, quel que soit le support utilis\u00e9 (texte, photographie\u2026).<\/p><h3 style=\"font-size: 1.666667rem; margin-bottom: 0px; color: #005ca2; line-height: 1.2em;\"><span style=\"color: #333333;\">7. Beheer van persoonsgegevens.<\/span><\/h3><p style=\"font-size: 15px; margin-bottom: 1.75em;\">In Frankrijk worden persoonsgegevens met name beschermd door wet nr. 78-87 van 6 januari 1978, wet nr. 2004-801 van 6 augustus 2004, artikel L. 226-13 van het Wetboek van Strafrecht en de Europese Richtlijn van 24 oktober. , 1995.<\/p><p style=\"font-size: 15px; margin-bottom: 1.75em;\">Bij het gebruik van de site Buying-Fever.com kan het volgende worden verzameld: de URL van de links waarmee de gebruiker toegang heeft gekregen tot de site Buying-Fever.com; de toegangsprovider van de gebruiker; het Internet Protocol (IP)-adres van de gebruiker.<\/p><p style=\"font-size: 15px; margin-bottom: 1.75em;\">En tout \u00e9tat de cause Brand Success ne collecte des informations personnelles relatives \u00e0 l\u2019utilisateur que pour le besoin de certains services propos\u00e9s par le site buying-fever.com. L\u2019utilisateur fournit ces informations en toute connaissance de cause, notamment lorsqu\u2019il proc\u00e8de par lui-m\u00eame \u00e0 leur saisie. Il est alors pr\u00e9cis\u00e9 \u00e0 l\u2019utilisateur du site buying-fever.com a l\u2019obligation ou non de fournir ces informations.<\/p><p style=\"font-size: 15px; margin-bottom: 1.75em;\">In overeenstemming met de bepalingen van de artikelen 38 en volgende van wet 78-17 van 6 januari 1978 met betrekking tot gegevensverwerking, bestanden en vrijheden, heeft elke gebruiker een recht op toegang, rectificatie en verzet tegen persoonlijke gegevens die hem betreffen, door zijn schriftelijke en ondertekend verzoek, vergezeld van een kopie van het identiteitsbewijs met handtekening van de houder van het document, met vermelding van het adres waarnaar het antwoord moet worden verzonden.<\/p><p style=\"font-size: 15px; margin-bottom: 1.75em;\">Aucune information personnelle de l\u2019utilisateur du site buying-fever.com n\u2019est publi\u00e9e \u00e0 l\u2019insu de l\u2019utilisateur, \u00e9chang\u00e9e, transf\u00e9r\u00e9e, c\u00e9d\u00e9e ou vendue sur un support quelconque \u00e0 des tiers. Seule l\u2019hypoth\u00e8se du rachat de Brand Success et de ses droits permettrait la transmission des dites informations \u00e0 l\u2019\u00e9ventuel acqu\u00e9reur qui serait \u00e0 son tour tenu de la m\u00eame obligation de conservation et de modification des donn\u00e9es vis \u00e0 vis de l\u2019utilisateur du site buying-fever.com<\/p><p style=\"font-size: 15px; margin-bottom: 1.75em;\">De databanken worden beschermd door de bepalingen van de wet van 1 juli 1998 tot omzetting van richtlijn 96\/9 van 11 maart 1996 betreffende de rechtsbescherming van databanken.<\/p><h3 style=\"font-size: 1.666667rem; margin-bottom: 0px; color: #005ca2; line-height: 1.2em;\"><span style=\"color: #333333;\">8. Hypertextlinks en cookies.<\/span><\/h3><p style=\"font-size: 15px; margin-bottom: 1.75em;\">Le site buying-fever.com contient un certain nombre de liens hypertextes vers d\u2019autres sites, mis en place avec l\u2019autorisation de Brand Success. Cependant, Brand Success n\u2019a pas la possibilit\u00e9 de v\u00e9rifier le contenu des sites ainsi visit\u00e9s, et n\u2019assumera en cons\u00e9quence aucune responsabilit\u00e9 de ce fait.<\/p><p style=\"font-size: 15px; margin-bottom: 1.75em;\">Als u op de aankoop-fever.com-site surft, kunnen er cookies op de computer van de gebruiker worden ge\u00efnstalleerd. Een cookie is een klein bestand dat de identificatie van de gebruiker niet mogelijk maakt, maar dat informatie registreert met betrekking tot de navigatie van een computer op een site. De aldus verkregen gegevens zijn bedoeld om de daaropvolgende navigatie op de site te vergemakkelijken en zijn tevens bedoeld om verschillende verkeersmetingen mogelijk te maken.<\/p><p style=\"font-size: 15px; margin-bottom: 1.75em;\">Als u weigert een cookie te plaatsen, kan dit tot gevolg hebben dat u geen toegang heeft tot bepaalde diensten. De gebruiker kan zijn computer echter op de volgende manier configureren om de installatie van cookies te weigeren:<\/p><p style=\"font-size: 15px; margin-bottom: 1.75em;\">Onder Internet Explorer: tabblad Tool (tandwielvormig pictogram rechtsboven) \/ internetopties. Klik op Privacy en kies Alle cookies blokkeren. Valideer op Ok.<\/p><p style=\"font-size: 15px; margin-bottom: 1.75em;\">Onder Firefox: klik bovenaan het browservenster op de Firefox-knop en ga vervolgens naar het tabblad Opties. Klik op het tabblad Privacy. Stel bewaarregels in op: Gebruik aangepaste instellingen voor geschiedenis. Schakel het ten slotte uit om cookies uit te schakelen.<\/p><p style=\"font-size: 15px; margin-bottom: 1.75em;\">Onder Safari: Klik rechtsboven in de browser op het menupictogram (gesymboliseerd door een tandwiel). Selecteer Instellingen. Klik op Geavanceerde instellingen weergeven. Klik in het gedeelte &#039;Privacy&#039; op Inhoudsinstellingen. In het onderdeel \u201cCookies\u201d kunt u cookies blokkeren.<\/p><p style=\"font-size: 15px; margin-bottom: 1.75em;\">Onder Chrome: Klik rechtsboven in de browser op het menupictogram (gesymboliseerd door drie horizontale lijnen). Selecteer Instellingen. Klik op Geavanceerde instellingen weergeven. Klik in het gedeelte &#039;Privacy&#039; op Voorkeuren. Op het tabblad \u2018Privacy\u2019 kunt u cookies blokkeren.<\/p><h3 style=\"font-size: 1.666667rem; margin-bottom: 0px; color: #005ca2; line-height: 1.2em;\"><span style=\"color: #333333;\">9. Toepasselijk recht en toekenning van jurisdictie.<\/span><\/h3><p style=\"font-size: 15px; margin-bottom: 1.75em;\">Elk geschil met betrekking tot het gebruik van de site buy-fever.com is onderworpen aan het Franse recht. Exclusieve jurisdictie wordt verleend aan de bevoegde rechtbanken van Parijs.<\/p><h3 style=\"font-size: 1.666667rem; margin-bottom: 0px; color: #005ca2; line-height: 1.2em;\"><span style=\"color: #333333;\">10. De belangrijkste betrokken wetten.<\/span><\/h3><p style=\"font-size: 15px; margin-bottom: 1.75em;\">Wet nr. 78-17 van 6 januari 1978, met name gewijzigd door wet nr. 2004-801 van 6 augustus 2004 met betrekking tot computers, bestanden en vrijheden.<\/p><p style=\"font-size: 15px; margin-bottom: 1.75em;\">Wet nr. 2004-575 van 21 juni 2004 voor het vertrouwen in de digitale economie.<\/p><h3 style=\"font-size: 1.666667rem; margin-bottom: 0px; color: #005ca2; line-height: 1.2em;\"><span style=\"color: #333333;\">11. Woordenlijst.<\/span><\/h3><p style=\"font-size: 15px; margin-bottom: 1.75em;\">Gebruiker: internetgebruiker die verbinding maakt via de bovengenoemde site.<\/p><p style=\"font-size: 15px; margin-bottom: 1.75em;\">Persoonlijke informatie: \u201cinformatie die, in welke vorm dan ook, direct of indirect, de identificatie mogelijk maakt van de natuurlijke personen op wie deze van toepassing is\u201d (artikel 4 van wet nr. 78-17 van 6 januari 1978).<\/p><\/div>\t\t\t\t\t\t\t\t<\/div>\n\t\t\t\t<\/div>\n\t\t\t\t\t<\/div>\n\t\t\t\t<\/div>\n\t\t\t\t<\/div>","protected":false},"excerpt":{"rendered":"<p>Mentions L\u00e9gales 1. Pr\u00e9sentation du site. En vertu de l\u2019article 6 de la loi n\u00b0 2004-575 du 21 juin 2004 pour la confiance dans l\u2019\u00e9conomie num\u00e9rique, il est pr\u00e9cis\u00e9 aux utilisateurs du site buying-fever.com l\u2019identit\u00e9 des diff\u00e9rents intervenants dans le cadre de sa r\u00e9alisation et de son suivi : Propri\u00e9taire : Brand Success \u2013 78, [&hellip;]<\/p>\n","protected":false},"author":1,"featured_media":0,"parent":0,"menu_order":0,"comment_status":"closed","ping_status":"closed","template":"","meta":{"_seopress_robots_primary_cat":"","_seopress_titles_title":"","_seopress_titles_desc":"","_seopress_robots_index":"","site-sidebar-layout":"no-sidebar","site-content-layout":"page-builder","ast-site-content-layout":"default","site-content-style":"default","site-sidebar-style":"default","ast-global-header-display":"","ast-banner-title-visibility":"","ast-main-header-display":"","ast-hfb-above-header-display":"","ast-hfb-below-header-display":"","ast-hfb-mobile-header-display":"","site-post-title":"disabled","ast-breadcrumbs-content":"","ast-featured-img":"disabled","footer-sml-layout":"","ast-disable-related-posts":"","theme-transparent-header-meta":"","adv-header-id-meta":"","stick-header-meta":"","header-above-stick-meta":"","header-main-stick-meta":"","header-below-stick-meta":"","astra-migrate-meta-layouts":"default","ast-page-background-enabled":"default","ast-page-background-meta":{"desktop":{"background-color":"","background-image":"","background-repeat":"repeat","background-position":"center center","background-size":"auto","background-attachment":"scroll","background-type":"","background-media":"","overlay-type":"","overlay-color":"","overlay-opacity":"","overlay-gradient":""},"tablet":{"background-color":"","background-image":"","background-repeat":"repeat","background-position":"center center","background-size":"auto","background-attachment":"scroll","background-type":"","background-media":"","overlay-type":"","overlay-color":"","overlay-opacity":"","overlay-gradient":""},"mobile":{"background-color":"","background-image":"","background-repeat":"repeat","background-position":"center center","background-size":"auto","background-attachment":"scroll","background-type":"","background-media":"","overlay-type":"","overlay-color":"","overlay-opacity":"","overlay-gradient":""}},"ast-content-background-meta":{"desktop":{"background-color":"var(--ast-global-color-5)","background-image":"","background-repeat":"repeat","background-position":"center center","background-size":"auto","background-attachment":"scroll","background-type":"","background-media":"","overlay-type":"","overlay-color":"","overlay-opacity":"","overlay-gradient":""},"tablet":{"background-color":"var(--ast-global-color-5)","background-image":"","background-repeat":"repeat","background-position":"center center","background-size":"auto","background-attachment":"scroll","background-type":"","background-media":"","overlay-type":"","overlay-color":"","overlay-opacity":"","overlay-gradient":""},"mobile":{"background-color":"var(--ast-global-color-5)","background-image":"","background-repeat":"repeat","background-position":"center center","background-size":"auto","background-attachment":"scroll","background-type":"","background-media":"","overlay-type":"","overlay-color":"","overlay-opacity":"","overlay-gradient":""}},"footnotes":""},"class_list":["post-1215","page","type-page","status-publish","hentry"],"_links":{"self":[{"href":"https:\/\/buying-fever.com\/nl\/wp-json\/wp\/v2\/pages\/1215","targetHints":{"allow":["GET"]}}],"collection":[{"href":"https:\/\/buying-fever.com\/nl\/wp-json\/wp\/v2\/pages"}],"about":[{"href":"https:\/\/buying-fever.com\/nl\/wp-json\/wp\/v2\/types\/page"}],"author":[{"embeddable":true,"href":"https:\/\/buying-fever.com\/nl\/wp-json\/wp\/v2\/users\/1"}],"replies":[{"embeddable":true,"href":"https:\/\/buying-fever.com\/nl\/wp-json\/wp\/v2\/comments?post=1215"}],"version-history":[{"count":0,"href":"https:\/\/buying-fever.com\/nl\/wp-json\/wp\/v2\/pages\/1215\/revisions"}],"wp:attachment":[{"href":"https:\/\/buying-fever.com\/nl\/wp-json\/wp\/v2\/media?parent=1215"}],"curies":[{"name":"wp","href":"https:\/\/api.w.org\/{rel}","templated":true}]}}