{"id":4812,"date":"2023-10-20T13:31:56","date_gmt":"2023-10-20T11:31:56","guid":{"rendered":"https:\/\/snow-alligator-195314.hostingersite.com\/?page_id=4812"},"modified":"2023-10-20T13:36:44","modified_gmt":"2023-10-20T11:36:44","slug":"politique-de-retour","status":"publish","type":"page","link":"https:\/\/buying-fever.com\/nb\/returrett\/","title":{"rendered":"Returpolicy"},"content":{"rendered":"<div data-elementor-type=\"wp-page\" data-elementor-id=\"4812\" class=\"elementor elementor-4812\" data-elementor-post-type=\"page\">\n\t\t\t\t<div class=\"elementor-element elementor-element-6eabfd8e e-flex e-con-boxed e-con e-parent\" data-id=\"6eabfd8e\" data-element_type=\"container\" data-e-type=\"container\">\n\t\t\t\t\t<div class=\"e-con-inner\">\n\t\t\t\t<div class=\"elementor-element elementor-element-26a25f70 elementor-widget elementor-widget-heading\" data-id=\"26a25f70\" data-element_type=\"widget\" data-e-type=\"widget\" data-widget_type=\"heading.default\">\n\t\t\t\t<div class=\"elementor-widget-container\">\n\t\t\t\t\t<h1 class=\"elementor-heading-title elementor-size-default\">Returpolicy<\/h1>\t\t\t\t<\/div>\n\t\t\t\t<\/div>\n\t\t\t\t<div class=\"elementor-element elementor-element-f8df31c elementor-widget elementor-widget-heading\" data-id=\"f8df31c\" data-element_type=\"widget\" data-e-type=\"widget\" data-widget_type=\"heading.default\">\n\t\t\t\t<div class=\"elementor-widget-container\">\n\t\t\t\t\t<h2 class=\"elementor-heading-title elementor-size-default\">Innledning <\/h2>\t\t\t\t<\/div>\n\t\t\t\t<\/div>\n\t\t\t\t<div class=\"elementor-element elementor-element-7490e662 elementor-widget elementor-widget-heading\" data-id=\"7490e662\" data-element_type=\"widget\" data-e-type=\"widget\" data-widget_type=\"heading.default\">\n\t\t\t\t<div class=\"elementor-widget-container\">\n\t\t\t\t\t<h2 class=\"elementor-heading-title elementor-size-default\">Artikkel 1 - Retur av u\u00e5pnede varer:<\/h2>\t\t\t\t<\/div>\n\t\t\t\t<\/div>\n\t\t\t\t<div class=\"elementor-element elementor-element-156095ea elementor-widget elementor-widget-text-editor\" data-id=\"156095ea\" data-element_type=\"widget\" data-e-type=\"widget\" data-widget_type=\"text-editor.default\">\n\t\t\t\t<div class=\"elementor-widget-container\">\n\t\t\t\t\t\t\t\t\t<p>Vi aksepterer kun retur p\u00e5 varer som returneres innen 14 dager etter levering som angitt av den originale sporingsinformasjonen.<\/p>\t\t\t\t\t\t\t\t<\/div>\n\t\t\t\t<\/div>\n\t\t\t\t<div class=\"elementor-element elementor-element-7ac15c9c elementor-widget elementor-widget-text-editor\" data-id=\"7ac15c9c\" data-element_type=\"widget\" data-e-type=\"widget\" data-widget_type=\"text-editor.default\">\n\t\t\t\t<div class=\"elementor-widget-container\">\n\t\t\t\t\t\t\t\t\t<p>Du vil v\u00e6re ansvarlig for fraktkostnadene forbundet med \u00e5 returnere varen din. Vi er ikke ansvarlige for tap eller skade som oppst\u00e5r under transport. Du m\u00e5 ogs\u00e5, for alle returer, forh\u00e5ndsbetale frakt- og forsikringskostnader (hvis aktuelt).<\/p><p>Hvis returen din er kvalifisert for refusjon, vil ikke refusjonen inkludere eventuelle frakt- og h\u00e5ndteringskostnader som kan vises p\u00e5 pakkseddelen eller fakturaen. N\u00e5r vi mottar det returnerte produktet, vil vi unders\u00f8ke det og varsle deg via e-post. e-post, innen en rimelig tid, hvis du har rett til refusjon eller bytte.<\/p><p>Hvis du er kvalifisert for bytte eller refusjon, vil vi erstatte produktet eller refundere kj\u00f8pesummen (uavhengig av hvilken metode du opprinnelig betalte).<\/p><p>Kontaktinformasjon :<br \/>V\u00e5r nettside link: https:\/\/snow-alligator-195314.hostingersite.com<\/p><p>Telefonnummer: +187722956001<\/p><p>E-postadresse: contact@snow-alligator-195314.hostingersite.com<\/p>\t\t\t\t\t\t\t\t<\/div>\n\t\t\t\t<\/div>\n\t\t\t\t<div class=\"elementor-element elementor-element-3699e09a elementor-widget elementor-widget-heading\" data-id=\"3699e09a\" data-element_type=\"widget\" data-e-type=\"widget\" data-widget_type=\"heading.default\">\n\t\t\t\t<div class=\"elementor-widget-container\">\n\t\t\t\t\t<h2 class=\"elementor-heading-title elementor-size-default\">Artikkel 2 - Utveksling<\/h2>\t\t\t\t<\/div>\n\t\t\t\t<\/div>\n\t\t\t\t<div class=\"elementor-element elementor-element-fa08263 elementor-widget elementor-widget-text-editor\" data-id=\"fa08263\" data-element_type=\"widget\" data-e-type=\"widget\" data-widget_type=\"text-editor.default\">\n\t\t\t\t<div class=\"elementor-widget-container\">\n\t\t\t\t\t\t\t\t\tVi bytter kun defekte eller \u00f8delagte varer. N\u00e5r du mener at et produkt er defekt, vennligst kontakt oss innen 14 dager etter kj\u00f8pet p\u00e5 telefonnummeret eller e-postadressen nedenfor og oppgi detaljer om produktet og defekten.\u00a0<\/span><\/span><\/p>\n<p align=\"JUSTIFY\"><span style=\"color: #000000;\"><span style=\"font-family: Times New Roman, serif;\">\u00a0<\/span><\/span><\/p>\nVi vil da fortelle deg hvordan du returnerer produktet.<\/span><\/span><\/p>\t\t\t\t\t\t\t\t<\/div>\n\t\t\t\t<\/div>\n\t\t\t\t<div class=\"elementor-element elementor-element-1d611294 elementor-widget elementor-widget-heading\" data-id=\"1d611294\" data-element_type=\"widget\" data-e-type=\"widget\" data-widget_type=\"heading.default\">\n\t\t\t\t<div class=\"elementor-widget-container\">\n\t\t\t\t\t<h2 class=\"elementor-heading-title elementor-size-default\">Artikkel 3 - Frakt<\/h2>\t\t\t\t<\/div>\n\t\t\t\t<\/div>\n\t\t\t\t<div class=\"elementor-element elementor-element-1d7c6615 elementor-widget elementor-widget-text-editor\" data-id=\"1d7c6615\" data-element_type=\"widget\" data-e-type=\"widget\" data-widget_type=\"text-editor.default\">\n\t\t\t\t<div class=\"elementor-widget-container\">\n\t\t\t\t\t\t\t\t\t<p>I den situasjon hvor kunden \u00f8nsker \u00e5 returnere produktet kj\u00f8pt p\u00e5 nettstedet til selgeren uansett \u00e5rsak, m\u00e5 kunden informere selgeren p\u00e5 forh\u00e5nd, slik at sistnevnte kan kommunisere instruksjonene knyttet til produktreturen.\u00a0<\/p><p>\u00a0<\/p><p>Dersom kunden returnerer produktet til selgeren p\u00e5 eget initiativ, kan selger nekte pakken og ikke gi refusjon.<\/p><p><br \/>Vi er ikke ansvarlige for tap eller skade som oppst\u00e5r under transport. Hvis returen din er kvalifisert for refusjon, vil ikke refusjonen inkludere eventuelle frakt- og h\u00e5ndteringskostnader som kan vises p\u00e5 pakkseddelen eller fakturaen.<\/p><p>\u00a0<\/p><p>For \u00e5 returnere eller bytte varen du kj\u00f8pte, vennligst send den, sammen med en kopi av kvitteringen og all annen informasjon om kj\u00f8pet, til adressen oppf\u00f8rt nedenfor: Omfattende bygning (foran bygning 109), Honghua Community, Yiwu City, Jinhua City, Zhejiang-provinsen \u2013 postnummer: 322000 Mottaker: zeng li hua \u2013 Nummer: 13566961583 \u2013 Kina<\/p><p>\u00a0<\/p>\t\t\t\t\t\t\t\t<\/div>\n\t\t\t\t<\/div>\n\t\t\t\t<div class=\"elementor-element elementor-element-316d9186 elementor-widget elementor-widget-heading\" data-id=\"316d9186\" data-element_type=\"widget\" data-e-type=\"widget\" data-widget_type=\"heading.default\">\n\t\t\t\t<div class=\"elementor-widget-container\">\n\t\t\t\t\t<h2 class=\"elementor-heading-title elementor-size-default\">Artikkel 4 - Prosess<\/h2>\t\t\t\t<\/div>\n\t\t\t\t<\/div>\n\t\t\t\t<div class=\"elementor-element elementor-element-44c38b3f elementor-widget elementor-widget-text-editor\" data-id=\"44c38b3f\" data-element_type=\"widget\" data-e-type=\"widget\" data-widget_type=\"text-editor.default\">\n\t\t\t\t<div class=\"elementor-widget-container\">\n\t\t\t\t\t\t\t\t\t<p>N\u00e5r vi mottar varen din, vil vi unders\u00f8ke den og gi deg beskjed via e-post, innen rimelig tid, om du er kvalifisert for refusjon eller bytte.<\/p><p>\u00a0<\/p><p>Hvis du er kvalifisert for refusjon, vil vi refundere kj\u00f8pesummen og en kreditt vil bli brukt til den opprinnelige betalingsm\u00e5ten. Frakt- og h\u00e5ndteringsgebyrer du allerede har betalt, kan ikke refunderes, og bel\u00f8p som refunderes inkluderer ikke fraktkostnader.<\/p><p>\u00a0<\/p><p>En maksimal periode p\u00e5 14 virkedager etter mottak av v\u00e5r e-post kan g\u00e5 f\u00f8r refusjonen er mottatt.<br \/>Hvis du er kvalifisert for bytte, sender vi deg en ny vare til den opprinnelige leveringsadressen.<\/p>\t\t\t\t\t\t\t\t<\/div>\n\t\t\t\t<\/div>\n\t\t\t\t<div class=\"elementor-element elementor-element-2127627a elementor-widget elementor-widget-heading\" data-id=\"2127627a\" data-element_type=\"widget\" data-e-type=\"widget\" data-widget_type=\"heading.default\">\n\t\t\t\t<div class=\"elementor-widget-container\">\n\t\t\t\t\t<h2 class=\"elementor-heading-title elementor-size-default\">Artikkel 5 - Gaver<\/h2>\t\t\t\t<\/div>\n\t\t\t\t<\/div>\n\t\t\t\t<div class=\"elementor-element elementor-element-507f68b5 elementor-widget elementor-widget-text-editor\" data-id=\"507f68b5\" data-element_type=\"widget\" data-e-type=\"widget\" data-widget_type=\"text-editor.default\">\n\t\t\t\t<div class=\"elementor-widget-container\">\n\t\t\t\t\t\t\t\t\t<p>Hvis den returnerte varen ble merket som en gave ved kj\u00f8p og ble sendt direkte til deg, vil du motta en gavekreditt tilsvarende verdien av returen.\u00a0<\/p><p>\u00a0<\/p><p>Hvis varen ikke var merket som gave ved kj\u00f8p, eller hvis gavegiveren foretrakk \u00e5 motta varen f\u00f8rst og gi den til deg senere, sender vi en refusjon til gavegiveren og han vil vite at du har returnert varen.<\/p>\t\t\t\t\t\t\t\t<\/div>\n\t\t\t\t<\/div>\n\t\t\t\t<div class=\"elementor-element elementor-element-148b27cf elementor-widget elementor-widget-heading\" data-id=\"148b27cf\" data-element_type=\"widget\" data-e-type=\"widget\" data-widget_type=\"heading.default\">\n\t\t\t\t<div class=\"elementor-widget-container\">\n\t\t\t\t\t<h2 class=\"elementor-heading-title elementor-size-default\">Artikkel 6 - Unntak fra angreretten og refusjon<\/h2>\t\t\t\t<\/div>\n\t\t\t\t<\/div>\n\t\t\t\t<div class=\"elementor-element elementor-element-2dac8d71 elementor-widget elementor-widget-text-editor\" data-id=\"2dac8d71\" data-element_type=\"widget\" data-e-type=\"widget\" data-widget_type=\"text-editor.default\">\n\t\t\t\t<div class=\"elementor-widget-container\">\n\t\t\t\t\t\t\t\t\t<p>Alle personlige varer laget p\u00e5 foresp\u00f8rsel i v\u00e5r produktkatalog er ikke kvalifisert for retur og refusjon. Disse varene anses \u00e5 v\u00e6re ikke-refunderbare eller en del av et endelig salg.\u00a0<\/p><p>\u00a0<\/p><p>Personliggjorte produkter drar imidlertid fordel av samsvarsretten som definert i v\u00e5re generelle salgsbetingelser.Bedriften er ikke p\u00e5lagt \u00e5 refundere tilleggskostnader dersom forbrukeren uttrykkelig har valgt en dyrere leveringsm\u00e5te enn standard leveringsm\u00e5te foresl\u00e5tt av fagmannen.<\/p>\t\t\t\t\t\t\t\t<\/div>\n\t\t\t\t<\/div>\n\t\t\t\t\t<\/div>\n\t\t\t\t<\/div>\n\t\t\t\t<\/div>","protected":false},"excerpt":{"rendered":"<p>Politique de Retour Pr\u00e9ambule Article 1 &#8211; Retour d\u2019articles non ouverts : Nous acceptons uniquement le retour des articles retourn\u00e9s dans les 14 jours suivant la livraison, tel qu&rsquo;indiqu\u00e9 par les informations de suivi d&rsquo;origine. Vous devrez assumer les frais d\u2019exp\u00e9dition li\u00e9s au retour de votre article. Nous ne sommes pas responsables des pertes ou [&hellip;]<\/p>\n","protected":false},"author":1,"featured_media":0,"parent":0,"menu_order":0,"comment_status":"closed","ping_status":"closed","template":"","meta":{"_seopress_robots_primary_cat":"","_seopress_titles_title":"","_seopress_titles_desc":"","_seopress_robots_index":"","site-sidebar-layout":"no-sidebar","site-content-layout":"page-builder","ast-site-content-layout":"full-width-container","site-content-style":"default","site-sidebar-style":"default","ast-global-header-display":"","ast-banner-title-visibility":"","ast-main-header-display":"","ast-hfb-above-header-display":"","ast-hfb-below-header-display":"","ast-hfb-mobile-header-display":"","site-post-title":"disabled","ast-breadcrumbs-content":"","ast-featured-img":"disabled","footer-sml-layout":"","ast-disable-related-posts":"","theme-transparent-header-meta":"","adv-header-id-meta":"","stick-header-meta":"","header-above-stick-meta":"","header-main-stick-meta":"","header-below-stick-meta":"","astra-migrate-meta-layouts":"set","ast-page-background-enabled":"default","ast-page-background-meta":{"desktop":{"background-color":"","background-image":"","background-repeat":"repeat","background-position":"center center","background-size":"auto","background-attachment":"scroll","background-type":"","background-media":"","overlay-type":"","overlay-color":"","overlay-opacity":"","overlay-gradient":""},"tablet":{"background-color":"","background-image":"","background-repeat":"repeat","background-position":"center center","background-size":"auto","background-attachment":"scroll","background-type":"","background-media":"","overlay-type":"","overlay-color":"","overlay-opacity":"","overlay-gradient":""},"mobile":{"background-color":"","background-image":"","background-repeat":"repeat","background-position":"center center","background-size":"auto","background-attachment":"scroll","background-type":"","background-media":"","overlay-type":"","overlay-color":"","overlay-opacity":"","overlay-gradient":""}},"ast-content-background-meta":{"desktop":{"background-color":"var(--ast-global-color-5)","background-image":"","background-repeat":"repeat","background-position":"center center","background-size":"auto","background-attachment":"scroll","background-type":"","background-media":"","overlay-type":"","overlay-color":"","overlay-opacity":"","overlay-gradient":""},"tablet":{"background-color":"var(--ast-global-color-5)","background-image":"","background-repeat":"repeat","background-position":"center center","background-size":"auto","background-attachment":"scroll","background-type":"","background-media":"","overlay-type":"","overlay-color":"","overlay-opacity":"","overlay-gradient":""},"mobile":{"background-color":"var(--ast-global-color-5)","background-image":"","background-repeat":"repeat","background-position":"center center","background-size":"auto","background-attachment":"scroll","background-type":"","background-media":"","overlay-type":"","overlay-color":"","overlay-opacity":"","overlay-gradient":""}},"footnotes":""},"class_list":["post-4812","page","type-page","status-publish","hentry"],"_links":{"self":[{"href":"https:\/\/buying-fever.com\/nb\/wp-json\/wp\/v2\/pages\/4812","targetHints":{"allow":["GET"]}}],"collection":[{"href":"https:\/\/buying-fever.com\/nb\/wp-json\/wp\/v2\/pages"}],"about":[{"href":"https:\/\/buying-fever.com\/nb\/wp-json\/wp\/v2\/types\/page"}],"author":[{"embeddable":true,"href":"https:\/\/buying-fever.com\/nb\/wp-json\/wp\/v2\/users\/1"}],"replies":[{"embeddable":true,"href":"https:\/\/buying-fever.com\/nb\/wp-json\/wp\/v2\/comments?post=4812"}],"version-history":[{"count":0,"href":"https:\/\/buying-fever.com\/nb\/wp-json\/wp\/v2\/pages\/4812\/revisions"}],"wp:attachment":[{"href":"https:\/\/buying-fever.com\/nb\/wp-json\/wp\/v2\/media?parent=4812"}],"curies":[{"name":"wp","href":"https:\/\/api.w.org\/{rel}","templated":true}]}}