{"id":1488,"date":"2023-09-05T11:01:10","date_gmt":"2023-09-05T11:01:10","guid":{"rendered":"https:\/\/snow-alligator-195314.hostingersite.com\/?post_type=product&#038;p=1488"},"modified":"2025-06-14T00:52:38","modified_gmt":"2025-06-13T22:52:38","slug":"masseur-xtreme","status":"publish","type":"product","link":"https:\/\/buying-fever.com\/lt\/produktas\/xtreme-masazuoklis\/","title":{"rendered":"\u201eXtreme\u201c masa\u017euoklis \u2013 galva ir k\u016bnas"},"content":{"rendered":"<p style=\"text-align: center;\"><strong>Atraskite daugiafunkc\u012f elektrin\u012f galvos ir k\u016bno masa\u017euokl\u012f: j\u016bs\u0173 kasdienio atsipalaidavimo oaz\u0119!<\/strong><\/p>\n<p>&nbsp;<\/p>\n<p>Ar nuolat jau\u010diat\u0117s pavarg\u0119? Ar tavo kaklas \u012fsitemp\u0119s, o pe\u010diai sunk\u016bs, tarsi ne\u0161tum pasaulio svor\u012f?<\/p>\n<p>Akimirk\u0105 \u012fsivaizduokite, kad galite <strong>atleiskite vis\u0105 t\u0105 \u012ftamp\u0105<\/strong> Per kelias minutes, <strong>kur beb\u016btum\u0117te ir kada tik norite<\/strong>. Tai ne svajon\u0117, o realyb\u0117, kuri\u0105 jums si\u016blo m\u016bs\u0173 Xtreme masa\u017euotojas!<\/p>\n<p>&nbsp;<\/p>\n<h2><img decoding=\"async\" class=\"detail-desc-decorate-image aligncenter\" src=\"https:\/\/ae01.alicdn.com\/kf\/S14eb127e1de1471ba69b882eb72416dai.jpg\" \/><\/h2>\n<h2><\/h2>\n<h2><strong>Pagrindiniai klausimai<\/strong><\/h2>\n<p>&nbsp;<\/p>\n<p>\ud83d\udc4c <strong>Daugiafunkcis kaip norite:<\/strong> Tai neapsiriboja j\u016bs\u0173 galvos oda! Taip pat galite masa\u017euoti pe\u010dius, kakl\u0105, nugar\u0105, rankas, kojas ir net juosmen\u012f. O ir nepamir\u0161kime savo kat\u0117s!<\/p>\n<p>\ud83e\udd16 <strong>Pa\u017eangi modeliavimo technologija:<\/strong> Auk\u0161to da\u017enio vibracijos ir subtilaus intensyvumo kitimo d\u0117ka atsipalaiduokite, pamir\u0161kite nuovarg\u012f ir pasisveikinkite su geresne miego kokybe.<\/p>\n<p>\ud83d\udd04 <strong>6 b\u016bdai ir 3 masa\u017eo re\u017eimai:<\/strong> Rinkit\u0117s tarp ma\u017eo grei\u010dio palaikymo ir minkymo, vidutinio grei\u010dio masa\u017eo arba didelio grei\u010dio palaikymo ir minkymo. Sprendimas kiekvienam!<\/p>\n<p>\ud83d\udca6 <strong>IPX7 atsparus vandeniui:<\/strong> I\u0161simaudykite atpalaiduojamoje vonioje m\u0117gaudamiesi i\u0161skirtiniu galvos masa\u017eu.<\/p>\n<p>\ud83c\udf40 <strong>Odai nekenksmingos med\u017eiagos:<\/strong> Pagamintas i\u0161 auk\u0161tos kokyb\u0117s silikono, \u0161is masa\u017euoklis r\u016bpinasi jumis nedirgindamas odos.<\/p>\n<p>\ud83d\udd0b <strong>I\u0161pl\u0117stin\u0117 autonomija:<\/strong> Vienu \u012fkrovimu galite naudotis iki 24 dien\u0173 10 minu\u010di\u0173 kasdien.<\/p>\n<p>\ud83d\udc5c <strong>Kompakti\u0161kas formatas:<\/strong> Lengva ne\u0161iotis, tai idealus kompanionas darbe, verslo kelion\u0117se ar atostog\u0173 metu.<\/p>\n<p>&nbsp;<\/p>\n<p><img fetchpriority=\"high\" decoding=\"async\" class=\"wp-image-2215 size-full aligncenter\" src=\"https:\/\/buying-fever.com\/wp-content\/uploads\/2023\/09\/masseur-chat.gif\" alt=\"xtreme galvos ir k\u016bno masa\u017euoklis\" width=\"440\" height=\"580\" \/><\/p>\n<h2 style=\"text-align: center;\"><strong>Kod\u0117l nebegalite i\u0161siversti be \u201eXtreme\u201c masa\u017euoklio?<\/strong><\/h2>\n<p>&nbsp;<\/p>\n<p>Kai kalbame apie gerov\u0119, turime omenyje versl\u0105. <strong>Paverskite bet kuri\u0105 akimirk\u0105 nepamir\u0161tamu atsipalaidavimo seansu<\/strong>. Tai daugiau nei tik masa\u017eo prietaisas, tai a <strong>tikra sveikatos prie\u017ei\u016bra ir sveikatingumo patirtis po ranka<\/strong>.<\/p>\n<p>&nbsp;<\/p>\n<p><img decoding=\"async\" class=\"detail-desc-decorate-image aligncenter\" src=\"https:\/\/ae01.alicdn.com\/kf\/S613367f448474eceb14db54410d8ff7fL.jpg\" width=\"750\" height=\"750\" \/><\/p>\n<p><span style=\"font-family: OpenSans; font-size: 20px; font-weight: 900;\">Funkcijos :<\/span><\/p>\n<div class=\"detailmodule_html\">\n<div class=\"detail-desc-decorate-richtext\">\n<div class=\"detailmodule_text\">\n<p>Med\u017eiaga: ABS+PC<br \/>\nBalta spalva<br \/>\nDydis: 10<em>7<\/em>9cm<br \/>\nBaterijos talpa: 1100 mAh<br \/>\nGaminio galia: 5W<br \/>\n\u012ekrovimo \u012ftampa: 5V<br \/>\n\u012ekrovimo srov\u0117: 1A<\/p>\n<hr \/>\n<p>\u012etraukt\u0173 preki\u0173 s\u0105ra\u0161as:<\/p>\n<p>1* Xtreme masa\u017euoklis<br \/>\n1* USB \u012fkrovimo laidas<br \/>\n1* Vartotojo vadovas<\/p>\n<\/div>\n<div class=\"detailmodule_image\"><\/div>\n<\/div>\n<\/div>","protected":false},"excerpt":{"rendered":"<p>D\u00e9couvrez le Masseur Multifonction \u00c9lectrique pour T\u00eate et Corps : Votre Oasis de Relaxation Quotidienne ! &nbsp; Vous sentez-vous constamment fatigu\u00e9 ? Votre nuque est-elle tendue et vos \u00e9paules sont-elles lourdes comme si vous portiez le poids du monde ? Imaginez un instant pouvoir rel\u00e2cher toute cette tension en quelques minutes, o\u00f9 que vous soyez [&hellip;]<\/p>\n","protected":false},"featured_media":1482,"comment_status":"open","ping_status":"closed","template":"","meta":{"_seopress_robots_primary_cat":"none","_seopress_titles_title":"","_seopress_titles_desc":"","_seopress_robots_index":"","site-sidebar-layout":"default","site-content-layout":"","ast-site-content-layout":"default","site-content-style":"default","site-sidebar-style":"default","ast-global-header-display":"","ast-banner-title-visibility":"","ast-main-header-display":"","ast-hfb-above-header-display":"","ast-hfb-below-header-display":"","ast-hfb-mobile-header-display":"","site-post-title":"","ast-breadcrumbs-content":"","ast-featured-img":"","footer-sml-layout":"","ast-disable-related-posts":"","theme-transparent-header-meta":"default","adv-header-id-meta":"","stick-header-meta":"default","header-above-stick-meta":"","header-main-stick-meta":"","header-below-stick-meta":"","astra-migrate-meta-layouts":"set","ast-page-background-enabled":"default","ast-page-background-meta":{"desktop":{"background-color":"","background-image":"","background-repeat":"repeat","background-position":"center center","background-size":"auto","background-attachment":"scroll","background-type":"","background-media":"","overlay-type":"","overlay-color":"","overlay-opacity":"","overlay-gradient":""},"tablet":{"background-color":"","background-image":"","background-repeat":"repeat","background-position":"center center","background-size":"auto","background-attachment":"scroll","background-type":"","background-media":"","overlay-type":"","overlay-color":"","overlay-opacity":"","overlay-gradient":""},"mobile":{"background-color":"","background-image":"","background-repeat":"repeat","background-position":"center center","background-size":"auto","background-attachment":"scroll","background-type":"","background-media":"","overlay-type":"","overlay-color":"","overlay-opacity":"","overlay-gradient":""}},"ast-content-background-meta":{"desktop":{"background-color":"var(--ast-global-color-5)","background-image":"","background-repeat":"repeat","background-position":"center center","background-size":"auto","background-attachment":"scroll","background-type":"","background-media":"","overlay-type":"","overlay-color":"","overlay-opacity":"","overlay-gradient":""},"tablet":{"background-color":"var(--ast-global-color-5)","background-image":"","background-repeat":"repeat","background-position":"center center","background-size":"auto","background-attachment":"scroll","background-type":"","background-media":"","overlay-type":"","overlay-color":"","overlay-opacity":"","overlay-gradient":""},"mobile":{"background-color":"var(--ast-global-color-5)","background-image":"","background-repeat":"repeat","background-position":"center center","background-size":"auto","background-attachment":"scroll","background-type":"","background-media":"","overlay-type":"","overlay-color":"","overlay-opacity":"","overlay-gradient":""}}},"product_brand":[],"product_cat":[83,82],"product_tag":[],"class_list":{"0":"post-1488","1":"product","2":"type-product","3":"status-publish","4":"has-post-thumbnail","6":"product_cat-animaux","7":"product_cat-electronique","8":"desktop-align-center","9":"tablet-align-center","10":"mobile-align-center","11":"ast-product-gallery-layout-horizontal","12":"ast-magnify-disabled","13":"ast-product-tabs-layout-horizontal","14":"ast-qv-on-image","16":"first","17":"instock","18":"shipping-taxable","19":"purchasable","20":"product-type-simple"},"bundled_by":[],"bundle_stock_status":"instock","bundle_stock_quantity":null,"bundle_virtual":false,"bundle_layout":"","bundle_add_to_cart_form_location":"","bundle_editable_in_cart":false,"bundle_sold_individually_context":"","bundle_item_grouping":"","bundle_min_size":"","bundle_max_size":"","bundle_price":[],"bundled_items":[],"bundle_sell_ids":[],"_links":{"self":[{"href":"https:\/\/buying-fever.com\/lt\/wp-json\/wp\/v2\/product\/1488","targetHints":{"allow":["GET"]}}],"collection":[{"href":"https:\/\/buying-fever.com\/lt\/wp-json\/wp\/v2\/product"}],"about":[{"href":"https:\/\/buying-fever.com\/lt\/wp-json\/wp\/v2\/types\/product"}],"replies":[{"embeddable":true,"href":"https:\/\/buying-fever.com\/lt\/wp-json\/wp\/v2\/comments?post=1488"}],"version-history":[{"count":0,"href":"https:\/\/buying-fever.com\/lt\/wp-json\/wp\/v2\/product\/1488\/revisions"}],"wp:featuredmedia":[{"embeddable":true,"href":"https:\/\/buying-fever.com\/lt\/wp-json\/wp\/v2\/media\/1482"}],"wp:attachment":[{"href":"https:\/\/buying-fever.com\/lt\/wp-json\/wp\/v2\/media?parent=1488"}],"wp:term":[{"taxonomy":"product_brand","embeddable":true,"href":"https:\/\/buying-fever.com\/lt\/wp-json\/wp\/v2\/product_brand?post=1488"},{"taxonomy":"product_cat","embeddable":true,"href":"https:\/\/buying-fever.com\/lt\/wp-json\/wp\/v2\/product_cat?post=1488"},{"taxonomy":"product_tag","embeddable":true,"href":"https:\/\/buying-fever.com\/lt\/wp-json\/wp\/v2\/product_tag?post=1488"}],"curies":[{"name":"wp","href":"https:\/\/api.w.org\/{rel}","templated":true}]}}