{"id":1366,"date":"2023-08-20T22:24:58","date_gmt":"2023-08-20T22:24:58","guid":{"rendered":"https:\/\/snow-alligator-195314.hostingersite.com\/produit\/sweat-pour-levier-de-vitesse\/"},"modified":"2025-06-14T00:53:00","modified_gmt":"2025-06-13T22:53:00","slug":"sweat-pour-levier-de-vitesse","status":"publish","type":"product","link":"https:\/\/buying-fever.com\/lt\/produktas\/pavaru-perjungimo-megztinis\/","title":{"rendered":"Perjungimo d\u017eemperis"},"content":{"rendered":"<h2 style=\"text-align: center;\">Produktas, kurio j\u016bs ne\u017einojote, kad jums reikia!<\/h2>\n<p>&nbsp;<\/p>\n<p>Geriausias b\u016bdas suteikti savo automobiliui asmeni\u0161kumo. J\u016bs\u0173 automobilis yra daugiau nei tik susisiekimo priemon\u0117, tai j\u016bs\u0173 asmenyb\u0117s prat\u0119simas.<\/p>\n<p>Tad kam tenkintis nuobod\u017eiu pavar\u0173 perjungikliu, kai tok\u012f galima tur\u0117ti <strong>Perjungimo d\u017eemperis<\/strong> smagu ir patogu?<\/p>\n<p>Tai puikus aksesuaras kiekvienam, kuris nori savo automobiliui suteikti \u0161iek tiek asmeni\u0161kumo ir komforto.<\/p>\n<p><img fetchpriority=\"high\" decoding=\"async\" class=\"aligncenter wp-image-1376 size-full\" src=\"https:\/\/buying-fever.com\/wp-content\/uploads\/2023\/08\/567e0a64112c810913fa65e59a096afe64f470e3.gif\" alt=\"pavar\u0173 perjungimo megztinis\" width=\"270\" height=\"480\" \/><\/p>\n<p>&nbsp;<\/p>\n<h2>Universalus tinka<\/h2>\n<div data-slot-rendered-content=\"true\">M\u016bs\u0173 pavar\u0173 perjungimo gaubtai yra sukurti taip, kad tikt\u0173 daugumai 10\u201313 auk\u0161\u010dio (bendras auk\u0161tis) pavar\u0173 perjung\u0117j\u0173. Jie gali b\u016bti naudojami automobiliuose su mechanine ir automatine pavar\u0173 d\u0117\u017ee.<\/div>\n<div data-slot-rendered-content=\"true\"><img decoding=\"async\" class=\"aligncenter\" src=\"https:\/\/ae01.alicdn.com\/kf\/S8e40c92fb7e24a738f0bc94485edd429q.jpg?width=1000&amp;height=380&amp;hash=1380\" alt=\"\" width=\"861\" height=\"327\" \/><\/div>\n<div data-slot-rendered-content=\"true\">\n<h2><\/h2>\n<h2>Patogi ir patvari med\u017eiaga<\/h2>\n<p>Jie pagaminti i\u0161 100% poliesterio audinio. \u0160i med\u017eiaga yra ne tik tvirta ir patvari, bet ir mink\u0161ta, patogi rankena, tod\u0117l pavar\u0173 perjungimas tampa malonesnis. U\u017evalkalai sukurti taip, kad atlaikyt\u0173 kasdien\u012f d\u0117v\u0117jim\u0105si, juos lengva valyti ir pri\u017ei\u016br\u0117ti.<\/p>\n<p><img decoding=\"async\" class=\"wp-image-1377 size-full aligncenter\" src=\"https:\/\/buying-fever.com\/wp-content\/uploads\/2023\/08\/2dc9eeabb9d8a3ab211dde82ac67950c1c339ecd.jpeg.webp\" alt=\"pavar\u0173 perjungimo megztinis\" width=\"570\" height=\"710\" srcset=\"https:\/\/buying-fever.com\/wp-content\/uploads\/2023\/08\/2dc9eeabb9d8a3ab211dde82ac67950c1c339ecd.jpeg.webp 570w, https:\/\/buying-fever.com\/wp-content\/uploads\/2023\/08\/2dc9eeabb9d8a3ab211dde82ac67950c1c339ecd.jpeg-241x300.webp 241w, https:\/\/buying-fever.com\/wp-content\/uploads\/2023\/08\/2dc9eeabb9d8a3ab211dde82ac67950c1c339ecd.jpeg-300x374.webp 300w\" sizes=\"(max-width: 570px) 100vw, 570px\" \/><\/p>\n<\/div>\n<h2><\/h2>\n<h2>Suasmenintas ir linksmas<\/h2>\n<p>M\u016bs\u0173 gobtuvai yra ne tik prakti\u0161ki, bet ir suteikia j\u016bs\u0173 automobilio interjerui individualumo ir linksmumo. D\u0117l \u012fvairi\u0173 spalv\u0173 ir dizaino galite pasirinkti megztinius, kurie geriausiai atitinka j\u016bs\u0173 stili\u0173 ir skon\u012f. Nesvarbu, ar jums labiau patinka dr\u0105sus, ak\u012f traukiantis dizainas, ar subtilesn\u0117, ne\u012fvertinta i\u0161vaizda, mes turime ka\u017ek\u0105 kiekvienam.<\/p>\n<h2><img loading=\"lazy\" decoding=\"async\" class=\"aligncenter\" src=\"https:\/\/ae03.alicdn.com\/kf\/Sdf0d94e202b24925b53bdc652994a2756.jpg\" width=\"832\" height=\"832\" \/><\/h2>\n<h2><\/h2>\n<h2>Lengva montuoti ir nuimti<\/h2>\n<p>Jie sukurti taip, kad juos b\u016bt\u0173 lengva sumontuoti ir i\u0161imti, tod\u0117l bet kada gal\u0117site juos pakeisti, pavyzd\u017eiui, i\u0161plauti.<\/p>\n<h2><\/h2>\n<h2>Interviu<\/h2>\n<p>M\u016bs\u0173 pavar\u0173 perjungimo gobtuvus lengva valyti ir pri\u017ei\u016br\u0117ti. Juos galima skalbti rankomis arba skalbimo ma\u0161ina ir reikia i\u0161d\u017eiovinti ore. Taigi jums nereik\u0117s jaudintis d\u0117l purvo, ne\u0161varum\u0173 ar i\u0161siliejusi\u0173 skys\u010di\u0173...tik i\u0161plaukite ir v\u0117l atrodys kaip naujas.<\/p>\n<p>&nbsp;<\/p>\n<p><img loading=\"lazy\" decoding=\"async\" class=\"aligncenter\" src=\"https:\/\/ae03.alicdn.com\/kf\/S5340db4911334a10af15f74363e8a7e1N.jpg\" width=\"664\" height=\"664\" \/><\/p>","protected":false},"excerpt":{"rendered":"<p>Le produit que vous ne saviez pas que vous aviez besoin ! &nbsp; Le meilleur moyen d&rsquo;ajouter de la personnalit\u00e9 \u00e0 votre voiture. Votre voiture est plus qu&rsquo;un simple moyen de locomotion, c&rsquo;est une extension de votre personnalit\u00e9. Alors pourquoi se contenter d&rsquo;un levier de vitesse ennuyeux quand vous pouvez avoir un Sweat \u00e0 capuche [&hellip;]<\/p>\n","protected":false},"featured_media":1348,"comment_status":"open","ping_status":"closed","template":"","meta":{"_seopress_robots_primary_cat":"none","_seopress_titles_title":"","_seopress_titles_desc":"","_seopress_robots_index":"","site-sidebar-layout":"default","site-content-layout":"","ast-site-content-layout":"default","site-content-style":"default","site-sidebar-style":"default","ast-global-header-display":"","ast-banner-title-visibility":"","ast-main-header-display":"","ast-hfb-above-header-display":"","ast-hfb-below-header-display":"","ast-hfb-mobile-header-display":"","site-post-title":"","ast-breadcrumbs-content":"","ast-featured-img":"","footer-sml-layout":"","ast-disable-related-posts":"","theme-transparent-header-meta":"default","adv-header-id-meta":"","stick-header-meta":"","header-above-stick-meta":"","header-main-stick-meta":"","header-below-stick-meta":"","astra-migrate-meta-layouts":"set","ast-page-background-enabled":"default","ast-page-background-meta":{"desktop":{"background-color":"","background-image":"","background-repeat":"repeat","background-position":"center center","background-size":"auto","background-attachment":"scroll","background-type":"","background-media":"","overlay-type":"","overlay-color":"","overlay-opacity":"","overlay-gradient":""},"tablet":{"background-color":"","background-image":"","background-repeat":"repeat","background-position":"center center","background-size":"auto","background-attachment":"scroll","background-type":"","background-media":"","overlay-type":"","overlay-color":"","overlay-opacity":"","overlay-gradient":""},"mobile":{"background-color":"","background-image":"","background-repeat":"repeat","background-position":"center center","background-size":"auto","background-attachment":"scroll","background-type":"","background-media":"","overlay-type":"","overlay-color":"","overlay-opacity":"","overlay-gradient":""}},"ast-content-background-meta":{"desktop":{"background-color":"var(--ast-global-color-5)","background-image":"","background-repeat":"repeat","background-position":"center center","background-size":"auto","background-attachment":"scroll","background-type":"","background-media":"","overlay-type":"","overlay-color":"","overlay-opacity":"","overlay-gradient":""},"tablet":{"background-color":"var(--ast-global-color-5)","background-image":"","background-repeat":"repeat","background-position":"center center","background-size":"auto","background-attachment":"scroll","background-type":"","background-media":"","overlay-type":"","overlay-color":"","overlay-opacity":"","overlay-gradient":""},"mobile":{"background-color":"var(--ast-global-color-5)","background-image":"","background-repeat":"repeat","background-position":"center center","background-size":"auto","background-attachment":"scroll","background-type":"","background-media":"","overlay-type":"","overlay-color":"","overlay-opacity":"","overlay-gradient":""}}},"product_brand":[],"product_cat":[42],"product_tag":[],"class_list":{"0":"post-1366","1":"product","2":"type-product","3":"status-publish","4":"has-post-thumbnail","6":"product_cat-cadeau","7":"desktop-align-center","8":"tablet-align-center","9":"mobile-align-center","10":"ast-product-gallery-layout-horizontal","11":"ast-magnify-disabled","12":"ast-product-single-variable","13":"ast-product-tabs-layout-horizontal","14":"ast-qv-on-image","16":"first","17":"instock","18":"shipping-taxable","19":"purchasable","20":"product-type-variable"},"bundled_by":[],"bundle_stock_status":"instock","bundle_stock_quantity":null,"bundle_virtual":false,"bundle_layout":"","bundle_add_to_cart_form_location":"","bundle_editable_in_cart":false,"bundle_sold_individually_context":"","bundle_item_grouping":"","bundle_min_size":"","bundle_max_size":"","bundle_price":[],"bundled_items":[],"bundle_sell_ids":[],"_links":{"self":[{"href":"https:\/\/buying-fever.com\/lt\/wp-json\/wp\/v2\/product\/1366","targetHints":{"allow":["GET"]}}],"collection":[{"href":"https:\/\/buying-fever.com\/lt\/wp-json\/wp\/v2\/product"}],"about":[{"href":"https:\/\/buying-fever.com\/lt\/wp-json\/wp\/v2\/types\/product"}],"replies":[{"embeddable":true,"href":"https:\/\/buying-fever.com\/lt\/wp-json\/wp\/v2\/comments?post=1366"}],"version-history":[{"count":0,"href":"https:\/\/buying-fever.com\/lt\/wp-json\/wp\/v2\/product\/1366\/revisions"}],"wp:featuredmedia":[{"embeddable":true,"href":"https:\/\/buying-fever.com\/lt\/wp-json\/wp\/v2\/media\/1348"}],"wp:attachment":[{"href":"https:\/\/buying-fever.com\/lt\/wp-json\/wp\/v2\/media?parent=1366"}],"wp:term":[{"taxonomy":"product_brand","embeddable":true,"href":"https:\/\/buying-fever.com\/lt\/wp-json\/wp\/v2\/product_brand?post=1366"},{"taxonomy":"product_cat","embeddable":true,"href":"https:\/\/buying-fever.com\/lt\/wp-json\/wp\/v2\/product_cat?post=1366"},{"taxonomy":"product_tag","embeddable":true,"href":"https:\/\/buying-fever.com\/lt\/wp-json\/wp\/v2\/product_tag?post=1366"}],"curies":[{"name":"wp","href":"https:\/\/api.w.org\/{rel}","templated":true}]}}