{"id":1284,"date":"2023-08-20T21:19:44","date_gmt":"2023-08-20T21:19:44","guid":{"rendered":"https:\/\/snow-alligator-195314.hostingersite.com\/?post_type=product&#038;p=1284"},"modified":"2025-06-14T00:52:39","modified_gmt":"2025-06-13T22:52:39","slug":"boutons-de-communication-pour-chien","status":"publish","type":"product","link":"https:\/\/buying-fever.com\/lt\/produktas\/bendravimo-mygtukai-sunims\/","title":{"rendered":"\u0160un\u0173 bendravimo mygtukai"},"content":{"rendered":"<h2 style=\"text-align: center;\">I\u0161reik\u0161k save, \u0161unyte!<\/h2>\n<h2 style=\"text-align: center;\">Leiskite savo \u0161uniui pasakyti, ko jis nori.<\/h2>\n<p>&nbsp;<\/p>\n<p>Suteikite savo geriausiam draugui bals\u0105 m\u016bs\u0173 \u0161un\u0173 ry\u0161io mygtukais. \u0160ie mygtukai, specialiai sukurti taip, kad b\u016bt\u0173 intuityvesni j\u016bs\u0173 ir j\u016bs\u0173 augintinio s\u0105veika, idealiai tinka harmoningam gyvenimui.<\/p>\n<p>&nbsp;<\/p>\n<ul>\n<li><strong>Lengvas balso \u012fra\u0161ymas<\/strong> : Integruoto mikrofono d\u0117ka \u012fra\u0161ykite pasirinkt\u0105 \u017eod\u012f ar fraz\u0119 kiekvienam mygtukui.<\/li>\n<li><strong>\u012ekraunamas<\/strong> : Mes vieninteliai rinkoje si\u016blome visi\u0161kai \u012fkraunam\u0105 model\u012f. Atsisveikink su baterijomis ir sveiki su ekologija!<\/li>\n<li><strong>Tvirtas ir patvarus<\/strong> : Sukurta atlaikyti nekantrias letenas ir nuolatin\u012f spaudim\u0105. M\u016bs\u0173 mygtukai sukurti taip, kad tarnaut\u0173.<\/li>\n<li><strong>Ergonomi\u0161kas dizainas<\/strong> : Tinka vis\u0173 dyd\u017ei\u0173 letenoms, nuo \u010dihuahua iki vokie\u010di\u0173 aviganio.<\/li>\n<li><strong>Naudojimo paprastumas<\/strong> : Susiekite veiksm\u0105 su kiekvienu \u012fra\u0161ytu mygtuku ir steb\u0117kite, kaip \u0161uo i\u0161rei\u0161kia save kaip niekad anks\u010diau!<\/li>\n<\/ul>\n<h3><\/h3>\n<h3><strong>Privalumai:<\/strong><\/h3>\n<p>&nbsp;<\/p>\n<ol>\n<li><strong>Ekologi\u0161kas<\/strong> : Suma\u017einkite anglies p\u0117dsak\u0105 pasirink\u0119 \u012fkraunam\u0105 model\u012f.<\/li>\n<li><strong>Ekonominis<\/strong> : daugiau nebereikia pakartotinai pirkti baterij\u0173. Sutaupykite pinig\u0173 ilgainiui!<\/li>\n<li><strong>Sustiprintas interaktyvumas<\/strong> : sustiprinkite ry\u0161\u012f su savo augintiniu geriau juos suprasdami ir grei\u010diau reaguodami \u012f j\u0173 poreikius.<\/li>\n<\/ol>\n<blockquote><p>&nbsp;<\/p>\n<p style=\"text-align: center;\"><em>\u201eNiekada nemaniau, kad Maksas gali su manimi \u201ekalb\u0117ti\u201c. \u012edomu pamatyti, kaip <\/em><\/p>\n<p style=\"text-align: center;\"><em>jis greitai suprato, kaip veikia mygtukai. Dabar jis man \u201esako\u201c, kada yra alkanas, kada <\/em><\/p>\n<p style=\"text-align: center;\"><em>nori i\u0161eiti arba tiesiog kai nori \u017eaisti \u00bb<\/em><\/p>\n<p style=\"text-align: center;\"><strong>Stefanija<\/strong><\/p>\n<p>&nbsp;<\/p>\n<p style=\"text-align: center;\"><em>\u201eNuo tada, kai naudoju \u0161iuos mygtukus su savo \u0161unimi, m\u016bs\u0173 bendravimas t\u0119siasi <\/em><\/p>\n<p style=\"text-align: center;\"><em>pasiek\u0117 visi\u0161kai nauj\u0105 lyg\u012f. Ji \u201e\u0161aukia\u201c mane pasivaik\u0161\u010diojimams ir net prisiglausti. <\/em><\/p>\n<p style=\"text-align: center;\"><em>Jaudina, kaip ji nori i\u0161reik\u0161ti save ir <\/em><\/p>\n<p style=\"text-align: center;\"><em>kiek \u0161ie mygtukai praturtino m\u016bs\u0173 kasdien\u012f gyvenim\u0105 kartu\u201c<\/em><\/p>\n<p style=\"text-align: center;\"><strong>Izabel\u0117<\/strong><\/p>\n<\/blockquote>\n<h3 style=\"text-align: center;\"><strong>U\u017esisakykite \u0161iandien<\/strong> ir pasi\u016blyti nauj\u0105<\/h3>\n<h3 style=\"text-align: center;\">j\u016bs\u0173 santyki\u0173 su i\u0161tikimu draugu matmuo!<\/h3>","protected":false},"excerpt":{"rendered":"<p>Exprimez-vous, toutou ! Permettez \u00e0 votre chien de vous dire ce qu&rsquo;il souhaite. &nbsp; Offrez une voix \u00e0 votre meilleur ami avec nos boutons de communication pour chien. Con\u00e7us sp\u00e9cialement pour permettre une interaction plus intuitive entre vous et votre animal de compagnie, ces boutons sont id\u00e9aux pour une cohabitation harmonieuse. &nbsp; Enregistrement Vocal Facile [&hellip;]<\/p>\n","protected":false},"featured_media":1287,"comment_status":"open","ping_status":"closed","template":"","meta":{"_seopress_robots_primary_cat":"none","_seopress_titles_title":"","_seopress_titles_desc":"","_seopress_robots_index":"","site-sidebar-layout":"default","site-content-layout":"default","ast-site-content-layout":"default","site-content-style":"default","site-sidebar-style":"default","ast-global-header-display":"","ast-banner-title-visibility":"","ast-main-header-display":"","ast-hfb-above-header-display":"","ast-hfb-below-header-display":"","ast-hfb-mobile-header-display":"","site-post-title":"","ast-breadcrumbs-content":"","ast-featured-img":"","footer-sml-layout":"","ast-disable-related-posts":"","theme-transparent-header-meta":"default","adv-header-id-meta":"","stick-header-meta":"default","header-above-stick-meta":"","header-main-stick-meta":"","header-below-stick-meta":"","astra-migrate-meta-layouts":"set","ast-page-background-enabled":"default","ast-page-background-meta":{"desktop":{"background-color":"","background-image":"","background-repeat":"repeat","background-position":"center center","background-size":"auto","background-attachment":"scroll","background-type":"","background-media":"","overlay-type":"","overlay-color":"","overlay-opacity":"","overlay-gradient":""},"tablet":{"background-color":"","background-image":"","background-repeat":"repeat","background-position":"center center","background-size":"auto","background-attachment":"scroll","background-type":"","background-media":"","overlay-type":"","overlay-color":"","overlay-opacity":"","overlay-gradient":""},"mobile":{"background-color":"","background-image":"","background-repeat":"repeat","background-position":"center center","background-size":"auto","background-attachment":"scroll","background-type":"","background-media":"","overlay-type":"","overlay-color":"","overlay-opacity":"","overlay-gradient":""}},"ast-content-background-meta":{"desktop":{"background-color":"var(--ast-global-color-5)","background-image":"","background-repeat":"repeat","background-position":"center center","background-size":"auto","background-attachment":"scroll","background-type":"","background-media":"","overlay-type":"","overlay-color":"","overlay-opacity":"","overlay-gradient":""},"tablet":{"background-color":"var(--ast-global-color-5)","background-image":"","background-repeat":"repeat","background-position":"center center","background-size":"auto","background-attachment":"scroll","background-type":"","background-media":"","overlay-type":"","overlay-color":"","overlay-opacity":"","overlay-gradient":""},"mobile":{"background-color":"var(--ast-global-color-5)","background-image":"","background-repeat":"repeat","background-position":"center center","background-size":"auto","background-attachment":"scroll","background-type":"","background-media":"","overlay-type":"","overlay-color":"","overlay-opacity":"","overlay-gradient":""}}},"product_brand":[],"product_cat":[83],"product_tag":[],"class_list":{"0":"post-1284","1":"product","2":"type-product","3":"status-publish","4":"has-post-thumbnail","6":"product_cat-animaux","7":"desktop-align-center","8":"tablet-align-center","9":"mobile-align-center","10":"ast-product-gallery-layout-horizontal","11":"ast-magnify-disabled","12":"ast-product-tabs-layout-horizontal","13":"ast-qv-on-image","15":"first","16":"outofstock","17":"shipping-taxable","18":"purchasable","19":"product-type-simple"},"bundled_by":[],"bundle_stock_status":"outofstock","bundle_stock_quantity":null,"bundle_virtual":false,"bundle_layout":"","bundle_add_to_cart_form_location":"","bundle_editable_in_cart":false,"bundle_sold_individually_context":"","bundle_item_grouping":"","bundle_min_size":"","bundle_max_size":"","bundle_price":[],"bundled_items":[],"bundle_sell_ids":[],"_links":{"self":[{"href":"https:\/\/buying-fever.com\/lt\/wp-json\/wp\/v2\/product\/1284","targetHints":{"allow":["GET"]}}],"collection":[{"href":"https:\/\/buying-fever.com\/lt\/wp-json\/wp\/v2\/product"}],"about":[{"href":"https:\/\/buying-fever.com\/lt\/wp-json\/wp\/v2\/types\/product"}],"replies":[{"embeddable":true,"href":"https:\/\/buying-fever.com\/lt\/wp-json\/wp\/v2\/comments?post=1284"}],"version-history":[{"count":0,"href":"https:\/\/buying-fever.com\/lt\/wp-json\/wp\/v2\/product\/1284\/revisions"}],"wp:featuredmedia":[{"embeddable":true,"href":"https:\/\/buying-fever.com\/lt\/wp-json\/wp\/v2\/media\/1287"}],"wp:attachment":[{"href":"https:\/\/buying-fever.com\/lt\/wp-json\/wp\/v2\/media?parent=1284"}],"wp:term":[{"taxonomy":"product_brand","embeddable":true,"href":"https:\/\/buying-fever.com\/lt\/wp-json\/wp\/v2\/product_brand?post=1284"},{"taxonomy":"product_cat","embeddable":true,"href":"https:\/\/buying-fever.com\/lt\/wp-json\/wp\/v2\/product_cat?post=1284"},{"taxonomy":"product_tag","embeddable":true,"href":"https:\/\/buying-fever.com\/lt\/wp-json\/wp\/v2\/product_tag?post=1284"}],"curies":[{"name":"wp","href":"https:\/\/api.w.org\/{rel}","templated":true}]}}