{"id":4812,"date":"2023-10-20T13:31:56","date_gmt":"2023-10-20T11:31:56","guid":{"rendered":"https:\/\/snow-alligator-195314.hostingersite.com\/?page_id=4812"},"modified":"2023-10-20T13:36:44","modified_gmt":"2023-10-20T11:36:44","slug":"politique-de-retour","status":"publish","type":"page","link":"https:\/\/buying-fever.com\/lt\/grazinimo-politika\/","title":{"rendered":"Gra\u017einimo politika"},"content":{"rendered":"<div data-elementor-type=\"wp-page\" data-elementor-id=\"4812\" class=\"elementor elementor-4812\" data-elementor-post-type=\"page\">\n\t\t\t\t<div class=\"elementor-element elementor-element-6eabfd8e e-flex e-con-boxed e-con e-parent\" data-id=\"6eabfd8e\" data-element_type=\"container\" data-e-type=\"container\">\n\t\t\t\t\t<div class=\"e-con-inner\">\n\t\t\t\t<div class=\"elementor-element elementor-element-26a25f70 elementor-widget elementor-widget-heading\" data-id=\"26a25f70\" data-element_type=\"widget\" data-e-type=\"widget\" data-widget_type=\"heading.default\">\n\t\t\t\t<div class=\"elementor-widget-container\">\n\t\t\t\t\t<h1 class=\"elementor-heading-title elementor-size-default\">Gra\u017einimo politika<\/h1>\t\t\t\t<\/div>\n\t\t\t\t<\/div>\n\t\t\t\t<div class=\"elementor-element elementor-element-f8df31c elementor-widget elementor-widget-heading\" data-id=\"f8df31c\" data-element_type=\"widget\" data-e-type=\"widget\" data-widget_type=\"heading.default\">\n\t\t\t\t<div class=\"elementor-widget-container\">\n\t\t\t\t\t<h2 class=\"elementor-heading-title elementor-size-default\">Preambul\u0117 <\/h2>\t\t\t\t<\/div>\n\t\t\t\t<\/div>\n\t\t\t\t<div class=\"elementor-element elementor-element-7490e662 elementor-widget elementor-widget-heading\" data-id=\"7490e662\" data-element_type=\"widget\" data-e-type=\"widget\" data-widget_type=\"heading.default\">\n\t\t\t\t<div class=\"elementor-widget-container\">\n\t\t\t\t\t<h2 class=\"elementor-heading-title elementor-size-default\">1 straipsnis \u2013 Neatidaryt\u0173 preki\u0173 gr\u0105\u017einimas:<\/h2>\t\t\t\t<\/div>\n\t\t\t\t<\/div>\n\t\t\t\t<div class=\"elementor-element elementor-element-156095ea elementor-widget elementor-widget-text-editor\" data-id=\"156095ea\" data-element_type=\"widget\" data-e-type=\"widget\" data-widget_type=\"text-editor.default\">\n\t\t\t\t<div class=\"elementor-widget-container\">\n\t\t\t\t\t\t\t\t\t<p>Gr\u0105\u017einti prekes priimame tik per 14 dien\u0173 nuo pristatymo, kaip nurodyta pirmin\u0117je steb\u0117jimo informacijoje.<\/p>\t\t\t\t\t\t\t\t<\/div>\n\t\t\t\t<\/div>\n\t\t\t\t<div class=\"elementor-element elementor-element-7ac15c9c elementor-widget elementor-widget-text-editor\" data-id=\"7ac15c9c\" data-element_type=\"widget\" data-e-type=\"widget\" data-widget_type=\"text-editor.default\">\n\t\t\t\t<div class=\"elementor-widget-container\">\n\t\t\t\t\t\t\t\t\t<p>J\u016bs b\u016bsite atsakingi u\u017e siuntimo i\u0161laidas, susijusias su prek\u0117s gr\u0105\u017einimu. Mes neatsakome u\u017e jokius nuostolius ar \u017eal\u0105, atsiradusi\u0105 transportavimo metu. Be to, u\u017e visus gr\u0105\u017einimus turite i\u0161 anksto sumok\u0117ti siuntimo ir draudimo mokes\u010dius (jei taikoma).<\/p><p>Jei gr\u0105\u017einus pinigus galima susigr\u0105\u017einti pinigus, \u012f gr\u0105\u017einim\u0105 nebus \u012ftraukti jokie siuntimo ir tvarkymo mokes\u010diai, kurie gali b\u016bti nurodyti pakuot\u0117s lapelyje arba s\u0105skaitoje fakt\u016broje. Gav\u0119 gr\u0105\u017eint\u0105 prek\u0119, j\u0105 i\u0161nagrin\u0117sime ir informuosime el. pa\u0161tu. el. per proting\u0105 laik\u0105, jei turite teis\u0119 \u012f pinig\u0173 gr\u0105\u017einim\u0105 arba keitim\u0105.<\/p><p>Jei turite teis\u0119 \u012f keitim\u0105 ar gr\u0105\u017einim\u0105, mes pakeisime produkt\u0105 arba gr\u0105\u017einsime pirkimo kain\u0105 (nepriklausomai nuo to, kokiu b\u016bdu i\u0161 prad\u017ei\u0173 sumok\u0117jote).<\/p><p>Kontaktiniai duomenys :<br \/>M\u016bs\u0173 svetain\u0117s nuoroda: https:\/\/snow-alligator-195314.hostingersite.com<\/p><p>Telefono numeris: +187722956001<\/p><p>Pa\u0161to adresas: contact@snow-alligator-195314.hostingersite.com<\/p>\t\t\t\t\t\t\t\t<\/div>\n\t\t\t\t<\/div>\n\t\t\t\t<div class=\"elementor-element elementor-element-3699e09a elementor-widget elementor-widget-heading\" data-id=\"3699e09a\" data-element_type=\"widget\" data-e-type=\"widget\" data-widget_type=\"heading.default\">\n\t\t\t\t<div class=\"elementor-widget-container\">\n\t\t\t\t\t<h2 class=\"elementor-heading-title elementor-size-default\">2 straipsnis \u2013 mainai<\/h2>\t\t\t\t<\/div>\n\t\t\t\t<\/div>\n\t\t\t\t<div class=\"elementor-element elementor-element-fa08263 elementor-widget elementor-widget-text-editor\" data-id=\"fa08263\" data-element_type=\"widget\" data-e-type=\"widget\" data-widget_type=\"text-editor.default\">\n\t\t\t\t<div class=\"elementor-widget-container\">\n\t\t\t\t\t\t\t\t\tKei\u010diame tik nekokybi\u0161kas ar pa\u017eeistas prekes. Jei manote, kad prek\u0117 yra brokuota, susisiekite su mumis per 14 dien\u0173 nuo \u012fsigijimo \u017eemiau nurodytu telefono numeriu arba elektroninio pa\u0161to adresu ir pateikite i\u0161sami\u0105 informacij\u0105 apie prek\u0119 ir defekt\u0105.\u00a0<\/span><\/span><\/p>\n<p align=\"JUSTIFY\"><span style=\"color: #000000;\"><span style=\"font-family: Times New Roman, serif;\">\u00a0<\/span><\/span><\/p>\nTada mes jums pasakysime, kaip gr\u0105\u017einti prek\u0119.<\/span><\/span><\/p>\t\t\t\t\t\t\t\t<\/div>\n\t\t\t\t<\/div>\n\t\t\t\t<div class=\"elementor-element elementor-element-1d611294 elementor-widget elementor-widget-heading\" data-id=\"1d611294\" data-element_type=\"widget\" data-e-type=\"widget\" data-widget_type=\"heading.default\">\n\t\t\t\t<div class=\"elementor-widget-container\">\n\t\t\t\t\t<h2 class=\"elementor-heading-title elementor-size-default\">3 straipsnis \u2013 Pristatymas<\/h2>\t\t\t\t<\/div>\n\t\t\t\t<\/div>\n\t\t\t\t<div class=\"elementor-element elementor-element-1d7c6615 elementor-widget elementor-widget-text-editor\" data-id=\"1d7c6615\" data-element_type=\"widget\" data-e-type=\"widget\" data-widget_type=\"text-editor.default\">\n\t\t\t\t<div class=\"elementor-widget-container\">\n\t\t\t\t\t\t\t\t\t<p>Tuo atveju, kai klientas d\u0117l bet kokios prie\u017easties pageidauja gr\u0105\u017einti pardav\u0117jui svetain\u0117je \u012fsigyt\u0105 prek\u0119, klientas privalo i\u0161 anksto informuoti pardav\u0117j\u0105, kad \u0161is gal\u0117t\u0173 perduoti instrukcijas, susijusias su prek\u0117s gr\u0105\u017einimu.\u00a0<\/p><p>\u00a0<\/p><p>Klientui gr\u0105\u017einus prek\u0119 pardav\u0117jui savo iniciatyva, pardav\u0117jas gali atsisakyti pakuot\u0117s ir negr\u0105\u017einti pinig\u0173.<\/p><p><br \/>Mes neatsakome u\u017e jokius nuostolius ar \u017eal\u0105, atsiradusi\u0105 transportavimo metu. Jei gr\u0105\u017einus pinigus galima susigr\u0105\u017einti pinigus, \u012f gr\u0105\u017einim\u0105 nebus \u012ftraukti jokie siuntimo ir tvarkymo mokes\u010diai, kurie gali b\u016bti nurodyti pakuot\u0117s lapelyje arba s\u0105skaitoje fakt\u016broje.<\/p><p>\u00a0<\/p><p>Jei norite gr\u0105\u017einti arba pakeisti \u012fsigyt\u0105 prek\u0119, atsi\u0173skite j\u0105 kartu su kvito kopija ir bet kokia kita informacija apie pirkin\u012f toliau nurodytu adresu: Kompleksinis pastatas (prie\u0161 109 pastat\u0105), Honghua bendruomen\u0117, Yiwu miestas, Jinhua City, Zhejiang Province \u2013 pa\u0161to kodas: 322000 Gav\u0117jas: zeng li hua \u2013 Numeris: 13566961583 \u2013 Kinija<\/p><p>\u00a0<\/p>\t\t\t\t\t\t\t\t<\/div>\n\t\t\t\t<\/div>\n\t\t\t\t<div class=\"elementor-element elementor-element-316d9186 elementor-widget elementor-widget-heading\" data-id=\"316d9186\" data-element_type=\"widget\" data-e-type=\"widget\" data-widget_type=\"heading.default\">\n\t\t\t\t<div class=\"elementor-widget-container\">\n\t\t\t\t\t<h2 class=\"elementor-heading-title elementor-size-default\">4 straipsnis \u2013 Procesas<\/h2>\t\t\t\t<\/div>\n\t\t\t\t<\/div>\n\t\t\t\t<div class=\"elementor-element elementor-element-44c38b3f elementor-widget elementor-widget-text-editor\" data-id=\"44c38b3f\" data-element_type=\"widget\" data-e-type=\"widget\" data-widget_type=\"text-editor.default\">\n\t\t\t\t<div class=\"elementor-widget-container\">\n\t\t\t\t\t\t\t\t\t<p>Kai gausime j\u016bs\u0173 prek\u0119, j\u0105 i\u0161nagrin\u0117sime ir per proting\u0105 laik\u0105 el. pa\u0161tu informuosime, ar turite teis\u0119 \u012f pinig\u0173 gr\u0105\u017einim\u0105 ar mainus.<\/p><p>\u00a0<\/p><p>Jei turite teis\u0119 susigr\u0105\u017einti pinigus, mes gr\u0105\u017einsime pirkimo kain\u0105 ir bus pritaikytas kreditas pirminiam mok\u0117jimo b\u016bdui. Siuntimo ir tvarkymo mokes\u010diai, kuriuos jau sumok\u0117jote, negr\u0105\u017einami, o gr\u0105\u017einamos sumos neapima siuntimo i\u0161laid\u0173.<\/p><p>\u00a0<\/p><p>Ne daugiau kaip 14 darbo dien\u0173 nuo m\u016bs\u0173 el. lai\u0161ko gavimo gali praeiti iki gr\u0105\u017einimo.<br \/>Jei turite teis\u0119 keistis, mes atsi\u0173sime jums nauj\u0105 prek\u0119 pradiniu pristatymo adresu.<\/p>\t\t\t\t\t\t\t\t<\/div>\n\t\t\t\t<\/div>\n\t\t\t\t<div class=\"elementor-element elementor-element-2127627a elementor-widget elementor-widget-heading\" data-id=\"2127627a\" data-element_type=\"widget\" data-e-type=\"widget\" data-widget_type=\"heading.default\">\n\t\t\t\t<div class=\"elementor-widget-container\">\n\t\t\t\t\t<h2 class=\"elementor-heading-title elementor-size-default\">5 straipsnis \u2013 Dovanos<\/h2>\t\t\t\t<\/div>\n\t\t\t\t<\/div>\n\t\t\t\t<div class=\"elementor-element elementor-element-507f68b5 elementor-widget elementor-widget-text-editor\" data-id=\"507f68b5\" data-element_type=\"widget\" data-e-type=\"widget\" data-widget_type=\"text-editor.default\">\n\t\t\t\t<div class=\"elementor-widget-container\">\n\t\t\t\t\t\t\t\t\t<p>Jei gr\u0105\u017einama prek\u0117 perkant buvo pa\u017eym\u0117ta kaip dovana ir buvo i\u0161si\u0173sta tiesiai jums, gausite dovan\u0173 kredit\u0105, lyg\u0173 gr\u0105\u017einamos vert\u0117s sumai.\u00a0<\/p><p>\u00a0<\/p><p>Jei perkant prek\u0117 nebuvo pa\u017eym\u0117ta kaip dovana arba dovanotojas pageidavo gauti prek\u0119 pirmas, o v\u0117liau padovanoti, dovanotojui gr\u0105\u017einsime pinigus ir jis \u017einos, kad gr\u0105\u017einote prek\u0119.<\/p>\t\t\t\t\t\t\t\t<\/div>\n\t\t\t\t<\/div>\n\t\t\t\t<div class=\"elementor-element elementor-element-148b27cf elementor-widget elementor-widget-heading\" data-id=\"148b27cf\" data-element_type=\"widget\" data-e-type=\"widget\" data-widget_type=\"heading.default\">\n\t\t\t\t<div class=\"elementor-widget-container\">\n\t\t\t\t\t<h2 class=\"elementor-heading-title elementor-size-default\">6 straipsnis. I\u0161imtys teis\u0117s atsisakyti sutarties ir gr\u0105\u017einti pinigus<\/h2>\t\t\t\t<\/div>\n\t\t\t\t<\/div>\n\t\t\t\t<div class=\"elementor-element elementor-element-2dac8d71 elementor-widget elementor-widget-text-editor\" data-id=\"2dac8d71\" data-element_type=\"widget\" data-e-type=\"widget\" data-widget_type=\"text-editor.default\">\n\t\t\t\t<div class=\"elementor-widget-container\">\n\t\t\t\t\t\t\t\t\t<p>Visos individualizuotos prek\u0117s, pagamintos pagal u\u017esakym\u0105 m\u016bs\u0173 produkt\u0173 kataloge, negali b\u016bti gr\u0105\u017eintos ir gr\u0105\u017einamos. \u0160ios prek\u0117s laikomos negr\u0105\u017einamomis arba galutinio pardavimo dalimi.\u00a0<\/p><p>\u00a0<\/p><p>Ta\u010diau individualizuotoms prek\u0117ms suteikiama atitikties teis\u0117, kaip apibr\u0117\u017eta m\u016bs\u0173 bendrosiose pardavimo s\u0105lygose. \u012emon\u0117 neprivalo kompensuoti papildom\u0173 i\u0161laid\u0173, jei vartotojas ai\u0161kiai pasirinko brangesn\u012f pristatymo b\u016bd\u0105 nei standartinis pristatymo b\u016bdas. Pasi\u016bl\u0117 profesionalas.<\/p>\t\t\t\t\t\t\t\t<\/div>\n\t\t\t\t<\/div>\n\t\t\t\t\t<\/div>\n\t\t\t\t<\/div>\n\t\t\t\t<\/div>","protected":false},"excerpt":{"rendered":"<p>Politique de Retour Pr\u00e9ambule Article 1 &#8211; Retour d\u2019articles non ouverts : Nous acceptons uniquement le retour des articles retourn\u00e9s dans les 14 jours suivant la livraison, tel qu&rsquo;indiqu\u00e9 par les informations de suivi d&rsquo;origine. Vous devrez assumer les frais d\u2019exp\u00e9dition li\u00e9s au retour de votre article. Nous ne sommes pas responsables des pertes ou [&hellip;]<\/p>\n","protected":false},"author":1,"featured_media":0,"parent":0,"menu_order":0,"comment_status":"closed","ping_status":"closed","template":"","meta":{"_seopress_robots_primary_cat":"","_seopress_titles_title":"","_seopress_titles_desc":"","_seopress_robots_index":"","site-sidebar-layout":"no-sidebar","site-content-layout":"page-builder","ast-site-content-layout":"full-width-container","site-content-style":"default","site-sidebar-style":"default","ast-global-header-display":"","ast-banner-title-visibility":"","ast-main-header-display":"","ast-hfb-above-header-display":"","ast-hfb-below-header-display":"","ast-hfb-mobile-header-display":"","site-post-title":"disabled","ast-breadcrumbs-content":"","ast-featured-img":"disabled","footer-sml-layout":"","ast-disable-related-posts":"","theme-transparent-header-meta":"","adv-header-id-meta":"","stick-header-meta":"","header-above-stick-meta":"","header-main-stick-meta":"","header-below-stick-meta":"","astra-migrate-meta-layouts":"set","ast-page-background-enabled":"default","ast-page-background-meta":{"desktop":{"background-color":"","background-image":"","background-repeat":"repeat","background-position":"center center","background-size":"auto","background-attachment":"scroll","background-type":"","background-media":"","overlay-type":"","overlay-color":"","overlay-opacity":"","overlay-gradient":""},"tablet":{"background-color":"","background-image":"","background-repeat":"repeat","background-position":"center center","background-size":"auto","background-attachment":"scroll","background-type":"","background-media":"","overlay-type":"","overlay-color":"","overlay-opacity":"","overlay-gradient":""},"mobile":{"background-color":"","background-image":"","background-repeat":"repeat","background-position":"center center","background-size":"auto","background-attachment":"scroll","background-type":"","background-media":"","overlay-type":"","overlay-color":"","overlay-opacity":"","overlay-gradient":""}},"ast-content-background-meta":{"desktop":{"background-color":"var(--ast-global-color-5)","background-image":"","background-repeat":"repeat","background-position":"center center","background-size":"auto","background-attachment":"scroll","background-type":"","background-media":"","overlay-type":"","overlay-color":"","overlay-opacity":"","overlay-gradient":""},"tablet":{"background-color":"var(--ast-global-color-5)","background-image":"","background-repeat":"repeat","background-position":"center center","background-size":"auto","background-attachment":"scroll","background-type":"","background-media":"","overlay-type":"","overlay-color":"","overlay-opacity":"","overlay-gradient":""},"mobile":{"background-color":"var(--ast-global-color-5)","background-image":"","background-repeat":"repeat","background-position":"center center","background-size":"auto","background-attachment":"scroll","background-type":"","background-media":"","overlay-type":"","overlay-color":"","overlay-opacity":"","overlay-gradient":""}},"footnotes":""},"class_list":["post-4812","page","type-page","status-publish","hentry"],"_links":{"self":[{"href":"https:\/\/buying-fever.com\/lt\/wp-json\/wp\/v2\/pages\/4812","targetHints":{"allow":["GET"]}}],"collection":[{"href":"https:\/\/buying-fever.com\/lt\/wp-json\/wp\/v2\/pages"}],"about":[{"href":"https:\/\/buying-fever.com\/lt\/wp-json\/wp\/v2\/types\/page"}],"author":[{"embeddable":true,"href":"https:\/\/buying-fever.com\/lt\/wp-json\/wp\/v2\/users\/1"}],"replies":[{"embeddable":true,"href":"https:\/\/buying-fever.com\/lt\/wp-json\/wp\/v2\/comments?post=4812"}],"version-history":[{"count":0,"href":"https:\/\/buying-fever.com\/lt\/wp-json\/wp\/v2\/pages\/4812\/revisions"}],"wp:attachment":[{"href":"https:\/\/buying-fever.com\/lt\/wp-json\/wp\/v2\/media?parent=4812"}],"curies":[{"name":"wp","href":"https:\/\/api.w.org\/{rel}","templated":true}]}}