{"id":1218,"date":"2023-08-13T14:07:16","date_gmt":"2023-08-13T14:07:16","guid":{"rendered":"https:\/\/snow-alligator-195314.hostingersite.com\/?page_id=1218"},"modified":"2025-04-14T00:01:06","modified_gmt":"2025-04-13T22:01:06","slug":"politique-de-confidentialite","status":"publish","type":"page","link":"https:\/\/buying-fever.com\/lt\/privatumo-politika\/","title":{"rendered":"Privatumo politika"},"content":{"rendered":"<div data-elementor-type=\"wp-page\" data-elementor-id=\"1218\" class=\"elementor elementor-1218\" data-elementor-post-type=\"page\">\n\t\t\t\t<div class=\"elementor-element elementor-element-34f2b41 e-flex e-con-boxed e-con e-parent\" data-id=\"34f2b41\" data-element_type=\"container\" data-e-type=\"container\">\n\t\t\t\t\t<div class=\"e-con-inner\">\n\t\t\t\t<div class=\"elementor-element elementor-element-7d48753 elementor-widget elementor-widget-heading\" data-id=\"7d48753\" data-element_type=\"widget\" data-e-type=\"widget\" data-widget_type=\"heading.default\">\n\t\t\t\t<div class=\"elementor-widget-container\">\n\t\t\t\t\t<h1 class=\"elementor-heading-title elementor-size-default\">Privatumo politika <\/h1>\t\t\t\t<\/div>\n\t\t\t\t<\/div>\n\t\t\t\t<div class=\"elementor-element elementor-element-fd0adc1 elementor-widget elementor-widget-text-editor\" data-id=\"fd0adc1\" data-element_type=\"widget\" data-e-type=\"widget\" data-widget_type=\"text-editor.default\">\n\t\t\t\t<div class=\"elementor-widget-container\">\n\t\t\t\t\t\t\t\t\t<h2 style=\"caret-color: #000000; font-style: normal; text-transform: none; font-size: 2.235294rem; font-weight: 400; line-height: 1.3em;\">Kas mes esame ?<\/h2><p style=\"font-style: normal; font-size: 17px; margin-bottom: 0.5em; caret-color: #000000; color: #000000;\">M\u016bs\u0173 svetain\u0117s adresas yra: https:\/\/snow-alligator-195314.hostingersite.com<\/p><p style=\"font-style: normal; font-size: 17px; margin-bottom: 0.5em; caret-color: #000000; color: #000000;\">Galite susisiekti su mumis \u0161iuo el. pa\u0161to adresu: contact@snow-alligator-195314.hostingersite.com<\/p><h2 style=\"caret-color: #000000; font-style: normal; text-transform: none; font-size: 2.235294rem; font-weight: 400; line-height: 1.3em;\">Surinkt\u0173 asmens duomen\u0173 naudojimas<\/h2><p style=\"font-style: normal; font-size: 17px; margin-bottom: 0.5em; caret-color: #000000; color: #000000;\">Pateikdami bet kok\u012f u\u017esakym\u0105 ar sukurdami paskyr\u0105, sutinkate gauti pasi\u016blymus ir akcijas el. pa\u0161tu ir (arba) telefonu.<\/p><h2 style=\"caret-color: #000000; font-style: normal; text-transform: none; font-size: 2.235294rem; font-weight: 400; line-height: 1.3em;\">Komentarai<\/h2><p style=\"font-style: normal; font-size: 17px; margin-bottom: 0.5em; caret-color: #000000; color: #000000;\">Kai paliekate komentar\u0105 m\u016bs\u0173 svetain\u0117je, komentar\u0173 formoje \u012fvesti duomenys, taip pat j\u016bs\u0173 IP adresas ir j\u016bs\u0173 nar\u0161ykl\u0117s vartotojo agentas yra renkami, kad pad\u0117t\u0173 mums aptikti nepageidaujamus komentarus.<\/p><p style=\"font-style: normal; font-size: 17px; margin-bottom: 0.5em; caret-color: #000000; color: #000000;\">I\u0161 j\u016bs\u0173 el. pa\u0161to adreso sukurta anonimin\u0117 eilut\u0117 (taip pat vadinama mai\u0161a) gali b\u016bti nusi\u0173sta \u201eGravatar\u201c paslaugai patikrinti, ar j\u0105 naudojate. Su Gravatar paslaugos konfidencialumo nuostatomis galite susipa\u017einti \u010dia: https:\/\/automattic.com\/privacy\/. Patvirtinus j\u016bs\u0173 komentar\u0105, j\u016bs\u0173 profilio nuotrauka bus vie\u0161ai matoma \u0161alia j\u016bs\u0173 komentaro.<\/p><h2 style=\"caret-color: #000000; font-style: normal; text-transform: none; font-size: 2.235294rem; font-weight: 400; line-height: 1.3em;\">\u017diniasklaida<\/h2><p style=\"font-style: normal; font-size: 17px; margin-bottom: 0.5em; caret-color: #000000; color: #000000;\">Jei esate registruotas vartotojas ir \u012fkeliate vaizdus \u012f svetain\u0119, patariame nekelti vaizd\u0173, kuriuose yra EXIF GPS koordina\u010di\u0173 duomen\u0173. J\u016bs\u0173 svetain\u0117s lankytojai gali atsisi\u0173sti ir i\u0161 \u0161i\u0173 vaizd\u0173 i\u0161gauti vietos duomenis.<\/p><h2 style=\"caret-color: #000000; font-style: normal; text-transform: none; font-size: 2.235294rem; font-weight: 400; line-height: 1.3em;\">Kontakt\u0173 formos<\/h2><p style=\"font-style: normal; font-size: 17px; margin-bottom: 0.5em; caret-color: #000000; color: #000000;\">Nor\u0117dami susisiekti su mumis, para\u0161ykite mums adresu contact@snow-alligator-195314.hostingersite.com<\/p><h2 style=\"caret-color: #000000; font-style: normal; text-transform: none; font-size: 2.235294rem; font-weight: 400; line-height: 1.3em;\">Slapukai<\/h2><p style=\"font-style: normal; font-size: 17px; margin-bottom: 0.5em; caret-color: #000000; color: #000000;\">Jei paliksite komentar\u0105 m\u016bs\u0173 svetain\u0117je, savo vard\u0105, el. pa\u0161to adres\u0105 ir svetain\u0119 galite i\u0161saugoti slapukuose. Tai tik j\u016bs\u0173 patogumui, kad jums nereik\u0117t\u0173 pildyti \u0161ios informacijos, jei v\u0117liau paliksite kit\u0105 komentar\u0105. \u0160ie slapukai nustoja galioti po vieneri\u0173 met\u0173.<\/p><p style=\"font-style: normal; font-size: 17px; margin-bottom: 0.5em; caret-color: #000000; color: #000000;\">Jei einate \u012f prisijungimo puslap\u012f, bus sukurtas laikinas slapukas, siekiant nustatyti, ar j\u016bs\u0173 nar\u0161ykl\u0117 priima slapukus. Jame n\u0117ra asmenini\u0173 duomen\u0173 ir jie bus automati\u0161kai i\u0161trinti, kai u\u017edarysite nar\u0161ykl\u0119.<\/p><p style=\"font-style: normal; font-size: 17px; margin-bottom: 0.5em; caret-color: #000000; color: #000000;\">Kai prisijungsite, mes nustatysime kelet\u0105 slapuk\u0173, kad i\u0161saugotume j\u016bs\u0173 prisijungimo informacij\u0105 ir ekrano nuostatas. Ry\u0161io slapuko gyvavimo trukm\u0117 yra dvi dienos, ekrano parinkties slapuko \u2013 vieneri metai. Jei pa\u017eym\u0117site \u201ePrisiminti mane\u201c, j\u016bs\u0173 prisijungimo slapukas bus saugomas dvi savaites. Jei atsijungsite nuo savo paskyros, prisijungimo slapukas bus i\u0161trintas.<\/p><p style=\"font-style: normal; font-size: 17px; margin-bottom: 0.5em; caret-color: #000000; color: #000000;\">Redaguojant ar paskelbus \u012fra\u0161\u0105, j\u016bs\u0173 nar\u0161ykl\u0117je bus i\u0161saugotas papildomas slapukas. \u0160is slapukas neapima joki\u0173 asmenini\u0173 duomen\u0173. Tai tiesiog rodo k\u0105 tik redaguoto \u012fra\u0161o ID. Jis baigiasi po vienos dienos.<\/p><h2 style=\"caret-color: #000000; font-style: normal; text-transform: none; font-size: 2.235294rem; font-weight: 400; line-height: 1.3em;\">Turinys, \u012fd\u0117tas i\u0161 kit\u0173 svetaini\u0173<\/h2><p style=\"font-style: normal; font-size: 17px; margin-bottom: 0.5em; caret-color: #000000; color: #000000;\">\u0160ios svetain\u0117s straipsniuose gali b\u016bti \u012fterpto turinio (pvz., vaizdo \u012fra\u0161\u0173, vaizd\u0173, straipsni\u0173 ir kt.). I\u0161 kit\u0173 svetaini\u0173 \u012fd\u0117tas turinys elgiasi taip pat, lyg lankytojas apsilankyt\u0173 toje kitoje svetain\u0117je.<\/p><p style=\"font-style: normal; font-size: 17px; margin-bottom: 0.5em; caret-color: #000000; color: #000000;\">\u0160ios svetain\u0117s gali rinkti duomenis apie jus, naudoti slapukus, \u012fterpti tre\u010di\u0173j\u0173 \u0161ali\u0173 steb\u0117jimo \u012frankius, steb\u0117ti j\u016bs\u0173 s\u0105veik\u0105 su \u0161iuo \u012fterptu turiniu, jei turite paskyr\u0105, susiet\u0105 su j\u0173 svetaine.<\/p><h2 style=\"caret-color: #000000; font-style: normal; text-transform: none; font-size: 2.235294rem; font-weight: 400; line-height: 1.3em;\">Auditorijos statistika ir matavimai<\/h2><p style=\"font-style: normal; font-size: 17px; margin-bottom: 0.5em; caret-color: #000000; color: #000000;\">Naudojame technologijas, pvz., slapukus, siekdami suasmeninti turin\u012f ir reklam\u0105, teikti socialin\u0117s \u017einiasklaidos funkcijas ir analizuoti svetain\u0117s sraut\u0105. Mes dalijam\u0117s informacija apie j\u016bs\u0173 naudojim\u0105si svetaine su m\u016bs\u0173 patikimais socialin\u0117s \u017einiasklaidos, reklamos ir analiz\u0117s partneriais.<\/p><p style=\"font-style: normal; font-size: 17px; margin-bottom: 0.5em; caret-color: #000000; color: #000000;\">Nor\u0117dami \u012fvertinti tam tikr\u0105 statistik\u0105, susiet\u0105 su skirtingais klient\u0173 keliais, naudojame Google Analytics, j\u0173 privatumo politik\u0105 galite per\u017ei\u016br\u0117ti \u0161iuo adresu:\u00a0<a style=\"color: #f94b71;\" href=\"https:\/\/policies.google.com\/privacy?hl=fr\">https:\/\/policies.google.com\/privacy?hl=fr<\/a>\u00a0.<\/p><p style=\"font-style: normal; font-size: 17px; margin-bottom: 0.5em; caret-color: #000000; color: #000000;\">Taip pat naudojame Facebook piksel\u012f, su j\u0173 privatumo politika galite susipa\u017einti \u0161iuo adresu:\u00a0<a style=\"color: #f94b71;\" href=\"https:\/\/www.facebook.com\/payments_terms\/privacy\">https:\/\/www.facebook.com\/payments_terms\/privacy\u00a0<\/a><\/p><h2 style=\"caret-color: #000000; font-style: normal; text-transform: none; font-size: 2.235294rem; font-weight: 400; line-height: 1.3em;\">J\u016bs\u0173 duomen\u0173 saugojimo laikas<\/h2><p style=\"font-style: normal; font-size: 17px; margin-bottom: 0.5em; caret-color: #000000; color: #000000;\">Jei paliksite komentar\u0105, komentaras ir jo metaduomenys bus saugomi neribot\u0105 laik\u0105. Tai leid\u017eia automati\u0161kai atpa\u017einti ir patvirtinti v\u0117lesnius komentarus, o ne palikti juos moderavimo eil\u0117je.<\/p><p style=\"font-style: normal; font-size: 17px; margin-bottom: 0.5em; caret-color: #000000; color: #000000;\">Vartotojams, kurie registruojasi m\u016bs\u0173 svetain\u0117je (jei \u012fmanoma), mes taip pat saugome j\u0173 profilyje nurodytus asmens duomenis. Visi vartotojai gali bet kada per\u017ei\u016br\u0117ti, keisti arba i\u0161trinti savo asmenin\u0119 informacij\u0105 (i\u0161skyrus savo vartotojo vard\u0105). Svetain\u0117s valdytojai taip pat gali per\u017ei\u016br\u0117ti ir keisti \u0161i\u0105 informacij\u0105.<\/p><h2 style=\"caret-color: #000000; font-style: normal; text-transform: none; font-size: 2.235294rem; font-weight: 400; line-height: 1.3em;\">J\u016bs\u0173 turimos teis\u0117s \u012f savo duomenis<\/h2><p style=\"font-style: normal; font-size: 17px; margin-bottom: 0.5em; caret-color: #000000; color: #000000;\">Jei turite paskyr\u0105 arba palikote komentar\u0173 svetain\u0117je, galite pra\u0161yti gauti fail\u0105 su visais m\u016bs\u0173 turimais asmeniniais duomenimis apie jus, \u012fskaitant tuos, kuriuos mums pateik\u0117te. Taip pat galite pra\u0161yti i\u0161trinti su Jumis susijusius asmens duomenis. Tai neatsi\u017evelgia \u012f duomenis, saugomus administraciniais, teisiniais ar saugumo tikslais.<\/p><h2 style=\"caret-color: #000000; font-style: normal; text-transform: none; font-size: 2.235294rem; font-weight: 400; line-height: 1.3em;\">J\u016bs\u0173 asmens duomen\u0173 perdavimas<\/h2><p style=\"font-style: normal; font-size: 17px; margin-bottom: 0.5em; caret-color: #000000; color: #000000;\">Lankytoj\u0173 komentarai gali b\u016bti tikrinami naudojant automatin\u0119 \u0161lam\u0161to komentar\u0173 aptikimo paslaug\u0105.<\/p><h2 style=\"caret-color: #000000; font-style: normal; text-transform: none; font-size: 2.235294rem; font-weight: 400; line-height: 1.3em;\">K\u0105 renkame ir saugome<\/h2><p style=\"font-style: normal; font-size: 17px; margin-bottom: 0.5em; caret-color: #000000; color: #000000;\">J\u016bs\u0173 apsilankymo svetain\u0117je metu stebime:<\/p><ul style=\"font-style: normal; font-size: 17px; list-style-position: outside; list-style-type: disc; caret-color: #000000; color: #000000;\"><li style=\"font-size: 17px;\">Produktai, kuriuos per\u017ei\u016br\u0117jote: juos naudojame, pavyzd\u017eiui, nor\u0117dami parodyti produktus, kuriuos neseniai per\u017ei\u016br\u0117jote<\/li><li style=\"font-size: 17px;\">Vieta, IP adresas ir nar\u0161ykl\u0117s tipas: juos naudojame mokes\u010diams ir pristatymo i\u0161laidoms apskai\u010diuoti<\/li><li style=\"font-size: 17px;\">Pristatymo adresas: j\u012f papra\u0161ysime \u012fvesti, kad \u012fvertintume pristatymo i\u0161laidas prie\u0161 pateikiant u\u017esakym\u0105 ir i\u0161si\u0173stume u\u017esakym\u0105!<\/li><\/ul><p style=\"font-style: normal; font-size: 17px; margin-bottom: 0.5em; caret-color: #000000; color: #000000;\">Mes naudojame slapukus nor\u0117dami sekti pirkini\u0173 krep\u0161elio turin\u012f, kai nar\u0161ote m\u016bs\u0173 svetain\u0117je.<\/p><p style=\"font-style: normal; font-size: 17px; margin-bottom: 0.5em; caret-color: #000000; color: #000000;\">Kai perkate i\u0161 m\u016bs\u0173 svetain\u0117s, papra\u0161ysime j\u016bs\u0173 pateikti informacij\u0105, \u012fskaitant vard\u0105, pavard\u0119, atsiskaitymo adres\u0105, pristatymo adres\u0105, el. pa\u0161to adres\u0105, telefono numer\u012f, mok\u0117jimo \/ kredito kortel\u0117s duomenis ir galb\u016bt paskyros duomenis, pvz., vartotojo vard\u0105 ir slapta\u017eod\u012f. \u0160i informacija bus naudojama:<\/p><ul style=\"font-style: normal; font-size: 17px; list-style-position: outside; list-style-type: disc; caret-color: #000000; color: #000000;\"><li style=\"font-size: 17px;\">Siun\u010diama informacija apie savo s\u0105skait\u0105 ir u\u017esakym\u0105<\/li><li style=\"font-size: 17px;\">Atsakykite \u012f u\u017eklausas, \u012fskaitant pinig\u0173 gr\u0105\u017einim\u0105 ir skundus<\/li><li style=\"font-size: 17px;\">Mok\u0117jim\u0173 apdorojimas ir suk\u010diavimo prevencija<\/li><li style=\"font-size: 17px;\">Susikurkite paskyr\u0105 m\u016bs\u0173 parduotuv\u0117je<\/li><li style=\"font-size: 17px;\">Laikykit\u0117s vis\u0173 teisini\u0173 \u012fsipareigojim\u0173, pavyzd\u017eiui, apskai\u010diuokite mokes\u010dius<\/li><li style=\"font-size: 17px;\">Pagerinkite m\u016bs\u0173 parduotuvi\u0173 pasi\u016blymus<\/li><li style=\"font-size: 17px;\">Si\u0173skite jums rinkodaros prane\u0161imus, jei nuspr\u0119site juos gauti<\/li><\/ul><p style=\"font-style: normal; font-size: 17px; margin-bottom: 0.5em; caret-color: #000000; color: #000000;\">Jei sukuriate paskyr\u0105, i\u0161saugome j\u016bs\u0173 vard\u0105, adres\u0105, el. pa\u0161to adres\u0105 ir telefono numer\u012f, kurie bus naudojami i\u0161 anksto patvirtinant u\u017esakymus b\u016bsimiems u\u017esakymams.<\/p><p style=\"font-style: normal; font-size: 17px; margin-bottom: 0.5em; caret-color: #000000; color: #000000;\">Nous stockons g\u00e9n\u00e9ralement vos informations aussi longtemps que nous en avons besoin pour l\u2019usage pour lequel nous les collectons et utilisons, et nous ne sommes pas oblig\u00e9s l\u00e9galement de conitnuer \u00e0 les conserver. Par exemple, nous stockons les informations de commande pour 2 ann\u00e9es pour les taxes et la comptabilit\u00e9. Ceci inclut votre nom, adresse de messagerie et adresses de facturation et livraison.<\/p><p style=\"font-style: normal; font-size: 17px; margin-bottom: 0.5em; caret-color: #000000; color: #000000;\">Taip pat saugome komentarus ar atsiliepimus, jei nuspr\u0119site juos si\u0173sti.<\/p><h2 style=\"caret-color: #000000; font-style: normal; text-transform: none; font-size: 2.235294rem; font-weight: 400; line-height: 1.3em;\">Kas i\u0161 m\u016bs\u0173 komandos turi prieig\u0105 prie duomen\u0173<\/h2><p style=\"font-style: normal; font-size: 17px; margin-bottom: 0.5em; caret-color: #000000; color: #000000;\">M\u016bs\u0173 komandos nariai turi prieig\u0105 prie informacijos, kuri\u0105 mums pateikiate. Pavyzd\u017eiui, parduotuvi\u0173 administratoriai ir valdytojai turi prieig\u0105 prie:<\/p><ul style=\"font-style: normal; font-size: 17px; list-style-position: outside; list-style-type: disc; caret-color: #000000; color: #000000;\"><li style=\"font-size: 17px;\">U\u017esakymo informacija, pvz., kas buvo nupirkta, kada ir kur tur\u0117t\u0173 b\u016bti i\u0161si\u0173sta ir<\/li><li style=\"font-size: 17px;\">Kliento informacija, pvz., j\u016bs\u0173 vardas, el. pa\u0161to adresas ir atsiskaitymo bei pristatymo informacija.<\/li><\/ul><p style=\"font-style: normal; font-size: 17px; margin-bottom: 0.5em; caret-color: #000000; color: #000000;\">M\u016bs\u0173 komanda turi prieig\u0105 prie \u0161ios informacijos, kad gal\u0117t\u0173 apdoroti u\u017esakymus, gr\u0105\u017einti l\u0117\u0161as ir pad\u0117ti jums.<\/p><h2 style=\"caret-color: #000000; font-style: normal; text-transform: none; font-size: 2.235294rem; font-weight: 400; line-height: 1.3em;\">Kuo dalijam\u0117s su kitais<\/h2><p style=\"font-style: normal; font-size: 17px; margin-bottom: 0.5em; caret-color: #000000; color: #000000;\">Dalinam\u0117s duomenimis su tre\u010diosiomis \u0161alimis, kurios padeda mums valdyti u\u017esakymus ir parduotuv\u0117s paslaugas; Stripe, kuri yra mok\u0117jimo kreditine kortele paslauga, ir PayPal, kuris yra mok\u0117jimo \u0161liuzas.<\/p><h3 style=\"caret-color: #000000; font-style: normal; font-size: 1.764706rem; font-weight: 400; line-height: 1.3em;\">Mok\u0117jimai<\/h3><p style=\"font-style: normal; font-size: 17px; margin-bottom: 0.5em; caret-color: #000000; color: #000000;\">Priimame mok\u0117jimus PayPal ir Stripe. Apdorojant mok\u0117jimus, \u201ePayPal\u201c arba \u201eStripe\u201c bus perduodami tam tikri duomenys, \u012fskaitant informacij\u0105, reikaling\u0105 mok\u0117jimui u\u017ebaigti, pvz., bendr\u0105 sum\u0105 arba atsiskaitymo informacij\u0105.<\/p><p style=\"font-style: normal; font-size: 17px; margin-bottom: 0.5em; caret-color: #000000; color: #000000;\">Pra\u0161ome perskaityti\u00a0<a style=\"color: #f94b71;\" href=\"https:\/\/www.paypal.com\/us\/webapps\/mpp\/ua\/privacy-full\">PayPal privatumo politika<\/a>\u00a0daugiau detali\u0173.<\/p><p style=\"font-style: normal; font-size: 17px; margin-bottom: 0.5em; caret-color: #000000; color: #000000;\">Pra\u0161ome perskaityti\u00a0<a style=\"color: #f94b71;\" href=\"https:\/\/stripe.com\/fr\/privacy\">Stripe privatumo politika<\/a>\u00a0daugiau detali\u0173.<\/p>\t\t\t\t\t\t\t\t<\/div>\n\t\t\t\t<\/div>\n\t\t\t\t\t<\/div>\n\t\t\t\t<\/div>\n\t\t\t\t<\/div>","protected":false},"excerpt":{"rendered":"<p>Politique de Confidentialit\u00e9 Qui sommes-nous\u00a0? L\u2019adresse de notre site Web est : https:\/\/snow-alligator-195314.hostingersite.com Vous pouvez nous contacter \u00e0 l\u2019adresse email suivante : contact@snow-alligator-195314.hostingersite.com Utilisation des donn\u00e9es personnelles collect\u00e9es Pour toute commande effectu\u00e9e ou toute cr\u00e9ation de compte, vous acceptez de recevoir des offres et promotions par email et\/ou par t\u00e9l\u00e9phone. Commentaires Quand vous laissez un [&hellip;]<\/p>\n","protected":false},"author":1,"featured_media":0,"parent":0,"menu_order":0,"comment_status":"closed","ping_status":"closed","template":"","meta":{"_seopress_robots_primary_cat":"","_seopress_titles_title":"","_seopress_titles_desc":"","_seopress_robots_index":"","site-sidebar-layout":"no-sidebar","site-content-layout":"page-builder","ast-site-content-layout":"default","site-content-style":"default","site-sidebar-style":"default","ast-global-header-display":"","ast-banner-title-visibility":"","ast-main-header-display":"","ast-hfb-above-header-display":"","ast-hfb-below-header-display":"","ast-hfb-mobile-header-display":"","site-post-title":"disabled","ast-breadcrumbs-content":"","ast-featured-img":"disabled","footer-sml-layout":"","ast-disable-related-posts":"","theme-transparent-header-meta":"","adv-header-id-meta":"","stick-header-meta":"","header-above-stick-meta":"","header-main-stick-meta":"","header-below-stick-meta":"","astra-migrate-meta-layouts":"default","ast-page-background-enabled":"default","ast-page-background-meta":{"desktop":{"background-color":"","background-image":"","background-repeat":"repeat","background-position":"center center","background-size":"auto","background-attachment":"scroll","background-type":"","background-media":"","overlay-type":"","overlay-color":"","overlay-opacity":"","overlay-gradient":""},"tablet":{"background-color":"","background-image":"","background-repeat":"repeat","background-position":"center center","background-size":"auto","background-attachment":"scroll","background-type":"","background-media":"","overlay-type":"","overlay-color":"","overlay-opacity":"","overlay-gradient":""},"mobile":{"background-color":"","background-image":"","background-repeat":"repeat","background-position":"center center","background-size":"auto","background-attachment":"scroll","background-type":"","background-media":"","overlay-type":"","overlay-color":"","overlay-opacity":"","overlay-gradient":""}},"ast-content-background-meta":{"desktop":{"background-color":"var(--ast-global-color-5)","background-image":"","background-repeat":"repeat","background-position":"center center","background-size":"auto","background-attachment":"scroll","background-type":"","background-media":"","overlay-type":"","overlay-color":"","overlay-opacity":"","overlay-gradient":""},"tablet":{"background-color":"var(--ast-global-color-5)","background-image":"","background-repeat":"repeat","background-position":"center center","background-size":"auto","background-attachment":"scroll","background-type":"","background-media":"","overlay-type":"","overlay-color":"","overlay-opacity":"","overlay-gradient":""},"mobile":{"background-color":"var(--ast-global-color-5)","background-image":"","background-repeat":"repeat","background-position":"center center","background-size":"auto","background-attachment":"scroll","background-type":"","background-media":"","overlay-type":"","overlay-color":"","overlay-opacity":"","overlay-gradient":""}},"footnotes":""},"class_list":["post-1218","page","type-page","status-publish","hentry"],"_links":{"self":[{"href":"https:\/\/buying-fever.com\/lt\/wp-json\/wp\/v2\/pages\/1218","targetHints":{"allow":["GET"]}}],"collection":[{"href":"https:\/\/buying-fever.com\/lt\/wp-json\/wp\/v2\/pages"}],"about":[{"href":"https:\/\/buying-fever.com\/lt\/wp-json\/wp\/v2\/types\/page"}],"author":[{"embeddable":true,"href":"https:\/\/buying-fever.com\/lt\/wp-json\/wp\/v2\/users\/1"}],"replies":[{"embeddable":true,"href":"https:\/\/buying-fever.com\/lt\/wp-json\/wp\/v2\/comments?post=1218"}],"version-history":[{"count":0,"href":"https:\/\/buying-fever.com\/lt\/wp-json\/wp\/v2\/pages\/1218\/revisions"}],"wp:attachment":[{"href":"https:\/\/buying-fever.com\/lt\/wp-json\/wp\/v2\/media?parent=1218"}],"curies":[{"name":"wp","href":"https:\/\/api.w.org\/{rel}","templated":true}]}}