{"id":1215,"date":"2023-08-13T14:06:55","date_gmt":"2023-08-13T14:06:55","guid":{"rendered":"https:\/\/snow-alligator-195314.hostingersite.com\/?page_id=1215"},"modified":"2025-04-13T23:59:30","modified_gmt":"2025-04-13T21:59:30","slug":"mentions-legales","status":"publish","type":"page","link":"https:\/\/buying-fever.com\/lt\/teisinis-ispejimas\/","title":{"rendered":"Teisinis \u012fsp\u0117jimas"},"content":{"rendered":"<div data-elementor-type=\"wp-page\" data-elementor-id=\"1215\" class=\"elementor elementor-1215\" data-elementor-post-type=\"page\">\n\t\t\t\t<div class=\"elementor-element elementor-element-1059819 e-flex e-con-boxed e-con e-parent\" data-id=\"1059819\" data-element_type=\"container\" data-e-type=\"container\">\n\t\t\t\t\t<div class=\"e-con-inner\">\n\t\t\t\t<div class=\"elementor-element elementor-element-15e19df elementor-widget elementor-widget-heading\" data-id=\"15e19df\" data-element_type=\"widget\" data-e-type=\"widget\" data-widget_type=\"heading.default\">\n\t\t\t\t<div class=\"elementor-widget-container\">\n\t\t\t\t\t<h1 class=\"elementor-heading-title elementor-size-default\">Teisinis \u012fsp\u0117jimas<\/h1>\t\t\t\t<\/div>\n\t\t\t\t<\/div>\n\t\t\t\t<div class=\"elementor-element elementor-element-7e740d0 elementor-widget elementor-widget-text-editor\" data-id=\"7e740d0\" data-element_type=\"widget\" data-e-type=\"widget\" data-widget_type=\"text-editor.default\">\n\t\t\t\t<div class=\"elementor-widget-container\">\n\t\t\t\t\t\t\t\t\t<h2 style=\"font-style: normal; text-transform: none; font-size: 2rem; margin-bottom: 0px; color: #005ca2; line-height: 1.25em; caret-color: #7a7a7a;\"><span style=\"color: #333333;\">1. Svetain\u0117s pristatymas.<\/span><\/h2><div style=\"caret-color: #7a7a7a; color: #7a7a7a; font-size: 15px;\"><p style=\"font-size: 15px; margin-bottom: 1.75em;\">Pagal 2004 m. bir\u017eelio 21 d. \u012estatymo Nr. 2004-575, skirto pasitik\u0117jimui skaitmenine ekonomika, 6 straipsn\u012f, svetain\u0117s buying-fever.com naudotojai informuojami apie \u012fvairi\u0173 dalyvi\u0173 tapatyb\u0119 \u012fgyvendinant ir stebint:<\/p><p style=\"font-size: 15px; margin-bottom: 1.75em;\"><strong>Savininkas<\/strong> : Brand Success \u2013 78, Avenue des Champs-\u00c9lys\u00e9es, Bureau 562, 75008 Paris \u2013 France. Siret : 83353766500022<\/p><p style=\"font-size: 15px; margin-bottom: 1.75em;\"><span style=\"font-style: inherit; color: var( --e-global-color-text ); font-family: var( --e-global-typography-text-font-family ), Sans-serif;\">Leidinio valdytojas yra fizinis arba juridinis asmuo.<\/span><\/p><p style=\"font-size: 15px; margin-bottom: 1.75em;\"><strong>\u0160eimininkas<\/strong>\u00a0:\u00a0<em>OVH<\/em>\u00a0SAS: 2 rue Kellermann \u2013 BP 80157 59053 ROUBAIX CEDEX 1<\/p><h3 style=\"font-size: 1.666667rem; margin-bottom: 0px; color: #005ca2; line-height: 1.2em;\"><span style=\"color: #333333;\">2. Bendrosios naudojimosi svetaine s\u0105lygos ir si\u016blomos paslaugos.<\/span><\/h3><p style=\"font-size: 15px; margin-bottom: 1.75em;\">Naudojimasis buying-fever.com svetaine rei\u0161kia visi\u0161k\u0105 sutikim\u0105 su toliau apra\u0161ytomis bendromis naudojimo s\u0105lygomis. \u0160ios naudojimo s\u0105lygos gali b\u016bti bet kada kei\u010diamos ar papildytos, tod\u0117l svetain\u0117s buying-fever.com vartotojai kvie\u010diami reguliariai jomis susipa\u017einti.<\/p><p style=\"font-size: 15px; margin-bottom: 1.75em;\">Ce site est normalement accessible \u00e0 tout moment aux utilisateurs. Une interruption pour raison de maintenance technique peut \u00eatre toutefois d\u00e9cid\u00e9e par Brand Success, qui s\u2019efforcera alors de communiquer pr\u00e9alablement aux utilisateurs les dates et heures de l\u2019intervention.<\/p><p style=\"font-size: 15px; margin-bottom: 1.75em;\">Svetain\u0117 buying-fever.com<a style=\"color: #547dd3;\" href=\"https:\/\/rocket-marketing.eu\/\">\u00a0<\/a>est mis \u00e0 jour r\u00e9guli\u00e8rement par Brand Success. De la m\u00eame fa\u00e7on, les mentions l\u00e9gales peuvent \u00eatre modifi\u00e9es \u00e0 tout moment : elles s\u2019imposent n\u00e9anmoins \u00e0 l\u2019utilisateur qui est invit\u00e9 \u00e0 s\u2019y r\u00e9f\u00e9rer le plus souvent possible afin d\u2019en prendre connaissance.<\/p><h3 style=\"font-size: 1.666667rem; margin-bottom: 0px; color: #005ca2; line-height: 1.2em;\"><span style=\"color: #333333;\">3. Teikiam\u0173 paslaug\u0173 apra\u0161ymas.<\/span><\/h3><p style=\"font-size: 15px; margin-bottom: 1.75em;\">Svetain\u0117s buying-fever.com tikslas \u2013 teikti informacij\u0105 apie vis\u0105 \u012fmon\u0117s veikl\u0105.<\/p><p style=\"font-size: 15px; margin-bottom: 1.75em;\">Brand Success s\u2019efforce de fournir sur le site buying-fever.com des informations aussi pr\u00e9cises que possible. Toutefois, il ne pourra \u00eatre tenue responsable des omissions, des inexactitudes et des carences dans la mise \u00e0 jour, qu\u2019elles soient de son fait ou du fait des tiers partenaires qui lui fournissent ces informations.<\/p><p style=\"font-size: 15px; margin-bottom: 1.75em;\">Visa informacija, nurodyta svetain\u0117je buying-fever.com, yra pateikiama tik informaciniais tikslais ir gali b\u016bti kei\u010diama. Be to, svetain\u0117je buying-fever.com pateikta informacija n\u0117ra i\u0161sami. Jie pateikiami atsi\u017evelgiant \u012f pakeitimus, kurie buvo padaryti nuo tada, kai jie buvo \u012ftraukti \u012f internet\u0105.<\/p><h3 style=\"font-size: 1.666667rem; margin-bottom: 0px; color: #005ca2; line-height: 1.2em;\"><span style=\"color: #333333;\">4. Sutartiniai technini\u0173 duomen\u0173 apribojimai.<\/span><\/h3><p style=\"font-size: 15px; margin-bottom: 1.75em;\">Svetain\u0117je naudojama JavaScript technologija.<\/p><p style=\"font-size: 15px; margin-bottom: 1.75em;\">Svetain\u0117 negali b\u016bti laikoma atsakinga u\u017e materialin\u0119 \u017eal\u0105, susijusi\u0105 su svetain\u0117s naudojimu. Be to, svetain\u0117s naudotojas \u012fsipareigoja patekti \u012f svetain\u0119 naudodamas naujausi\u0105 \u012frang\u0105, be virus\u0173 ir atnaujint\u0105 naujausios kartos nar\u0161ykl\u0119.<\/p><h3 style=\"font-size: 1.666667rem; margin-bottom: 0px; color: #005ca2; line-height: 1.2em;\"><span style=\"color: #333333;\">5. Intelektin\u0117 nuosavyb\u0117 ir padirbin\u0117jimas.<\/span><\/h3><p style=\"font-size: 15px; margin-bottom: 1.75em;\">Brand Success est propri\u00e9taire des droits de propri\u00e9t\u00e9 intellectuelle ou d\u00e9tient les droits d\u2019usage sur tous les \u00e9l\u00e9ments accessibles sur le site, notamment les textes, images, graphismes, logo, ic\u00f4nes, sons, logiciels.<\/p><p style=\"font-size: 15px; margin-bottom: 1.75em;\">Toute reproduction, repr\u00e9sentation, modification, publication, adaptation de tout ou partie des \u00e9l\u00e9ments du site, quel que soit le moyen ou le proc\u00e9d\u00e9 utilis\u00e9, est interdite, sauf autorisation \u00e9crite pr\u00e9alable de la soci\u00e9t\u00e9 Brand Success.<\/p><p style=\"font-size: 15px; margin-bottom: 1.75em;\">Bet koks neteis\u0117tas svetain\u0117s ar bet kuri\u0173 joje esan\u010di\u0173 element\u0173 naudojimas bus laikomas pa\u017eeidimu ir bus patrauktas baud\u017eiamojon atsakomyb\u0117n pagal Intelektin\u0117s nuosavyb\u0117s kodekso L.335-2 ir paskesni\u0173 straipsni\u0173 nuostatas.<\/p><h3 style=\"font-size: 1.666667rem; margin-bottom: 0px; color: #005ca2; line-height: 1.2em;\"><span style=\"color: #333333;\">6. Atsakomyb\u0117s apribojimai.<\/span><\/h3><p style=\"font-size: 15px; margin-bottom: 1.75em;\">Brand Success ne pourra \u00eatre tenue responsable des dommages directs et indirects caus\u00e9s au mat\u00e9riel de l\u2019utilisateur, lors de l\u2019acc\u00e8s au site buying-fever.com, et r\u00e9sultant soit de l\u2019utilisation d\u2019un mat\u00e9riel ne r\u00e9pondant pas aux sp\u00e9cifications indiqu\u00e9es au point 4, soit de l\u2019apparition d\u2019un bug ou d\u2019une incompatibilit\u00e9.<\/p><p style=\"font-size: 15px; margin-bottom: 1.75em;\">Brand Success ne pourra \u00e9galement \u00eatre tenue responsable des dommages indirects (tels par exemple qu\u2019une perte de march\u00e9 ou perte d\u2019une chance) cons\u00e9cutifs \u00e0 l\u2019utilisation du site buying-fever.com<\/p><p style=\"font-size: 15px; margin-bottom: 1.75em;\">Des espaces interactifs (possibilit\u00e9 de poser des questions dans l\u2019espace contact) sont \u00e0 la disposition des utilisateurs. Brand Success se r\u00e9serve le droit de supprimer, sans mise en demeure pr\u00e9alable, tout contenu d\u00e9pos\u00e9 dans cet espace qui contreviendrait \u00e0 la l\u00e9gislation applicable en France, en particulier aux dispositions relatives \u00e0 la protection des donn\u00e9es. Le cas \u00e9ch\u00e9ant, Brand Success se r\u00e9serve \u00e9galement la possibilit\u00e9 de mettre en cause la responsabilit\u00e9 civile et\/ou p\u00e9nale de l\u2019utilisateur, notamment en cas de message \u00e0 caract\u00e8re raciste, injurieux, diffamant, ou pornographique, quel que soit le support utilis\u00e9 (texte, photographie\u2026).<\/p><h3 style=\"font-size: 1.666667rem; margin-bottom: 0px; color: #005ca2; line-height: 1.2em;\"><span style=\"color: #333333;\">7. Asmens duomen\u0173 tvarkymas.<\/span><\/h3><p style=\"font-size: 15px; margin-bottom: 1.75em;\">Pranc\u016bzijoje asmens duomenis ypa\u010d saugo 1978 m. sausio 6 d. \u012fstatymas Nr. 78-87, 2004 m. rugpj\u016b\u010dio 6 d. \u012fstatymas Nr. 2004-801, Baud\u017eiamojo kodekso L. 226-13 straipsnis ir spalio 24 d. Europos direktyva. , 1995 m.<\/p><p style=\"font-size: 15px; margin-bottom: 1.75em;\">Naudojantis svetaine buying-fever.com, gali b\u016bti renkama: nuorod\u0173, per kurias vartotojas pasiek\u0117 buying-fever.com svetain\u0119, URL, vartotojo prieigos teik\u0117jas , vartotojo interneto protokolo (IP) adresas.<\/p><p style=\"font-size: 15px; margin-bottom: 1.75em;\">En tout \u00e9tat de cause Brand Success ne collecte des informations personnelles relatives \u00e0 l\u2019utilisateur que pour le besoin de certains services propos\u00e9s par le site buying-fever.com. L\u2019utilisateur fournit ces informations en toute connaissance de cause, notamment lorsqu\u2019il proc\u00e8de par lui-m\u00eame \u00e0 leur saisie. Il est alors pr\u00e9cis\u00e9 \u00e0 l\u2019utilisateur du site buying-fever.com a l\u2019obligation ou non de fournir ces informations.<\/p><p style=\"font-size: 15px; margin-bottom: 1.75em;\">Pagal 1978 m. sausio 6 d. \u012fstatymo 78\u201317 38 ir tolesni\u0173 straipsni\u0173 nuostatas, susijusias su duomen\u0173 tvarkymu, bylomis ir laisv\u0117mis, kiekvienas vartotojas turi teis\u0119 susipa\u017einti su juo susijusiais asmens duomenimis, juos i\u0161taisyti ir nesutikti, pateikdamas savo ir pasira\u0161ytas pra\u0161ymas, prie kurio pridedama asmens tapatyb\u0119 patvirtinan\u010dio dokumento kopija su dokumento tur\u0117tojo para\u0161u, nurodant adres\u0105, kuriuo turi b\u016bti siun\u010diamas atsakymas.<\/p><p style=\"font-size: 15px; margin-bottom: 1.75em;\">Aucune information personnelle de l\u2019utilisateur du site buying-fever.com n\u2019est publi\u00e9e \u00e0 l\u2019insu de l\u2019utilisateur, \u00e9chang\u00e9e, transf\u00e9r\u00e9e, c\u00e9d\u00e9e ou vendue sur un support quelconque \u00e0 des tiers. Seule l\u2019hypoth\u00e8se du rachat de Brand Success et de ses droits permettrait la transmission des dites informations \u00e0 l\u2019\u00e9ventuel acqu\u00e9reur qui serait \u00e0 son tour tenu de la m\u00eame obligation de conservation et de modification des donn\u00e9es vis \u00e0 vis de l\u2019utilisateur du site buying-fever.com<\/p><p style=\"font-size: 15px; margin-bottom: 1.75em;\">Duomen\u0173 baz\u0117s saugomos pagal 1998 m. liepos 1 d. \u012fstatymo nuostatas, perkelian\u010dias 1996 m. kovo 11 d. direktyv\u0105 96\/9 d\u0117l duomen\u0173 bazi\u0173 teisin\u0117s apsaugos.<\/p><h3 style=\"font-size: 1.666667rem; margin-bottom: 0px; color: #005ca2; line-height: 1.2em;\"><span style=\"color: #333333;\">8. Hipertekstin\u0117s nuorodos ir slapukai.<\/span><\/h3><p style=\"font-size: 15px; margin-bottom: 1.75em;\">Le site buying-fever.com contient un certain nombre de liens hypertextes vers d\u2019autres sites, mis en place avec l\u2019autorisation de Brand Success. Cependant, Brand Success n\u2019a pas la possibilit\u00e9 de v\u00e9rifier le contenu des sites ainsi visit\u00e9s, et n\u2019assumera en cons\u00e9quence aucune responsabilit\u00e9 de ce fait.<\/p><p style=\"font-size: 15px; margin-bottom: 1.75em;\">Nar\u0161ant svetain\u0117je buying-fever.com naudotojo kompiuteryje gali b\u016bti \u012fdiegtas (-i) slapukas (-ai). Slapukas yra ma\u017eas failas, kuris neleid\u017eia identifikuoti vartotojo, bet \u012fra\u0161o informacij\u0105, susijusi\u0105 su kompiuterio nar\u0161ymu svetain\u0117je. Taip gautais duomenimis siekiama palengvinti tolesn\u0119 nar\u0161ym\u0105 svetain\u0117je, taip pat leid\u017eia atlikti \u012fvairius eismo matavimus.<\/p><p style=\"font-size: 15px; margin-bottom: 1.75em;\">Atsisakius \u012fdiegti slapuk\u0105, gali b\u016bti ne\u012fmanoma pasiekti tam tikr\u0173 paslaug\u0173. Ta\u010diau vartotojas gali sukonfig\u016bruoti savo kompiuter\u012f tokiu b\u016bdu, kad atsisakyt\u0173 slapuk\u0173 diegimo:<\/p><p style=\"font-size: 15px; margin-bottom: 1.75em;\">\u201eInternet Explorer\u201c: \u012franki\u0173 skirtukas (sraigtelio formos piktograma vir\u0161uje de\u0161in\u0117je) \/ interneto parinktys. Spustel\u0117kite Privatumas ir pasirinkite Blokuoti visus slapukus. Patvirtinkite OK.<\/p><p style=\"font-size: 15px; margin-bottom: 1.75em;\">\u201eFirefox\u201c: nar\u0161ykl\u0117s lango vir\u0161uje spustel\u0117kite mygtuk\u0105 \u201eFirefox\u201c, tada eikite \u012f skirtuk\u0105 Parinktys. Spustel\u0117kite skirtuk\u0105 Privatumas. Nustatyti saugojimo taisykles \u012f: naudoti priskirtus istorijos nustatymus. Galiausiai panaikinkite \u017eym\u0117jim\u0105, kad i\u0161jungtum\u0117te slapukus.<\/p><p style=\"font-size: 15px; margin-bottom: 1.75em;\">Skiltyje \u201eSafari\u201c: nar\u0161ykl\u0117s vir\u0161uje, de\u0161in\u0117je, spustel\u0117kite meniu piktogram\u0105 (simbolizuojam\u0105 sraigteliu). Pasirinkite Nustatymai. Spustel\u0117kite Rodyti i\u0161pl\u0117stinius nustatymus. Skiltyje \u201ePrivatumas\u201c spustel\u0117kite Turinio nustatymai. Skiltyje \u201eSlapukai\u201c galite blokuoti slapukus.<\/p><p style=\"font-size: 15px; margin-bottom: 1.75em;\">\u201eChrome\u201c: spustel\u0117kite nar\u0161ykl\u0117s vir\u0161uje, de\u0161in\u0117je, esan\u010di\u0105 meniu piktogram\u0105 (simbolizuojama trimis horizontaliomis linijomis). Pasirinkite Nustatymai. Spustel\u0117kite Rodyti i\u0161pl\u0117stinius nustatymus. Skiltyje \u201ePrivatumas\u201c spustel\u0117kite Nuostatos. Skirtuke \u201ePrivatumas\u201c galite blokuoti slapukus.<\/p><h3 style=\"font-size: 1.666667rem; margin-bottom: 0px; color: #005ca2; line-height: 1.2em;\"><span style=\"color: #333333;\">9. Taikytina teis\u0117 ir jurisdikcijos priskyrimas.<\/span><\/h3><p style=\"font-size: 15px; margin-bottom: 1.75em;\">Bet kokiems gin\u010dams, susijusiems su buying-fever.com svetain\u0117s naudojimu, taikomi Pranc\u016bzijos \u012fstatymai. I\u0161skirtin\u0117 jurisdikcija suteikiama kompetentingiems Pary\u017eiaus teismams.<\/p><h3 style=\"font-size: 1.666667rem; margin-bottom: 0px; color: #005ca2; line-height: 1.2em;\"><span style=\"color: #333333;\">10. Pagrindiniai susij\u0119 \u012fstatymai.<\/span><\/h3><p style=\"font-size: 15px; margin-bottom: 1.75em;\">1978 m. sausio 6 d. \u012fstatymas Nr. 78-17, ypa\u010d pakeistas 2004 m. rugpj\u016b\u010dio 6 d. \u012estatymu Nr. 2004-801 d\u0117l duomen\u0173 tvarkymo, byl\u0173 ir laisvi\u0173.<\/p><p style=\"font-size: 15px; margin-bottom: 1.75em;\">2004 m. bir\u017eelio 21 d. \u012fstatymas Nr. 2004-575 d\u0117l pasitik\u0117jimo skaitmenine ekonomika.<\/p><h3 style=\"font-size: 1.666667rem; margin-bottom: 0px; color: #005ca2; line-height: 1.2em;\"><span style=\"color: #333333;\">11. \u017dodyn\u0117lis.<\/span><\/h3><p style=\"font-size: 15px; margin-bottom: 1.75em;\">Vartotojas: interneto vartotojas, prisijung\u0119s naudodamasis auk\u0161\u010diau min\u0117ta svetaine.<\/p><p style=\"font-size: 15px; margin-bottom: 1.75em;\">Asmenin\u0117 informacija: \u201einformacija, leid\u017eianti bet kokia forma, tiesiogiai ar netiesiogiai nustatyti fizini\u0173 asmen\u0173, kuriems ji taikoma, tapatyb\u0119\u201c (1978 m. sausio 6 d. \u012fstatymo Nr. 78-17 4 straipsnis).<\/p><\/div>\t\t\t\t\t\t\t\t<\/div>\n\t\t\t\t<\/div>\n\t\t\t\t\t<\/div>\n\t\t\t\t<\/div>\n\t\t\t\t<\/div>","protected":false},"excerpt":{"rendered":"<p>Mentions L\u00e9gales 1. Pr\u00e9sentation du site. En vertu de l\u2019article 6 de la loi n\u00b0 2004-575 du 21 juin 2004 pour la confiance dans l\u2019\u00e9conomie num\u00e9rique, il est pr\u00e9cis\u00e9 aux utilisateurs du site buying-fever.com l\u2019identit\u00e9 des diff\u00e9rents intervenants dans le cadre de sa r\u00e9alisation et de son suivi : Propri\u00e9taire : Brand Success \u2013 78, [&hellip;]<\/p>\n","protected":false},"author":1,"featured_media":0,"parent":0,"menu_order":0,"comment_status":"closed","ping_status":"closed","template":"","meta":{"_seopress_robots_primary_cat":"","_seopress_titles_title":"","_seopress_titles_desc":"","_seopress_robots_index":"","site-sidebar-layout":"no-sidebar","site-content-layout":"page-builder","ast-site-content-layout":"default","site-content-style":"default","site-sidebar-style":"default","ast-global-header-display":"","ast-banner-title-visibility":"","ast-main-header-display":"","ast-hfb-above-header-display":"","ast-hfb-below-header-display":"","ast-hfb-mobile-header-display":"","site-post-title":"disabled","ast-breadcrumbs-content":"","ast-featured-img":"disabled","footer-sml-layout":"","ast-disable-related-posts":"","theme-transparent-header-meta":"","adv-header-id-meta":"","stick-header-meta":"","header-above-stick-meta":"","header-main-stick-meta":"","header-below-stick-meta":"","astra-migrate-meta-layouts":"default","ast-page-background-enabled":"default","ast-page-background-meta":{"desktop":{"background-color":"","background-image":"","background-repeat":"repeat","background-position":"center center","background-size":"auto","background-attachment":"scroll","background-type":"","background-media":"","overlay-type":"","overlay-color":"","overlay-opacity":"","overlay-gradient":""},"tablet":{"background-color":"","background-image":"","background-repeat":"repeat","background-position":"center center","background-size":"auto","background-attachment":"scroll","background-type":"","background-media":"","overlay-type":"","overlay-color":"","overlay-opacity":"","overlay-gradient":""},"mobile":{"background-color":"","background-image":"","background-repeat":"repeat","background-position":"center center","background-size":"auto","background-attachment":"scroll","background-type":"","background-media":"","overlay-type":"","overlay-color":"","overlay-opacity":"","overlay-gradient":""}},"ast-content-background-meta":{"desktop":{"background-color":"var(--ast-global-color-5)","background-image":"","background-repeat":"repeat","background-position":"center center","background-size":"auto","background-attachment":"scroll","background-type":"","background-media":"","overlay-type":"","overlay-color":"","overlay-opacity":"","overlay-gradient":""},"tablet":{"background-color":"var(--ast-global-color-5)","background-image":"","background-repeat":"repeat","background-position":"center center","background-size":"auto","background-attachment":"scroll","background-type":"","background-media":"","overlay-type":"","overlay-color":"","overlay-opacity":"","overlay-gradient":""},"mobile":{"background-color":"var(--ast-global-color-5)","background-image":"","background-repeat":"repeat","background-position":"center center","background-size":"auto","background-attachment":"scroll","background-type":"","background-media":"","overlay-type":"","overlay-color":"","overlay-opacity":"","overlay-gradient":""}},"footnotes":""},"class_list":["post-1215","page","type-page","status-publish","hentry"],"_links":{"self":[{"href":"https:\/\/buying-fever.com\/lt\/wp-json\/wp\/v2\/pages\/1215","targetHints":{"allow":["GET"]}}],"collection":[{"href":"https:\/\/buying-fever.com\/lt\/wp-json\/wp\/v2\/pages"}],"about":[{"href":"https:\/\/buying-fever.com\/lt\/wp-json\/wp\/v2\/types\/page"}],"author":[{"embeddable":true,"href":"https:\/\/buying-fever.com\/lt\/wp-json\/wp\/v2\/users\/1"}],"replies":[{"embeddable":true,"href":"https:\/\/buying-fever.com\/lt\/wp-json\/wp\/v2\/comments?post=1215"}],"version-history":[{"count":0,"href":"https:\/\/buying-fever.com\/lt\/wp-json\/wp\/v2\/pages\/1215\/revisions"}],"wp:attachment":[{"href":"https:\/\/buying-fever.com\/lt\/wp-json\/wp\/v2\/media?parent=1215"}],"curies":[{"name":"wp","href":"https:\/\/api.w.org\/{rel}","templated":true}]}}