{"id":1366,"date":"2023-08-20T22:24:58","date_gmt":"2023-08-20T22:24:58","guid":{"rendered":"https:\/\/snow-alligator-195314.hostingersite.com\/produit\/sweat-pour-levier-de-vitesse\/"},"modified":"2025-06-14T00:53:00","modified_gmt":"2025-06-13T22:53:00","slug":"sweat-pour-levier-de-vitesse","status":"publish","type":"product","link":"https:\/\/buying-fever.com\/it\/prodotto\/felpa-per-cambio\/","title":{"rendered":"Felpa con cappuccio del cambio"},"content":{"rendered":"<h2 style=\"text-align: center;\">Il prodotto di cui non sapevi di aver bisogno!<\/h2>\n<p>&nbsp;<\/p>\n<p>Il modo migliore per aggiungere personalit\u00e0 alla tua auto. La tua auto \u00e8 pi\u00f9 di un semplice mezzo di trasporto, \u00e8 un&#039;estensione della tua personalit\u00e0.<\/p>\n<p>Allora perch\u00e9 accontentarsi di un cambio noioso quando puoi averne uno <strong>Felpa con cappuccio del cambio<\/strong> divertente e comodo?<\/p>\n<p>\u00c8 l&#039;accessorio perfetto per chi vuole aggiungere un po&#039; di personalit\u00e0 e comfort alla propria auto.<\/p>\n<p><img fetchpriority=\"high\" decoding=\"async\" class=\"aligncenter wp-image-1376 size-full\" src=\"https:\/\/buying-fever.com\/wp-content\/uploads\/2023\/08\/567e0a64112c810913fa65e59a096afe64f470e3.gif\" alt=\"felpa con cambio\" width=\"270\" height=\"480\" \/><\/p>\n<p>&nbsp;<\/p>\n<h2>Vestibilit\u00e0 universale<\/h2>\n<div data-slot-rendered-content=\"true\">I nostri cappucci del cambio sono progettati per adattarsi alla maggior parte dei cambi di altezza 10-13 (altezza totale). Possono essere utilizzati in veicoli con cambio manuale e automatico.<\/div>\n<div data-slot-rendered-content=\"true\"><img decoding=\"async\" class=\"aligncenter\" src=\"https:\/\/ae01.alicdn.com\/kf\/S8e40c92fb7e24a738f0bc94485edd429q.jpg?width=1000&amp;height=380&amp;hash=1380\" alt=\"\" width=\"861\" height=\"327\" \/><\/div>\n<div data-slot-rendered-content=\"true\">\n<h2><\/h2>\n<h2>Materiale confortevole e resistente<\/h2>\n<p>Sono realizzati in tessuto poliestere 100%. Questo materiale non \u00e8 solo resistente e durevole, ma offre anche una presa morbida e confortevole che rende i cambi di marcia pi\u00f9 piacevoli. Le coperture sono progettate per resistere all&#039;usura quotidiana e sono facili da pulire e mantenere.<\/p>\n<p><img decoding=\"async\" class=\"wp-image-1377 size-full aligncenter\" src=\"https:\/\/buying-fever.com\/wp-content\/uploads\/2023\/08\/2dc9eeabb9d8a3ab211dde82ac67950c1c339ecd.jpeg.webp\" alt=\"felpa con cambio\" width=\"570\" height=\"710\" srcset=\"https:\/\/buying-fever.com\/wp-content\/uploads\/2023\/08\/2dc9eeabb9d8a3ab211dde82ac67950c1c339ecd.jpeg.webp 570w, https:\/\/buying-fever.com\/wp-content\/uploads\/2023\/08\/2dc9eeabb9d8a3ab211dde82ac67950c1c339ecd.jpeg-241x300.webp 241w, https:\/\/buying-fever.com\/wp-content\/uploads\/2023\/08\/2dc9eeabb9d8a3ab211dde82ac67950c1c339ecd.jpeg-300x374.webp 300w\" sizes=\"(max-width: 570px) 100vw, 570px\" \/><\/p>\n<\/div>\n<h2><\/h2>\n<h2>Personalizzato e divertente<\/h2>\n<p>Le nostre felpe con cappuccio non sono solo pratiche, ma aggiungono anche un tocco di personalit\u00e0 e divertimento agli interni della tua auto. Con una variet\u00e0 di colori e design, puoi scegliere la felpa che meglio si adatta al tuo stile e gusto. Che tu preferisca un design audace e accattivante o un look pi\u00f9 discreto e sobrio, abbiamo qualcosa per tutti.<\/p>\n<h2><img loading=\"lazy\" decoding=\"async\" class=\"aligncenter\" src=\"https:\/\/ae03.alicdn.com\/kf\/Sdf0d94e202b24925b53bdc652994a2756.jpg\" width=\"832\" height=\"832\" \/><\/h2>\n<h2><\/h2>\n<h2>facile da installare e da rimuovere<\/h2>\n<p>Sono progettati per essere facili da installare e rimuovere, cos\u00ec puoi cambiarlo in qualsiasi momento, ad esempio per lavarlo.<\/p>\n<h2><\/h2>\n<h2>Colloquio<\/h2>\n<p>Le nostre felpe con cappuccio per il cambio sono facili da pulire e mantenere. Possono essere lavati a mano o in lavatrice e devono essere asciugati all&#039;aria. Quindi non devi preoccuparti di sporco, sporcizia o liquidi versati...basta lavarlo e sembrer\u00e0 di nuovo nuovo.<\/p>\n<p>&nbsp;<\/p>\n<p><img loading=\"lazy\" decoding=\"async\" class=\"aligncenter\" src=\"https:\/\/ae03.alicdn.com\/kf\/S5340db4911334a10af15f74363e8a7e1N.jpg\" width=\"664\" height=\"664\" \/><\/p>","protected":false},"excerpt":{"rendered":"<p>Le produit que vous ne saviez pas que vous aviez besoin ! &nbsp; Le meilleur moyen d&rsquo;ajouter de la personnalit\u00e9 \u00e0 votre voiture. Votre voiture est plus qu&rsquo;un simple moyen de locomotion, c&rsquo;est une extension de votre personnalit\u00e9. Alors pourquoi se contenter d&rsquo;un levier de vitesse ennuyeux quand vous pouvez avoir un Sweat \u00e0 capuche [&hellip;]<\/p>\n","protected":false},"featured_media":1348,"comment_status":"open","ping_status":"closed","template":"","meta":{"_seopress_robots_primary_cat":"none","_seopress_titles_title":"","_seopress_titles_desc":"","_seopress_robots_index":"","site-sidebar-layout":"default","site-content-layout":"","ast-site-content-layout":"default","site-content-style":"default","site-sidebar-style":"default","ast-global-header-display":"","ast-banner-title-visibility":"","ast-main-header-display":"","ast-hfb-above-header-display":"","ast-hfb-below-header-display":"","ast-hfb-mobile-header-display":"","site-post-title":"","ast-breadcrumbs-content":"","ast-featured-img":"","footer-sml-layout":"","ast-disable-related-posts":"","theme-transparent-header-meta":"default","adv-header-id-meta":"","stick-header-meta":"","header-above-stick-meta":"","header-main-stick-meta":"","header-below-stick-meta":"","astra-migrate-meta-layouts":"set","ast-page-background-enabled":"default","ast-page-background-meta":{"desktop":{"background-color":"","background-image":"","background-repeat":"repeat","background-position":"center center","background-size":"auto","background-attachment":"scroll","background-type":"","background-media":"","overlay-type":"","overlay-color":"","overlay-opacity":"","overlay-gradient":""},"tablet":{"background-color":"","background-image":"","background-repeat":"repeat","background-position":"center center","background-size":"auto","background-attachment":"scroll","background-type":"","background-media":"","overlay-type":"","overlay-color":"","overlay-opacity":"","overlay-gradient":""},"mobile":{"background-color":"","background-image":"","background-repeat":"repeat","background-position":"center center","background-size":"auto","background-attachment":"scroll","background-type":"","background-media":"","overlay-type":"","overlay-color":"","overlay-opacity":"","overlay-gradient":""}},"ast-content-background-meta":{"desktop":{"background-color":"var(--ast-global-color-5)","background-image":"","background-repeat":"repeat","background-position":"center center","background-size":"auto","background-attachment":"scroll","background-type":"","background-media":"","overlay-type":"","overlay-color":"","overlay-opacity":"","overlay-gradient":""},"tablet":{"background-color":"var(--ast-global-color-5)","background-image":"","background-repeat":"repeat","background-position":"center center","background-size":"auto","background-attachment":"scroll","background-type":"","background-media":"","overlay-type":"","overlay-color":"","overlay-opacity":"","overlay-gradient":""},"mobile":{"background-color":"var(--ast-global-color-5)","background-image":"","background-repeat":"repeat","background-position":"center center","background-size":"auto","background-attachment":"scroll","background-type":"","background-media":"","overlay-type":"","overlay-color":"","overlay-opacity":"","overlay-gradient":""}}},"product_brand":[],"product_cat":[42],"product_tag":[],"class_list":{"0":"post-1366","1":"product","2":"type-product","3":"status-publish","4":"has-post-thumbnail","6":"product_cat-cadeau","7":"desktop-align-center","8":"tablet-align-center","9":"mobile-align-center","10":"ast-product-gallery-layout-horizontal","11":"ast-magnify-disabled","12":"ast-product-single-variable","13":"ast-product-tabs-layout-horizontal","14":"ast-qv-on-image","16":"first","17":"instock","18":"shipping-taxable","19":"purchasable","20":"product-type-variable"},"bundled_by":[],"bundle_stock_status":"instock","bundle_stock_quantity":null,"bundle_virtual":false,"bundle_layout":"","bundle_add_to_cart_form_location":"","bundle_editable_in_cart":false,"bundle_sold_individually_context":"","bundle_item_grouping":"","bundle_min_size":"","bundle_max_size":"","bundle_price":[],"bundled_items":[],"bundle_sell_ids":[],"_links":{"self":[{"href":"https:\/\/buying-fever.com\/it\/wp-json\/wp\/v2\/product\/1366","targetHints":{"allow":["GET"]}}],"collection":[{"href":"https:\/\/buying-fever.com\/it\/wp-json\/wp\/v2\/product"}],"about":[{"href":"https:\/\/buying-fever.com\/it\/wp-json\/wp\/v2\/types\/product"}],"replies":[{"embeddable":true,"href":"https:\/\/buying-fever.com\/it\/wp-json\/wp\/v2\/comments?post=1366"}],"version-history":[{"count":0,"href":"https:\/\/buying-fever.com\/it\/wp-json\/wp\/v2\/product\/1366\/revisions"}],"wp:featuredmedia":[{"embeddable":true,"href":"https:\/\/buying-fever.com\/it\/wp-json\/wp\/v2\/media\/1348"}],"wp:attachment":[{"href":"https:\/\/buying-fever.com\/it\/wp-json\/wp\/v2\/media?parent=1366"}],"wp:term":[{"taxonomy":"product_brand","embeddable":true,"href":"https:\/\/buying-fever.com\/it\/wp-json\/wp\/v2\/product_brand?post=1366"},{"taxonomy":"product_cat","embeddable":true,"href":"https:\/\/buying-fever.com\/it\/wp-json\/wp\/v2\/product_cat?post=1366"},{"taxonomy":"product_tag","embeddable":true,"href":"https:\/\/buying-fever.com\/it\/wp-json\/wp\/v2\/product_tag?post=1366"}],"curies":[{"name":"wp","href":"https:\/\/api.w.org\/{rel}","templated":true}]}}