{"id":1284,"date":"2023-08-20T21:19:44","date_gmt":"2023-08-20T21:19:44","guid":{"rendered":"https:\/\/snow-alligator-195314.hostingersite.com\/?post_type=product&#038;p=1284"},"modified":"2025-06-14T00:52:39","modified_gmt":"2025-06-13T22:52:39","slug":"boutons-de-communication-pour-chien","status":"publish","type":"product","link":"https:\/\/buying-fever.com\/it\/prodotto\/pulsanti-di-comunicazione-per-cani\/","title":{"rendered":"Pulsanti di comunicazione del cane"},"content":{"rendered":"<h2 style=\"text-align: center;\">Esprimi te stesso, cagnolino!<\/h2>\n<h2 style=\"text-align: center;\">Permetti al tuo cane di dirti cosa vuole.<\/h2>\n<p>&nbsp;<\/p>\n<p>Dai voce al tuo migliore amico con i nostri pulsanti di comunicazione per cani. Appositamente progettati per consentire un&#039;interazione pi\u00f9 intuitiva tra te e il tuo animale domestico, questi pulsanti sono ideali per una convivenza armoniosa.<\/p>\n<p>&nbsp;<\/p>\n<ul>\n<li><strong>Registrazione vocale semplice<\/strong> : Grazie al microfono integrato, registra la parola o la frase che preferisci per ciascun pulsante.<\/li>\n<li><strong>Ricaricabile<\/strong> : Siamo gli unici sul mercato ad offrire un modello completamente ricaricabile. D\u00ec addio alle batterie e ciao all&#039;ecologia!<\/li>\n<li><strong>Robusto e durevole<\/strong> : Progettato per resistere alle zampe impazienti e alla pressione ripetuta. I nostri pulsanti sono costruiti per durare.<\/li>\n<li><strong>Design ergonomico<\/strong> : Adatto a zampe di tutte le taglie, dal Chihuahua al Pastore Tedesco.<\/li>\n<li><strong>Facilit\u00e0 d&#039;uso<\/strong> : associa un&#039;azione a ciascun pulsante registrato e osserva il tuo cane esprimersi come mai prima d&#039;ora!<\/li>\n<\/ul>\n<h3><\/h3>\n<h3><strong>Benefici :<\/strong><\/h3>\n<p>&nbsp;<\/p>\n<ol>\n<li><strong>Ecologico<\/strong> : Riduci la tua impronta di carbonio scegliendo un modello ricaricabile.<\/li>\n<li><strong>Economico<\/strong> : Niente pi\u00f9 acquisti ripetuti di batterie. Risparmia denaro a lungo termine!<\/li>\n<li><strong>Interattivit\u00e0 rafforzata<\/strong> : Rafforza il tuo legame con il tuo animale domestico comprendendolo meglio e rispondendo pi\u00f9 rapidamente ai suoi bisogni.<\/li>\n<\/ol>\n<blockquote><p>&nbsp;<\/p>\n<p style=\"text-align: center;\"><em>\u201cNon avrei mai pensato che Max potesse \u201cparlarmi\u201d. \u00c8 affascinante vedere come <\/em><\/p>\n<p style=\"text-align: center;\"><em>cap\u00ec rapidamente come funzionavano i pulsanti. Adesso mi \u201cdice\u201d quando ha fame, quando <\/em><\/p>\n<p style=\"text-align: center;\"><em>vuole uscire o semplicemente quando ha voglia di giocare \u00bb<\/em><\/p>\n<p style=\"text-align: center;\"><strong>Stefania<\/strong><\/p>\n<p>&nbsp;<\/p>\n<p style=\"text-align: center;\"><em>\u201cDa quando ho usato questi pulsanti con il mio cane, la nostra comunicazione \u00e8 migliorata <\/em><\/p>\n<p style=\"text-align: center;\"><em>raggiunto un livello completamente nuovo. Mi \u201cchiama\u201d per le sue passeggiate e anche per le sue coccole. <\/em><\/p>\n<p style=\"text-align: center;\"><em>\u00c8 toccante vedere quanto sia disposta ad esprimersi e <\/em><\/p>\n<p style=\"text-align: center;\"><em>quanto questi pulsanti hanno arricchito la nostra vita quotidiana insieme\u201d<\/em><\/p>\n<p style=\"text-align: center;\"><strong>Isabella<\/strong><\/p>\n<\/blockquote>\n<h3 style=\"text-align: center;\"><strong>Ordina oggi<\/strong> e offrirne uno nuovo<\/h3>\n<h3 style=\"text-align: center;\">dimensione al tuo rapporto con il tuo fedele compagno!<\/h3>","protected":false},"excerpt":{"rendered":"<p>Exprimez-vous, toutou ! Permettez \u00e0 votre chien de vous dire ce qu&rsquo;il souhaite. &nbsp; Offrez une voix \u00e0 votre meilleur ami avec nos boutons de communication pour chien. Con\u00e7us sp\u00e9cialement pour permettre une interaction plus intuitive entre vous et votre animal de compagnie, ces boutons sont id\u00e9aux pour une cohabitation harmonieuse. &nbsp; Enregistrement Vocal Facile [&hellip;]<\/p>\n","protected":false},"featured_media":1287,"comment_status":"open","ping_status":"closed","template":"","meta":{"_seopress_robots_primary_cat":"none","_seopress_titles_title":"","_seopress_titles_desc":"","_seopress_robots_index":"","site-sidebar-layout":"default","site-content-layout":"default","ast-site-content-layout":"default","site-content-style":"default","site-sidebar-style":"default","ast-global-header-display":"","ast-banner-title-visibility":"","ast-main-header-display":"","ast-hfb-above-header-display":"","ast-hfb-below-header-display":"","ast-hfb-mobile-header-display":"","site-post-title":"","ast-breadcrumbs-content":"","ast-featured-img":"","footer-sml-layout":"","ast-disable-related-posts":"","theme-transparent-header-meta":"default","adv-header-id-meta":"","stick-header-meta":"default","header-above-stick-meta":"","header-main-stick-meta":"","header-below-stick-meta":"","astra-migrate-meta-layouts":"set","ast-page-background-enabled":"default","ast-page-background-meta":{"desktop":{"background-color":"","background-image":"","background-repeat":"repeat","background-position":"center center","background-size":"auto","background-attachment":"scroll","background-type":"","background-media":"","overlay-type":"","overlay-color":"","overlay-opacity":"","overlay-gradient":""},"tablet":{"background-color":"","background-image":"","background-repeat":"repeat","background-position":"center center","background-size":"auto","background-attachment":"scroll","background-type":"","background-media":"","overlay-type":"","overlay-color":"","overlay-opacity":"","overlay-gradient":""},"mobile":{"background-color":"","background-image":"","background-repeat":"repeat","background-position":"center center","background-size":"auto","background-attachment":"scroll","background-type":"","background-media":"","overlay-type":"","overlay-color":"","overlay-opacity":"","overlay-gradient":""}},"ast-content-background-meta":{"desktop":{"background-color":"var(--ast-global-color-5)","background-image":"","background-repeat":"repeat","background-position":"center center","background-size":"auto","background-attachment":"scroll","background-type":"","background-media":"","overlay-type":"","overlay-color":"","overlay-opacity":"","overlay-gradient":""},"tablet":{"background-color":"var(--ast-global-color-5)","background-image":"","background-repeat":"repeat","background-position":"center center","background-size":"auto","background-attachment":"scroll","background-type":"","background-media":"","overlay-type":"","overlay-color":"","overlay-opacity":"","overlay-gradient":""},"mobile":{"background-color":"var(--ast-global-color-5)","background-image":"","background-repeat":"repeat","background-position":"center center","background-size":"auto","background-attachment":"scroll","background-type":"","background-media":"","overlay-type":"","overlay-color":"","overlay-opacity":"","overlay-gradient":""}}},"product_brand":[],"product_cat":[83],"product_tag":[],"class_list":{"0":"post-1284","1":"product","2":"type-product","3":"status-publish","4":"has-post-thumbnail","6":"product_cat-animaux","7":"desktop-align-center","8":"tablet-align-center","9":"mobile-align-center","10":"ast-product-gallery-layout-horizontal","11":"ast-magnify-disabled","12":"ast-product-tabs-layout-horizontal","13":"ast-qv-on-image","15":"first","16":"outofstock","17":"shipping-taxable","18":"purchasable","19":"product-type-simple"},"bundled_by":[],"bundle_stock_status":"outofstock","bundle_stock_quantity":null,"bundle_virtual":false,"bundle_layout":"","bundle_add_to_cart_form_location":"","bundle_editable_in_cart":false,"bundle_sold_individually_context":"","bundle_item_grouping":"","bundle_min_size":"","bundle_max_size":"","bundle_price":[],"bundled_items":[],"bundle_sell_ids":[],"_links":{"self":[{"href":"https:\/\/buying-fever.com\/it\/wp-json\/wp\/v2\/product\/1284","targetHints":{"allow":["GET"]}}],"collection":[{"href":"https:\/\/buying-fever.com\/it\/wp-json\/wp\/v2\/product"}],"about":[{"href":"https:\/\/buying-fever.com\/it\/wp-json\/wp\/v2\/types\/product"}],"replies":[{"embeddable":true,"href":"https:\/\/buying-fever.com\/it\/wp-json\/wp\/v2\/comments?post=1284"}],"version-history":[{"count":0,"href":"https:\/\/buying-fever.com\/it\/wp-json\/wp\/v2\/product\/1284\/revisions"}],"wp:featuredmedia":[{"embeddable":true,"href":"https:\/\/buying-fever.com\/it\/wp-json\/wp\/v2\/media\/1287"}],"wp:attachment":[{"href":"https:\/\/buying-fever.com\/it\/wp-json\/wp\/v2\/media?parent=1284"}],"wp:term":[{"taxonomy":"product_brand","embeddable":true,"href":"https:\/\/buying-fever.com\/it\/wp-json\/wp\/v2\/product_brand?post=1284"},{"taxonomy":"product_cat","embeddable":true,"href":"https:\/\/buying-fever.com\/it\/wp-json\/wp\/v2\/product_cat?post=1284"},{"taxonomy":"product_tag","embeddable":true,"href":"https:\/\/buying-fever.com\/it\/wp-json\/wp\/v2\/product_tag?post=1284"}],"curies":[{"name":"wp","href":"https:\/\/api.w.org\/{rel}","templated":true}]}}