{"id":1521,"date":"2023-09-06T16:58:55","date_gmt":"2023-09-06T16:58:55","guid":{"rendered":"https:\/\/snow-alligator-195314.hostingersite.com\/?post_type=product&#038;p=1521"},"modified":"2025-06-14T00:53:00","modified_gmt":"2025-06-13T22:53:00","slug":"la-lampe-sunset","status":"publish","type":"product","link":"https:\/\/buying-fever.com\/hr\/proizvod\/svjetiljka-zalaska-sunca\/","title":{"rendered":"Lampa za zalazak sunca"},"content":{"rendered":"<div style=\"text-align: center;\"><\/div>\n<div style=\"text-align: center;\">\n<h2 style=\"text-align: left;\"><strong>PREOBRA\u017dITE SVOJ PROSTOR<\/strong><\/h2>\n<p style=\"text-align: left;\">Jeste li umorni od svoje dosadne spava\u0107e ili dnevne sobe? ne brini, <strong>Lampa za zalazak sunca<\/strong> je stvoren za vas. Samo ga uklju\u010dite i gledajte kako \u0107e pobolj\u0161ati va\u0161u sobu u trenu!<\/p>\n<p><img fetchpriority=\"high\" decoding=\"async\" class=\"wp-image-1812\" src=\"https:\/\/live-stream-pro.com\/wp-content\/uploads\/2023\/09\/S475be52e73ae4dc5a99547bf99fa3f17z.jpg\" alt=\"svjetiljka zalaska sunca\" width=\"707\" height=\"707\" \/><\/p>\n<\/div>\n<div style=\"text-align: center;\"><\/div>\n<p><img decoding=\"async\" class=\"wp-image-1814 aligncenter\" src=\"https:\/\/live-stream-pro.com\/wp-content\/uploads\/2023\/09\/H880de7d7029c435fb42bcb911490bc538.jpg\" alt=\"svjetiljka zalaska sunca\" width=\"705\" height=\"705\" \/><\/p>\n<h2><\/h2>\n<h2><strong>MOBILNA APLIKACIJA<\/strong><\/h2>\n<p>S milijunima boja i mno\u0161tvom na\u010dina osvjetljenja, na\u0161a pametna aplikacija omogu\u0107uje vam da preuzmete potpunu kontrolu nad svojim prostorom, bez pomicanja sa svog sjedala!<\/p>\n<p><img decoding=\"async\" class=\"wp-image-1800 aligncenter\" src=\"https:\/\/live-stream-pro.com\/wp-content\/uploads\/2023\/09\/DSCF0899_600x.jpg.webp\" alt=\"lampa za zalazak sunca\u2122\" width=\"614\" height=\"614\" \/><\/p>\n<p><img loading=\"lazy\" decoding=\"async\" class=\"wp-image-1815 aligncenter\" src=\"https:\/\/live-stream-pro.com\/wp-content\/uploads\/2023\/09\/lampe-sunset-tiktok.jpg\" alt=\"svjetiljka zalaska sunca\" width=\"616\" height=\"512\" \/><\/p>\n<h3><\/h3>\n<h3><strong>OLAK\u0160AVANJE STRESA<\/strong><\/h3>\n<p>Tople, ugodne vibracije zalaska sunca savr\u0161en su na\u010din za opu\u0161tanje nakon stresnog dana na nastavi, na poslu ili u \u017eivotu op\u0107enito. Samo ga uklju\u010dite i vidite koliko brzo mijenja raspolo\u017eenje i smiruje atmosferu u prostoriji.<\/p>\n<p><img loading=\"lazy\" decoding=\"async\" class=\"wp-image-1817 aligncenter\" src=\"https:\/\/live-stream-pro.com\/wp-content\/uploads\/2023\/09\/H880de7d7029c435fb42bcb911490bc538-1.jpg\" alt=\"svjetiljka zalaska sunca\" width=\"624\" height=\"624\" \/><\/p>\n<p><img loading=\"lazy\" decoding=\"async\" class=\"wp-image-1818 aligncenter\" src=\"https:\/\/live-stream-pro.com\/wp-content\/uploads\/2023\/09\/Hfaf3ee65ad98456ba9bcd72d4d1357fav-300x300.jpg\" alt=\"svjetiljka zalaska sunca\" width=\"618\" height=\"618\" \/><\/p>\n<h3><\/h3>\n<h3><strong>SINKRONIZACIJA GLAZBE\u00a0<\/strong><\/h3>\n<p>Zahvaljuju\u0107i funkciji sinkronizacije glazbe, lampa vibrira u ritmu va\u0161ih omiljenih pjesama. Aktivirajte ovu opciju i dopustite da ambijent o\u017eivi.<\/p>","protected":false},"excerpt":{"rendered":"<p>Lampa Sunset idealan je dodatak za stvaranje tople ili intimne atmosfere u svakoj prostoriji. Njime se mo\u017ee upravljati putem mobilne aplikacije, a omogu\u0107uje vam u\u017eivanje u tisu\u0107ama razli\u010ditih boja i raspolo\u017eenja, sve na dohvat ruke<\/p>","protected":false},"featured_media":2064,"comment_status":"open","ping_status":"closed","template":"","meta":{"_seopress_robots_primary_cat":"none","_seopress_titles_title":"","_seopress_titles_desc":"","_seopress_robots_index":"","site-sidebar-layout":"default","site-content-layout":"","ast-site-content-layout":"default","site-content-style":"default","site-sidebar-style":"default","ast-global-header-display":"","ast-banner-title-visibility":"","ast-main-header-display":"","ast-hfb-above-header-display":"","ast-hfb-below-header-display":"","ast-hfb-mobile-header-display":"","site-post-title":"","ast-breadcrumbs-content":"","ast-featured-img":"","footer-sml-layout":"","ast-disable-related-posts":"","theme-transparent-header-meta":"default","adv-header-id-meta":"","stick-header-meta":"","header-above-stick-meta":"","header-main-stick-meta":"","header-below-stick-meta":"","astra-migrate-meta-layouts":"set","ast-page-background-enabled":"default","ast-page-background-meta":{"desktop":{"background-color":"","background-image":"","background-repeat":"repeat","background-position":"center center","background-size":"auto","background-attachment":"scroll","background-type":"","background-media":"","overlay-type":"","overlay-color":"","overlay-opacity":"","overlay-gradient":""},"tablet":{"background-color":"","background-image":"","background-repeat":"repeat","background-position":"center center","background-size":"auto","background-attachment":"scroll","background-type":"","background-media":"","overlay-type":"","overlay-color":"","overlay-opacity":"","overlay-gradient":""},"mobile":{"background-color":"","background-image":"","background-repeat":"repeat","background-position":"center center","background-size":"auto","background-attachment":"scroll","background-type":"","background-media":"","overlay-type":"","overlay-color":"","overlay-opacity":"","overlay-gradient":""}},"ast-content-background-meta":{"desktop":{"background-color":"var(--ast-global-color-5)","background-image":"","background-repeat":"repeat","background-position":"center center","background-size":"auto","background-attachment":"scroll","background-type":"","background-media":"","overlay-type":"","overlay-color":"","overlay-opacity":"","overlay-gradient":""},"tablet":{"background-color":"var(--ast-global-color-5)","background-image":"","background-repeat":"repeat","background-position":"center center","background-size":"auto","background-attachment":"scroll","background-type":"","background-media":"","overlay-type":"","overlay-color":"","overlay-opacity":"","overlay-gradient":""},"mobile":{"background-color":"var(--ast-global-color-5)","background-image":"","background-repeat":"repeat","background-position":"center center","background-size":"auto","background-attachment":"scroll","background-type":"","background-media":"","overlay-type":"","overlay-color":"","overlay-opacity":"","overlay-gradient":""}}},"product_brand":[],"product_cat":[42,82],"product_tag":[],"class_list":{"0":"post-1521","1":"product","2":"type-product","3":"status-publish","4":"has-post-thumbnail","6":"product_cat-cadeau","7":"product_cat-electronique","8":"desktop-align-center","9":"tablet-align-center","10":"mobile-align-center","11":"ast-product-gallery-layout-horizontal","12":"ast-magnify-disabled","13":"ast-product-single-variable","14":"ast-product-tabs-layout-horizontal","15":"ast-qv-on-image","17":"first","18":"instock","19":"shipping-taxable","20":"purchasable","21":"product-type-variable"},"bundled_by":[],"bundle_stock_status":"instock","bundle_stock_quantity":null,"bundle_virtual":false,"bundle_layout":"","bundle_add_to_cart_form_location":"","bundle_editable_in_cart":false,"bundle_sold_individually_context":"","bundle_item_grouping":"","bundle_min_size":"","bundle_max_size":"","bundle_price":[],"bundled_items":[],"bundle_sell_ids":[],"_links":{"self":[{"href":"https:\/\/buying-fever.com\/hr\/wp-json\/wp\/v2\/product\/1521","targetHints":{"allow":["GET"]}}],"collection":[{"href":"https:\/\/buying-fever.com\/hr\/wp-json\/wp\/v2\/product"}],"about":[{"href":"https:\/\/buying-fever.com\/hr\/wp-json\/wp\/v2\/types\/product"}],"replies":[{"embeddable":true,"href":"https:\/\/buying-fever.com\/hr\/wp-json\/wp\/v2\/comments?post=1521"}],"version-history":[{"count":0,"href":"https:\/\/buying-fever.com\/hr\/wp-json\/wp\/v2\/product\/1521\/revisions"}],"wp:featuredmedia":[{"embeddable":true,"href":"https:\/\/buying-fever.com\/hr\/wp-json\/wp\/v2\/media\/2064"}],"wp:attachment":[{"href":"https:\/\/buying-fever.com\/hr\/wp-json\/wp\/v2\/media?parent=1521"}],"wp:term":[{"taxonomy":"product_brand","embeddable":true,"href":"https:\/\/buying-fever.com\/hr\/wp-json\/wp\/v2\/product_brand?post=1521"},{"taxonomy":"product_cat","embeddable":true,"href":"https:\/\/buying-fever.com\/hr\/wp-json\/wp\/v2\/product_cat?post=1521"},{"taxonomy":"product_tag","embeddable":true,"href":"https:\/\/buying-fever.com\/hr\/wp-json\/wp\/v2\/product_tag?post=1521"}],"curies":[{"name":"wp","href":"https:\/\/api.w.org\/{rel}","templated":true}]}}