{"id":1488,"date":"2023-09-05T11:01:10","date_gmt":"2023-09-05T11:01:10","guid":{"rendered":"https:\/\/snow-alligator-195314.hostingersite.com\/?post_type=product&#038;p=1488"},"modified":"2025-06-14T00:52:38","modified_gmt":"2025-06-13T22:52:38","slug":"masseur-xtreme","status":"publish","type":"product","link":"https:\/\/buying-fever.com\/hr\/proizvod\/xtreme-masazer\/","title":{"rendered":"Xtreme masa\u017eer \u2013 glava i tijelo"},"content":{"rendered":"<p style=\"text-align: center;\"><strong>Otkrijte vi\u0161enamjenski elektri\u010dni masa\u017eer za glavu i tijelo: Va\u0161a oaza svakodnevnog opu\u0161tanja!<\/strong><\/p>\n<p>&nbsp;<\/p>\n<p>Osje\u0107ate li se stalno umorno? Je li vam vrat napet, a ramena te\u0161ka kao da nosite te\u017einu svijeta?<\/p>\n<p>Zamislite na trenutak da mo\u017eete <strong>otpustite svu tu napetost<\/strong> za par minuta, <strong>gdje god da jeste i kad god \u017eelite<\/strong>. To nije san, to je stvarnost koju vam nudi na\u0161 Xtreme Masseur!<\/p>\n<p>&nbsp;<\/p>\n<h2><img decoding=\"async\" class=\"detail-desc-decorate-image aligncenter\" src=\"https:\/\/ae01.alicdn.com\/kf\/S14eb127e1de1471ba69b882eb72416dai.jpg\" \/><\/h2>\n<h2><\/h2>\n<h2><strong>Klju\u010dne to\u010dke<\/strong><\/h2>\n<p>&nbsp;<\/p>\n<p>\ud83d\udc4c <strong>Vi\u0161enamjenski po \u017eelji:<\/strong> Nije ograni\u010deno na va\u0161e vlasi\u0161te! Mo\u017eete ga koristiti i za masa\u017eu ramena, vrata, le\u0111a, ruku, nogu pa \u010dak i struka. Oh, i nemojmo zaboraviti va\u0161u ma\u010dku!<\/p>\n<p>\ud83e\udd16 <strong>Napredna tehnologija simulacije:<\/strong> Zahvaljuju\u0107i visokofrekventnoj vibraciji i suptilnoj varijaciji intenziteta, opustite se, zaboravite umor i pozdravite bolju kvalitetu sna.<\/p>\n<p>\ud83d\udd04 <strong>6 tehnika i 3 na\u010dina masa\u017ee:<\/strong> Odaberite izme\u0111u niske brzine dr\u017eanja i mije\u0161enja, srednje brzine masa\u017ee ili velike brzine zadr\u017eavanja i mije\u0161enja. Rje\u0161enje za svakoga!<\/p>\n<p>\ud83d\udca6 <strong>IPX7 vodootporan:<\/strong> Napravite opu\u0161taju\u0107u kupku dok u\u017eivate u iznimnoj masa\u017ei glave.<\/p>\n<p>\ud83c\udf40 <strong>Materijali ugodni za ko\u017eu:<\/strong> Izra\u0111en od visokokvalitetnog silikona, ovaj masa\u017eer brine o vama bez iritacije ko\u017ee.<\/p>\n<p>\ud83d\udd0b <strong>Pro\u0161irena autonomija:<\/strong> Jedno punjenje daje vam do 24 dana 10-minutne dnevne upotrebe.<\/p>\n<p>\ud83d\udc5c <strong>Kompaktni format:<\/strong> Jednostavan za no\u0161enje, va\u0161 je idealan suputnik na poslu, poslovnom putovanju ili odmoru.<\/p>\n<p>&nbsp;<\/p>\n<p><img fetchpriority=\"high\" decoding=\"async\" class=\"wp-image-2215 size-full aligncenter\" src=\"https:\/\/buying-fever.com\/wp-content\/uploads\/2023\/09\/masseur-chat.gif\" alt=\"xtreme masa\u017eer za glavu i tijelo\" width=\"440\" height=\"580\" \/><\/p>\n<h2 style=\"text-align: center;\"><strong>Za\u0161to vi\u0161e ne mo\u017eete bez Xtreme masa\u017eera?<\/strong><\/h2>\n<p>&nbsp;<\/p>\n<p>Kada govorimo o dobrobiti, mislimo na posao. <strong>Pretvorite svaki trenutak u nezaboravno opu\u0161tanje<\/strong>. To je vi\u0161e od samog ure\u0111aja za masa\u017eu, to je <strong>pravo zdravstveno i wellness iskustvo na dohvat ruke<\/strong>.<\/p>\n<p>&nbsp;<\/p>\n<p><img decoding=\"async\" class=\"detail-desc-decorate-image aligncenter\" src=\"https:\/\/ae01.alicdn.com\/kf\/S613367f448474eceb14db54410d8ff7fL.jpg\" width=\"750\" height=\"750\" \/><\/p>\n<p><span style=\"font-family: OpenSans; font-size: 20px; font-weight: 900;\">Zna\u010dajke:<\/span><\/p>\n<div class=\"detailmodule_html\">\n<div class=\"detail-desc-decorate-richtext\">\n<div class=\"detailmodule_text\">\n<p>Materijal: ABS+PC<br \/>\nBijela boja<br \/>\nVeli\u010dina: 10<em>7<\/em>9CM<br \/>\nKapacitet baterije: 1100mAh<br \/>\nSnaga proizvoda: 5W<br \/>\nNapon punjenja: 5V<br \/>\nStruja punjenja: 1A<\/p>\n<hr \/>\n<p>Popis uklju\u010denih stavki:<\/p>\n<p>1* Xtreme masa\u017eer<br \/>\n1* USB kabel za punjenje<br \/>\n1* korisni\u010dki priru\u010dnik<\/p>\n<\/div>\n<div class=\"detailmodule_image\"><\/div>\n<\/div>\n<\/div>","protected":false},"excerpt":{"rendered":"<p>D\u00e9couvrez le Masseur Multifonction \u00c9lectrique pour T\u00eate et Corps : Votre Oasis de Relaxation Quotidienne ! &nbsp; Vous sentez-vous constamment fatigu\u00e9 ? Votre nuque est-elle tendue et vos \u00e9paules sont-elles lourdes comme si vous portiez le poids du monde ? Imaginez un instant pouvoir rel\u00e2cher toute cette tension en quelques minutes, o\u00f9 que vous soyez [&hellip;]<\/p>\n","protected":false},"featured_media":1482,"comment_status":"open","ping_status":"closed","template":"","meta":{"_seopress_robots_primary_cat":"none","_seopress_titles_title":"","_seopress_titles_desc":"","_seopress_robots_index":"","site-sidebar-layout":"default","site-content-layout":"","ast-site-content-layout":"default","site-content-style":"default","site-sidebar-style":"default","ast-global-header-display":"","ast-banner-title-visibility":"","ast-main-header-display":"","ast-hfb-above-header-display":"","ast-hfb-below-header-display":"","ast-hfb-mobile-header-display":"","site-post-title":"","ast-breadcrumbs-content":"","ast-featured-img":"","footer-sml-layout":"","ast-disable-related-posts":"","theme-transparent-header-meta":"default","adv-header-id-meta":"","stick-header-meta":"default","header-above-stick-meta":"","header-main-stick-meta":"","header-below-stick-meta":"","astra-migrate-meta-layouts":"set","ast-page-background-enabled":"default","ast-page-background-meta":{"desktop":{"background-color":"","background-image":"","background-repeat":"repeat","background-position":"center center","background-size":"auto","background-attachment":"scroll","background-type":"","background-media":"","overlay-type":"","overlay-color":"","overlay-opacity":"","overlay-gradient":""},"tablet":{"background-color":"","background-image":"","background-repeat":"repeat","background-position":"center center","background-size":"auto","background-attachment":"scroll","background-type":"","background-media":"","overlay-type":"","overlay-color":"","overlay-opacity":"","overlay-gradient":""},"mobile":{"background-color":"","background-image":"","background-repeat":"repeat","background-position":"center center","background-size":"auto","background-attachment":"scroll","background-type":"","background-media":"","overlay-type":"","overlay-color":"","overlay-opacity":"","overlay-gradient":""}},"ast-content-background-meta":{"desktop":{"background-color":"var(--ast-global-color-5)","background-image":"","background-repeat":"repeat","background-position":"center center","background-size":"auto","background-attachment":"scroll","background-type":"","background-media":"","overlay-type":"","overlay-color":"","overlay-opacity":"","overlay-gradient":""},"tablet":{"background-color":"var(--ast-global-color-5)","background-image":"","background-repeat":"repeat","background-position":"center center","background-size":"auto","background-attachment":"scroll","background-type":"","background-media":"","overlay-type":"","overlay-color":"","overlay-opacity":"","overlay-gradient":""},"mobile":{"background-color":"var(--ast-global-color-5)","background-image":"","background-repeat":"repeat","background-position":"center center","background-size":"auto","background-attachment":"scroll","background-type":"","background-media":"","overlay-type":"","overlay-color":"","overlay-opacity":"","overlay-gradient":""}}},"product_brand":[],"product_cat":[83,82],"product_tag":[],"class_list":{"0":"post-1488","1":"product","2":"type-product","3":"status-publish","4":"has-post-thumbnail","6":"product_cat-animaux","7":"product_cat-electronique","8":"desktop-align-center","9":"tablet-align-center","10":"mobile-align-center","11":"ast-product-gallery-layout-horizontal","12":"ast-magnify-disabled","13":"ast-product-tabs-layout-horizontal","14":"ast-qv-on-image","16":"first","17":"instock","18":"shipping-taxable","19":"purchasable","20":"product-type-simple"},"bundled_by":[],"bundle_stock_status":"instock","bundle_stock_quantity":null,"bundle_virtual":false,"bundle_layout":"","bundle_add_to_cart_form_location":"","bundle_editable_in_cart":false,"bundle_sold_individually_context":"","bundle_item_grouping":"","bundle_min_size":"","bundle_max_size":"","bundle_price":[],"bundled_items":[],"bundle_sell_ids":[],"_links":{"self":[{"href":"https:\/\/buying-fever.com\/hr\/wp-json\/wp\/v2\/product\/1488","targetHints":{"allow":["GET"]}}],"collection":[{"href":"https:\/\/buying-fever.com\/hr\/wp-json\/wp\/v2\/product"}],"about":[{"href":"https:\/\/buying-fever.com\/hr\/wp-json\/wp\/v2\/types\/product"}],"replies":[{"embeddable":true,"href":"https:\/\/buying-fever.com\/hr\/wp-json\/wp\/v2\/comments?post=1488"}],"version-history":[{"count":0,"href":"https:\/\/buying-fever.com\/hr\/wp-json\/wp\/v2\/product\/1488\/revisions"}],"wp:featuredmedia":[{"embeddable":true,"href":"https:\/\/buying-fever.com\/hr\/wp-json\/wp\/v2\/media\/1482"}],"wp:attachment":[{"href":"https:\/\/buying-fever.com\/hr\/wp-json\/wp\/v2\/media?parent=1488"}],"wp:term":[{"taxonomy":"product_brand","embeddable":true,"href":"https:\/\/buying-fever.com\/hr\/wp-json\/wp\/v2\/product_brand?post=1488"},{"taxonomy":"product_cat","embeddable":true,"href":"https:\/\/buying-fever.com\/hr\/wp-json\/wp\/v2\/product_cat?post=1488"},{"taxonomy":"product_tag","embeddable":true,"href":"https:\/\/buying-fever.com\/hr\/wp-json\/wp\/v2\/product_tag?post=1488"}],"curies":[{"name":"wp","href":"https:\/\/api.w.org\/{rel}","templated":true}]}}