{"id":1366,"date":"2023-08-20T22:24:58","date_gmt":"2023-08-20T22:24:58","guid":{"rendered":"https:\/\/snow-alligator-195314.hostingersite.com\/produit\/sweat-pour-levier-de-vitesse\/"},"modified":"2025-06-14T00:53:00","modified_gmt":"2025-06-13T22:53:00","slug":"sweat-pour-levier-de-vitesse","status":"publish","type":"product","link":"https:\/\/buying-fever.com\/hr\/proizvod\/majica-s-mjenjacem\/","title":{"rendered":"Hoodie s mjenja\u010dem"},"content":{"rendered":"<h2 style=\"text-align: center;\">Proizvod za koji niste znali da vam treba!<\/h2>\n<p>&nbsp;<\/p>\n<p>Najbolji na\u010din da svom automobilu dodate osobnost. Va\u0161 je automobil vi\u0161e od obi\u010dnog prijevoznog sredstva, on je produ\u017eetak va\u0161e osobnosti.<\/p>\n<p>Pa za\u0161to se zadovoljiti dosadnim mjenja\u010dem kada ga mo\u017eete imati <strong>Hoodie s mjenja\u010dem<\/strong> zabavno i ugodno?<\/p>\n<p>To je savr\u0161en dodatak za svakoga tko svom automobilu \u017eeli dodati malo osobnosti i udobnosti.<\/p>\n<p><img fetchpriority=\"high\" decoding=\"async\" class=\"aligncenter wp-image-1376 size-full\" src=\"https:\/\/buying-fever.com\/wp-content\/uploads\/2023\/08\/567e0a64112c810913fa65e59a096afe64f470e3.gif\" alt=\"majica s mjenja\u010dem\" width=\"270\" height=\"480\" \/><\/p>\n<p>&nbsp;<\/p>\n<h2>Univerzalno pristajanje<\/h2>\n<div data-slot-rendered-content=\"true\">Na\u0161i poklopci mjenja\u010da dizajnirani su da odgovaraju ve\u0107ini mjenja\u010da visine 10-13 (ukupna visina). Mogu se koristiti u vozilima s ru\u010dnim i automatskim mjenja\u010dem.<\/div>\n<div data-slot-rendered-content=\"true\"><img decoding=\"async\" class=\"aligncenter\" src=\"https:\/\/ae01.alicdn.com\/kf\/S8e40c92fb7e24a738f0bc94485edd429q.jpg?width=1000&amp;height=380&amp;hash=1380\" alt=\"\" width=\"861\" height=\"327\" \/><\/div>\n<div data-slot-rendered-content=\"true\">\n<h2><\/h2>\n<h2>Udoban i izdr\u017eljiv materijal<\/h2>\n<p>Izra\u0111ene su od poliesterske tkanine 100%. Ovaj materijal ne samo da je jak i izdr\u017eljiv, ve\u0107 tako\u0111er pru\u017ea mekano, udobno dr\u017eanje koje \u010dini promjenu brzina ugodnijom. Navlake su dizajnirane da izdr\u017ee svakodnevno tro\u0161enje i lako se \u010diste i odr\u017eavaju.<\/p>\n<p><img decoding=\"async\" class=\"wp-image-1377 size-full aligncenter\" src=\"https:\/\/buying-fever.com\/wp-content\/uploads\/2023\/08\/2dc9eeabb9d8a3ab211dde82ac67950c1c339ecd.jpeg.webp\" alt=\"majica s mjenja\u010dem\" width=\"570\" height=\"710\" srcset=\"https:\/\/buying-fever.com\/wp-content\/uploads\/2023\/08\/2dc9eeabb9d8a3ab211dde82ac67950c1c339ecd.jpeg.webp 570w, https:\/\/buying-fever.com\/wp-content\/uploads\/2023\/08\/2dc9eeabb9d8a3ab211dde82ac67950c1c339ecd.jpeg-241x300.webp 241w, https:\/\/buying-fever.com\/wp-content\/uploads\/2023\/08\/2dc9eeabb9d8a3ab211dde82ac67950c1c339ecd.jpeg-300x374.webp 300w\" sizes=\"(max-width: 570px) 100vw, 570px\" \/><\/p>\n<\/div>\n<h2><\/h2>\n<h2>Personalizirano i zabavno<\/h2>\n<p>Na\u0161e majice s kapulja\u010dom nisu samo prakti\u010dne, one tako\u0111er dodaju da\u0161ak osobnosti i zabave u unutra\u0161njost va\u0161eg automobila. Uz razne boje i dizajne, mo\u017eete odabrati trenirku koja najbolje odgovara va\u0161em stilu i ukusu. Bilo da preferirate hrabar, upe\u010datljiv dizajn ili suptilniji, nenametljiviji izgled, imamo pone\u0161to za svakoga.<\/p>\n<h2><img loading=\"lazy\" decoding=\"async\" class=\"aligncenter\" src=\"https:\/\/ae03.alicdn.com\/kf\/Sdf0d94e202b24925b53bdc652994a2756.jpg\" width=\"832\" height=\"832\" \/><\/h2>\n<h2><\/h2>\n<h2>Jednostavan za postavljanje i uklanjanje<\/h2>\n<p>Dizajnirani su tako da se lako postavljaju i skidaju, tako da ih mo\u017eete promijeniti u bilo kojem trenutku, primjerice oprati.<\/p>\n<h2><\/h2>\n<h2>Intervju<\/h2>\n<p>Na\u0161e majice s kapulja\u010dom s mjenja\u010dem lako se \u010diste i odr\u017eavaju. Mogu se prati ru\u010dno ili u perilici i trebaju se su\u0161iti na zraku. Tako da ne morate brinuti o prljav\u0161tini, prljav\u0161tini ili prolivenoj teku\u0107ini...samo ga operite i ponovno \u0107e izgledati kao nov.<\/p>\n<p>&nbsp;<\/p>\n<p><img loading=\"lazy\" decoding=\"async\" class=\"aligncenter\" src=\"https:\/\/ae03.alicdn.com\/kf\/S5340db4911334a10af15f74363e8a7e1N.jpg\" width=\"664\" height=\"664\" \/><\/p>","protected":false},"excerpt":{"rendered":"<p>Le produit que vous ne saviez pas que vous aviez besoin ! &nbsp; Le meilleur moyen d&rsquo;ajouter de la personnalit\u00e9 \u00e0 votre voiture. Votre voiture est plus qu&rsquo;un simple moyen de locomotion, c&rsquo;est une extension de votre personnalit\u00e9. Alors pourquoi se contenter d&rsquo;un levier de vitesse ennuyeux quand vous pouvez avoir un Sweat \u00e0 capuche [&hellip;]<\/p>\n","protected":false},"featured_media":1348,"comment_status":"open","ping_status":"closed","template":"","meta":{"_seopress_robots_primary_cat":"none","_seopress_titles_title":"","_seopress_titles_desc":"","_seopress_robots_index":"","site-sidebar-layout":"default","site-content-layout":"","ast-site-content-layout":"default","site-content-style":"default","site-sidebar-style":"default","ast-global-header-display":"","ast-banner-title-visibility":"","ast-main-header-display":"","ast-hfb-above-header-display":"","ast-hfb-below-header-display":"","ast-hfb-mobile-header-display":"","site-post-title":"","ast-breadcrumbs-content":"","ast-featured-img":"","footer-sml-layout":"","ast-disable-related-posts":"","theme-transparent-header-meta":"default","adv-header-id-meta":"","stick-header-meta":"","header-above-stick-meta":"","header-main-stick-meta":"","header-below-stick-meta":"","astra-migrate-meta-layouts":"set","ast-page-background-enabled":"default","ast-page-background-meta":{"desktop":{"background-color":"","background-image":"","background-repeat":"repeat","background-position":"center center","background-size":"auto","background-attachment":"scroll","background-type":"","background-media":"","overlay-type":"","overlay-color":"","overlay-opacity":"","overlay-gradient":""},"tablet":{"background-color":"","background-image":"","background-repeat":"repeat","background-position":"center center","background-size":"auto","background-attachment":"scroll","background-type":"","background-media":"","overlay-type":"","overlay-color":"","overlay-opacity":"","overlay-gradient":""},"mobile":{"background-color":"","background-image":"","background-repeat":"repeat","background-position":"center center","background-size":"auto","background-attachment":"scroll","background-type":"","background-media":"","overlay-type":"","overlay-color":"","overlay-opacity":"","overlay-gradient":""}},"ast-content-background-meta":{"desktop":{"background-color":"var(--ast-global-color-5)","background-image":"","background-repeat":"repeat","background-position":"center center","background-size":"auto","background-attachment":"scroll","background-type":"","background-media":"","overlay-type":"","overlay-color":"","overlay-opacity":"","overlay-gradient":""},"tablet":{"background-color":"var(--ast-global-color-5)","background-image":"","background-repeat":"repeat","background-position":"center center","background-size":"auto","background-attachment":"scroll","background-type":"","background-media":"","overlay-type":"","overlay-color":"","overlay-opacity":"","overlay-gradient":""},"mobile":{"background-color":"var(--ast-global-color-5)","background-image":"","background-repeat":"repeat","background-position":"center center","background-size":"auto","background-attachment":"scroll","background-type":"","background-media":"","overlay-type":"","overlay-color":"","overlay-opacity":"","overlay-gradient":""}}},"product_brand":[],"product_cat":[42],"product_tag":[],"class_list":{"0":"post-1366","1":"product","2":"type-product","3":"status-publish","4":"has-post-thumbnail","6":"product_cat-cadeau","7":"desktop-align-center","8":"tablet-align-center","9":"mobile-align-center","10":"ast-product-gallery-layout-horizontal","11":"ast-magnify-disabled","12":"ast-product-single-variable","13":"ast-product-tabs-layout-horizontal","14":"ast-qv-on-image","16":"first","17":"instock","18":"shipping-taxable","19":"purchasable","20":"product-type-variable"},"bundled_by":[],"bundle_stock_status":"instock","bundle_stock_quantity":null,"bundle_virtual":false,"bundle_layout":"","bundle_add_to_cart_form_location":"","bundle_editable_in_cart":false,"bundle_sold_individually_context":"","bundle_item_grouping":"","bundle_min_size":"","bundle_max_size":"","bundle_price":[],"bundled_items":[],"bundle_sell_ids":[],"_links":{"self":[{"href":"https:\/\/buying-fever.com\/hr\/wp-json\/wp\/v2\/product\/1366","targetHints":{"allow":["GET"]}}],"collection":[{"href":"https:\/\/buying-fever.com\/hr\/wp-json\/wp\/v2\/product"}],"about":[{"href":"https:\/\/buying-fever.com\/hr\/wp-json\/wp\/v2\/types\/product"}],"replies":[{"embeddable":true,"href":"https:\/\/buying-fever.com\/hr\/wp-json\/wp\/v2\/comments?post=1366"}],"version-history":[{"count":0,"href":"https:\/\/buying-fever.com\/hr\/wp-json\/wp\/v2\/product\/1366\/revisions"}],"wp:featuredmedia":[{"embeddable":true,"href":"https:\/\/buying-fever.com\/hr\/wp-json\/wp\/v2\/media\/1348"}],"wp:attachment":[{"href":"https:\/\/buying-fever.com\/hr\/wp-json\/wp\/v2\/media?parent=1366"}],"wp:term":[{"taxonomy":"product_brand","embeddable":true,"href":"https:\/\/buying-fever.com\/hr\/wp-json\/wp\/v2\/product_brand?post=1366"},{"taxonomy":"product_cat","embeddable":true,"href":"https:\/\/buying-fever.com\/hr\/wp-json\/wp\/v2\/product_cat?post=1366"},{"taxonomy":"product_tag","embeddable":true,"href":"https:\/\/buying-fever.com\/hr\/wp-json\/wp\/v2\/product_tag?post=1366"}],"curies":[{"name":"wp","href":"https:\/\/api.w.org\/{rel}","templated":true}]}}