{"id":1284,"date":"2023-08-20T21:19:44","date_gmt":"2023-08-20T21:19:44","guid":{"rendered":"https:\/\/snow-alligator-195314.hostingersite.com\/?post_type=product&#038;p=1284"},"modified":"2025-06-14T00:52:39","modified_gmt":"2025-06-13T22:52:39","slug":"boutons-de-communication-pour-chien","status":"publish","type":"product","link":"https:\/\/buying-fever.com\/hr\/proizvod\/komunikacijske-tipke-za-pse\/","title":{"rendered":"Tipke za komunikaciju psa"},"content":{"rendered":"<h2 style=\"text-align: center;\">Izrazi se, psi\u0107u!<\/h2>\n<h2 style=\"text-align: center;\">Dopustite svom psu da vam ka\u017ee \u0161to \u017eeli.<\/h2>\n<p>&nbsp;<\/p>\n<p>Dajte svom najboljem prijatelju glas pomo\u0107u na\u0161ih tipki za komunikaciju s psima. Posebno dizajnirani kako bi omogu\u0107ili intuitivniju interakciju izme\u0111u vas i va\u0161eg ljubimca, ovi su gumbi idealni za skladan su\u017eivot.<\/p>\n<p>&nbsp;<\/p>\n<ul>\n<li><strong>Jednostavno snimanje glasa<\/strong> : Zahvaljuju\u0107i ugra\u0111enom mikrofonu, snimite rije\u010d ili izraz po svom izboru za svaki gumb.<\/li>\n<li><strong>Punjiva<\/strong> : Jedini na tr\u017ei\u0161tu nudimo potpuno punjivi model. Recite zbogom baterijama i zdravo ekologiji!<\/li>\n<li><strong>Robustan i izdr\u017eljiv<\/strong> : Dizajnirano da izdr\u017ei nestrpljive \u0161ape i ponovljeni pritisak. Na\u0161i gumbi napravljeni su da traju.<\/li>\n<li><strong>Ergonomski dizajn<\/strong> : Prikladno za \u0161ape svih veli\u010dina, od \u010divave do njema\u010dkog ov\u010dara.<\/li>\n<li><strong>Jednostavnost kori\u0161tenja<\/strong> : Pove\u017eite radnju sa svakim snimljenim gumbom i gledajte kako se va\u0161 pas izra\u017eava kao nikada prije!<\/li>\n<\/ul>\n<h3><\/h3>\n<h3><strong>Prednosti:<\/strong><\/h3>\n<p>&nbsp;<\/p>\n<ol>\n<li><strong>Ekolo\u0161ki<\/strong> : Smanjite svoj uglji\u010dni otisak odabirom punjivog modela.<\/li>\n<li><strong>Ekonomski<\/strong> : Nema vi\u0161e ponovljene kupnje baterija. Dugoro\u010dno u\u0161tedite novac!<\/li>\n<li><strong>Poja\u010dana interaktivnost<\/strong> : Oja\u010dajte svoju vezu sa svojim ljubimcem tako \u0161to \u0107ete ga bolje razumjeti i br\u017ee odgovarati na njegove potrebe.<\/li>\n<\/ol>\n<blockquote><p>&nbsp;<\/p>\n<p style=\"text-align: center;\"><em>\u201cNikada nisam mislio da Max mo\u017ee \u201crazgovarati\u201d sa mnom. Fascinantno je vidjeti kako <\/em><\/p>\n<p style=\"text-align: center;\"><em>brzo je shvatio kako tipke rade. Sad mi \u201cgovori\u201d kad je gladan, kad <\/em><\/p>\n<p style=\"text-align: center;\"><em>\u017eeli iza\u0107i ili jednostavno kada se \u017eeli igrati \u00bb<\/em><\/p>\n<p style=\"text-align: center;\"><strong>Stephanie<\/strong><\/p>\n<p>&nbsp;<\/p>\n<p style=\"text-align: center;\"><em>\u201cOtkako koristim ove gumbe sa svojim psom, na\u0161a komunikacija je <\/em><\/p>\n<p style=\"text-align: center;\"><em>dosegla potpuno novu razinu. \u201cZove\u201d me u \u0161etnju, pa \u010dak i u ma\u017eenje. <\/em><\/p>\n<p style=\"text-align: center;\"><em>Dirljivo je vidjeti koliko je voljna izraziti se i <\/em><\/p>\n<p style=\"text-align: center;\"><em>koliko su ovi gumbi obogatili na\u0161 zajedni\u010dki \u017eivot&quot;<\/em><\/p>\n<p style=\"text-align: center;\"><strong>Isabelle<\/strong><\/p>\n<\/blockquote>\n<h3 style=\"text-align: center;\"><strong>Naru\u010dite danas<\/strong> i ponuditi novu<\/h3>\n<h3 style=\"text-align: center;\">dimenziju va\u0161eg odnosa s va\u0161im vjernim pratiteljem!<\/h3>","protected":false},"excerpt":{"rendered":"<p>Exprimez-vous, toutou ! Permettez \u00e0 votre chien de vous dire ce qu&rsquo;il souhaite. &nbsp; Offrez une voix \u00e0 votre meilleur ami avec nos boutons de communication pour chien. Con\u00e7us sp\u00e9cialement pour permettre une interaction plus intuitive entre vous et votre animal de compagnie, ces boutons sont id\u00e9aux pour une cohabitation harmonieuse. &nbsp; Enregistrement Vocal Facile [&hellip;]<\/p>\n","protected":false},"featured_media":1287,"comment_status":"open","ping_status":"closed","template":"","meta":{"_seopress_robots_primary_cat":"none","_seopress_titles_title":"","_seopress_titles_desc":"","_seopress_robots_index":"","site-sidebar-layout":"default","site-content-layout":"default","ast-site-content-layout":"default","site-content-style":"default","site-sidebar-style":"default","ast-global-header-display":"","ast-banner-title-visibility":"","ast-main-header-display":"","ast-hfb-above-header-display":"","ast-hfb-below-header-display":"","ast-hfb-mobile-header-display":"","site-post-title":"","ast-breadcrumbs-content":"","ast-featured-img":"","footer-sml-layout":"","ast-disable-related-posts":"","theme-transparent-header-meta":"default","adv-header-id-meta":"","stick-header-meta":"default","header-above-stick-meta":"","header-main-stick-meta":"","header-below-stick-meta":"","astra-migrate-meta-layouts":"set","ast-page-background-enabled":"default","ast-page-background-meta":{"desktop":{"background-color":"","background-image":"","background-repeat":"repeat","background-position":"center center","background-size":"auto","background-attachment":"scroll","background-type":"","background-media":"","overlay-type":"","overlay-color":"","overlay-opacity":"","overlay-gradient":""},"tablet":{"background-color":"","background-image":"","background-repeat":"repeat","background-position":"center center","background-size":"auto","background-attachment":"scroll","background-type":"","background-media":"","overlay-type":"","overlay-color":"","overlay-opacity":"","overlay-gradient":""},"mobile":{"background-color":"","background-image":"","background-repeat":"repeat","background-position":"center center","background-size":"auto","background-attachment":"scroll","background-type":"","background-media":"","overlay-type":"","overlay-color":"","overlay-opacity":"","overlay-gradient":""}},"ast-content-background-meta":{"desktop":{"background-color":"var(--ast-global-color-5)","background-image":"","background-repeat":"repeat","background-position":"center center","background-size":"auto","background-attachment":"scroll","background-type":"","background-media":"","overlay-type":"","overlay-color":"","overlay-opacity":"","overlay-gradient":""},"tablet":{"background-color":"var(--ast-global-color-5)","background-image":"","background-repeat":"repeat","background-position":"center center","background-size":"auto","background-attachment":"scroll","background-type":"","background-media":"","overlay-type":"","overlay-color":"","overlay-opacity":"","overlay-gradient":""},"mobile":{"background-color":"var(--ast-global-color-5)","background-image":"","background-repeat":"repeat","background-position":"center center","background-size":"auto","background-attachment":"scroll","background-type":"","background-media":"","overlay-type":"","overlay-color":"","overlay-opacity":"","overlay-gradient":""}}},"product_brand":[],"product_cat":[83],"product_tag":[],"class_list":{"0":"post-1284","1":"product","2":"type-product","3":"status-publish","4":"has-post-thumbnail","6":"product_cat-animaux","7":"desktop-align-center","8":"tablet-align-center","9":"mobile-align-center","10":"ast-product-gallery-layout-horizontal","11":"ast-magnify-disabled","12":"ast-product-tabs-layout-horizontal","13":"ast-qv-on-image","15":"first","16":"outofstock","17":"shipping-taxable","18":"purchasable","19":"product-type-simple"},"bundled_by":[],"bundle_stock_status":"outofstock","bundle_stock_quantity":null,"bundle_virtual":false,"bundle_layout":"","bundle_add_to_cart_form_location":"","bundle_editable_in_cart":false,"bundle_sold_individually_context":"","bundle_item_grouping":"","bundle_min_size":"","bundle_max_size":"","bundle_price":[],"bundled_items":[],"bundle_sell_ids":[],"_links":{"self":[{"href":"https:\/\/buying-fever.com\/hr\/wp-json\/wp\/v2\/product\/1284","targetHints":{"allow":["GET"]}}],"collection":[{"href":"https:\/\/buying-fever.com\/hr\/wp-json\/wp\/v2\/product"}],"about":[{"href":"https:\/\/buying-fever.com\/hr\/wp-json\/wp\/v2\/types\/product"}],"replies":[{"embeddable":true,"href":"https:\/\/buying-fever.com\/hr\/wp-json\/wp\/v2\/comments?post=1284"}],"version-history":[{"count":0,"href":"https:\/\/buying-fever.com\/hr\/wp-json\/wp\/v2\/product\/1284\/revisions"}],"wp:featuredmedia":[{"embeddable":true,"href":"https:\/\/buying-fever.com\/hr\/wp-json\/wp\/v2\/media\/1287"}],"wp:attachment":[{"href":"https:\/\/buying-fever.com\/hr\/wp-json\/wp\/v2\/media?parent=1284"}],"wp:term":[{"taxonomy":"product_brand","embeddable":true,"href":"https:\/\/buying-fever.com\/hr\/wp-json\/wp\/v2\/product_brand?post=1284"},{"taxonomy":"product_cat","embeddable":true,"href":"https:\/\/buying-fever.com\/hr\/wp-json\/wp\/v2\/product_cat?post=1284"},{"taxonomy":"product_tag","embeddable":true,"href":"https:\/\/buying-fever.com\/hr\/wp-json\/wp\/v2\/product_tag?post=1284"}],"curies":[{"name":"wp","href":"https:\/\/api.w.org\/{rel}","templated":true}]}}