{"id":4812,"date":"2023-10-20T13:31:56","date_gmt":"2023-10-20T11:31:56","guid":{"rendered":"https:\/\/snow-alligator-195314.hostingersite.com\/?page_id=4812"},"modified":"2023-10-20T13:36:44","modified_gmt":"2023-10-20T11:36:44","slug":"politique-de-retour","status":"publish","type":"page","link":"https:\/\/buying-fever.com\/hr\/politika-povrata\/","title":{"rendered":"Politika povrata"},"content":{"rendered":"<div data-elementor-type=\"wp-page\" data-elementor-id=\"4812\" class=\"elementor elementor-4812\" data-elementor-post-type=\"page\">\n\t\t\t\t<div class=\"elementor-element elementor-element-6eabfd8e e-flex e-con-boxed e-con e-parent\" data-id=\"6eabfd8e\" data-element_type=\"container\" data-e-type=\"container\">\n\t\t\t\t\t<div class=\"e-con-inner\">\n\t\t\t\t<div class=\"elementor-element elementor-element-26a25f70 elementor-widget elementor-widget-heading\" data-id=\"26a25f70\" data-element_type=\"widget\" data-e-type=\"widget\" data-widget_type=\"heading.default\">\n\t\t\t\t<div class=\"elementor-widget-container\">\n\t\t\t\t\t<h1 class=\"elementor-heading-title elementor-size-default\">Politika povrata<\/h1>\t\t\t\t<\/div>\n\t\t\t\t<\/div>\n\t\t\t\t<div class=\"elementor-element elementor-element-f8df31c elementor-widget elementor-widget-heading\" data-id=\"f8df31c\" data-element_type=\"widget\" data-e-type=\"widget\" data-widget_type=\"heading.default\">\n\t\t\t\t<div class=\"elementor-widget-container\">\n\t\t\t\t\t<h2 class=\"elementor-heading-title elementor-size-default\">Preambula <\/h2>\t\t\t\t<\/div>\n\t\t\t\t<\/div>\n\t\t\t\t<div class=\"elementor-element elementor-element-7490e662 elementor-widget elementor-widget-heading\" data-id=\"7490e662\" data-element_type=\"widget\" data-e-type=\"widget\" data-widget_type=\"heading.default\">\n\t\t\t\t<div class=\"elementor-widget-container\">\n\t\t\t\t\t<h2 class=\"elementor-heading-title elementor-size-default\">\u010clanak 1 - Povrat neotvorenih artikala:<\/h2>\t\t\t\t<\/div>\n\t\t\t\t<\/div>\n\t\t\t\t<div class=\"elementor-element elementor-element-156095ea elementor-widget elementor-widget-text-editor\" data-id=\"156095ea\" data-element_type=\"widget\" data-e-type=\"widget\" data-widget_type=\"text-editor.default\">\n\t\t\t\t<div class=\"elementor-widget-container\">\n\t\t\t\t\t\t\t\t\t<p>Prihva\u0107amo povrate samo za artikle vra\u0107ene unutar 14 dana od isporuke kao \u0161to je navedeno u izvornim podacima za pra\u0107enje.<\/p>\t\t\t\t\t\t\t\t<\/div>\n\t\t\t\t<\/div>\n\t\t\t\t<div class=\"elementor-element elementor-element-7ac15c9c elementor-widget elementor-widget-text-editor\" data-id=\"7ac15c9c\" data-element_type=\"widget\" data-e-type=\"widget\" data-widget_type=\"text-editor.default\">\n\t\t\t\t<div class=\"elementor-widget-container\">\n\t\t\t\t\t\t\t\t\t<p>Vi \u0107ete biti odgovorni za tro\u0161kove dostave povezane s povratom va\u0161eg artikla. Nismo odgovorni za bilo kakav gubitak ili \u0161tetu do kojih do\u0111e tijekom transporta. Tako\u0111er morate, za sve povrate, unaprijed platiti tro\u0161kove dostave i osiguranja (ako je primjenjivo).<\/p><p>Ako va\u0161 povrat ispunjava uvjete za povrat novca, povrat ne\u0107e uklju\u010divati nikakve tro\u0161kove otpreme i rukovanja koji se mogu pojaviti na otpremnici ili fakturi. Kada primimo vra\u0107eni proizvod, pregledat \u0107emo ga i obavijestiti vas e-po\u0161tom. e-po\u0161tom, u roku od razumnom roku, ako imate pravo na povrat ili zamjenu.<\/p><p>Ako ispunjavate uvjete za zamjenu ili povrat novca, zamijenit \u0107emo proizvod ili vratiti kupovnu cijenu (bez obzira na metodu koju ste prvotno platili).<\/p><p>Kontakt podaci:<br \/>Link na\u0161e web stranice: https:\/\/snow-alligator-195314.hostingersite.com<\/p><p>Broj telefona: +187722956001<\/p><p>Adresa e-po\u0161te: contact@snow-alligator-195314.hostingersite.com<\/p>\t\t\t\t\t\t\t\t<\/div>\n\t\t\t\t<\/div>\n\t\t\t\t<div class=\"elementor-element elementor-element-3699e09a elementor-widget elementor-widget-heading\" data-id=\"3699e09a\" data-element_type=\"widget\" data-e-type=\"widget\" data-widget_type=\"heading.default\">\n\t\t\t\t<div class=\"elementor-widget-container\">\n\t\t\t\t\t<h2 class=\"elementor-heading-title elementor-size-default\">\u010clanak 2. - Razmjene<\/h2>\t\t\t\t<\/div>\n\t\t\t\t<\/div>\n\t\t\t\t<div class=\"elementor-element elementor-element-fa08263 elementor-widget elementor-widget-text-editor\" data-id=\"fa08263\" data-element_type=\"widget\" data-e-type=\"widget\" data-widget_type=\"text-editor.default\">\n\t\t\t\t<div class=\"elementor-widget-container\">\n\t\t\t\t\t\t\t\t\tMijenjamo samo neispravnu ili o\u0161te\u0107enu robu. Ako smatrate da je proizvod neispravan, kontaktirajte nas u roku od 14 dana od kupnje na dolje navedeni telefonski broj ili adresu e-po\u0161te i navedite pojedinosti o proizvodu i kvaru.\u00a0<\/span><\/span><\/p>\n<p align=\"JUSTIFY\"><span style=\"color: #000000;\"><span style=\"font-family: Times New Roman, serif;\">\u00a0<\/span><\/span><\/p>\nZatim \u0107emo vam re\u0107i kako vratiti proizvod.<\/span><\/span><\/p>\t\t\t\t\t\t\t\t<\/div>\n\t\t\t\t<\/div>\n\t\t\t\t<div class=\"elementor-element elementor-element-1d611294 elementor-widget elementor-widget-heading\" data-id=\"1d611294\" data-element_type=\"widget\" data-e-type=\"widget\" data-widget_type=\"heading.default\">\n\t\t\t\t<div class=\"elementor-widget-container\">\n\t\t\t\t\t<h2 class=\"elementor-heading-title elementor-size-default\">\u010clanak 3 - Dostava<\/h2>\t\t\t\t<\/div>\n\t\t\t\t<\/div>\n\t\t\t\t<div class=\"elementor-element elementor-element-1d7c6615 elementor-widget elementor-widget-text-editor\" data-id=\"1d7c6615\" data-element_type=\"widget\" data-e-type=\"widget\" data-widget_type=\"text-editor.default\">\n\t\t\t\t<div class=\"elementor-widget-container\">\n\t\t\t\t\t\t\t\t\t<p>U slu\u010daju da kupac iz bilo kojeg razloga \u017eeli vratiti prodavatelju kupljeni proizvod na stranici, du\u017ean je o tome unaprijed obavijestiti prodavatelja, kako bi mu isti prenio upute vezane uz povrat proizvoda.\u00a0<\/p><p>\u00a0<\/p><p>Ukoliko kupac samoinicijativno vrati proizvod prodavatelju, prodavatelj mo\u017ee odbiti paket i ne izvr\u0161iti povrat novca.<\/p><p><br \/>Nismo odgovorni za bilo kakav gubitak ili \u0161tetu do kojih do\u0111e tijekom transporta. Ako va\u0161 povrat ispunjava uvjete za povrat, va\u0161 povrat ne\u0107e uklju\u010divati nikakve tro\u0161kove dostave i rukovanja koji se mogu pojaviti na otpremnici ili fakturi.<\/p><p>\u00a0<\/p><p>Za vra\u0107anje ili zamjenu artikla koji ste kupili, po\u0161aljite ga po\u0161tom, zajedno s kopijom ra\u010duna i svim drugim informacijama u vezi s kupnjom, na dolje navedenu adresu: Opse\u017ena zgrada (ispred zgrade 109), zajednica Honghua, grad Yiwu, Grad Jinhua, provincija Zhejiang \u2013 po\u0161tanski broj: 322000 Primatelj: zeng li hua \u2013 Broj: 13566961583 \u2013 Kina<\/p><p>\u00a0<\/p>\t\t\t\t\t\t\t\t<\/div>\n\t\t\t\t<\/div>\n\t\t\t\t<div class=\"elementor-element elementor-element-316d9186 elementor-widget elementor-widget-heading\" data-id=\"316d9186\" data-element_type=\"widget\" data-e-type=\"widget\" data-widget_type=\"heading.default\">\n\t\t\t\t<div class=\"elementor-widget-container\">\n\t\t\t\t\t<h2 class=\"elementor-heading-title elementor-size-default\">\u010clanak 4. - Proces<\/h2>\t\t\t\t<\/div>\n\t\t\t\t<\/div>\n\t\t\t\t<div class=\"elementor-element elementor-element-44c38b3f elementor-widget elementor-widget-text-editor\" data-id=\"44c38b3f\" data-element_type=\"widget\" data-e-type=\"widget\" data-widget_type=\"text-editor.default\">\n\t\t\t\t<div class=\"elementor-widget-container\">\n\t\t\t\t\t\t\t\t\t<p>Kada primimo va\u0161 artikl, pregledat \u0107emo ga i obavijestiti vas e-po\u0161tom, u razumnom roku, imate li pravo na povrat ili zamjenu.<\/p><p>\u00a0<\/p><p>Ako ispunjavate uvjete za povrat novca, vratit \u0107emo kupovnu cijenu, a kredit \u0107e se primijeniti na izvorni na\u010din pla\u0107anja. Tro\u0161kovi dostave i rukovanja koje ste ve\u0107 platili ne vra\u0107aju se, a vra\u0107eni iznosi ne uklju\u010duju tro\u0161kove dostave.<\/p><p>\u00a0<\/p><p>Maksimalno razdoblje od 14 radnih dana nakon primitka na\u0161e e-po\u0161te mo\u017ee pro\u0107i prije nego \u0161to primimo povrat novca.<br \/>Ako ispunjavate uvjete za zamjenu, poslat \u0107emo vam novi artikl na izvornu adresu za dostavu.<\/p>\t\t\t\t\t\t\t\t<\/div>\n\t\t\t\t<\/div>\n\t\t\t\t<div class=\"elementor-element elementor-element-2127627a elementor-widget elementor-widget-heading\" data-id=\"2127627a\" data-element_type=\"widget\" data-e-type=\"widget\" data-widget_type=\"heading.default\">\n\t\t\t\t<div class=\"elementor-widget-container\">\n\t\t\t\t\t<h2 class=\"elementor-heading-title elementor-size-default\">\u010clanak 5. - Darovi<\/h2>\t\t\t\t<\/div>\n\t\t\t\t<\/div>\n\t\t\t\t<div class=\"elementor-element elementor-element-507f68b5 elementor-widget elementor-widget-text-editor\" data-id=\"507f68b5\" data-element_type=\"widget\" data-e-type=\"widget\" data-widget_type=\"text-editor.default\">\n\t\t\t\t<div class=\"elementor-widget-container\">\n\t\t\t\t\t\t\t\t\t<p>Ako je vra\u0107eni artikal bio ozna\u010den kao dar prilikom kupnje i poslan izravno vama, primit \u0107ete poklon kredit jednak vrijednosti va\u0161eg povrata.\u00a0<\/p><p>\u00a0<\/p><p>Ako artikal nije bio ozna\u010den kao poklon prilikom kupnje ili ako je darivatelj preferirao prvo primiti artikal, a kasnije ga dati vama, poslat \u0107emo povrat novca darivatelju i on \u0107e znati da ste vratili artikal.<\/p>\t\t\t\t\t\t\t\t<\/div>\n\t\t\t\t<\/div>\n\t\t\t\t<div class=\"elementor-element elementor-element-148b27cf elementor-widget elementor-widget-heading\" data-id=\"148b27cf\" data-element_type=\"widget\" data-e-type=\"widget\" data-widget_type=\"heading.default\">\n\t\t\t\t<div class=\"elementor-widget-container\">\n\t\t\t\t\t<h2 class=\"elementor-heading-title elementor-size-default\">\u010clanak 6. - Iznimka od prava na povla\u010denje i povrat novca<\/h2>\t\t\t\t<\/div>\n\t\t\t\t<\/div>\n\t\t\t\t<div class=\"elementor-element elementor-element-2dac8d71 elementor-widget elementor-widget-text-editor\" data-id=\"2dac8d71\" data-element_type=\"widget\" data-e-type=\"widget\" data-widget_type=\"text-editor.default\">\n\t\t\t\t<div class=\"elementor-widget-container\">\n\t\t\t\t\t\t\t\t\t<p>Svi personalizirani artikli izra\u0111eni na zahtjev u na\u0161em katalogu proizvoda ne podlije\u017eu povratu i povratu novca. Smatra se da su ti artikli nepovratni ili da su dio kona\u010dne prodaje.\u00a0<\/p><p>\u00a0<\/p><p>Me\u0111utim, personalizirani proizvodi u\u017eivaju pravo na sukladnost kako je definirano u na\u0161im op\u0107im uvjetima prodaje. Tvrtka nije du\u017ena nadoknaditi dodatne tro\u0161kove ako je potro\u0161a\u010d izri\u010dito odabrao skuplji na\u010din isporuke od standardnog na\u010dina isporuke. koji je predlo\u017eio stru\u010dnjak.<\/p>\t\t\t\t\t\t\t\t<\/div>\n\t\t\t\t<\/div>\n\t\t\t\t\t<\/div>\n\t\t\t\t<\/div>\n\t\t\t\t<\/div>","protected":false},"excerpt":{"rendered":"<p>Politique de Retour Pr\u00e9ambule Article 1 &#8211; Retour d\u2019articles non ouverts : Nous acceptons uniquement le retour des articles retourn\u00e9s dans les 14 jours suivant la livraison, tel qu&rsquo;indiqu\u00e9 par les informations de suivi d&rsquo;origine. Vous devrez assumer les frais d\u2019exp\u00e9dition li\u00e9s au retour de votre article. Nous ne sommes pas responsables des pertes ou [&hellip;]<\/p>\n","protected":false},"author":1,"featured_media":0,"parent":0,"menu_order":0,"comment_status":"closed","ping_status":"closed","template":"","meta":{"_seopress_robots_primary_cat":"","_seopress_titles_title":"","_seopress_titles_desc":"","_seopress_robots_index":"","site-sidebar-layout":"no-sidebar","site-content-layout":"page-builder","ast-site-content-layout":"full-width-container","site-content-style":"default","site-sidebar-style":"default","ast-global-header-display":"","ast-banner-title-visibility":"","ast-main-header-display":"","ast-hfb-above-header-display":"","ast-hfb-below-header-display":"","ast-hfb-mobile-header-display":"","site-post-title":"disabled","ast-breadcrumbs-content":"","ast-featured-img":"disabled","footer-sml-layout":"","ast-disable-related-posts":"","theme-transparent-header-meta":"","adv-header-id-meta":"","stick-header-meta":"","header-above-stick-meta":"","header-main-stick-meta":"","header-below-stick-meta":"","astra-migrate-meta-layouts":"set","ast-page-background-enabled":"default","ast-page-background-meta":{"desktop":{"background-color":"","background-image":"","background-repeat":"repeat","background-position":"center center","background-size":"auto","background-attachment":"scroll","background-type":"","background-media":"","overlay-type":"","overlay-color":"","overlay-opacity":"","overlay-gradient":""},"tablet":{"background-color":"","background-image":"","background-repeat":"repeat","background-position":"center center","background-size":"auto","background-attachment":"scroll","background-type":"","background-media":"","overlay-type":"","overlay-color":"","overlay-opacity":"","overlay-gradient":""},"mobile":{"background-color":"","background-image":"","background-repeat":"repeat","background-position":"center center","background-size":"auto","background-attachment":"scroll","background-type":"","background-media":"","overlay-type":"","overlay-color":"","overlay-opacity":"","overlay-gradient":""}},"ast-content-background-meta":{"desktop":{"background-color":"var(--ast-global-color-5)","background-image":"","background-repeat":"repeat","background-position":"center center","background-size":"auto","background-attachment":"scroll","background-type":"","background-media":"","overlay-type":"","overlay-color":"","overlay-opacity":"","overlay-gradient":""},"tablet":{"background-color":"var(--ast-global-color-5)","background-image":"","background-repeat":"repeat","background-position":"center center","background-size":"auto","background-attachment":"scroll","background-type":"","background-media":"","overlay-type":"","overlay-color":"","overlay-opacity":"","overlay-gradient":""},"mobile":{"background-color":"var(--ast-global-color-5)","background-image":"","background-repeat":"repeat","background-position":"center center","background-size":"auto","background-attachment":"scroll","background-type":"","background-media":"","overlay-type":"","overlay-color":"","overlay-opacity":"","overlay-gradient":""}},"footnotes":""},"class_list":["post-4812","page","type-page","status-publish","hentry"],"_links":{"self":[{"href":"https:\/\/buying-fever.com\/hr\/wp-json\/wp\/v2\/pages\/4812","targetHints":{"allow":["GET"]}}],"collection":[{"href":"https:\/\/buying-fever.com\/hr\/wp-json\/wp\/v2\/pages"}],"about":[{"href":"https:\/\/buying-fever.com\/hr\/wp-json\/wp\/v2\/types\/page"}],"author":[{"embeddable":true,"href":"https:\/\/buying-fever.com\/hr\/wp-json\/wp\/v2\/users\/1"}],"replies":[{"embeddable":true,"href":"https:\/\/buying-fever.com\/hr\/wp-json\/wp\/v2\/comments?post=4812"}],"version-history":[{"count":0,"href":"https:\/\/buying-fever.com\/hr\/wp-json\/wp\/v2\/pages\/4812\/revisions"}],"wp:attachment":[{"href":"https:\/\/buying-fever.com\/hr\/wp-json\/wp\/v2\/media?parent=4812"}],"curies":[{"name":"wp","href":"https:\/\/api.w.org\/{rel}","templated":true}]}}