{"id":1218,"date":"2023-08-13T14:07:16","date_gmt":"2023-08-13T14:07:16","guid":{"rendered":"https:\/\/snow-alligator-195314.hostingersite.com\/?page_id=1218"},"modified":"2025-04-14T00:01:06","modified_gmt":"2025-04-13T22:01:06","slug":"politique-de-confidentialite","status":"publish","type":"page","link":"https:\/\/buying-fever.com\/hr\/politika-privatnosti\/","title":{"rendered":"Politika privatnosti"},"content":{"rendered":"<div data-elementor-type=\"wp-page\" data-elementor-id=\"1218\" class=\"elementor elementor-1218\" data-elementor-post-type=\"page\">\n\t\t\t\t<div class=\"elementor-element elementor-element-34f2b41 e-flex e-con-boxed e-con e-parent\" data-id=\"34f2b41\" data-element_type=\"container\" data-e-type=\"container\">\n\t\t\t\t\t<div class=\"e-con-inner\">\n\t\t\t\t<div class=\"elementor-element elementor-element-7d48753 elementor-widget elementor-widget-heading\" data-id=\"7d48753\" data-element_type=\"widget\" data-e-type=\"widget\" data-widget_type=\"heading.default\">\n\t\t\t\t<div class=\"elementor-widget-container\">\n\t\t\t\t\t<h1 class=\"elementor-heading-title elementor-size-default\">Politika privatnosti <\/h1>\t\t\t\t<\/div>\n\t\t\t\t<\/div>\n\t\t\t\t<div class=\"elementor-element elementor-element-fd0adc1 elementor-widget elementor-widget-text-editor\" data-id=\"fd0adc1\" data-element_type=\"widget\" data-e-type=\"widget\" data-widget_type=\"text-editor.default\">\n\t\t\t\t<div class=\"elementor-widget-container\">\n\t\t\t\t\t\t\t\t\t<h2 style=\"caret-color: #000000; font-style: normal; text-transform: none; font-size: 2.235294rem; font-weight: 400; line-height: 1.3em;\">Tko smo mi ?<\/h2><p style=\"font-style: normal; font-size: 17px; margin-bottom: 0.5em; caret-color: #000000; color: #000000;\">Adresa na\u0161e web stranice je: https:\/\/snow-alligator-195314.hostingersite.com<\/p><p style=\"font-style: normal; font-size: 17px; margin-bottom: 0.5em; caret-color: #000000; color: #000000;\">Mo\u017eete nas kontaktirati na sljede\u0107u adresu e-po\u0161te: contact@snow-alligator-195314.hostingersite.com<\/p><h2 style=\"caret-color: #000000; font-style: normal; text-transform: none; font-size: 2.235294rem; font-weight: 400; line-height: 1.3em;\">Kori\u0161tenje prikupljenih osobnih podataka<\/h2><p style=\"font-style: normal; font-size: 17px; margin-bottom: 0.5em; caret-color: #000000; color: #000000;\">Za svaku narud\u017ebu ili kreiranje ra\u010duna pristajete primati ponude i promocije putem e-po\u0161te i\/ili telefona.<\/p><h2 style=\"caret-color: #000000; font-style: normal; text-transform: none; font-size: 2.235294rem; font-weight: 400; line-height: 1.3em;\">Komentari<\/h2><p style=\"font-style: normal; font-size: 17px; margin-bottom: 0.5em; caret-color: #000000; color: #000000;\">Kada ostavite komentar na na\u0161oj web stranici, prikupljaju se podaci uneseni u obrazac za komentare, ali i va\u0161a IP adresa i korisni\u010dki agent va\u0161eg preglednika kako bi nam pomogli u otkrivanju ne\u017eeljenih komentara.<\/p><p style=\"font-style: normal; font-size: 17px; margin-bottom: 0.5em; caret-color: #000000; color: #000000;\">Anonimizirani niz stvoren iz va\u0161e adrese e-po\u0161te (tako\u0111er nazvan hash) mo\u017ee biti poslan usluzi Gravatar da provjeri koristite li je. Odredbe o povjerljivosti usluge Gravatar dostupne su ovdje: https:\/\/automattic.com\/privacy\/. Nakon provjere valjanosti va\u0161eg komentara, va\u0161a profilna fotografija \u0107e biti javno vidljiva pored va\u0161eg komentara.<\/p><h2 style=\"caret-color: #000000; font-style: normal; text-transform: none; font-size: 2.235294rem; font-weight: 400; line-height: 1.3em;\">Mediji<\/h2><p style=\"font-style: normal; font-size: 17px; margin-bottom: 0.5em; caret-color: #000000; color: #000000;\">Ako ste registrirani korisnik i u\u010ditavate slike na web stranicu, savjetujemo vam da izbjegavate u\u010ditavanje slika koje sadr\u017ee EXIF GPS podatke o koordinatama. Posjetitelji va\u0161e web stranice mogu preuzeti i izdvojiti podatke o lokaciji iz ovih slika.<\/p><h2 style=\"caret-color: #000000; font-style: normal; text-transform: none; font-size: 2.235294rem; font-weight: 400; line-height: 1.3em;\">Kontakt forme<\/h2><p style=\"font-style: normal; font-size: 17px; margin-bottom: 0.5em; caret-color: #000000; color: #000000;\">Da biste nas kontaktirali, pi\u0161ite nam na contact@snow-alligator-195314.hostingersite.com<\/p><h2 style=\"caret-color: #000000; font-style: normal; text-transform: none; font-size: 2.235294rem; font-weight: 400; line-height: 1.3em;\">Kola\u010di\u0107i<\/h2><p style=\"font-style: normal; font-size: 17px; margin-bottom: 0.5em; caret-color: #000000; color: #000000;\">Ako ostavite komentar na na\u0161oj stranici, mo\u017eete spremiti svoje ime, adresu e-po\u0161te i web stranicu u kola\u010di\u0107e. Ovo je samo radi va\u0161e udobnosti kako ne biste morali popunjavati ove podatke ako kasnije ostavite neki drugi komentar. Ovi kola\u010di\u0107i isti\u010du nakon godinu dana.<\/p><p style=\"font-style: normal; font-size: 17px; margin-bottom: 0.5em; caret-color: #000000; color: #000000;\">Ako odete na stranicu za prijavu, kreirat \u0107e se privremeni kola\u010di\u0107 kako bi se utvrdilo prihva\u0107a li va\u0161 preglednik kola\u010di\u0107e. Ne sadr\u017ei osobne podatke i automatski \u0107e se izbrisati kada zatvorite preglednik.<\/p><p style=\"font-style: normal; font-size: 17px; margin-bottom: 0.5em; caret-color: #000000; color: #000000;\">Kada se prijavite, postavit \u0107emo odre\u0111eni broj kola\u010di\u0107a kako bismo spremili va\u0161e podatke za prijavu i postavke zaslona. \u017divotni vijek kola\u010di\u0107a za povezivanje je dva dana, a kola\u010di\u0107a opcije ekrana jedna godina. Ako ozna\u010dite &quot;Zapamti me&quot;, va\u0161 \u0107e se kola\u010di\u0107 za prijavu zadr\u017eati dva tjedna. Ako se odjavite sa svog ra\u010duna, kola\u010di\u0107 za prijavu bit \u0107e izbrisan.<\/p><p style=\"font-style: normal; font-size: 17px; margin-bottom: 0.5em; caret-color: #000000; color: #000000;\">Ure\u0111ivanjem ili objavljivanjem objave, dodatni kola\u010di\u0107 \u0107e se pohraniti u va\u0161 preglednik. Ovaj kola\u010di\u0107 ne uklju\u010duje nikakve osobne podatke. Jednostavno prikazuje ID posta koji ste upravo uredili. Isti\u010de nakon jednog dana.<\/p><h2 style=\"caret-color: #000000; font-style: normal; text-transform: none; font-size: 2.235294rem; font-weight: 400; line-height: 1.3em;\">Sadr\u017eaj ugra\u0111en s drugih stranica<\/h2><p style=\"font-style: normal; font-size: 17px; margin-bottom: 0.5em; caret-color: #000000; color: #000000;\">\u010clanci na ovoj stranici mogu sadr\u017eavati ugra\u0111eni sadr\u017eaj (npr. videozapise, slike, \u010dlanke itd.). Sadr\u017eaj ugra\u0111en s drugih stranica pona\u0161a se isto kao da je posjetitelj oti\u0161ao na tu drugu stranicu.<\/p><p style=\"font-style: normal; font-size: 17px; margin-bottom: 0.5em; caret-color: #000000; color: #000000;\">Ove web stranice mogu prikupljati podatke o vama, koristiti kola\u010di\u0107e, ugra\u0111ivati alate za pra\u0107enje tre\u0107ih strana, pratiti va\u0161e interakcije s tim ugra\u0111enim sadr\u017eajem ako imate ra\u010dun povezan s njihovom web stranicom.<\/p><h2 style=\"caret-color: #000000; font-style: normal; text-transform: none; font-size: 2.235294rem; font-weight: 400; line-height: 1.3em;\">Statistika i mjerenja publike<\/h2><p style=\"font-style: normal; font-size: 17px; margin-bottom: 0.5em; caret-color: #000000; color: #000000;\">Koristimo tehnologije, kao \u0161to su kola\u010di\u0107i, za personalizaciju sadr\u017eaja i ogla\u0161avanja, pru\u017eanje zna\u010dajki dru\u0161tvenih medija i analizu prometa na stranici. Podatke o va\u0161em kori\u0161tenju stranice dijelimo s na\u0161im pouzdanim partnerima za dru\u0161tvene medije, ogla\u0161avanje i analitiku.<\/p><p style=\"font-style: normal; font-size: 17px; margin-bottom: 0.5em; caret-color: #000000; color: #000000;\">Za mjerenje odre\u0111enih statistika povezanih s razli\u010ditim korisni\u010dkim putovanjima koristimo Google Analytics, njihova pravila o privatnosti mo\u017eete pogledati na sljede\u0107oj adresi:\u00a0<a style=\"color: #f94b71;\" href=\"https:\/\/policies.google.com\/privacy?hl=fr\">https:\/\/policies.google.com\/privacy?hl=fr<\/a>\u00a0.<\/p><p style=\"font-style: normal; font-size: 17px; margin-bottom: 0.5em; caret-color: #000000; color: #000000;\">Tako\u0111er koristimo Facebook pixel, njihovu politiku privatnosti mo\u017eete pogledati na sljede\u0107oj adresi:\u00a0<a style=\"color: #f94b71;\" href=\"https:\/\/www.facebook.com\/payments_terms\/privacy\">https:\/\/www.facebook.com\/payments_terms\/privacy\u00a0<\/a><\/p><h2 style=\"caret-color: #000000; font-style: normal; text-transform: none; font-size: 2.235294rem; font-weight: 400; line-height: 1.3em;\">Vremena pohrane va\u0161ih podataka<\/h2><p style=\"font-style: normal; font-size: 17px; margin-bottom: 0.5em; caret-color: #000000; color: #000000;\">Ako ostavite komentar, komentar i njegovi metapodaci zadr\u017eavaju se na neodre\u0111eno vrijeme. To omogu\u0107uje automatsko prepoznavanje i odobravanje sljede\u0107ih komentara umjesto da ih se ostavi u redu \u010dekanja za moderiranje.<\/p><p style=\"font-style: normal; font-size: 17px; margin-bottom: 0.5em; caret-color: #000000; color: #000000;\">Za korisnike koji se registriraju na na\u0161oj stranici (ako je mogu\u0107e), tako\u0111er pohranjujemo osobne podatke navedene u njihovom profilu. Svi korisnici mogu pregledavati, mijenjati ili brisati svoje osobne podatke u bilo kojem trenutku (osim korisni\u010dkog imena). Upravitelji lokacije tako\u0111er mogu pregledavati i mijenjati ove informacije.<\/p><h2 style=\"caret-color: #000000; font-style: normal; text-transform: none; font-size: 2.235294rem; font-weight: 400; line-height: 1.3em;\">Prava koja imate nad svojim podacima<\/h2><p style=\"font-style: normal; font-size: 17px; margin-bottom: 0.5em; caret-color: #000000; color: #000000;\">Ako imate ra\u010dun ili ste ostavili komentare na stranici, mo\u017eete zatra\u017eiti da primite datoteku koja sadr\u017ei sve osobne podatke koje imamo o vama, uklju\u010duju\u0107i i one koje ste nam dali. Tako\u0111er mo\u017eete zatra\u017eiti brisanje osobnih podataka koji se na vas odnose. Ovo ne uzima u obzir podatke pohranjene u administrativne, pravne ili sigurnosne svrhe.<\/p><h2 style=\"caret-color: #000000; font-style: normal; text-transform: none; font-size: 2.235294rem; font-weight: 400; line-height: 1.3em;\">Prijenos va\u0161ih osobnih podataka<\/h2><p style=\"font-style: normal; font-size: 17px; margin-bottom: 0.5em; caret-color: #000000; color: #000000;\">Komentari posjetitelja mogu se provjeriti pomo\u0107u automatizirane usluge otkrivanja ne\u017eeljenih komentara.<\/p><h2 style=\"caret-color: #000000; font-style: normal; text-transform: none; font-size: 2.235294rem; font-weight: 400; line-height: 1.3em;\">\u0160to skupljamo i skladi\u0161timo<\/h2><p style=\"font-style: normal; font-size: 17px; margin-bottom: 0.5em; caret-color: #000000; color: #000000;\">Tijekom va\u0161eg posjeta stranici pratimo:<\/p><ul style=\"font-style: normal; font-size: 17px; list-style-position: outside; list-style-type: disc; caret-color: #000000; color: #000000;\"><li style=\"font-size: 17px;\">Proizvodi koje ste gledali: Koristimo ih za, na primjer, prikaz proizvoda koje ste nedavno gledali<\/li><li style=\"font-size: 17px;\">Lokacija, IP adresa i vrsta preglednika: koristimo ih za procjenu poreza i tro\u0161kova dostave<\/li><li style=\"font-size: 17px;\">Adresa za dostavu: tra\u017eit \u0107emo da je unesete kako bismo procijenili tro\u0161kove dostave prije naru\u010divanja, te kako bismo Vam poslali narud\u017ebu!<\/li><\/ul><p style=\"font-style: normal; font-size: 17px; margin-bottom: 0.5em; caret-color: #000000; color: #000000;\">Koristimo kola\u010di\u0107e za pra\u0107enje sadr\u017eaja ko\u0161arice dok se kre\u0107ete na\u0161im stranicama.<\/p><p style=\"font-style: normal; font-size: 17px; margin-bottom: 0.5em; caret-color: #000000; color: #000000;\">Kada kupujete na na\u0161oj web stranici, tra\u017eit \u0107emo od vas da date podatke uklju\u010duju\u0107i va\u0161e ime, adresu za naplatu, adresu za dostavu, adresu e-po\u0161te, telefonski broj, podatke o platnoj\/kreditnoj kartici i eventualne podatke o ra\u010dunu kao \u0161to su korisni\u010dko ime i lozinka. Ove informacije \u0107e se koristiti za:<\/p><ul style=\"font-style: normal; font-size: 17px; list-style-position: outside; list-style-type: disc; caret-color: #000000; color: #000000;\"><li style=\"font-size: 17px;\">Slanje podataka o va\u0161em ra\u010dunu i narud\u017ebi<\/li><li style=\"font-size: 17px;\">Odgovarajte na zahtjeve, uklju\u010duju\u0107i povrat novca i pritu\u017ebe<\/li><li style=\"font-size: 17px;\">Obrada pla\u0107anja i sprje\u010davanje prijevara<\/li><li style=\"font-size: 17px;\">Postavite svoj ra\u010dun za na\u0161u trgovinu<\/li><li style=\"font-size: 17px;\">Pridr\u017eavajte se svih zakonskih obveza, kao \u0161to je izra\u010dun poreza<\/li><li style=\"font-size: 17px;\">Pobolj\u0161ajte ponudu na\u0161e trgovine<\/li><li style=\"font-size: 17px;\">Slati vam marketin\u0161ke poruke, ako ih odlu\u010dite primati<\/li><\/ul><p style=\"font-style: normal; font-size: 17px; margin-bottom: 0.5em; caret-color: #000000; color: #000000;\">Ako kreirate ra\u010dun, pohranjujemo va\u0161e ime, adresu, e-po\u0161tu i telefonski broj, koji \u0107e se koristiti za prethodno popunjavanje valjanosti narud\u017ebe za budu\u0107e narud\u017ebe.<\/p><p style=\"font-style: normal; font-size: 17px; margin-bottom: 0.5em; caret-color: #000000; color: #000000;\">Nous stockons g\u00e9n\u00e9ralement vos informations aussi longtemps que nous en avons besoin pour l\u2019usage pour lequel nous les collectons et utilisons, et nous ne sommes pas oblig\u00e9s l\u00e9galement de conitnuer \u00e0 les conserver. Par exemple, nous stockons les informations de commande pour 2 ann\u00e9es pour les taxes et la comptabilit\u00e9. Ceci inclut votre nom, adresse de messagerie et adresses de facturation et livraison.<\/p><p style=\"font-style: normal; font-size: 17px; margin-bottom: 0.5em; caret-color: #000000; color: #000000;\">Tako\u0111er pohranjujemo komentare ili recenzije, ako ih odlu\u010dite poslati.<\/p><h2 style=\"caret-color: #000000; font-style: normal; text-transform: none; font-size: 2.235294rem; font-weight: 400; line-height: 1.3em;\">Tko u na\u0161em timu ima pristup podacima<\/h2><p style=\"font-style: normal; font-size: 17px; margin-bottom: 0.5em; caret-color: #000000; color: #000000;\">\u010clanovi na\u0161eg tima imaju pristup informacijama koje nam date. Na primjer, administratori i upravitelji trgovina imaju pristup:<\/p><ul style=\"font-style: normal; font-size: 17px; list-style-position: outside; list-style-type: disc; caret-color: #000000; color: #000000;\"><li style=\"font-size: 17px;\">Informacije o narud\u017ebi kao \u0161to su \u0161to je kupljeno, kada i gdje treba poslati i<\/li><li style=\"font-size: 17px;\">Podaci o kupcu kao \u0161to su va\u0161e ime, adresa e-po\u0161te te podaci o naplati i otpremi.<\/li><\/ul><p style=\"font-style: normal; font-size: 17px; margin-bottom: 0.5em; caret-color: #000000; color: #000000;\">Na\u0161 tim ima pristup ovim informacijama za obradu narud\u017ebi, izdavanje povrata novca i podr\u0161ku.<\/p><h2 style=\"caret-color: #000000; font-style: normal; text-transform: none; font-size: 2.235294rem; font-weight: 400; line-height: 1.3em;\">Ono \u0161to dijelimo s drugima<\/h2><p style=\"font-style: normal; font-size: 17px; margin-bottom: 0.5em; caret-color: #000000; color: #000000;\">Dijelimo podatke s tre\u0107im stranama koje nam poma\u017eu upravljati na\u0161im narud\u017ebama i uslugama trgovine; Stripe koji je usluga pla\u0107anja kreditnom karticom i PayPal koji je pristupnik za pla\u0107anje.<\/p><h3 style=\"caret-color: #000000; font-style: normal; font-size: 1.764706rem; font-weight: 400; line-height: 1.3em;\">Pla\u0107anja<\/h3><p style=\"font-style: normal; font-size: 17px; margin-bottom: 0.5em; caret-color: #000000; color: #000000;\">Prihva\u0107amo pla\u0107anja PayPalom i Stripeom. Prilikom obrade pla\u0107anja, odre\u0111eni \u0107e se podaci prenijeti na PayPal ili Stripe, uklju\u010duju\u0107i podatke potrebne za dovr\u0161etak pla\u0107anja, poput ukupnog iznosa ili podataka o naplati.<\/p><p style=\"font-style: normal; font-size: 17px; margin-bottom: 0.5em; caret-color: #000000; color: #000000;\">Molimo pro\u010ditajte\u00a0<a style=\"color: #f94b71;\" href=\"https:\/\/www.paypal.com\/us\/webapps\/mpp\/ua\/privacy-full\">Politika privatnosti PayPala<\/a>\u00a0za vi\u0161e detalja.<\/p><p style=\"font-style: normal; font-size: 17px; margin-bottom: 0.5em; caret-color: #000000; color: #000000;\">Molimo pro\u010ditajte\u00a0<a style=\"color: #f94b71;\" href=\"https:\/\/stripe.com\/fr\/privacy\">Stripe politika privatnosti<\/a>\u00a0za vi\u0161e detalja.<\/p>\t\t\t\t\t\t\t\t<\/div>\n\t\t\t\t<\/div>\n\t\t\t\t\t<\/div>\n\t\t\t\t<\/div>\n\t\t\t\t<\/div>","protected":false},"excerpt":{"rendered":"<p>Politique de Confidentialit\u00e9 Qui sommes-nous\u00a0? L\u2019adresse de notre site Web est : https:\/\/snow-alligator-195314.hostingersite.com Vous pouvez nous contacter \u00e0 l\u2019adresse email suivante : contact@snow-alligator-195314.hostingersite.com Utilisation des donn\u00e9es personnelles collect\u00e9es Pour toute commande effectu\u00e9e ou toute cr\u00e9ation de compte, vous acceptez de recevoir des offres et promotions par email et\/ou par t\u00e9l\u00e9phone. Commentaires Quand vous laissez un [&hellip;]<\/p>\n","protected":false},"author":1,"featured_media":0,"parent":0,"menu_order":0,"comment_status":"closed","ping_status":"closed","template":"","meta":{"_seopress_robots_primary_cat":"","_seopress_titles_title":"","_seopress_titles_desc":"","_seopress_robots_index":"","site-sidebar-layout":"no-sidebar","site-content-layout":"page-builder","ast-site-content-layout":"default","site-content-style":"default","site-sidebar-style":"default","ast-global-header-display":"","ast-banner-title-visibility":"","ast-main-header-display":"","ast-hfb-above-header-display":"","ast-hfb-below-header-display":"","ast-hfb-mobile-header-display":"","site-post-title":"disabled","ast-breadcrumbs-content":"","ast-featured-img":"disabled","footer-sml-layout":"","ast-disable-related-posts":"","theme-transparent-header-meta":"","adv-header-id-meta":"","stick-header-meta":"","header-above-stick-meta":"","header-main-stick-meta":"","header-below-stick-meta":"","astra-migrate-meta-layouts":"default","ast-page-background-enabled":"default","ast-page-background-meta":{"desktop":{"background-color":"","background-image":"","background-repeat":"repeat","background-position":"center center","background-size":"auto","background-attachment":"scroll","background-type":"","background-media":"","overlay-type":"","overlay-color":"","overlay-opacity":"","overlay-gradient":""},"tablet":{"background-color":"","background-image":"","background-repeat":"repeat","background-position":"center center","background-size":"auto","background-attachment":"scroll","background-type":"","background-media":"","overlay-type":"","overlay-color":"","overlay-opacity":"","overlay-gradient":""},"mobile":{"background-color":"","background-image":"","background-repeat":"repeat","background-position":"center center","background-size":"auto","background-attachment":"scroll","background-type":"","background-media":"","overlay-type":"","overlay-color":"","overlay-opacity":"","overlay-gradient":""}},"ast-content-background-meta":{"desktop":{"background-color":"var(--ast-global-color-5)","background-image":"","background-repeat":"repeat","background-position":"center center","background-size":"auto","background-attachment":"scroll","background-type":"","background-media":"","overlay-type":"","overlay-color":"","overlay-opacity":"","overlay-gradient":""},"tablet":{"background-color":"var(--ast-global-color-5)","background-image":"","background-repeat":"repeat","background-position":"center center","background-size":"auto","background-attachment":"scroll","background-type":"","background-media":"","overlay-type":"","overlay-color":"","overlay-opacity":"","overlay-gradient":""},"mobile":{"background-color":"var(--ast-global-color-5)","background-image":"","background-repeat":"repeat","background-position":"center center","background-size":"auto","background-attachment":"scroll","background-type":"","background-media":"","overlay-type":"","overlay-color":"","overlay-opacity":"","overlay-gradient":""}},"footnotes":""},"class_list":["post-1218","page","type-page","status-publish","hentry"],"_links":{"self":[{"href":"https:\/\/buying-fever.com\/hr\/wp-json\/wp\/v2\/pages\/1218","targetHints":{"allow":["GET"]}}],"collection":[{"href":"https:\/\/buying-fever.com\/hr\/wp-json\/wp\/v2\/pages"}],"about":[{"href":"https:\/\/buying-fever.com\/hr\/wp-json\/wp\/v2\/types\/page"}],"author":[{"embeddable":true,"href":"https:\/\/buying-fever.com\/hr\/wp-json\/wp\/v2\/users\/1"}],"replies":[{"embeddable":true,"href":"https:\/\/buying-fever.com\/hr\/wp-json\/wp\/v2\/comments?post=1218"}],"version-history":[{"count":0,"href":"https:\/\/buying-fever.com\/hr\/wp-json\/wp\/v2\/pages\/1218\/revisions"}],"wp:attachment":[{"href":"https:\/\/buying-fever.com\/hr\/wp-json\/wp\/v2\/media?parent=1218"}],"curies":[{"name":"wp","href":"https:\/\/api.w.org\/{rel}","templated":true}]}}