{"id":1215,"date":"2023-08-13T14:06:55","date_gmt":"2023-08-13T14:06:55","guid":{"rendered":"https:\/\/snow-alligator-195314.hostingersite.com\/?page_id=1215"},"modified":"2025-04-13T23:59:30","modified_gmt":"2025-04-13T21:59:30","slug":"mentions-legales","status":"publish","type":"page","link":"https:\/\/buying-fever.com\/hr\/pravna-obavijest\/","title":{"rendered":"Pravna obavijest"},"content":{"rendered":"<div data-elementor-type=\"wp-page\" data-elementor-id=\"1215\" class=\"elementor elementor-1215\" data-elementor-post-type=\"page\">\n\t\t\t\t<div class=\"elementor-element elementor-element-1059819 e-flex e-con-boxed e-con e-parent\" data-id=\"1059819\" data-element_type=\"container\" data-e-type=\"container\">\n\t\t\t\t\t<div class=\"e-con-inner\">\n\t\t\t\t<div class=\"elementor-element elementor-element-15e19df elementor-widget elementor-widget-heading\" data-id=\"15e19df\" data-element_type=\"widget\" data-e-type=\"widget\" data-widget_type=\"heading.default\">\n\t\t\t\t<div class=\"elementor-widget-container\">\n\t\t\t\t\t<h1 class=\"elementor-heading-title elementor-size-default\">Pravna obavijest<\/h1>\t\t\t\t<\/div>\n\t\t\t\t<\/div>\n\t\t\t\t<div class=\"elementor-element elementor-element-7e740d0 elementor-widget elementor-widget-text-editor\" data-id=\"7e740d0\" data-element_type=\"widget\" data-e-type=\"widget\" data-widget_type=\"text-editor.default\">\n\t\t\t\t<div class=\"elementor-widget-container\">\n\t\t\t\t\t\t\t\t\t<h2 style=\"font-style: normal; text-transform: none; font-size: 2rem; margin-bottom: 0px; color: #005ca2; line-height: 1.25em; caret-color: #7a7a7a;\"><span style=\"color: #333333;\">1. Prezentacija stranice.<\/span><\/h2><div style=\"caret-color: #7a7a7a; color: #7a7a7a; font-size: 15px;\"><p style=\"font-size: 15px; margin-bottom: 1.75em;\">Prema \u010dlanku 6. Zakona br. 2004-575 od 21. lipnja 2004. o povjerenju u digitalnu ekonomiju, korisnici web stranice buying-fever.com obavije\u0161teni su o identitetu razli\u010ditih sudionika u okviru njegove provedbe i pra\u0107enja:<\/p><p style=\"font-size: 15px; margin-bottom: 1.75em;\"><strong>Vlasnik<\/strong> : Brand Success \u2013 78, Avenue des Champs-\u00c9lys\u00e9es, Bureau 562, 75008 Paris \u2013 France. Siret : 83353766500022<\/p><p style=\"font-size: 15px; margin-bottom: 1.75em;\"><span style=\"font-style: inherit; color: var( --e-global-color-text ); font-family: var( --e-global-typography-text-font-family ), Sans-serif;\">Voditelj publikacije je fizi\u010dka ili pravna osoba.<\/span><\/p><p style=\"font-size: 15px; margin-bottom: 1.75em;\"><strong>Doma\u0107in<\/strong>\u00a0:\u00a0<em>OVH<\/em>\u00a0SAS: 2 rue Kellermann \u2013 BP 80157 59053 ROUBAIX CEDEX 1<\/p><h3 style=\"font-size: 1.666667rem; margin-bottom: 0px; color: #005ca2; line-height: 1.2em;\"><span style=\"color: #333333;\">2. Op\u0107i uvjeti kori\u0161tenja stranice i ponu\u0111enih usluga.<\/span><\/h3><p style=\"font-size: 15px; margin-bottom: 1.75em;\">Kori\u0161tenje stranice buying-fever.com podrazumijeva potpuno prihva\u0107anje dolje opisanih op\u0107ih uvjeta kori\u0161tenja. Ovi uvjeti kori\u0161tenja mogu se izmijeniti ili dopuniti u bilo kojem trenutku, stoga se korisnici web stranice buying-fever.com pozivaju da ih redovito konzultiraju.<\/p><p style=\"font-size: 15px; margin-bottom: 1.75em;\">Ce site est normalement accessible \u00e0 tout moment aux utilisateurs. Une interruption pour raison de maintenance technique peut \u00eatre toutefois d\u00e9cid\u00e9e par Brand Success, qui s\u2019efforcera alors de communiquer pr\u00e9alablement aux utilisateurs les dates et heures de l\u2019intervention.<\/p><p style=\"font-size: 15px; margin-bottom: 1.75em;\">Web stranica buying-fever.com<a style=\"color: #547dd3;\" href=\"https:\/\/rocket-marketing.eu\/\">\u00a0<\/a>est mis \u00e0 jour r\u00e9guli\u00e8rement par Brand Success. De la m\u00eame fa\u00e7on, les mentions l\u00e9gales peuvent \u00eatre modifi\u00e9es \u00e0 tout moment : elles s\u2019imposent n\u00e9anmoins \u00e0 l\u2019utilisateur qui est invit\u00e9 \u00e0 s\u2019y r\u00e9f\u00e9rer le plus souvent possible afin d\u2019en prendre connaissance.<\/p><h3 style=\"font-size: 1.666667rem; margin-bottom: 0px; color: #005ca2; line-height: 1.2em;\"><span style=\"color: #333333;\">3. Opis pru\u017eenih usluga.<\/span><\/h3><p style=\"font-size: 15px; margin-bottom: 1.75em;\">Svrha stranice buying-fever.com je pru\u017eiti informacije o svim aktivnostima tvrtke.<\/p><p style=\"font-size: 15px; margin-bottom: 1.75em;\">Brand Success s\u2019efforce de fournir sur le site buying-fever.com des informations aussi pr\u00e9cises que possible. Toutefois, il ne pourra \u00eatre tenue responsable des omissions, des inexactitudes et des carences dans la mise \u00e0 jour, qu\u2019elles soient de son fait ou du fait des tiers partenaires qui lui fournissent ces informations.<\/p><p style=\"font-size: 15px; margin-bottom: 1.75em;\">Sve informacije navedene na buying-fever.com stranici su samo u informativne svrhe i podlo\u017ene su promjenama. Nadalje, informacije na stranici buying-fever.com nisu iscrpne. Podlo\u017eni su izmjenama koje su napravljene otkako su stavljeni na mre\u017eu.<\/p><h3 style=\"font-size: 1.666667rem; margin-bottom: 0px; color: #005ca2; line-height: 1.2em;\"><span style=\"color: #333333;\">4. Ugovorna ograni\u010denja tehni\u010dkih podataka.<\/span><\/h3><p style=\"font-size: 15px; margin-bottom: 1.75em;\">Stranica koristi JavaScript tehnologiju.<\/p><p style=\"font-size: 15px; margin-bottom: 1.75em;\">Stranica se ne mo\u017ee smatrati odgovornom za materijalnu \u0161tetu povezanu s kori\u0161tenjem stranice. Osim toga, korisnik stranice obvezuje se pristupiti stranici koriste\u0107i najnoviju opremu, koja ne sadr\u017ei viruse i s a\u017euriranim preglednikom najnovije generacije.<\/p><h3 style=\"font-size: 1.666667rem; margin-bottom: 0px; color: #005ca2; line-height: 1.2em;\"><span style=\"color: #333333;\">5. Intelektualno vlasni\u0161tvo i krivotvorenje.<\/span><\/h3><p style=\"font-size: 15px; margin-bottom: 1.75em;\">Brand Success est propri\u00e9taire des droits de propri\u00e9t\u00e9 intellectuelle ou d\u00e9tient les droits d\u2019usage sur tous les \u00e9l\u00e9ments accessibles sur le site, notamment les textes, images, graphismes, logo, ic\u00f4nes, sons, logiciels.<\/p><p style=\"font-size: 15px; margin-bottom: 1.75em;\">Toute reproduction, repr\u00e9sentation, modification, publication, adaptation de tout ou partie des \u00e9l\u00e9ments du site, quel que soit le moyen ou le proc\u00e9d\u00e9 utilis\u00e9, est interdite, sauf autorisation \u00e9crite pr\u00e9alable de la soci\u00e9t\u00e9 Brand Success.<\/p><p style=\"font-size: 15px; margin-bottom: 1.75em;\">Svako neovla\u0161teno kori\u0161tenje stranice ili bilo kojeg elementa koje sadr\u017ei smatrat \u0107e se kr\u0161enjem i kazneno \u0107e se goniti u skladu s odredbama \u010dlanaka L.335-2 i sljede\u0107ih Zakona o intelektualnom vlasni\u0161tvu.<\/p><h3 style=\"font-size: 1.666667rem; margin-bottom: 0px; color: #005ca2; line-height: 1.2em;\"><span style=\"color: #333333;\">6. Ograni\u010denja odgovornosti.<\/span><\/h3><p style=\"font-size: 15px; margin-bottom: 1.75em;\">Brand Success ne pourra \u00eatre tenue responsable des dommages directs et indirects caus\u00e9s au mat\u00e9riel de l\u2019utilisateur, lors de l\u2019acc\u00e8s au site buying-fever.com, et r\u00e9sultant soit de l\u2019utilisation d\u2019un mat\u00e9riel ne r\u00e9pondant pas aux sp\u00e9cifications indiqu\u00e9es au point 4, soit de l\u2019apparition d\u2019un bug ou d\u2019une incompatibilit\u00e9.<\/p><p style=\"font-size: 15px; margin-bottom: 1.75em;\">Brand Success ne pourra \u00e9galement \u00eatre tenue responsable des dommages indirects (tels par exemple qu\u2019une perte de march\u00e9 ou perte d\u2019une chance) cons\u00e9cutifs \u00e0 l\u2019utilisation du site buying-fever.com<\/p><p style=\"font-size: 15px; margin-bottom: 1.75em;\">Des espaces interactifs (possibilit\u00e9 de poser des questions dans l\u2019espace contact) sont \u00e0 la disposition des utilisateurs. Brand Success se r\u00e9serve le droit de supprimer, sans mise en demeure pr\u00e9alable, tout contenu d\u00e9pos\u00e9 dans cet espace qui contreviendrait \u00e0 la l\u00e9gislation applicable en France, en particulier aux dispositions relatives \u00e0 la protection des donn\u00e9es. Le cas \u00e9ch\u00e9ant, Brand Success se r\u00e9serve \u00e9galement la possibilit\u00e9 de mettre en cause la responsabilit\u00e9 civile et\/ou p\u00e9nale de l\u2019utilisateur, notamment en cas de message \u00e0 caract\u00e8re raciste, injurieux, diffamant, ou pornographique, quel que soit le support utilis\u00e9 (texte, photographie\u2026).<\/p><h3 style=\"font-size: 1.666667rem; margin-bottom: 0px; color: #005ca2; line-height: 1.2em;\"><span style=\"color: #333333;\">7. Upravljanje osobnim podacima.<\/span><\/h3><p style=\"font-size: 15px; margin-bottom: 1.75em;\">U Francuskoj su osobni podaci posebno za\u0161ti\u0107eni zakonom br. 78-87 od 6. sije\u010dnja 1978., zakonom br. 2004-801 od 6. kolovoza 2004., \u010dlankom L. 226-13 Kaznenog zakona i Europskom direktivom od 24. listopada. , 1995. (enciklopedijska natuknica).<\/p><p style=\"font-size: 15px; margin-bottom: 1.75em;\">Pri kori\u0161tenju stranice buying-fever.com mo\u017ee se prikupljati sljede\u0107e: URL poveznica putem kojih je korisnik pristupio stranici buying-fever.com pru\u017eatelj korisni\u010dkog pristupa, adresa internetskog protokola (IP) korisnika.<\/p><p style=\"font-size: 15px; margin-bottom: 1.75em;\">En tout \u00e9tat de cause Brand Success ne collecte des informations personnelles relatives \u00e0 l\u2019utilisateur que pour le besoin de certains services propos\u00e9s par le site buying-fever.com. L\u2019utilisateur fournit ces informations en toute connaissance de cause, notamment lorsqu\u2019il proc\u00e8de par lui-m\u00eame \u00e0 leur saisie. Il est alors pr\u00e9cis\u00e9 \u00e0 l\u2019utilisateur du site buying-fever.com a l\u2019obligation ou non de fournir ces informations.<\/p><p style=\"font-size: 15px; margin-bottom: 1.75em;\">U skladu s odredbama \u010dlanaka 38 i sljede\u0107ih zakona 78-17 od 6. sije\u010dnja 1978. koji se odnose na obradu podataka, datoteke i slobode, svaki korisnik ima pravo na pristup, ispravak i protivljenje osobnim podacima koji se na njega odnose, podno\u0161enjem pisanog i potpisan zahtjev uz koji se prila\u017ee preslika osobne isprave s potpisom nositelja isprave, uz naznaku adrese na koju se odgovor dostavlja.<\/p><p style=\"font-size: 15px; margin-bottom: 1.75em;\">Aucune information personnelle de l\u2019utilisateur du site buying-fever.com n\u2019est publi\u00e9e \u00e0 l\u2019insu de l\u2019utilisateur, \u00e9chang\u00e9e, transf\u00e9r\u00e9e, c\u00e9d\u00e9e ou vendue sur un support quelconque \u00e0 des tiers. Seule l\u2019hypoth\u00e8se du rachat de Brand Success et de ses droits permettrait la transmission des dites informations \u00e0 l\u2019\u00e9ventuel acqu\u00e9reur qui serait \u00e0 son tour tenu de la m\u00eame obligation de conservation et de modification des donn\u00e9es vis \u00e0 vis de l\u2019utilisateur du site buying-fever.com<\/p><p style=\"font-size: 15px; margin-bottom: 1.75em;\">Baze podataka za\u0161ti\u0107ene su odredbama zakona od 1. srpnja 1998. kojim se preuzima direktiva 96\/9 od 11. o\u017eujka 1996. o pravnoj za\u0161titi baza podataka.<\/p><h3 style=\"font-size: 1.666667rem; margin-bottom: 0px; color: #005ca2; line-height: 1.2em;\"><span style=\"color: #333333;\">8. Hipertekstualne veze i kola\u010di\u0107i.<\/span><\/h3><p style=\"font-size: 15px; margin-bottom: 1.75em;\">Le site buying-fever.com contient un certain nombre de liens hypertextes vers d\u2019autres sites, mis en place avec l\u2019autorisation de Brand Success. Cependant, Brand Success n\u2019a pas la possibilit\u00e9 de v\u00e9rifier le contenu des sites ainsi visit\u00e9s, et n\u2019assumera en cons\u00e9quence aucune responsabilit\u00e9 de ce fait.<\/p><p style=\"font-size: 15px; margin-bottom: 1.75em;\">Pregledavanje stranice buying-fever.com mo\u017ee uzrokovati instalaciju kola\u010di\u0107a(-a) na ra\u010dunalo korisnika. Kola\u010di\u0107 je mala datoteka koja ne dopu\u0161ta identifikaciju korisnika, ali bilje\u017ei informacije koje se odnose na navigaciju ra\u010dunala na stranici. Tako dobiveni podaci imaju za cilj olak\u0161ati kasniju navigaciju na stranici, a namijenjeni su i za razna mjerenja posje\u0107enosti.<\/p><p style=\"font-size: 15px; margin-bottom: 1.75em;\">Odbijanje instaliranja kola\u010di\u0107a mo\u017ee rezultirati nemogu\u0107no\u0161\u0107u pristupa odre\u0111enim uslugama. Me\u0111utim, korisnik mo\u017ee konfigurirati svoje ra\u010dunalo na sljede\u0107i na\u010din da odbije instalaciju kola\u010di\u0107a:<\/p><p style=\"font-size: 15px; margin-bottom: 1.75em;\">Pod Internet Explorerom: kartica alata (piktogram u obliku zup\u010danika gore desno) \/ internetske opcije. Pritisnite Privatnost i odaberite Blokiraj sve kola\u010di\u0107e. Potvrdi na OK.<\/p><p style=\"font-size: 15px; margin-bottom: 1.75em;\">Pod Firefoxom: na vrhu prozora preglednika kliknite na gumb Firefox, zatim idite na karticu Mogu\u0107nosti. Pritisnite karticu Privatnost. Postavite pravila zadr\u017eavanja na: Koristi prilago\u0111ene postavke za povijest. Na kraju poni\u0161tite odabir kako biste onemogu\u0107ili kola\u010di\u0107e.<\/p><p style=\"font-size: 15px; margin-bottom: 1.75em;\">Pod Safari: Kliknite u gornjem desnom kutu preglednika na piktogram izbornika (simboliziran zup\u010danikom). Odaberite Postavke. Pritisnite Prika\u017ei napredne postavke. U odjeljku &quot;Privatnost&quot; kliknite Postavke sadr\u017eaja. U odjeljku \u201cKola\u010di\u0107i\u201d mo\u017eete blokirati kola\u010di\u0107e.<\/p><p style=\"font-size: 15px; margin-bottom: 1.75em;\">Ispod Chromea: Kliknite u gornjem desnom kutu preglednika na piktogram izbornika (simboliziran s tri vodoravne crte). Odaberite Postavke. Pritisnite Prika\u017ei napredne postavke. U odjeljku &quot;Privatnost&quot; kliknite Postavke. U kartici \u201cPrivatnost\u201d mo\u017eete blokirati kola\u010di\u0107e.<\/p><h3 style=\"font-size: 1.666667rem; margin-bottom: 0px; color: #005ca2; line-height: 1.2em;\"><span style=\"color: #333333;\">9. Mjerodavno pravo i dodjela nadle\u017enosti.<\/span><\/h3><p style=\"font-size: 15px; margin-bottom: 1.75em;\">Svaki spor koji se odnosi na kori\u0161tenje web stranice buying-fever.com podlije\u017ee francuskom zakonu. Isklju\u010diva nadle\u017enost dodijeljena je nadle\u017enim sudovima u Parizu.<\/p><h3 style=\"font-size: 1.666667rem; margin-bottom: 0px; color: #005ca2; line-height: 1.2em;\"><span style=\"color: #333333;\">10. Glavni doti\u010dni zakoni.<\/span><\/h3><p style=\"font-size: 15px; margin-bottom: 1.75em;\">Zakon br. 78-17 od 6. sije\u010dnja 1978., posebno izmijenjen Zakonom br. 2004-801 od 6. kolovoza 2004. koji se odnosi na ra\u010dunalstvo, datoteke i slobode.<\/p><p style=\"font-size: 15px; margin-bottom: 1.75em;\">Zakon br. 2004-575 od 21. lipnja 2004. za povjerenje u digitalnu ekonomiju.<\/p><h3 style=\"font-size: 1.666667rem; margin-bottom: 0px; color: #005ca2; line-height: 1.2em;\"><span style=\"color: #333333;\">11. Pojmovnik.<\/span><\/h3><p style=\"font-size: 15px; margin-bottom: 1.75em;\">Korisnik: Internetski korisnik koji se spaja, koriste\u0107i gore spomenutu stranicu.<\/p><p style=\"font-size: 15px; margin-bottom: 1.75em;\">Osobni podaci: \u201cinformacije koje omogu\u0107uju, u bilo kojem obliku, izravno ili neizravno, identifikaciju fizi\u010dkih osoba na koje se odnose\u201d (\u010dlanak 4. zakona br. 78-17 od 6. sije\u010dnja 1978.).<\/p><\/div>\t\t\t\t\t\t\t\t<\/div>\n\t\t\t\t<\/div>\n\t\t\t\t\t<\/div>\n\t\t\t\t<\/div>\n\t\t\t\t<\/div>","protected":false},"excerpt":{"rendered":"<p>Mentions L\u00e9gales 1. Pr\u00e9sentation du site. En vertu de l\u2019article 6 de la loi n\u00b0 2004-575 du 21 juin 2004 pour la confiance dans l\u2019\u00e9conomie num\u00e9rique, il est pr\u00e9cis\u00e9 aux utilisateurs du site buying-fever.com l\u2019identit\u00e9 des diff\u00e9rents intervenants dans le cadre de sa r\u00e9alisation et de son suivi : Propri\u00e9taire : Brand Success \u2013 78, [&hellip;]<\/p>\n","protected":false},"author":1,"featured_media":0,"parent":0,"menu_order":0,"comment_status":"closed","ping_status":"closed","template":"","meta":{"_seopress_robots_primary_cat":"","_seopress_titles_title":"","_seopress_titles_desc":"","_seopress_robots_index":"","site-sidebar-layout":"no-sidebar","site-content-layout":"page-builder","ast-site-content-layout":"default","site-content-style":"default","site-sidebar-style":"default","ast-global-header-display":"","ast-banner-title-visibility":"","ast-main-header-display":"","ast-hfb-above-header-display":"","ast-hfb-below-header-display":"","ast-hfb-mobile-header-display":"","site-post-title":"disabled","ast-breadcrumbs-content":"","ast-featured-img":"disabled","footer-sml-layout":"","ast-disable-related-posts":"","theme-transparent-header-meta":"","adv-header-id-meta":"","stick-header-meta":"","header-above-stick-meta":"","header-main-stick-meta":"","header-below-stick-meta":"","astra-migrate-meta-layouts":"default","ast-page-background-enabled":"default","ast-page-background-meta":{"desktop":{"background-color":"","background-image":"","background-repeat":"repeat","background-position":"center center","background-size":"auto","background-attachment":"scroll","background-type":"","background-media":"","overlay-type":"","overlay-color":"","overlay-opacity":"","overlay-gradient":""},"tablet":{"background-color":"","background-image":"","background-repeat":"repeat","background-position":"center center","background-size":"auto","background-attachment":"scroll","background-type":"","background-media":"","overlay-type":"","overlay-color":"","overlay-opacity":"","overlay-gradient":""},"mobile":{"background-color":"","background-image":"","background-repeat":"repeat","background-position":"center center","background-size":"auto","background-attachment":"scroll","background-type":"","background-media":"","overlay-type":"","overlay-color":"","overlay-opacity":"","overlay-gradient":""}},"ast-content-background-meta":{"desktop":{"background-color":"var(--ast-global-color-5)","background-image":"","background-repeat":"repeat","background-position":"center center","background-size":"auto","background-attachment":"scroll","background-type":"","background-media":"","overlay-type":"","overlay-color":"","overlay-opacity":"","overlay-gradient":""},"tablet":{"background-color":"var(--ast-global-color-5)","background-image":"","background-repeat":"repeat","background-position":"center center","background-size":"auto","background-attachment":"scroll","background-type":"","background-media":"","overlay-type":"","overlay-color":"","overlay-opacity":"","overlay-gradient":""},"mobile":{"background-color":"var(--ast-global-color-5)","background-image":"","background-repeat":"repeat","background-position":"center center","background-size":"auto","background-attachment":"scroll","background-type":"","background-media":"","overlay-type":"","overlay-color":"","overlay-opacity":"","overlay-gradient":""}},"footnotes":""},"class_list":["post-1215","page","type-page","status-publish","hentry"],"_links":{"self":[{"href":"https:\/\/buying-fever.com\/hr\/wp-json\/wp\/v2\/pages\/1215","targetHints":{"allow":["GET"]}}],"collection":[{"href":"https:\/\/buying-fever.com\/hr\/wp-json\/wp\/v2\/pages"}],"about":[{"href":"https:\/\/buying-fever.com\/hr\/wp-json\/wp\/v2\/types\/page"}],"author":[{"embeddable":true,"href":"https:\/\/buying-fever.com\/hr\/wp-json\/wp\/v2\/users\/1"}],"replies":[{"embeddable":true,"href":"https:\/\/buying-fever.com\/hr\/wp-json\/wp\/v2\/comments?post=1215"}],"version-history":[{"count":0,"href":"https:\/\/buying-fever.com\/hr\/wp-json\/wp\/v2\/pages\/1215\/revisions"}],"wp:attachment":[{"href":"https:\/\/buying-fever.com\/hr\/wp-json\/wp\/v2\/media?parent=1215"}],"curies":[{"name":"wp","href":"https:\/\/api.w.org\/{rel}","templated":true}]}}