{"id":1488,"date":"2023-09-05T11:01:10","date_gmt":"2023-09-05T11:01:10","guid":{"rendered":"https:\/\/snow-alligator-195314.hostingersite.com\/?post_type=product&#038;p=1488"},"modified":"2025-06-14T00:52:38","modified_gmt":"2025-06-13T22:52:38","slug":"masseur-xtreme","status":"publish","type":"product","link":"https:\/\/buying-fever.com\/fi\/tuote\/xtreme-hierontalaite\/","title":{"rendered":"Xtreme Massager \u2013 p\u00e4\u00e4 ja vartalo"},"content":{"rendered":"<p style=\"text-align: center;\"><strong>Tutustu monitoimiseen s\u00e4hk\u00f6iseen p\u00e4\u00e4- ja vartalohierontalaitteeseen: p\u00e4ivitt\u00e4isen rentoutumisen keidas!<\/strong><\/p>\n<p>&nbsp;<\/p>\n<p>Tunnetko itsesi jatkuvasti v\u00e4syneeksi? Onko niskasi j\u00e4nnittynyt ja hartiat raskaat kuin kantaisit maailman painoa?<\/p>\n<p>Kuvittele hetki, ett\u00e4 pystyt <strong>p\u00e4\u00e4st\u00e4 eroon kaikesta j\u00e4nnityksest\u00e4<\/strong> muutaman minuutin kuluttua, <strong>miss\u00e4 olet ja milloin haluat<\/strong>. Se ei ole unelma, se on todellisuutta, jonka Xtreme Masseur tarjoaa sinulle!<\/p>\n<p>&nbsp;<\/p>\n<h2><img decoding=\"async\" class=\"detail-desc-decorate-image aligncenter\" src=\"https:\/\/ae01.alicdn.com\/kf\/S14eb127e1de1471ba69b882eb72416dai.jpg\" \/><\/h2>\n<h2><\/h2>\n<h2><strong>Avainkohdat<\/strong><\/h2>\n<p>&nbsp;<\/p>\n<p>\ud83d\udc4c <strong>Monik\u00e4ytt\u00f6inen kuten haluat:<\/strong> Se ei rajoitu p\u00e4\u00e4nahkaan! Voit k\u00e4ytt\u00e4\u00e4 sit\u00e4 my\u00f6s hartioiden, niskan, sel\u00e4n, k\u00e4sien, jalkojen ja jopa vy\u00f6t\u00e4r\u00f6n hieromiseen. Ja \u00e4lk\u00e4\u00e4mme unohtako kissaasi!<\/p>\n<p>\ud83e\udd16 <strong>Kehittynyt simulointitekniikka:<\/strong> Korkeataajuisen v\u00e4r\u00e4htelyn ja intensiteetin hienovaraisen vaihtelun ansiosta rentoudu, unohda v\u00e4symys ja tervehdi parempaa unta.<\/p>\n<p>\ud83d\udd04 <strong>6 tekniikkaa ja 3 hierontatilaa:<\/strong> Valitse hidas pito ja vaivaaminen, keskinopeus hieronta tai nopea pito ja vaivaaminen. Ratkaisu kaikille!<\/p>\n<p>\ud83d\udca6 <strong>IPX7 vedenpit\u00e4v\u00e4:<\/strong> Ota rentouttava kylpy ja nauti poikkeuksellisesta p\u00e4\u00e4hieronnasta.<\/p>\n<p>\ud83c\udf40 <strong>Ihoyst\u00e4v\u00e4lliset materiaalit:<\/strong> T\u00e4m\u00e4 korkealaatuisesta silikonista valmistettu hierontalaite huolehtii sinusta \u00e4rsytt\u00e4m\u00e4tt\u00e4 ihoasi.<\/p>\n<p>\ud83d\udd0b <strong>Laajennettu autonomia:<\/strong> Yhdell\u00e4 latauksella saat jopa 24 p\u00e4iv\u00e4\u00e4 10 minuutin p\u00e4ivitt\u00e4isess\u00e4 k\u00e4yt\u00f6ss\u00e4.<\/p>\n<p>\ud83d\udc5c <strong>Kompakti muoto:<\/strong> Helppo kuljettaa mukana, se on ihanteellinen kumppanisi t\u00f6iss\u00e4, liikematkoilla tai lomalla.<\/p>\n<p>&nbsp;<\/p>\n<p><img fetchpriority=\"high\" decoding=\"async\" class=\"wp-image-2215 size-full aligncenter\" src=\"https:\/\/buying-fever.com\/wp-content\/uploads\/2023\/09\/masseur-chat.gif\" alt=\"xtreme p\u00e4\u00e4n ja vartalon hierontalaite\" width=\"440\" height=\"580\" \/><\/p>\n<h2 style=\"text-align: center;\"><strong>Miksi et voi en\u00e4\u00e4 p\u00e4rj\u00e4t\u00e4 ilman Xtreme-hierontalaitetta?<\/strong><\/h2>\n<p>&nbsp;<\/p>\n<p>Kun puhumme hyvinvoinnista, tarkoitamme liiketoimintaa. <strong>Muuta mik\u00e4 tahansa hetki unohtumattomaksi rentoutumisistunnoksi<\/strong>. Se on enemm\u00e4n kuin pelkk\u00e4 hierontalaite, se on a <strong>todellinen terveydenhuolto- ja hyvinvointikokemus k\u00e4den ulottuvilla<\/strong>.<\/p>\n<p>&nbsp;<\/p>\n<p><img decoding=\"async\" class=\"detail-desc-decorate-image aligncenter\" src=\"https:\/\/ae01.alicdn.com\/kf\/S613367f448474eceb14db54410d8ff7fL.jpg\" width=\"750\" height=\"750\" \/><\/p>\n<p><span style=\"font-family: OpenSans; font-size: 20px; font-weight: 900;\">Ominaisuudet :<\/span><\/p>\n<div class=\"detailmodule_html\">\n<div class=\"detail-desc-decorate-richtext\">\n<div class=\"detailmodule_text\">\n<p>Materiaali: ABS+PC<br \/>\nvalkoinen v\u00e4ri<br \/>\nKoko: 10<em>7<\/em>9cm<br \/>\nAkun kapasiteetti: 1100 mAh<br \/>\nTuotteen teho: 5W<br \/>\nLatausj\u00e4nnite: 5V<br \/>\nLatausvirta: 1A<\/p>\n<hr \/>\n<p>Mukana olevien kohteiden luettelo:<\/p>\n<p>1* Xtreme Hierontalaite<br \/>\n1* USB-latauskaapeli<br \/>\n1* K\u00e4ytt\u00f6opas<\/p>\n<\/div>\n<div class=\"detailmodule_image\"><\/div>\n<\/div>\n<\/div>","protected":false},"excerpt":{"rendered":"<p>D\u00e9couvrez le Masseur Multifonction \u00c9lectrique pour T\u00eate et Corps : Votre Oasis de Relaxation Quotidienne ! &nbsp; Vous sentez-vous constamment fatigu\u00e9 ? Votre nuque est-elle tendue et vos \u00e9paules sont-elles lourdes comme si vous portiez le poids du monde ? Imaginez un instant pouvoir rel\u00e2cher toute cette tension en quelques minutes, o\u00f9 que vous soyez [&hellip;]<\/p>\n","protected":false},"featured_media":1482,"comment_status":"open","ping_status":"closed","template":"","meta":{"_seopress_robots_primary_cat":"none","_seopress_titles_title":"","_seopress_titles_desc":"","_seopress_robots_index":"","site-sidebar-layout":"default","site-content-layout":"","ast-site-content-layout":"default","site-content-style":"default","site-sidebar-style":"default","ast-global-header-display":"","ast-banner-title-visibility":"","ast-main-header-display":"","ast-hfb-above-header-display":"","ast-hfb-below-header-display":"","ast-hfb-mobile-header-display":"","site-post-title":"","ast-breadcrumbs-content":"","ast-featured-img":"","footer-sml-layout":"","ast-disable-related-posts":"","theme-transparent-header-meta":"default","adv-header-id-meta":"","stick-header-meta":"default","header-above-stick-meta":"","header-main-stick-meta":"","header-below-stick-meta":"","astra-migrate-meta-layouts":"set","ast-page-background-enabled":"default","ast-page-background-meta":{"desktop":{"background-color":"","background-image":"","background-repeat":"repeat","background-position":"center center","background-size":"auto","background-attachment":"scroll","background-type":"","background-media":"","overlay-type":"","overlay-color":"","overlay-opacity":"","overlay-gradient":""},"tablet":{"background-color":"","background-image":"","background-repeat":"repeat","background-position":"center center","background-size":"auto","background-attachment":"scroll","background-type":"","background-media":"","overlay-type":"","overlay-color":"","overlay-opacity":"","overlay-gradient":""},"mobile":{"background-color":"","background-image":"","background-repeat":"repeat","background-position":"center center","background-size":"auto","background-attachment":"scroll","background-type":"","background-media":"","overlay-type":"","overlay-color":"","overlay-opacity":"","overlay-gradient":""}},"ast-content-background-meta":{"desktop":{"background-color":"var(--ast-global-color-5)","background-image":"","background-repeat":"repeat","background-position":"center center","background-size":"auto","background-attachment":"scroll","background-type":"","background-media":"","overlay-type":"","overlay-color":"","overlay-opacity":"","overlay-gradient":""},"tablet":{"background-color":"var(--ast-global-color-5)","background-image":"","background-repeat":"repeat","background-position":"center center","background-size":"auto","background-attachment":"scroll","background-type":"","background-media":"","overlay-type":"","overlay-color":"","overlay-opacity":"","overlay-gradient":""},"mobile":{"background-color":"var(--ast-global-color-5)","background-image":"","background-repeat":"repeat","background-position":"center center","background-size":"auto","background-attachment":"scroll","background-type":"","background-media":"","overlay-type":"","overlay-color":"","overlay-opacity":"","overlay-gradient":""}}},"product_brand":[],"product_cat":[83,82],"product_tag":[],"class_list":{"0":"post-1488","1":"product","2":"type-product","3":"status-publish","4":"has-post-thumbnail","6":"product_cat-animaux","7":"product_cat-electronique","8":"desktop-align-center","9":"tablet-align-center","10":"mobile-align-center","11":"ast-product-gallery-layout-horizontal","12":"ast-magnify-disabled","13":"ast-product-tabs-layout-horizontal","14":"ast-qv-on-image","16":"first","17":"instock","18":"shipping-taxable","19":"purchasable","20":"product-type-simple"},"bundled_by":[],"bundle_stock_status":"instock","bundle_stock_quantity":null,"bundle_virtual":false,"bundle_layout":"","bundle_add_to_cart_form_location":"","bundle_editable_in_cart":false,"bundle_sold_individually_context":"","bundle_item_grouping":"","bundle_min_size":"","bundle_max_size":"","bundle_price":[],"bundled_items":[],"bundle_sell_ids":[],"_links":{"self":[{"href":"https:\/\/buying-fever.com\/fi\/wp-json\/wp\/v2\/product\/1488","targetHints":{"allow":["GET"]}}],"collection":[{"href":"https:\/\/buying-fever.com\/fi\/wp-json\/wp\/v2\/product"}],"about":[{"href":"https:\/\/buying-fever.com\/fi\/wp-json\/wp\/v2\/types\/product"}],"replies":[{"embeddable":true,"href":"https:\/\/buying-fever.com\/fi\/wp-json\/wp\/v2\/comments?post=1488"}],"version-history":[{"count":0,"href":"https:\/\/buying-fever.com\/fi\/wp-json\/wp\/v2\/product\/1488\/revisions"}],"wp:featuredmedia":[{"embeddable":true,"href":"https:\/\/buying-fever.com\/fi\/wp-json\/wp\/v2\/media\/1482"}],"wp:attachment":[{"href":"https:\/\/buying-fever.com\/fi\/wp-json\/wp\/v2\/media?parent=1488"}],"wp:term":[{"taxonomy":"product_brand","embeddable":true,"href":"https:\/\/buying-fever.com\/fi\/wp-json\/wp\/v2\/product_brand?post=1488"},{"taxonomy":"product_cat","embeddable":true,"href":"https:\/\/buying-fever.com\/fi\/wp-json\/wp\/v2\/product_cat?post=1488"},{"taxonomy":"product_tag","embeddable":true,"href":"https:\/\/buying-fever.com\/fi\/wp-json\/wp\/v2\/product_tag?post=1488"}],"curies":[{"name":"wp","href":"https:\/\/api.w.org\/{rel}","templated":true}]}}