{"id":1285,"date":"2023-08-20T21:19:44","date_gmt":"2023-08-20T21:19:44","guid":{"rendered":"https:\/\/snow-alligator-195314.hostingersite.com\/?post_type=product&#038;p=1285"},"modified":"2025-06-14T00:52:39","modified_gmt":"2025-06-13T22:52:39","slug":"kit-dapprentissage-wc-pour-chat","status":"publish","type":"product","link":"https:\/\/buying-fever.com\/fi\/tuote\/wc-harjoitussarja-kissoille\/","title":{"rendered":"WC harjoitussarja kissoille"},"content":{"rendered":"<h2 style=\"text-align: center;\">Ei en\u00e4\u00e4 hiekkalaatikon askareita ja huonoja hajuja.<\/h2>\n<p>&nbsp;<\/p>\n<p>Opeta kissasi k\u00e4ytt\u00e4m\u00e4\u00e4n wc:t\u00e4 itsen\u00e4isesti vain 10 p\u00e4iv\u00e4ss\u00e4!<\/p>\n<p>&nbsp;<\/p>\n<h3>Vain edut:<\/h3>\n<ul>\n<li><strong>Nopeaa oppimista<\/strong> : keskim\u00e4\u00e4rin 10 p\u00e4iv\u00e4\u00e4 (voi vaihdella kissan tottumuksista ja luonteesta riippuen).<\/li>\n<li><strong>Taloudellinen<\/strong> : Pienenn\u00e4 pentuekulujasi merkitt\u00e4v\u00e4sti.<\/li>\n<li><strong>Hygieeninen<\/strong> : Sano hyv\u00e4stit pahoille hajuille ja likaisille hiekkalaatikoille.<\/li>\n<li><strong>K\u00e4yt\u00e4nn\u00f6llinen<\/strong> : Lakkia ei tarvitse puhdistaa joka p\u00e4iv\u00e4.<\/li>\n<li><strong>Optimoitu tila<\/strong> : Vapauta hiekkalaatikolle yleens\u00e4 varattu tila.<\/li>\n<li><strong>Ekologinen<\/strong> : Pienenn\u00e4 ekologista jalanj\u00e4lke\u00e4si v\u00e4hent\u00e4m\u00e4ll\u00e4 roskien k\u00e4ytt\u00f6\u00e4.<\/li>\n<\/ul>\n<h2><\/h2>\n<h2 style=\"text-align: center;\">Kissasi oppimisvaiheet<\/h2>\n<p><img fetchpriority=\"high\" decoding=\"async\" class=\"wp-image-4823 size-full aligncenter\" src=\"https:\/\/buying-fever.com\/wp-content\/uploads\/2023\/10\/1.jpg\" alt=\"1\" width=\"801\" height=\"600\" srcset=\"https:\/\/buying-fever.com\/wp-content\/uploads\/2023\/10\/1.jpg 801w, https:\/\/buying-fever.com\/wp-content\/uploads\/2023\/10\/1-300x225.jpg 300w, https:\/\/buying-fever.com\/wp-content\/uploads\/2023\/10\/1-768x575.jpg 768w, https:\/\/buying-fever.com\/wp-content\/uploads\/2023\/10\/1-16x12.jpg 16w, https:\/\/buying-fever.com\/wp-content\/uploads\/2023\/10\/1-600x449.jpg 600w\" sizes=\"(max-width: 801px) 100vw, 801px\" \/><\/p>\n<p><img decoding=\"async\" class=\"wp-image-4824 size-full aligncenter\" src=\"https:\/\/buying-fever.com\/wp-content\/uploads\/2023\/10\/2.jpg\" alt=\"2\" width=\"801\" height=\"550\" srcset=\"https:\/\/buying-fever.com\/wp-content\/uploads\/2023\/10\/2.jpg 801w, https:\/\/buying-fever.com\/wp-content\/uploads\/2023\/10\/2-300x206.jpg 300w, https:\/\/buying-fever.com\/wp-content\/uploads\/2023\/10\/2-768x527.jpg 768w, https:\/\/buying-fever.com\/wp-content\/uploads\/2023\/10\/2-18x12.jpg 18w, https:\/\/buying-fever.com\/wp-content\/uploads\/2023\/10\/2-600x412.jpg 600w\" sizes=\"(max-width: 801px) 100vw, 801px\" \/><\/p>\n<p><img decoding=\"async\" class=\"wp-image-4825 size-full aligncenter\" src=\"https:\/\/buying-fever.com\/wp-content\/uploads\/2023\/10\/3.jpg\" alt=\"3\" width=\"801\" height=\"624\" srcset=\"https:\/\/buying-fever.com\/wp-content\/uploads\/2023\/10\/3.jpg 801w, https:\/\/buying-fever.com\/wp-content\/uploads\/2023\/10\/3-300x234.jpg 300w, https:\/\/buying-fever.com\/wp-content\/uploads\/2023\/10\/3-768x598.jpg 768w, https:\/\/buying-fever.com\/wp-content\/uploads\/2023\/10\/3-15x12.jpg 15w, https:\/\/buying-fever.com\/wp-content\/uploads\/2023\/10\/3-600x467.jpg 600w\" sizes=\"(max-width: 801px) 100vw, 801px\" \/><\/p>\n<p><img loading=\"lazy\" decoding=\"async\" class=\"wp-image-4826 size-full aligncenter\" src=\"https:\/\/buying-fever.com\/wp-content\/uploads\/2023\/10\/4.jpg\" alt=\"4\" width=\"801\" height=\"624\" srcset=\"https:\/\/buying-fever.com\/wp-content\/uploads\/2023\/10\/4.jpg 801w, https:\/\/buying-fever.com\/wp-content\/uploads\/2023\/10\/4-300x234.jpg 300w, https:\/\/buying-fever.com\/wp-content\/uploads\/2023\/10\/4-768x598.jpg 768w, https:\/\/buying-fever.com\/wp-content\/uploads\/2023\/10\/4-15x12.jpg 15w, https:\/\/buying-fever.com\/wp-content\/uploads\/2023\/10\/4-600x467.jpg 600w\" sizes=\"(max-width: 801px) 100vw, 801px\" \/><\/p>\n<p>&nbsp;<\/p>\n<blockquote>\n<p style=\"text-align: center;\"><em>Alle kahdessa viikossa kissani on omaksunut wc:n kokonaan. <\/em><\/p>\n<p style=\"text-align: center;\"><em>Hyv\u00e4sti roskat\u00f6ille ja ep\u00e4miellytt\u00e4ville hajuille. Suosittelen kaikille kissan omistajille. <\/em><\/p>\n<p style=\"text-align: center;\"><em>Se on pieni investointi, joka tekee el\u00e4m\u00e4st\u00e4si helpompaa!<\/em><\/p>\n<p style=\"text-align: center;\"><strong>Etienne<\/strong><\/p>\n<p>&nbsp;<\/p>\n<p style=\"text-align: center;\"><em>Minulla on kaksi kissaa, ja ajattelin, ett\u00e4 t\u00e4m\u00e4 olisi ylitsep\u00e4\u00e4sem\u00e4t\u00f6n haaste. <\/em><\/p>\n<p style=\"text-align: center;\"><em>Hieman yli viikossa he molemmat oppivat wc:n k\u00e4yt\u00f6n. <\/em><\/p>\n<p style=\"text-align: center;\"><em>Se ei ole vain taloudellista, vaan se on my\u00f6s paljon hygieenisempi. <\/em><\/p>\n<p style=\"text-align: center;\"><em>Suuri kiitos t\u00e4st\u00e4 oppimispaketista, se on todellinen innovaatio.<\/em><\/p>\n<p style=\"text-align: center;\"><strong>Laura<\/strong><\/p>\n<\/blockquote>\n<p>Anna kissallesi yll\u00e4tt\u00e4v\u00e4 autonomia ja yksinkertaista samalla jokap\u00e4iv\u00e4ist\u00e4 el\u00e4m\u00e4\u00e4si meid\u00e4n avullamme <strong>Kissan oppimispaketti<\/strong>.<\/p>\n<h3><\/h3>\n<h3 style=\"text-align: center;\">Tilaa omasi t\u00e4n\u00e4\u00e4n ja koe se<\/h3>\n<h3 style=\"text-align: center;\">puhtaampi, hajuton koti.<\/h3>","protected":false},"excerpt":{"rendered":"<p>Fini les corv\u00e9es de liti\u00e8res et les mauvaises odeurs. &nbsp; Apprenez \u00e0 votre chat \u00e0 utiliser les toilettes de mani\u00e8re autonome en seulement 10 jours ! &nbsp; Que des avantages : Apprentissage rapide : 10 jours en moyenne (peut varier selon les habitudes et le caract\u00e8re du chat). Economique : R\u00e9duisez consid\u00e9rablement vos d\u00e9penses en [&hellip;]<\/p>\n","protected":false},"featured_media":1289,"comment_status":"open","ping_status":"closed","template":"","meta":{"_seopress_robots_primary_cat":"none","_seopress_titles_title":"","_seopress_titles_desc":"","_seopress_robots_index":"","site-sidebar-layout":"default","site-content-layout":"default","ast-site-content-layout":"default","site-content-style":"default","site-sidebar-style":"default","ast-global-header-display":"","ast-banner-title-visibility":"","ast-main-header-display":"","ast-hfb-above-header-display":"","ast-hfb-below-header-display":"","ast-hfb-mobile-header-display":"","site-post-title":"","ast-breadcrumbs-content":"","ast-featured-img":"","footer-sml-layout":"","ast-disable-related-posts":"","theme-transparent-header-meta":"default","adv-header-id-meta":"","stick-header-meta":"default","header-above-stick-meta":"","header-main-stick-meta":"","header-below-stick-meta":"","astra-migrate-meta-layouts":"set","ast-page-background-enabled":"default","ast-page-background-meta":{"desktop":{"background-color":"","background-image":"","background-repeat":"repeat","background-position":"center center","background-size":"auto","background-attachment":"scroll","background-type":"","background-media":"","overlay-type":"","overlay-color":"","overlay-opacity":"","overlay-gradient":""},"tablet":{"background-color":"","background-image":"","background-repeat":"repeat","background-position":"center center","background-size":"auto","background-attachment":"scroll","background-type":"","background-media":"","overlay-type":"","overlay-color":"","overlay-opacity":"","overlay-gradient":""},"mobile":{"background-color":"","background-image":"","background-repeat":"repeat","background-position":"center center","background-size":"auto","background-attachment":"scroll","background-type":"","background-media":"","overlay-type":"","overlay-color":"","overlay-opacity":"","overlay-gradient":""}},"ast-content-background-meta":{"desktop":{"background-color":"var(--ast-global-color-5)","background-image":"","background-repeat":"repeat","background-position":"center center","background-size":"auto","background-attachment":"scroll","background-type":"","background-media":"","overlay-type":"","overlay-color":"","overlay-opacity":"","overlay-gradient":""},"tablet":{"background-color":"var(--ast-global-color-5)","background-image":"","background-repeat":"repeat","background-position":"center center","background-size":"auto","background-attachment":"scroll","background-type":"","background-media":"","overlay-type":"","overlay-color":"","overlay-opacity":"","overlay-gradient":""},"mobile":{"background-color":"var(--ast-global-color-5)","background-image":"","background-repeat":"repeat","background-position":"center center","background-size":"auto","background-attachment":"scroll","background-type":"","background-media":"","overlay-type":"","overlay-color":"","overlay-opacity":"","overlay-gradient":""}}},"product_brand":[],"product_cat":[83],"product_tag":[],"class_list":{"0":"post-1285","1":"product","2":"type-product","3":"status-publish","4":"has-post-thumbnail","6":"product_cat-animaux","7":"desktop-align-center","8":"tablet-align-center","9":"mobile-align-center","10":"ast-product-gallery-layout-horizontal","11":"ast-magnify-disabled","12":"ast-product-tabs-layout-horizontal","13":"ast-qv-on-image","15":"first","16":"instock","17":"shipping-taxable","18":"purchasable","19":"product-type-simple"},"bundled_by":[],"bundle_stock_status":"instock","bundle_stock_quantity":null,"bundle_virtual":false,"bundle_layout":"","bundle_add_to_cart_form_location":"","bundle_editable_in_cart":false,"bundle_sold_individually_context":"","bundle_item_grouping":"","bundle_min_size":"","bundle_max_size":"","bundle_price":[],"bundled_items":[],"bundle_sell_ids":[],"_links":{"self":[{"href":"https:\/\/buying-fever.com\/fi\/wp-json\/wp\/v2\/product\/1285","targetHints":{"allow":["GET"]}}],"collection":[{"href":"https:\/\/buying-fever.com\/fi\/wp-json\/wp\/v2\/product"}],"about":[{"href":"https:\/\/buying-fever.com\/fi\/wp-json\/wp\/v2\/types\/product"}],"replies":[{"embeddable":true,"href":"https:\/\/buying-fever.com\/fi\/wp-json\/wp\/v2\/comments?post=1285"}],"version-history":[{"count":0,"href":"https:\/\/buying-fever.com\/fi\/wp-json\/wp\/v2\/product\/1285\/revisions"}],"wp:featuredmedia":[{"embeddable":true,"href":"https:\/\/buying-fever.com\/fi\/wp-json\/wp\/v2\/media\/1289"}],"wp:attachment":[{"href":"https:\/\/buying-fever.com\/fi\/wp-json\/wp\/v2\/media?parent=1285"}],"wp:term":[{"taxonomy":"product_brand","embeddable":true,"href":"https:\/\/buying-fever.com\/fi\/wp-json\/wp\/v2\/product_brand?post=1285"},{"taxonomy":"product_cat","embeddable":true,"href":"https:\/\/buying-fever.com\/fi\/wp-json\/wp\/v2\/product_cat?post=1285"},{"taxonomy":"product_tag","embeddable":true,"href":"https:\/\/buying-fever.com\/fi\/wp-json\/wp\/v2\/product_tag?post=1285"}],"curies":[{"name":"wp","href":"https:\/\/api.w.org\/{rel}","templated":true}]}}