{"id":1284,"date":"2023-08-20T21:19:44","date_gmt":"2023-08-20T21:19:44","guid":{"rendered":"https:\/\/snow-alligator-195314.hostingersite.com\/?post_type=product&#038;p=1284"},"modified":"2025-06-14T00:52:39","modified_gmt":"2025-06-13T22:52:39","slug":"boutons-de-communication-pour-chien","status":"publish","type":"product","link":"https:\/\/buying-fever.com\/fi\/tuote\/viestintapainikkeet-koirille\/","title":{"rendered":"Koiran viestint\u00e4painikkeet"},"content":{"rendered":"<h2 style=\"text-align: center;\">Ilmaise itse\u00e4si, koira!<\/h2>\n<h2 style=\"text-align: center;\">Anna koirasi kertoa sinulle, mit\u00e4 h\u00e4n haluaa.<\/h2>\n<p>&nbsp;<\/p>\n<p>Anna parhaalle yst\u00e4v\u00e4llesi \u00e4\u00e4ni koiran viestint\u00e4painikkeillamme. N\u00e4m\u00e4 painikkeet, jotka on suunniteltu erityisesti mahdollistamaan intuitiivisempi vuorovaikutus sinun ja lemmikkisi v\u00e4lill\u00e4, ovat ihanteellisia harmoniseen avoliittoon.<\/p>\n<p>&nbsp;<\/p>\n<ul>\n<li><strong>Helppo \u00e4\u00e4nen tallennus<\/strong> : Sis\u00e4\u00e4nrakennetun mikrofonin ansiosta tallenna valitsemasi sana tai lause jokaiselle painikkeelle.<\/li>\n<li><strong>Ladattava<\/strong> : Olemme markkinoiden ainoat, jotka tarjoavat t\u00e4ysin ladattavan mallin. Sano hyv\u00e4stit akuille ja hei ekologialle!<\/li>\n<li><strong>Tukeva &amp; Kest\u00e4v\u00e4<\/strong> : Suunniteltu kest\u00e4m\u00e4\u00e4n k\u00e4rsim\u00e4tt\u00f6mi\u00e4 tassuja ja toistuvaa painetta. Painikkeet on rakennettu kest\u00e4m\u00e4\u00e4n.<\/li>\n<li><strong>Ergonominen muotoilu<\/strong> : Sopii kaikenkokoisille tassuille chihuahuasta saksanpaimenkoiraan.<\/li>\n<li><strong>Helppok\u00e4ytt\u00f6isyys<\/strong> : Yhdist\u00e4 toiminta jokaiseen tallennettuun painikkeeseen ja katso koirasi ilmaisevan itse\u00e4\u00e4n enemm\u00e4n kuin koskaan ennen!<\/li>\n<\/ul>\n<h3><\/h3>\n<h3><strong>Edut:<\/strong><\/h3>\n<p>&nbsp;<\/p>\n<ol>\n<li><strong>Ekologinen<\/strong> : Pienenn\u00e4 hiilijalanj\u00e4lke\u00e4si valitsemalla ladattava malli.<\/li>\n<li><strong>Taloudellinen<\/strong> : Ei en\u00e4\u00e4 toistuvia paristojen ostoja. S\u00e4\u00e4st\u00e4 rahaa pitk\u00e4ll\u00e4 aikav\u00e4lill\u00e4!<\/li>\n<li><strong>Vahvistettu interaktiivisuus<\/strong> : Vahvista sidett\u00e4si lemmikkisi kanssa ymm\u00e4rt\u00e4m\u00e4ll\u00e4 h\u00e4nt\u00e4 paremmin ja vastaamalla heid\u00e4n tarpeisiinsa nopeammin.<\/li>\n<\/ol>\n<blockquote><p>&nbsp;<\/p>\n<p style=\"text-align: center;\"><em>&quot;En koskaan uskonut, ett\u00e4 Max voisi &quot;puhua&quot; minulle. On kiehtovaa n\u00e4hd\u00e4 kuinka <\/em><\/p>\n<p style=\"text-align: center;\"><em>h\u00e4n ymm\u00e4rsi nopeasti kuinka painikkeet toimivat. Nyt h\u00e4n &quot;kertoo&quot; minulle milloin on n\u00e4lk\u00e4inen, milloin h\u00e4n on <\/em><\/p>\n<p style=\"text-align: center;\"><em>haluaa menn\u00e4 ulos tai yksinkertaisesti kun h\u00e4n haluaa pelata \u00bb<\/em><\/p>\n<p style=\"text-align: center;\"><strong>Stephanie<\/strong><\/p>\n<p>&nbsp;<\/p>\n<p style=\"text-align: center;\"><em>&quot;Siit\u00e4 l\u00e4htien, kun k\u00e4ytin n\u00e4it\u00e4 painikkeita koirani kanssa, viestinn\u00e4mme on ollut <\/em><\/p>\n<p style=\"text-align: center;\"><em>saavuttanut aivan uuden tason. H\u00e4n &quot;kutsuu&quot; minua k\u00e4velyins\u00e4 ja jopa halauksiinsa. <\/em><\/p>\n<p style=\"text-align: center;\"><em>On koskettavaa n\u00e4hd\u00e4, kuinka halukas h\u00e4n on ilmaisemaan itse\u00e4\u00e4n ja <\/em><\/p>\n<p style=\"text-align: center;\"><em>kuinka paljon n\u00e4m\u00e4 painikkeet ovat rikastaneet yhteist\u00e4 jokap\u00e4iv\u00e4ist\u00e4 el\u00e4m\u00e4\u00e4mme\u201d<\/em><\/p>\n<p style=\"text-align: center;\"><strong>Isabelle<\/strong><\/p>\n<\/blockquote>\n<h3 style=\"text-align: center;\"><strong>Tilaa t\u00e4n\u00e4\u00e4n<\/strong> ja tarjota uutta<\/h3>\n<h3 style=\"text-align: center;\">ulottuvuus suhteellesi uskolliseen kumppaniisi!<\/h3>","protected":false},"excerpt":{"rendered":"<p>Exprimez-vous, toutou ! Permettez \u00e0 votre chien de vous dire ce qu&rsquo;il souhaite. &nbsp; Offrez une voix \u00e0 votre meilleur ami avec nos boutons de communication pour chien. Con\u00e7us sp\u00e9cialement pour permettre une interaction plus intuitive entre vous et votre animal de compagnie, ces boutons sont id\u00e9aux pour une cohabitation harmonieuse. &nbsp; Enregistrement Vocal Facile [&hellip;]<\/p>\n","protected":false},"featured_media":1287,"comment_status":"open","ping_status":"closed","template":"","meta":{"_seopress_robots_primary_cat":"none","_seopress_titles_title":"","_seopress_titles_desc":"","_seopress_robots_index":"","site-sidebar-layout":"default","site-content-layout":"default","ast-site-content-layout":"default","site-content-style":"default","site-sidebar-style":"default","ast-global-header-display":"","ast-banner-title-visibility":"","ast-main-header-display":"","ast-hfb-above-header-display":"","ast-hfb-below-header-display":"","ast-hfb-mobile-header-display":"","site-post-title":"","ast-breadcrumbs-content":"","ast-featured-img":"","footer-sml-layout":"","ast-disable-related-posts":"","theme-transparent-header-meta":"default","adv-header-id-meta":"","stick-header-meta":"default","header-above-stick-meta":"","header-main-stick-meta":"","header-below-stick-meta":"","astra-migrate-meta-layouts":"set","ast-page-background-enabled":"default","ast-page-background-meta":{"desktop":{"background-color":"","background-image":"","background-repeat":"repeat","background-position":"center center","background-size":"auto","background-attachment":"scroll","background-type":"","background-media":"","overlay-type":"","overlay-color":"","overlay-opacity":"","overlay-gradient":""},"tablet":{"background-color":"","background-image":"","background-repeat":"repeat","background-position":"center center","background-size":"auto","background-attachment":"scroll","background-type":"","background-media":"","overlay-type":"","overlay-color":"","overlay-opacity":"","overlay-gradient":""},"mobile":{"background-color":"","background-image":"","background-repeat":"repeat","background-position":"center center","background-size":"auto","background-attachment":"scroll","background-type":"","background-media":"","overlay-type":"","overlay-color":"","overlay-opacity":"","overlay-gradient":""}},"ast-content-background-meta":{"desktop":{"background-color":"var(--ast-global-color-5)","background-image":"","background-repeat":"repeat","background-position":"center center","background-size":"auto","background-attachment":"scroll","background-type":"","background-media":"","overlay-type":"","overlay-color":"","overlay-opacity":"","overlay-gradient":""},"tablet":{"background-color":"var(--ast-global-color-5)","background-image":"","background-repeat":"repeat","background-position":"center center","background-size":"auto","background-attachment":"scroll","background-type":"","background-media":"","overlay-type":"","overlay-color":"","overlay-opacity":"","overlay-gradient":""},"mobile":{"background-color":"var(--ast-global-color-5)","background-image":"","background-repeat":"repeat","background-position":"center center","background-size":"auto","background-attachment":"scroll","background-type":"","background-media":"","overlay-type":"","overlay-color":"","overlay-opacity":"","overlay-gradient":""}}},"product_brand":[],"product_cat":[83],"product_tag":[],"class_list":{"0":"post-1284","1":"product","2":"type-product","3":"status-publish","4":"has-post-thumbnail","6":"product_cat-animaux","7":"desktop-align-center","8":"tablet-align-center","9":"mobile-align-center","10":"ast-product-gallery-layout-horizontal","11":"ast-magnify-disabled","12":"ast-product-tabs-layout-horizontal","13":"ast-qv-on-image","15":"first","16":"outofstock","17":"shipping-taxable","18":"purchasable","19":"product-type-simple"},"bundled_by":[],"bundle_stock_status":"outofstock","bundle_stock_quantity":null,"bundle_virtual":false,"bundle_layout":"","bundle_add_to_cart_form_location":"","bundle_editable_in_cart":false,"bundle_sold_individually_context":"","bundle_item_grouping":"","bundle_min_size":"","bundle_max_size":"","bundle_price":[],"bundled_items":[],"bundle_sell_ids":[],"_links":{"self":[{"href":"https:\/\/buying-fever.com\/fi\/wp-json\/wp\/v2\/product\/1284","targetHints":{"allow":["GET"]}}],"collection":[{"href":"https:\/\/buying-fever.com\/fi\/wp-json\/wp\/v2\/product"}],"about":[{"href":"https:\/\/buying-fever.com\/fi\/wp-json\/wp\/v2\/types\/product"}],"replies":[{"embeddable":true,"href":"https:\/\/buying-fever.com\/fi\/wp-json\/wp\/v2\/comments?post=1284"}],"version-history":[{"count":0,"href":"https:\/\/buying-fever.com\/fi\/wp-json\/wp\/v2\/product\/1284\/revisions"}],"wp:featuredmedia":[{"embeddable":true,"href":"https:\/\/buying-fever.com\/fi\/wp-json\/wp\/v2\/media\/1287"}],"wp:attachment":[{"href":"https:\/\/buying-fever.com\/fi\/wp-json\/wp\/v2\/media?parent=1284"}],"wp:term":[{"taxonomy":"product_brand","embeddable":true,"href":"https:\/\/buying-fever.com\/fi\/wp-json\/wp\/v2\/product_brand?post=1284"},{"taxonomy":"product_cat","embeddable":true,"href":"https:\/\/buying-fever.com\/fi\/wp-json\/wp\/v2\/product_cat?post=1284"},{"taxonomy":"product_tag","embeddable":true,"href":"https:\/\/buying-fever.com\/fi\/wp-json\/wp\/v2\/product_tag?post=1284"}],"curies":[{"name":"wp","href":"https:\/\/api.w.org\/{rel}","templated":true}]}}