{"id":4812,"date":"2023-10-20T13:31:56","date_gmt":"2023-10-20T11:31:56","guid":{"rendered":"https:\/\/snow-alligator-195314.hostingersite.com\/?page_id=4812"},"modified":"2023-10-20T13:36:44","modified_gmt":"2023-10-20T11:36:44","slug":"politique-de-retour","status":"publish","type":"page","link":"https:\/\/buying-fever.com\/fi\/palautuskaytanto\/","title":{"rendered":"PALAUTUSK\u00c4YT\u00c4NT\u00d6"},"content":{"rendered":"<div data-elementor-type=\"wp-page\" data-elementor-id=\"4812\" class=\"elementor elementor-4812\" data-elementor-post-type=\"page\">\n\t\t\t\t<div class=\"elementor-element elementor-element-6eabfd8e e-flex e-con-boxed e-con e-parent\" data-id=\"6eabfd8e\" data-element_type=\"container\" data-e-type=\"container\">\n\t\t\t\t\t<div class=\"e-con-inner\">\n\t\t\t\t<div class=\"elementor-element elementor-element-26a25f70 elementor-widget elementor-widget-heading\" data-id=\"26a25f70\" data-element_type=\"widget\" data-e-type=\"widget\" data-widget_type=\"heading.default\">\n\t\t\t\t<div class=\"elementor-widget-container\">\n\t\t\t\t\t<h1 class=\"elementor-heading-title elementor-size-default\">PALAUTUSK\u00c4YT\u00c4NT\u00d6<\/h1>\t\t\t\t<\/div>\n\t\t\t\t<\/div>\n\t\t\t\t<div class=\"elementor-element elementor-element-f8df31c elementor-widget elementor-widget-heading\" data-id=\"f8df31c\" data-element_type=\"widget\" data-e-type=\"widget\" data-widget_type=\"heading.default\">\n\t\t\t\t<div class=\"elementor-widget-container\">\n\t\t\t\t\t<h2 class=\"elementor-heading-title elementor-size-default\">Johdanto <\/h2>\t\t\t\t<\/div>\n\t\t\t\t<\/div>\n\t\t\t\t<div class=\"elementor-element elementor-element-7490e662 elementor-widget elementor-widget-heading\" data-id=\"7490e662\" data-element_type=\"widget\" data-e-type=\"widget\" data-widget_type=\"heading.default\">\n\t\t\t\t<div class=\"elementor-widget-container\">\n\t\t\t\t\t<h2 class=\"elementor-heading-title elementor-size-default\">Artikla 1 - Avaamattomien tuotteiden palautus:<\/h2>\t\t\t\t<\/div>\n\t\t\t\t<\/div>\n\t\t\t\t<div class=\"elementor-element elementor-element-156095ea elementor-widget elementor-widget-text-editor\" data-id=\"156095ea\" data-element_type=\"widget\" data-e-type=\"widget\" data-widget_type=\"text-editor.default\">\n\t\t\t\t<div class=\"elementor-widget-container\">\n\t\t\t\t\t\t\t\t\t<p>Hyv\u00e4ksymme palautukset vain tuotteista, jotka palautetaan 14 p\u00e4iv\u00e4n sis\u00e4ll\u00e4 toimituksesta alkuper\u00e4isen seurantatiedon mukaisesti.<\/p>\t\t\t\t\t\t\t\t<\/div>\n\t\t\t\t<\/div>\n\t\t\t\t<div class=\"elementor-element elementor-element-7ac15c9c elementor-widget elementor-widget-text-editor\" data-id=\"7ac15c9c\" data-element_type=\"widget\" data-e-type=\"widget\" data-widget_type=\"text-editor.default\">\n\t\t\t\t<div class=\"elementor-widget-container\">\n\t\t\t\t\t\t\t\t\t<p>Olet vastuussa tuotteen palauttamiseen liittyvist\u00e4 toimituskuluista. Emme ole vastuussa mist\u00e4\u00e4n menetyksest\u00e4 tai vahingosta, joka tapahtuu kuljetuksen aikana. Sinun on my\u00f6s kaikista palautuksista maksettava etuk\u00e4teen toimitus- ja vakuutuskulut (jos sovellettavissa).<\/p><p>Jos palautuksesi on oikeutettu hyvitykseen, hyvitys ei sis\u00e4ll\u00e4 l\u00e4hetys- ja k\u00e4sittelykuluja, jotka saattavat n\u00e4ky\u00e4 pakkausluettelossa tai laskussa. Kun saamme palautetun tuotteen, tutkimme sen ja ilmoitamme sinulle s\u00e4hk\u00f6postitse. kohtuullisessa ajassa, jos sinulla on oikeus hyvitykseen tai vaihtoon.<\/p><p>Jos olet oikeutettu vaihtoon tai hyvitykseen, vaihdamme tuotteen tai hyvit\u00e4mme ostohinnan (mill\u00e4 tavalla olet alun perin maksanut).<\/p><p>Yhteystiedot :<br \/>Linkki nettisivuillemme: https:\/\/snow-alligator-195314.hostingersite.com<\/p><p>Puhelinnumero: +187722956001<\/p><p>S\u00e4hk\u00f6postiosoite: contact@snow-alligator-195314.hostingersite.com<\/p>\t\t\t\t\t\t\t\t<\/div>\n\t\t\t\t<\/div>\n\t\t\t\t<div class=\"elementor-element elementor-element-3699e09a elementor-widget elementor-widget-heading\" data-id=\"3699e09a\" data-element_type=\"widget\" data-e-type=\"widget\" data-widget_type=\"heading.default\">\n\t\t\t\t<div class=\"elementor-widget-container\">\n\t\t\t\t\t<h2 class=\"elementor-heading-title elementor-size-default\">2 artikla - Vaihto<\/h2>\t\t\t\t<\/div>\n\t\t\t\t<\/div>\n\t\t\t\t<div class=\"elementor-element elementor-element-fa08263 elementor-widget elementor-widget-text-editor\" data-id=\"fa08263\" data-element_type=\"widget\" data-e-type=\"widget\" data-widget_type=\"text-editor.default\">\n\t\t\t\t<div class=\"elementor-widget-container\">\n\t\t\t\t\t\t\t\t\tVaihdamme vain viallisia tai vaurioituneita tuotteita. Jos uskot tuotteen olevan viallinen, ota meihin yhteytt\u00e4 14 p\u00e4iv\u00e4n kuluessa ostohetkest\u00e4 alla olevaan puhelinnumeroon tai s\u00e4hk\u00f6postiosoitteeseen ja anna tiedot tuotteesta ja viasta.\u00a0<\/span><\/span><\/p>\n<p align=\"JUSTIFY\"><span style=\"color: #000000;\"><span style=\"font-family: Times New Roman, serif;\">\u00a0<\/span><\/span><\/p>\nKerromme sitten, kuinka tuote palautetaan.<\/span><\/span><\/p>\t\t\t\t\t\t\t\t<\/div>\n\t\t\t\t<\/div>\n\t\t\t\t<div class=\"elementor-element elementor-element-1d611294 elementor-widget elementor-widget-heading\" data-id=\"1d611294\" data-element_type=\"widget\" data-e-type=\"widget\" data-widget_type=\"heading.default\">\n\t\t\t\t<div class=\"elementor-widget-container\">\n\t\t\t\t\t<h2 class=\"elementor-heading-title elementor-size-default\">Artikla 3 - Toimitus<\/h2>\t\t\t\t<\/div>\n\t\t\t\t<\/div>\n\t\t\t\t<div class=\"elementor-element elementor-element-1d7c6615 elementor-widget elementor-widget-text-editor\" data-id=\"1d7c6615\" data-element_type=\"widget\" data-e-type=\"widget\" data-widget_type=\"text-editor.default\">\n\t\t\t\t<div class=\"elementor-widget-container\">\n\t\t\t\t\t\t\t\t\t<p>Tilanteessa, jossa asiakas haluaa jostain syyst\u00e4 palauttaa sivustolta ostamansa tuotteen myyj\u00e4lle, tulee asiakkaan ilmoittaa asiasta myyj\u00e4lle etuk\u00e4teen, jotta t\u00e4m\u00e4 voi v\u00e4litt\u00e4\u00e4 tuotteen palautusta koskevat ohjeet.\u00a0<\/p><p>\u00a0<\/p><p>Mik\u00e4li asiakas palauttaa tuotteen myyj\u00e4lle omasta aloitteestaan, myyj\u00e4 voi kielt\u00e4yty\u00e4 pakkauksesta ja j\u00e4tt\u00e4\u00e4 palautustamatta.<\/p><p><br \/>Emme ole vastuussa mist\u00e4\u00e4n menetyksist\u00e4 tai vahingoista, jotka tapahtuvat kuljetuksen aikana. Jos palautuksesi on oikeutettu hyvitykseen, hyvityksesi eiv\u00e4t sis\u00e4ll\u00e4 l\u00e4hetys- ja k\u00e4sittelykuluja, jotka saattavat n\u00e4ky\u00e4 pakkausluettelossa tai laskussa.<\/p><p>\u00a0<\/p><p>Jos haluat palauttaa tai vaihtaa ostamasi tuotteen, l\u00e4het\u00e4 se, kopio kuitista ja muut ostostasi koskevat tiedot, alla olevaan osoitteeseen: Laaja rakennus (rakennuksen 109 edess\u00e4), Honghua Community, Yiwu City, Jinhua City, Zhejiangin maakunta \u2013 postinumero: 322000 Vastaanottaja: zeng li hua \u2013 Numero: 13566961583 \u2013 Kiina<\/p><p>\u00a0<\/p>\t\t\t\t\t\t\t\t<\/div>\n\t\t\t\t<\/div>\n\t\t\t\t<div class=\"elementor-element elementor-element-316d9186 elementor-widget elementor-widget-heading\" data-id=\"316d9186\" data-element_type=\"widget\" data-e-type=\"widget\" data-widget_type=\"heading.default\">\n\t\t\t\t<div class=\"elementor-widget-container\">\n\t\t\t\t\t<h2 class=\"elementor-heading-title elementor-size-default\">Artikla 4 - Prosessi<\/h2>\t\t\t\t<\/div>\n\t\t\t\t<\/div>\n\t\t\t\t<div class=\"elementor-element elementor-element-44c38b3f elementor-widget elementor-widget-text-editor\" data-id=\"44c38b3f\" data-element_type=\"widget\" data-e-type=\"widget\" data-widget_type=\"text-editor.default\">\n\t\t\t\t<div class=\"elementor-widget-container\">\n\t\t\t\t\t\t\t\t\t<p>Kun saamme tuotteesi, tutkimme sen ja ilmoitamme sinulle s\u00e4hk\u00f6postitse kohtuullisessa ajassa, oletko oikeutettu hyvitykseen tai vaihtoon.<\/p><p>\u00a0<\/p><p>Jos olet oikeutettu hyvitykseen, hyvit\u00e4mme ostohinnan ja hyvit\u00e4mme alkuper\u00e4isen maksutavan. Jo maksamiasi toimitus- ja k\u00e4sittelykuluja ei palauteta, eiv\u00e4tk\u00e4 hyvitetyt summat sis\u00e4ll\u00e4 toimituskuluja.<\/p><p>\u00a0<\/p><p>Enint\u00e4\u00e4n 14 ty\u00f6p\u00e4iv\u00e4\u00e4 s\u00e4hk\u00f6postin vastaanottamisesta voi kulua ennen kuin hyvitys on vastaanotettu.<br \/>Jos olet oikeutettu vaihtoon, l\u00e4het\u00e4mme sinulle uuden tuotteen alkuper\u00e4iseen toimitusosoitteeseen.<\/p>\t\t\t\t\t\t\t\t<\/div>\n\t\t\t\t<\/div>\n\t\t\t\t<div class=\"elementor-element elementor-element-2127627a elementor-widget elementor-widget-heading\" data-id=\"2127627a\" data-element_type=\"widget\" data-e-type=\"widget\" data-widget_type=\"heading.default\">\n\t\t\t\t<div class=\"elementor-widget-container\">\n\t\t\t\t\t<h2 class=\"elementor-heading-title elementor-size-default\">Artikla 5 - Lahjat<\/h2>\t\t\t\t<\/div>\n\t\t\t\t<\/div>\n\t\t\t\t<div class=\"elementor-element elementor-element-507f68b5 elementor-widget elementor-widget-text-editor\" data-id=\"507f68b5\" data-element_type=\"widget\" data-e-type=\"widget\" data-widget_type=\"text-editor.default\">\n\t\t\t\t<div class=\"elementor-widget-container\">\n\t\t\t\t\t\t\t\t\t<p>Jos palautettava tuote oli ostettaessa merkitty lahjaksi ja l\u00e4hetetty suoraan sinulle, saat palautuksesi arvon suuruisen lahjahyvityksen.\u00a0<\/p><p>\u00a0<\/p><p>Jos tuotetta ei ostettaessa merkitty lahjaksi tai jos lahjan antaja halusi saada tavaran ensin ja antaa sen sinulle my\u00f6hemmin, l\u00e4het\u00e4mme lahjan antajalle hyvityksen ja h\u00e4n tiet\u00e4\u00e4, ett\u00e4 olet palauttanut tuotteen.<\/p>\t\t\t\t\t\t\t\t<\/div>\n\t\t\t\t<\/div>\n\t\t\t\t<div class=\"elementor-element elementor-element-148b27cf elementor-widget elementor-widget-heading\" data-id=\"148b27cf\" data-element_type=\"widget\" data-e-type=\"widget\" data-widget_type=\"heading.default\">\n\t\t\t\t<div class=\"elementor-widget-container\">\n\t\t\t\t\t<h2 class=\"elementor-heading-title elementor-size-default\">6 artikla - Poikkeus peruutus- ja palautusoikeuteen<\/h2>\t\t\t\t<\/div>\n\t\t\t\t<\/div>\n\t\t\t\t<div class=\"elementor-element elementor-element-2dac8d71 elementor-widget elementor-widget-text-editor\" data-id=\"2dac8d71\" data-element_type=\"widget\" data-e-type=\"widget\" data-widget_type=\"text-editor.default\">\n\t\t\t\t<div class=\"elementor-widget-container\">\n\t\t\t\t\t\t\t\t\t<p>Kaikki tilauksesta tuoteluettelossamme olevat yksil\u00f6lliset tuotteet eiv\u00e4t ole oikeutettuja palautukseen ja hyvitykseen. N\u00e4it\u00e4 tuotteita ei pidet\u00e4 hyvitett\u00e4vin\u00e4 tai osana lopullista myynti\u00e4.\u00a0<\/p><p>\u00a0<\/p><p>Henkil\u00f6kohtaisilla tuotteilla on kuitenkin yleisiss\u00e4 myyntiehdoissamme m\u00e4\u00e4ritelty vaatimustenmukaisuusoikeus.Yritys ei ole velvollinen korvaamaan lis\u00e4kustannuksia, jos kuluttaja on nimenomaisesti valinnut ammattilaisen ehdottamaa vakiotoimitustapaa kalliimman toimitustavan.<\/p>\t\t\t\t\t\t\t\t<\/div>\n\t\t\t\t<\/div>\n\t\t\t\t\t<\/div>\n\t\t\t\t<\/div>\n\t\t\t\t<\/div>","protected":false},"excerpt":{"rendered":"<p>Politique de Retour Pr\u00e9ambule Article 1 &#8211; Retour d\u2019articles non ouverts : Nous acceptons uniquement le retour des articles retourn\u00e9s dans les 14 jours suivant la livraison, tel qu&rsquo;indiqu\u00e9 par les informations de suivi d&rsquo;origine. Vous devrez assumer les frais d\u2019exp\u00e9dition li\u00e9s au retour de votre article. Nous ne sommes pas responsables des pertes ou [&hellip;]<\/p>\n","protected":false},"author":1,"featured_media":0,"parent":0,"menu_order":0,"comment_status":"closed","ping_status":"closed","template":"","meta":{"_seopress_robots_primary_cat":"","_seopress_titles_title":"","_seopress_titles_desc":"","_seopress_robots_index":"","site-sidebar-layout":"no-sidebar","site-content-layout":"page-builder","ast-site-content-layout":"full-width-container","site-content-style":"default","site-sidebar-style":"default","ast-global-header-display":"","ast-banner-title-visibility":"","ast-main-header-display":"","ast-hfb-above-header-display":"","ast-hfb-below-header-display":"","ast-hfb-mobile-header-display":"","site-post-title":"disabled","ast-breadcrumbs-content":"","ast-featured-img":"disabled","footer-sml-layout":"","ast-disable-related-posts":"","theme-transparent-header-meta":"","adv-header-id-meta":"","stick-header-meta":"","header-above-stick-meta":"","header-main-stick-meta":"","header-below-stick-meta":"","astra-migrate-meta-layouts":"set","ast-page-background-enabled":"default","ast-page-background-meta":{"desktop":{"background-color":"","background-image":"","background-repeat":"repeat","background-position":"center center","background-size":"auto","background-attachment":"scroll","background-type":"","background-media":"","overlay-type":"","overlay-color":"","overlay-opacity":"","overlay-gradient":""},"tablet":{"background-color":"","background-image":"","background-repeat":"repeat","background-position":"center center","background-size":"auto","background-attachment":"scroll","background-type":"","background-media":"","overlay-type":"","overlay-color":"","overlay-opacity":"","overlay-gradient":""},"mobile":{"background-color":"","background-image":"","background-repeat":"repeat","background-position":"center center","background-size":"auto","background-attachment":"scroll","background-type":"","background-media":"","overlay-type":"","overlay-color":"","overlay-opacity":"","overlay-gradient":""}},"ast-content-background-meta":{"desktop":{"background-color":"var(--ast-global-color-5)","background-image":"","background-repeat":"repeat","background-position":"center center","background-size":"auto","background-attachment":"scroll","background-type":"","background-media":"","overlay-type":"","overlay-color":"","overlay-opacity":"","overlay-gradient":""},"tablet":{"background-color":"var(--ast-global-color-5)","background-image":"","background-repeat":"repeat","background-position":"center center","background-size":"auto","background-attachment":"scroll","background-type":"","background-media":"","overlay-type":"","overlay-color":"","overlay-opacity":"","overlay-gradient":""},"mobile":{"background-color":"var(--ast-global-color-5)","background-image":"","background-repeat":"repeat","background-position":"center center","background-size":"auto","background-attachment":"scroll","background-type":"","background-media":"","overlay-type":"","overlay-color":"","overlay-opacity":"","overlay-gradient":""}},"footnotes":""},"class_list":["post-4812","page","type-page","status-publish","hentry"],"_links":{"self":[{"href":"https:\/\/buying-fever.com\/fi\/wp-json\/wp\/v2\/pages\/4812","targetHints":{"allow":["GET"]}}],"collection":[{"href":"https:\/\/buying-fever.com\/fi\/wp-json\/wp\/v2\/pages"}],"about":[{"href":"https:\/\/buying-fever.com\/fi\/wp-json\/wp\/v2\/types\/page"}],"author":[{"embeddable":true,"href":"https:\/\/buying-fever.com\/fi\/wp-json\/wp\/v2\/users\/1"}],"replies":[{"embeddable":true,"href":"https:\/\/buying-fever.com\/fi\/wp-json\/wp\/v2\/comments?post=4812"}],"version-history":[{"count":0,"href":"https:\/\/buying-fever.com\/fi\/wp-json\/wp\/v2\/pages\/4812\/revisions"}],"wp:attachment":[{"href":"https:\/\/buying-fever.com\/fi\/wp-json\/wp\/v2\/media?parent=4812"}],"curies":[{"name":"wp","href":"https:\/\/api.w.org\/{rel}","templated":true}]}}