{"id":1488,"date":"2023-09-05T11:01:10","date_gmt":"2023-09-05T11:01:10","guid":{"rendered":"https:\/\/snow-alligator-195314.hostingersite.com\/?post_type=product&#038;p=1488"},"modified":"2025-06-14T00:52:38","modified_gmt":"2025-06-13T22:52:38","slug":"masseur-xtreme","status":"publish","type":"product","link":"https:\/\/buying-fever.com\/es\/producto\/masajeador-xtreme\/","title":{"rendered":"Masajeador Xtreme \u2013 Cabeza y Cuerpo"},"content":{"rendered":"<p style=\"text-align: center;\"><strong>Descubre el Masajeador El\u00e9ctrico Multifunci\u00f3n para Cabeza y Cuerpo: \u00a1Tu Oasis de Relajaci\u00f3n Diaria!<\/strong><\/p>\n<p>&nbsp;<\/p>\n<p>\u00bfTe sientes cansado constantemente? \u00bfTienes el cuello tenso y los hombros pesados como si llevaras el peso del mundo?<\/p>\n<p>Imag\u00ednese por un momento poder <strong>libera toda esa tensi\u00f3n<\/strong> en poco tiempo, <strong>donde quiera que est\u00e9s y cuando quieras<\/strong>. \u00a1No es un sue\u00f1o, es la realidad que te ofrece nuestra Masajista Xtreme!<\/p>\n<p>&nbsp;<\/p>\n<h2><img decoding=\"async\" class=\"detail-desc-decorate-image aligncenter\" src=\"https:\/\/ae01.alicdn.com\/kf\/S14eb127e1de1471ba69b882eb72416dai.jpg\" \/><\/h2>\n<h2><\/h2>\n<h2><strong>Puntos clave<\/strong><\/h2>\n<p>&nbsp;<\/p>\n<p>\ud83d\udc4c <strong>Multifuncional como desees:<\/strong> \u00a1No se limita a tu cuero cabelludo! Tambi\u00e9n puedes usarlo para masajear tus hombros, cuello, espalda, brazos, piernas e incluso tu cintura. \u00a1Ah, y no nos olvidemos de tu gato!<\/p>\n<p>\ud83e\udd16 <strong>Tecnolog\u00eda de simulaci\u00f3n avanzada:<\/strong> Gracias a la vibraci\u00f3n de alta frecuencia y a la sutil variaci\u00f3n de intensidad, rel\u00e1jate, olv\u00eddate del cansancio y saluda a una mejor calidad de sue\u00f1o.<\/p>\n<p>\ud83d\udd04 <strong>6 T\u00e9cnicas y 3 Modos de Masaje:<\/strong> Elija entre mantener y amasar a baja velocidad, masaje a velocidad media o mantener y amasar a alta velocidad. \u00a1Una soluci\u00f3n para todos!<\/p>\n<p>\ud83d\udca6 <strong>IPX7 resistente al agua:<\/strong> Date un relajante ba\u00f1o mientras disfrutas de un excepcional masaje de cabeza.<\/p>\n<p>\ud83c\udf40 <strong>Materiales respetuosos con la piel:<\/strong> Fabricado en silicona de alta calidad, este masajeador te cuida sin irritar tu piel.<\/p>\n<p>\ud83d\udd0b <strong>Autonom\u00eda ampliada:<\/strong> Una sola carga te ofrece hasta 24 d\u00edas de uso diario de 10 minutos.<\/p>\n<p>\ud83d\udc5c <strong>Formato compacto:<\/strong> F\u00e1cil de transportar, es su compa\u00f1ero ideal en el trabajo, en viajes de negocios o de vacaciones.<\/p>\n<p>&nbsp;<\/p>\n<p><img fetchpriority=\"high\" decoding=\"async\" class=\"wp-image-2215 size-full aligncenter\" src=\"https:\/\/buying-fever.com\/wp-content\/uploads\/2023\/09\/masseur-chat.gif\" alt=\"Masajeador extremo de cabeza y cuerpo.\" width=\"440\" height=\"580\" \/><\/p>\n<h2 style=\"text-align: center;\"><strong>\u00bfPor qu\u00e9 ya no puedes prescindir del Xtreme Massager?<\/strong><\/h2>\n<p>&nbsp;<\/p>\n<p>Cuando hablamos de bienestar, hablamos en serio. <strong>Transforma cualquier momento en una sesi\u00f3n de relajaci\u00f3n inolvidable<\/strong>. Es m\u00e1s que un simple dispositivo de masaje, es un <strong>verdadera experiencia de salud y bienestar a tu alcance<\/strong>.<\/p>\n<p>&nbsp;<\/p>\n<p><img decoding=\"async\" class=\"detail-desc-decorate-image aligncenter\" src=\"https:\/\/ae01.alicdn.com\/kf\/S613367f448474eceb14db54410d8ff7fL.jpg\" width=\"750\" height=\"750\" \/><\/p>\n<p><span style=\"font-family: OpenSans; font-size: 20px; font-weight: 900;\">Caracter\u00edsticas :<\/span><\/p>\n<div class=\"detailmodule_html\">\n<div class=\"detail-desc-decorate-richtext\">\n<div class=\"detailmodule_text\">\n<p>Material: ABS + PC<br \/>\ncolor blanco<br \/>\nTama\u00f1o 10<em>7<\/em>9 CM<br \/>\nCapacidad de la bater\u00eda: 1100 mAh<br \/>\nPotencia del producto: 5W<br \/>\nVoltaje de carga: 5V<br \/>\nCorriente de carga: 1A<\/p>\n<hr \/>\n<p>Lista de art\u00edculos incluidos:<\/p>\n<p>1 * masajeador extremo<br \/>\n1 * cable de carga USB<br \/>\n1 * Manual de usuario<\/p>\n<\/div>\n<div class=\"detailmodule_image\"><\/div>\n<\/div>\n<\/div>","protected":false},"excerpt":{"rendered":"<p>D\u00e9couvrez le Masseur Multifonction \u00c9lectrique pour T\u00eate et Corps : Votre Oasis de Relaxation Quotidienne ! &nbsp; Vous sentez-vous constamment fatigu\u00e9 ? Votre nuque est-elle tendue et vos \u00e9paules sont-elles lourdes comme si vous portiez le poids du monde ? Imaginez un instant pouvoir rel\u00e2cher toute cette tension en quelques minutes, o\u00f9 que vous soyez [&hellip;]<\/p>\n","protected":false},"featured_media":1482,"comment_status":"open","ping_status":"closed","template":"","meta":{"_seopress_robots_primary_cat":"none","_seopress_titles_title":"","_seopress_titles_desc":"","_seopress_robots_index":"","site-sidebar-layout":"default","site-content-layout":"","ast-site-content-layout":"default","site-content-style":"default","site-sidebar-style":"default","ast-global-header-display":"","ast-banner-title-visibility":"","ast-main-header-display":"","ast-hfb-above-header-display":"","ast-hfb-below-header-display":"","ast-hfb-mobile-header-display":"","site-post-title":"","ast-breadcrumbs-content":"","ast-featured-img":"","footer-sml-layout":"","ast-disable-related-posts":"","theme-transparent-header-meta":"default","adv-header-id-meta":"","stick-header-meta":"default","header-above-stick-meta":"","header-main-stick-meta":"","header-below-stick-meta":"","astra-migrate-meta-layouts":"set","ast-page-background-enabled":"default","ast-page-background-meta":{"desktop":{"background-color":"","background-image":"","background-repeat":"repeat","background-position":"center center","background-size":"auto","background-attachment":"scroll","background-type":"","background-media":"","overlay-type":"","overlay-color":"","overlay-opacity":"","overlay-gradient":""},"tablet":{"background-color":"","background-image":"","background-repeat":"repeat","background-position":"center center","background-size":"auto","background-attachment":"scroll","background-type":"","background-media":"","overlay-type":"","overlay-color":"","overlay-opacity":"","overlay-gradient":""},"mobile":{"background-color":"","background-image":"","background-repeat":"repeat","background-position":"center center","background-size":"auto","background-attachment":"scroll","background-type":"","background-media":"","overlay-type":"","overlay-color":"","overlay-opacity":"","overlay-gradient":""}},"ast-content-background-meta":{"desktop":{"background-color":"var(--ast-global-color-5)","background-image":"","background-repeat":"repeat","background-position":"center center","background-size":"auto","background-attachment":"scroll","background-type":"","background-media":"","overlay-type":"","overlay-color":"","overlay-opacity":"","overlay-gradient":""},"tablet":{"background-color":"var(--ast-global-color-5)","background-image":"","background-repeat":"repeat","background-position":"center center","background-size":"auto","background-attachment":"scroll","background-type":"","background-media":"","overlay-type":"","overlay-color":"","overlay-opacity":"","overlay-gradient":""},"mobile":{"background-color":"var(--ast-global-color-5)","background-image":"","background-repeat":"repeat","background-position":"center center","background-size":"auto","background-attachment":"scroll","background-type":"","background-media":"","overlay-type":"","overlay-color":"","overlay-opacity":"","overlay-gradient":""}}},"product_brand":[],"product_cat":[83,82],"product_tag":[],"class_list":{"0":"post-1488","1":"product","2":"type-product","3":"status-publish","4":"has-post-thumbnail","6":"product_cat-animaux","7":"product_cat-electronique","8":"desktop-align-center","9":"tablet-align-center","10":"mobile-align-center","11":"ast-product-gallery-layout-horizontal","12":"ast-magnify-disabled","13":"ast-product-tabs-layout-horizontal","14":"ast-qv-on-image","16":"first","17":"instock","18":"shipping-taxable","19":"purchasable","20":"product-type-simple"},"bundled_by":[],"bundle_stock_status":"instock","bundle_stock_quantity":null,"bundle_virtual":false,"bundle_layout":"","bundle_add_to_cart_form_location":"","bundle_editable_in_cart":false,"bundle_sold_individually_context":"","bundle_item_grouping":"","bundle_min_size":"","bundle_max_size":"","bundle_price":[],"bundled_items":[],"bundle_sell_ids":[],"_links":{"self":[{"href":"https:\/\/buying-fever.com\/es\/wp-json\/wp\/v2\/product\/1488","targetHints":{"allow":["GET"]}}],"collection":[{"href":"https:\/\/buying-fever.com\/es\/wp-json\/wp\/v2\/product"}],"about":[{"href":"https:\/\/buying-fever.com\/es\/wp-json\/wp\/v2\/types\/product"}],"replies":[{"embeddable":true,"href":"https:\/\/buying-fever.com\/es\/wp-json\/wp\/v2\/comments?post=1488"}],"version-history":[{"count":0,"href":"https:\/\/buying-fever.com\/es\/wp-json\/wp\/v2\/product\/1488\/revisions"}],"wp:featuredmedia":[{"embeddable":true,"href":"https:\/\/buying-fever.com\/es\/wp-json\/wp\/v2\/media\/1482"}],"wp:attachment":[{"href":"https:\/\/buying-fever.com\/es\/wp-json\/wp\/v2\/media?parent=1488"}],"wp:term":[{"taxonomy":"product_brand","embeddable":true,"href":"https:\/\/buying-fever.com\/es\/wp-json\/wp\/v2\/product_brand?post=1488"},{"taxonomy":"product_cat","embeddable":true,"href":"https:\/\/buying-fever.com\/es\/wp-json\/wp\/v2\/product_cat?post=1488"},{"taxonomy":"product_tag","embeddable":true,"href":"https:\/\/buying-fever.com\/es\/wp-json\/wp\/v2\/product_tag?post=1488"}],"curies":[{"name":"wp","href":"https:\/\/api.w.org\/{rel}","templated":true}]}}