{"id":1284,"date":"2023-08-20T21:19:44","date_gmt":"2023-08-20T21:19:44","guid":{"rendered":"https:\/\/snow-alligator-195314.hostingersite.com\/?post_type=product&#038;p=1284"},"modified":"2025-06-14T00:52:39","modified_gmt":"2025-06-13T22:52:39","slug":"boutons-de-communication-pour-chien","status":"publish","type":"product","link":"https:\/\/buying-fever.com\/es\/producto\/botones-de-comunicacion-para-perros\/","title":{"rendered":"Botones de comunicaci\u00f3n para perros"},"content":{"rendered":"<h2 style=\"text-align: center;\">\u00a1Expr\u00e9sate, perrito!<\/h2>\n<h2 style=\"text-align: center;\">Deja que tu perro te diga lo que quiere.<\/h2>\n<p>&nbsp;<\/p>\n<p>Dale voz a tu mejor amigo con nuestros botones de comunicaci\u00f3n para perros. Especialmente dise\u00f1ados para permitir una interacci\u00f3n m\u00e1s intuitiva entre usted y su mascota, estos botones son ideales para una convivencia armoniosa.<\/p>\n<p>&nbsp;<\/p>\n<ul>\n<li><strong>Grabaci\u00f3n de voz f\u00e1cil<\/strong> : Gracias a un micr\u00f3fono incorporado, graba la palabra o frase que elijas para cada bot\u00f3n.<\/li>\n<li><strong>Recargable<\/strong> : Somos los \u00fanicos en el mercado que ofrecemos un modelo totalmente recargable. \u00a1Dile adi\u00f3s a las pilas y hola a la ecolog\u00eda!<\/li>\n<li><strong>Robusto y duradero<\/strong> : Dise\u00f1ado para soportar patas impacientes y presiones repetidas. Nuestros botones est\u00e1n dise\u00f1ados para durar.<\/li>\n<li><strong>Dise\u00f1o ergonomico<\/strong> : Adecuado para patas de todos los tama\u00f1os, desde chihuahua hasta pastor alem\u00e1n.<\/li>\n<li><strong>Facilidad de uso<\/strong> : \u00a1Asocia una acci\u00f3n con cada bot\u00f3n grabado y observa c\u00f3mo tu perro se expresa como nunca antes!<\/li>\n<\/ul>\n<h3><\/h3>\n<h3><strong>Ventajas :<\/strong><\/h3>\n<p>&nbsp;<\/p>\n<ol>\n<li><strong>Ecol\u00f3gico<\/strong> : Reduce tu huella de carbono eligiendo un modelo recargable.<\/li>\n<li><strong>Econ\u00f3mico<\/strong> : No m\u00e1s compras repetidas de bater\u00edas. \u00a1Ahorre dinero a largo plazo!<\/li>\n<li><strong>Interactividad reforzada<\/strong> : Fortalece tu v\u00ednculo con tu mascota comprendi\u00e9ndola mejor y respondiendo m\u00e1s r\u00e1pidamente a sus necesidades.<\/li>\n<\/ol>\n<blockquote><p>&nbsp;<\/p>\n<p style=\"text-align: center;\"><em>\u201cNunca pens\u00e9 que Max pudiera \u201chablar\u201d conmigo. Es fascinante ver c\u00f3mo <\/em><\/p>\n<p style=\"text-align: center;\"><em>R\u00e1pidamente entendi\u00f3 c\u00f3mo funcionaban los botones. Ahora me \u201cdice\u201d cuando tiene hambre, cuando <\/em><\/p>\n<p style=\"text-align: center;\"><em>quiere salir o simplemente cuando quiere jugar\u00bb<\/em><\/p>\n<p style=\"text-align: center;\"><strong>Estefan\u00eda<\/strong><\/p>\n<p>&nbsp;<\/p>\n<p style=\"text-align: center;\"><em>\u201cDesde que utilic\u00e9 estos botones con mi perro, nuestra comunicaci\u00f3n ha mejorado. <\/em><\/p>\n<p style=\"text-align: center;\"><em>alcanz\u00f3 un nivel completamente nuevo. Me \u201cllama\u201d para sus paseos e incluso para sus abrazos. <\/em><\/p>\n<p style=\"text-align: center;\"><em>Es conmovedor ver cu\u00e1n dispuesta est\u00e1 a expresarse y <\/em><\/p>\n<p style=\"text-align: center;\"><em>cu\u00e1nto han enriquecido estos botones nuestra vida diaria juntos\u201d<\/em><\/p>\n<p style=\"text-align: center;\"><strong>Isabel<\/strong><\/p>\n<\/blockquote>\n<h3 style=\"text-align: center;\"><strong>Ordenar hoy<\/strong> y ofrecer una nueva<\/h3>\n<h3 style=\"text-align: center;\">dimensi\u00f3n a tu relaci\u00f3n con tu fiel compa\u00f1ero!<\/h3>","protected":false},"excerpt":{"rendered":"<p>Exprimez-vous, toutou ! Permettez \u00e0 votre chien de vous dire ce qu&rsquo;il souhaite. &nbsp; Offrez une voix \u00e0 votre meilleur ami avec nos boutons de communication pour chien. Con\u00e7us sp\u00e9cialement pour permettre une interaction plus intuitive entre vous et votre animal de compagnie, ces boutons sont id\u00e9aux pour une cohabitation harmonieuse. &nbsp; Enregistrement Vocal Facile [&hellip;]<\/p>\n","protected":false},"featured_media":1287,"comment_status":"open","ping_status":"closed","template":"","meta":{"_seopress_robots_primary_cat":"none","_seopress_titles_title":"","_seopress_titles_desc":"","_seopress_robots_index":"","site-sidebar-layout":"default","site-content-layout":"default","ast-site-content-layout":"default","site-content-style":"default","site-sidebar-style":"default","ast-global-header-display":"","ast-banner-title-visibility":"","ast-main-header-display":"","ast-hfb-above-header-display":"","ast-hfb-below-header-display":"","ast-hfb-mobile-header-display":"","site-post-title":"","ast-breadcrumbs-content":"","ast-featured-img":"","footer-sml-layout":"","ast-disable-related-posts":"","theme-transparent-header-meta":"default","adv-header-id-meta":"","stick-header-meta":"default","header-above-stick-meta":"","header-main-stick-meta":"","header-below-stick-meta":"","astra-migrate-meta-layouts":"set","ast-page-background-enabled":"default","ast-page-background-meta":{"desktop":{"background-color":"","background-image":"","background-repeat":"repeat","background-position":"center center","background-size":"auto","background-attachment":"scroll","background-type":"","background-media":"","overlay-type":"","overlay-color":"","overlay-opacity":"","overlay-gradient":""},"tablet":{"background-color":"","background-image":"","background-repeat":"repeat","background-position":"center center","background-size":"auto","background-attachment":"scroll","background-type":"","background-media":"","overlay-type":"","overlay-color":"","overlay-opacity":"","overlay-gradient":""},"mobile":{"background-color":"","background-image":"","background-repeat":"repeat","background-position":"center center","background-size":"auto","background-attachment":"scroll","background-type":"","background-media":"","overlay-type":"","overlay-color":"","overlay-opacity":"","overlay-gradient":""}},"ast-content-background-meta":{"desktop":{"background-color":"var(--ast-global-color-5)","background-image":"","background-repeat":"repeat","background-position":"center center","background-size":"auto","background-attachment":"scroll","background-type":"","background-media":"","overlay-type":"","overlay-color":"","overlay-opacity":"","overlay-gradient":""},"tablet":{"background-color":"var(--ast-global-color-5)","background-image":"","background-repeat":"repeat","background-position":"center center","background-size":"auto","background-attachment":"scroll","background-type":"","background-media":"","overlay-type":"","overlay-color":"","overlay-opacity":"","overlay-gradient":""},"mobile":{"background-color":"var(--ast-global-color-5)","background-image":"","background-repeat":"repeat","background-position":"center center","background-size":"auto","background-attachment":"scroll","background-type":"","background-media":"","overlay-type":"","overlay-color":"","overlay-opacity":"","overlay-gradient":""}}},"product_brand":[],"product_cat":[83],"product_tag":[],"class_list":{"0":"post-1284","1":"product","2":"type-product","3":"status-publish","4":"has-post-thumbnail","6":"product_cat-animaux","7":"desktop-align-center","8":"tablet-align-center","9":"mobile-align-center","10":"ast-product-gallery-layout-horizontal","11":"ast-magnify-disabled","12":"ast-product-tabs-layout-horizontal","13":"ast-qv-on-image","15":"first","16":"outofstock","17":"shipping-taxable","18":"purchasable","19":"product-type-simple"},"bundled_by":[],"bundle_stock_status":"outofstock","bundle_stock_quantity":null,"bundle_virtual":false,"bundle_layout":"","bundle_add_to_cart_form_location":"","bundle_editable_in_cart":false,"bundle_sold_individually_context":"","bundle_item_grouping":"","bundle_min_size":"","bundle_max_size":"","bundle_price":[],"bundled_items":[],"bundle_sell_ids":[],"_links":{"self":[{"href":"https:\/\/buying-fever.com\/es\/wp-json\/wp\/v2\/product\/1284","targetHints":{"allow":["GET"]}}],"collection":[{"href":"https:\/\/buying-fever.com\/es\/wp-json\/wp\/v2\/product"}],"about":[{"href":"https:\/\/buying-fever.com\/es\/wp-json\/wp\/v2\/types\/product"}],"replies":[{"embeddable":true,"href":"https:\/\/buying-fever.com\/es\/wp-json\/wp\/v2\/comments?post=1284"}],"version-history":[{"count":0,"href":"https:\/\/buying-fever.com\/es\/wp-json\/wp\/v2\/product\/1284\/revisions"}],"wp:featuredmedia":[{"embeddable":true,"href":"https:\/\/buying-fever.com\/es\/wp-json\/wp\/v2\/media\/1287"}],"wp:attachment":[{"href":"https:\/\/buying-fever.com\/es\/wp-json\/wp\/v2\/media?parent=1284"}],"wp:term":[{"taxonomy":"product_brand","embeddable":true,"href":"https:\/\/buying-fever.com\/es\/wp-json\/wp\/v2\/product_brand?post=1284"},{"taxonomy":"product_cat","embeddable":true,"href":"https:\/\/buying-fever.com\/es\/wp-json\/wp\/v2\/product_cat?post=1284"},{"taxonomy":"product_tag","embeddable":true,"href":"https:\/\/buying-fever.com\/es\/wp-json\/wp\/v2\/product_tag?post=1284"}],"curies":[{"name":"wp","href":"https:\/\/api.w.org\/{rel}","templated":true}]}}