{"id":1488,"date":"2023-09-05T11:01:10","date_gmt":"2023-09-05T11:01:10","guid":{"rendered":"https:\/\/snow-alligator-195314.hostingersite.com\/?post_type=product&#038;p=1488"},"modified":"2025-06-14T00:52:38","modified_gmt":"2025-06-13T22:52:38","slug":"masseur-xtreme","status":"publish","type":"product","link":"https:\/\/buying-fever.com\/el\/product\/xtreme-\u03bc\u03b1\u03c3\u03ac\u03b6\/","title":{"rendered":"Xtreme Massager \u2013 \u039a\u03b5\u03c6\u03b1\u03bb\u03ae\u03c2 \u03ba\u03b1\u03b9 \u03a3\u03ce\u03bc\u03b1\u03c4\u03bf\u03c2"},"content":{"rendered":"<p style=\"text-align: center;\"><strong>\u0391\u03bd\u03b1\u03ba\u03b1\u03bb\u03cd\u03c8\u03c4\u03b5 \u03c4\u03bf \u03c0\u03bf\u03bb\u03c5\u03bb\u03b5\u03b9\u03c4\u03bf\u03c5\u03c1\u03b3\u03b9\u03ba\u03cc \u03b7\u03bb\u03b5\u03ba\u03c4\u03c1\u03b9\u03ba\u03cc \u03bc\u03b1\u03c3\u03ac\u03b6 \u03ba\u03b5\u03c6\u03b1\u03bb\u03b9\u03bf\u03cd \u03ba\u03b1\u03b9 \u03c3\u03ce\u03bc\u03b1\u03c4\u03bf\u03c2: \u0397 \u03cc\u03b1\u03c3\u03b7 \u03c4\u03b7\u03c2 \u03ba\u03b1\u03b8\u03b7\u03bc\u03b5\u03c1\u03b9\u03bd\u03ae\u03c2 \u03c3\u03b1\u03c2 \u03c7\u03b1\u03bb\u03ac\u03c1\u03c9\u03c3\u03b7\u03c2!<\/strong><\/p>\n<p>&nbsp;<\/p>\n<p>\u039d\u03b9\u03ce\u03b8\u03b5\u03c4\u03b5 \u03c3\u03c5\u03bd\u03b5\u03c7\u03ce\u03c2 \u03ba\u03bf\u03c5\u03c1\u03b1\u03c3\u03bc\u03ad\u03bd\u03bf\u03b9; \u0395\u03af\u03bd\u03b1\u03b9 \u03c4\u03b5\u03bd\u03c4\u03c9\u03bc\u03ad\u03bd\u03bf\u03c2 \u03bf \u03bb\u03b1\u03b9\u03bc\u03cc\u03c2 \u03c3\u03bf\u03c5 \u03ba\u03b1\u03b9 \u03bf\u03b9 \u03ce\u03bc\u03bf\u03b9 \u03c3\u03bf\u03c5 \u03b2\u03b1\u03c1\u03b5\u03af\u03c2 \u03c3\u03b1\u03bd \u03bd\u03b1 \u03ba\u03bf\u03c5\u03b2\u03b1\u03bb\u03ac\u03c2 \u03c4\u03bf \u03b2\u03ac\u03c1\u03bf\u03c2 \u03c4\u03bf\u03c5 \u03ba\u03cc\u03c3\u03bc\u03bf\u03c5;<\/p>\n<p>\u03a6\u03b1\u03bd\u03c4\u03b1\u03c3\u03c4\u03b5\u03af\u03c4\u03b5 \u03b3\u03b9\u03b1 \u03bc\u03b9\u03b1 \u03c3\u03c4\u03b9\u03b3\u03bc\u03ae \u03bd\u03b1 \u03bc\u03c0\u03bf\u03c1\u03ad\u03c3\u03b5\u03c4\u03b5 <strong>\u03b1\u03c0\u03b5\u03bb\u03b5\u03c5\u03b8\u03b5\u03c1\u03ce\u03c3\u03c4\u03b5 \u03cc\u03bb\u03b7 \u03b1\u03c5\u03c4\u03ae \u03c4\u03b7\u03bd \u03ad\u03bd\u03c4\u03b1\u03c3\u03b7<\/strong> \u03c3\u03b5 \u03bb\u03af\u03b3\u03b1 \u03bb\u03b5\u03c0\u03c4\u03ac, <strong>\u03cc\u03c0\u03bf\u03c5 \u03ba\u03b9 \u03b1\u03bd \u03b5\u03af\u03c3\u03b1\u03b9 \u03ba\u03b1\u03b9 \u03cc\u03c0\u03bf\u03c4\u03b5 \u03b8\u03ad\u03bb\u03b5\u03b9\u03c2<\/strong>. \u0394\u03b5\u03bd \u03b5\u03af\u03bd\u03b1\u03b9 \u03cc\u03bd\u03b5\u03b9\u03c1\u03bf, \u03b5\u03af\u03bd\u03b1\u03b9 \u03b7 \u03c0\u03c1\u03b1\u03b3\u03bc\u03b1\u03c4\u03b9\u03ba\u03cc\u03c4\u03b7\u03c4\u03b1 \u03c0\u03bf\u03c5 \u03c3\u03b1\u03c2 \u03c0\u03c1\u03bf\u03c3\u03c6\u03ad\u03c1\u03b5\u03b9 \u03bf Xtreme Masseur \u03bc\u03b1\u03c2!<\/p>\n<p>&nbsp;<\/p>\n<h2><img decoding=\"async\" class=\"detail-desc-decorate-image aligncenter\" src=\"https:\/\/ae01.alicdn.com\/kf\/S14eb127e1de1471ba69b882eb72416dai.jpg\" \/><\/h2>\n<h2><\/h2>\n<h2><strong>\u0392\u03b1\u03c3\u03b9\u03ba\u03ac \u03c3\u03b7\u03bc\u03b5\u03af\u03b1<\/strong><\/h2>\n<p>&nbsp;<\/p>\n<p>\ud83d\udc4c <strong>\u03a0\u03bf\u03bb\u03c5\u03bb\u03b5\u03b9\u03c4\u03bf\u03c5\u03c1\u03b3\u03b9\u03ba\u03cc \u03cc\u03c0\u03c9\u03c2 \u03b8\u03ad\u03bb\u03b5\u03c4\u03b5:<\/strong> \u0394\u03b5\u03bd \u03c0\u03b5\u03c1\u03b9\u03bf\u03c1\u03af\u03b6\u03b5\u03c4\u03b1\u03b9 \u03c3\u03c4\u03bf \u03c4\u03c1\u03b9\u03c7\u03c9\u03c4\u03cc \u03c4\u03b7\u03c2 \u03ba\u03b5\u03c6\u03b1\u03bb\u03ae\u03c2 \u03c3\u03b1\u03c2! \u039c\u03c0\u03bf\u03c1\u03b5\u03af\u03c4\u03b5 \u03b5\u03c0\u03af\u03c3\u03b7\u03c2 \u03bd\u03b1 \u03c4\u03bf \u03c7\u03c1\u03b7\u03c3\u03b9\u03bc\u03bf\u03c0\u03bf\u03b9\u03ae\u03c3\u03b5\u03c4\u03b5 \u03b3\u03b9\u03b1 \u03bd\u03b1 \u03ba\u03ac\u03bd\u03b5\u03c4\u03b5 \u03bc\u03b1\u03c3\u03ac\u03b6 \u03c3\u03c4\u03bf\u03c5\u03c2 \u03ce\u03bc\u03bf\u03c5\u03c2, \u03c4\u03bf \u03bb\u03b1\u03b9\u03bc\u03cc, \u03c4\u03b7\u03bd \u03c0\u03bb\u03ac\u03c4\u03b7, \u03c4\u03b1 \u03c7\u03ad\u03c1\u03b9\u03b1, \u03c4\u03b1 \u03c0\u03cc\u03b4\u03b9\u03b1 \u03b1\u03ba\u03cc\u03bc\u03b1 \u03ba\u03b1\u03b9 \u03c4\u03b7 \u03bc\u03ad\u03c3\u03b7 \u03c3\u03b1\u03c2. \u0391, \u03ba\u03b1\u03b9 \u03b1\u03c2 \u03bc\u03b7\u03bd \u03be\u03b5\u03c7\u03bd\u03ac\u03bc\u03b5 \u03c4\u03b7 \u03b3\u03ac\u03c4\u03b1 \u03c3\u03b1\u03c2!<\/p>\n<p>\ud83e\udd16 <strong>\u03a0\u03c1\u03bf\u03b7\u03b3\u03bc\u03ad\u03bd\u03b7 \u03c4\u03b5\u03c7\u03bd\u03bf\u03bb\u03bf\u03b3\u03af\u03b1 \u03c0\u03c1\u03bf\u03c3\u03bf\u03bc\u03bf\u03af\u03c9\u03c3\u03b7\u03c2:<\/strong> \u03a7\u03ac\u03c1\u03b7 \u03c3\u03c4\u03b7 \u03b4\u03cc\u03bd\u03b7\u03c3\u03b7 \u03c5\u03c8\u03b7\u03bb\u03ae\u03c2 \u03c3\u03c5\u03c7\u03bd\u03cc\u03c4\u03b7\u03c4\u03b1\u03c2 \u03ba\u03b1\u03b9 \u03c4\u03b7 \u03bb\u03b5\u03c0\u03c4\u03ae \u03b4\u03b9\u03b1\u03ba\u03cd\u03bc\u03b1\u03bd\u03c3\u03b7 \u03c4\u03b7\u03c2 \u03ad\u03bd\u03c4\u03b1\u03c3\u03b7\u03c2, \u03c7\u03b1\u03bb\u03b1\u03c1\u03ce\u03c3\u03c4\u03b5, \u03be\u03b5\u03c7\u03ac\u03c3\u03c4\u03b5 \u03c4\u03b7\u03bd \u03ba\u03bf\u03cd\u03c1\u03b1\u03c3\u03b7 \u03ba\u03b1\u03b9 \u03c0\u03b5\u03af\u03c4\u03b5 \u03b3\u03b5\u03b9\u03b1 \u03c3\u03b5 \u03bc\u03b9\u03b1 \u03ba\u03b1\u03bb\u03cd\u03c4\u03b5\u03c1\u03b7 \u03c0\u03bf\u03b9\u03cc\u03c4\u03b7\u03c4\u03b1 \u03cd\u03c0\u03bd\u03bf\u03c5.<\/p>\n<p>\ud83d\udd04 <strong>6 \u03a4\u03b5\u03c7\u03bd\u03b9\u03ba\u03ad\u03c2 \u03ba\u03b1\u03b9 3 \u03bb\u03b5\u03b9\u03c4\u03bf\u03c5\u03c1\u03b3\u03af\u03b5\u03c2 \u03bc\u03b1\u03c3\u03ac\u03b6:<\/strong> \u0395\u03c0\u03b9\u03bb\u03ad\u03be\u03c4\u03b5 \u03b1\u03bd\u03ac\u03bc\u03b5\u03c3\u03b1 \u03c3\u03b5 \u03ba\u03c1\u03ac\u03c4\u03b7\u03bc\u03b1 \u03ba\u03b1\u03b9 \u03b6\u03cd\u03bc\u03c9\u03bc\u03b1 \u03c7\u03b1\u03bc\u03b7\u03bb\u03ae\u03c2 \u03c4\u03b1\u03c7\u03cd\u03c4\u03b7\u03c4\u03b1\u03c2, \u03bc\u03b1\u03c3\u03ac\u03b6 \u03bc\u03b5\u03c3\u03b1\u03af\u03b1\u03c2 \u03c4\u03b1\u03c7\u03cd\u03c4\u03b7\u03c4\u03b1\u03c2 \u03ae \u03ba\u03c1\u03ac\u03c4\u03b7\u03bc\u03b1 \u03ba\u03b1\u03b9 \u03b6\u03cd\u03bc\u03c9\u03bc\u03b1 \u03c3\u03b5 \u03c5\u03c8\u03b7\u03bb\u03ae \u03c4\u03b1\u03c7\u03cd\u03c4\u03b7\u03c4\u03b1. \u039c\u03b9\u03b1 \u03bb\u03cd\u03c3\u03b7 \u03b3\u03b9\u03b1 \u03cc\u03bb\u03bf\u03c5\u03c2!<\/p>\n<p>\ud83d\udca6 <strong>IPX7 \u0391\u03b4\u03b9\u03ac\u03b2\u03c1\u03bf\u03c7\u03bf:<\/strong> \u039a\u03ac\u03bd\u03c4\u03b5 \u03ad\u03bd\u03b1 \u03c7\u03b1\u03bb\u03b1\u03c1\u03c9\u03c4\u03b9\u03ba\u03cc \u03bc\u03c0\u03ac\u03bd\u03b9\u03bf \u03b1\u03c0\u03bf\u03bb\u03b1\u03bc\u03b2\u03ac\u03bd\u03bf\u03bd\u03c4\u03b1\u03c2 \u03ad\u03bd\u03b1 \u03b5\u03be\u03b1\u03b9\u03c1\u03b5\u03c4\u03b9\u03ba\u03cc \u03bc\u03b1\u03c3\u03ac\u03b6 \u03ba\u03b5\u03c6\u03b1\u03bb\u03ae\u03c2.<\/p>\n<p>\ud83c\udf40 <strong>\u03a5\u03bb\u03b9\u03ba\u03ac \u03c6\u03b9\u03bb\u03b9\u03ba\u03ac \u03c0\u03c1\u03bf\u03c2 \u03c4\u03bf \u03b4\u03ad\u03c1\u03bc\u03b1:<\/strong> \u039a\u03b1\u03c4\u03b1\u03c3\u03ba\u03b5\u03c5\u03b1\u03c3\u03bc\u03ad\u03bd\u03bf \u03b1\u03c0\u03cc \u03c5\u03c8\u03b7\u03bb\u03ae\u03c2 \u03c0\u03bf\u03b9\u03cc\u03c4\u03b7\u03c4\u03b1\u03c2 \u03c3\u03b9\u03bb\u03b9\u03ba\u03cc\u03bd\u03b7, \u03b1\u03c5\u03c4\u03cc \u03c4\u03bf \u03bc\u03b1\u03c3\u03ac\u03b6 \u03c3\u03b1\u03c2 \u03c6\u03c1\u03bf\u03bd\u03c4\u03af\u03b6\u03b5\u03b9 \u03c7\u03c9\u03c1\u03af\u03c2 \u03bd\u03b1 \u03b5\u03c1\u03b5\u03b8\u03af\u03b6\u03b5\u03b9 \u03c4\u03bf \u03b4\u03ad\u03c1\u03bc\u03b1 \u03c3\u03b1\u03c2.<\/p>\n<p>\ud83d\udd0b <strong>\u0395\u03ba\u03c4\u03b5\u03c4\u03b1\u03bc\u03ad\u03bd\u03b7 \u03b1\u03c5\u03c4\u03bf\u03bd\u03bf\u03bc\u03af\u03b1:<\/strong> \u039c\u03b9\u03b1 \u03bc\u03cc\u03bd\u03bf \u03c6\u03cc\u03c1\u03c4\u03b9\u03c3\u03b7 \u03c3\u03ac\u03c2 \u03c0\u03c1\u03bf\u03c3\u03c6\u03ad\u03c1\u03b5\u03b9 \u03ad\u03c9\u03c2 \u03ba\u03b1\u03b9 24 \u03b7\u03bc\u03ad\u03c1\u03b5\u03c2 10 \u03bb\u03b5\u03c0\u03c4\u03ce\u03bd \u03ba\u03b1\u03b8\u03b7\u03bc\u03b5\u03c1\u03b9\u03bd\u03ae\u03c2 \u03c7\u03c1\u03ae\u03c3\u03b7\u03c2.<\/p>\n<p>\ud83d\udc5c <strong>\u03a3\u03c5\u03bc\u03c0\u03b1\u03b3\u03ae\u03c2 \u03bc\u03bf\u03c1\u03c6\u03ae:<\/strong> \u0395\u03cd\u03ba\u03bf\u03bb\u03bf \u03c3\u03c4\u03b7 \u03bc\u03b5\u03c4\u03b1\u03c6\u03bf\u03c1\u03ac, \u03b5\u03af\u03bd\u03b1\u03b9 \u03bf \u03b9\u03b4\u03b1\u03bd\u03b9\u03ba\u03cc\u03c2 \u03c3\u03b1\u03c2 \u03c3\u03cd\u03bd\u03c4\u03c1\u03bf\u03c6\u03bf\u03c2 \u03c3\u03c4\u03b7 \u03b4\u03bf\u03c5\u03bb\u03b5\u03b9\u03ac, \u03c3\u03c4\u03b1 \u03b5\u03c0\u03b1\u03b3\u03b3\u03b5\u03bb\u03bc\u03b1\u03c4\u03b9\u03ba\u03ac \u03c4\u03b1\u03be\u03af\u03b4\u03b9\u03b1 \u03ae \u03c3\u03c4\u03b9\u03c2 \u03b4\u03b9\u03b1\u03ba\u03bf\u03c0\u03ad\u03c2.<\/p>\n<p>&nbsp;<\/p>\n<p><img fetchpriority=\"high\" decoding=\"async\" class=\"wp-image-2215 size-full aligncenter\" src=\"https:\/\/buying-fever.com\/wp-content\/uploads\/2023\/09\/masseur-chat.gif\" alt=\"Xtreme \u03bc\u03b1\u03c3\u03ac\u03b6 \u03ba\u03b5\u03c6\u03b1\u03bb\u03b9\u03bf\u03cd \u03ba\u03b1\u03b9 \u03c3\u03ce\u03bc\u03b1\u03c4\u03bf\u03c2\" width=\"440\" height=\"580\" \/><\/p>\n<h2 style=\"text-align: center;\"><strong>\u0393\u03b9\u03b1\u03c4\u03af \u03b4\u03b5\u03bd \u03bc\u03c0\u03bf\u03c1\u03b5\u03af\u03c4\u03b5 \u03c0\u03b9\u03b1 \u03bd\u03b1 \u03ba\u03ac\u03bd\u03b5\u03c4\u03b5 \u03c7\u03c9\u03c1\u03af\u03c2 \u03c4\u03bf Xtreme Massager;<\/strong><\/h2>\n<p>&nbsp;<\/p>\n<p>\u038c\u03c4\u03b1\u03bd \u03bc\u03b9\u03bb\u03ac\u03bc\u03b5 \u03b3\u03b9\u03b1 \u03b5\u03c5\u03b7\u03bc\u03b5\u03c1\u03af\u03b1, \u03b5\u03bd\u03bd\u03bf\u03bf\u03cd\u03bc\u03b5 \u03c4\u03b9\u03c2 \u03b5\u03c0\u03b9\u03c7\u03b5\u03b9\u03c1\u03ae\u03c3\u03b5\u03b9\u03c2. <strong>\u039c\u03b5\u03c4\u03b1\u03c4\u03c1\u03ad\u03c8\u03c4\u03b5 \u03ba\u03ac\u03b8\u03b5 \u03c3\u03c4\u03b9\u03b3\u03bc\u03ae \u03c3\u03b5 \u03bc\u03b9\u03b1 \u03b1\u03be\u03ad\u03c7\u03b1\u03c3\u03c4\u03b7 \u03c3\u03c5\u03bd\u03b5\u03b4\u03c1\u03af\u03b1 \u03c7\u03b1\u03bb\u03ac\u03c1\u03c9\u03c3\u03b7\u03c2<\/strong>. \u0395\u03af\u03bd\u03b1\u03b9 \u03ba\u03ac\u03c4\u03b9 \u03c0\u03b5\u03c1\u03b9\u03c3\u03c3\u03cc\u03c4\u03b5\u03c1\u03bf \u03b1\u03c0\u03cc \u03bc\u03b9\u03b1 \u03c3\u03c5\u03c3\u03ba\u03b5\u03c5\u03ae \u03bc\u03b1\u03c3\u03ac\u03b6, \u03b5\u03af\u03bd\u03b1\u03b9 \u03ad\u03bd\u03b1 <strong>\u03c0\u03c1\u03b1\u03b3\u03bc\u03b1\u03c4\u03b9\u03ba\u03ae \u03b5\u03bc\u03c0\u03b5\u03b9\u03c1\u03af\u03b1 \u03c5\u03b3\u03b5\u03af\u03b1\u03c2 \u03ba\u03b1\u03b9 \u03b5\u03c5\u03b5\u03be\u03af\u03b1\u03c2 \u03c3\u03c4\u03b1 \u03c7\u03ad\u03c1\u03b9\u03b1 \u03c3\u03b1\u03c2<\/strong>.<\/p>\n<p>&nbsp;<\/p>\n<p><img decoding=\"async\" class=\"detail-desc-decorate-image aligncenter\" src=\"https:\/\/ae01.alicdn.com\/kf\/S613367f448474eceb14db54410d8ff7fL.jpg\" width=\"750\" height=\"750\" \/><\/p>\n<p><span style=\"font-family: OpenSans; font-size: 20px; font-weight: 900;\">\u03a7\u03b1\u03c1\u03b1\u03ba\u03c4\u03b7\u03c1\u03b9\u03c3\u03c4\u03b9\u03ba\u03ac :<\/span><\/p>\n<div class=\"detailmodule_html\">\n<div class=\"detail-desc-decorate-richtext\">\n<div class=\"detailmodule_text\">\n<p>\u03a5\u03bb\u03b9\u03ba\u03cc: ABS+PC<br \/>\n\u03ac\u03c3\u03c0\u03c1\u03bf \u03c7\u03c1\u03ce\u03bc\u03b1<br \/>\n\u039c\u03ad\u03b3\u03b5\u03b8\u03bf\u03c2: 10<em>7<\/em>9 \u03b5\u03ba<br \/>\n\u03a7\u03c9\u03c1\u03b7\u03c4\u03b9\u03ba\u03cc\u03c4\u03b7\u03c4\u03b1 \u03bc\u03c0\u03b1\u03c4\u03b1\u03c1\u03af\u03b1\u03c2: 1100 mAh<br \/>\n\u0399\u03c3\u03c7\u03cd\u03c2 \u03c0\u03c1\u03bf\u03ca\u03cc\u03bd\u03c4\u03bf\u03c2: 5W<br \/>\n\u03a4\u03ac\u03c3\u03b7 \u03c6\u03cc\u03c1\u03c4\u03b9\u03c3\u03b7\u03c2: 5V<br \/>\n\u03a1\u03b5\u03cd\u03bc\u03b1 \u03c6\u03cc\u03c1\u03c4\u03b9\u03c3\u03b7\u03c2: 1A<\/p>\n<hr \/>\n<p>\u039b\u03af\u03c3\u03c4\u03b1 \u03c4\u03c9\u03bd \u03b5\u03b9\u03b4\u03ce\u03bd \u03c0\u03bf\u03c5 \u03c0\u03b5\u03c1\u03b9\u03bb\u03b1\u03bc\u03b2\u03ac\u03bd\u03bf\u03bd\u03c4\u03b1\u03b9:<\/p>\n<p>1* Xtreme Massager<br \/>\n1* \u039a\u03b1\u03bb\u03ce\u03b4\u03b9\u03bf \u03c6\u03cc\u03c1\u03c4\u03b9\u03c3\u03b7\u03c2 USB<br \/>\n1* \u0395\u03b3\u03c7\u03b5\u03b9\u03c1\u03af\u03b4\u03b9\u03bf \u03c7\u03c1\u03ae\u03c3\u03c4\u03b7<\/p>\n<\/div>\n<div class=\"detailmodule_image\"><\/div>\n<\/div>\n<\/div>","protected":false},"excerpt":{"rendered":"<p>D\u00e9couvrez le Masseur Multifonction \u00c9lectrique pour T\u00eate et Corps : Votre Oasis de Relaxation Quotidienne ! &nbsp; Vous sentez-vous constamment fatigu\u00e9 ? Votre nuque est-elle tendue et vos \u00e9paules sont-elles lourdes comme si vous portiez le poids du monde ? Imaginez un instant pouvoir rel\u00e2cher toute cette tension en quelques minutes, o\u00f9 que vous soyez [&hellip;]<\/p>\n","protected":false},"featured_media":1482,"comment_status":"open","ping_status":"closed","template":"","meta":{"_seopress_robots_primary_cat":"none","_seopress_titles_title":"","_seopress_titles_desc":"","_seopress_robots_index":"","site-sidebar-layout":"default","site-content-layout":"","ast-site-content-layout":"default","site-content-style":"default","site-sidebar-style":"default","ast-global-header-display":"","ast-banner-title-visibility":"","ast-main-header-display":"","ast-hfb-above-header-display":"","ast-hfb-below-header-display":"","ast-hfb-mobile-header-display":"","site-post-title":"","ast-breadcrumbs-content":"","ast-featured-img":"","footer-sml-layout":"","ast-disable-related-posts":"","theme-transparent-header-meta":"default","adv-header-id-meta":"","stick-header-meta":"default","header-above-stick-meta":"","header-main-stick-meta":"","header-below-stick-meta":"","astra-migrate-meta-layouts":"set","ast-page-background-enabled":"default","ast-page-background-meta":{"desktop":{"background-color":"","background-image":"","background-repeat":"repeat","background-position":"center center","background-size":"auto","background-attachment":"scroll","background-type":"","background-media":"","overlay-type":"","overlay-color":"","overlay-opacity":"","overlay-gradient":""},"tablet":{"background-color":"","background-image":"","background-repeat":"repeat","background-position":"center center","background-size":"auto","background-attachment":"scroll","background-type":"","background-media":"","overlay-type":"","overlay-color":"","overlay-opacity":"","overlay-gradient":""},"mobile":{"background-color":"","background-image":"","background-repeat":"repeat","background-position":"center center","background-size":"auto","background-attachment":"scroll","background-type":"","background-media":"","overlay-type":"","overlay-color":"","overlay-opacity":"","overlay-gradient":""}},"ast-content-background-meta":{"desktop":{"background-color":"var(--ast-global-color-5)","background-image":"","background-repeat":"repeat","background-position":"center center","background-size":"auto","background-attachment":"scroll","background-type":"","background-media":"","overlay-type":"","overlay-color":"","overlay-opacity":"","overlay-gradient":""},"tablet":{"background-color":"var(--ast-global-color-5)","background-image":"","background-repeat":"repeat","background-position":"center center","background-size":"auto","background-attachment":"scroll","background-type":"","background-media":"","overlay-type":"","overlay-color":"","overlay-opacity":"","overlay-gradient":""},"mobile":{"background-color":"var(--ast-global-color-5)","background-image":"","background-repeat":"repeat","background-position":"center center","background-size":"auto","background-attachment":"scroll","background-type":"","background-media":"","overlay-type":"","overlay-color":"","overlay-opacity":"","overlay-gradient":""}}},"product_brand":[],"product_cat":[83,82],"product_tag":[],"class_list":{"0":"post-1488","1":"product","2":"type-product","3":"status-publish","4":"has-post-thumbnail","6":"product_cat-animaux","7":"product_cat-electronique","8":"desktop-align-center","9":"tablet-align-center","10":"mobile-align-center","11":"ast-product-gallery-layout-horizontal","12":"ast-magnify-disabled","13":"ast-product-tabs-layout-horizontal","14":"ast-qv-on-image","16":"first","17":"instock","18":"shipping-taxable","19":"purchasable","20":"product-type-simple"},"bundled_by":[],"bundle_stock_status":"instock","bundle_stock_quantity":null,"bundle_virtual":false,"bundle_layout":"","bundle_add_to_cart_form_location":"","bundle_editable_in_cart":false,"bundle_sold_individually_context":"","bundle_item_grouping":"","bundle_min_size":"","bundle_max_size":"","bundle_price":[],"bundled_items":[],"bundle_sell_ids":[],"_links":{"self":[{"href":"https:\/\/buying-fever.com\/el\/wp-json\/wp\/v2\/product\/1488","targetHints":{"allow":["GET"]}}],"collection":[{"href":"https:\/\/buying-fever.com\/el\/wp-json\/wp\/v2\/product"}],"about":[{"href":"https:\/\/buying-fever.com\/el\/wp-json\/wp\/v2\/types\/product"}],"replies":[{"embeddable":true,"href":"https:\/\/buying-fever.com\/el\/wp-json\/wp\/v2\/comments?post=1488"}],"version-history":[{"count":0,"href":"https:\/\/buying-fever.com\/el\/wp-json\/wp\/v2\/product\/1488\/revisions"}],"wp:featuredmedia":[{"embeddable":true,"href":"https:\/\/buying-fever.com\/el\/wp-json\/wp\/v2\/media\/1482"}],"wp:attachment":[{"href":"https:\/\/buying-fever.com\/el\/wp-json\/wp\/v2\/media?parent=1488"}],"wp:term":[{"taxonomy":"product_brand","embeddable":true,"href":"https:\/\/buying-fever.com\/el\/wp-json\/wp\/v2\/product_brand?post=1488"},{"taxonomy":"product_cat","embeddable":true,"href":"https:\/\/buying-fever.com\/el\/wp-json\/wp\/v2\/product_cat?post=1488"},{"taxonomy":"product_tag","embeddable":true,"href":"https:\/\/buying-fever.com\/el\/wp-json\/wp\/v2\/product_tag?post=1488"}],"curies":[{"name":"wp","href":"https:\/\/api.w.org\/{rel}","templated":true}]}}