{"id":1285,"date":"2023-08-20T21:19:44","date_gmt":"2023-08-20T21:19:44","guid":{"rendered":"https:\/\/snow-alligator-195314.hostingersite.com\/?post_type=product&#038;p=1285"},"modified":"2025-06-14T00:52:39","modified_gmt":"2025-06-13T22:52:39","slug":"kit-dapprentissage-wc-pour-chat","status":"publish","type":"product","link":"https:\/\/buying-fever.com\/el\/product\/\u03ba\u03b9\u03c4-\u03b5\u03ba\u03c0\u03b1\u03af\u03b4\u03b5\u03c5\u03c3\u03b7\u03c2-\u03c4\u03bf\u03c5\u03b1\u03bb\u03ad\u03c4\u03b1\u03c2-\u03b3\u03b9\u03b1-\u03b3\u03ac\u03c4\u03b5\u03c2\/","title":{"rendered":"\u039a\u03b9\u03c4 \u03b5\u03ba\u03c0\u03b1\u03af\u03b4\u03b5\u03c5\u03c3\u03b7\u03c2 \u03c4\u03bf\u03c5\u03b1\u03bb\u03ad\u03c4\u03b1\u03c2 \u03b3\u03b9\u03b1 \u03b3\u03ac\u03c4\u03b5\u03c2"},"content":{"rendered":"<h2 style=\"text-align: center;\">\u03a4\u03ad\u03c1\u03bc\u03b1 \u03bf\u03b9 \u03b4\u03bf\u03c5\u03bb\u03b5\u03b9\u03ad\u03c2 \u03c4\u03bf\u03c5 \u03ba\u03bf\u03c5\u03c4\u03b9\u03bf\u03cd \u03b1\u03c0\u03bf\u03c1\u03c1\u03b9\u03bc\u03bc\u03ac\u03c4\u03c9\u03bd \u03ba\u03b1\u03b9 \u03bf\u03b9 \u03ac\u03c3\u03c7\u03b7\u03bc\u03b5\u03c2 \u03bc\u03c5\u03c1\u03c9\u03b4\u03b9\u03ad\u03c2.<\/h2>\n<p>&nbsp;<\/p>\n<p>\u039c\u03ac\u03b8\u03b5\u03c4\u03b5 \u03c3\u03c4\u03b7 \u03b3\u03ac\u03c4\u03b1 \u03c3\u03b1\u03c2 \u03bd\u03b1 \u03c7\u03c1\u03b7\u03c3\u03b9\u03bc\u03bf\u03c0\u03bf\u03b9\u03b5\u03af \u03c4\u03b7\u03bd \u03c4\u03bf\u03c5\u03b1\u03bb\u03ad\u03c4\u03b1 \u03b1\u03bd\u03b5\u03be\u03ac\u03c1\u03c4\u03b7\u03c4\u03b1 \u03c3\u03b5 \u03bc\u03cc\u03bb\u03b9\u03c2 10 \u03b7\u03bc\u03ad\u03c1\u03b5\u03c2!<\/p>\n<p>&nbsp;<\/p>\n<h3>\u039c\u03cc\u03bd\u03bf \u03c0\u03bb\u03b5\u03bf\u03bd\u03b5\u03ba\u03c4\u03ae\u03bc\u03b1\u03c4\u03b1:<\/h3>\n<ul>\n<li><strong>\u0393\u03c1\u03ae\u03b3\u03bf\u03c1\u03b7 \u03bc\u03ac\u03b8\u03b7\u03c3\u03b7<\/strong> : 10 \u03b7\u03bc\u03ad\u03c1\u03b5\u03c2 \u03ba\u03b1\u03c4\u03ac \u03bc\u03ad\u03c3\u03bf \u03cc\u03c1\u03bf (\u03bc\u03c0\u03bf\u03c1\u03b5\u03af \u03bd\u03b1 \u03b4\u03b9\u03b1\u03c6\u03ad\u03c1\u03b5\u03b9 \u03b1\u03bd\u03ac\u03bb\u03bf\u03b3\u03b1 \u03bc\u03b5 \u03c4\u03b9\u03c2 \u03c3\u03c5\u03bd\u03ae\u03b8\u03b5\u03b9\u03b5\u03c2 \u03ba\u03b1\u03b9 \u03c4\u03bf\u03bd \u03c7\u03b1\u03c1\u03b1\u03ba\u03c4\u03ae\u03c1\u03b1 \u03c4\u03b7\u03c2 \u03b3\u03ac\u03c4\u03b1\u03c2).<\/li>\n<li><strong>\u039f\u03b9\u03ba\u03bf\u03bd\u03bf\u03bc\u03b9\u03ba\u03cc\u03c2<\/strong> : \u039c\u03b5\u03b9\u03ce\u03c3\u03c4\u03b5 \u03c3\u03b7\u03bc\u03b1\u03bd\u03c4\u03b9\u03ba\u03ac \u03c4\u03bf \u03ba\u03cc\u03c3\u03c4\u03bf\u03c2 \u03c4\u03c9\u03bd \u03b1\u03c0\u03bf\u03c1\u03c1\u03b9\u03bc\u03bc\u03ac\u03c4\u03c9\u03bd \u03c3\u03b1\u03c2.<\/li>\n<li><strong>\u03a5\u03b3\u03b9\u03b5\u03b9\u03bd\u03cc\u03c2<\/strong> : \u03a0\u03b5\u03af\u03c4\u03b5 \u03b1\u03bd\u03c4\u03af\u03bf \u03c3\u03c4\u03b9\u03c2 \u03ac\u03c3\u03c7\u03b7\u03bc\u03b5\u03c2 \u03bc\u03c5\u03c1\u03c9\u03b4\u03b9\u03ad\u03c2 \u03ba\u03b1\u03b9 \u03c4\u03b1 \u03b2\u03c1\u03ce\u03bc\u03b9\u03ba\u03b1 \u03ba\u03bf\u03c5\u03c4\u03b9\u03ac \u03b1\u03c0\u03bf\u03c1\u03c1\u03b9\u03bc\u03bc\u03ac\u03c4\u03c9\u03bd.<\/li>\n<li><strong>\u03a0\u03c1\u03b1\u03ba\u03c4\u03b9\u03ba\u03cc\u03c2<\/strong> : \u0394\u03b5\u03bd \u03c7\u03c1\u03b5\u03b9\u03ac\u03b6\u03b5\u03c4\u03b1\u03b9 \u03bd\u03b1 \u03ba\u03b1\u03b8\u03b1\u03c1\u03af\u03b6\u03b5\u03c4\u03b5 \u03c4\u03bf \u03ba\u03bb\u03bf\u03c5\u03b2\u03af \u03ba\u03ac\u03b8\u03b5 \u03bc\u03ad\u03c1\u03b1.<\/li>\n<li><strong>\u0392\u03b5\u03bb\u03c4\u03b9\u03c3\u03c4\u03bf\u03c0\u03bf\u03b9\u03b7\u03bc\u03ad\u03bd\u03bf\u03c2 \u03c7\u03ce\u03c1\u03bf\u03c2<\/strong> : \u0395\u03bb\u03b5\u03c5\u03b8\u03b5\u03c1\u03ce\u03c3\u03c4\u03b5 \u03c4\u03bf\u03bd \u03c7\u03ce\u03c1\u03bf \u03c0\u03bf\u03c5 \u03c3\u03c5\u03bd\u03ae\u03b8\u03c9\u03c2 \u03c0\u03c1\u03bf\u03bf\u03c1\u03af\u03b6\u03b5\u03c4\u03b1\u03b9 \u03b3\u03b9\u03b1 \u03c4\u03bf \u03ba\u03b9\u03b2\u03ce\u03c4\u03b9\u03bf \u03b1\u03c0\u03bf\u03c1\u03c1\u03b9\u03bc\u03bc\u03ac\u03c4\u03c9\u03bd.<\/li>\n<li><strong>\u039f\u03b9\u03ba\u03bf\u03bb\u03bf\u03b3\u03b9\u03ba\u03cc\u03c2<\/strong> : \u039c\u03b5\u03b9\u03ce\u03c3\u03c4\u03b5 \u03c4\u03bf \u03bf\u03b9\u03ba\u03bf\u03bb\u03bf\u03b3\u03b9\u03ba\u03cc \u03c3\u03b1\u03c2 \u03b1\u03c0\u03bf\u03c4\u03cd\u03c0\u03c9\u03bc\u03b1 \u03bc\u03b5\u03b9\u03ce\u03bd\u03bf\u03bd\u03c4\u03b1\u03c2 \u03c4\u03b7 \u03c7\u03c1\u03ae\u03c3\u03b7 \u03b1\u03c0\u03bf\u03c1\u03c1\u03b9\u03bc\u03bc\u03ac\u03c4\u03c9\u03bd.<\/li>\n<\/ul>\n<h2><\/h2>\n<h2 style=\"text-align: center;\">\u03a4\u03b1 \u03c3\u03c4\u03ac\u03b4\u03b9\u03b1 \u03b5\u03ba\u03bc\u03ac\u03b8\u03b7\u03c3\u03b7\u03c2 \u03c4\u03b7\u03c2 \u03b3\u03ac\u03c4\u03b1\u03c2 \u03c3\u03b1\u03c2<\/h2>\n<p><img fetchpriority=\"high\" decoding=\"async\" class=\"wp-image-4823 size-full aligncenter\" src=\"https:\/\/buying-fever.com\/wp-content\/uploads\/2023\/10\/1.jpg\" alt=\"1\" width=\"801\" height=\"600\" srcset=\"https:\/\/buying-fever.com\/wp-content\/uploads\/2023\/10\/1.jpg 801w, https:\/\/buying-fever.com\/wp-content\/uploads\/2023\/10\/1-300x225.jpg 300w, https:\/\/buying-fever.com\/wp-content\/uploads\/2023\/10\/1-768x575.jpg 768w, https:\/\/buying-fever.com\/wp-content\/uploads\/2023\/10\/1-16x12.jpg 16w, https:\/\/buying-fever.com\/wp-content\/uploads\/2023\/10\/1-600x449.jpg 600w\" sizes=\"(max-width: 801px) 100vw, 801px\" \/><\/p>\n<p><img decoding=\"async\" class=\"wp-image-4824 size-full aligncenter\" src=\"https:\/\/buying-fever.com\/wp-content\/uploads\/2023\/10\/2.jpg\" alt=\"2\" width=\"801\" height=\"550\" srcset=\"https:\/\/buying-fever.com\/wp-content\/uploads\/2023\/10\/2.jpg 801w, https:\/\/buying-fever.com\/wp-content\/uploads\/2023\/10\/2-300x206.jpg 300w, https:\/\/buying-fever.com\/wp-content\/uploads\/2023\/10\/2-768x527.jpg 768w, https:\/\/buying-fever.com\/wp-content\/uploads\/2023\/10\/2-18x12.jpg 18w, https:\/\/buying-fever.com\/wp-content\/uploads\/2023\/10\/2-600x412.jpg 600w\" sizes=\"(max-width: 801px) 100vw, 801px\" \/><\/p>\n<p><img decoding=\"async\" class=\"wp-image-4825 size-full aligncenter\" src=\"https:\/\/buying-fever.com\/wp-content\/uploads\/2023\/10\/3.jpg\" alt=\"3\" width=\"801\" height=\"624\" srcset=\"https:\/\/buying-fever.com\/wp-content\/uploads\/2023\/10\/3.jpg 801w, https:\/\/buying-fever.com\/wp-content\/uploads\/2023\/10\/3-300x234.jpg 300w, https:\/\/buying-fever.com\/wp-content\/uploads\/2023\/10\/3-768x598.jpg 768w, https:\/\/buying-fever.com\/wp-content\/uploads\/2023\/10\/3-15x12.jpg 15w, https:\/\/buying-fever.com\/wp-content\/uploads\/2023\/10\/3-600x467.jpg 600w\" sizes=\"(max-width: 801px) 100vw, 801px\" \/><\/p>\n<p><img loading=\"lazy\" decoding=\"async\" class=\"wp-image-4826 size-full aligncenter\" src=\"https:\/\/buying-fever.com\/wp-content\/uploads\/2023\/10\/4.jpg\" alt=\"4\" width=\"801\" height=\"624\" srcset=\"https:\/\/buying-fever.com\/wp-content\/uploads\/2023\/10\/4.jpg 801w, https:\/\/buying-fever.com\/wp-content\/uploads\/2023\/10\/4-300x234.jpg 300w, https:\/\/buying-fever.com\/wp-content\/uploads\/2023\/10\/4-768x598.jpg 768w, https:\/\/buying-fever.com\/wp-content\/uploads\/2023\/10\/4-15x12.jpg 15w, https:\/\/buying-fever.com\/wp-content\/uploads\/2023\/10\/4-600x467.jpg 600w\" sizes=\"(max-width: 801px) 100vw, 801px\" \/><\/p>\n<p>&nbsp;<\/p>\n<blockquote>\n<p style=\"text-align: center;\"><em>\u03a3\u03b5 \u03bb\u03b9\u03b3\u03cc\u03c4\u03b5\u03c1\u03bf \u03b1\u03c0\u03cc \u03b4\u03cd\u03bf \u03b5\u03b2\u03b4\u03bf\u03bc\u03ac\u03b4\u03b5\u03c2, \u03b7 \u03b3\u03ac\u03c4\u03b1 \u03bc\u03bf\u03c5 \u03ad\u03c7\u03b5\u03b9 \u03c5\u03b9\u03bf\u03b8\u03b5\u03c4\u03ae\u03c3\u03b5\u03b9 \u03c0\u03bb\u03ae\u03c1\u03c9\u03c2 \u03c4\u03b7\u03bd \u03c4\u03bf\u03c5\u03b1\u03bb\u03ad\u03c4\u03b1. <\/em><\/p>\n<p style=\"text-align: center;\"><em>\u0391\u03bd\u03c4\u03af\u03bf \u03c3\u03c4\u03b7\u03bd \u03b1\u03b3\u03b3\u03b1\u03c1\u03b5\u03af\u03b1 \u03c4\u03c9\u03bd \u03b1\u03c0\u03bf\u03c1\u03c1\u03b9\u03bc\u03bc\u03ac\u03c4\u03c9\u03bd \u03ba\u03b1\u03b9 \u03c4\u03b9\u03c2 \u03b4\u03c5\u03c3\u03ac\u03c1\u03b5\u03c3\u03c4\u03b5\u03c2 \u03bf\u03c3\u03bc\u03ad\u03c2. \u03a4\u03bf \u03c0\u03c1\u03bf\u03c4\u03b5\u03af\u03bd\u03c9 \u03c3\u03b5 \u03cc\u03bb\u03bf\u03c5\u03c2 \u03c4\u03bf\u03c5\u03c2 \u03b9\u03b4\u03b9\u03bf\u03ba\u03c4\u03ae\u03c4\u03b5\u03c2 \u03b3\u03b1\u03c4\u03ce\u03bd. <\/em><\/p>\n<p style=\"text-align: center;\"><em>\u0395\u03af\u03bd\u03b1\u03b9 \u03bc\u03b9\u03b1 \u03bc\u03b9\u03ba\u03c1\u03ae \u03b5\u03c0\u03ad\u03bd\u03b4\u03c5\u03c3\u03b7 \u03c0\u03bf\u03c5 \u03b8\u03b1 \u03ba\u03ac\u03bd\u03b5\u03b9 \u03c4\u03b7 \u03b6\u03c9\u03ae \u03c3\u03b1\u03c2 \u03c0\u03b9\u03bf \u03b5\u03cd\u03ba\u03bf\u03bb\u03b7!<\/em><\/p>\n<p style=\"text-align: center;\"><strong>\u039f \u0395\u03c4\u03b9\u03ad\u03bd<\/strong><\/p>\n<p>&nbsp;<\/p>\n<p style=\"text-align: center;\"><em>\u0388\u03c7\u03c9 \u03b4\u03cd\u03bf \u03b3\u03ac\u03c4\u03b5\u03c2 \u03ba\u03b1\u03b9 \u03c3\u03ba\u03ad\u03c6\u03c4\u03b7\u03ba\u03b1 \u03cc\u03c4\u03b9 \u03b1\u03c5\u03c4\u03ae \u03b8\u03b1 \u03ae\u03c4\u03b1\u03bd \u03bc\u03b9\u03b1 \u03b1\u03bd\u03c5\u03c0\u03ad\u03c1\u03b2\u03bb\u03b7\u03c4\u03b7 \u03c0\u03c1\u03cc\u03ba\u03bb\u03b7\u03c3\u03b7. <\/em><\/p>\n<p style=\"text-align: center;\"><em>\u03a3\u03b5 \u03bb\u03af\u03b3\u03bf \u03c0\u03b5\u03c1\u03b9\u03c3\u03c3\u03cc\u03c4\u03b5\u03c1\u03bf \u03b1\u03c0\u03cc \u03bc\u03b9\u03b1 \u03b5\u03b2\u03b4\u03bf\u03bc\u03ac\u03b4\u03b1, \u03ba\u03b1\u03b9 \u03bf\u03b9 \u03b4\u03cd\u03bf \u03ba\u03b1\u03c4\u03ac\u03c6\u03b5\u03c1\u03b1\u03bd \u03bd\u03b1 \u03c7\u03c1\u03b7\u03c3\u03b9\u03bc\u03bf\u03c0\u03bf\u03b9\u03bf\u03cd\u03bd \u03c4\u03b7\u03bd \u03c4\u03bf\u03c5\u03b1\u03bb\u03ad\u03c4\u03b1. <\/em><\/p>\n<p style=\"text-align: center;\"><em>\u038c\u03c7\u03b9 \u03bc\u03cc\u03bd\u03bf \u03b5\u03af\u03bd\u03b1\u03b9 \u03bf\u03b9\u03ba\u03bf\u03bd\u03bf\u03bc\u03b9\u03ba\u03cc, \u03b1\u03bb\u03bb\u03ac \u03b5\u03af\u03bd\u03b1\u03b9 \u03ba\u03b1\u03b9 \u03c0\u03bf\u03bb\u03cd \u03c0\u03b9\u03bf \u03c5\u03b3\u03b9\u03b5\u03b9\u03bd\u03cc. <\/em><\/p>\n<p style=\"text-align: center;\"><em>\u0388\u03bd\u03b1 \u03bc\u03b5\u03b3\u03ac\u03bb\u03bf \u03b5\u03c5\u03c7\u03b1\u03c1\u03b9\u03c3\u03c4\u03ce \u03c3\u03b5 \u03b1\u03c5\u03c4\u03cc \u03c4\u03bf \u03ba\u03b9\u03c4 \u03b5\u03ba\u03bc\u03ac\u03b8\u03b7\u03c3\u03b7\u03c2, \u03b5\u03af\u03bd\u03b1\u03b9 \u03bc\u03b9\u03b1 \u03c0\u03c1\u03b1\u03b3\u03bc\u03b1\u03c4\u03b9\u03ba\u03ae \u03ba\u03b1\u03b9\u03bd\u03bf\u03c4\u03bf\u03bc\u03af\u03b1.<\/em><\/p>\n<p style=\"text-align: center;\"><strong>\u039b\u03b1\u03bf\u03cd\u03c1\u03b1<\/strong><\/p>\n<\/blockquote>\n<p>\u0394\u03ce\u03c3\u03c4\u03b5 \u03c3\u03c4\u03b7 \u03b3\u03ac\u03c4\u03b1 \u03c3\u03b1\u03c2 \u03b5\u03ba\u03c0\u03bb\u03b7\u03ba\u03c4\u03b9\u03ba\u03ae \u03b1\u03c5\u03c4\u03bf\u03bd\u03bf\u03bc\u03af\u03b1 \u03b1\u03c0\u03bb\u03bf\u03c0\u03bf\u03b9\u03ce\u03bd\u03c4\u03b1\u03c2 \u03c4\u03b7\u03bd \u03ba\u03b1\u03b8\u03b7\u03bc\u03b5\u03c1\u03b9\u03bd\u03cc\u03c4\u03b7\u03c4\u03ac \u03c3\u03b1\u03c2 \u03bc\u03b5 \u03c4\u03bf \u03b4\u03b9\u03ba\u03cc \u03bc\u03b1\u03c2 <strong>\u039a\u03b9\u03c4 \u03b5\u03ba\u03bc\u03ac\u03b8\u03b7\u03c3\u03b7\u03c2 \u03b3\u03ac\u03c4\u03b1\u03c2<\/strong>.<\/p>\n<h3><\/h3>\n<h3 style=\"text-align: center;\">\u03a0\u03b1\u03c1\u03b1\u03b3\u03b3\u03b5\u03af\u03bb\u03b5\u03c4\u03b5 \u03c4\u03bf \u03b4\u03b9\u03ba\u03cc \u03c3\u03b1\u03c2 \u03c3\u03ae\u03bc\u03b5\u03c1\u03b1 \u03ba\u03b1\u03b9 \u03b6\u03ae\u03c3\u03c4\u03b5 \u03c4\u03bf<\/h3>\n<h3 style=\"text-align: center;\">\u03ad\u03bd\u03b1 \u03ba\u03b1\u03b8\u03b1\u03c1\u03cc\u03c4\u03b5\u03c1\u03bf \u03c3\u03c0\u03af\u03c4\u03b9 \u03c7\u03c9\u03c1\u03af\u03c2 \u03bc\u03c5\u03c1\u03c9\u03b4\u03b9\u03ad\u03c2.<\/h3>","protected":false},"excerpt":{"rendered":"<p>Fini les corv\u00e9es de liti\u00e8res et les mauvaises odeurs. &nbsp; Apprenez \u00e0 votre chat \u00e0 utiliser les toilettes de mani\u00e8re autonome en seulement 10 jours ! &nbsp; Que des avantages : Apprentissage rapide : 10 jours en moyenne (peut varier selon les habitudes et le caract\u00e8re du chat). Economique : R\u00e9duisez consid\u00e9rablement vos d\u00e9penses en [&hellip;]<\/p>\n","protected":false},"featured_media":1289,"comment_status":"open","ping_status":"closed","template":"","meta":{"_seopress_robots_primary_cat":"none","_seopress_titles_title":"","_seopress_titles_desc":"","_seopress_robots_index":"","site-sidebar-layout":"default","site-content-layout":"default","ast-site-content-layout":"default","site-content-style":"default","site-sidebar-style":"default","ast-global-header-display":"","ast-banner-title-visibility":"","ast-main-header-display":"","ast-hfb-above-header-display":"","ast-hfb-below-header-display":"","ast-hfb-mobile-header-display":"","site-post-title":"","ast-breadcrumbs-content":"","ast-featured-img":"","footer-sml-layout":"","ast-disable-related-posts":"","theme-transparent-header-meta":"default","adv-header-id-meta":"","stick-header-meta":"default","header-above-stick-meta":"","header-main-stick-meta":"","header-below-stick-meta":"","astra-migrate-meta-layouts":"set","ast-page-background-enabled":"default","ast-page-background-meta":{"desktop":{"background-color":"","background-image":"","background-repeat":"repeat","background-position":"center center","background-size":"auto","background-attachment":"scroll","background-type":"","background-media":"","overlay-type":"","overlay-color":"","overlay-opacity":"","overlay-gradient":""},"tablet":{"background-color":"","background-image":"","background-repeat":"repeat","background-position":"center center","background-size":"auto","background-attachment":"scroll","background-type":"","background-media":"","overlay-type":"","overlay-color":"","overlay-opacity":"","overlay-gradient":""},"mobile":{"background-color":"","background-image":"","background-repeat":"repeat","background-position":"center center","background-size":"auto","background-attachment":"scroll","background-type":"","background-media":"","overlay-type":"","overlay-color":"","overlay-opacity":"","overlay-gradient":""}},"ast-content-background-meta":{"desktop":{"background-color":"var(--ast-global-color-5)","background-image":"","background-repeat":"repeat","background-position":"center center","background-size":"auto","background-attachment":"scroll","background-type":"","background-media":"","overlay-type":"","overlay-color":"","overlay-opacity":"","overlay-gradient":""},"tablet":{"background-color":"var(--ast-global-color-5)","background-image":"","background-repeat":"repeat","background-position":"center center","background-size":"auto","background-attachment":"scroll","background-type":"","background-media":"","overlay-type":"","overlay-color":"","overlay-opacity":"","overlay-gradient":""},"mobile":{"background-color":"var(--ast-global-color-5)","background-image":"","background-repeat":"repeat","background-position":"center center","background-size":"auto","background-attachment":"scroll","background-type":"","background-media":"","overlay-type":"","overlay-color":"","overlay-opacity":"","overlay-gradient":""}}},"product_brand":[],"product_cat":[83],"product_tag":[],"class_list":{"0":"post-1285","1":"product","2":"type-product","3":"status-publish","4":"has-post-thumbnail","6":"product_cat-animaux","7":"desktop-align-center","8":"tablet-align-center","9":"mobile-align-center","10":"ast-product-gallery-layout-horizontal","11":"ast-magnify-disabled","12":"ast-product-tabs-layout-horizontal","13":"ast-qv-on-image","15":"first","16":"instock","17":"shipping-taxable","18":"purchasable","19":"product-type-simple"},"bundled_by":[],"bundle_stock_status":"instock","bundle_stock_quantity":null,"bundle_virtual":false,"bundle_layout":"","bundle_add_to_cart_form_location":"","bundle_editable_in_cart":false,"bundle_sold_individually_context":"","bundle_item_grouping":"","bundle_min_size":"","bundle_max_size":"","bundle_price":[],"bundled_items":[],"bundle_sell_ids":[],"_links":{"self":[{"href":"https:\/\/buying-fever.com\/el\/wp-json\/wp\/v2\/product\/1285","targetHints":{"allow":["GET"]}}],"collection":[{"href":"https:\/\/buying-fever.com\/el\/wp-json\/wp\/v2\/product"}],"about":[{"href":"https:\/\/buying-fever.com\/el\/wp-json\/wp\/v2\/types\/product"}],"replies":[{"embeddable":true,"href":"https:\/\/buying-fever.com\/el\/wp-json\/wp\/v2\/comments?post=1285"}],"version-history":[{"count":0,"href":"https:\/\/buying-fever.com\/el\/wp-json\/wp\/v2\/product\/1285\/revisions"}],"wp:featuredmedia":[{"embeddable":true,"href":"https:\/\/buying-fever.com\/el\/wp-json\/wp\/v2\/media\/1289"}],"wp:attachment":[{"href":"https:\/\/buying-fever.com\/el\/wp-json\/wp\/v2\/media?parent=1285"}],"wp:term":[{"taxonomy":"product_brand","embeddable":true,"href":"https:\/\/buying-fever.com\/el\/wp-json\/wp\/v2\/product_brand?post=1285"},{"taxonomy":"product_cat","embeddable":true,"href":"https:\/\/buying-fever.com\/el\/wp-json\/wp\/v2\/product_cat?post=1285"},{"taxonomy":"product_tag","embeddable":true,"href":"https:\/\/buying-fever.com\/el\/wp-json\/wp\/v2\/product_tag?post=1285"}],"curies":[{"name":"wp","href":"https:\/\/api.w.org\/{rel}","templated":true}]}}