{"id":1284,"date":"2023-08-20T21:19:44","date_gmt":"2023-08-20T21:19:44","guid":{"rendered":"https:\/\/snow-alligator-195314.hostingersite.com\/?post_type=product&#038;p=1284"},"modified":"2025-06-14T00:52:39","modified_gmt":"2025-06-13T22:52:39","slug":"boutons-de-communication-pour-chien","status":"publish","type":"product","link":"https:\/\/buying-fever.com\/el\/product\/\u03ba\u03bf\u03c5\u03bc\u03c0\u03b9\u03ac-\u03b5\u03c0\u03b9\u03ba\u03bf\u03b9\u03bd\u03c9\u03bd\u03af\u03b1\u03c2-\u03b3\u03b9\u03b1-\u03c3\u03ba\u03cd\u03bb\u03bf\u03c5\u03c2\/","title":{"rendered":"\u039a\u03bf\u03c5\u03bc\u03c0\u03b9\u03ac \u03b5\u03c0\u03b9\u03ba\u03bf\u03b9\u03bd\u03c9\u03bd\u03af\u03b1\u03c2 \u03c3\u03ba\u03cd\u03bb\u03c9\u03bd"},"content":{"rendered":"<h2 style=\"text-align: center;\">\u0395\u03ba\u03c6\u03c1\u03ac\u03c3\u03bf\u03c5, \u03c3\u03ba\u03c5\u03bb\u03ac\u03ba\u03b9!<\/h2>\n<h2 style=\"text-align: center;\">\u0391\u03c6\u03ae\u03c3\u03c4\u03b5 \u03c4\u03bf\u03bd \u03c3\u03ba\u03cd\u03bb\u03bf \u03c3\u03b1\u03c2 \u03bd\u03b1 \u03c3\u03b1\u03c2 \u03c0\u03b5\u03b9 \u03c4\u03b9 \u03b8\u03ad\u03bb\u03b5\u03b9.<\/h2>\n<p>&nbsp;<\/p>\n<p>\u0394\u03ce\u03c3\u03c4\u03b5 \u03c6\u03c9\u03bd\u03ae \u03c3\u03c4\u03bf\u03bd \u03ba\u03b1\u03bb\u03cd\u03c4\u03b5\u03c1\u03cc \u03c3\u03b1\u03c2 \u03c6\u03af\u03bb\u03bf \u03bc\u03b5 \u03c4\u03b1 \u03ba\u03bf\u03c5\u03bc\u03c0\u03b9\u03ac \u03b5\u03c0\u03b9\u03ba\u03bf\u03b9\u03bd\u03c9\u03bd\u03af\u03b1\u03c2 \u03c4\u03bf\u03c5 \u03c3\u03ba\u03cd\u03bb\u03bf\u03c5 \u03bc\u03b1\u03c2. \u0395\u03b9\u03b4\u03b9\u03ba\u03ac \u03c3\u03c7\u03b5\u03b4\u03b9\u03b1\u03c3\u03bc\u03ad\u03bd\u03b1 \u03b3\u03b9\u03b1 \u03bd\u03b1 \u03b5\u03c0\u03b9\u03c4\u03c1\u03ad\u03c0\u03bf\u03c5\u03bd \u03c0\u03b9\u03bf \u03b4\u03b9\u03b1\u03b9\u03c3\u03b8\u03b7\u03c4\u03b9\u03ba\u03ae \u03b1\u03bb\u03bb\u03b7\u03bb\u03b5\u03c0\u03af\u03b4\u03c1\u03b1\u03c3\u03b7 \u03b1\u03bd\u03ac\u03bc\u03b5\u03c3\u03b1 \u03c3\u03b5 \u03b5\u03c3\u03ac\u03c2 \u03ba\u03b1\u03b9 \u03c4\u03bf \u03ba\u03b1\u03c4\u03bf\u03b9\u03ba\u03af\u03b4\u03b9\u03cc \u03c3\u03b1\u03c2, \u03b1\u03c5\u03c4\u03ac \u03c4\u03b1 \u03ba\u03bf\u03c5\u03bc\u03c0\u03b9\u03ac \u03b5\u03af\u03bd\u03b1\u03b9 \u03b9\u03b4\u03b1\u03bd\u03b9\u03ba\u03ac \u03b3\u03b9\u03b1 \u03b1\u03c1\u03bc\u03bf\u03bd\u03b9\u03ba\u03ae \u03c3\u03c5\u03bc\u03b2\u03af\u03c9\u03c3\u03b7.<\/p>\n<p>&nbsp;<\/p>\n<ul>\n<li><strong>\u0395\u03cd\u03ba\u03bf\u03bb\u03b7 \u03b7\u03c7\u03bf\u03b3\u03c1\u03ac\u03c6\u03b7\u03c3\u03b7 \u03c6\u03c9\u03bd\u03ae\u03c2<\/strong> : \u03a7\u03ac\u03c1\u03b7 \u03c3\u03b5 \u03ad\u03bd\u03b1 \u03b5\u03bd\u03c3\u03c9\u03bc\u03b1\u03c4\u03c9\u03bc\u03ad\u03bd\u03bf \u03bc\u03b9\u03ba\u03c1\u03cc\u03c6\u03c9\u03bd\u03bf, \u03b7\u03c7\u03bf\u03b3\u03c1\u03b1\u03c6\u03ae\u03c3\u03c4\u03b5 \u03c4\u03b7 \u03bb\u03ad\u03be\u03b7 \u03ae \u03c4\u03b7 \u03c6\u03c1\u03ac\u03c3\u03b7 \u03c4\u03b7\u03c2 \u03b5\u03c0\u03b9\u03bb\u03bf\u03b3\u03ae\u03c2 \u03c3\u03b1\u03c2 \u03b3\u03b9\u03b1 \u03ba\u03ac\u03b8\u03b5 \u03ba\u03bf\u03c5\u03bc\u03c0\u03af.<\/li>\n<li><strong>\u0395\u03c0\u03b1\u03bd\u03b1\u03c6\u03bf\u03c1\u03c4\u03b9\u03b6\u03cc\u03bc\u03b5\u03bd\u03b7<\/strong> : \u0395\u03af\u03bc\u03b1\u03c3\u03c4\u03b5 \u03bf\u03b9 \u03bc\u03cc\u03bd\u03bf\u03b9 \u03c3\u03c4\u03b7\u03bd \u03b1\u03b3\u03bf\u03c1\u03ac \u03c0\u03bf\u03c5 \u03c0\u03c1\u03bf\u03c3\u03c6\u03ad\u03c1\u03bf\u03c5\u03bc\u03b5 \u03ad\u03bd\u03b1 \u03c0\u03bb\u03ae\u03c1\u03c9\u03c2 \u03b5\u03c0\u03b1\u03bd\u03b1\u03c6\u03bf\u03c1\u03c4\u03b9\u03b6\u03cc\u03bc\u03b5\u03bd\u03bf \u03bc\u03bf\u03bd\u03c4\u03ad\u03bb\u03bf. \u03a0\u03b5\u03af\u03c4\u03b5 \u03b1\u03bd\u03c4\u03af\u03bf \u03c3\u03c4\u03b9\u03c2 \u03bc\u03c0\u03b1\u03c4\u03b1\u03c1\u03af\u03b5\u03c2 \u03ba\u03b1\u03b9 \u03b3\u03b5\u03b9\u03b1 \u03c3\u03c4\u03b7\u03bd \u03bf\u03b9\u03ba\u03bf\u03bb\u03bf\u03b3\u03af\u03b1!<\/li>\n<li><strong>\u03a3\u03c4\u03b9\u03b2\u03b1\u03c1\u03cc &amp; \u0391\u03bd\u03b8\u03b5\u03ba\u03c4\u03b9\u03ba\u03cc<\/strong> : \u03a3\u03c7\u03b5\u03b4\u03b9\u03b1\u03c3\u03bc\u03ad\u03bd\u03bf \u03b3\u03b9\u03b1 \u03bd\u03b1 \u03b1\u03bd\u03c4\u03ad\u03c7\u03b5\u03b9 \u03c4\u03b1 \u03b1\u03bd\u03c5\u03c0\u03cc\u03bc\u03bf\u03bd\u03b1 \u03c0\u03cc\u03b4\u03b9\u03b1 \u03ba\u03b1\u03b9 \u03c4\u03b7\u03bd \u03b5\u03c0\u03b1\u03bd\u03b1\u03bb\u03b1\u03bc\u03b2\u03b1\u03bd\u03cc\u03bc\u03b5\u03bd\u03b7 \u03c0\u03af\u03b5\u03c3\u03b7. \u03a4\u03b1 \u03ba\u03bf\u03c5\u03bc\u03c0\u03b9\u03ac \u03bc\u03b1\u03c2 \u03b5\u03af\u03bd\u03b1\u03b9 \u03ba\u03b1\u03c4\u03b1\u03c3\u03ba\u03b5\u03c5\u03b1\u03c3\u03bc\u03ad\u03bd\u03b1 \u03b3\u03b9\u03b1 \u03bd\u03b1 \u03b4\u03b9\u03b1\u03c1\u03ba\u03bf\u03cd\u03bd.<\/li>\n<li><strong>\u0395\u03c1\u03b3\u03bf\u03bd\u03bf\u03bc\u03b9\u03ba\u03cc\u03c2 \u03c3\u03c7\u03b5\u03b4\u03b9\u03b1\u03c3\u03bc\u03cc\u03c2<\/strong> : \u039a\u03b1\u03c4\u03ac\u03bb\u03bb\u03b7\u03bb\u03bf \u03b3\u03b9\u03b1 \u03c0\u03cc\u03b4\u03b9\u03b1 \u03cc\u03bb\u03c9\u03bd \u03c4\u03c9\u03bd \u03bc\u03b5\u03b3\u03b5\u03b8\u03ce\u03bd, \u03b1\u03c0\u03cc \u03a4\u03c3\u03b9\u03bf\u03c5\u03ac\u03bf\u03c5\u03b1 \u03ad\u03c9\u03c2 \u0393\u03b5\u03c1\u03bc\u03b1\u03bd\u03b9\u03ba\u03cc \u03a0\u03bf\u03b9\u03bc\u03b5\u03bd\u03b9\u03ba\u03cc.<\/li>\n<li><strong>\u0395\u03c5\u03ba\u03bf\u03bb\u03af\u03b1 \u03c3\u03c4\u03b7 \u03c7\u03c1\u03ae\u03c3\u03b7<\/strong> : \u03a3\u03c5\u03bd\u03b4\u03ad\u03c3\u03c4\u03b5 \u03bc\u03b9\u03b1 \u03b5\u03bd\u03ad\u03c1\u03b3\u03b5\u03b9\u03b1 \u03bc\u03b5 \u03ba\u03ac\u03b8\u03b5 \u03b7\u03c7\u03bf\u03b3\u03c1\u03b1\u03c6\u03b7\u03bc\u03ad\u03bd\u03bf \u03ba\u03bf\u03c5\u03bc\u03c0\u03af \u03ba\u03b1\u03b9 \u03c0\u03b1\u03c1\u03b1\u03ba\u03bf\u03bb\u03bf\u03c5\u03b8\u03ae\u03c3\u03c4\u03b5 \u03c4\u03bf\u03bd \u03c3\u03ba\u03cd\u03bb\u03bf \u03c3\u03b1\u03c2 \u03bd\u03b1 \u03b5\u03ba\u03c6\u03c1\u03ac\u03b6\u03b5\u03c4\u03b1\u03b9 \u03cc\u03c0\u03c9\u03c2 \u03c0\u03bf\u03c4\u03ad \u03ac\u03bb\u03bb\u03bf\u03c4\u03b5!<\/li>\n<\/ul>\n<h3><\/h3>\n<h3><strong>\u039f\u03c6\u03ad\u03bb\u03b7:<\/strong><\/h3>\n<p>&nbsp;<\/p>\n<ol>\n<li><strong>\u039f\u03b9\u03ba\u03bf\u03bb\u03bf\u03b3\u03b9\u03ba\u03cc\u03c2<\/strong> : \u039c\u03b5\u03b9\u03ce\u03c3\u03c4\u03b5 \u03c4\u03bf \u03b1\u03c0\u03bf\u03c4\u03cd\u03c0\u03c9\u03bc\u03b1 \u03ac\u03bd\u03b8\u03c1\u03b1\u03ba\u03b1 \u03b5\u03c0\u03b9\u03bb\u03ad\u03b3\u03bf\u03bd\u03c4\u03b1\u03c2 \u03ad\u03bd\u03b1 \u03b5\u03c0\u03b1\u03bd\u03b1\u03c6\u03bf\u03c1\u03c4\u03b9\u03b6\u03cc\u03bc\u03b5\u03bd\u03bf \u03bc\u03bf\u03bd\u03c4\u03ad\u03bb\u03bf.<\/li>\n<li><strong>\u039f\u03b9\u03ba\u03bf\u03bd\u03bf\u03bc\u03b9\u03ba\u03cc\u03c2<\/strong> : \u038c\u03c7\u03b9 \u03ac\u03bb\u03bb\u03b5\u03c2 \u03b5\u03c0\u03b1\u03bd\u03b1\u03bb\u03b1\u03bc\u03b2\u03b1\u03bd\u03cc\u03bc\u03b5\u03bd\u03b5\u03c2 \u03b1\u03b3\u03bf\u03c1\u03ad\u03c2 \u03bc\u03c0\u03b1\u03c4\u03b1\u03c1\u03b9\u03ce\u03bd. \u0395\u03be\u03bf\u03b9\u03ba\u03bf\u03bd\u03bf\u03bc\u03ae\u03c3\u03c4\u03b5 \u03c7\u03c1\u03ae\u03bc\u03b1\u03c4\u03b1 \u03bc\u03b1\u03ba\u03c1\u03bf\u03c0\u03c1\u03cc\u03b8\u03b5\u03c3\u03bc\u03b1!<\/li>\n<li><strong>\u0395\u03bd\u03b9\u03c3\u03c7\u03c5\u03bc\u03ad\u03bd\u03b7 \u03b4\u03b9\u03b1\u03b4\u03c1\u03b1\u03c3\u03c4\u03b9\u03ba\u03cc\u03c4\u03b7\u03c4\u03b1<\/strong> : \u0395\u03bd\u03b9\u03c3\u03c7\u03cd\u03c3\u03c4\u03b5 \u03c4\u03bf\u03bd \u03b4\u03b5\u03c3\u03bc\u03cc \u03c3\u03b1\u03c2 \u03bc\u03b5 \u03c4\u03bf \u03ba\u03b1\u03c4\u03bf\u03b9\u03ba\u03af\u03b4\u03b9\u03cc \u03c3\u03b1\u03c2, \u03ba\u03b1\u03c4\u03b1\u03bd\u03bf\u03ce\u03bd\u03c4\u03b1\u03c2 \u03c4\u03bf \u03ba\u03b1\u03bb\u03cd\u03c4\u03b5\u03c1\u03b1 \u03ba\u03b1\u03b9 \u03b1\u03bd\u03c4\u03b1\u03c0\u03bf\u03ba\u03c1\u03b9\u03bd\u03cc\u03bc\u03b5\u03bd\u03bf\u03b9 \u03c3\u03c4\u03b9\u03c2 \u03b1\u03bd\u03ac\u03b3\u03ba\u03b5\u03c2 \u03c4\u03bf\u03c5 \u03c0\u03b9\u03bf \u03b3\u03c1\u03ae\u03b3\u03bf\u03c1\u03b1.<\/li>\n<\/ol>\n<blockquote><p>&nbsp;<\/p>\n<p style=\"text-align: center;\"><em>\u00ab\u03a0\u03bf\u03c4\u03ad \u03b4\u03b5\u03bd \u03c0\u03af\u03c3\u03c4\u03b5\u03c5\u03b1 \u03cc\u03c4\u03b9 \u03bf \u039c\u03b1\u03be \u03b8\u03b1 \u03bc\u03c0\u03bf\u03c1\u03bf\u03cd\u03c3\u03b5 \u03bd\u03b1 \u03bc\u03bf\u03c5 \u00ab\u03bc\u03b9\u03bb\u03ae\u03c3\u03b5\u03b9\u00bb. \u0395\u03af\u03bd\u03b1\u03b9 \u03c3\u03c5\u03bd\u03b1\u03c1\u03c0\u03b1\u03c3\u03c4\u03b9\u03ba\u03cc \u03bd\u03b1 \u03b2\u03bb\u03ad\u03c0\u03b5\u03b9\u03c2 \u03c0\u03ce\u03c2 <\/em><\/p>\n<p style=\"text-align: center;\"><em>\u03ba\u03b1\u03c4\u03ac\u03bb\u03b1\u03b2\u03b5 \u03b3\u03c1\u03ae\u03b3\u03bf\u03c1\u03b1 \u03c0\u03ce\u03c2 \u03bb\u03b5\u03b9\u03c4\u03bf\u03c5\u03c1\u03b3\u03bf\u03cd\u03c3\u03b1\u03bd \u03c4\u03b1 \u03ba\u03bf\u03c5\u03bc\u03c0\u03b9\u03ac. \u03a4\u03ce\u03c1\u03b1 \u03bc\u03bf\u03c5 \u00ab\u03bb\u03ad\u03b5\u03b9\u00bb \u03c0\u03cc\u03c4\u03b5 \u03c0\u03b5\u03b9\u03bd\u03ac\u03b5\u03b9, \u03c0\u03cc\u03c4\u03b5 <\/em><\/p>\n<p style=\"text-align: center;\"><em>\u03b8\u03ad\u03bb\u03b5\u03b9 \u03bd\u03b1 \u03b2\u03b3\u03b5\u03b9 \u03ae \u03b1\u03c0\u03bb\u03ac \u03cc\u03c4\u03b1\u03bd \u03b8\u03ad\u03bb\u03b5\u03b9 \u03bd\u03b1 \u03c0\u03b1\u03af\u03be\u03b5\u03b9 \u00bb<\/em><\/p>\n<p style=\"text-align: center;\"><strong>\u03a3\u03c4\u03ad\u03c6\u03b1\u03bd\u03b9<\/strong><\/p>\n<p>&nbsp;<\/p>\n<p style=\"text-align: center;\"><em>\u00ab\u0391\u03c0\u03cc \u03c4\u03cc\u03c4\u03b5 \u03c0\u03bf\u03c5 \u03c7\u03c1\u03b7\u03c3\u03b9\u03bc\u03bf\u03c0\u03bf\u03af\u03b7\u03c3\u03b1 \u03b1\u03c5\u03c4\u03ac \u03c4\u03b1 \u03ba\u03bf\u03c5\u03bc\u03c0\u03b9\u03ac \u03bc\u03b5 \u03c4\u03bf\u03bd \u03c3\u03ba\u03cd\u03bb\u03bf \u03bc\u03bf\u03c5, \u03b7 \u03b5\u03c0\u03b9\u03ba\u03bf\u03b9\u03bd\u03c9\u03bd\u03af\u03b1 \u03bc\u03b1\u03c2 \u03ad\u03b3\u03b9\u03bd\u03b5 <\/em><\/p>\n<p style=\"text-align: center;\"><em>\u03ad\u03c6\u03c4\u03b1\u03c3\u03b5 \u03c3\u03b5 \u03ad\u03bd\u03b1 \u03b5\u03bd\u03c4\u03b5\u03bb\u03ce\u03c2 \u03bd\u03ad\u03bf \u03b5\u03c0\u03af\u03c0\u03b5\u03b4\u03bf. \u039c\u03b5 \u00ab\u03ba\u03b1\u03bb\u03b5\u03af\u00bb \u03b3\u03b9\u03b1 \u03c4\u03b9\u03c2 \u03b2\u03cc\u03bb\u03c4\u03b5\u03c2 \u03c4\u03b7\u03c2 \u03b1\u03ba\u03cc\u03bc\u03b1 \u03ba\u03b1\u03b9 \u03b3\u03b9\u03b1 \u03c4\u03b9\u03c2 \u03b1\u03b3\u03ba\u03b1\u03bb\u03b9\u03ad\u03c2 \u03c4\u03b7\u03c2. <\/em><\/p>\n<p style=\"text-align: center;\"><em>\u0395\u03af\u03bd\u03b1\u03b9 \u03c3\u03c5\u03b3\u03ba\u03b9\u03bd\u03b7\u03c4\u03b9\u03ba\u03cc \u03bd\u03b1 \u03b2\u03bb\u03ad\u03c0\u03b5\u03b9\u03c2 \u03c0\u03cc\u03c3\u03bf \u03c0\u03c1\u03cc\u03b8\u03c5\u03bc\u03b7 \u03b5\u03af\u03bd\u03b1\u03b9 \u03bd\u03b1 \u03b5\u03ba\u03c6\u03c1\u03b1\u03c3\u03c4\u03b5\u03af \u03ba\u03b1\u03b9 <\/em><\/p>\n<p style=\"text-align: center;\"><em>\u03c0\u03cc\u03c3\u03bf \u03c0\u03bf\u03bb\u03cd \u03b1\u03c5\u03c4\u03ac \u03c4\u03b1 \u03ba\u03bf\u03c5\u03bc\u03c0\u03b9\u03ac \u03ad\u03c7\u03bf\u03c5\u03bd \u03b5\u03bc\u03c0\u03bb\u03bf\u03c5\u03c4\u03af\u03c3\u03b5\u03b9 \u03c4\u03b7\u03bd \u03ba\u03b1\u03b8\u03b7\u03bc\u03b5\u03c1\u03b9\u03bd\u03cc\u03c4\u03b7\u03c4\u03ac \u03bc\u03b1\u03c2 \u03bc\u03b1\u03b6\u03af\u00bb<\/em><\/p>\n<p style=\"text-align: center;\"><strong>\u038a\u03b6\u03b1\u03bc\u03c0\u03b5\u03bb<\/strong><\/p>\n<\/blockquote>\n<h3 style=\"text-align: center;\"><strong>\u03a0\u03b1\u03c1\u03b1\u03b3\u03b3\u03b5\u03af\u03bb\u03b5\u03c4\u03b5 \u03c3\u03ae\u03bc\u03b5\u03c1\u03b1<\/strong> \u03ba\u03b1\u03b9 \u03c0\u03c1\u03bf\u03c3\u03c6\u03ad\u03c1\u03b5\u03c4\u03b5 \u03ad\u03bd\u03b1 \u03bd\u03ad\u03bf<\/h3>\n<h3 style=\"text-align: center;\">\u03b4\u03b9\u03ac\u03c3\u03c4\u03b1\u03c3\u03b7 \u03c3\u03c4\u03b7 \u03c3\u03c7\u03ad\u03c3\u03b7 \u03c3\u03b1\u03c2 \u03bc\u03b5 \u03c4\u03bf\u03bd \u03c0\u03b9\u03c3\u03c4\u03cc \u03c3\u03b1\u03c2 \u03c3\u03cd\u03bd\u03c4\u03c1\u03bf\u03c6\u03bf!<\/h3>","protected":false},"excerpt":{"rendered":"<p>Exprimez-vous, toutou ! Permettez \u00e0 votre chien de vous dire ce qu&rsquo;il souhaite. &nbsp; Offrez une voix \u00e0 votre meilleur ami avec nos boutons de communication pour chien. Con\u00e7us sp\u00e9cialement pour permettre une interaction plus intuitive entre vous et votre animal de compagnie, ces boutons sont id\u00e9aux pour une cohabitation harmonieuse. &nbsp; Enregistrement Vocal Facile [&hellip;]<\/p>\n","protected":false},"featured_media":1287,"comment_status":"open","ping_status":"closed","template":"","meta":{"_seopress_robots_primary_cat":"none","_seopress_titles_title":"","_seopress_titles_desc":"","_seopress_robots_index":"","site-sidebar-layout":"default","site-content-layout":"default","ast-site-content-layout":"default","site-content-style":"default","site-sidebar-style":"default","ast-global-header-display":"","ast-banner-title-visibility":"","ast-main-header-display":"","ast-hfb-above-header-display":"","ast-hfb-below-header-display":"","ast-hfb-mobile-header-display":"","site-post-title":"","ast-breadcrumbs-content":"","ast-featured-img":"","footer-sml-layout":"","ast-disable-related-posts":"","theme-transparent-header-meta":"default","adv-header-id-meta":"","stick-header-meta":"default","header-above-stick-meta":"","header-main-stick-meta":"","header-below-stick-meta":"","astra-migrate-meta-layouts":"set","ast-page-background-enabled":"default","ast-page-background-meta":{"desktop":{"background-color":"","background-image":"","background-repeat":"repeat","background-position":"center center","background-size":"auto","background-attachment":"scroll","background-type":"","background-media":"","overlay-type":"","overlay-color":"","overlay-opacity":"","overlay-gradient":""},"tablet":{"background-color":"","background-image":"","background-repeat":"repeat","background-position":"center center","background-size":"auto","background-attachment":"scroll","background-type":"","background-media":"","overlay-type":"","overlay-color":"","overlay-opacity":"","overlay-gradient":""},"mobile":{"background-color":"","background-image":"","background-repeat":"repeat","background-position":"center center","background-size":"auto","background-attachment":"scroll","background-type":"","background-media":"","overlay-type":"","overlay-color":"","overlay-opacity":"","overlay-gradient":""}},"ast-content-background-meta":{"desktop":{"background-color":"var(--ast-global-color-5)","background-image":"","background-repeat":"repeat","background-position":"center center","background-size":"auto","background-attachment":"scroll","background-type":"","background-media":"","overlay-type":"","overlay-color":"","overlay-opacity":"","overlay-gradient":""},"tablet":{"background-color":"var(--ast-global-color-5)","background-image":"","background-repeat":"repeat","background-position":"center center","background-size":"auto","background-attachment":"scroll","background-type":"","background-media":"","overlay-type":"","overlay-color":"","overlay-opacity":"","overlay-gradient":""},"mobile":{"background-color":"var(--ast-global-color-5)","background-image":"","background-repeat":"repeat","background-position":"center center","background-size":"auto","background-attachment":"scroll","background-type":"","background-media":"","overlay-type":"","overlay-color":"","overlay-opacity":"","overlay-gradient":""}}},"product_brand":[],"product_cat":[83],"product_tag":[],"class_list":{"0":"post-1284","1":"product","2":"type-product","3":"status-publish","4":"has-post-thumbnail","6":"product_cat-animaux","7":"desktop-align-center","8":"tablet-align-center","9":"mobile-align-center","10":"ast-product-gallery-layout-horizontal","11":"ast-magnify-disabled","12":"ast-product-tabs-layout-horizontal","13":"ast-qv-on-image","15":"first","16":"outofstock","17":"shipping-taxable","18":"purchasable","19":"product-type-simple"},"bundled_by":[],"bundle_stock_status":"outofstock","bundle_stock_quantity":null,"bundle_virtual":false,"bundle_layout":"","bundle_add_to_cart_form_location":"","bundle_editable_in_cart":false,"bundle_sold_individually_context":"","bundle_item_grouping":"","bundle_min_size":"","bundle_max_size":"","bundle_price":[],"bundled_items":[],"bundle_sell_ids":[],"_links":{"self":[{"href":"https:\/\/buying-fever.com\/el\/wp-json\/wp\/v2\/product\/1284","targetHints":{"allow":["GET"]}}],"collection":[{"href":"https:\/\/buying-fever.com\/el\/wp-json\/wp\/v2\/product"}],"about":[{"href":"https:\/\/buying-fever.com\/el\/wp-json\/wp\/v2\/types\/product"}],"replies":[{"embeddable":true,"href":"https:\/\/buying-fever.com\/el\/wp-json\/wp\/v2\/comments?post=1284"}],"version-history":[{"count":0,"href":"https:\/\/buying-fever.com\/el\/wp-json\/wp\/v2\/product\/1284\/revisions"}],"wp:featuredmedia":[{"embeddable":true,"href":"https:\/\/buying-fever.com\/el\/wp-json\/wp\/v2\/media\/1287"}],"wp:attachment":[{"href":"https:\/\/buying-fever.com\/el\/wp-json\/wp\/v2\/media?parent=1284"}],"wp:term":[{"taxonomy":"product_brand","embeddable":true,"href":"https:\/\/buying-fever.com\/el\/wp-json\/wp\/v2\/product_brand?post=1284"},{"taxonomy":"product_cat","embeddable":true,"href":"https:\/\/buying-fever.com\/el\/wp-json\/wp\/v2\/product_cat?post=1284"},{"taxonomy":"product_tag","embeddable":true,"href":"https:\/\/buying-fever.com\/el\/wp-json\/wp\/v2\/product_tag?post=1284"}],"curies":[{"name":"wp","href":"https:\/\/api.w.org\/{rel}","templated":true}]}}