{"id":4812,"date":"2023-10-20T13:31:56","date_gmt":"2023-10-20T11:31:56","guid":{"rendered":"https:\/\/snow-alligator-195314.hostingersite.com\/?page_id=4812"},"modified":"2023-10-20T13:36:44","modified_gmt":"2023-10-20T11:36:44","slug":"politique-de-retour","status":"publish","type":"page","link":"https:\/\/buying-fever.com\/de\/ruckgaberecht\/","title":{"rendered":"R\u00fcckgaberecht"},"content":{"rendered":"<div data-elementor-type=\"wp-page\" data-elementor-id=\"4812\" class=\"elementor elementor-4812\" data-elementor-post-type=\"page\">\n\t\t\t\t<div class=\"elementor-element elementor-element-6eabfd8e e-flex e-con-boxed e-con e-parent\" data-id=\"6eabfd8e\" data-element_type=\"container\" data-e-type=\"container\">\n\t\t\t\t\t<div class=\"e-con-inner\">\n\t\t\t\t<div class=\"elementor-element elementor-element-26a25f70 elementor-widget elementor-widget-heading\" data-id=\"26a25f70\" data-element_type=\"widget\" data-e-type=\"widget\" data-widget_type=\"heading.default\">\n\t\t\t\t<div class=\"elementor-widget-container\">\n\t\t\t\t\t<h1 class=\"elementor-heading-title elementor-size-default\">R\u00fcckgaberecht<\/h1>\t\t\t\t<\/div>\n\t\t\t\t<\/div>\n\t\t\t\t<div class=\"elementor-element elementor-element-f8df31c elementor-widget elementor-widget-heading\" data-id=\"f8df31c\" data-element_type=\"widget\" data-e-type=\"widget\" data-widget_type=\"heading.default\">\n\t\t\t\t<div class=\"elementor-widget-container\">\n\t\t\t\t\t<h2 class=\"elementor-heading-title elementor-size-default\">Pr\u00e4ambel <\/h2>\t\t\t\t<\/div>\n\t\t\t\t<\/div>\n\t\t\t\t<div class=\"elementor-element elementor-element-7490e662 elementor-widget elementor-widget-heading\" data-id=\"7490e662\" data-element_type=\"widget\" data-e-type=\"widget\" data-widget_type=\"heading.default\">\n\t\t\t\t<div class=\"elementor-widget-container\">\n\t\t\t\t\t<h2 class=\"elementor-heading-title elementor-size-default\">Artikel 1 \u2013 R\u00fcckgabe unge\u00f6ffneter Artikel:<\/h2>\t\t\t\t<\/div>\n\t\t\t\t<\/div>\n\t\t\t\t<div class=\"elementor-element elementor-element-156095ea elementor-widget elementor-widget-text-editor\" data-id=\"156095ea\" data-element_type=\"widget\" data-e-type=\"widget\" data-widget_type=\"text-editor.default\">\n\t\t\t\t<div class=\"elementor-widget-container\">\n\t\t\t\t\t\t\t\t\t<p>Wir akzeptieren R\u00fccksendungen nur f\u00fcr Artikel, die innerhalb von 14 Tagen nach der Lieferung zur\u00fcckgegeben werden, wie in den urspr\u00fcnglichen Sendungsverfolgungsinformationen angegeben.<\/p>\t\t\t\t\t\t\t\t<\/div>\n\t\t\t\t<\/div>\n\t\t\t\t<div class=\"elementor-element elementor-element-7ac15c9c elementor-widget elementor-widget-text-editor\" data-id=\"7ac15c9c\" data-element_type=\"widget\" data-e-type=\"widget\" data-widget_type=\"text-editor.default\">\n\t\t\t\t<div class=\"elementor-widget-container\">\n\t\t\t\t\t\t\t\t\t<p>Die mit der R\u00fccksendung Ihres Artikels verbundenen Versandkosten sind von Ihnen zu tragen. Wir haften nicht f\u00fcr Verluste oder Sch\u00e4den, die w\u00e4hrend des Transports entstehen. Sie m\u00fcssen au\u00dferdem f\u00fcr alle R\u00fccksendungen die Versand- und Versicherungskosten (falls zutreffend) im Voraus bezahlen.<\/p><p>Wenn f\u00fcr Ihre R\u00fccksendung Anspruch auf eine R\u00fcckerstattung besteht, umfasst die R\u00fcckerstattung keine Versand- und Bearbeitungskosten, die m\u00f6glicherweise auf dem Lieferschein oder der Rechnung aufgef\u00fchrt sind. Wenn wir das zur\u00fcckgegebene Produkt erhalten, pr\u00fcfen wir es und benachrichtigen Sie per E-Mail. E-Mail, innerhalb von a angemessener Frist, wenn Sie Anspruch auf eine R\u00fcckerstattung oder einen Umtausch haben.<\/p><p>Wenn Sie Anspruch auf einen Umtausch oder eine R\u00fcckerstattung haben, ersetzen wir das Produkt oder erstatten den Kaufpreis (je nachdem, welche Methode Sie urspr\u00fcnglich bezahlt haben).<\/p><p>Kontaktdetails :<br \/>Unser Website-Link: https:\/\/snow-alligator-195314.hostingersite.com<\/p><p>Telefonnummer: +187722956001<\/p><p>E-Mail-Adresse: contact@snow-alligator-195314.hostingersite.com<\/p>\t\t\t\t\t\t\t\t<\/div>\n\t\t\t\t<\/div>\n\t\t\t\t<div class=\"elementor-element elementor-element-3699e09a elementor-widget elementor-widget-heading\" data-id=\"3699e09a\" data-element_type=\"widget\" data-e-type=\"widget\" data-widget_type=\"heading.default\">\n\t\t\t\t<div class=\"elementor-widget-container\">\n\t\t\t\t\t<h2 class=\"elementor-heading-title elementor-size-default\">Artikel 2 \u2013 Umtausch<\/h2>\t\t\t\t<\/div>\n\t\t\t\t<\/div>\n\t\t\t\t<div class=\"elementor-element elementor-element-fa08263 elementor-widget elementor-widget-text-editor\" data-id=\"fa08263\" data-element_type=\"widget\" data-e-type=\"widget\" data-widget_type=\"text-editor.default\">\n\t\t\t\t<div class=\"elementor-widget-container\">\n\t\t\t\t\t\t\t\t\tWir tauschen nur fehlerhafte oder besch\u00e4digte Ware um. Wenn Sie der Meinung sind, dass ein Produkt defekt ist, kontaktieren Sie uns bitte innerhalb von 14 Tagen nach dem Kauf unter der unten angegebenen Telefonnummer oder E-Mail-Adresse und machen Sie Angaben zum Produkt und zum Defekt.\u00a0<\/span><\/span><\/p>\n<p align=\"JUSTIFY\"><span style=\"color: #000000;\"><span style=\"font-family: Times New Roman, serif;\">\u00a0<\/span><\/span><\/p>\nWir erkl\u00e4ren Ihnen dann, wie Sie das Produkt zur\u00fcckgeben k\u00f6nnen.<\/span><\/span><\/p>\t\t\t\t\t\t\t\t<\/div>\n\t\t\t\t<\/div>\n\t\t\t\t<div class=\"elementor-element elementor-element-1d611294 elementor-widget elementor-widget-heading\" data-id=\"1d611294\" data-element_type=\"widget\" data-e-type=\"widget\" data-widget_type=\"heading.default\">\n\t\t\t\t<div class=\"elementor-widget-container\">\n\t\t\t\t\t<h2 class=\"elementor-heading-title elementor-size-default\">Artikel 3 \u2013 Versand<\/h2>\t\t\t\t<\/div>\n\t\t\t\t<\/div>\n\t\t\t\t<div class=\"elementor-element elementor-element-1d7c6615 elementor-widget elementor-widget-text-editor\" data-id=\"1d7c6615\" data-element_type=\"widget\" data-e-type=\"widget\" data-widget_type=\"text-editor.default\">\n\t\t\t\t<div class=\"elementor-widget-container\">\n\t\t\t\t\t\t\t\t\t<p>Wenn der Kunde aus irgendeinem Grund das auf der Website gekaufte Produkt an den Verk\u00e4ufer zur\u00fccksenden m\u00f6chte, muss er den Verk\u00e4ufer im Voraus dar\u00fcber informieren, damit dieser ihm die Anweisungen zur Produktr\u00fcckgabe mitteilen kann.\u00a0<\/p><p>\u00a0<\/p><p>Wenn der Kunde das Produkt auf eigene Initiative an den Verk\u00e4ufer zur\u00fccksendet, kann der Verk\u00e4ufer die Annahme des Pakets verweigern und keine R\u00fcckerstattung gew\u00e4hren.<\/p><p><br \/>Wir haften nicht f\u00fcr Verluste oder Sch\u00e4den, die w\u00e4hrend des Transports entstehen. Wenn f\u00fcr Ihre R\u00fccksendung Anspruch auf eine R\u00fcckerstattung besteht, beinhaltet Ihre R\u00fcckerstattung keine Versand- und Bearbeitungskosten, die m\u00f6glicherweise auf dem Lieferschein oder der Rechnung aufgef\u00fchrt sind.<\/p><p>\u00a0<\/p><p>Um den von Ihnen gekauften Artikel zur\u00fcckzugeben oder umzutauschen, senden Sie ihn bitte zusammen mit einer Kopie Ihrer Quittung und anderen Informationen zu Ihrem Kauf an die unten aufgef\u00fchrte Adresse: Comprehensive Building (vor Geb\u00e4ude 109), Honghua Community, Yiwu City, Stadt Jinhua, Provinz Zhejiang \u2013 Postleitzahl: 322000 Empf\u00e4nger: zeng li hua \u2013 Nummer: 13566961583 \u2013 China<\/p><p>\u00a0<\/p>\t\t\t\t\t\t\t\t<\/div>\n\t\t\t\t<\/div>\n\t\t\t\t<div class=\"elementor-element elementor-element-316d9186 elementor-widget elementor-widget-heading\" data-id=\"316d9186\" data-element_type=\"widget\" data-e-type=\"widget\" data-widget_type=\"heading.default\">\n\t\t\t\t<div class=\"elementor-widget-container\">\n\t\t\t\t\t<h2 class=\"elementor-heading-title elementor-size-default\">Artikel 4 \u2013 Prozess<\/h2>\t\t\t\t<\/div>\n\t\t\t\t<\/div>\n\t\t\t\t<div class=\"elementor-element elementor-element-44c38b3f elementor-widget elementor-widget-text-editor\" data-id=\"44c38b3f\" data-element_type=\"widget\" data-e-type=\"widget\" data-widget_type=\"text-editor.default\">\n\t\t\t\t<div class=\"elementor-widget-container\">\n\t\t\t\t\t\t\t\t\t<p>Wenn wir Ihren Artikel erhalten, pr\u00fcfen wir ihn und benachrichtigen Sie innerhalb einer angemessenen Zeit per E-Mail dar\u00fcber, ob Sie Anspruch auf eine R\u00fcckerstattung oder einen Umtausch haben.<\/p><p>\u00a0<\/p><p>Wenn Sie Anspruch auf eine R\u00fcckerstattung haben, erstatten wir den Kaufpreis und verrechnen eine Gutschrift auf die urspr\u00fcngliche Zahlungsmethode. Bereits bezahlte Versand- und Bearbeitungsgeb\u00fchren sind nicht erstattungsf\u00e4hig und die erstatteten Betr\u00e4ge beinhalten nicht die Versandkosten.<\/p><p>\u00a0<\/p><p>Bis zum Eingang der R\u00fcckerstattung k\u00f6nnen maximal 14 Werktage nach Erhalt unserer E-Mail vergehen.<br \/>Wenn Sie Anspruch auf einen Umtausch haben, senden wir Ihnen einen neuen Artikel an die urspr\u00fcngliche Lieferadresse.<\/p>\t\t\t\t\t\t\t\t<\/div>\n\t\t\t\t<\/div>\n\t\t\t\t<div class=\"elementor-element elementor-element-2127627a elementor-widget elementor-widget-heading\" data-id=\"2127627a\" data-element_type=\"widget\" data-e-type=\"widget\" data-widget_type=\"heading.default\">\n\t\t\t\t<div class=\"elementor-widget-container\">\n\t\t\t\t\t<h2 class=\"elementor-heading-title elementor-size-default\">Artikel 5 \u2013 Geschenke<\/h2>\t\t\t\t<\/div>\n\t\t\t\t<\/div>\n\t\t\t\t<div class=\"elementor-element elementor-element-507f68b5 elementor-widget elementor-widget-text-editor\" data-id=\"507f68b5\" data-element_type=\"widget\" data-e-type=\"widget\" data-widget_type=\"text-editor.default\">\n\t\t\t\t<div class=\"elementor-widget-container\">\n\t\t\t\t\t\t\t\t\t<p>Wenn der zur\u00fcckgegebene Artikel beim Kauf als Geschenk gekennzeichnet war und direkt an Sie gesendet wurde, erhalten Sie eine Geschenkgutschrift in H\u00f6he des Wertes Ihrer R\u00fccksendung.\u00a0<\/p><p>\u00a0<\/p><p>Wenn der Artikel beim Kauf nicht als Geschenk gekennzeichnet war oder der Schenkende es vorgezogen hat, den Artikel zuerst zu erhalten und ihn Ihnen sp\u00e4ter zu geben, erstatten wir dem Schenkenden eine R\u00fcckerstattung und er wei\u00df, dass Sie den Artikel zur\u00fcckgegeben haben.<\/p>\t\t\t\t\t\t\t\t<\/div>\n\t\t\t\t<\/div>\n\t\t\t\t<div class=\"elementor-element elementor-element-148b27cf elementor-widget elementor-widget-heading\" data-id=\"148b27cf\" data-element_type=\"widget\" data-e-type=\"widget\" data-widget_type=\"heading.default\">\n\t\t\t\t<div class=\"elementor-widget-container\">\n\t\t\t\t\t<h2 class=\"elementor-heading-title elementor-size-default\">Artikel 6 \u2013 Ausnahme vom Widerrufs- und R\u00fcckerstattungsrecht<\/h2>\t\t\t\t<\/div>\n\t\t\t\t<\/div>\n\t\t\t\t<div class=\"elementor-element elementor-element-2dac8d71 elementor-widget elementor-widget-text-editor\" data-id=\"2dac8d71\" data-element_type=\"widget\" data-e-type=\"widget\" data-widget_type=\"text-editor.default\">\n\t\t\t\t<div class=\"elementor-widget-container\">\n\t\t\t\t\t\t\t\t\t<p>Alle auf Anfrage in unserem Produktkatalog angefertigten personalisierten Artikel sind von der R\u00fcckgabe und R\u00fcckerstattung ausgeschlossen. Diese Artikel gelten als nicht erstattungsf\u00e4hig oder Teil eines Endverkaufs.\u00a0<\/p><p>\u00a0<\/p><p>F\u00fcr personalisierte Produkte gilt jedoch das Konformit\u00e4tsrecht gem\u00e4\u00df unseren Allgemeinen Verkaufsbedingungen. Das Unternehmen ist nicht zur Erstattung zus\u00e4tzlicher Kosten verpflichtet, wenn der Verbraucher ausdr\u00fccklich eine teurere Versandart als die vom Fachmann vorgeschlagene Standardlieferart gew\u00e4hlt hat.<\/p>\t\t\t\t\t\t\t\t<\/div>\n\t\t\t\t<\/div>\n\t\t\t\t\t<\/div>\n\t\t\t\t<\/div>\n\t\t\t\t<\/div>","protected":false},"excerpt":{"rendered":"<p>Politique de Retour Pr\u00e9ambule Article 1 &#8211; Retour d\u2019articles non ouverts : Nous acceptons uniquement le retour des articles retourn\u00e9s dans les 14 jours suivant la livraison, tel qu&rsquo;indiqu\u00e9 par les informations de suivi d&rsquo;origine. Vous devrez assumer les frais d\u2019exp\u00e9dition li\u00e9s au retour de votre article. Nous ne sommes pas responsables des pertes ou [&hellip;]<\/p>\n","protected":false},"author":1,"featured_media":0,"parent":0,"menu_order":0,"comment_status":"closed","ping_status":"closed","template":"","meta":{"_seopress_robots_primary_cat":"","_seopress_titles_title":"","_seopress_titles_desc":"","_seopress_robots_index":"","site-sidebar-layout":"no-sidebar","site-content-layout":"page-builder","ast-site-content-layout":"full-width-container","site-content-style":"default","site-sidebar-style":"default","ast-global-header-display":"","ast-banner-title-visibility":"","ast-main-header-display":"","ast-hfb-above-header-display":"","ast-hfb-below-header-display":"","ast-hfb-mobile-header-display":"","site-post-title":"disabled","ast-breadcrumbs-content":"","ast-featured-img":"disabled","footer-sml-layout":"","ast-disable-related-posts":"","theme-transparent-header-meta":"","adv-header-id-meta":"","stick-header-meta":"","header-above-stick-meta":"","header-main-stick-meta":"","header-below-stick-meta":"","astra-migrate-meta-layouts":"set","ast-page-background-enabled":"default","ast-page-background-meta":{"desktop":{"background-color":"","background-image":"","background-repeat":"repeat","background-position":"center center","background-size":"auto","background-attachment":"scroll","background-type":"","background-media":"","overlay-type":"","overlay-color":"","overlay-opacity":"","overlay-gradient":""},"tablet":{"background-color":"","background-image":"","background-repeat":"repeat","background-position":"center center","background-size":"auto","background-attachment":"scroll","background-type":"","background-media":"","overlay-type":"","overlay-color":"","overlay-opacity":"","overlay-gradient":""},"mobile":{"background-color":"","background-image":"","background-repeat":"repeat","background-position":"center center","background-size":"auto","background-attachment":"scroll","background-type":"","background-media":"","overlay-type":"","overlay-color":"","overlay-opacity":"","overlay-gradient":""}},"ast-content-background-meta":{"desktop":{"background-color":"var(--ast-global-color-5)","background-image":"","background-repeat":"repeat","background-position":"center center","background-size":"auto","background-attachment":"scroll","background-type":"","background-media":"","overlay-type":"","overlay-color":"","overlay-opacity":"","overlay-gradient":""},"tablet":{"background-color":"var(--ast-global-color-5)","background-image":"","background-repeat":"repeat","background-position":"center center","background-size":"auto","background-attachment":"scroll","background-type":"","background-media":"","overlay-type":"","overlay-color":"","overlay-opacity":"","overlay-gradient":""},"mobile":{"background-color":"var(--ast-global-color-5)","background-image":"","background-repeat":"repeat","background-position":"center center","background-size":"auto","background-attachment":"scroll","background-type":"","background-media":"","overlay-type":"","overlay-color":"","overlay-opacity":"","overlay-gradient":""}},"footnotes":""},"class_list":["post-4812","page","type-page","status-publish","hentry"],"_links":{"self":[{"href":"https:\/\/buying-fever.com\/de\/wp-json\/wp\/v2\/pages\/4812","targetHints":{"allow":["GET"]}}],"collection":[{"href":"https:\/\/buying-fever.com\/de\/wp-json\/wp\/v2\/pages"}],"about":[{"href":"https:\/\/buying-fever.com\/de\/wp-json\/wp\/v2\/types\/page"}],"author":[{"embeddable":true,"href":"https:\/\/buying-fever.com\/de\/wp-json\/wp\/v2\/users\/1"}],"replies":[{"embeddable":true,"href":"https:\/\/buying-fever.com\/de\/wp-json\/wp\/v2\/comments?post=4812"}],"version-history":[{"count":0,"href":"https:\/\/buying-fever.com\/de\/wp-json\/wp\/v2\/pages\/4812\/revisions"}],"wp:attachment":[{"href":"https:\/\/buying-fever.com\/de\/wp-json\/wp\/v2\/media?parent=4812"}],"curies":[{"name":"wp","href":"https:\/\/api.w.org\/{rel}","templated":true}]}}