{"id":1488,"date":"2023-09-05T11:01:10","date_gmt":"2023-09-05T11:01:10","guid":{"rendered":"https:\/\/snow-alligator-195314.hostingersite.com\/?post_type=product&#038;p=1488"},"modified":"2025-06-14T00:52:38","modified_gmt":"2025-06-13T22:52:38","slug":"masseur-xtreme","status":"publish","type":"product","link":"https:\/\/buying-fever.com\/da\/vare\/xtreme-massager-2\/","title":{"rendered":"Xtreme Massager \u2013 Hoved og krop"},"content":{"rendered":"<p style=\"text-align: center;\"><strong>Oplev den multifunktionelle elektriske hoved- og kropsmassager: Din oase af daglig afslapning!<\/strong><\/p>\n<p>&nbsp;<\/p>\n<p>F\u00f8ler du dig konstant tr\u00e6t? Er din nakke sp\u00e6ndt og dine skuldre tunge, som om du b\u00e6rer verdens v\u00e6gt?<\/p>\n<p>Forestil dig et \u00f8jeblik at kunne <strong>slippe al den sp\u00e6nding<\/strong> Om et par minutter, <strong>hvor end du er og n\u00e5r du vil<\/strong>. Det er ikke en dr\u00f8m, det er den virkelighed, som vores Xtreme Masseur tilbyder dig!<\/p>\n<p>&nbsp;<\/p>\n<h2><img decoding=\"async\" class=\"detail-desc-decorate-image aligncenter\" src=\"https:\/\/ae01.alicdn.com\/kf\/S14eb127e1de1471ba69b882eb72416dai.jpg\" \/><\/h2>\n<h2><\/h2>\n<h2><strong>Centrale punkter<\/strong><\/h2>\n<p>&nbsp;<\/p>\n<p>\ud83d\udc4c <strong>Multifunktionel som du \u00f8nsker:<\/strong> Det er ikke begr\u00e6nset til din hovedbund! Du kan ogs\u00e5 bruge den til at massere dine skuldre, nakke, ryg, arme, ben og endda din talje. \u00c5h, og lad os ikke glemme din kat!<\/p>\n<p>\ud83e\udd16 <strong>Avanceret simuleringsteknologi:<\/strong> Takket v\u00e6re den h\u00f8jfrekvente vibration og den subtile variation af intensitet, slap af, glem tr\u00e6thed og sig hej til en bedre s\u00f8vnkvalitet.<\/p>\n<p>\ud83d\udd04 <strong>6 teknikker og 3 massagetilstande:<\/strong> V\u00e6lg mellem lav hastighed hold og \u00e6lt, medium hastighed massage eller h\u00f8j hastighed hold og \u00e6lt. En l\u00f8sning for alle!<\/p>\n<p>\ud83d\udca6 <strong>IPX7 vandt\u00e6t:<\/strong> Tag et afslappende bad, mens du nyder en enest\u00e5ende hovedmassage.<\/p>\n<p>\ud83c\udf40 <strong>Hudvenlige materialer:<\/strong> Denne massager er lavet af silikone af h\u00f8j kvalitet og tager sig af dig uden at irritere din hud.<\/p>\n<p>\ud83d\udd0b <strong>Udvidet autonomi:<\/strong> En enkelt opladning giver dig op til 24 dage med 10 minutters daglig brug.<\/p>\n<p>\ud83d\udc5c <strong>Kompakt format:<\/strong> Let at b\u00e6re, det er din ideelle ledsager p\u00e5 arbejde, p\u00e5 forretningsrejser eller p\u00e5 ferie.<\/p>\n<p>&nbsp;<\/p>\n<p><img fetchpriority=\"high\" decoding=\"async\" class=\"wp-image-2215 size-full aligncenter\" src=\"https:\/\/buying-fever.com\/wp-content\/uploads\/2023\/09\/masseur-chat.gif\" alt=\"xtreme hoved- og kropsmassager\" width=\"440\" height=\"580\" \/><\/p>\n<h2 style=\"text-align: center;\"><strong>Hvorfor kan du ikke l\u00e6ngere undv\u00e6re Xtreme Massager?<\/strong><\/h2>\n<p>&nbsp;<\/p>\n<p>N\u00e5r vi taler om trivsel, mener vi alvor. <strong>Forvandl ethvert \u00f8jeblik til en uforglemmelig afslapningssession<\/strong>. Det er mere end bare et massageapparat, det er et <strong>\u00e6gte sundheds- og wellnessoplevelse lige ved h\u00e5nden<\/strong>.<\/p>\n<p>&nbsp;<\/p>\n<p><img decoding=\"async\" class=\"detail-desc-decorate-image aligncenter\" src=\"https:\/\/ae01.alicdn.com\/kf\/S613367f448474eceb14db54410d8ff7fL.jpg\" width=\"750\" height=\"750\" \/><\/p>\n<p><span style=\"font-family: OpenSans; font-size: 20px; font-weight: 900;\">Funktioner :<\/span><\/p>\n<div class=\"detailmodule_html\">\n<div class=\"detail-desc-decorate-richtext\">\n<div class=\"detailmodule_text\">\n<p>Materiale: ABS+PC<br \/>\nHvid farve<br \/>\nSt\u00f8rrelse: 10<em>7<\/em>9 cm<br \/>\nBatterikapacitet: 1100mAh<br \/>\nProdukteffekt: 5W<br \/>\nLadesp\u00e6nding: 5V<br \/>\nLadestr\u00f8m: 1A<\/p>\n<hr \/>\n<p>Liste over inkluderede varer:<\/p>\n<p>1* Xtreme Massager<br \/>\n1* USB-opladningskabel<br \/>\n1* Brugermanual<\/p>\n<\/div>\n<div class=\"detailmodule_image\"><\/div>\n<\/div>\n<\/div>","protected":false},"excerpt":{"rendered":"<p>D\u00e9couvrez le Masseur Multifonction \u00c9lectrique pour T\u00eate et Corps : Votre Oasis de Relaxation Quotidienne ! &nbsp; Vous sentez-vous constamment fatigu\u00e9 ? Votre nuque est-elle tendue et vos \u00e9paules sont-elles lourdes comme si vous portiez le poids du monde ? Imaginez un instant pouvoir rel\u00e2cher toute cette tension en quelques minutes, o\u00f9 que vous soyez [&hellip;]<\/p>\n","protected":false},"featured_media":1482,"comment_status":"open","ping_status":"closed","template":"","meta":{"_seopress_robots_primary_cat":"none","_seopress_titles_title":"","_seopress_titles_desc":"","_seopress_robots_index":"","site-sidebar-layout":"default","site-content-layout":"","ast-site-content-layout":"default","site-content-style":"default","site-sidebar-style":"default","ast-global-header-display":"","ast-banner-title-visibility":"","ast-main-header-display":"","ast-hfb-above-header-display":"","ast-hfb-below-header-display":"","ast-hfb-mobile-header-display":"","site-post-title":"","ast-breadcrumbs-content":"","ast-featured-img":"","footer-sml-layout":"","ast-disable-related-posts":"","theme-transparent-header-meta":"default","adv-header-id-meta":"","stick-header-meta":"default","header-above-stick-meta":"","header-main-stick-meta":"","header-below-stick-meta":"","astra-migrate-meta-layouts":"set","ast-page-background-enabled":"default","ast-page-background-meta":{"desktop":{"background-color":"","background-image":"","background-repeat":"repeat","background-position":"center center","background-size":"auto","background-attachment":"scroll","background-type":"","background-media":"","overlay-type":"","overlay-color":"","overlay-opacity":"","overlay-gradient":""},"tablet":{"background-color":"","background-image":"","background-repeat":"repeat","background-position":"center center","background-size":"auto","background-attachment":"scroll","background-type":"","background-media":"","overlay-type":"","overlay-color":"","overlay-opacity":"","overlay-gradient":""},"mobile":{"background-color":"","background-image":"","background-repeat":"repeat","background-position":"center center","background-size":"auto","background-attachment":"scroll","background-type":"","background-media":"","overlay-type":"","overlay-color":"","overlay-opacity":"","overlay-gradient":""}},"ast-content-background-meta":{"desktop":{"background-color":"var(--ast-global-color-5)","background-image":"","background-repeat":"repeat","background-position":"center center","background-size":"auto","background-attachment":"scroll","background-type":"","background-media":"","overlay-type":"","overlay-color":"","overlay-opacity":"","overlay-gradient":""},"tablet":{"background-color":"var(--ast-global-color-5)","background-image":"","background-repeat":"repeat","background-position":"center center","background-size":"auto","background-attachment":"scroll","background-type":"","background-media":"","overlay-type":"","overlay-color":"","overlay-opacity":"","overlay-gradient":""},"mobile":{"background-color":"var(--ast-global-color-5)","background-image":"","background-repeat":"repeat","background-position":"center center","background-size":"auto","background-attachment":"scroll","background-type":"","background-media":"","overlay-type":"","overlay-color":"","overlay-opacity":"","overlay-gradient":""}}},"product_brand":[],"product_cat":[83,82],"product_tag":[],"class_list":{"0":"post-1488","1":"product","2":"type-product","3":"status-publish","4":"has-post-thumbnail","6":"product_cat-animaux","7":"product_cat-electronique","8":"desktop-align-center","9":"tablet-align-center","10":"mobile-align-center","11":"ast-product-gallery-layout-horizontal","12":"ast-magnify-disabled","13":"ast-product-tabs-layout-horizontal","14":"ast-qv-on-image","16":"first","17":"instock","18":"shipping-taxable","19":"purchasable","20":"product-type-simple"},"bundled_by":[],"bundle_stock_status":"instock","bundle_stock_quantity":null,"bundle_virtual":false,"bundle_layout":"","bundle_add_to_cart_form_location":"","bundle_editable_in_cart":false,"bundle_sold_individually_context":"","bundle_item_grouping":"","bundle_min_size":"","bundle_max_size":"","bundle_price":[],"bundled_items":[],"bundle_sell_ids":[],"_links":{"self":[{"href":"https:\/\/buying-fever.com\/da\/wp-json\/wp\/v2\/product\/1488","targetHints":{"allow":["GET"]}}],"collection":[{"href":"https:\/\/buying-fever.com\/da\/wp-json\/wp\/v2\/product"}],"about":[{"href":"https:\/\/buying-fever.com\/da\/wp-json\/wp\/v2\/types\/product"}],"replies":[{"embeddable":true,"href":"https:\/\/buying-fever.com\/da\/wp-json\/wp\/v2\/comments?post=1488"}],"version-history":[{"count":0,"href":"https:\/\/buying-fever.com\/da\/wp-json\/wp\/v2\/product\/1488\/revisions"}],"wp:featuredmedia":[{"embeddable":true,"href":"https:\/\/buying-fever.com\/da\/wp-json\/wp\/v2\/media\/1482"}],"wp:attachment":[{"href":"https:\/\/buying-fever.com\/da\/wp-json\/wp\/v2\/media?parent=1488"}],"wp:term":[{"taxonomy":"product_brand","embeddable":true,"href":"https:\/\/buying-fever.com\/da\/wp-json\/wp\/v2\/product_brand?post=1488"},{"taxonomy":"product_cat","embeddable":true,"href":"https:\/\/buying-fever.com\/da\/wp-json\/wp\/v2\/product_cat?post=1488"},{"taxonomy":"product_tag","embeddable":true,"href":"https:\/\/buying-fever.com\/da\/wp-json\/wp\/v2\/product_tag?post=1488"}],"curies":[{"name":"wp","href":"https:\/\/api.w.org\/{rel}","templated":true}]}}